{"id":45397,"date":"2023-12-25T15:46:11","date_gmt":"2023-12-25T15:46:11","guid":{"rendered":"https:\/\/www.ping.fm\/data-recovery-software\/wiped-hard-drive-recovery\/"},"modified":"2024-04-23T10:28:24","modified_gmt":"2024-04-23T10:28:24","slug":"wiped-hard-drive-recovery","status":"publish","type":"page","link":"https:\/\/datarecovery.ping.fm\/tr\/wiped-hard-drive-recovery\/","title":{"rendered":"Formatlanm\u0131\u015f sabit diskten silinen dosyalar\u0131 kurtarma metodu"},"content":{"rendered":"<section>\n<h1>Silinen Dosyalar\u0131 Bi\u00e7imlendirilmi\u015f Sabit Diskten Kurtarma<\/h1>\n<div class=\"inbrief\">\n<div>                     <img src=\"https:\/\/www.ping.fm\/data-recovery-software\/wp-content\/uploads\/ai\/How-to-Recover-Deleted-Files-from-Wiped-Hard-Drive-Turkish.jpg\" alt=\"Silinen Dosyalar\u0131 Bi\u00e7imlendirilmi\u015f Sabit Diskten Kurtarma\" title=\"Silinen Dosyalar\u0131 Bi\u00e7imlendirilmi\u015f Sabit Diskten Kurtarma\" width=\"1280\" height=\"720\">                     <\/p>\n<p>\u00d6nemli dosyalar\u0131n kaybolmas\u0131 b\u00fcy\u00fck bir stres kayna\u011f\u0131 olabilir fakat bu her zaman hikayenin sonu de\u011fildir. Sabit diskinizi temiz bir \u015fekilde bi\u00e7imlendirmi\u015f olsan\u0131z bile, bu de\u011ferli dosyalar\u0131 geri kazanmak i\u00e7in hala umut vard\u0131r. Ben \u015fahsen bu zorlu durumu ya\u015fad\u0131m ve sonsuza kadar kaybetti\u011fimi d\u00fc\u015f\u00fcnd\u00fc\u011f\u00fcm verileri geri getirecek yollar buldum. Bu detayl\u0131 rehberde, bi\u00e7imlendirilmi\u015f sabit diskten silinen dosyalar\u0131 nas\u0131l kurtarabilece\u011finizi payla\u015faca\u011f\u0131m ve Disk Drill&#8217;in en etkili \u00e7\u00f6z\u00fcmlerden biri oldu\u011funa dikkat \u00e7ekece\u011fim.<\/p>\n<\/div>\n<\/div>\n<\/section>\n<section>\n<div>\n<div>1<\/div>\n<h2>Yayg\u0131n Senaryolar:<\/h2>\n<\/div>\n<h3>Kazara Bi\u00e7imlendirme &#x1F4A5;<\/h3>\n<ul>\n<li><b>T\u00fcm s\u00fcr\u00fcc\u00fc bi\u00e7imlendirildi<\/b> i\u015fletim sistemi kurulumu s\u0131ras\u0131nda \u00f6zel bir b\u00f6l\u00fcm se\u00e7mek yerine.<\/li>\n<li>S\u00fcr\u00fcc\u00fc hatalar\u0131n\u0131 d\u00fczeltmek isterken yap\u0131lan kazara <b>h\u0131zl\u0131 bi\u00e7imlendirme<\/b>.<\/li>\n<\/ul>\n<h3>A\u015f\u0131r\u0131 Temizlik &#x1F9EA;<\/h3>\n<ul>\n<li>\u00d6nemli dosyalar\u0131n yedeklenmedi\u011fini fark etmeden yer a\u00e7mak \u00fczere <b>disk temizleme programlar\u0131<\/b> kullanma.<\/li>\n<li>Bir <b>sistem temizli\u011fi<\/b> s\u0131ras\u0131nda veya PC&#8217;yi satmaya haz\u0131rlan\u0131rken b\u00f6l\u00fcmleri silme.<\/li>\n<\/ul>\n<h3>Malware Kaosu &#x2620;<\/h3>\n<ul>\n<li>Vir\u00fcs veya malware enfeksiyonu nedeniyle tam bir silme gerektiren <b>bozulmu\u015f bir sistem<\/b>.<\/li>\n<li>Veri h\u0131rs\u0131zl\u0131\u011f\u0131ndan sonra izleri kapatmak i\u00e7in hackerlar taraf\u0131ndan s\u00fcr\u00fcc\u00fclerin silinmesi.<\/li>\n<\/ul>\n<\/section>\n<section class=\"stepByStep\">\n<div>\n<div>2<\/div>\n<h2>Ad\u0131m Ad\u0131m K\u0131lavuz. Bi\u00e7imlendirilmi\u015f Sabit S\u00fcr\u00fcc\u00fcy\u00fc Kurtarma:<\/h2>\n<\/div>\n<h3>Y\u00f6ntem 1: Disk Drill Kullanarak &#x1F527;<\/h3>\n<ul>\n<li>Resmi web sitesinden <b>Disk Drill<\/b>\u2019i indirin ve kurun: <a href='https:\/\/www.cleverfiles.com\/' rel=\"nofollow noopener\" target='_blank'>https:\/\/www.cleverfiles.com\/<\/a>.<\/li>\n<li>Disk Drill&#8217;i \u00e7al\u0131\u015ft\u0131r\u0131n ve <b>kurtarmak<\/b> i\u00e7in bi\u00e7imlendirilmi\u015f sabit s\u00fcr\u00fcc\u00fcy\u00fc se\u00e7in.<\/li>\n<li>Uygun tarama t\u00fcr\u00fcn\u00fc se\u00e7in. Bi\u00e7imlendirilmi\u015f s\u00fcr\u00fcc\u00fcler i\u00e7in <b>Detayl\u0131 Tarama<\/b>, genellikle en etkilidir.<\/li>\n<li><b>Bulunan dosyalar\u0131<\/b> g\u00f6zden ge\u00e7irin ve kurtarmak istediklerinizi se\u00e7in.<\/li>\n<li>Kaynak s\u00fcr\u00fcc\u00fcden farkl\u0131 yeni bir <b>kay\u0131t yeri<\/b> se\u00e7in ve dosyalar\u0131 kurtar\u0131n.<\/li>\n<\/ul>\n<p><b>Not:<\/b> Disk Drill, bi\u00e7imlendirildikten sonra bile dosyalar\u0131 kurtarabilir, ancak ba\u015far\u0131 oran\u0131 yeni verilerin eski verilerin \u00fczerine yaz\u0131l\u0131p yaz\u0131lmad\u0131\u011f\u0131na ba\u011fl\u0131d\u0131r.<\/p>\n<p><b>Sonu\u00e7:<\/b> Disk Drill, bi\u00e7imlendirilmi\u015f bir sabit s\u00fcr\u00fcc\u00fcden veri kurtarma i\u00e7in sezgisel ve g\u00fc\u00e7l\u00fc bir platform sa\u011flar.<\/p>\n<h3>Y\u00f6ntem 2: Recuva Kullanarak &#x1F50D;<\/h3>\n<ul>\n<li>Resmi siteden <b>Recuva<\/b>\u2019y\u0131 indirin ve kurun: <a href='https:\/\/www.ccleaner.com\/recuva' rel=\"nofollow noopener\" target='_blank'>https:\/\/www.ccleaner.com\/recuva<\/a>.<\/li>\n<li>Recuva&#8217;y\u0131 a\u00e7\u0131n ve kurtarma i\u015flemini ba\u015flatmak i\u00e7in <b>Yard\u0131mc\u0131y\u0131<\/b> \u00e7al\u0131\u015ft\u0131r\u0131n.<\/li>\n<li>Kurtarmak istedi\u011finiz dosya t\u00fcr\u00fcn\u00fc ve orijinal konumunu se\u00e7in.<\/li>\n<li>Daha kapsaml\u0131 bir arama i\u00e7in <b>Detayl\u0131 Tarama<\/b> modunu etkinle\u015ftirin.<\/li>\n<li>Tarama sonras\u0131nda, kurtarmak istedi\u011finiz dosyalar\u0131 se\u00e7in ve <b>kaydedece\u011finiz<\/b> yeni bir hedef belirleyin.<\/li>\n<\/ul>\n<p><b>Not:<\/b> Recuva \u00fccretsiz bir \u00e7\u00f6z\u00fcm arayanlar i\u00e7in yard\u0131mc\u0131 olabilir, ancak Disk Drill gibi premium yaz\u0131l\u0131mlar kadar ayr\u0131nt\u0131l\u0131 olmayabilir.<\/p>\n<p><b>Sonu\u00e7:<\/b> Recuva, basit kurtarma g\u00f6revlerini etkili bir \u015fekilde y\u00f6netebilen maliyet etkin bir alternatiftir.<\/p>\n<h3>Y\u00f6ntem 3: PhotoRec Kullanarak &#x1F4F7;<\/h3>\n<ul>\n<li>Resmi web sitesinden PhotoRec&#8217;i indirin: <a href='https:\/\/www.cgsecurity.org\/wiki\/PhotoRec' rel=\"nofollow noopener\" target='_blank'>https:\/\/www.cgsecurity.org\/wiki\/PhotoRec<\/a>.<\/li>\n<li>PhotoRec&#8217;i \u00e7\u0131kar\u0131n ve \u00e7al\u0131\u015ft\u0131r\u0131n; sizi bir <b>komut sat\u0131r\u0131 aray\u00fcz\u00fc<\/b> kar\u015f\u0131layacak.<\/li>\n<li>Bi\u00e7imlendirilmi\u015f s\u00fcr\u00fcc\u00fcy\u00fc se\u00e7in ve <b>partition table tipi<\/b>ni belirleyin, sonra taramaya devam edin.<\/li>\n<li>Dosya sistemini gezin ve kurtar\u0131lan verileri kaydedece\u011finiz yeri se\u00e7in.<\/li>\n<li>PhotoRec&#8217;in sihrini ger\u00e7ekle\u015ftirmesine izin verin ve m\u00fcmk\u00fcn oldu\u011funca \u00e7ok dosyay\u0131 kurtar\u0131n.<\/li>\n<\/ul>\n<p><b>Not:<\/b> PhotoRec g\u00fc\u00e7l\u00fcd\u00fcr ancak komut sat\u0131r\u0131 tabanl\u0131 olmas\u0131 nedeniyle daha dik bir \u00f6\u011frenme e\u011frisine sahiptir.<\/p>\n<p><b>Sonu\u00e7:<\/b> PhotoRec, komut sat\u0131r\u0131 i\u015flemleriyle rahat olanlar i\u00e7in sa\u011flam, a\u00e7\u0131k kaynakl\u0131 bir \u00e7\u00f6z\u00fcmd\u00fcr.<\/p>\n<h3>Y\u00f6ntem 4: Windows Dosya Kurtarma Kullanarak &#x1F5A5;<\/h3>\n<ul>\n<li><b>Windows 10<\/b>&#8216;un, s\u00fcr\u00fcm 2004 veya daha yeni bir s\u00fcr\u00fcm\u00fcn\u00fc \u00e7al\u0131\u015ft\u0131rd\u0131\u011f\u0131n\u0131zdan emin olun. Microsoft Store&#8217;dan <b>Windows Dosya Kurtarma<\/b>&#8216;y\u0131 indirin.<\/li>\n<li>Y\u00f6netici olarak Komut \u0130stemi&#8217;ni a\u00e7\u0131n ve <i>&#8216;winfr&#8217;<\/i> yaz\u0131n.<\/li>\n<li>Kaynak ve hedef s\u00fcr\u00fcc\u00fcleri se\u00e7in ve <b>mod<\/b>u belirtin: normal veya kapsaml\u0131.<\/li>\n<li>Ekrandaki talimatlar\u0131 takip ederek kurtarma i\u015flemini tamamlay\u0131n.<\/li>\n<li>Kurtar\u0131lan dosyalar\u0131n\u0131z i\u00e7in hedef klas\u00f6r\u00fc kontrol edin.<\/li>\n<\/ul>\n<p><b>Not:<\/b> Bu y\u00f6ntem sadece Windows&#8217;un daha yeni s\u00fcr\u00fcmlerinde mevcuttur ve ba\u015far\u0131, diske ne kadar yeni veri yaz\u0131ld\u0131\u011f\u0131na ba\u011fl\u0131 olarak de\u011fi\u015fir.<\/p>\n<p><b>Sonu\u00e7:<\/b> Windows Dosya Kurtarma, do\u011fru Windows s\u00fcr\u00fcm\u00fcne sahip kullan\u0131c\u0131lar i\u00e7in yararl\u0131, maliyetsiz bir se\u00e7enektir.<\/p>\n<h3>Y\u00f6ntem 5: Profesyonel Veri Kurtarma Servisi Tutma &#x1F50E;<\/h3>\n<ul>\n<li>DriveSavers veya Secure Data Recovery gibi <b>itibarl\u0131 veri kurtarma servislerini<\/b> aray\u0131n.<\/li>\n<li>Servisle ileti\u015fime ge\u00e7in ve sabit diskiniz ve veri kayb\u0131 durumu hakk\u0131nda detaylar\u0131 sa\u011flay\u0131n.<\/li>\n<li>Sabit diskinizi g\u00f6ndermek i\u00e7in talimatlar\u0131na uyun.<\/li>\n<li>Tan\u0131 raporunu bekleyin ve onlar\u0131n ba\u015far\u0131 tahmini ve maliyetine g\u00f6re kurtarmaya devam edip etmeyece\u011finize karar verin.<\/li>\n<li>Bir kez kurtar\u0131ld\u0131\u011f\u0131nda, servis verilerinizi yeni bir depolama cihaz\u0131nda size geri g\u00f6nderecektir.<\/li>\n<\/ul>\n<p><b>Not:<\/b> Profesyonel servisler pahal\u0131 olabilir ama ciddi \u015fekilde hasar g\u00f6rm\u00fc\u015f s\u00fcr\u00fcc\u00fcler i\u00e7in en y\u00fcksek kurtarma \u015fans\u0131n\u0131 sunar.<\/p>\n<p><b>Sonu\u00e7:<\/b> Paha bi\u00e7ilemez veya son derece hassas veriler i\u00e7in, profesyonel bir veri kurtarma servisi ek maliyet de\u011fer olabilir.<\/p>\n<\/section>\n<section>\n<div>\n<div>3<\/div>\n<h2>\u0130zlenecek Youtube videosu<\/h2>\n<\/div>\n<div class=\"iframe\"><iframe width=\"420\" height=\"315\" src=\"\/\/www.youtube.com\/embed\/4ZlvHsjvQT4\" frameborder=\"0\" allowfullscreen><\/iframe><\/div>\n<\/section>\n<section>\n<div>\n<div>4<\/div>\n<h2>\u00d6nlemler ve \u0130pu\u00e7lar\u0131:<\/h2>\n<\/div>\n<h3>Veri Kayb\u0131 \u00d6nleme &#x1F6E1;<\/h3>\n<ul>\n<li><b>D\u00fczenli yedeklemeler<\/b> bir harici s\u00fcr\u00fcc\u00fcye veya bulut hizmetine veri kurtarma ihtiyac\u0131n\u0131 \u00f6nleyebilir.<\/li>\n<li><b>Disk y\u00f6netim ara\u00e7lar\u0131n\u0131<\/b> dikkatli kullan\u0131n ve bir s\u00fcr\u00fcc\u00fcy\u00fc bi\u00e7imlendirirken veya temizlerken her zaman iki kez kontrol edin.<\/li>\n<li>Antivir\u00fcs yaz\u0131l\u0131m\u0131n\u0131z\u0131 g\u00fcncelleyerek ve \u015f\u00fcpheli indirmelerden veya web sitelerinden ka\u00e7\u0131narak <b>zararl\u0131 yaz\u0131l\u0131mlara<\/b> kar\u015f\u0131 uyan\u0131k kal\u0131n.<\/li>\n<\/ul>\n<h3>Hemen Kurtarma &#x23F3;<\/h3>\n<ul>\n<li>Veriyi silindikten sonra kurtarmay\u0131 ne kadar erken denerseniz, ba\u015far\u0131 \u015fans\u0131 o kadar y\u00fcksektir.<\/li>\n<li>Kaybolan dosyalar\u0131n \u00fczerine yeni verilerin <b>\u00fczerine yaz\u0131lmas\u0131n\u0131<\/b> \u00f6nlemek i\u00e7in etkilenen sabit s\u00fcr\u00fcc\u00fcy\u00fc kullanmaktan ka\u00e7\u0131n\u0131n.<\/li>\n<li>Bir tane istedi\u011finiz sonu\u00e7lar\u0131 vermezse \u00e7e\u015fitli <b>veri kurtarma ara\u00e7lar\u0131<\/b> deneyin.<\/li>\n<\/ul>\n<\/section>\n<section>\n<div>\n<div>5<\/div>\n<h2>Geni\u015f Perspektif<\/h2>\n<\/div>\n<p>Veri kurtarma teknolojisi, dosyalar\u0131n silindiklerinde hemen depolama ortam\u0131ndan kald\u0131r\u0131lmad\u0131klar\u0131 ger\u00e7e\u011fine dayan\u0131r. Bunun yerine, i\u015fgal ettikleri alan &#8216;bo\u015f&#8217; olarak i\u015faretlenir ve yeni veriler i\u00e7in kullan\u0131labilir. Yeni veriler eski olanlar\u0131n \u00fczerine yazmad\u0131\u011f\u0131 s\u00fcrece kurtarma i\u00e7in bir f\u0131rsat penceresi vard\u0131r. \u0130\u015fte bu y\u00fczden kay\u0131p meydana gelen sabit s\u00fcr\u00fcc\u00fcy\u00fc kullanmaktan ka\u00e7\u0131nmak \u00e7ok \u00f6nemlidir; s\u00fcr\u00fcc\u00fcde yap\u0131lan her i\u015flem, kurtarmaya \u00e7al\u0131\u015ft\u0131\u011f\u0131n\u0131z verileri potansiyel olarak \u00fczerine yazabilir.<\/p>\n<p>Dosya sistemi t\u00fcr\u00fc de veri kurtarmada \u00f6nemli bir rol oynar. FAT, exFAT veya NTFS gibi dosya sistemleri veriyi farkl\u0131 y\u00f6netir, bu da kurtarma sonu\u00e7lar\u0131n\u0131 etkileyebilir. Bu anlay\u0131\u015f, do\u011fru arac\u0131 ve kurtarma y\u00f6ntemini se\u00e7menizde size rehberlik edebilir.<\/p>\n<p>Bi\u00e7imlendirilmi\u015f s\u00fcr\u00fcc\u00fcler s\u00f6z konusu oldu\u011funda, <b>H\u0131zl\u0131 Bi\u00e7imlendirme<\/b> se\u00e7ene\u011fi sadece dosya tablosunu siler, ancak Windows&#8217;ta mevcut olan <b>Tam Bi\u00e7imlendirme<\/b>, t\u00fcm verileri \u00fczerine yazabilir ve kurtarmay\u0131 \u00e7ok daha zorla\u015ft\u0131rabilir. Fark\u0131 bilmek ve dosyalar\u0131 geri y\u00fcklemeye \u00e7al\u0131\u015f\u0131rken buna g\u00f6re hareket etmek \u00e7ok \u00f6nemlidir.<\/p>\n<p>Disk Drill veya Recuva gibi ara\u00e7lar\u0131 kullan\u0131rken, \u00e7o\u011funlukla farkl\u0131 tarama modlar\u0131 sunduklar\u0131n\u0131 unutmay\u0131n. Son zamanlarda silinen dosyalar i\u00e7in H\u0131zl\u0131 Tarama yeterli olabilir, ancak silinmi\u015f bir s\u00fcr\u00fcc\u00fc i\u00e7in Derin Tarama veya benzeri kapsaml\u0131 modlar tercih edilir.<\/p>\n<p>Yaz\u0131l\u0131m tabanl\u0131 kurtarma ara\u00e7lar\u0131n\u0131 kullanma konusunda rahat hissetmeyen kullan\u0131c\u0131lar i\u00e7in profesyonel bir hizmete dan\u0131\u015fmak daha uygun olabilir. Bu hizmetler, veri kurtarma \u015fans\u0131n\u0131 maksimize etmek i\u00e7in \u00f6zel ekipmanlar ve kontroll\u00fc ortamlar kullan\u0131r. <a href='https:\/\/www.drivesaversdatarecovery.com\/' rel=\"nofollow noopener\" target='_blank'>DriveSavers<\/a> ve <a href='https:\/\/www.securedatarecovery.com\/' rel=\"nofollow noopener\" target='_blank'>Secure Data Recovery<\/a> gibi \u015firketler, hassas verileri ele alma konusundaki uzmanl\u0131klar\u0131 ve g\u00fcvenlik \u00f6nlemleriyle bilinirler.<\/p>\n<\/section>\n<section>\n<h2>Sonu\u00e7:<\/h2>\n<div class=\"nonp\">S\u0131f\u0131rlanm\u0131\u015f bir sabit s\u00fcr\u00fcc\u00fcden veri kayb\u0131 ya\u015famak zorlay\u0131c\u0131 bir durumdur, fakat do\u011fru ara\u00e7lar ve y\u00f6ntemlerle bu kay\u0131p baytlar\u0131 kurtarmak m\u00fcmk\u00fcnd\u00fcr. <b>Disk Drill<\/b> ve <b>Recuva<\/b> gibi g\u00fc\u00e7l\u00fc yaz\u0131l\u0131m se\u00e7eneklerinden, profesyonel veri kurtarma servislerini i\u015fe almak gibi daha geli\u015fmi\u015f \u00e7\u00f6z\u00fcmlere kadar, dosyalar\u0131n\u0131z\u0131 geri getirebilecek bir yol genellikle vard\u0131r. Unutmay\u0131n, ne kadar \u00e7abuk harekete ge\u00e7erseniz ve silme i\u015fleminden sonra s\u00fcr\u00fcc\u00fcy\u00fc ne kadar az kullan\u0131rsan\u0131z, ba\u015far\u0131l\u0131 bir kurtarma \u015fans\u0131n\u0131z o kadar y\u00fcksek olur. Her zaman d\u00fczenli yedeklemeler yap\u0131n, s\u00fcr\u00fcc\u00fc y\u00f6netimi s\u0131ras\u0131nda dikkatli olun ve gelecekteki veri kay\u0131plar\u0131n\u0131 en aza indirmek i\u00e7in g\u00fcncel kal\u0131n. Bu uygulamalar ve kaynaklarla, herhangi bir veri kurtarma zorlu\u011fuyla y\u00fczle\u015fmek i\u00e7in iyi donan\u0131ml\u0131s\u0131n\u0131z.<\/div>\n<\/section>\n","protected":false},"excerpt":{"rendered":"<p>Silinen Dosyalar\u0131 Bi\u00e7imlendirilmi\u015f Sabit Diskten Kurtarma \u00d6nemli dosyalar\u0131n kaybolmas\u0131 b\u00fcy\u00fck bir stres kayna\u011f\u0131 olabilir fakat bu her zaman hikayenin sonu de\u011fildir. Sabit diskinizi temiz bir \u015fekilde bi\u00e7imlendirmi\u015f olsan\u0131z bile, bu de\u011ferli dosyalar\u0131 geri kazanmak i\u00e7in hala umut vard\u0131r. Ben \u015fahsen bu zorlu durumu ya\u015fad\u0131m ve sonsuza kadar kaybetti\u011fimi d\u00fc\u015f\u00fcnd\u00fc\u011f\u00fcm verileri geri getirecek yollar buldum. Bu [&hellip;]<\/p>\n","protected":false},"author":0,"featured_media":45398,"parent":0,"menu_order":0,"comment_status":"closed","ping_status":"closed","template":"chromecast.php","meta":{"_stopmodifiedupdate":false,"_modified_date":"","_lmt_disableupdate":"","_lmt_disable":""},"acf":[],"yoast_head":"<!-- This site is optimized with the Yoast SEO plugin v20.9 - https:\/\/yoast.com\/wordpress\/plugins\/seo\/ -->\n<title>\u0130\u015fte bi\u00e7imlendirilmi\u015f bir sabit diskten silinen dosyalar\u0131 nas\u0131l kurtarabilece\u011finiz: en iyi kurtarma y\u00f6ntemi<\/title>\n<meta name=\"robots\" content=\"index, follow, max-snippet:-1, max-image-preview:large, max-video-preview:-1\" \/>\n<link rel=\"canonical\" href=\"https:\/\/datarecovery.ping.fm\/tr\/wiped-hard-drive-recovery\/\" \/>\n<meta property=\"og:locale\" content=\"tr_TR\" \/>\n<meta property=\"og:type\" content=\"article\" \/>\n<meta property=\"og:title\" content=\"\u0130\u015fte bi\u00e7imlendirilmi\u015f bir sabit diskten silinen dosyalar\u0131 nas\u0131l kurtarabilece\u011finiz: en iyi kurtarma y\u00f6ntemi\" \/>\n<meta property=\"og:description\" content=\"Silinen Dosyalar\u0131 Bi\u00e7imlendirilmi\u015f Sabit Diskten Kurtarma \u00d6nemli dosyalar\u0131n kaybolmas\u0131 b\u00fcy\u00fck bir stres kayna\u011f\u0131 olabilir fakat bu her zaman hikayenin sonu de\u011fildir. Sabit diskinizi temiz bir \u015fekilde bi\u00e7imlendirmi\u015f olsan\u0131z bile, bu de\u011ferli dosyalar\u0131 geri kazanmak i\u00e7in hala umut vard\u0131r. Ben \u015fahsen bu zorlu durumu ya\u015fad\u0131m ve sonsuza kadar kaybetti\u011fimi d\u00fc\u015f\u00fcnd\u00fc\u011f\u00fcm verileri geri getirecek yollar buldum. Bu [&hellip;]\" \/>\n<meta property=\"og:url\" content=\"https:\/\/datarecovery.ping.fm\/tr\/wiped-hard-drive-recovery\/\" \/>\n<meta property=\"og:site_name\" content=\"Data Recovery Software\" \/>\n<meta property=\"article:modified_time\" content=\"2024-04-23T10:28:24+00:00\" \/>\n<meta property=\"og:image\" content=\"https:\/\/datarecovery.ping.fm\/wp-content\/uploads\/2024\/04\/How-to-Recover-Deleted-Files-from-Wiped-Hard-Drive-Turkish.jpg\" \/>\n\t<meta property=\"og:image:width\" content=\"1280\" \/>\n\t<meta property=\"og:image:height\" content=\"731\" \/>\n\t<meta property=\"og:image:type\" content=\"image\/jpeg\" \/>\n<meta name=\"twitter:card\" content=\"summary_large_image\" \/>\n<meta name=\"twitter:label1\" content=\"Est. reading time\" \/>\n\t<meta name=\"twitter:data1\" content=\"7 dakika\" \/>\n<script type=\"application\/ld+json\" class=\"yoast-schema-graph\">{\"@context\":\"https:\/\/schema.org\",\"@graph\":[{\"@type\":\"WebPage\",\"@id\":\"https:\/\/datarecovery.ping.fm\/tr\/wiped-hard-drive-recovery\/\",\"url\":\"https:\/\/datarecovery.ping.fm\/tr\/wiped-hard-drive-recovery\/\",\"name\":\"\u0130\u015fte bi\u00e7imlendirilmi\u015f bir sabit diskten silinen dosyalar\u0131 nas\u0131l kurtarabilece\u011finiz: en iyi kurtarma y\u00f6ntemi\",\"isPartOf\":{\"@id\":\"https:\/\/datarecovery.ping.fm\/tr\/#website\"},\"datePublished\":\"2023-12-25T15:46:11+00:00\",\"dateModified\":\"2024-04-23T10:28:24+00:00\",\"breadcrumb\":{\"@id\":\"https:\/\/datarecovery.ping.fm\/tr\/wiped-hard-drive-recovery\/#breadcrumb\"},\"inLanguage\":\"tr\",\"potentialAction\":[{\"@type\":\"ReadAction\",\"target\":[\"https:\/\/datarecovery.ping.fm\/tr\/wiped-hard-drive-recovery\/\"]}]},{\"@type\":\"BreadcrumbList\",\"@id\":\"https:\/\/datarecovery.ping.fm\/tr\/wiped-hard-drive-recovery\/#breadcrumb\",\"itemListElement\":[{\"@type\":\"ListItem\",\"position\":1,\"name\":\"Home\",\"item\":\"https:\/\/datarecovery.ping.fm\/tr\/\"},{\"@type\":\"ListItem\",\"position\":2,\"name\":\"Formatlanm\u0131\u015f sabit diskten silinen dosyalar\u0131 kurtarma metodu\"}]},{\"@type\":\"WebSite\",\"@id\":\"https:\/\/datarecovery.ping.fm\/tr\/#website\",\"url\":\"https:\/\/datarecovery.ping.fm\/tr\/\",\"name\":\"Data Recovery Software\",\"description\":\"\",\"potentialAction\":[{\"@type\":\"SearchAction\",\"target\":{\"@type\":\"EntryPoint\",\"urlTemplate\":\"https:\/\/datarecovery.ping.fm\/tr\/?s={search_term_string}\"},\"query-input\":\"required name=search_term_string\"}],\"inLanguage\":\"tr\"}]}<\/script>\n<!-- \/ Yoast SEO plugin. -->","yoast_head_json":{"title":"\u0130\u015fte bi\u00e7imlendirilmi\u015f bir sabit diskten silinen dosyalar\u0131 nas\u0131l kurtarabilece\u011finiz: en iyi kurtarma y\u00f6ntemi","robots":{"index":"index","follow":"follow","max-snippet":"max-snippet:-1","max-image-preview":"max-image-preview:large","max-video-preview":"max-video-preview:-1"},"canonical":"https:\/\/datarecovery.ping.fm\/tr\/wiped-hard-drive-recovery\/","og_locale":"tr_TR","og_type":"article","og_title":"\u0130\u015fte bi\u00e7imlendirilmi\u015f bir sabit diskten silinen dosyalar\u0131 nas\u0131l kurtarabilece\u011finiz: en iyi kurtarma y\u00f6ntemi","og_description":"Silinen Dosyalar\u0131 Bi\u00e7imlendirilmi\u015f Sabit Diskten Kurtarma \u00d6nemli dosyalar\u0131n kaybolmas\u0131 b\u00fcy\u00fck bir stres kayna\u011f\u0131 olabilir fakat bu her zaman hikayenin sonu de\u011fildir. Sabit diskinizi temiz bir \u015fekilde bi\u00e7imlendirmi\u015f olsan\u0131z bile, bu de\u011ferli dosyalar\u0131 geri kazanmak i\u00e7in hala umut vard\u0131r. Ben \u015fahsen bu zorlu durumu ya\u015fad\u0131m ve sonsuza kadar kaybetti\u011fimi d\u00fc\u015f\u00fcnd\u00fc\u011f\u00fcm verileri geri getirecek yollar buldum. Bu [&hellip;]","og_url":"https:\/\/datarecovery.ping.fm\/tr\/wiped-hard-drive-recovery\/","og_site_name":"Data Recovery Software","article_modified_time":"2024-04-23T10:28:24+00:00","og_image":[{"width":1280,"height":731,"url":"https:\/\/datarecovery.ping.fm\/wp-content\/uploads\/2024\/04\/How-to-Recover-Deleted-Files-from-Wiped-Hard-Drive-Turkish.jpg","type":"image\/jpeg"}],"twitter_card":"summary_large_image","twitter_misc":{"Est. reading time":"7 dakika"},"schema":{"@context":"https:\/\/schema.org","@graph":[{"@type":"WebPage","@id":"https:\/\/datarecovery.ping.fm\/tr\/wiped-hard-drive-recovery\/","url":"https:\/\/datarecovery.ping.fm\/tr\/wiped-hard-drive-recovery\/","name":"\u0130\u015fte bi\u00e7imlendirilmi\u015f bir sabit diskten silinen dosyalar\u0131 nas\u0131l kurtarabilece\u011finiz: en iyi kurtarma y\u00f6ntemi","isPartOf":{"@id":"https:\/\/datarecovery.ping.fm\/tr\/#website"},"datePublished":"2023-12-25T15:46:11+00:00","dateModified":"2024-04-23T10:28:24+00:00","breadcrumb":{"@id":"https:\/\/datarecovery.ping.fm\/tr\/wiped-hard-drive-recovery\/#breadcrumb"},"inLanguage":"tr","potentialAction":[{"@type":"ReadAction","target":["https:\/\/datarecovery.ping.fm\/tr\/wiped-hard-drive-recovery\/"]}]},{"@type":"BreadcrumbList","@id":"https:\/\/datarecovery.ping.fm\/tr\/wiped-hard-drive-recovery\/#breadcrumb","itemListElement":[{"@type":"ListItem","position":1,"name":"Home","item":"https:\/\/datarecovery.ping.fm\/tr\/"},{"@type":"ListItem","position":2,"name":"Formatlanm\u0131\u015f sabit diskten silinen dosyalar\u0131 kurtarma metodu"}]},{"@type":"WebSite","@id":"https:\/\/datarecovery.ping.fm\/tr\/#website","url":"https:\/\/datarecovery.ping.fm\/tr\/","name":"Data Recovery Software","description":"","potentialAction":[{"@type":"SearchAction","target":{"@type":"EntryPoint","urlTemplate":"https:\/\/datarecovery.ping.fm\/tr\/?s={search_term_string}"},"query-input":"required name=search_term_string"}],"inLanguage":"tr"}]}},"_links":{"self":[{"href":"https:\/\/datarecovery.ping.fm\/tr\/wp-json\/wp\/v2\/pages\/45397"}],"collection":[{"href":"https:\/\/datarecovery.ping.fm\/tr\/wp-json\/wp\/v2\/pages"}],"about":[{"href":"https:\/\/datarecovery.ping.fm\/tr\/wp-json\/wp\/v2\/types\/page"}],"replies":[{"embeddable":true,"href":"https:\/\/datarecovery.ping.fm\/tr\/wp-json\/wp\/v2\/comments?post=45397"}],"version-history":[{"count":0,"href":"https:\/\/datarecovery.ping.fm\/tr\/wp-json\/wp\/v2\/pages\/45397\/revisions"}],"wp:featuredmedia":[{"embeddable":true,"href":"https:\/\/datarecovery.ping.fm\/tr\/wp-json\/wp\/v2\/media\/45398"}],"wp:attachment":[{"href":"https:\/\/datarecovery.ping.fm\/tr\/wp-json\/wp\/v2\/media?parent=45397"}],"curies":[{"name":"wp","href":"https:\/\/api.w.org\/{rel}","templated":true}]}}