{"id":44432,"date":"2024-01-26T10:53:03","date_gmt":"2024-01-26T10:53:03","guid":{"rendered":"https:\/\/www.ping.fm\/data-recovery-software\/windows-7-recovery-software\/"},"modified":"2024-04-19T06:42:10","modified_gmt":"2024-04-19T06:42:10","slug":"windows-7-recovery-software","status":"publish","type":"page","link":"https:\/\/datarecovery.ping.fm\/tr\/windows-7-recovery-software\/","title":{"rendered":"Windows 7 \u0130\u00e7in En \u0130yi Veri Kurtarma Programlar\u0131"},"content":{"rendered":"<section>\n<h1>Windows 7 \u0130\u00e7in En \u0130yi Veri Kurtarma Yaz\u0131l\u0131mlar\u0131<\/h1>\n<div class=\"inbrief\">\n<div>             <img src=\"https:\/\/www.ping.fm\/data-recovery-software\/wp-content\/uploads\/ai\/Best-Data-Recovery-Software-for-Windows-7-Turkish.jpg\" alt=\"Windows 7 \u0130\u00e7in En \u0130yi Veri Kurtarma Yaz\u0131l\u0131mlar\u0131\" title=\"Windows 7 \u0130\u00e7in En \u0130yi Veri Kurtarma Yaz\u0131l\u0131mlar\u0131\" width=\"1280\" height=\"720\">             <\/p>\n<p>\u00d6nemli bir dosyay\u0131 kazara sildi\u011finizi ya da daha k\u00f6t\u00fcs\u00fc, bir sistem \u00e7\u00f6kmesi nedeniyle veri kayb\u0131 ya\u015fad\u0131\u011f\u0131n\u0131z\u0131 fark etti\u011finizde o batan hissi hi\u00e7 ya\u015fad\u0131n\u0131z m\u0131? Windows 7 kullan\u0131c\u0131s\u0131 olarak ben oradayd\u0131m ve inan\u0131n pek de e\u011flenceli de\u011fil. Ama korkmay\u0131n, g\u00fcm\u00fc\u015f bir astar var &#8211; veri kurtarma yaz\u0131l\u0131mlar\u0131. Bu kapsaml\u0131 rehberde, hem yeni ba\u015flayanlar hem de teknoloji merakl\u0131lar\u0131 i\u00e7in Windows 7 i\u00e7in en iyi veri kurtarma yaz\u0131l\u0131mlar\u0131n\u0131, yetenekleri ve s\u0131n\u0131rlamalar\u0131 ile birlikte inceleyece\u011fiz. Bir zamanlar kaybolmu\u015f olarak kabul edileni geri almaya y\u00f6nelik bu yolculu\u011fa \u00e7\u0131kal\u0131m.<\/p>\n<\/div>\n<\/div>\n<\/section>\n<section>\n<div class=\"medal\">\n<div>&#129351;<\/div>\n<\/div>\n<h2><a href='https:\/\/www.cleverfiles.com\/disk-drill-windows.html' rel=\"nofollow noopener\" target='_blank'>Disk Drill (versiyon 4.5)<\/a><\/h2>\n<p><img src=\"https:\/\/www.ping.fm\/data-recovery-software\/wp-content\/uploads\/ai\/https---www-cleverfiles-com-disk-drill-windows-htmlTurkish.jpg\"><\/p>\n<p>\u015eahsi favorim ve tecr\u00fcbeme g\u00f6re en g\u00fcvenilir se\u00e7enek <b>Disk Drill<\/b> (versiyon 4.5). Kullan\u0131c\u0131 dostu aray\u00fcz\u00fc ile g\u00fc\u00e7l\u00fc tarama algoritmalar\u0131n\u0131 birle\u015ftiren bu yaz\u0131l\u0131m, hem ba\u015flang\u0131\u00e7 seviyesindekiler hem de uzmanlar i\u00e7in m\u00fckemmel bir se\u00e7im. Disk Drill ile \u00e7e\u015fitli dosya t\u00fcrlerini y\u00fcksek ba\u015far\u0131 oranlar\u0131yla kurtard\u0131m, bu da verimlili\u011fi hakk\u0131nda \u00e7ok \u015fey s\u00f6yl\u00fcyor.<\/p>\n<p><a href='https:\/\/www.cleverfiles.com\/disk-drill-windows.html' rel=\"nofollow noopener\" target='_blank' class='ofWSite'>Resmi Web Sitesi<\/a><\/p>\n<h3 class='prosTitle'>Art\u0131lar\u0131<\/h3>\n<ul class='listpc pros'>\n<li>Sezgisel kullan\u0131c\u0131 aray\u00fcz\u00fc<\/li>\n<li>Geli\u015fmi\u015f veri koruma \u00f6zellikleri<\/li>\n<\/ul>\n<h3 class='consTitle'>Eksileri<\/h3>\n<ul class='listpc cons'>\n<li>\u00dccretsiz s\u00fcr\u00fcmde veri kurtarma s\u0131n\u0131r\u0131 vard\u0131r<\/li>\n<li>Baz\u0131 dosyalar \u00fczerine yaz\u0131ld\u0131\u011f\u0131 i\u00e7in kurtar\u0131lamayabilir<\/li>\n<\/ul>\n<\/section>\n<section>\n<div class=\"medal\">\n<div>&#129352;<\/div>\n<\/div>\n<h2><a href='https:\/\/www.easeus.com\/datarecoverywizard\/free-data-recovery-software.htm' rel=\"nofollow noopener\" target='_blank'>EaseUS Data Recovery Wizard<\/a><\/h2>\n<p><img src=\"https:\/\/www.ping.fm\/data-recovery-software\/wp-content\/uploads\/ai\/https---www-easeus-com-datarecoverywizard-free-data-recovery-software-htmTurkish.jpg\"><\/p>\n<p>Di\u011fer bir dikkat \u00e7eken ise <b>EaseUS Data Recovery Wizard<\/b>. Bu g\u00fc\u00e7 merkezi, \u00e7e\u015fitli veri kayb\u0131 senaryolar\u0131n\u0131 etkili bir \u015fekilde ele alabilecek \u00f6zelliklerle donat\u0131lm\u0131\u015ft\u0131r. Kay\u0131p b\u00f6l\u00fcm verilerini ve formatlanm\u0131\u015f s\u00fcr\u00fcc\u00fc kurtarmay\u0131 en \u00e7ok ihtiya\u00e7 duydu\u011fumda performans\u0131 dikkat \u00e7ekiciydi.<\/p>\n<p><a href='https:\/\/www.easeus.com\/datarecoverywizard\/free-data-recovery-software.htm' rel=\"nofollow noopener\" target='_blank' class='ofWSite'>Resmi Web Sitesi<\/a><\/p>\n<h3 class='prosTitle'>Art\u0131lar\u0131<\/h3>\n<ul class='listpc pros'>\n<li>Geni\u015f bir dosya tipi yelpazesi destekler<\/li>\n<li>Kurtarma \u00f6ncesinde \u00f6n izleme \u00f6zelli\u011fi<\/li>\n<\/ul>\n<h3 class='consTitle'>Eksileri<\/h3>\n<ul class='listpc cons'>\n<li>\u00dccretsiz s\u00fcr\u00fcm\u00fcn kurtarma yetenekleri s\u0131n\u0131rl\u0131d\u0131r<\/li>\n<li>Tam kurtarma zaman al\u0131c\u0131 olabilir<\/li>\n<\/ul>\n<\/section>\n<section>\n<div class=\"medal\">\n<div>&#129353;<\/div>\n<\/div>\n<h2><a href='https:\/\/www.stellarinfo.com\/free-data-recovery.php' rel=\"nofollow noopener\" target='_blank'>Stellar Data Recovery<\/a><\/h2>\n<p><img src=\"https:\/\/www.ping.fm\/data-recovery-software\/wp-content\/uploads\/ai\/https---www-stellarinfo-com-free-data-recovery-phpTurkish.jpg\"><\/p>\n<p>Ciddi \u015fekilde bozulmu\u015f bir sabit diskte kaybolan verilerle ilgilenirken <b>Stellar Data Recovery<\/b>&#8216;den olduk\u00e7a etkilendim. \u0130leri d\u00fczey \u00f6zellikleri ve verimli derin tarama teknolojisi hemen hemen t\u00fcm belgelerimi kurtarmama yard\u0131mc\u0131 oldu ki bunlar\u0131 tamamen kayboldu san\u0131yordum.<\/p>\n<p><a href='https:\/\/www.stellarinfo.com\/free-data-recovery.php' rel=\"nofollow noopener\" target='_blank' class='ofWSite'>Resmi Web Sitesi<\/a><\/p>\n<h3 class='prosTitle'>Avantajlar\u0131<\/h3>\n<ul class='listpc pros'>\n<li>Kullan\u0131c\u0131 dostu aray\u00fcz<\/li>\n<li>Veri kurtarmada y\u00fcksek ba\u015far\u0131 oran\u0131<\/li>\n<\/ul>\n<h3 class='consTitle'>Dezavantajlar\u0131<\/h3>\n<ul class='listpc cons'>\n<li>Kurtarma h\u0131z\u0131, verinin boyutu ve durumuna g\u00f6re de\u011fi\u015febilir<\/li>\n<li>Premium \u00f6zellikler i\u00e7in daha y\u00fcksek maliyet<\/li>\n<\/ul>\n<\/section>\n<section>\n<div class=\"no-medal\">\n<div>4<\/div>\n<\/div>\n<h2><a href='https:\/\/www.wondershare.com\/data-recovery\/' rel=\"nofollow noopener\" target='_blank'>Wondershare Recoverit<\/a><\/h2>\n<p><img src=\"https:\/\/www.ping.fm\/data-recovery-software\/wp-content\/uploads\/ai\/https---www.wondershare-com-data-recovery-.jpg\"><\/p>\n<p><b>Wondershare Recoverit<\/b> kullanm\u0131\u015f oldu\u011fum s\u00fcrede \u00f6zellikle medya dosyalar\u0131n\u0131 kurtarmada olduk\u00e7a etkili buldum. Video onar\u0131m arac\u0131, kurtarma i\u015flemi yan\u0131nda bozuk video dosyalar\u0131n\u0131 onarmada hayat kurtar\u0131c\u0131.<\/p>\n<p><a href='https:\/\/www.wondershare.com\/data-recovery\/' rel=\"nofollow noopener\" target='_blank' class='ofWSite'>Resmi Web Sitesi<\/a><\/p>\n<h3 class='prosTitle'>Avantajlar\u0131<\/h3>\n<ul class='listpc pros'>\n<li>Medya dosyas\u0131 kurtarmada uzmanla\u015fm\u0131\u015f<\/li>\n<li>Video onar\u0131m arac\u0131 dahil<\/li>\n<\/ul>\n<h3 class='consTitle'>Dezavantajlar\u0131<\/h3>\n<ul class='listpc cons'>\n<li>\u00dccretsiz s\u00fcr\u00fcm olduk\u00e7a k\u0131s\u0131tl\u0131<\/li>\n<li>Yeni kullan\u0131c\u0131lar i\u00e7in karma\u015f\u0131k aray\u00fcz<\/li>\n<\/ul>\n<\/section>\n<section>\n<div class=\"no-medal\">\n<div>5<\/div>\n<\/div>\n<h2>Recuva<\/h2>\n<p><b>Recuva<\/b>, b\u00fct\u00e7e dostu fakat sa\u011flam bir veri kurtarma arac\u0131 olarak duruyor. Basit dosya kurtarmay\u0131 sunuyor ve deneyimlerime g\u00f6re, h\u0131zl\u0131 taramalar yaparak ve dijital kameralar\u0131n haf\u0131za kartlar\u0131ndan dosyalar\u0131 geri getirme konusunda iyi i\u015f \u00e7\u0131kart\u0131yor.<\/p>\n<h3 class='prosTitle'>Avantajlar\u0131<\/h3>\n<ul class='listpc pros'>\n<li>Hafif ve kullan\u0131m\u0131 kolay<\/li>\n<li>Maliyet etkin ve \u00fccretsiz s\u00fcr\u00fcm\u00fc mevcut<\/li>\n<\/ul>\n<h3 class='consTitle'>Dezavantajlar\u0131<\/h3>\n<ul class='listpc cons'>\n<li>Daha geli\u015fmi\u015f ara\u00e7lara k\u0131yasla s\u0131n\u0131rl\u0131 i\u015flevsellik<\/li>\n<li>Her zaman dosyalar\u0131 eksiksiz olarak kurtarmaz<\/li>\n<\/ul>\n<\/section>\n<section>\n<h2>Sonu\u00e7:<\/h2>\n<div class=\"nonp\">\n<p><b>Veri kurtarma yaz\u0131l\u0131m\u0131<\/b> se\u00e7erken, arac\u0131n teknik \u00f6zelliklerini ve i\u015flevselli\u011fini anlaman\u0131n \u00f6nemli oldu\u011fu unutulmamal\u0131d\u0131r. Baz\u0131 uygulamalar derin taramalar yapabilir ve tekrar formatlanm\u0131\u015f s\u00fcr\u00fcc\u00fclerden dosyalar\u0131 kurtarabilirken, di\u011ferleri gibi basit g\u00f6revler i\u00e7in daha uygun olabilir, \u00f6rne\u011fin yeni silinmi\u015f dosyalar\u0131 kurtarmak gibi.<\/p>\n<p>Farkl\u0131 yaz\u0131l\u0131m \u00e7\u00f6z\u00fcmleri, de\u011fi\u015fik fiyat etiketleri ve \u00f6zellik setleriyle gelir. Her birinin maliyetine kar\u015f\u0131l\u0131k getirdi\u011fi de\u011feri anlamak karar verirken \u00f6nemlidir.<\/p>\n<p>Ayr\u0131ca, <b>Windows 7 i\u015fletim sistemi<\/b> \u00f6zel gereksinimlere sahiptir ve uyumluluk hayati bir fakt\u00f6rd\u00fcr. Se\u00e7ti\u011finiz yaz\u0131l\u0131m\u0131n Windows 7&#8217;yi destekledi\u011finden her zaman emin olun. Yakla\u015fan Windows g\u00fcncellemeleri, bu yaz\u0131l\u0131m \u00e7\u00f6z\u00fcmlerinin i\u015flevselli\u011fini etkileyebilece\u011finden, bilgili kalmak esast\u0131r.<\/p>\n<p>Son olarak, bir kurtarma arac\u0131 se\u00e7meden \u00f6nce yorumlara ve kullan\u0131c\u0131 deneyimlerine ba\u015fvurmak iyi bir pratiktir. <a href='https:\/\/www.handyrecovery.com\/best-data-recovery-software-for-windows-7\/' rel=\"dofollow noopener\" target='_blank'>Windows 7 i\u00e7in daha fazla se\u00e7enek<\/a> ziyaret etmek, makalenin \u00f6zellikleri, verimlili\u011fi ve kullan\u0131c\u0131 dostulu\u011funu de\u011ferlendiren <b>Windows 7<\/b> i\u00e7in en iyi <b>veri kurtarma yaz\u0131l\u0131m\u0131<\/b> se\u00e7eneklerini inceledi\u011fi ek i\u00e7g\u00f6r\u00fcler sunabilir.<\/p>\n<\/div>\n<\/section>\n","protected":false},"excerpt":{"rendered":"<p>Windows 7 \u0130\u00e7in En \u0130yi Veri Kurtarma Yaz\u0131l\u0131mlar\u0131 \u00d6nemli bir dosyay\u0131 kazara sildi\u011finizi ya da daha k\u00f6t\u00fcs\u00fc, bir sistem \u00e7\u00f6kmesi nedeniyle veri kayb\u0131 ya\u015fad\u0131\u011f\u0131n\u0131z\u0131 fark etti\u011finizde o batan hissi hi\u00e7 ya\u015fad\u0131n\u0131z m\u0131? Windows 7 kullan\u0131c\u0131s\u0131 olarak ben oradayd\u0131m ve inan\u0131n pek de e\u011flenceli de\u011fil. Ama korkmay\u0131n, g\u00fcm\u00fc\u015f bir astar var &#8211; veri kurtarma yaz\u0131l\u0131mlar\u0131. Bu [&hellip;]<\/p>\n","protected":false},"author":0,"featured_media":44433,"parent":0,"menu_order":0,"comment_status":"closed","ping_status":"closed","template":"chromecast.php","meta":{"_stopmodifiedupdate":false,"_modified_date":"","_lmt_disableupdate":"","_lmt_disable":""},"acf":[],"yoast_head":"<!-- This site is optimized with the Yoast SEO plugin v20.9 - https:\/\/yoast.com\/wordpress\/plugins\/seo\/ -->\n<title>\u00d6nde Gelen Windows 7 Veri Kurtarma Sistemi<\/title>\n<meta name=\"robots\" content=\"index, follow, max-snippet:-1, max-image-preview:large, max-video-preview:-1\" \/>\n<link rel=\"canonical\" href=\"https:\/\/datarecovery.ping.fm\/tr\/windows-7-recovery-software\/\" \/>\n<meta property=\"og:locale\" content=\"tr_TR\" \/>\n<meta property=\"og:type\" content=\"article\" \/>\n<meta property=\"og:title\" content=\"\u00d6nde Gelen Windows 7 Veri Kurtarma Sistemi\" \/>\n<meta property=\"og:description\" content=\"Windows 7 \u0130\u00e7in En \u0130yi Veri Kurtarma Yaz\u0131l\u0131mlar\u0131 \u00d6nemli bir dosyay\u0131 kazara sildi\u011finizi ya da daha k\u00f6t\u00fcs\u00fc, bir sistem \u00e7\u00f6kmesi nedeniyle veri kayb\u0131 ya\u015fad\u0131\u011f\u0131n\u0131z\u0131 fark etti\u011finizde o batan hissi hi\u00e7 ya\u015fad\u0131n\u0131z m\u0131? Windows 7 kullan\u0131c\u0131s\u0131 olarak ben oradayd\u0131m ve inan\u0131n pek de e\u011flenceli de\u011fil. Ama korkmay\u0131n, g\u00fcm\u00fc\u015f bir astar var &#8211; veri kurtarma yaz\u0131l\u0131mlar\u0131. Bu [&hellip;]\" \/>\n<meta property=\"og:url\" content=\"https:\/\/datarecovery.ping.fm\/tr\/windows-7-recovery-software\/\" \/>\n<meta property=\"og:site_name\" content=\"Data Recovery Software\" \/>\n<meta property=\"article:modified_time\" content=\"2024-04-19T06:42:10+00:00\" \/>\n<meta property=\"og:image\" content=\"https:\/\/datarecovery.ping.fm\/wp-content\/uploads\/2024\/04\/Best-Data-Recovery-Software-for-Windows-7-Turkish.jpg\" \/>\n\t<meta property=\"og:image:width\" content=\"1280\" \/>\n\t<meta property=\"og:image:height\" content=\"731\" \/>\n\t<meta property=\"og:image:type\" content=\"image\/jpeg\" \/>\n<meta name=\"twitter:card\" content=\"summary_large_image\" \/>\n<meta name=\"twitter:label1\" content=\"Est. reading time\" \/>\n\t<meta name=\"twitter:data1\" content=\"4 dakika\" \/>\n<script type=\"application\/ld+json\" class=\"yoast-schema-graph\">{\"@context\":\"https:\/\/schema.org\",\"@graph\":[{\"@type\":\"WebPage\",\"@id\":\"https:\/\/datarecovery.ping.fm\/tr\/windows-7-recovery-software\/\",\"url\":\"https:\/\/datarecovery.ping.fm\/tr\/windows-7-recovery-software\/\",\"name\":\"\u00d6nde Gelen Windows 7 Veri Kurtarma Sistemi\",\"isPartOf\":{\"@id\":\"https:\/\/datarecovery.ping.fm\/tr\/#website\"},\"datePublished\":\"2024-01-26T10:53:03+00:00\",\"dateModified\":\"2024-04-19T06:42:10+00:00\",\"breadcrumb\":{\"@id\":\"https:\/\/datarecovery.ping.fm\/tr\/windows-7-recovery-software\/#breadcrumb\"},\"inLanguage\":\"tr\",\"potentialAction\":[{\"@type\":\"ReadAction\",\"target\":[\"https:\/\/datarecovery.ping.fm\/tr\/windows-7-recovery-software\/\"]}]},{\"@type\":\"BreadcrumbList\",\"@id\":\"https:\/\/datarecovery.ping.fm\/tr\/windows-7-recovery-software\/#breadcrumb\",\"itemListElement\":[{\"@type\":\"ListItem\",\"position\":1,\"name\":\"Home\",\"item\":\"https:\/\/datarecovery.ping.fm\/tr\/\"},{\"@type\":\"ListItem\",\"position\":2,\"name\":\"Windows 7 \u0130\u00e7in En \u0130yi Veri Kurtarma Programlar\u0131\"}]},{\"@type\":\"WebSite\",\"@id\":\"https:\/\/datarecovery.ping.fm\/tr\/#website\",\"url\":\"https:\/\/datarecovery.ping.fm\/tr\/\",\"name\":\"Data Recovery Software\",\"description\":\"\",\"potentialAction\":[{\"@type\":\"SearchAction\",\"target\":{\"@type\":\"EntryPoint\",\"urlTemplate\":\"https:\/\/datarecovery.ping.fm\/tr\/?s={search_term_string}\"},\"query-input\":\"required name=search_term_string\"}],\"inLanguage\":\"tr\"}]}<\/script>\n<!-- \/ Yoast SEO plugin. -->","yoast_head_json":{"title":"\u00d6nde Gelen Windows 7 Veri Kurtarma Sistemi","robots":{"index":"index","follow":"follow","max-snippet":"max-snippet:-1","max-image-preview":"max-image-preview:large","max-video-preview":"max-video-preview:-1"},"canonical":"https:\/\/datarecovery.ping.fm\/tr\/windows-7-recovery-software\/","og_locale":"tr_TR","og_type":"article","og_title":"\u00d6nde Gelen Windows 7 Veri Kurtarma Sistemi","og_description":"Windows 7 \u0130\u00e7in En \u0130yi Veri Kurtarma Yaz\u0131l\u0131mlar\u0131 \u00d6nemli bir dosyay\u0131 kazara sildi\u011finizi ya da daha k\u00f6t\u00fcs\u00fc, bir sistem \u00e7\u00f6kmesi nedeniyle veri kayb\u0131 ya\u015fad\u0131\u011f\u0131n\u0131z\u0131 fark etti\u011finizde o batan hissi hi\u00e7 ya\u015fad\u0131n\u0131z m\u0131? Windows 7 kullan\u0131c\u0131s\u0131 olarak ben oradayd\u0131m ve inan\u0131n pek de e\u011flenceli de\u011fil. Ama korkmay\u0131n, g\u00fcm\u00fc\u015f bir astar var &#8211; veri kurtarma yaz\u0131l\u0131mlar\u0131. Bu [&hellip;]","og_url":"https:\/\/datarecovery.ping.fm\/tr\/windows-7-recovery-software\/","og_site_name":"Data Recovery Software","article_modified_time":"2024-04-19T06:42:10+00:00","og_image":[{"width":1280,"height":731,"url":"https:\/\/datarecovery.ping.fm\/wp-content\/uploads\/2024\/04\/Best-Data-Recovery-Software-for-Windows-7-Turkish.jpg","type":"image\/jpeg"}],"twitter_card":"summary_large_image","twitter_misc":{"Est. reading time":"4 dakika"},"schema":{"@context":"https:\/\/schema.org","@graph":[{"@type":"WebPage","@id":"https:\/\/datarecovery.ping.fm\/tr\/windows-7-recovery-software\/","url":"https:\/\/datarecovery.ping.fm\/tr\/windows-7-recovery-software\/","name":"\u00d6nde Gelen Windows 7 Veri Kurtarma Sistemi","isPartOf":{"@id":"https:\/\/datarecovery.ping.fm\/tr\/#website"},"datePublished":"2024-01-26T10:53:03+00:00","dateModified":"2024-04-19T06:42:10+00:00","breadcrumb":{"@id":"https:\/\/datarecovery.ping.fm\/tr\/windows-7-recovery-software\/#breadcrumb"},"inLanguage":"tr","potentialAction":[{"@type":"ReadAction","target":["https:\/\/datarecovery.ping.fm\/tr\/windows-7-recovery-software\/"]}]},{"@type":"BreadcrumbList","@id":"https:\/\/datarecovery.ping.fm\/tr\/windows-7-recovery-software\/#breadcrumb","itemListElement":[{"@type":"ListItem","position":1,"name":"Home","item":"https:\/\/datarecovery.ping.fm\/tr\/"},{"@type":"ListItem","position":2,"name":"Windows 7 \u0130\u00e7in En \u0130yi Veri Kurtarma Programlar\u0131"}]},{"@type":"WebSite","@id":"https:\/\/datarecovery.ping.fm\/tr\/#website","url":"https:\/\/datarecovery.ping.fm\/tr\/","name":"Data Recovery Software","description":"","potentialAction":[{"@type":"SearchAction","target":{"@type":"EntryPoint","urlTemplate":"https:\/\/datarecovery.ping.fm\/tr\/?s={search_term_string}"},"query-input":"required name=search_term_string"}],"inLanguage":"tr"}]}},"_links":{"self":[{"href":"https:\/\/datarecovery.ping.fm\/tr\/wp-json\/wp\/v2\/pages\/44432"}],"collection":[{"href":"https:\/\/datarecovery.ping.fm\/tr\/wp-json\/wp\/v2\/pages"}],"about":[{"href":"https:\/\/datarecovery.ping.fm\/tr\/wp-json\/wp\/v2\/types\/page"}],"replies":[{"embeddable":true,"href":"https:\/\/datarecovery.ping.fm\/tr\/wp-json\/wp\/v2\/comments?post=44432"}],"version-history":[{"count":0,"href":"https:\/\/datarecovery.ping.fm\/tr\/wp-json\/wp\/v2\/pages\/44432\/revisions"}],"wp:featuredmedia":[{"embeddable":true,"href":"https:\/\/datarecovery.ping.fm\/tr\/wp-json\/wp\/v2\/media\/44433"}],"wp:attachment":[{"href":"https:\/\/datarecovery.ping.fm\/tr\/wp-json\/wp\/v2\/media?parent=44432"}],"curies":[{"name":"wp","href":"https:\/\/api.w.org\/{rel}","templated":true}]}}