{"id":44024,"date":"2024-02-22T06:28:29","date_gmt":"2024-02-22T06:28:29","guid":{"rendered":"https:\/\/www.ping.fm\/data-recovery-software\/hard-drive-repair-software\/"},"modified":"2024-04-23T08:06:23","modified_gmt":"2024-04-23T08:06:23","slug":"hard-drive-repair-software","status":"publish","type":"page","link":"https:\/\/datarecovery.ping.fm\/tr\/hard-drive-repair-software\/","title":{"rendered":"2024 y\u0131l\u0131nda sert disk veri kurtarma alan\u0131nda lider yaz\u0131l\u0131m"},"content":{"rendered":"<section>\n<h1>2024&#8217;te Kullan\u0131lacak En \u0130yi Hard Disk Tamir Yaz\u0131l\u0131m\u0131<\/h1>\n<div class=\"inbrief\">\n<div>                     <img src=\"https:\/\/www.ping.fm\/data-recovery-software\/wp-content\/uploads\/ai\/Best-Hard-Drive-Repair-Software-to-Use-in-2024-Turkish.jpg\" alt=\"2024'te Kullan\u0131lacak En \u0130yi Hard Disk Tamir Yaz\u0131l\u0131m\u0131\" title=\"2024'te Kullan\u0131lacak En \u0130yi Hard Disk Tamir Yaz\u0131l\u0131m\u0131\" width=\"1280\" height=\"720\">                     <\/p>\n<p>Bilgisayar kullan\u0131c\u0131lar\u0131 i\u00e7in hard disk ar\u0131zas\u0131 ihtimalinden daha can s\u0131k\u0131c\u0131 az \u015fey vard\u0131r. Korkulan &#8216;\u00f6l\u00fcm t\u0131k\u0131rt\u0131s\u0131&#8217; ya da anla\u015f\u0131lmaz bir hata mesaj\u0131 olsun, ar\u0131zal\u0131 bir hard disk \u00fcstesinden gelinmesi imkans\u0131z bir sorun gibi g\u00f6r\u00fcnebilir. Ancak, verilerinizi kurtarabilen ve diskinizin \u00f6mr\u00fcn\u00fc uzatabilecek bir dizi hard disk tamir arac\u0131 mevcuttur. Bu makalede, piyasadaki en iyi hard disk tamir ara\u00e7lar\u0131ndan baz\u0131lar\u0131na rehberlik edece\u011fiz. Herhangi bir dijital can simidinin olmazsa olmaz ara\u00e7 tak\u0131m\u0131na birlikte g\u00f6z atal\u0131m.<\/p>\n<\/div>\n<\/div>\n<\/section>\n<section>\n<div class=\"medal\">\n<div>&#129351;<\/div>\n<\/div>\n<h2><a href='https:\/\/www.cleverfiles.com\/' rel=\"nofollow noopener\" target='_blank'>Disk Drill<\/a><\/h2>\n<p><img src=\"https:\/\/www.ping.fm\/data-recovery-software\/wp-content\/uploads\/ai\/https---www-cleverfiles-com-Turkish.jpg\" alt=\"https:\/\/www.cleverfiles.com\/ ekran g\u00f6r\u00fcnt\u00fcs\u00fc\" width=\"1280\" height=\"720\"><\/p>\n<p>Veri kayb\u0131n\u0131n \u00e7alkant\u0131l\u0131 denizlerinde ki\u015fisel deneyimimle bir can simidi buldum; <b>Disk Drill<\/b>, veri kurtarma ve hard disk analizi i\u00e7in tasarlanm\u0131\u015f kapsaml\u0131 bir yard\u0131mc\u0131 programd\u0131r. Kullan\u0131c\u0131 dostu aray\u00fcz\u00fc, kurtarma i\u015flemini basitle\u015ftirerek hem yeni ba\u015flayanlar hem de uzmanlar i\u00e7in eri\u015filebilir hale getirir. Disk Drill&#8217;in \u00f6zellikleri, Recovery Vault ve S\u00fcr\u00fcc\u00fc yedekleme gibi <b>veri koruma<\/b> yard\u0131mc\u0131 programlar\u0131yla kurtarma \u00f6tesine geni\u015fler.<\/p>\n<p><a href='https:\/\/www.cleverfiles.com\/' rel=\"nofollow noopener\" target='_blank' class='ofWSite'>Resmi Web Sitesi<\/a><\/p>\n<h3 class='prosTitle'>Art\u0131lar\u0131<\/h3>\n<ul class='listpc pros'>\n<li>Sezgisel kullan\u0131c\u0131 aray\u00fcz\u00fc<\/li>\n<li>G\u00fc\u00e7l\u00fc tarama algoritmalar\u0131<\/li>\n<\/ul>\n<h3 class='consTitle'>Eksileri<\/h3>\n<ul class='listpc cons'>\n<li>\u00dccretsiz versiyonun veri kurtarma s\u0131n\u0131rlar\u0131 vard\u0131r<\/li>\n<li>Geli\u015fmi\u015f \u00f6zellikler premium versiyon gerektirir<\/li>\n<\/ul>\n<\/section>\n<section>\n<div class=\"medal\">\n<div>&#129352;<\/div>\n<\/div>\n<h2><a href='https:\/\/www.cgsecurity.org\/wiki\/TestDisk' rel=\"nofollow noopener\" target='_blank'>TestDisk<\/a><\/h2>\n<p><img src=\"https:\/\/www.ping.fm\/data-recovery-software\/wp-content\/uploads\/ai\/https---www-cgsecurity-org-wiki-TestDiskTurkish.jpg\" alt=\"https:\/\/www.cgsecurity.org\/wiki\/TestDisk ekran g\u00f6r\u00fcnt\u00fcs\u00fc\" width=\"1280\" height=\"720\"><\/p>\n<p><b>TestDisk<\/b>, kaybolan b\u00f6l\u00fcmleri kurtarmada ve ba\u015flatmay\u0131 reddeden \u00f6ny\u00fcklenebilir s\u00fcr\u00fcc\u00fcleri d\u00fczeltmede ger\u00e7ek bir g\u00fc\u00e7 merkezidir. Derin i\u015flevselli\u011fe sayg\u0131 duyulan, a\u00e7\u0131k kaynakl\u0131 bir ara\u00e7t\u0131r. Komut sat\u0131r\u0131 aray\u00fcz\u00fc \u00fczerinden \u00e7al\u0131\u015farak baz\u0131lar\u0131 i\u00e7in zorlay\u0131c\u0131 olabilir, ancak b\u00f6l\u00fcm tablolar\u0131n\u0131 kurtarma ve dosya sistemlerini d\u00fczeltme konusundaki etkinli\u011fi inkar edilemez.<\/p>\n<p><a href='https:\/\/www.cgsecurity.org\/wiki\/TestDisk' rel=\"nofollow noopener\" target='_blank' class='ofWSite'>Resmi Web Sitesi<\/a><\/p>\n<h3 class='prosTitle'>Art\u0131lar\u0131<\/h3>\n<ul class='listpc pros'>\n<li>Kaybolan b\u00f6l\u00fcmleri kurtarabilir<\/li>\n<li>S\u0131k g\u00fcncellemelerle a\u00e7\u0131k kaynak<\/li>\n<\/ul>\n<h3 class='consTitle'>Eksileri<\/h3>\n<ul class='listpc cons'>\n<li>Komut sat\u0131r\u0131 aray\u00fcz\u00fc baz\u0131 kullan\u0131c\u0131lar i\u00e7in zorlay\u0131c\u0131 olabilir<\/li>\n<li>Grafiksel kullan\u0131c\u0131 aray\u00fcz\u00fc yok<\/li>\n<\/ul>\n<\/section>\n<section>\n<div class=\"medal\">\n<div>&#129353;<\/div>\n<\/div>\n<h2>GParted<\/h2>\n<p><b>GParted<\/b> uygulamas\u0131, veri kayb\u0131na u\u011framadan disk b\u00f6l\u00fcmlerini yeniden boyutland\u0131rma, kopyalama ve ta\u015f\u0131ma konusunda parlayan \u00fccretsiz, a\u00e7\u0131k kaynak bir b\u00f6l\u00fcmleme edit\u00f6r\u00fcd\u00fcr. \u00c7e\u015fitli dosya sistemlerini destekler ve genellikle sabit disk alan\u0131n\u0131 y\u00f6netmek i\u00e7in kullan\u0131l\u0131r. Basit bir grafik aray\u00fcz\u00fcne sahip olan GParted, canl\u0131 bir USB&#8217;den \u00e7al\u0131\u015ft\u0131r\u0131labilir, bu da onu ta\u015f\u0131nabilir ve esnek bir disk y\u00f6netimi arac\u0131 haline getirir.<\/p>\n<h3 class='prosTitle'>Art\u0131lar<\/h3>\n<ul class='listpc pros'>\n<li>Geni\u015f dosya sistemleri deste\u011fi<\/li>\n<li>Grafik kullan\u0131c\u0131 aray\u00fcz\u00fc<\/li>\n<\/ul>\n<h3 class='consTitle'>Eksiler<\/h3>\n<ul class='listpc cons'>\n<li>Karma\u015f\u0131k kurtarma senaryolar\u0131n\u0131 ele alamayabilir<\/li>\n<li>Acemiler i\u00e7in a\u015f\u0131r\u0131 se\u00e7enekler<\/li>\n<\/ul>\n<\/section>\n<section>\n<div class=\"no-medal\">\n<div>4<\/div>\n<\/div>\n<h2><a href='https:\/\/hddscan.com\/' rel=\"nofollow noopener\" target='_blank'>HDDScan<\/a><\/h2>\n<p><img src=\"https:\/\/www.ping.fm\/data-recovery-software\/wp-content\/uploads\/ai\/https---hddscan-com-Turkish.jpg\" alt=\"https:\/\/hddscan.com\/ ekran g\u00f6r\u00fcnt\u00fcs\u00fc\" width=\"1280\" height=\"720\"><\/p>\n<p><b>HDDScan<\/b>, sabit disk te\u015fhisleri i\u00e7in \u00fccretsiz bir yaz\u0131l\u0131md\u0131r. K\u00f6t\u00fc sekt\u00f6rleri kontrol etmek, SMART \u00f6zniteliklerini izlemek ve d\u00fc\u015f\u00fck seviyeli k\u0131yaslama yapmak i\u00e7in kullan\u0131labilecek \u00e7e\u015fitli testler sunar. Buldu\u011fum \u00f6zellikle yard\u0131mc\u0131 olan, bu te\u015fhisleri s\u00fcr\u00fcc\u00fcden veriyi kald\u0131rmadan ger\u00e7ekle\u015ftirebilmesidir\u2014veri kayb\u0131n\u0131 daha da \u00f6nlemeye \u00e7al\u0131\u015f\u0131rken bu kritiktir.<\/p>\n<p><a href='https:\/\/hddscan.com\/' rel=\"nofollow noopener\" target='_blank' class='ofWSite'>Resmi Web Sitesi<\/a><\/p>\n<h3 class='prosTitle'>Art\u0131lar<\/h3>\n<ul class='listpc pros'>\n<li>Y\u00fckleme gerektirmez (ta\u015f\u0131nabilir)<\/li>\n<li>S\u00fcr\u00fcc\u00fc sa\u011fl\u0131\u011f\u0131 hakk\u0131nda detayl\u0131 raporlama<\/li>\n<\/ul>\n<h3 class='consTitle'>Eksiler<\/h3>\n<ul class='listpc cons'>\n<li>Kullan\u0131c\u0131 aray\u00fcz\u00fc acemiler i\u00e7in karma\u015f\u0131k olabilir<\/li>\n<li>S\u0131n\u0131rl\u0131 tamir yetenekleri<\/li>\n<\/ul>\n<\/section>\n<section>\n<div class=\"no-medal\">\n<div>5<\/div>\n<\/div>\n<h2><a href='https:\/\/www.crystalmark.info\/en\/software\/crystaldiskinfo\/' rel=\"nofollow noopener\" target='_blank'>CrystalDiskInfo<\/a><\/h2>\n<p><img src=\"https:\/\/www.ping.fm\/data-recovery-software\/wp-content\/uploads\/ai\/https---www-crystalmark.info-en-software-crystaldiskinfo-.jpg\" alt=\"https:\/\/www.crystalmark.info\/en\/software\/crystaldiskinfo\/ ekran g\u00f6r\u00fcnt\u00fcs\u00fc\" width=\"1280\" height=\"720\"><\/p>\n<p>Sabit diskin sa\u011fl\u0131\u011f\u0131n\u0131 izlerken, <b>CrystalDiskInfo<\/b> her zaman alet \u00e7antamda bulunur. Bu, sabit diskin SMART bilgileri hakk\u0131nda sizi haberdar ederek olas\u0131 s\u00fcr\u00fcc\u00fc ar\u0131zalar\u0131 i\u00e7in erken uyar\u0131 sistemi g\u00f6revi g\u00f6ren \u00fccretsiz bir yard\u0131mc\u0131 ara\u00e7t\u0131r. Ger\u00e7ek zamanl\u0131 izleme ve uyar\u0131larla CrystalDiskInfo, kullan\u0131c\u0131lara verilerini korumada proaktif davranmalar\u0131n\u0131 sa\u011flar.<\/p>\n<p><a href='https:\/\/www.crystalmark.info\/en\/software\/crystaldiskinfo\/' rel=\"nofollow noopener\" target='_blank' class='ofWSite'>Resmi Web Sitesi<\/a><\/p>\n<h3 class='prosTitle'>Art\u0131lar<\/h3>\n<ul class='listpc pros'>\n<li>Ger\u00e7ek zamanl\u0131 SMART izleme<\/li>\n<li>Kullan\u0131c\u0131 dostu aray\u00fcz<\/li>\n<\/ul>\n<h3 class='consTitle'>Eksiler<\/h3>\n<ul class='listpc cons'>\n<li>Sadece izleme (tamir se\u00e7enekleri yok)<\/li>\n<li>\u00dccretsiz versiyonda reklamlar<\/li>\n<\/ul>\n<\/section>\n<section>\n<h2>Sonu\u00e7:<\/h2>\n<div class=\"nonp\">\n<p>Sabit diskinizin sa\u011fl\u0131\u011f\u0131n\u0131 korumak ve verilerinizin g\u00fcvenli\u011fini sa\u011flamak s\u00fcrekli bir s\u00fcre\u00e7tir. Tamir ara\u00e7lar\u0131n\u0131 kullanman\u0131n yan\u0131 s\u0131ra, <b>d\u00fczenli bak\u0131m<\/b> al\u0131\u015fkanl\u0131\u011f\u0131 edinmek, \u00f6rne\u011fin Windows&#8217;taki <b>CHKDSK<\/b> veya macOS&#8217;taki <b>Disk Yard\u0131mc\u0131s\u0131<\/b> gibi yerle\u015fik ara\u00e7larla periyodik olarak disk hatalar\u0131 i\u00e7in kontrol yapmak gibi al\u0131\u015fkanl\u0131klar da \u00f6nemlidir. \u00d6nleyici tedbirler temel olsa da, bazen kurtarman\u0131n ka\u00e7\u0131n\u0131lmaz oldu\u011fu durumlar vard\u0131r. Bu gibi durumlarda, tamir ara\u00e7lar\u0131n\u0131n yeteneklerini ve s\u0131n\u0131rlamalar\u0131n\u0131 anlamak hayati \u00f6nem ta\u015f\u0131maktad\u0131r. Yaz\u0131l\u0131m ara\u00e7lar\u0131 ile yap\u0131lan kurtarma operasyonlar\u0131, pahal\u0131 olabilecek ve her zaman gerekli olmayan profesyonel hizmetlere ba\u015fvurmadan \u00f6nce denenmelidir. <a href='https:\/\/www.techradar.com\/' rel=\"nofollow noopener\" target='_blank'>TechRadar<\/a> ve <a href='https:\/\/www.pcworld.com\/' rel=\"nofollow noopener\" target='_blank'>PCWorld<\/a> gibi sitelerdeki makalelerin en yeni ara\u00e7lar ve teknikler konusunda g\u00fcncel kalmamda yard\u0131mc\u0131 oldu\u011funu buldum.<\/p>\n<\/div>\n<\/section>\n","protected":false},"excerpt":{"rendered":"<p>2024&#8217;te Kullan\u0131lacak En \u0130yi Hard Disk Tamir Yaz\u0131l\u0131m\u0131 Bilgisayar kullan\u0131c\u0131lar\u0131 i\u00e7in hard disk ar\u0131zas\u0131 ihtimalinden daha can s\u0131k\u0131c\u0131 az \u015fey vard\u0131r. Korkulan &#8216;\u00f6l\u00fcm t\u0131k\u0131rt\u0131s\u0131&#8217; ya da anla\u015f\u0131lmaz bir hata mesaj\u0131 olsun, ar\u0131zal\u0131 bir hard disk \u00fcstesinden gelinmesi imkans\u0131z bir sorun gibi g\u00f6r\u00fcnebilir. Ancak, verilerinizi kurtarabilen ve diskinizin \u00f6mr\u00fcn\u00fc uzatabilecek bir dizi hard disk tamir arac\u0131 [&hellip;]<\/p>\n","protected":false},"author":0,"featured_media":44949,"parent":0,"menu_order":0,"comment_status":"closed","ping_status":"closed","template":"chromecast.php","meta":{"_stopmodifiedupdate":false,"_modified_date":"","_lmt_disableupdate":"","_lmt_disable":""},"acf":[],"yoast_head":"<!-- This site is optimized with the Yoast SEO plugin v20.9 - https:\/\/yoast.com\/wordpress\/plugins\/seo\/ -->\n<title>Ta\u015f\u0131nabilir Sabit Disk Onar\u0131m Yaz\u0131l\u0131m\u0131 2024 | Derecelendirme<\/title>\n<meta name=\"robots\" content=\"index, follow, max-snippet:-1, max-image-preview:large, max-video-preview:-1\" \/>\n<link rel=\"canonical\" href=\"https:\/\/datarecovery.ping.fm\/tr\/hard-drive-repair-software\/\" \/>\n<meta property=\"og:locale\" content=\"tr_TR\" \/>\n<meta property=\"og:type\" content=\"article\" \/>\n<meta property=\"og:title\" content=\"Ta\u015f\u0131nabilir Sabit Disk Onar\u0131m Yaz\u0131l\u0131m\u0131 2024 | Derecelendirme\" \/>\n<meta property=\"og:description\" content=\"2024&#8217;te Kullan\u0131lacak En \u0130yi Hard Disk Tamir Yaz\u0131l\u0131m\u0131 Bilgisayar kullan\u0131c\u0131lar\u0131 i\u00e7in hard disk ar\u0131zas\u0131 ihtimalinden daha can s\u0131k\u0131c\u0131 az \u015fey vard\u0131r. Korkulan &#8216;\u00f6l\u00fcm t\u0131k\u0131rt\u0131s\u0131&#8217; ya da anla\u015f\u0131lmaz bir hata mesaj\u0131 olsun, ar\u0131zal\u0131 bir hard disk \u00fcstesinden gelinmesi imkans\u0131z bir sorun gibi g\u00f6r\u00fcnebilir. Ancak, verilerinizi kurtarabilen ve diskinizin \u00f6mr\u00fcn\u00fc uzatabilecek bir dizi hard disk tamir arac\u0131 [&hellip;]\" \/>\n<meta property=\"og:url\" content=\"https:\/\/datarecovery.ping.fm\/tr\/hard-drive-repair-software\/\" \/>\n<meta property=\"og:site_name\" content=\"Data Recovery Software\" \/>\n<meta property=\"article:modified_time\" content=\"2024-04-23T08:06:23+00:00\" \/>\n<meta property=\"og:image\" content=\"https:\/\/datarecovery.ping.fm\/wp-content\/uploads\/2024\/04\/Best-Hard-Drive-Repair-Software-to-Use-in-2024-Turkish-1.jpg\" \/>\n\t<meta property=\"og:image:width\" content=\"1280\" \/>\n\t<meta property=\"og:image:height\" content=\"731\" \/>\n\t<meta property=\"og:image:type\" content=\"image\/jpeg\" \/>\n<meta name=\"twitter:card\" content=\"summary_large_image\" \/>\n<meta name=\"twitter:label1\" content=\"Est. reading time\" \/>\n\t<meta name=\"twitter:data1\" content=\"4 dakika\" \/>\n<script type=\"application\/ld+json\" class=\"yoast-schema-graph\">{\"@context\":\"https:\/\/schema.org\",\"@graph\":[{\"@type\":\"WebPage\",\"@id\":\"https:\/\/datarecovery.ping.fm\/tr\/hard-drive-repair-software\/\",\"url\":\"https:\/\/datarecovery.ping.fm\/tr\/hard-drive-repair-software\/\",\"name\":\"Ta\u015f\u0131nabilir Sabit Disk Onar\u0131m Yaz\u0131l\u0131m\u0131 2024 | Derecelendirme\",\"isPartOf\":{\"@id\":\"https:\/\/datarecovery.ping.fm\/tr\/#website\"},\"datePublished\":\"2024-02-22T06:28:29+00:00\",\"dateModified\":\"2024-04-23T08:06:23+00:00\",\"breadcrumb\":{\"@id\":\"https:\/\/datarecovery.ping.fm\/tr\/hard-drive-repair-software\/#breadcrumb\"},\"inLanguage\":\"tr\",\"potentialAction\":[{\"@type\":\"ReadAction\",\"target\":[\"https:\/\/datarecovery.ping.fm\/tr\/hard-drive-repair-software\/\"]}]},{\"@type\":\"BreadcrumbList\",\"@id\":\"https:\/\/datarecovery.ping.fm\/tr\/hard-drive-repair-software\/#breadcrumb\",\"itemListElement\":[{\"@type\":\"ListItem\",\"position\":1,\"name\":\"Home\",\"item\":\"https:\/\/datarecovery.ping.fm\/tr\/\"},{\"@type\":\"ListItem\",\"position\":2,\"name\":\"2024 y\u0131l\u0131nda sert disk veri kurtarma alan\u0131nda lider yaz\u0131l\u0131m\"}]},{\"@type\":\"WebSite\",\"@id\":\"https:\/\/datarecovery.ping.fm\/tr\/#website\",\"url\":\"https:\/\/datarecovery.ping.fm\/tr\/\",\"name\":\"Data Recovery Software\",\"description\":\"\",\"potentialAction\":[{\"@type\":\"SearchAction\",\"target\":{\"@type\":\"EntryPoint\",\"urlTemplate\":\"https:\/\/datarecovery.ping.fm\/tr\/?s={search_term_string}\"},\"query-input\":\"required name=search_term_string\"}],\"inLanguage\":\"tr\"}]}<\/script>\n<!-- \/ Yoast SEO plugin. -->","yoast_head_json":{"title":"Ta\u015f\u0131nabilir Sabit Disk Onar\u0131m Yaz\u0131l\u0131m\u0131 2024 | Derecelendirme","robots":{"index":"index","follow":"follow","max-snippet":"max-snippet:-1","max-image-preview":"max-image-preview:large","max-video-preview":"max-video-preview:-1"},"canonical":"https:\/\/datarecovery.ping.fm\/tr\/hard-drive-repair-software\/","og_locale":"tr_TR","og_type":"article","og_title":"Ta\u015f\u0131nabilir Sabit Disk Onar\u0131m Yaz\u0131l\u0131m\u0131 2024 | Derecelendirme","og_description":"2024&#8217;te Kullan\u0131lacak En \u0130yi Hard Disk Tamir Yaz\u0131l\u0131m\u0131 Bilgisayar kullan\u0131c\u0131lar\u0131 i\u00e7in hard disk ar\u0131zas\u0131 ihtimalinden daha can s\u0131k\u0131c\u0131 az \u015fey vard\u0131r. Korkulan &#8216;\u00f6l\u00fcm t\u0131k\u0131rt\u0131s\u0131&#8217; ya da anla\u015f\u0131lmaz bir hata mesaj\u0131 olsun, ar\u0131zal\u0131 bir hard disk \u00fcstesinden gelinmesi imkans\u0131z bir sorun gibi g\u00f6r\u00fcnebilir. Ancak, verilerinizi kurtarabilen ve diskinizin \u00f6mr\u00fcn\u00fc uzatabilecek bir dizi hard disk tamir arac\u0131 [&hellip;]","og_url":"https:\/\/datarecovery.ping.fm\/tr\/hard-drive-repair-software\/","og_site_name":"Data Recovery Software","article_modified_time":"2024-04-23T08:06:23+00:00","og_image":[{"width":1280,"height":731,"url":"https:\/\/datarecovery.ping.fm\/wp-content\/uploads\/2024\/04\/Best-Hard-Drive-Repair-Software-to-Use-in-2024-Turkish-1.jpg","type":"image\/jpeg"}],"twitter_card":"summary_large_image","twitter_misc":{"Est. reading time":"4 dakika"},"schema":{"@context":"https:\/\/schema.org","@graph":[{"@type":"WebPage","@id":"https:\/\/datarecovery.ping.fm\/tr\/hard-drive-repair-software\/","url":"https:\/\/datarecovery.ping.fm\/tr\/hard-drive-repair-software\/","name":"Ta\u015f\u0131nabilir Sabit Disk Onar\u0131m Yaz\u0131l\u0131m\u0131 2024 | Derecelendirme","isPartOf":{"@id":"https:\/\/datarecovery.ping.fm\/tr\/#website"},"datePublished":"2024-02-22T06:28:29+00:00","dateModified":"2024-04-23T08:06:23+00:00","breadcrumb":{"@id":"https:\/\/datarecovery.ping.fm\/tr\/hard-drive-repair-software\/#breadcrumb"},"inLanguage":"tr","potentialAction":[{"@type":"ReadAction","target":["https:\/\/datarecovery.ping.fm\/tr\/hard-drive-repair-software\/"]}]},{"@type":"BreadcrumbList","@id":"https:\/\/datarecovery.ping.fm\/tr\/hard-drive-repair-software\/#breadcrumb","itemListElement":[{"@type":"ListItem","position":1,"name":"Home","item":"https:\/\/datarecovery.ping.fm\/tr\/"},{"@type":"ListItem","position":2,"name":"2024 y\u0131l\u0131nda sert disk veri kurtarma alan\u0131nda lider yaz\u0131l\u0131m"}]},{"@type":"WebSite","@id":"https:\/\/datarecovery.ping.fm\/tr\/#website","url":"https:\/\/datarecovery.ping.fm\/tr\/","name":"Data Recovery Software","description":"","potentialAction":[{"@type":"SearchAction","target":{"@type":"EntryPoint","urlTemplate":"https:\/\/datarecovery.ping.fm\/tr\/?s={search_term_string}"},"query-input":"required name=search_term_string"}],"inLanguage":"tr"}]}},"_links":{"self":[{"href":"https:\/\/datarecovery.ping.fm\/tr\/wp-json\/wp\/v2\/pages\/44024"}],"collection":[{"href":"https:\/\/datarecovery.ping.fm\/tr\/wp-json\/wp\/v2\/pages"}],"about":[{"href":"https:\/\/datarecovery.ping.fm\/tr\/wp-json\/wp\/v2\/types\/page"}],"replies":[{"embeddable":true,"href":"https:\/\/datarecovery.ping.fm\/tr\/wp-json\/wp\/v2\/comments?post=44024"}],"version-history":[{"count":0,"href":"https:\/\/datarecovery.ping.fm\/tr\/wp-json\/wp\/v2\/pages\/44024\/revisions"}],"wp:featuredmedia":[{"embeddable":true,"href":"https:\/\/datarecovery.ping.fm\/tr\/wp-json\/wp\/v2\/media\/44949"}],"wp:attachment":[{"href":"https:\/\/datarecovery.ping.fm\/tr\/wp-json\/wp\/v2\/media?parent=44024"}],"curies":[{"name":"wp","href":"https:\/\/api.w.org\/{rel}","templated":true}]}}