{"id":43616,"date":"2024-01-19T08:26:18","date_gmt":"2024-01-19T08:26:18","guid":{"rendered":"https:\/\/www.ping.fm\/data-recovery-software\/remove-write-protection-from-sd-card\/"},"modified":"2024-04-18T08:17:54","modified_gmt":"2024-04-18T08:17:54","slug":"remove-write-protection-from-sd-card","status":"publish","type":"page","link":"https:\/\/datarecovery.ping.fm\/tr\/remove-write-protection-from-sd-card\/","title":{"rendered":"\u0130\u015fte Windows&#8217;ta bir Micro SD karttan yazma korumas\u0131n\u0131 nas\u0131l kald\u0131rabilirsiniz."},"content":{"rendered":"<section>\n<h1>Windows&#8217;ta Micro SD Karttan Yazma Korumas\u0131n\u0131 Kald\u0131rma<\/h1>\n<div class=\"inbrief\">\n<div>                           <img decoding=\"async\" class=\"lazyload\" srcset=\"data:image\/png;base64,iVBORw0KGgoAAAANSUhEUgAABLAAAAKkAQMAAAAqeFQ7AAAAA3NCSVQICAjb4U\/gAAAABlBMVEX\/\/\/\/\/\/\/9VfPVsAAAAAnRSTlMA\/1uRIrUAAAAJcEhZcwAACxIAAAsSAdLdfvwAAAAcdEVYdFNvZnR3YXJlAEFkb2JlIEZpcmV3b3JrcyBDUzbovLKMAAAAFnRFWHRDcmVhdGlvbiBUaW1lADAxLzI5LzE536V52wAAAHpJREFUeJztwQENAAAAwqD3T20ON6AAAAAAAAAAAAAAAAAAAAAAAAAAAAAAAAAAAAAAAAAAAAAAAAAAAAAAAAAAAAAAAAAAAAAAAAAAAAAAAAAAAAAAAAAAAAAAAAAAAAAAAAAAAAAAAAAAAAAAAAAAAAAAAAAAAIAHA47LAAHp9LjEAAAAAElFTkSuQmCC\" src=\"https:\/\/www.ping.fm\/data-recovery-software\/wp-content\/uploads\/ai\/How-to-Remove-Write-Protection-from-Micro-SD-Card-on-Windows-Turkish.jpg\" data-srcset=\"https:\/\/www.ping.fm\/data-recovery-software\/wp-content\/uploads\/ai\/How-to-Remove-Write-Protection-from-Micro-SD-Card-on-Windows-Turkish.jpg\" data-lazy-type=\"image\" data-original=\"https:\/\/www.ping.fm\/data-recovery-software\/wp-content\/uploads\/ai\/How-to-Remove-Write-Protection-from-Micro-SD-Card-on-Windows-Turkish.jpg\" alt=\"Windows'ta Micro SD Karttan Yazma Korumas\u0131n\u0131 Kald\u0131rma\" title=\"Windows'ta Micro SD Karttan Yazma Korumas\u0131n\u0131 Kald\u0131rma\" width=\"1280\" height=\"720\">                           <\/p>\n<p>Hi\u00e7 SD kart\u0131n\u0131zdaki dosyalar\u0131 ekleyemedi\u011finiz, silemedi\u011finiz veya de\u011fi\u015ftiremedi\u011finiz oldu mu? Su\u00e7lu genellikle k\u00fc\u00e7\u00fck ama g\u00fc\u00e7l\u00fc bir d\u00fc\u015fman olabilir: yazma korumas\u0131. Bir SD karttan yazma korumas\u0131n\u0131 kald\u0131rmak zorlay\u0131c\u0131 olabilir ama korkmay\u0131n! Ben bu s\u0131k\u0131c\u0131 problemlerle daha \u00f6nce kar\u015f\u0131la\u015ft\u0131m ve \u00e7e\u015fitli metotlar kullanarak onlar\u0131 hallettim. Verilerinizin tekrar d\u00fczenlenmesi i\u00e7in SD kart\u0131ndan yazma korumas\u0131n\u0131 nas\u0131l kald\u0131rabilece\u011finizi ke\u015ffederken, tecr\u00fcbelerime dayan\u0131n.<\/p>\n<\/div>\n<\/div>\n<\/section>\n<section>\n<div>\n<div>1<\/div>\n<h2>Ortak Senaryolar:<\/h2>\n<\/div>\n<h3>&#128274; Fiziksel Kilitleme Anahtar\u0131<\/h3>\n<ul>\n<li>Bir\u00e7ok SD kart, yazma korumas\u0131n\u0131 a\u00e7\u0131k veya kapal\u0131 konuma getiren yan tarafta k\u00fc\u00e7\u00fck bir <b>fiziksel anahtar<\/b> ile gelir.<\/li>\n<li>Bu anahtar\u0131n kazara &#8216;kilit&#8217; konumuna kayd\u0131r\u0131lmas\u0131, niyetiniz olmadan yazma korumas\u0131n\u0131n etkinle\u015fmesine yol a\u00e7abilir.<\/li>\n<li>Yazma korumal\u0131 SD kartlar <b>veri de\u011fi\u015fikli\u011fine izin vermeyerek<\/b>, dosyalar\u0131 kaydetmeye veya de\u011fi\u015fiklik yapmaya \u00e7al\u0131\u015f\u0131rken sorun yaratabilir.<\/li>\n<\/ul>\n<h3>&#128187; Yaz\u0131l\u0131ma Dayal\u0131 Koruma<\/h3>\n<ul>\n<li>Yazma korumas\u0131, cihaz\u0131n\u0131zdaki <b>yaz\u0131l\u0131m ayarlar\u0131<\/b> veya \u00f6zellikler nedeniyle de etkinle\u015fmi\u015f olabilir.<\/li>\n<li>Yaz\u0131l\u0131ma dayal\u0131 yazma korumas\u0131, bilgisayar\u0131n\u0131z\u0131n kay\u0131t defterindeki de\u011fi\u015fiklikler veya belirli depolama ayg\u0131t\u0131 y\u00f6netim yaz\u0131l\u0131mlar\u0131 nedeniyle olu\u015fabilir.<\/li>\n<li>Bu t\u00fcr koruma, fiziksel anahtar kadar <b>a\u00e7\u0131k olmayabilir<\/b>, genellikle kafa kar\u0131\u015f\u0131kl\u0131\u011f\u0131 yaratabilir.<\/li>\n<\/ul>\n<h3>&#128721; Bozulmu\u015f SD Kart Sorunlar\u0131<\/h3>\n<ul>\n<li><b>Bozulmu\u015f veya ar\u0131zal\u0131 bir SD kart<\/b> yeni verileri kabul edememesi veya de\u011fi\u015fiklik yap\u0131lamamas\u0131 nedeniyle yazma korumal\u0131 gibi g\u00f6r\u00fcnebilir.<\/li>\n<li>Bozulma, uygun olmayan \u00e7\u0131karma, fiziksel hasar veya elektriksel sorunlar nedeniyle olu\u015fabilir.<\/li>\n<li>E\u011fer yazma korumas\u0131n\u0131n nedeninin bozulma oldu\u011funu d\u00fc\u015f\u00fcn\u00fcyorsan\u0131z, SD kart\u0131n\u0131z\u0131n sa\u011fl\u0131\u011f\u0131n\u0131 <b>te\u015fhis etmek<\/b> \u00f6nemlidir.<\/li>\n<\/ul>\n<\/section>\n<section class=\"stepByStep\">\n<div>\n<div>2<\/div>\n<h2>Ad\u0131m Ad\u0131m K\u0131lavuz. Micro Sd Karttan Yazma Korumas\u0131n\u0131 Kald\u0131rma:<\/h2>\n<\/div>\n<h3>Y\u00f6ntem 1: Fiziksel Anahtar\u0131 Kontrol Etme &#128269;<\/h3>\n<ul>\n<li>SD kart\u0131n\u0131z\u0131n yan taraf\u0131n\u0131 inceleyerek <b>fiziksel anahtar\u0131<\/b> bulun.<\/li>\n<li>E\u011fer anahtar &#8216;kilit&#8217; konumundaysa, &#8216;a\u00e7\u0131k&#8217; taraf\u0131na kayd\u0131r\u0131n.<\/li>\n<li>Kart\u0131 bilgisayar\u0131n\u0131za tekrar tak\u0131n ve sorunun \u00e7\u00f6z\u00fcl\u00fcp \u00e7\u00f6z\u00fclmedi\u011fini kontrol etmek i\u00e7in bir dosyay\u0131 de\u011fi\u015ftirmeyi deneyin.<\/li>\n<\/ul>\n<p><b>Not:<\/b> E\u011fer anahtar gev\u015fekse veya hasar g\u00f6rm\u00fc\u015fse, kart tahmin edilemez \u015fekilde durumlar aras\u0131nda ge\u00e7i\u015f yapabilir.<\/p>\n<p><b>Sonu\u00e7:<\/b> Bu basit kontrol, yazma koruma problemine kolay bir \u00e7\u00f6z\u00fcm olabilir ve sizin \u00e7ok ba\u015f a\u011fr\u0131s\u0131 \u00e7ekmenizi engelleyebilir.<\/p>\n<h3>Y\u00f6ntem 2: Diskpart Komutunu Kullanma &#128187;<\/h3>\n<ul>\n<li><b>Windows tu\u015fu + X<\/b> bas\u0131n ve Komut \u0130stemi (Y\u00f6netici) veya Windows PowerShell (Y\u00f6netici) se\u00e7in.<\/li>\n<li><b>&#8216;diskpart&#8217;<\/b>&#8216; yaz\u0131n ve Enter&#8217;a bas\u0131n.<\/li>\n<li>Diskpart i\u00e7indeyken, b\u00fct\u00fcn ba\u011fl\u0131 depolama ayg\u0131tlar\u0131n\u0131 g\u00f6rmek i\u00e7in <b>&#8216;list disk&#8217;<\/b> yaz\u0131n.<\/li>\n<li>SD kart\u0131n\u0131z\u0131 <b>&#8216;select disk #&#8217;<\/b> yazarak se\u00e7in (burada # SD kart\u0131n\u0131z\u0131n numaras\u0131d\u0131r).<\/li>\n<li>Yazma korumas\u0131n\u0131 kald\u0131rmak i\u00e7in <b>&#8216;attributes disk clear readonly&#8217;<\/b> yaz\u0131n.<\/li>\n<\/ul>\n<p><b>Not:<\/b> Yanl\u0131\u015f depolama ayg\u0131t\u0131n\u0131 de\u011fi\u015ftirmemek i\u00e7in do\u011fru diski se\u00e7meye dikkat edin.<\/p>\n<p><b>Sonu\u00e7:<\/b> Diskpart, SD kart\u0131n\u0131zdaki yaz\u0131l\u0131ma dayal\u0131 yazma korumas\u0131n\u0131 ge\u00e7ersiz k\u0131lman\u0131za yard\u0131mc\u0131 olabilecek g\u00fc\u00e7l\u00fc bir ara\u00e7t\u0131r.<\/p>\n<h3>Y\u00f6ntem 3: Kay\u0131t Defterini D\u00fczenleme &#128421;<\/h3>\n<ul>\n<li>Arama \u00e7ubu\u011funa &#8216;regedit&#8217; yazarak <b>Kay\u0131t Defteri D\u00fczenleyici<\/b>&#8216;yi a\u00e7\u0131n ve Enter&#8217;a bas\u0131n.<\/li>\n<li><b>&#8216;HKEY_LOCAL_MACHINESYSTEMCurrentControlSetControlStorageDevicePolicies&#8217;<\/b> konumuna gidin.<\/li>\n<li>&#8216;WriteProtect&#8217; de\u011ferini 0 olarak de\u011fi\u015ftirin ve de\u011fi\u015fiklikleri kaydedin.<\/li>\n<li>E\u011fer &#8216;StorageDevicePolicies&#8217; mevcut de\u011filse, \u00f6nce bunu olu\u015fturman\u0131z ve ard\u0131ndan &#8216;WriteProtect&#8217; ad\u0131nda yeni bir DWORD olu\u015fturman\u0131z gerekebilir.<\/li>\n<\/ul>\n<p><b>Not:<\/b> Kay\u0131t defterini d\u00fczenlemek riskli olabilir; de\u011fi\u015fiklikler yapmadan \u00f6nce kay\u0131t defterinizi yedekleyin.<\/p>\n<p><b>Sonu\u00e7:<\/b> Kay\u0131t defterini de\u011fi\u015ftirmek, sistem ayarlar\u0131 de\u011fi\u015fiklikleriyle rahat olan kullan\u0131c\u0131lar taraf\u0131ndan ger\u00e7ekle\u015ftirilmesi gereken ileri d\u00fczey bir ad\u0131md\u0131r.<\/p>\n<h3>Y\u00f6ntem 4: Bozulmay\u0131 Kontrol Etme &#129657;<\/h3>\n<ul>\n<li><b>Windows Gezgini<\/b>&#8216;ni kullanarak SD kart\u0131n\u0131z\u0131n \u00fczerine sa\u011f t\u0131klay\u0131n ve &#8216;\u00d6zellikler&#8217;i se\u00e7in.<\/li>\n<li>&#8216;Ara\u00e7lar&#8217; sekmesine gidin ve Hata denetimi b\u00f6l\u00fcm\u00fcnde &#8216;Denetle&#8217; d\u00fc\u011fmesine t\u0131klay\u0131n.<\/li>\n<li>Windows&#8217;un buldu\u011fu sorunlar\u0131 taray\u0131p d\u00fczeltmesi i\u00e7in y\u00f6nlendirmeleri takip edin.<\/li>\n<li>E\u011fer Windows problemi d\u00fczeltemezse, SD Birli\u011fi taraf\u0131ndan \u00f6nerilen <a href=\"https:\/\/www.sdcard.org\/downloads\/formatter\/\" rel=\"nofollow external noopener noreferrer\" target=\"_blank\" data-wpel-link=\"external\">SD kart formatlama ara\u00e7lar\u0131n\u0131<\/a> kullanmay\u0131 d\u00fc\u015f\u00fcn\u00fcn.<\/li>\n<\/ul>\n<p><b>Not:<\/b> M\u00fcmk\u00fcnse verilerinizi ilk \u00f6nce yedekleyin \u00e7\u00fcnk\u00fc bozulma kontrolleri dosyalar\u0131 de\u011fi\u015ftirebilir veya silebilir.<\/p>\n<p><b>Sonu\u00e7:<\/b> Bozulma sorunlar\u0131, yazma korumas\u0131na benzer \u015fekilde g\u00f6r\u00fcnebilir ve bu sorunlar\u0131 \u00e7\u00f6zmek SD kart\u0131n\u0131z\u0131n normal i\u015flevselli\u011fini geri getirebilir.<\/p>\n<h3>Y\u00f6ntem 5: SD Kart\u0131 Formatlama &#128260;<\/h3>\n<ul>\n<li>SD kart\u0131n\u0131zdaki t\u00fcm gerekli verileri ba\u015fka bir depolama ayg\u0131t\u0131na yedekleyin.<\/li>\n<li><b>Windows Gezgini<\/b>&#8216;nde SD kart\u0131n \u00fczerine sa\u011f t\u0131klay\u0131n ve &#8216;Bi\u00e7imlendir&#8217;i se\u00e7in.<\/li>\n<li>\u0130stedi\u011finiz dosya sistemini se\u00e7in ve &#8216;H\u0131zl\u0131 Bi\u00e7imlendirme&#8217; se\u00e7ene\u011finin i\u015faretli olmad\u0131\u011f\u0131ndan emin olun ki tam bir bi\u00e7imlendirme ger\u00e7ekle\u015ftirilsin.<\/li>\n<li>Bi\u00e7imlendirme i\u015flemini ba\u015flat\u0131n ve tamamlanmas\u0131n\u0131 bekleyin.<\/li>\n<\/ul>\n<p><b>Not:<\/b> Bi\u00e7imlendirme, SD kart\u0131ndaki t\u00fcm verileri silecektir, bu y\u00fczden i\u015fleme ba\u015flamadan \u00f6nce bir yedeklemeniz olmas\u0131 \u00f6nemlidir.<\/p>\n<p><b>Sonu\u00e7:<\/b> Tam bir bi\u00e7imlendirme, olas\u0131 altta yatan sorunlar\u0131 d\u00fczeltebilir ve yazma korumas\u0131n\u0131 kald\u0131rabilir, ancak veri kayb\u0131 nedeniyle son \u00e7are olarak d\u00fc\u015f\u00fcn\u00fclmelidir.<\/p>\n<\/section>\n<section>\n<div>\n<div>3<\/div>\n<h2>Tedbirler ve \u0130pu\u00e7lar\u0131:<\/h2>\n<\/div>\n<h3>&#128519; Fiziksel Anahtarlarla \u0130lgili Dikkat<\/h3>\n<ul>\n<li>Yaz\u0131l\u0131msal \u00e7\u00f6z\u00fcmlere ge\u00e7meden \u00f6nce her zaman <b>fiziksel anahtar\u0131 kontrol edin<\/b>, \u00e7\u00fcnk\u00fc bu en basit ve en h\u0131zl\u0131 \u00e7\u00f6z\u00fcmd\u00fcr.<\/li>\n<li>SD kart\u0131 bir yuvaya veya adapt\u00f6re takarken, kazara &#8216;kilit&#8217; konumuna getirmemeye dikkat edin.<\/li>\n<\/ul>\n<h3>&#128269; D\u00fczenli Olarak Bozulmalar\u0131 Kontrol Edin<\/h3>\n<ul>\n<li>Periyodik olarak bozulma kontrol\u00fc yapmak, k\u00fc\u00e7\u00fck sorunlar\u0131n b\u00fcy\u00fck problemlere d\u00f6n\u00fc\u015fmesini \u00f6nleyebilir ve potansiyel olarak <b>yazma korumas\u0131 problemlerini engelleyebilir<\/b>.<\/li>\n<li><a href=\"https:\/\/support.microsoft.com\/en-us\/windows\/find-and-fix-disk-errors-using-chkdsk-a7fbacef-0d36-fe0b-d521-55c9df56c1f4\" rel=\"nofollow external noopener noreferrer\" target=\"_blank\" data-wpel-link=\"external\">CHKDSK arac\u0131<\/a>, dosya sisteminizin b\u00fct\u00fcnl\u00fc\u011f\u00fcn\u00fc do\u011frulamak ve mant\u0131ksal dosya sistemi hatalar\u0131n\u0131 d\u00fczeltmek i\u00e7in kullan\u0131labilir.<\/li>\n<\/ul>\n<\/section>\n<p>&#13;                          <\/p>\n<section>\n<div>\n<div>4<\/div>\n<h2>SD Kart Sa\u011fl\u0131\u011f\u0131n\u0131 ve Verilerini Koruma<\/h2>\n<\/div>\n<p>SD kart\u0131n \u00f6mr\u00fcn\u00fc ve i\u015flevselli\u011fini korumak, sadece yazma korumas\u0131n\u0131 kald\u0131rmaktan daha fazlas\u0131n\u0131 gerektirir. Kart\u0131 cihazlardan <b>g\u00fcvenli bir \u015fekilde \u00e7\u0131karmak<\/b>, <b>a\u015f\u0131r\u0131 s\u0131cakl\u0131klara<\/b> maruz kalmaktan ka\u00e7\u0131nmak ve kartlar\u0131n <b>fiziksel hasarlardan<\/b> uzak tutulmas\u0131na \u00f6zen g\u00f6stermek gibi iyi al\u0131\u015fkanl\u0131klar\u0131 s\u00fcrd\u00fcrmek \u00f6nemlidir. Ayr\u0131ca, sayg\u0131n markalardan y\u00fcksek kaliteli SD kartlar kullanmak sorunlarla kar\u015f\u0131la\u015fma riskini azaltabilir.<\/p>\n<p>SD kartlar\u0131 yo\u011fun bir \u015fekilde kullanan ki\u015filer, kartlar\u0131n\u0131z\u0131n sa\u011fl\u0131k ve durumunu izlemenize yard\u0131mc\u0131 olabilecek <b>SD kart y\u00f6netim yaz\u0131l\u0131mlar\u0131na<\/b> yat\u0131r\u0131m yapmay\u0131 d\u00fc\u015f\u00fcnebilir. Baz\u0131 yaz\u0131l\u0131mlar yanl\u0131\u015fl\u0131kla silme veya formatlama kazalar\u0131ndan sonra kurtarma se\u00e7enekleri gibi ileri d\u00fczey \u00f6zellikler sunar.<\/p>\n<\/section>\n<p>&#13;                          <\/p>\n<section>\n<h2>Sonu\u00e7:<\/h2>\n<div class=\"nonp\">\n<p>SD kartta yazma korumas\u0131 ile kar\u015f\u0131la\u015fmak \u015f\u00fcphesiz can s\u0131k\u0131c\u0131 bir durumdur, fakat d\u00fczg\u00fcn bir \u015fekilde ar\u0131za giderme yap\u0131ld\u0131\u011f\u0131nda genellikle sorun \u00e7\u00f6z\u00fclebilir. Do\u011fru <b>ara\u00e7lar\u0131<\/b> ve <b>teknikleri<\/b> kullanarak bu dijital engeli a\u015fabilir ve SD kart\u0131n\u0131z\u0131n normal kullan\u0131m\u0131na devam edebilirsiniz.<\/div>\n<\/section>\n<p>Bu sadece bir \u00e7eviri dizgisidir, bir g\u00f6rev de\u011fil! Yaln\u0131zca dizgi \u00e7evirisi. HTML etiketlerini kald\u0131rmak ya da eklemek \u00f6nemli de\u011fildir, kendi ba\u015f\u0131n\u0131za hi\u00e7bir \u015fey eklemeyin. \u00d6nemli olan dil ad\u0131n\u0131 eklememektir. Dizgi \u00e7evirisi:<\/p>\n","protected":false},"excerpt":{"rendered":"<p>Windows&#8217;ta Micro SD Karttan Yazma Korumas\u0131n\u0131 Kald\u0131rma Hi\u00e7 SD kart\u0131n\u0131zdaki dosyalar\u0131 ekleyemedi\u011finiz, silemedi\u011finiz veya de\u011fi\u015ftiremedi\u011finiz oldu mu? Su\u00e7lu genellikle k\u00fc\u00e7\u00fck ama g\u00fc\u00e7l\u00fc bir d\u00fc\u015fman olabilir: yazma korumas\u0131. Bir SD karttan yazma korumas\u0131n\u0131 kald\u0131rmak zorlay\u0131c\u0131 olabilir ama korkmay\u0131n! Ben bu s\u0131k\u0131c\u0131 problemlerle daha \u00f6nce kar\u015f\u0131la\u015ft\u0131m ve \u00e7e\u015fitli metotlar kullanarak onlar\u0131 hallettim. Verilerinizin tekrar d\u00fczenlenmesi i\u00e7in SD [&hellip;]<\/p>\n","protected":false},"author":0,"featured_media":43617,"parent":0,"menu_order":0,"comment_status":"closed","ping_status":"closed","template":"chromecast.php","meta":{"_stopmodifiedupdate":false,"_modified_date":"","_lmt_disableupdate":"","_lmt_disable":""},"acf":[],"yoast_head":"<!-- This site is optimized with the Yoast SEO plugin v20.9 - https:\/\/yoast.com\/wordpress\/plugins\/seo\/ -->\n<title>[\u00c7\u00f6z\u00fcm] MicroSD karttan yazma korumas\u0131n\u0131 nas\u0131l kald\u0131rabilirsiniz?<\/title>\n<meta name=\"robots\" content=\"index, follow, max-snippet:-1, max-image-preview:large, max-video-preview:-1\" \/>\n<link rel=\"canonical\" href=\"https:\/\/datarecovery.ping.fm\/tr\/remove-write-protection-from-sd-card\/\" \/>\n<meta property=\"og:locale\" content=\"tr_TR\" \/>\n<meta property=\"og:type\" content=\"article\" \/>\n<meta property=\"og:title\" content=\"[\u00c7\u00f6z\u00fcm] MicroSD karttan yazma korumas\u0131n\u0131 nas\u0131l kald\u0131rabilirsiniz?\" \/>\n<meta property=\"og:description\" content=\"Windows&#8217;ta Micro SD Karttan Yazma Korumas\u0131n\u0131 Kald\u0131rma Hi\u00e7 SD kart\u0131n\u0131zdaki dosyalar\u0131 ekleyemedi\u011finiz, silemedi\u011finiz veya de\u011fi\u015ftiremedi\u011finiz oldu mu? Su\u00e7lu genellikle k\u00fc\u00e7\u00fck ama g\u00fc\u00e7l\u00fc bir d\u00fc\u015fman olabilir: yazma korumas\u0131. Bir SD karttan yazma korumas\u0131n\u0131 kald\u0131rmak zorlay\u0131c\u0131 olabilir ama korkmay\u0131n! Ben bu s\u0131k\u0131c\u0131 problemlerle daha \u00f6nce kar\u015f\u0131la\u015ft\u0131m ve \u00e7e\u015fitli metotlar kullanarak onlar\u0131 hallettim. Verilerinizin tekrar d\u00fczenlenmesi i\u00e7in SD [&hellip;]\" \/>\n<meta property=\"og:url\" content=\"https:\/\/datarecovery.ping.fm\/tr\/remove-write-protection-from-sd-card\/\" \/>\n<meta property=\"og:site_name\" content=\"Data Recovery Software\" \/>\n<meta property=\"article:modified_time\" content=\"2024-04-18T08:17:54+00:00\" \/>\n<meta property=\"og:image\" content=\"https:\/\/datarecovery.ping.fm\/wp-content\/uploads\/2024\/04\/How-to-Remove-Write-Protection-from-Micro-SD-Card-on-Windows-Turkish.jpg\" \/>\n\t<meta property=\"og:image:width\" content=\"1280\" \/>\n\t<meta property=\"og:image:height\" content=\"731\" \/>\n\t<meta property=\"og:image:type\" content=\"image\/jpeg\" \/>\n<meta name=\"twitter:card\" content=\"summary_large_image\" \/>\n<meta name=\"twitter:label1\" content=\"Est. reading time\" \/>\n\t<meta name=\"twitter:data1\" content=\"6 dakika\" \/>\n<script type=\"application\/ld+json\" class=\"yoast-schema-graph\">{\"@context\":\"https:\/\/schema.org\",\"@graph\":[{\"@type\":\"WebPage\",\"@id\":\"https:\/\/datarecovery.ping.fm\/tr\/remove-write-protection-from-sd-card\/\",\"url\":\"https:\/\/datarecovery.ping.fm\/tr\/remove-write-protection-from-sd-card\/\",\"name\":\"[\u00c7\u00f6z\u00fcm] MicroSD karttan yazma korumas\u0131n\u0131 nas\u0131l kald\u0131rabilirsiniz?\",\"isPartOf\":{\"@id\":\"https:\/\/datarecovery.ping.fm\/tr\/#website\"},\"datePublished\":\"2024-01-19T08:26:18+00:00\",\"dateModified\":\"2024-04-18T08:17:54+00:00\",\"breadcrumb\":{\"@id\":\"https:\/\/datarecovery.ping.fm\/tr\/remove-write-protection-from-sd-card\/#breadcrumb\"},\"inLanguage\":\"tr\",\"potentialAction\":[{\"@type\":\"ReadAction\",\"target\":[\"https:\/\/datarecovery.ping.fm\/tr\/remove-write-protection-from-sd-card\/\"]}]},{\"@type\":\"BreadcrumbList\",\"@id\":\"https:\/\/datarecovery.ping.fm\/tr\/remove-write-protection-from-sd-card\/#breadcrumb\",\"itemListElement\":[{\"@type\":\"ListItem\",\"position\":1,\"name\":\"Home\",\"item\":\"https:\/\/datarecovery.ping.fm\/tr\/\"},{\"@type\":\"ListItem\",\"position\":2,\"name\":\"\u0130\u015fte Windows&#8217;ta bir Micro SD karttan yazma korumas\u0131n\u0131 nas\u0131l kald\u0131rabilirsiniz.\"}]},{\"@type\":\"WebSite\",\"@id\":\"https:\/\/datarecovery.ping.fm\/tr\/#website\",\"url\":\"https:\/\/datarecovery.ping.fm\/tr\/\",\"name\":\"Data Recovery Software\",\"description\":\"\",\"potentialAction\":[{\"@type\":\"SearchAction\",\"target\":{\"@type\":\"EntryPoint\",\"urlTemplate\":\"https:\/\/datarecovery.ping.fm\/tr\/?s={search_term_string}\"},\"query-input\":\"required name=search_term_string\"}],\"inLanguage\":\"tr\"}]}<\/script>\n<!-- \/ Yoast SEO plugin. -->","yoast_head_json":{"title":"[\u00c7\u00f6z\u00fcm] MicroSD karttan yazma korumas\u0131n\u0131 nas\u0131l kald\u0131rabilirsiniz?","robots":{"index":"index","follow":"follow","max-snippet":"max-snippet:-1","max-image-preview":"max-image-preview:large","max-video-preview":"max-video-preview:-1"},"canonical":"https:\/\/datarecovery.ping.fm\/tr\/remove-write-protection-from-sd-card\/","og_locale":"tr_TR","og_type":"article","og_title":"[\u00c7\u00f6z\u00fcm] MicroSD karttan yazma korumas\u0131n\u0131 nas\u0131l kald\u0131rabilirsiniz?","og_description":"Windows&#8217;ta Micro SD Karttan Yazma Korumas\u0131n\u0131 Kald\u0131rma Hi\u00e7 SD kart\u0131n\u0131zdaki dosyalar\u0131 ekleyemedi\u011finiz, silemedi\u011finiz veya de\u011fi\u015ftiremedi\u011finiz oldu mu? Su\u00e7lu genellikle k\u00fc\u00e7\u00fck ama g\u00fc\u00e7l\u00fc bir d\u00fc\u015fman olabilir: yazma korumas\u0131. Bir SD karttan yazma korumas\u0131n\u0131 kald\u0131rmak zorlay\u0131c\u0131 olabilir ama korkmay\u0131n! Ben bu s\u0131k\u0131c\u0131 problemlerle daha \u00f6nce kar\u015f\u0131la\u015ft\u0131m ve \u00e7e\u015fitli metotlar kullanarak onlar\u0131 hallettim. Verilerinizin tekrar d\u00fczenlenmesi i\u00e7in SD [&hellip;]","og_url":"https:\/\/datarecovery.ping.fm\/tr\/remove-write-protection-from-sd-card\/","og_site_name":"Data Recovery Software","article_modified_time":"2024-04-18T08:17:54+00:00","og_image":[{"width":1280,"height":731,"url":"https:\/\/datarecovery.ping.fm\/wp-content\/uploads\/2024\/04\/How-to-Remove-Write-Protection-from-Micro-SD-Card-on-Windows-Turkish.jpg","type":"image\/jpeg"}],"twitter_card":"summary_large_image","twitter_misc":{"Est. reading time":"6 dakika"},"schema":{"@context":"https:\/\/schema.org","@graph":[{"@type":"WebPage","@id":"https:\/\/datarecovery.ping.fm\/tr\/remove-write-protection-from-sd-card\/","url":"https:\/\/datarecovery.ping.fm\/tr\/remove-write-protection-from-sd-card\/","name":"[\u00c7\u00f6z\u00fcm] MicroSD karttan yazma korumas\u0131n\u0131 nas\u0131l kald\u0131rabilirsiniz?","isPartOf":{"@id":"https:\/\/datarecovery.ping.fm\/tr\/#website"},"datePublished":"2024-01-19T08:26:18+00:00","dateModified":"2024-04-18T08:17:54+00:00","breadcrumb":{"@id":"https:\/\/datarecovery.ping.fm\/tr\/remove-write-protection-from-sd-card\/#breadcrumb"},"inLanguage":"tr","potentialAction":[{"@type":"ReadAction","target":["https:\/\/datarecovery.ping.fm\/tr\/remove-write-protection-from-sd-card\/"]}]},{"@type":"BreadcrumbList","@id":"https:\/\/datarecovery.ping.fm\/tr\/remove-write-protection-from-sd-card\/#breadcrumb","itemListElement":[{"@type":"ListItem","position":1,"name":"Home","item":"https:\/\/datarecovery.ping.fm\/tr\/"},{"@type":"ListItem","position":2,"name":"\u0130\u015fte Windows&#8217;ta bir Micro SD karttan yazma korumas\u0131n\u0131 nas\u0131l kald\u0131rabilirsiniz."}]},{"@type":"WebSite","@id":"https:\/\/datarecovery.ping.fm\/tr\/#website","url":"https:\/\/datarecovery.ping.fm\/tr\/","name":"Data Recovery Software","description":"","potentialAction":[{"@type":"SearchAction","target":{"@type":"EntryPoint","urlTemplate":"https:\/\/datarecovery.ping.fm\/tr\/?s={search_term_string}"},"query-input":"required name=search_term_string"}],"inLanguage":"tr"}]}},"_links":{"self":[{"href":"https:\/\/datarecovery.ping.fm\/tr\/wp-json\/wp\/v2\/pages\/43616"}],"collection":[{"href":"https:\/\/datarecovery.ping.fm\/tr\/wp-json\/wp\/v2\/pages"}],"about":[{"href":"https:\/\/datarecovery.ping.fm\/tr\/wp-json\/wp\/v2\/types\/page"}],"replies":[{"embeddable":true,"href":"https:\/\/datarecovery.ping.fm\/tr\/wp-json\/wp\/v2\/comments?post=43616"}],"version-history":[{"count":0,"href":"https:\/\/datarecovery.ping.fm\/tr\/wp-json\/wp\/v2\/pages\/43616\/revisions"}],"wp:featuredmedia":[{"embeddable":true,"href":"https:\/\/datarecovery.ping.fm\/tr\/wp-json\/wp\/v2\/media\/43617"}],"wp:attachment":[{"href":"https:\/\/datarecovery.ping.fm\/tr\/wp-json\/wp\/v2\/media?parent=43616"}],"curies":[{"name":"wp","href":"https:\/\/api.w.org\/{rel}","templated":true}]}}