{"id":43208,"date":"2024-01-25T06:37:32","date_gmt":"2024-01-25T06:37:32","guid":{"rendered":"https:\/\/www.ping.fm\/data-recovery-software\/unallocated-hard-drive\/"},"modified":"2024-04-17T08:33:38","modified_gmt":"2024-04-17T08:33:38","slug":"unallocated-hard-drive","status":"publish","type":"page","link":"https:\/\/datarecovery.ping.fm\/tr\/unallocated-hard-drive\/","title":{"rendered":"Sabit diskinizdeki atanmam\u0131\u015f alan nedir ve nas\u0131l d\u00fczeltilir?"},"content":{"rendered":"<section>\n<h1>Atanmam\u0131\u015f Sabit S\u00fcr\u00fcc\u00fc Nedir ve Nas\u0131l D\u00fczeltilir<\/h1>\n<div class=\"inbrief\">\n<div>             <img src=\"https:\/\/www.ping.fm\/data-recovery-software\/wp-content\/uploads\/ai\/What-is-an-Unallocated-Hard-Drive-and-How-to-Fix-It-Turkish.jpg\" alt=\"Atanmam\u0131\u015f Sabit S\u00fcr\u00fcc\u00fc Nedir ve Nas\u0131l D\u00fczeltilir\" title=\"Atanmam\u0131\u015f Sabit S\u00fcr\u00fcc\u00fc Nedir ve Nas\u0131l D\u00fczeltilir\" width=\"1280\" height=\"720\">             <\/p>\n<p>Sabit s\u00fcr\u00fcc\u00fc y\u00f6netim alan\u0131nda ilerlemek, konu hakk\u0131nda bilgisi olmayanlar i\u00e7in bulan\u0131k sular\u0131 dola\u015fmaya benzer olabilir. Yak\u0131n zamanda, sabit s\u00fcr\u00fcc\u00fcm\u00fcn bir k\u0131sm\u0131n\u0131n Disk Y\u00f6netimi&#8217;nde atanmam\u0131\u015f olarak g\u00f6r\u00fcnd\u00fc\u011f\u00fc bir durumla kar\u015f\u0131 kar\u015f\u0131ya kald\u0131m. G\u00f6r\u00fcn\u00fc\u015fte kaybolmu\u015f olan alan en az\u0131ndan \u015fa\u015f\u0131rt\u0131c\u0131yd\u0131. Bu da beni sorunla ilgilenmek i\u00e7in \u00e7e\u015fitli taktikler ara\u015ft\u0131rmaya y\u00f6nlendirdi. Depolama cihaz\u0131n\u0131zda atanmam\u0131\u015f alan g\u00f6r\u00fcnd\u00fc\u011f\u00fcnde, genellikle alan\u0131n bi\u00e7imlendirilmemi\u015f veya b\u00f6l\u00fcmlememi\u015f oldu\u011fu ve bu nedenle veri depolamaya haz\u0131r olmad\u0131\u011f\u0131 anlam\u0131na gelir. Burada, Windows&#8217;ta <b>kurtarmak<\/b> ya da <a href='https:\/\/7datarecovery.com\/blog\/unallocated-hard-drive\/' rel=\"dofollow noopener\" target='_blank'>atanmam\u0131\u015f sabit s\u00fcr\u00fcc\u00fcy\u00fc nas\u0131l onaraca\u011f\u0131n\u0131z\u0131<\/a> anlatarak HDD&#8217;nizin veya SSD&#8217;nizin en iyi \u015fekilde nas\u0131l kullanabilece\u011fini a\u00e7\u0131klayaca\u011f\u0131m.<\/p>\n<\/div>\n<\/div>\n<\/section>\n<section>\n<div>\n<div>1<\/div>\n<h2>Yayg\u0131n Senaryolar:<\/h2>\n<\/div>\n<h3>B\u00f6l\u00fcm Silinmesi Kazas\u0131 &#128465;<\/h3>\n<ul>\n<li>S\u00fcr\u00fcc\u00fcy\u00fc <b>yeniden boyutland\u0131rmaya<\/b> veya b\u00f6l\u00fcmlemeye \u00e7al\u0131\u015f\u0131rken bazen var olan b\u00f6l\u00fcmleri kazara <b>silebilirsiniz<\/b>.<\/li>\n<li><b>Yaz\u0131l\u0131m hatalar\u0131<\/b> veya b\u00f6l\u00fcm i\u015flemleri s\u0131ras\u0131nda ya\u015fanan kesintiler b\u00f6l\u00fcm bilgilerinin kaybolmas\u0131na yol a\u00e7abilir.<\/li>\n<li>Yanl\u0131\u015f i\u015flemler ger\u00e7ekle\u015ftiren \u00fc\u00e7\u00fcnc\u00fc taraf b\u00f6l\u00fcm y\u00f6netim ara\u00e7lar\u0131n\u0131n kullan\u0131lmas\u0131 <b>atanmam\u0131\u015f sabit s\u00fcr\u00fcc\u00fc<\/b> alan\u0131na neden olabilir.<\/li>\n<\/ul>\n<h3>S\u00fcr\u00fcc\u00fc Y\u00fckseltmesi ve Klonlama Hatalar\u0131 &#9877;<\/h3>\n<ul>\n<li>Daha b\u00fcy\u00fck bir s\u00fcr\u00fcc\u00fcye y\u00fckseltme yaparken klonlama yaz\u0131l\u0131m\u0131n\u0131 yanl\u0131\u015f kullan\u0131rsan\u0131z, <b>atanmam\u0131\u015f alan<\/b> b\u0131rakabilirsiniz.<\/li>\n<li>Klonlama i\u015flemi s\u0131ras\u0131nda do\u011fru se\u00e7enekleri se\u00e7memek, yeni s\u00fcr\u00fcc\u00fcn\u00fcn kullan\u0131labilir t\u00fcm alan\u0131 kullanmamas\u0131na ve <b>atanmam\u0131\u015f sekt\u00f6rlere<\/b> yol a\u00e7abilir.<\/li>\n<\/ul>\n<h3>\u0130lk Sabit S\u00fcr\u00fcc\u00fc Kurulum Kar\u0131\u015f\u0131kl\u0131\u011f\u0131 &#129300;<\/h3>\n<ul>\n<li>Yeni bir sabit s\u00fcr\u00fcc\u00fcn\u00fcn ilk kez ba\u015flat\u0131lmas\u0131, b\u00f6l\u00fcmleme do\u011fru yap\u0131lmazsa <b>atanmam\u0131\u015f<\/b> alana yol a\u00e7abilir.<\/li>\n<li><b>Kurulum<\/b> s\u00fcreci s\u0131ras\u0131nda \u00f6nemli ad\u0131mlar\u0131n atlanmas\u0131, s\u00fcr\u00fcc\u00fcn\u00fcn beklenildi\u011fi gibi g\u00f6sterilmemesine veya i\u015flev g\u00f6rmemesine neden olabilir.<\/li>\n<\/ul>\n<\/section>\n<section class=\"stepByStep\">\n<div>\n<div>2<\/div>\n<h2>Ad\u0131m Ad\u0131m K\u0131lavuz. Atanmam\u0131\u015f Sabit S\u00fcr\u00fcc\u00fc:<\/h2>\n<\/div>\n<h3>Y\u00f6ntem 1: Disk Y\u00f6netimi Arac\u0131 Kullanma &#9881;<\/h3>\n<ul>\n<li><b>Windows + X<\/b> tu\u015flar\u0131na bas\u0131n ve h\u0131zl\u0131 eri\u015fim men\u00fcs\u00fcnden Disk Y\u00f6netimini se\u00e7in.<\/li>\n<li>Atanmam\u0131\u015f alan\u0131 bulun, \u00fczerine sa\u011f t\u0131klay\u0131n ve &#8216;Yeni Basit Birim&#8217; se\u00e7ene\u011fini se\u00e7in. Yeni bir b\u00f6l\u00fcm <b>olu\u015fturmak<\/b> ve <b>bi\u00e7imlendirmek<\/b> i\u00e7in Basit Birim Sihirbaz\u0131&#8217;n\u0131 takip edin.<\/li>\n<li>Bir <b>s\u00fcr\u00fcc\u00fc harfi<\/b> atay\u0131n, bir <b>dosya sistemi<\/b> ve ay\u0131rma birim boyutu se\u00e7in, ard\u0131ndan birimi bi\u00e7imlendirme i\u015flemine devam edin.<\/li>\n<\/ul>\n<p><b>Not:<\/b> Yeni bir birim olu\u015fturmadan \u00f6nce atas\u0131z alanda \u00f6nemli verilerin bulunmad\u0131\u011f\u0131ndan emin olun, \u00e7\u00fcnk\u00fc bu i\u015flem kurtar\u0131labilir verileri <b>silecektir<\/b>.<\/p>\n<p><b>Sonu\u00e7:<\/b> Bu, ba\u015flang\u0131\u00e7 i\u00e7in atanmam\u0131\u015f alan\u0131 kullanman\u0131n en basit y\u00f6ntemidir.<\/p>\n<h3>Y\u00f6ntem 2: Komut \u0130stemi Kullanma &#128421;<\/h3>\n<ul>\n<li>Komut \u0130stemi&#8217;ni bir <b>y\u00f6netici<\/b> olarak a\u00e7\u0131n.<\/li>\n<li>&#8216;diskpart&#8217; komutunu girerek disk b\u00f6l\u00fcmleme yard\u0131mc\u0131 program\u0131n\u0131 ba\u015flat\u0131n.<\/li>\n<li>&#8216;list disk&#8217; yaz\u0131n ve atanmam\u0131\u015f alan\u0131 i\u00e7eren diski belirleyin.<\/li>\n<li>Diski se\u00e7tikten sonra, &#8216;create partition primary&#8217; komutunu kullanarak yeni bir b\u00f6l\u00fcm olu\u015fturun.<\/li>\n<li>&#8216;format fs=ntfs&#8217; (veya tercih etti\u011finiz dosya sistemi) komutunu takiben &#8216;assign letter=E&#8217; (veya tercih etti\u011finiz bir harf) komutunu kullan\u0131n.<\/li>\n<\/ul>\n<p><b>Not:<\/b> Bu y\u00f6ntem daha ileri d\u00fczeydir ve daha fazla kontrol imkan\u0131 sunar ancak daha y\u00fcksek risk ta\u015f\u0131r. Hatalardan ka\u00e7\u0131nmak i\u00e7in <a href='https:\/\/www.microsoft.com\/resources\/documentation\/windows\/xp\/all\/proddocs\/en-us\/diskpart.mspx?mfr=true' rel=\"nofollow noopener\" target='_blank'>Komut \u0130stemi<\/a> bilgisi \u00f6nerilir.<\/p>\n<p><b>Sonu\u00e7:<\/b> Komut sat\u0131r\u0131 aray\u00fczleriyle rahat olanlar taraf\u0131ndan kullan\u0131lmas\u0131 en iyisidir.<\/p>\n<h3>Y\u00f6ntem 3: B\u00f6l\u00fcm Kurtarma Yaz\u0131l\u0131m\u0131 &#128736;<\/h3>\n<ul>\n<li>G\u00fcvenilir bir <b>b\u00f6l\u00fcm kurtarma<\/b> yaz\u0131l\u0131m\u0131n\u0131 indirin ve kurun.<\/li>\n<li>Yaz\u0131l\u0131m\u0131 \u00e7al\u0131\u015ft\u0131r\u0131n ve <b>b\u00f6l\u00fcmleri kurtarmak<\/b> i\u00e7in se\u00e7ene\u011fi se\u00e7in.<\/li>\n<li>Hedeflenen diski se\u00e7in ve yaz\u0131l\u0131m\u0131n kay\u0131p b\u00f6l\u00fcm yap\u0131lar\u0131n\u0131 taramas\u0131na izin verin.<\/li>\n<li><a href='https:\/\/www.partitionwizard.com\/free-partition-manager.html' rel=\"nofollow noopener\" target='_blank'>\u00d6nizleyin<\/a> ve ekrandaki talimatlar\u0131 takip ederek bulunan b\u00f6l\u00fcm(leri) geri y\u00fckleyin.<\/li>\n<\/ul>\n<p><b>Not:<\/b> Bu y\u00f6ntem, verilerin \u00fczerine yaz\u0131lmam\u0131\u015fsa ve halen sa\u011flam durumdaysa, b\u00f6l\u00fcmleri veri kayb\u0131 olmadan geri y\u00fcklemeye yard\u0131mc\u0131 olabilir; ancak ba\u015far\u0131 garantisi yoktur ve b\u00fcy\u00fck \u00f6l\u00e7\u00fcde b\u00f6l\u00fcm verilerinin \u00fczerine yaz\u0131l\u0131p yaz\u0131lmad\u0131\u011f\u0131na ba\u011fl\u0131d\u0131r.<\/p>\n<p><b>Sonu\u00e7:<\/b> Atanmam\u0131\u015f alandaki veriler \u00f6nemliyse ve hen\u00fcz \u00fczerine yaz\u0131lmam\u0131\u015fsa \u00f6zellikle yararl\u0131d\u0131r.<\/p>\n<h3>Y\u00f6ntem 4: Sabit S\u00fcr\u00fcc\u00fc Klonlama Yaz\u0131l\u0131m\u0131 &#128260;<\/h3>\n<ul>\n<li>Klonlama i\u015flemi s\u0131ras\u0131nda b\u00f6l\u00fcm boyutlar\u0131n\u0131 otomatik olarak ayarlayabilen <b>klonlama<\/b> yaz\u0131l\u0131m\u0131 kullan\u0131n.<\/li>\n<li>Kaynak ve hedef s\u00fcr\u00fcc\u00fcleri dikkatlice se\u00e7in, klonlamak istedi\u011finiz t\u00fcm b\u00f6l\u00fcmlerin se\u00e7ildi\u011finden emin olun.<\/li>\n<li>Yaz\u0131l\u0131m izin verirse, yeni s\u00fcr\u00fcc\u00fcn\u00fcn tam kapasitesini kullanmak i\u00e7in b\u00f6l\u00fcm boyutlar\u0131n\u0131 manuel olarak ayarlay\u0131n.<\/li>\n<li>Klonlamayla devam edin ve tamamland\u0131ktan sonra Disk Y\u00f6netimi&#8217;nde sonu\u00e7lar\u0131 kontrol edin.<\/li>\n<\/ul>\n<p><b>Not:<\/b> Klonlama s\u0131ras\u0131nda b\u00f6l\u00fcmleri yeniden boyutland\u0131rmay\u0131 destekleyen bir yaz\u0131l\u0131m se\u00e7ti\u011finizden emin olun. Baz\u0131 yaz\u0131l\u0131mlar bu \u00f6zelli\u011fi desteklemez, sonu\u00e7 olarak atanmam\u0131\u015f alan olu\u015fur.<\/p>\n<p><b>Sonu\u00e7:<\/b> Daha b\u00fcy\u00fck boyutlu bir sabit s\u00fcr\u00fcc\u00fcye ge\u00e7i\u015f yapt\u0131\u011f\u0131n\u0131zda ve el ile b\u00f6l\u00fcmleme yapmak istemiyorsan\u0131z bu y\u00f6ntem en iyisidir.<\/p>\n<h3>Y\u00f6ntem 5: \u00dcretici Ara\u00e7lar\u0131 &#9881;<\/h3>\n<ul>\n<li>Sabit s\u00fcr\u00fcc\u00fc \u00fcreticisinin web sitesini ziyaret edin ve s\u00fcr\u00fcc\u00fc modelinize \u00f6zel mevcut ara\u00e7lar\u0131 kontrol edin.<\/li>\n<li>Bu ara\u00e7lar\u0131 indirin ve kurun, genellikle <b>optimize etmek<\/b> ve <b>b\u00f6l\u00fcm yap\u0131s\u0131n\u0131<\/b> etkili bir \u015fekilde y\u00f6netmek i\u00e7in tasarlanm\u0131\u015ft\u0131r.<\/li>\n<li>Arac\u0131n i\u00e7indeki se\u00e7enekleri kullanarak, <b>geri almak<\/b>, <b>onarmak<\/b> veya atanmam\u0131\u015f alan\u0131 <b>bi\u00e7imlendirmek<\/b> i\u00e7in bak\u0131n.<\/li>\n<li>Veri kayb\u0131 olmadan alan\u0131 g\u00fcvenle tahsis etmek i\u00e7in arac\u0131n sa\u011flad\u0131\u011f\u0131 talimatlar\u0131 takip edin.<\/li>\n<\/ul>\n<p><b>Not:<\/b> \u00dcretici ara\u00e7lar\u0131 donan\u0131mlar\u0131 i\u00e7in \u00f6zel olarak tasarlanm\u0131\u015f ve \u00e7ok g\u00fc\u00e7l\u00fc olabilir, ama bu t\u00fcr ara\u00e7lar\u0131n yanl\u0131\u015f kullan\u0131lmas\u0131 veri kayb\u0131na yol a\u00e7abilir.<\/p>\n<p><b>Sonu\u00e7:<\/b> Do\u011fru \u015fekilde kullan\u0131ld\u0131\u011f\u0131nda, bu ara\u00e7lar sabit s\u00fcr\u00fcc\u00fc alanlar\u0131n\u0131 verimli bir \u015fekilde y\u00f6netmek i\u00e7in basit ve sa\u011flam bir \u00e7\u00f6z\u00fcm sunabilir.<\/p>\n<\/section>\n<section>\n<div>\n<div>3<\/div>\n<h2>\u00d6nlemler ve \u0130pu\u00e7lar\u0131:<\/h2>\n<\/div>\n<h3>Depolama Verimlili\u011fini Maksimize Edin &#9889;<\/h3>\n<ul>\n<li>Disk b\u00f6l\u00fcmlerinde herhangi bir de\u011fi\u015fiklik yapmadan \u00f6nce verilerinizi her zaman yedekleyin.<\/li>\n<li>B\u00f6l\u00fcmler olu\u015ftururken, depolama ihtiya\u00e7lar\u0131n\u0131z\u0131 g\u00f6z \u00f6n\u00fcnde bulundurun ve dosyalar\u0131 eri\u015fim s\u0131kl\u0131\u011f\u0131n\u0131za g\u00f6re d\u00fczenleyin.<\/li>\n<li>Disk s\u00fcr\u00fcc\u00fcn\u00fcz\u00fc \u00f6zellikle HDD kullan\u0131yorsan\u0131z performans\u0131 art\u0131rmak i\u00e7in <b>par\u00e7alanmam\u0131\u015f<\/b> tutun.<\/li>\n<li>S\u00fcr\u00fcc\u00fcn\u00fcz\u00fcn sa\u011fl\u0131\u011f\u0131n\u0131 korumak i\u00e7in <a href='https:\/\/support.microsoft.com\/en-us\/help\/4026616\/windows-10-disk-cleanup' rel=\"nofollow noopener\" target='_blank'>Disk Temizleme<\/a> ve di\u011fer yerle\u015fik Windows ara\u00e7lar\u0131n\u0131 kullan\u0131n.<\/li>\n<\/ul>\n<\/section>\n<section>\n<div>\n<div>4<\/div>\n<h2>Optimize Edilmi\u015f Depolama \u00c7\u00f6z\u00fcmleri<\/h2>\n<\/div>\n<p>Dijital denizlerde gezinmek, atanmam\u0131\u015f sabit s\u00fcr\u00fcc\u00fc alanlar\u0131n\u0131 etkin bir \u015fekilde kullanma gibi \u00e7e\u015fitli depolama ile ilgili zorluklarla kar\u015f\u0131la\u015f\u0131lmas\u0131na yol a\u00e7abilir. Atanmam\u0131\u015f bir sabit s\u00fcr\u00fcc\u00fc alan\u0131, yo\u011fun bir \u015fehirdeki bo\u015f bir arsa gibidir &#8211; potansiyele sahiptir ama faydal\u0131 olmas\u0131 i\u00e7in do\u011fru ara\u00e7lara ve s\u00fcre\u00e7lere ihtiya\u00e7 vard\u0131r. Sabit s\u00fcr\u00fcc\u00fc verimlili\u011fini maksimize etmek i\u00e7in, depolama boyutu, h\u0131z ve veri g\u00fcvenli\u011fi aras\u0131ndaki dengeyi anlamak gerekir.<\/p>\n<p>Depolama teknolojisindeki modern ilerlemeler, h\u0131zlar\u0131 ve g\u00fcvenilirlikleri nedeniyle geleneksel sabit disklere (HDD&#8217;ler) tercih edilen kat\u0131 hal s\u00fcr\u00fcc\u00fcleri (SSD&#8217;ler) ortaya \u00e7\u0131kard\u0131. Ancak, daha d\u00fc\u015f\u00fck maliyetle b\u00fcy\u00fck veri hacimleri s\u00f6z konusu oldu\u011funda, HDD&#8217;ler hala piyasada yerini korumaktad\u0131r. \u0130\u015fletim sisteminize ve depolama ihtiya\u00e7lar\u0131n\u0131za ba\u011fl\u0131 olarak NTFS, exFAT veya FAT32 gibi do\u011fru <b>dosya sistemini<\/b> kullanman\u0131n \u00f6nemi de b\u00fcy\u00fckt\u00fcr.<\/p>\n<p>Profesyonel ortamlarda RAID yap\u0131land\u0131rmalar\u0131n\u0131n uygulanmas\u0131 hem depolama optimizasyonu hem de yedeklilik sunabilir. RAID, Ba\u011f\u0131ms\u0131z Disklerin Yedekli Dizisi anlam\u0131na gelir ve disk ar\u0131zas\u0131 nedeniyle veri kayb\u0131 risklerini azaltmaya yard\u0131mc\u0131 olabilir. RAID 0 performans\u0131ndan RAID 6 hata tolerans\u0131na kadar olan RAID seviyesi se\u00e7imi, bireysel veya i\u015fletme ihtiya\u00e7lar\u0131na ba\u011fl\u0131 olacakt\u0131r.<\/p>\n<p>Verilerini \u00f6nemseyenler i\u00e7in d\u00fczenli yedekleme stratejisi uygulamak m\u00fczakere edilemez bir konudur. <a href='https:\/\/onedrive.live.com\/about\/en-us\/' rel=\"nofollow noopener\" target='_blank'>OneDrive<\/a> veya <a href='https:\/\/www.google.com\/drive\/' rel=\"nofollow noopener\" target='_blank'>Google Drive<\/a> gibi bulut hizmetlerini kullanmak veya yerel bir yedek tutmak i\u00e7in harici bir sabit s\u00fcr\u00fcc\u00fcye sahip olmak, verilerin donan\u0131m ar\u0131zalar\u0131na veya kazara silinmelere kar\u015f\u0131 g\u00fcvende kalmas\u0131n\u0131 sa\u011flar.<\/p>\n<p>Son olarak, yaz\u0131l\u0131m\u0131 g\u00fcncel tutmak, periyodik disk kontrolleri yapmak ve siber tehditlere kar\u015f\u0131 dikkatli olmak, sabit s\u00fcr\u00fcc\u00fcn\u00fcz\u00fcn genel sa\u011fl\u0131\u011f\u0131n\u0131 koruyacakt\u0131r. Antivir\u00fcs yaz\u0131l\u0131m\u0131 kullanmak ve kimlik av\u0131 giri\u015fimlerine kar\u015f\u0131 uyan\u0131k olmak, sadece verileri de\u011fil, ayn\u0131 zamanda depolama cihaz\u0131n\u0131n b\u00fct\u00fcnl\u00fc\u011f\u00fcn\u00fc de korumada gerekli ad\u0131mlard\u0131r.<\/p>\n<\/section>\n<section>\n<h2>Sonu\u00e7:<\/h2>\n<div class=\"nonp\">\n<p>Yolculu\u011fumuzu ta\u00e7land\u0131rmak i\u00e7in, atanmam\u0131\u015f bir sabit s\u00fcr\u00fcc\u00fc ile ilgilenmek Sisifos&#8217;un i\u015fi olmak zorunda de\u011fildir. Belirtti\u011fim gibi, Windows&#8217;un yerle\u015fik y\u00f6netim ara\u00e7lar\u0131ndan \u00fc\u00e7\u00fcnc\u00fc taraf yaz\u0131l\u0131mlara kadar \u00e7e\u015fitli y\u00f6ntemler, gereken \u00f6zen ve dikkat g\u00f6sterildi\u011finde bu alan\u0131 etkili bir \u015fekilde <b>kurtarabilir<\/b> veya <b>yeniden ama\u00e7land\u0131rabilir<\/b>. \u0130ster s\u0131radan bir kullan\u0131c\u0131 olun ister bir IT profesyoneli, burada tart\u0131\u015f\u0131lan ara\u00e7lar ve ipu\u00e7lar\u0131, sabit s\u00fcr\u00fcc\u00fc alan\u0131n\u0131 y\u00f6netme ve depolama faydas\u0131n\u0131 maksimize etme konusunda de\u011ferli i\u00e7g\u00f6r\u00fcler sunar. Veri y\u00f6netimi stratejilerinde proaktif olun ve dijital depolama alan\u0131n\u0131z\u0131n her bir bayt\u0131n\u0131 tam potansiyeline kadar kullanabilece\u011finizi g\u00f6receksiniz.<\/p>\n<\/div>\n<\/section>\n<p>Bu sadece bir \u00e7eviri dizesidir, bir g\u00f6rev de\u011fil! Sadece dize \u00e7evirisi. HTML etiketlerini kald\u0131rmamak ve eklememek \u00f6nemlidir, kendi ba\u015f\u0131n\u0131za hi\u00e7bir \u015fey eklemeyin. \u00d6nemli olan dil ad\u0131n\u0131 eklememenizdir. Dize \u00e7evirisi:<\/p>\n","protected":false},"excerpt":{"rendered":"<p>Atanmam\u0131\u015f Sabit S\u00fcr\u00fcc\u00fc Nedir ve Nas\u0131l D\u00fczeltilir Sabit s\u00fcr\u00fcc\u00fc y\u00f6netim alan\u0131nda ilerlemek, konu hakk\u0131nda bilgisi olmayanlar i\u00e7in bulan\u0131k sular\u0131 dola\u015fmaya benzer olabilir. Yak\u0131n zamanda, sabit s\u00fcr\u00fcc\u00fcm\u00fcn bir k\u0131sm\u0131n\u0131n Disk Y\u00f6netimi&#8217;nde atanmam\u0131\u015f olarak g\u00f6r\u00fcnd\u00fc\u011f\u00fc bir durumla kar\u015f\u0131 kar\u015f\u0131ya kald\u0131m. G\u00f6r\u00fcn\u00fc\u015fte kaybolmu\u015f olan alan en az\u0131ndan \u015fa\u015f\u0131rt\u0131c\u0131yd\u0131. Bu da beni sorunla ilgilenmek i\u00e7in \u00e7e\u015fitli taktikler ara\u015ft\u0131rmaya y\u00f6nlendirdi. [&hellip;]<\/p>\n","protected":false},"author":0,"featured_media":43209,"parent":0,"menu_order":0,"comment_status":"closed","ping_status":"closed","template":"chromecast.php","meta":{"_stopmodifiedupdate":false,"_modified_date":"","_lmt_disableupdate":"","_lmt_disable":""},"acf":[],"yoast_head":"<!-- This site is optimized with the Yoast SEO plugin v20.9 - https:\/\/yoast.com\/wordpress\/plugins\/seo\/ -->\n<title>Ne atanmam\u0131\u015f sabit disk ve nas\u0131l d\u00fczeltilir\u3010Rehber\u3011<\/title>\n<meta name=\"robots\" content=\"index, follow, max-snippet:-1, max-image-preview:large, max-video-preview:-1\" \/>\n<link rel=\"canonical\" href=\"https:\/\/datarecovery.ping.fm\/tr\/unallocated-hard-drive\/\" \/>\n<meta property=\"og:locale\" content=\"tr_TR\" \/>\n<meta property=\"og:type\" content=\"article\" \/>\n<meta property=\"og:title\" content=\"Ne atanmam\u0131\u015f sabit disk ve nas\u0131l d\u00fczeltilir\u3010Rehber\u3011\" \/>\n<meta property=\"og:description\" content=\"Atanmam\u0131\u015f Sabit S\u00fcr\u00fcc\u00fc Nedir ve Nas\u0131l D\u00fczeltilir Sabit s\u00fcr\u00fcc\u00fc y\u00f6netim alan\u0131nda ilerlemek, konu hakk\u0131nda bilgisi olmayanlar i\u00e7in bulan\u0131k sular\u0131 dola\u015fmaya benzer olabilir. Yak\u0131n zamanda, sabit s\u00fcr\u00fcc\u00fcm\u00fcn bir k\u0131sm\u0131n\u0131n Disk Y\u00f6netimi&#8217;nde atanmam\u0131\u015f olarak g\u00f6r\u00fcnd\u00fc\u011f\u00fc bir durumla kar\u015f\u0131 kar\u015f\u0131ya kald\u0131m. G\u00f6r\u00fcn\u00fc\u015fte kaybolmu\u015f olan alan en az\u0131ndan \u015fa\u015f\u0131rt\u0131c\u0131yd\u0131. Bu da beni sorunla ilgilenmek i\u00e7in \u00e7e\u015fitli taktikler ara\u015ft\u0131rmaya y\u00f6nlendirdi. [&hellip;]\" \/>\n<meta property=\"og:url\" content=\"https:\/\/datarecovery.ping.fm\/tr\/unallocated-hard-drive\/\" \/>\n<meta property=\"og:site_name\" content=\"Data Recovery Software\" \/>\n<meta property=\"article:modified_time\" content=\"2024-04-17T08:33:38+00:00\" \/>\n<meta property=\"og:image\" content=\"https:\/\/datarecovery.ping.fm\/wp-content\/uploads\/2024\/04\/What-is-an-Unallocated-Hard-Drive-and-How-to-Fix-It-Turkish.jpg\" \/>\n\t<meta property=\"og:image:width\" content=\"1280\" \/>\n\t<meta property=\"og:image:height\" content=\"731\" \/>\n\t<meta property=\"og:image:type\" content=\"image\/jpeg\" \/>\n<meta name=\"twitter:card\" content=\"summary_large_image\" \/>\n<meta name=\"twitter:label1\" content=\"Est. reading time\" \/>\n\t<meta name=\"twitter:data1\" content=\"8 dakika\" \/>\n<script type=\"application\/ld+json\" class=\"yoast-schema-graph\">{\"@context\":\"https:\/\/schema.org\",\"@graph\":[{\"@type\":\"WebPage\",\"@id\":\"https:\/\/datarecovery.ping.fm\/tr\/unallocated-hard-drive\/\",\"url\":\"https:\/\/datarecovery.ping.fm\/tr\/unallocated-hard-drive\/\",\"name\":\"Ne atanmam\u0131\u015f sabit disk ve nas\u0131l d\u00fczeltilir\u3010Rehber\u3011\",\"isPartOf\":{\"@id\":\"https:\/\/datarecovery.ping.fm\/tr\/#website\"},\"datePublished\":\"2024-01-25T06:37:32+00:00\",\"dateModified\":\"2024-04-17T08:33:38+00:00\",\"breadcrumb\":{\"@id\":\"https:\/\/datarecovery.ping.fm\/tr\/unallocated-hard-drive\/#breadcrumb\"},\"inLanguage\":\"tr\",\"potentialAction\":[{\"@type\":\"ReadAction\",\"target\":[\"https:\/\/datarecovery.ping.fm\/tr\/unallocated-hard-drive\/\"]}]},{\"@type\":\"BreadcrumbList\",\"@id\":\"https:\/\/datarecovery.ping.fm\/tr\/unallocated-hard-drive\/#breadcrumb\",\"itemListElement\":[{\"@type\":\"ListItem\",\"position\":1,\"name\":\"Home\",\"item\":\"https:\/\/datarecovery.ping.fm\/tr\/\"},{\"@type\":\"ListItem\",\"position\":2,\"name\":\"Sabit diskinizdeki atanmam\u0131\u015f alan nedir ve nas\u0131l d\u00fczeltilir?\"}]},{\"@type\":\"WebSite\",\"@id\":\"https:\/\/datarecovery.ping.fm\/tr\/#website\",\"url\":\"https:\/\/datarecovery.ping.fm\/tr\/\",\"name\":\"Data Recovery Software\",\"description\":\"\",\"potentialAction\":[{\"@type\":\"SearchAction\",\"target\":{\"@type\":\"EntryPoint\",\"urlTemplate\":\"https:\/\/datarecovery.ping.fm\/tr\/?s={search_term_string}\"},\"query-input\":\"required name=search_term_string\"}],\"inLanguage\":\"tr\"}]}<\/script>\n<!-- \/ Yoast SEO plugin. -->","yoast_head_json":{"title":"Ne atanmam\u0131\u015f sabit disk ve nas\u0131l d\u00fczeltilir\u3010Rehber\u3011","robots":{"index":"index","follow":"follow","max-snippet":"max-snippet:-1","max-image-preview":"max-image-preview:large","max-video-preview":"max-video-preview:-1"},"canonical":"https:\/\/datarecovery.ping.fm\/tr\/unallocated-hard-drive\/","og_locale":"tr_TR","og_type":"article","og_title":"Ne atanmam\u0131\u015f sabit disk ve nas\u0131l d\u00fczeltilir\u3010Rehber\u3011","og_description":"Atanmam\u0131\u015f Sabit S\u00fcr\u00fcc\u00fc Nedir ve Nas\u0131l D\u00fczeltilir Sabit s\u00fcr\u00fcc\u00fc y\u00f6netim alan\u0131nda ilerlemek, konu hakk\u0131nda bilgisi olmayanlar i\u00e7in bulan\u0131k sular\u0131 dola\u015fmaya benzer olabilir. Yak\u0131n zamanda, sabit s\u00fcr\u00fcc\u00fcm\u00fcn bir k\u0131sm\u0131n\u0131n Disk Y\u00f6netimi&#8217;nde atanmam\u0131\u015f olarak g\u00f6r\u00fcnd\u00fc\u011f\u00fc bir durumla kar\u015f\u0131 kar\u015f\u0131ya kald\u0131m. G\u00f6r\u00fcn\u00fc\u015fte kaybolmu\u015f olan alan en az\u0131ndan \u015fa\u015f\u0131rt\u0131c\u0131yd\u0131. Bu da beni sorunla ilgilenmek i\u00e7in \u00e7e\u015fitli taktikler ara\u015ft\u0131rmaya y\u00f6nlendirdi. [&hellip;]","og_url":"https:\/\/datarecovery.ping.fm\/tr\/unallocated-hard-drive\/","og_site_name":"Data Recovery Software","article_modified_time":"2024-04-17T08:33:38+00:00","og_image":[{"width":1280,"height":731,"url":"https:\/\/datarecovery.ping.fm\/wp-content\/uploads\/2024\/04\/What-is-an-Unallocated-Hard-Drive-and-How-to-Fix-It-Turkish.jpg","type":"image\/jpeg"}],"twitter_card":"summary_large_image","twitter_misc":{"Est. reading time":"8 dakika"},"schema":{"@context":"https:\/\/schema.org","@graph":[{"@type":"WebPage","@id":"https:\/\/datarecovery.ping.fm\/tr\/unallocated-hard-drive\/","url":"https:\/\/datarecovery.ping.fm\/tr\/unallocated-hard-drive\/","name":"Ne atanmam\u0131\u015f sabit disk ve nas\u0131l d\u00fczeltilir\u3010Rehber\u3011","isPartOf":{"@id":"https:\/\/datarecovery.ping.fm\/tr\/#website"},"datePublished":"2024-01-25T06:37:32+00:00","dateModified":"2024-04-17T08:33:38+00:00","breadcrumb":{"@id":"https:\/\/datarecovery.ping.fm\/tr\/unallocated-hard-drive\/#breadcrumb"},"inLanguage":"tr","potentialAction":[{"@type":"ReadAction","target":["https:\/\/datarecovery.ping.fm\/tr\/unallocated-hard-drive\/"]}]},{"@type":"BreadcrumbList","@id":"https:\/\/datarecovery.ping.fm\/tr\/unallocated-hard-drive\/#breadcrumb","itemListElement":[{"@type":"ListItem","position":1,"name":"Home","item":"https:\/\/datarecovery.ping.fm\/tr\/"},{"@type":"ListItem","position":2,"name":"Sabit diskinizdeki atanmam\u0131\u015f alan nedir ve nas\u0131l d\u00fczeltilir?"}]},{"@type":"WebSite","@id":"https:\/\/datarecovery.ping.fm\/tr\/#website","url":"https:\/\/datarecovery.ping.fm\/tr\/","name":"Data Recovery Software","description":"","potentialAction":[{"@type":"SearchAction","target":{"@type":"EntryPoint","urlTemplate":"https:\/\/datarecovery.ping.fm\/tr\/?s={search_term_string}"},"query-input":"required name=search_term_string"}],"inLanguage":"tr"}]}},"_links":{"self":[{"href":"https:\/\/datarecovery.ping.fm\/tr\/wp-json\/wp\/v2\/pages\/43208"}],"collection":[{"href":"https:\/\/datarecovery.ping.fm\/tr\/wp-json\/wp\/v2\/pages"}],"about":[{"href":"https:\/\/datarecovery.ping.fm\/tr\/wp-json\/wp\/v2\/types\/page"}],"replies":[{"embeddable":true,"href":"https:\/\/datarecovery.ping.fm\/tr\/wp-json\/wp\/v2\/comments?post=43208"}],"version-history":[{"count":0,"href":"https:\/\/datarecovery.ping.fm\/tr\/wp-json\/wp\/v2\/pages\/43208\/revisions"}],"wp:featuredmedia":[{"embeddable":true,"href":"https:\/\/datarecovery.ping.fm\/tr\/wp-json\/wp\/v2\/media\/43209"}],"wp:attachment":[{"href":"https:\/\/datarecovery.ping.fm\/tr\/wp-json\/wp\/v2\/media?parent=43208"}],"curies":[{"name":"wp","href":"https:\/\/api.w.org\/{rel}","templated":true}]}}