{"id":41983,"date":"2024-02-21T05:25:08","date_gmt":"2024-02-21T05:25:08","guid":{"rendered":"https:\/\/www.ping.fm\/data-recovery-software\/partition-recovery-software\/"},"modified":"2024-04-16T12:09:04","modified_gmt":"2024-04-16T12:09:04","slug":"partition-recovery-software","status":"publish","type":"page","link":"https:\/\/datarecovery.ping.fm\/tr\/partition-recovery-software\/","title":{"rendered":"2024 Prime Return Software Ophoid Karakter Geri Y\u00fckleme i\u00e7in Windows"},"content":{"rendered":"<section>\n<h1>2024 \u0130\u00e7in Windows \u0130\u00e7in En \u0130yi B\u00f6l\u00fcm Kurtarma Yaz\u0131l\u0131m\u0131<\/h1>\n<div class=\"inbrief\">\n<div>             <img src=\"https:\/\/www.ping.fm\/data-recovery-software\/wp-content\/uploads\/ai\/Best-Partition-Recovery-Software-in-2024-for-Windows-Turkish.jpg\" alt=\"2024 \u0130\u00e7in Windows \u0130\u00e7in En \u0130yi B\u00f6l\u00fcm Kurtarma Yaz\u0131l\u0131m\u0131\" title=\"2024 \u0130\u00e7in Windows \u0130\u00e7in En \u0130yi B\u00f6l\u00fcm Kurtarma Yaz\u0131l\u0131m\u0131\" width=\"1280\" height=\"720\">             <\/p>\n<p>Bir b\u00f6l\u00fcm\u00fc kazara sildi\u011finizde veya bir sistem \u00e7\u00f6kmesinden muzdarip oldu\u011funuzda hissetti\u011finiz \u015fey, \u00f6zellikle b\u00f6l\u00fcm de\u011ferli veriler i\u00e7eriyorsa, hafife al\u0131nacak bir \u015fey de\u011fildir. Neyse ki, b\u00f6l\u00fcm kurtarma yaz\u0131l\u0131m\u0131, b\u00f6yle \u00e7aresiz zamanlarda can simidi olabilir. Ki\u015fisel deneyimime dayanarak, talihsizlik (veya talih) eseri kullanma \u015fans\u0131n\u0131 (veya \u015fanss\u0131zl\u0131\u011f\u0131n\u0131) buldu\u011fum Windows i\u00e7in en iyi b\u00f6l\u00fcm kurtarma yaz\u0131l\u0131mlar\u0131n\u0131 sizlere sunuyorum. Her ara\u00e7 kendi \u00f6zellikleri ve tuhafl\u0131klar\u0131yla geliyor, bu y\u00fczden her birinden ne bekleyebilece\u011finiz hakk\u0131nda size bilgi vermek istiyorum. Dikkat, kurtar\u0131labilir verilerin \u00fczerine yaz\u0131lmas\u0131n\u0131 \u00f6nlemek i\u00e7in etkilenen s\u00fcr\u00fcc\u00fcy\u00fc kullanmay\u0131 kesmek ve en ucuz ara\u00e7 yerine en g\u00fcvenilir olan\u0131 se\u00e7mek hayati \u00f6nem ta\u015f\u0131yor.<\/p>\n<\/div>\n<\/div>\n<\/section>\n<section>\n<div class=\"medal\">\n<div>&#129351;<\/div>\n<\/div>\n<h2><a href='https:\/\/www.stellarinfo.com\/partition-recovery-software.php' rel=\"nofollow noopener\" target='_blank'>Stellar Data Recovery<\/a><\/h2>\n<p><img src=\"https:\/\/www.ping.fm\/data-recovery-software\/wp-content\/uploads\/ai\/https---www-stellarinfo-com-partition-recovery-software-phpTurkish.jpg\"><\/p>\n<p>Stellar Data Recovery, sezgisel bir aray\u00fcz ile g\u00fc\u00e7l\u00fc kurtarma yetenekleri aras\u0131nda hayranl\u0131k uyand\u0131ran bir denge sunan etkili bir ara\u00e7t\u0131r. Bu yaz\u0131l\u0131m, ara s\u0131ra kar\u015f\u0131la\u015ft\u0131\u011f\u0131m veri kayb\u0131 kabuslar\u0131 i\u00e7in benim tercih etti\u011fim \u00e7\u00f6z\u00fcmd\u00fcr, b\u00f6l\u00fcm kurtarmada olduk\u00e7a ba\u015far\u0131l\u0131d\u0131r. Hem ba\u015flang\u0131\u00e7 seviyesi hem de ileri d\u00fczey kullan\u0131c\u0131lar i\u00e7in uygun olan bu yaz\u0131l\u0131m\u0131, kurtar\u0131lamaz olarak d\u00fc\u015f\u00fcnd\u00fc\u011f\u00fcm b\u00f6l\u00fcmleri kurtarmak i\u00e7in ki\u015fisel olarak kulland\u0131m.<\/p>\n<p><a href='https:\/\/www.stellarinfo.com\/partition-recovery-software.php' rel=\"nofollow noopener\" target='_blank' class='ofWSite'>Resmi Web Sitesi<\/a><\/p>\n<h3 class='prosTitle'>Art\u0131lar<\/h3>\n<ul class='listpc pros'>\n<li>Son derece sezgisel aray\u00fcz<\/li>\n<li>Geli\u015fmi\u015f tarama se\u00e7enekleri<\/li>\n<\/ul>\n<h3 class='consTitle'>Eksiler<\/h3>\n<ul class='listpc cons'>\n<li>B\u00fcy\u00fck s\u00fcr\u00fcc\u00fclerle kurtarma h\u0131z\u0131 yava\u015f olabilir<\/li>\n<li>Lisans maliyetleri nispeten y\u00fcksek<\/li>\n<\/ul>\n<\/section>\n<section>\n<div class=\"medal\">\n<div>&#129352;<\/div>\n<\/div>\n<h2><a href='https:\/\/www.easeus.com\/partition-recovery\/' rel=\"nofollow noopener\" target='_blank'>EaseUS Partition Recovery<\/a><\/h2>\n<p><img src=\"https:\/\/www.ping.fm\/data-recovery-software\/wp-content\/uploads\/ai\/https---www-easeus-com-partition-recovery-Turkish.jpg\"><\/p>\n<p>B\u00f6l\u00fcm kurtarma alan\u0131nda ba\u015fka bir m\u00fccevher de EaseUS Partition Recovery&#8217;dir. Hem g\u00f6ze hem de beyine hitap eder, olduk\u00e7a teknik bir i\u015flemi \u00e7ocuk oyunca\u011f\u0131na d\u00f6n\u00fc\u015ft\u00fcr\u00fcr. Kurtarma sihirbaz\u0131, her ad\u0131mda size rehberlik ederek \u00f6zellikle yard\u0131mc\u0131 olur. Basitli\u011fine ra\u011fmen, \u00e7ok fazla u\u011fra\u015fmadan bir\u00e7ok durumda ba\u015far\u0131l\u0131 bir \u015fekilde veri kurtarmay\u0131 ba\u015fard\u0131.<\/p>\n<p><a href='https:\/\/www.easeus.com\/partition-recovery\/' rel=\"nofollow noopener\" target='_blank' class='ofWSite'>Resmi Web Sitesi<\/a><\/p>\n<h3 class='prosTitle'>Art\u0131lar<\/h3>\n<ul class='listpc pros'>\n<li>Kullan\u0131c\u0131 dostu sihirbaz aray\u00fcz\u00fc<\/li>\n<li>\u00c7e\u015fitli dosya sistemlerine iyi destek<\/li>\n<\/ul>\n<h3 class='consTitle'>Eksiler<\/h3>\n<ul class='listpc cons'>\n<li>\u00dccretsiz s\u00fcr\u00fcm\u00fcn \u00f6zellikleri s\u0131n\u0131rl\u0131d\u0131r<\/li>\n<li>Tam kurtarma zaman al\u0131c\u0131 olabilir<\/li>\n<\/ul>\n<\/section>\n<section>\n<div class=\"medal\">\n<div>&#129353;<\/div>\n<\/div>\n<h2>AOMEI Partition Assistant<\/h2>\n<p>AOMEI Partition Assistant, sadece b\u00f6l\u00fcm kurtarmayla ilgili de\u011fil; tam bir b\u00f6l\u00fcm y\u00f6netimi paketidir. Yaz\u0131l\u0131m, hem kurtarma hem de genel b\u00f6l\u00fcm y\u00f6netimi i\u00e7in bir dizi \u00f6zellik sunar. Ben AOMEI&#8217;yi genellikle b\u00f6l\u00fcm\u00fcn boyutunu de\u011fi\u015ftirmek ve b\u00f6lmek i\u00e7in kulland\u0131m, ancak olduk\u00e7a sa\u011flam bir kurtarma i\u015flevi var ki bu, bir\u00e7ok kez benim i\u00e7in kurtar\u0131c\u0131 oldu.<\/p>\n<h3 class='prosTitle'>Art\u0131lar<\/h3>\n<ul class='listpc pros'>\n<li>Kapsaml\u0131 b\u00f6l\u00fcm y\u00f6netim ara\u00e7lar\u0131<\/li>\n<li>Kurtarma \u00f6zellikleri olduk\u00e7a g\u00fcvenilir<\/li>\n<\/ul>\n<h3 class='consTitle'>Eksiler<\/h3>\n<ul class='listpc cons'>\n<li>Aray\u00fcz, yeni ba\u015flayanlar i\u00e7in zorlay\u0131c\u0131 olabilir<\/li>\n<li>Baz\u0131 geli\u015fmi\u015f \u00f6zellikler pro s\u00fcr\u00fcm\u00fcn\u00fc gerektiriyor<\/li>\n<\/ul>\n<\/section>\n<section>\n<div class=\"no-medal\">\n<div>4<\/div>\n<\/div>\n<h2><a href='https:\/\/www.cleverfiles.com\/partition-recovery.html' rel=\"nofollow noopener\" target='_blank'>Disk Drill<\/a><\/h2>\n<p><img src=\"https:\/\/www.ping.fm\/data-recovery-software\/wp-content\/uploads\/ai\/https---www-cleverfiles-com-partition-recovery-htmlTurkish.jpg\"><\/p>\n<p>Disk Drill, b\u00f6l\u00fcm kurtarma alan\u0131nda beklenmedik bir kahraman \u00e7\u0131kt\u0131. Bir dizi kurtarma arac\u0131 ile di\u011ferleri ba\u015far\u0131s\u0131z oldu\u011funda s\u0131kl\u0131kla son \u00e7arem oldu. \u00d6zellikle derin tarama \u00f6zelli\u011fi \u00e7ok faydal\u0131 oldu, uzun s\u00fcre kay\u0131p san\u0131lan dosyalar\u0131 kurtarmam\u0131 sa\u011flad\u0131. Kullan\u0131c\u0131 dostu olmas\u0131na ra\u011fmen sa\u011flam kurtarma yetene\u011finden \u00f6d\u00fcn vermiyor.<\/p>\n<p><a href='https:\/\/www.cleverfiles.com\/partition-recovery.html' rel=\"nofollow noopener\" target='_blank' class='ofWSite'>Resmi Web Sitesi<\/a><\/p>\n<h3 class='prosTitle'>Art\u0131lar<\/h3>\n<ul class='listpc pros'>\n<li>M\u00fckemmel derin tarama yetenekleri<\/li>\n<li>Basit, kullan\u0131c\u0131 odakl\u0131 tasar\u0131m<\/li>\n<\/ul>\n<h3 class='consTitle'>Eksiler<\/h3>\n<ul class='listpc cons'>\n<li>Kurtarma yava\u015f olabilir<\/li>\n<li>Tam i\u015flevsellik \u00fccretli y\u00fckseltme gerektirebilir<\/li>\n<\/ul>\n<\/section>\n<section>\n<div class=\"no-medal\">\n<div>5<\/div>\n<\/div>\n<h2><a href='https:\/\/www.minitool.com\/data-recovery-software\/partition-recovery.html' rel=\"nofollow noopener\" target='_blank'>MiniTool Partition Recovery<\/a><\/h2>\n<p><img src=\"https:\/\/www.ping.fm\/data-recovery-software\/wp-content\/uploads\/ai\/https---www-minitool-com-data-recovery-software-partition-recovery-htmlTurkish.jpg\"><\/p>\n<p>MiniTool Partition Recovery, tam te\u015fekk\u00fcll\u00fc veri kurtarma programlar\u0131n\u0131n s\u00fcsl\u00fc \u00f6zellikleri olmaks\u0131z\u0131n b\u00f6l\u00fcm kurtarmaya odaklanan bir uygulamad\u0131r. Tam olarak neyi kurtarmam gerekti\u011fini bildi\u011fim zamanlarda kulland\u0131\u011f\u0131m uzmanla\u015fm\u0131\u015f bir ara\u00e7t\u0131r. H\u0131zl\u0131, verimli ve tek amac\u0131ndan, b\u00f6l\u00fcmlerinizi geri getirmekten, sizi da\u011f\u0131tabilecek her \u015feyden ar\u0131nd\u0131r\u0131lm\u0131\u015ft\u0131r.<\/p>\n<p><a href='https:\/\/www.minitool.com\/data-recovery-software\/partition-recovery.html' rel=\"nofollow noopener\" target='_blank' class='ofWSite'>Resmi Web Sitesi<\/a><\/p>\n<h3 class='prosTitle'>Art\u0131lar<\/h3>\n<ul class='listpc pros'>\n<li>B\u00f6l\u00fcm kurtarmada uzmanla\u015fm\u0131\u015f<\/li>\n<li>H\u0131zl\u0131 ve verimli operasyon<\/li>\n<\/ul>\n<h3 class='consTitle'>Eksiler<\/h3>\n<ul class='listpc cons'>\n<li>B\u00f6l\u00fcm kurtarman\u0131n d\u0131\u015f\u0131nda s\u0131n\u0131rl\u0131 i\u015flevsellik<\/li>\n<li>Aray\u00fcz en modern olmayabilir<\/li>\n<\/ul>\n<\/section>\n<section>\n<h2>Sonu\u00e7:<\/h2>\n<div class=\"nonp\">\n<p>Veri kayb\u0131 travmatik bir deneyim olabilir, ancak riskleri en aza indirmek i\u00e7in atabilece\u011finiz ad\u0131mlar vard\u0131r. \u00d6nemli dosyalar\u0131n\u0131z i\u00e7in OneDrive veya <a href='https:\/\/www.dropbox.com\/' rel=\"nofollow noopener\" target='_blank'>Dropbox<\/a> gibi bulut depolama hizmetlerini kullanmak ek bir g\u00fcvenlik katman\u0131 ekleyebilir. Ayr\u0131ca, gereksiz dosyalardan kurtulmak i\u00e7in <a href='https:\/\/www.ccleaner.com\/ccleaner' rel=\"nofollow noopener\" target='_blank'>CCleaner<\/a> gibi ara\u00e7larla d\u00fczenli sistem kontrol\u00fc ve <a href='https:\/\/www.malwarebytes.com\/' rel=\"nofollow noopener\" target='_blank'>Malwarebytes<\/a> ile malware taramalar\u0131 yapmak, b\u00f6l\u00fcm kayb\u0131na yol a\u00e7an sistem \u00e7\u00f6kmelerini \u00f6nlemede b\u00fcy\u00fck bir yol kat edebilir. Son olarak, s\u00fcr\u00fcc\u00fclerinizi kendiniz b\u00f6lmek konusunda dikkatli olun; yeteneklerinizden emin de\u011filseniz, uzman rehberleri kullanmak veya profesyonel yard\u0131m almak tavsiye edilir.<\/p>\n<\/div>\n<\/section>\n","protected":false},"excerpt":{"rendered":"<p>2024 \u0130\u00e7in Windows \u0130\u00e7in En \u0130yi B\u00f6l\u00fcm Kurtarma Yaz\u0131l\u0131m\u0131 Bir b\u00f6l\u00fcm\u00fc kazara sildi\u011finizde veya bir sistem \u00e7\u00f6kmesinden muzdarip oldu\u011funuzda hissetti\u011finiz \u015fey, \u00f6zellikle b\u00f6l\u00fcm de\u011ferli veriler i\u00e7eriyorsa, hafife al\u0131nacak bir \u015fey de\u011fildir. Neyse ki, b\u00f6l\u00fcm kurtarma yaz\u0131l\u0131m\u0131, b\u00f6yle \u00e7aresiz zamanlarda can simidi olabilir. Ki\u015fisel deneyimime dayanarak, talihsizlik (veya talih) eseri kullanma \u015fans\u0131n\u0131 (veya \u015fanss\u0131zl\u0131\u011f\u0131n\u0131) buldu\u011fum Windows [&hellip;]<\/p>\n","protected":false},"author":0,"featured_media":41984,"parent":0,"menu_order":0,"comment_status":"closed","ping_status":"closed","template":"chromecast.php","meta":{"_stopmodifiedupdate":false,"_modified_date":"","_lmt_disableupdate":"","_lmt_disable":""},"acf":[],"yoast_head":"<!-- This site is optimized with the Yoast SEO plugin v20.9 - https:\/\/yoast.com\/wordpress\/plugins\/seo\/ -->\n<title>2024 Y\u0131l\u0131 \u0130\u00e7in En \u0130yi Windows B\u00f6l\u00fcm\u00fc Kurtarma Yaz\u0131l\u0131m\u0131<\/title>\n<meta name=\"robots\" content=\"index, follow, max-snippet:-1, max-image-preview:large, max-video-preview:-1\" \/>\n<link rel=\"canonical\" href=\"https:\/\/datarecovery.ping.fm\/tr\/partition-recovery-software\/\" \/>\n<meta property=\"og:locale\" content=\"tr_TR\" \/>\n<meta property=\"og:type\" content=\"article\" \/>\n<meta property=\"og:title\" content=\"2024 Y\u0131l\u0131 \u0130\u00e7in En \u0130yi Windows B\u00f6l\u00fcm\u00fc Kurtarma Yaz\u0131l\u0131m\u0131\" \/>\n<meta property=\"og:description\" content=\"2024 \u0130\u00e7in Windows \u0130\u00e7in En \u0130yi B\u00f6l\u00fcm Kurtarma Yaz\u0131l\u0131m\u0131 Bir b\u00f6l\u00fcm\u00fc kazara sildi\u011finizde veya bir sistem \u00e7\u00f6kmesinden muzdarip oldu\u011funuzda hissetti\u011finiz \u015fey, \u00f6zellikle b\u00f6l\u00fcm de\u011ferli veriler i\u00e7eriyorsa, hafife al\u0131nacak bir \u015fey de\u011fildir. Neyse ki, b\u00f6l\u00fcm kurtarma yaz\u0131l\u0131m\u0131, b\u00f6yle \u00e7aresiz zamanlarda can simidi olabilir. Ki\u015fisel deneyimime dayanarak, talihsizlik (veya talih) eseri kullanma \u015fans\u0131n\u0131 (veya \u015fanss\u0131zl\u0131\u011f\u0131n\u0131) buldu\u011fum Windows [&hellip;]\" \/>\n<meta property=\"og:url\" content=\"https:\/\/datarecovery.ping.fm\/tr\/partition-recovery-software\/\" \/>\n<meta property=\"og:site_name\" content=\"Data Recovery Software\" \/>\n<meta property=\"article:modified_time\" content=\"2024-04-16T12:09:04+00:00\" \/>\n<meta property=\"og:image\" content=\"https:\/\/datarecovery.ping.fm\/wp-content\/uploads\/2024\/04\/Best-Partition-Recovery-Software-in-2024-for-Windows-Turkish.jpg\" \/>\n\t<meta property=\"og:image:width\" content=\"1280\" \/>\n\t<meta property=\"og:image:height\" content=\"731\" \/>\n\t<meta property=\"og:image:type\" content=\"image\/jpeg\" \/>\n<meta name=\"twitter:card\" content=\"summary_large_image\" \/>\n<meta name=\"twitter:label1\" content=\"Est. reading time\" \/>\n\t<meta name=\"twitter:data1\" content=\"4 dakika\" \/>\n<script type=\"application\/ld+json\" class=\"yoast-schema-graph\">{\"@context\":\"https:\/\/schema.org\",\"@graph\":[{\"@type\":\"WebPage\",\"@id\":\"https:\/\/datarecovery.ping.fm\/tr\/partition-recovery-software\/\",\"url\":\"https:\/\/datarecovery.ping.fm\/tr\/partition-recovery-software\/\",\"name\":\"2024 Y\u0131l\u0131 \u0130\u00e7in En \u0130yi Windows B\u00f6l\u00fcm\u00fc Kurtarma Yaz\u0131l\u0131m\u0131\",\"isPartOf\":{\"@id\":\"https:\/\/datarecovery.ping.fm\/tr\/#website\"},\"datePublished\":\"2024-02-21T05:25:08+00:00\",\"dateModified\":\"2024-04-16T12:09:04+00:00\",\"breadcrumb\":{\"@id\":\"https:\/\/datarecovery.ping.fm\/tr\/partition-recovery-software\/#breadcrumb\"},\"inLanguage\":\"tr\",\"potentialAction\":[{\"@type\":\"ReadAction\",\"target\":[\"https:\/\/datarecovery.ping.fm\/tr\/partition-recovery-software\/\"]}]},{\"@type\":\"BreadcrumbList\",\"@id\":\"https:\/\/datarecovery.ping.fm\/tr\/partition-recovery-software\/#breadcrumb\",\"itemListElement\":[{\"@type\":\"ListItem\",\"position\":1,\"name\":\"Home\",\"item\":\"https:\/\/datarecovery.ping.fm\/tr\/\"},{\"@type\":\"ListItem\",\"position\":2,\"name\":\"2024 Prime Return Software Ophoid Karakter Geri Y\u00fckleme i\u00e7in Windows\"}]},{\"@type\":\"WebSite\",\"@id\":\"https:\/\/datarecovery.ping.fm\/tr\/#website\",\"url\":\"https:\/\/datarecovery.ping.fm\/tr\/\",\"name\":\"Data Recovery Software\",\"description\":\"\",\"potentialAction\":[{\"@type\":\"SearchAction\",\"target\":{\"@type\":\"EntryPoint\",\"urlTemplate\":\"https:\/\/datarecovery.ping.fm\/tr\/?s={search_term_string}\"},\"query-input\":\"required name=search_term_string\"}],\"inLanguage\":\"tr\"}]}<\/script>\n<!-- \/ Yoast SEO plugin. -->","yoast_head_json":{"title":"2024 Y\u0131l\u0131 \u0130\u00e7in En \u0130yi Windows B\u00f6l\u00fcm\u00fc Kurtarma Yaz\u0131l\u0131m\u0131","robots":{"index":"index","follow":"follow","max-snippet":"max-snippet:-1","max-image-preview":"max-image-preview:large","max-video-preview":"max-video-preview:-1"},"canonical":"https:\/\/datarecovery.ping.fm\/tr\/partition-recovery-software\/","og_locale":"tr_TR","og_type":"article","og_title":"2024 Y\u0131l\u0131 \u0130\u00e7in En \u0130yi Windows B\u00f6l\u00fcm\u00fc Kurtarma Yaz\u0131l\u0131m\u0131","og_description":"2024 \u0130\u00e7in Windows \u0130\u00e7in En \u0130yi B\u00f6l\u00fcm Kurtarma Yaz\u0131l\u0131m\u0131 Bir b\u00f6l\u00fcm\u00fc kazara sildi\u011finizde veya bir sistem \u00e7\u00f6kmesinden muzdarip oldu\u011funuzda hissetti\u011finiz \u015fey, \u00f6zellikle b\u00f6l\u00fcm de\u011ferli veriler i\u00e7eriyorsa, hafife al\u0131nacak bir \u015fey de\u011fildir. Neyse ki, b\u00f6l\u00fcm kurtarma yaz\u0131l\u0131m\u0131, b\u00f6yle \u00e7aresiz zamanlarda can simidi olabilir. Ki\u015fisel deneyimime dayanarak, talihsizlik (veya talih) eseri kullanma \u015fans\u0131n\u0131 (veya \u015fanss\u0131zl\u0131\u011f\u0131n\u0131) buldu\u011fum Windows [&hellip;]","og_url":"https:\/\/datarecovery.ping.fm\/tr\/partition-recovery-software\/","og_site_name":"Data Recovery Software","article_modified_time":"2024-04-16T12:09:04+00:00","og_image":[{"width":1280,"height":731,"url":"https:\/\/datarecovery.ping.fm\/wp-content\/uploads\/2024\/04\/Best-Partition-Recovery-Software-in-2024-for-Windows-Turkish.jpg","type":"image\/jpeg"}],"twitter_card":"summary_large_image","twitter_misc":{"Est. reading time":"4 dakika"},"schema":{"@context":"https:\/\/schema.org","@graph":[{"@type":"WebPage","@id":"https:\/\/datarecovery.ping.fm\/tr\/partition-recovery-software\/","url":"https:\/\/datarecovery.ping.fm\/tr\/partition-recovery-software\/","name":"2024 Y\u0131l\u0131 \u0130\u00e7in En \u0130yi Windows B\u00f6l\u00fcm\u00fc Kurtarma Yaz\u0131l\u0131m\u0131","isPartOf":{"@id":"https:\/\/datarecovery.ping.fm\/tr\/#website"},"datePublished":"2024-02-21T05:25:08+00:00","dateModified":"2024-04-16T12:09:04+00:00","breadcrumb":{"@id":"https:\/\/datarecovery.ping.fm\/tr\/partition-recovery-software\/#breadcrumb"},"inLanguage":"tr","potentialAction":[{"@type":"ReadAction","target":["https:\/\/datarecovery.ping.fm\/tr\/partition-recovery-software\/"]}]},{"@type":"BreadcrumbList","@id":"https:\/\/datarecovery.ping.fm\/tr\/partition-recovery-software\/#breadcrumb","itemListElement":[{"@type":"ListItem","position":1,"name":"Home","item":"https:\/\/datarecovery.ping.fm\/tr\/"},{"@type":"ListItem","position":2,"name":"2024 Prime Return Software Ophoid Karakter Geri Y\u00fckleme i\u00e7in Windows"}]},{"@type":"WebSite","@id":"https:\/\/datarecovery.ping.fm\/tr\/#website","url":"https:\/\/datarecovery.ping.fm\/tr\/","name":"Data Recovery Software","description":"","potentialAction":[{"@type":"SearchAction","target":{"@type":"EntryPoint","urlTemplate":"https:\/\/datarecovery.ping.fm\/tr\/?s={search_term_string}"},"query-input":"required name=search_term_string"}],"inLanguage":"tr"}]}},"_links":{"self":[{"href":"https:\/\/datarecovery.ping.fm\/tr\/wp-json\/wp\/v2\/pages\/41983"}],"collection":[{"href":"https:\/\/datarecovery.ping.fm\/tr\/wp-json\/wp\/v2\/pages"}],"about":[{"href":"https:\/\/datarecovery.ping.fm\/tr\/wp-json\/wp\/v2\/types\/page"}],"replies":[{"embeddable":true,"href":"https:\/\/datarecovery.ping.fm\/tr\/wp-json\/wp\/v2\/comments?post=41983"}],"version-history":[{"count":0,"href":"https:\/\/datarecovery.ping.fm\/tr\/wp-json\/wp\/v2\/pages\/41983\/revisions"}],"wp:featuredmedia":[{"embeddable":true,"href":"https:\/\/datarecovery.ping.fm\/tr\/wp-json\/wp\/v2\/media\/41984"}],"wp:attachment":[{"href":"https:\/\/datarecovery.ping.fm\/tr\/wp-json\/wp\/v2\/media?parent=41983"}],"curies":[{"name":"wp","href":"https:\/\/api.w.org\/{rel}","templated":true}]}}