{"id":40598,"date":"2024-01-09T20:38:49","date_gmt":"2024-01-09T20:38:49","guid":{"rendered":"https:\/\/www.ping.fm\/data-recovery-software\/recover-deleted-minecraft-worlds\/"},"modified":"2024-04-15T17:39:32","modified_gmt":"2024-04-15T17:39:32","slug":"recover-deleted-minecraft-worlds","status":"publish","type":"page","link":"https:\/\/datarecovery.ping.fm\/tr\/recover-deleted-minecraft-worlds\/","title":{"rendered":"Silinen Minecraft D\u00fcnyalar\u0131 Nas\u0131l Kurtar\u0131l\u0131r"},"content":{"rendered":"<section>\n<h1>Silinen Minecraft D\u00fcnyalar\u0131 Nas\u0131l Kurtar\u0131l\u0131r<\/h1>\n<div class=\"inbrief\">\n<div>             <img src=\"https:\/\/www.ping.fm\/data-recovery-software\/wp-content\/uploads\/ai\/How-to-Recover-Deleted-Minecraft-Worlds-Turkish.jpg\" alt=\"Silinen Minecraft D\u00fcnyalar\u0131 Nas\u0131l Kurtar\u0131l\u0131r\" title=\"Silinen Minecraft D\u00fcnyalar\u0131 Nas\u0131l Kurtar\u0131l\u0131r\" width=\"1280\" height=\"720\">             <\/p>\n<p>Minecraft, sonsuz ke\u015fif, in\u015fa etme ve macera olanaklar\u0131 ile oyuncular\u0131n kalplerini fetheden her zaman pop\u00fcler kum havuzu oyunudur. Eme\u011finizle meydana getirilen bir Minecraft d\u00fcnyas\u0131n\u0131n kazara silinmesi en y\u0131k\u0131c\u0131 deneyimlerden biri olabilir. Bir oyun \u00e7\u00f6kmesi, kas\u0131ts\u0131z bir t\u0131klama veya di\u011fer beklenmedik durumlar nedeniyle dijital yarat\u0131m\u0131n\u0131z\u0131n kaybolmas\u0131 y\u0131k\u0131c\u0131 hissedebilir. Korkmay\u0131n, de\u011ferli oyuncular! Bu makalede, hem PC hem de mobil cihazlarda silinen Minecraft d\u00fcnyalar\u0131n\u0131 nas\u0131l kurtaraca\u011f\u0131n\u0131z konusunda sizi ad\u0131m ad\u0131m y\u00f6nlendirece\u011fim. Sevgili bloklar\u0131n\u0131z\u0131 dijital yokolu\u015fun u\u00e7urumundan geri almak i\u00e7in <b>Disk Drill<\/b> dahil, kulland\u0131\u011f\u0131m di\u011fer y\u00f6ntemlerle ilgili ki\u015fisel deneyimlerimi de payla\u015faca\u011f\u0131m.<\/p>\n<\/div>\n<\/div>\n<\/section>\n<section>\n<div>\n<div>1<\/div>\n<h2>Yayg\u0131n Senaryolar:<\/h2>\n<\/div>\n<h3>Kazara D\u00fcnya Silme &#128465;<\/h3>\n<ul>\n<li>Bir d\u00fcnyay\u0131 y\u00fcklemeye \u00e7al\u0131\u015f\u0131rken yanl\u0131\u015fl\u0131kla &#8216;Sil&#8217; tu\u015funa basmak.<\/li>\n<li>\u0130stenmeyen dosyalar\u0131 temizlerken yanl\u0131\u015fl\u0131kla Minecraft kay\u0131tlar\u0131n\u0131 dahil etmek.<\/li>\n<li>Oyun \u00e7\u00f6kmesi sonucunda bozulmu\u015f veya eksik d\u00fcnya dosyalar\u0131 olu\u015fmas\u0131.<\/li>\n<\/ul>\n<h3>Ba\u015far\u0131s\u0131z G\u00fcncellemeler ve Modlar &#128736;<\/h3>\n<ul>\n<li>Mevcut d\u00fcnya kay\u0131tlar\u0131n\u0131 bozan yeni bir mod veya oyun g\u00fcncellemesi y\u00fcklemek.<\/li>\n<li>Bir g\u00fcncellemenin ba\u015far\u0131s\u0131z olmas\u0131 sonucu Minecraft d\u00fcnyalar\u0131n\u0131za eri\u015fim kayb\u0131 ya\u015fanmas\u0131.<\/li>\n<li>Mod \u00e7at\u0131\u015fmalar\u0131n\u0131n oyun dosyalar\u0131n\u0131n silinmesine veya bozulmas\u0131na yol a\u00e7mas\u0131.<\/li>\n<\/ul>\n<h3>Donan\u0131m Hatalar\u0131 ve Sistem Hatalar\u0131 &#128187;<\/h3>\n<ul>\n<li>Dosyalar\u0131n kaybolmas\u0131na veya eri\u015filemez hale gelmesine sebep olan sistem ar\u0131zalar\u0131.<\/li>\n<li>Minecraft program hatalar\u0131n\u0131n d\u00fcnyalar\u0131n kaybolmas\u0131na neden olmas\u0131.<\/li>\n<li>Oynarken beklenmeyen g\u00fc\u00e7 kesintileri veya sistem yeniden ba\u015flatmalar\u0131.<\/li>\n<\/ul>\n<\/section>\n<section class=\"stepByStep\">\n<div>\n<div>2<\/div>\n<h2>Ad\u0131m Ad\u0131m K\u0131lavuz. Silinen Minecraft D\u00fcnyalar\u0131n\u0131 Kurtar:<\/h2>\n<\/div>\n<h3>Y\u00f6ntem 1: Geri D\u00f6n\u00fc\u015f\u00fcm Kutusunu Kontrol Edin &#128465;<\/h3>\n<ul>\n<li>Masa\u00fcst\u00fcndeki simgesine \u00e7ift t\u0131klayarak <b>Geri D\u00f6n\u00fc\u015f\u00fcm Kutusu<\/b>&#8216;nuzu a\u00e7\u0131n.<\/li>\n<li>Kazara kald\u0131r\u0131lm\u0131\u015f <b>Minecraft d\u00fcnya klas\u00f6r\u00fc<\/b> veya dosyalar\u0131n\u0131 aray\u0131n. \u0130simleri genellikle silinen d\u00fcnyan\u0131z\u0131n ad\u0131yla e\u015fle\u015fecektir.<\/li>\n<li>Klas\u00f6r\/dosyalar\u0131n \u00fczerinde sa\u011f t\u0131klay\u0131p &#8216;<b>Geri Y\u00fckle<\/b>&#8216; se\u00e7ene\u011fini belirleyerek onlar\u0131 orijinal konumlar\u0131na geri getirin.<\/li>\n<\/ul>\n<p><b>Not:<\/b> Bu y\u00f6ntem, silinen dosyalar\u0131n Geri D\u00f6n\u00fc\u015f\u00fcm Kutusu&#8217;ndan kal\u0131c\u0131 olarak kald\u0131r\u0131lmam\u0131\u015f olmas\u0131 durumunda i\u015fe yarar.<\/p>\n<p><b>Sonu\u00e7:<\/b> Geri D\u00f6n\u00fc\u015f\u00fcm Kutusu&#8217;ndan dosyalar\u0131 kurtarmak, silme i\u015flemi yak\u0131n zamanda ger\u00e7ekle\u015fmi\u015f ve dosyalar kal\u0131c\u0131 olarak kald\u0131r\u0131lmam\u0131\u015fsa basit ve etkili bir y\u00f6ntemdir.<\/p>\n<h3>Y\u00f6ntem 2: PC&#8217;de Sistem Geri Y\u00fckleme Kullanma &#128338;<\/h3>\n<ul>\n<li>&#8216;Bir geri y\u00fckleme noktas\u0131 olu\u015ftur&#8217; se\u00e7ene\u011fini Windows arama kutusuna yazarak Sistem Geri Y\u00fckleme&#8217;ye eri\u015fin ve Sistem \u00d6zellikleri ileti\u015fim kutusunu a\u00e7\u0131n.<\/li>\n<li>&#8216;<b>Sistem Geri Y\u00fckleme&#8230;<\/b>&#8216; se\u00e7ene\u011fine t\u0131klay\u0131n ve silinme olay\u0131ndan \u00f6nce olu\u015fturulan bir geri y\u00fckleme noktas\u0131n\u0131 se\u00e7mek i\u00e7in y\u00f6nlendirmeleri takip edin.<\/li>\n<li>Geri y\u00fckleme i\u015flemine devam edin, ancak bu i\u015flemin yeni kurulan yaz\u0131l\u0131m ve g\u00fcncellemeleri etkileyebilece\u011fini akl\u0131n\u0131zda bulundurun.<\/li>\n<\/ul>\n<p><b>Not:<\/b> Bu y\u00f6ntem, sistem korumas\u0131n\u0131n etkinle\u015ftirilmi\u015f olmas\u0131 ve uygun bir geri y\u00fckleme noktan\u0131z\u0131n bulunmas\u0131 durumunda \u00e7al\u0131\u015f\u0131r.<\/p>\n<p><b>Sonu\u00e7:<\/b> Sistem Geri Y\u00fckleme, sistemdeki \u00f6nemli de\u011fi\u015fiklikler nedeniyle silinen Minecraft d\u00fcnyalar\u0131n\u0131z\u0131 geri getirebilecek g\u00fc\u00e7l\u00fc bir ara\u00e7t\u0131r.<\/p>\n<h3>Y\u00f6ntem 3: PC&#8217;de Minecraft &#8216;kay\u0131tlar&#8217; Klas\u00f6r\u00fcnden Kurtarma &#128190;<\/h3>\n<ul>\n<li>PC&#8217;nizdeki Minecraft &#8216;kay\u0131tlar&#8217; klas\u00f6r\u00fcne gidin. Varsay\u0131lan yol genellikle &#8216;<b>C:Users[Your Username]AppDataRoaming.minecraftkay\u0131tlar<\/b>&#8216; \u015feklindedir.<\/li>\n<li>Silinen d\u00fcnyan\u0131n klas\u00f6r\u00fcn\u00fcn orada olup olmad\u0131\u011f\u0131n\u0131 kontrol edin. Bazen, oyun dosyalar\u0131 d\u00fczg\u00fcn bir \u015fekilde kald\u0131rmayabilir ve onlar\u0131 kay\u0131tlar klas\u00f6r\u00fcnde b\u0131rakabilir.<\/li>\n<li>E\u011fer bulabilirseniz, klas\u00f6r\u00fc ba\u015fka bir konuma kopyalay\u0131p oyununuzda y\u00fcklemeyi deneyerek do\u011fru d\u00fcnya olup olmad\u0131\u011f\u0131n\u0131 ve \u00e7al\u0131\u015f\u0131p \u00e7al\u0131\u015fmad\u0131\u011f\u0131n\u0131 kontrol edin.<\/li>\n<\/ul>\n<p><b>Not:<\/b> Bu y\u00f6ntem, dosyalar\u0131n oyun taraf\u0131ndan kal\u0131c\u0131 olarak silinmemi\u015f olma ihtimaline dayan\u0131r.<\/p>\n<p><b>Sonu\u00e7:<\/b> Direkt olarak kay\u0131tlar klas\u00f6r\u00fcn\u00fc kontrol etmek, ek kurtarma ara\u00e7lar\u0131na ihtiya\u00e7 duymadan d\u00fcnyan\u0131z\u0131 kurtarabilecek h\u0131zl\u0131 bir kontrol olabilir.<\/p>\n<h3>Y\u00f6ntem 4: Veri Kurtarma i\u00e7in <b>Disk Drill<\/b> Kullanma &#9881;<\/h3>\n<ul>\n<li><b>Disk Drill<\/b>&#8216;i <a href='https:\/\/www.cleverfiles.com\/' rel=\"nofollow noopener\" target='_blank'>resmi web sitesinden<\/a> indirip kurun.<\/li>\n<li><b>Disk Drill<\/b>&#8216;i ba\u015flat\u0131n ve Minecraft d\u00fcnyalar\u0131n\u0131z\u0131n bulundu\u011fu veya bulunmu\u015f oldu\u011fu s\u00fcr\u00fcc\u00fcy\u00fc se\u00e7in.<\/li>\n<li>&#8216;<b>Kurtar<\/b>&#8216; se\u00e7ene\u011fine t\u0131klay\u0131n ve Disk Drill&#8217;in silinmi\u015f dosyalar\u0131 aramas\u0131 i\u00e7in s\u00fcr\u00fcc\u00fcy\u00fc taratmas\u0131na izin verin. \u0130\u015flemin biraz zaman alabilece\u011fi i\u00e7in sab\u0131rl\u0131 olun.<\/li>\n<li>Tarama tamamland\u0131\u011f\u0131nda, Minecraft d\u00fcnyalar\u0131n\u0131z\u0131n ad\u0131n\u0131 ta\u015f\u0131yan klas\u00f6rleri aray\u0131n, onlar\u0131 se\u00e7in ve tekrar &#8216;<b>Kurtar<\/b>&#8216;a t\u0131klay\u0131n.<\/li>\n<\/ul>\n<p><b>Not:<\/b> Ba\u015far\u0131 oranlar\u0131 de\u011fi\u015febilir ve genellikle silinmeden hemen sonra kurtarmay\u0131 denemek daha iyidir.<\/p>\n<p><b>Sonu\u00e7:<\/b> <b>Disk Drill<\/b>, silindikten sonra bile Minecraft d\u00fcnyalar\u0131n\u0131z\u0131 kurtarmay\u0131 ba\u015farabilecek g\u00fc\u00e7l\u00fc bir veri kurtarma arac\u0131d\u0131r.<\/p>\n<h3>Y\u00f6ntem 5: PC&#8217;de D\u00fcnya Yedeklerini Geri Y\u00fckleme &#128281;<\/h3>\n<ul>\n<li>D\u00fcnyalar\u0131n\u0131z\u0131n veya oyunun Minecraft dizini i\u00e7erisinde genellikle bulunan &#8216;<b>yedekler<\/b>&#8216; klas\u00f6r\u00fcnde d\u00fcnyalar\u0131n\u0131z\u0131n yedeklerini olu\u015fturup olu\u015fturmad\u0131\u011f\u0131n\u0131 kontrol edin.<\/li>\n<li>E\u011fer yak\u0131n zamanl\u0131 bir yedek bulabilirseniz, dosyalar\u0131 WinRAR veya 7-Zip gibi bir ara\u00e7 kullanarak \u00e7\u0131kar\u0131n.<\/li>\n<li>\u00c7\u0131kar\u0131lm\u0131\u015f d\u00fcnya verilerini &#8216;<b>kay\u0131tlar<\/b>&#8216; klas\u00f6r\u00fcne ta\u015f\u0131y\u0131n ve d\u00fcnyan\u0131n g\u00f6r\u00fcn\u00fcp g\u00f6r\u00fcnmedi\u011fini g\u00f6rmek i\u00e7in Minecraft&#8217;\u0131 tekrar ba\u015flat\u0131n.<\/li>\n<\/ul>\n<p><b>Not:<\/b> Bu y\u00f6ntem, d\u00fcnya silinmeden \u00f6nce yedeklerin yap\u0131lm\u0131\u015f olmas\u0131 ihtimaline dayan\u0131r.<\/p>\n<p><b>Sonu\u00e7:<\/b> Yedeklerden geri y\u00fckleme yapmak, d\u00fcnyalar\u0131 kurtarman\u0131n etkili bir yolu olup, d\u00fczenli olarak Minecraft kay\u0131tlar\u0131n\u0131z\u0131n yedeklenmesinin \u00f6nemini vurgular.<\/p>\n<h3>Y\u00f6ntem 6: Mobil i\u00e7in Dosya Kurtarma Uygulamalar\u0131 &#128241;<\/h3>\n<ul>\n<li>Cihaz\u0131n\u0131za <b>Dr.Fone<\/b> veya <b>EaseUS MobiSaver<\/b> gibi bir dosya kurtarma uygulamas\u0131 indirin veya cihaz\u0131n\u0131z\u0131 bir PC&#8217;ye ba\u011flayarak PC tabanl\u0131 bir kurtarma arac\u0131 kullan\u0131n.<\/li>\n<li>Uygulamay\u0131 ba\u015flat\u0131n ve silinen dosyalar\u0131 mobil cihaz\u0131n\u0131zda aramak i\u00e7in talimatlar\u0131 izleyin.<\/li>\n<li>&#8216;.minecraftworld&#8217; uzant\u0131l\u0131 dosyalar\u0131 veya silinen d\u00fcnyalar\u0131n\u0131za kar\u015f\u0131l\u0131k gelen klas\u00f6rleri aray\u0131n.<\/li>\n<li>Se\u00e7ilen dosyalar\u0131 cihaz\u0131n\u0131z\u0131n depolama alan\u0131na geri y\u00fckleyin.<\/li>\n<\/ul>\n<p><b>Not:<\/b> Silinme ger\u00e7ekle\u015ftikten sonra cihaza yeni veri yaz\u0131lmam\u0131\u015fsa kurtarma \u015fanslar\u0131 daha y\u00fcksek olacakt\u0131r.<\/p>\n<p><b>Sonu\u00e7:<\/b> Mobil veri kurtarma daha zor olabilirken, g\u00fcvenilir bir uygulama kullanmak mobil cihazlarda kaybolan Minecraft d\u00fcnyalar\u0131n\u0131 geri getirme \u015fans\u0131 sa\u011flar.<\/p>\n<\/section>\n<section>\n<div>\n<div>3<\/div>\n<h2>\u00d6nlemler ve \u0130pu\u00e7lar\u0131:<\/h2>\n<\/div>\n<h3>D\u00fczenli Veri Yedeklemesi &#128737;<\/h3>\n<ul>\n<li><b>Minecraft d\u00fcnyalar\u0131n\u0131z\u0131<\/b> d\u00fczenli olarak yedekleyin, ya <b>saves<\/b> klas\u00f6r\u00fcn\u00fc kopyalayarak veya otomatik yedeklemeler i\u00e7in oyun i\u00e7i se\u00e7enekleri kullanarak.<\/li>\n<li>Oyun verilerinizin uzak kopyalar\u0131n\u0131 saklamak i\u00e7in Google Drive, Dropbox veya OneDrive gibi bulut depolama \u00e7\u00f6z\u00fcmlerini kullan\u0131n.<\/li>\n<li>D\u00fcnyalar\u0131n\u0131z\u0131n s\u00fcrekli anl\u0131k g\u00f6r\u00fcnt\u00fclerini sa\u011flamak i\u00e7in sistem ara\u00e7lar\u0131n\u0131 veya \u00fc\u00e7\u00fcnc\u00fc taraf yaz\u0131l\u0131mlar\u0131 kullanarak otomatik yedeklemeler planlay\u0131n.<\/li>\n<\/ul>\n<h3>G\u00fcvenli Oyun Uygulamalar\u0131 &#128274;<\/h3>\n<ul>\n<li>Minecraft oynarken oyun verilerinde istenmeyen de\u011fi\u015fikliklerin riskini azaltmak i\u00e7in PC veya mobil cihaz\u0131n\u0131z\u0131 y\u00fckseltilmi\u015f izinlerle (admin veya root) \u00e7al\u0131\u015ft\u0131rmaktan ka\u00e7\u0131n\u0131n.<\/li>\n<li>Modlar veya g\u00fcncellemeler kurarken, bozulmay\u0131 \u00f6nlemek i\u00e7in onlar\u0131n Minecraft s\u00fcr\u00fcm\u00fcn\u00fczle uyumlu oldu\u011fundan emin olun.<\/li>\n<li>Veri kayb\u0131na yol a\u00e7abilecek hatalara kar\u015f\u0131 korunmak i\u00e7in oyununuzu ve cihaz\u0131n\u0131z\u0131 d\u00fczenli olarak g\u00fcncelleyin.<\/li>\n<\/ul>\n<\/section>\n<section>\n<div>\n<div>4<\/div>\n<h2>Minecraft D\u00fcnya Y\u00f6netimini Anlama<\/h2>\n<\/div>\n<p>Minecraft d\u00fcnyalar\u0131n\u0131n veri y\u00f6netimini anlamak, veri kayb\u0131n\u0131 \u00f6nlemede ve kurtarmada kilit bir rol oynar. Minecraft&#8217;ta t\u00fcm d\u00fcnya verileri oyunun kurulum dizinindeki <b>saves<\/b> klas\u00f6r\u00fcnde saklan\u0131r. Her d\u00fcnya, kendine ait bir klas\u00f6rde d\u00fcnyan\u0131n ad\u0131yla saklan\u0131r. Bu, in\u015fa edilmi\u015f yap\u0131lar\u0131, oyuncu envanterlerini ve araziyi i\u00e7erir.<\/p>\n<p><p>Ayr\u0131ca, \u00f6zellikle Realms ile Minecraft&#8217;\u0131n yerle\u015fik yedekleme sistemlerine sahip oldu\u011funu belirtmek \u00f6nemlidir, burada oyun periyodik olarak d\u00fcnyalar\u0131n\u0131z\u0131n yedeklemesini yapar. Realms&#8217;in yedeklemelerine eri\u015filebilir ve indirilebilir, bu da veri kayb\u0131na kar\u015f\u0131 bir g\u00fcvencedir.<\/p>\n<p><p>Modlar ve \u00fc\u00e7\u00fcnc\u00fc taraf ara\u00e7lar\u0131 oyunu hem zenginle\u015ftirebilir hem de kay\u0131tlar\u0131n\u0131za zarar verebilir. Modlar\u0131 her zaman <a href='https:\/\/www.curseforge.com\/minecraft\/mc-mods' rel=\"nofollow noopener\" target='_blank'>g\u00fcvenilir kaynaklardan<\/a> indirin ve y\u00fcklenen i\u00e7eri\u011fi takip etmek i\u00e7in bir mod y\u00f6neticisi kullanmay\u0131 d\u00fc\u015f\u00fcn\u00fcn.<\/p>\n<\/section>\n<section>\n<h2>Sonu\u00e7:<\/h2>\n<div class=\"nonp\">\n<p>\u00d6zetlemek gerekirse, bir Minecraft d\u00fcnyas\u0131n\u0131 kaybetmek, \u00f6zellikle \u00f6nemli miktarda zaman yat\u0131r\u0131lm\u0131\u015fsa, k\u00fc\u00e7\u00fck bir rahats\u0131zl\u0131ktan b\u00fcy\u00fck bir geri ad\u0131ma kadar de\u011fi\u015febilir. Bu makalede \u00f6zetlenen y\u00f6ntemleri takip ederek, hem PC hem de mobil platformlarda kaybedilen d\u00fcnyalar\u0131n kurtar\u0131lmas\u0131n\u0131 denemek i\u00e7in gerekli bilgi ve ara\u00e7lar\u0131 edineceksiniz. Unutmay\u0131n, \u00f6nlemek tedavi etmekten daha iyidir; bu nedenle d\u00fczenli yedeklemeler veri kayb\u0131na kar\u015f\u0131 en iyi \u00f6nleminizdir. <b>Disk Drill<\/b>&#8216;i kullan\u0131n, saves klas\u00f6r\u00fcn\u00fcz\u00fc kontrol edin veya oyun i\u00e7i yedeklemeleri aray\u0131n, yanl\u0131\u015fl\u0131kla sanal krall\u0131klar\u0131n\u0131 silen oyuncular i\u00e7in umut hala var. Mutlu oyunlar ve kurtar\u0131lan d\u00fcnyalar\u0131n\u0131z\u0131n yeniden geli\u015fmesini dileriz!<\/p>\n<\/div>\n<\/section>\n","protected":false},"excerpt":{"rendered":"<p>Silinen Minecraft D\u00fcnyalar\u0131 Nas\u0131l Kurtar\u0131l\u0131r Minecraft, sonsuz ke\u015fif, in\u015fa etme ve macera olanaklar\u0131 ile oyuncular\u0131n kalplerini fetheden her zaman pop\u00fcler kum havuzu oyunudur. Eme\u011finizle meydana getirilen bir Minecraft d\u00fcnyas\u0131n\u0131n kazara silinmesi en y\u0131k\u0131c\u0131 deneyimlerden biri olabilir. Bir oyun \u00e7\u00f6kmesi, kas\u0131ts\u0131z bir t\u0131klama veya di\u011fer beklenmedik durumlar nedeniyle dijital yarat\u0131m\u0131n\u0131z\u0131n kaybolmas\u0131 y\u0131k\u0131c\u0131 hissedebilir. Korkmay\u0131n, de\u011ferli oyuncular! [&hellip;]<\/p>\n","protected":false},"author":1,"featured_media":40599,"parent":0,"menu_order":0,"comment_status":"closed","ping_status":"closed","template":"chromecast.php","meta":{"_stopmodifiedupdate":false,"_modified_date":"","_lmt_disableupdate":"no","_lmt_disable":""},"acf":[],"yoast_head":"<!-- This site is optimized with the Yoast SEO plugin v20.9 - https:\/\/yoast.com\/wordpress\/plugins\/seo\/ -->\n<title>Yanl\u0131\u015fl\u0131kla Silinen Minecraft D\u00fcnyalar\u0131 Nas\u0131l Geri Y\u00fcklenir<\/title>\n<meta name=\"robots\" content=\"index, follow, max-snippet:-1, max-image-preview:large, max-video-preview:-1\" \/>\n<link rel=\"canonical\" href=\"https:\/\/datarecovery.ping.fm\/tr\/recover-deleted-minecraft-worlds\/\" \/>\n<meta property=\"og:locale\" content=\"tr_TR\" \/>\n<meta property=\"og:type\" content=\"article\" \/>\n<meta property=\"og:title\" content=\"Yanl\u0131\u015fl\u0131kla Silinen Minecraft D\u00fcnyalar\u0131 Nas\u0131l Geri Y\u00fcklenir\" \/>\n<meta property=\"og:description\" content=\"Silinen Minecraft D\u00fcnyalar\u0131 Nas\u0131l Kurtar\u0131l\u0131r Minecraft, sonsuz ke\u015fif, in\u015fa etme ve macera olanaklar\u0131 ile oyuncular\u0131n kalplerini fetheden her zaman pop\u00fcler kum havuzu oyunudur. Eme\u011finizle meydana getirilen bir Minecraft d\u00fcnyas\u0131n\u0131n kazara silinmesi en y\u0131k\u0131c\u0131 deneyimlerden biri olabilir. Bir oyun \u00e7\u00f6kmesi, kas\u0131ts\u0131z bir t\u0131klama veya di\u011fer beklenmedik durumlar nedeniyle dijital yarat\u0131m\u0131n\u0131z\u0131n kaybolmas\u0131 y\u0131k\u0131c\u0131 hissedebilir. Korkmay\u0131n, de\u011ferli oyuncular! [&hellip;]\" \/>\n<meta property=\"og:url\" content=\"https:\/\/datarecovery.ping.fm\/tr\/recover-deleted-minecraft-worlds\/\" \/>\n<meta property=\"og:site_name\" content=\"Data Recovery Software\" \/>\n<meta property=\"article:modified_time\" content=\"2024-04-15T17:39:32+00:00\" \/>\n<meta property=\"og:image\" content=\"https:\/\/datarecovery.ping.fm\/wp-content\/uploads\/2024\/04\/How-to-Recover-Deleted-Minecraft-Worlds-Turkish.jpg\" \/>\n\t<meta property=\"og:image:width\" content=\"1280\" \/>\n\t<meta property=\"og:image:height\" content=\"731\" \/>\n\t<meta property=\"og:image:type\" content=\"image\/jpeg\" \/>\n<meta name=\"twitter:card\" content=\"summary_large_image\" \/>\n<meta name=\"twitter:label1\" content=\"Est. reading time\" \/>\n\t<meta name=\"twitter:data1\" content=\"5 dakika\" \/>\n<script type=\"application\/ld+json\" class=\"yoast-schema-graph\">{\"@context\":\"https:\/\/schema.org\",\"@graph\":[{\"@type\":\"WebPage\",\"@id\":\"https:\/\/datarecovery.ping.fm\/tr\/recover-deleted-minecraft-worlds\/\",\"url\":\"https:\/\/datarecovery.ping.fm\/tr\/recover-deleted-minecraft-worlds\/\",\"name\":\"Yanl\u0131\u015fl\u0131kla Silinen Minecraft D\u00fcnyalar\u0131 Nas\u0131l Geri Y\u00fcklenir\",\"isPartOf\":{\"@id\":\"https:\/\/datarecovery.ping.fm\/tr\/#website\"},\"datePublished\":\"2024-01-09T20:38:49+00:00\",\"dateModified\":\"2024-04-15T17:39:32+00:00\",\"breadcrumb\":{\"@id\":\"https:\/\/datarecovery.ping.fm\/tr\/recover-deleted-minecraft-worlds\/#breadcrumb\"},\"inLanguage\":\"tr\",\"potentialAction\":[{\"@type\":\"ReadAction\",\"target\":[\"https:\/\/datarecovery.ping.fm\/tr\/recover-deleted-minecraft-worlds\/\"]}]},{\"@type\":\"BreadcrumbList\",\"@id\":\"https:\/\/datarecovery.ping.fm\/tr\/recover-deleted-minecraft-worlds\/#breadcrumb\",\"itemListElement\":[{\"@type\":\"ListItem\",\"position\":1,\"name\":\"Home\",\"item\":\"https:\/\/datarecovery.ping.fm\/tr\/\"},{\"@type\":\"ListItem\",\"position\":2,\"name\":\"Silinen Minecraft D\u00fcnyalar\u0131 Nas\u0131l Kurtar\u0131l\u0131r\"}]},{\"@type\":\"WebSite\",\"@id\":\"https:\/\/datarecovery.ping.fm\/tr\/#website\",\"url\":\"https:\/\/datarecovery.ping.fm\/tr\/\",\"name\":\"Data Recovery Software\",\"description\":\"\",\"potentialAction\":[{\"@type\":\"SearchAction\",\"target\":{\"@type\":\"EntryPoint\",\"urlTemplate\":\"https:\/\/datarecovery.ping.fm\/tr\/?s={search_term_string}\"},\"query-input\":\"required name=search_term_string\"}],\"inLanguage\":\"tr\"}]}<\/script>\n<!-- \/ Yoast SEO plugin. -->","yoast_head_json":{"title":"Yanl\u0131\u015fl\u0131kla Silinen Minecraft D\u00fcnyalar\u0131 Nas\u0131l Geri Y\u00fcklenir","robots":{"index":"index","follow":"follow","max-snippet":"max-snippet:-1","max-image-preview":"max-image-preview:large","max-video-preview":"max-video-preview:-1"},"canonical":"https:\/\/datarecovery.ping.fm\/tr\/recover-deleted-minecraft-worlds\/","og_locale":"tr_TR","og_type":"article","og_title":"Yanl\u0131\u015fl\u0131kla Silinen Minecraft D\u00fcnyalar\u0131 Nas\u0131l Geri Y\u00fcklenir","og_description":"Silinen Minecraft D\u00fcnyalar\u0131 Nas\u0131l Kurtar\u0131l\u0131r Minecraft, sonsuz ke\u015fif, in\u015fa etme ve macera olanaklar\u0131 ile oyuncular\u0131n kalplerini fetheden her zaman pop\u00fcler kum havuzu oyunudur. Eme\u011finizle meydana getirilen bir Minecraft d\u00fcnyas\u0131n\u0131n kazara silinmesi en y\u0131k\u0131c\u0131 deneyimlerden biri olabilir. Bir oyun \u00e7\u00f6kmesi, kas\u0131ts\u0131z bir t\u0131klama veya di\u011fer beklenmedik durumlar nedeniyle dijital yarat\u0131m\u0131n\u0131z\u0131n kaybolmas\u0131 y\u0131k\u0131c\u0131 hissedebilir. Korkmay\u0131n, de\u011ferli oyuncular! [&hellip;]","og_url":"https:\/\/datarecovery.ping.fm\/tr\/recover-deleted-minecraft-worlds\/","og_site_name":"Data Recovery Software","article_modified_time":"2024-04-15T17:39:32+00:00","og_image":[{"width":1280,"height":731,"url":"https:\/\/datarecovery.ping.fm\/wp-content\/uploads\/2024\/04\/How-to-Recover-Deleted-Minecraft-Worlds-Turkish.jpg","type":"image\/jpeg"}],"twitter_card":"summary_large_image","twitter_misc":{"Est. reading time":"5 dakika"},"schema":{"@context":"https:\/\/schema.org","@graph":[{"@type":"WebPage","@id":"https:\/\/datarecovery.ping.fm\/tr\/recover-deleted-minecraft-worlds\/","url":"https:\/\/datarecovery.ping.fm\/tr\/recover-deleted-minecraft-worlds\/","name":"Yanl\u0131\u015fl\u0131kla Silinen Minecraft D\u00fcnyalar\u0131 Nas\u0131l Geri Y\u00fcklenir","isPartOf":{"@id":"https:\/\/datarecovery.ping.fm\/tr\/#website"},"datePublished":"2024-01-09T20:38:49+00:00","dateModified":"2024-04-15T17:39:32+00:00","breadcrumb":{"@id":"https:\/\/datarecovery.ping.fm\/tr\/recover-deleted-minecraft-worlds\/#breadcrumb"},"inLanguage":"tr","potentialAction":[{"@type":"ReadAction","target":["https:\/\/datarecovery.ping.fm\/tr\/recover-deleted-minecraft-worlds\/"]}]},{"@type":"BreadcrumbList","@id":"https:\/\/datarecovery.ping.fm\/tr\/recover-deleted-minecraft-worlds\/#breadcrumb","itemListElement":[{"@type":"ListItem","position":1,"name":"Home","item":"https:\/\/datarecovery.ping.fm\/tr\/"},{"@type":"ListItem","position":2,"name":"Silinen Minecraft D\u00fcnyalar\u0131 Nas\u0131l Kurtar\u0131l\u0131r"}]},{"@type":"WebSite","@id":"https:\/\/datarecovery.ping.fm\/tr\/#website","url":"https:\/\/datarecovery.ping.fm\/tr\/","name":"Data Recovery Software","description":"","potentialAction":[{"@type":"SearchAction","target":{"@type":"EntryPoint","urlTemplate":"https:\/\/datarecovery.ping.fm\/tr\/?s={search_term_string}"},"query-input":"required name=search_term_string"}],"inLanguage":"tr"}]}},"_links":{"self":[{"href":"https:\/\/datarecovery.ping.fm\/tr\/wp-json\/wp\/v2\/pages\/40598"}],"collection":[{"href":"https:\/\/datarecovery.ping.fm\/tr\/wp-json\/wp\/v2\/pages"}],"about":[{"href":"https:\/\/datarecovery.ping.fm\/tr\/wp-json\/wp\/v2\/types\/page"}],"author":[{"embeddable":true,"href":"https:\/\/datarecovery.ping.fm\/tr\/wp-json\/wp\/v2\/users\/1"}],"replies":[{"embeddable":true,"href":"https:\/\/datarecovery.ping.fm\/tr\/wp-json\/wp\/v2\/comments?post=40598"}],"version-history":[{"count":1,"href":"https:\/\/datarecovery.ping.fm\/tr\/wp-json\/wp\/v2\/pages\/40598\/revisions"}],"predecessor-version":[{"id":40630,"href":"https:\/\/datarecovery.ping.fm\/tr\/wp-json\/wp\/v2\/pages\/40598\/revisions\/40630"}],"wp:featuredmedia":[{"embeddable":true,"href":"https:\/\/datarecovery.ping.fm\/tr\/wp-json\/wp\/v2\/media\/40599"}],"wp:attachment":[{"href":"https:\/\/datarecovery.ping.fm\/tr\/wp-json\/wp\/v2\/media?parent=40598"}],"curies":[{"name":"wp","href":"https:\/\/api.w.org\/{rel}","templated":true}]}}