{"id":40203,"date":"2024-03-01T09:30:59","date_gmt":"2024-03-01T09:30:59","guid":{"rendered":"https:\/\/www.ping.fm\/data-recovery-software\/recover-emptied-trash-mac\/"},"modified":"2024-04-15T14:09:05","modified_gmt":"2024-04-15T14:09:05","slug":"recover-emptied-trash-mac","status":"publish","type":"page","link":"https:\/\/datarecovery.ping.fm\/tr\/recover-emptied-trash-mac\/","title":{"rendered":"\u0130\u015fte Mac&#8217;te bo\u015falt\u0131lm\u0131\u015f \u00e7\u00f6pten silinen dosyalar\u0131 nas\u0131l kurtarabilirsiniz."},"content":{"rendered":"<section>\n<h1>Mac&#8217;ta Bo\u015falt\u0131lm\u0131\u015f \u00c7\u00f6pten Silinen Dosyalar Nas\u0131l Kurtar\u0131l\u0131r<\/h1>\n<div class=\"inbrief\">\n<div>             <img src=\"https:\/\/www.ping.fm\/data-recovery-software\/wp-content\/uploads\/ai\/How-to-Recover-Deleted-Files-from-Emptied-Trash-on-Mac-Turkish-.jpg\" alt=\"Mac'ta Bo\u015falt\u0131lm\u0131\u015f \u00c7\u00f6pten Silinen Dosyalar Nas\u0131l Kurtar\u0131l\u0131r\" title=\"Mac'ta Bo\u015falt\u0131lm\u0131\u015f \u00c7\u00f6pten Silinen Dosyalar Nas\u0131l Kurtar\u0131l\u0131r\" width=\"1280\" height=\"720\">             <\/p>\n<p>Mac&#8217;inizde <b>silinen \u00e7\u00f6p<\/b> k\u0131sm\u0131n\u0131 kurtarma \u00e7abas\u0131na giri\u015fmek g\u00f6z korkutucu olabilir ama korkmay\u0131n, kaybedilmi\u015f hazinelerinizi geri almak i\u00e7in y\u00f6ntemler mevcut. \u0130ster yanl\u0131\u015fl\u0131kla silinen bir belge olsun ister bir daha asla ihtiya\u00e7 duymayaca\u011f\u0131n\u0131z\u0131 d\u00fc\u015f\u00fcnd\u00fc\u011f\u00fcn\u00fcz dosyalar\u0131n temizli\u011fi olsun, hepimiz bu duruma d\u00fc\u015fm\u00fc\u015f\u00fczd\u00fcr. Silinen \u00f6\u011felerin aras\u0131nda Mac&#8217;in dosya sistemine derinlemesine dalarak arama yapan biri olarak, bu yolculukta size rehberlik edeyim. Bu makale boyunca Mac&#8217;in <b>\u00c7\u00f6p<\/b> kutusundan silinen dosyalar\u0131 kurtarmak i\u00e7in etkin bir \u015fekilde kulland\u0131\u011f\u0131m birka\u00e7 tekni\u011fi g\u00f6sterece\u011fim. Ve kurtarma y\u00f6ntemlerini daha iyi \u00f6\u011frenmek isterseniz, Mac&#8217;inizdeki Bo\u015falt\u0131lan \u00c7\u00f6p Kutusunu \u00c7ok Fazla \u00c7aba Sarfetmeden Nas\u0131l Kurtaraca\u011f\u0131n\u0131za dair makaleyi ke\u015ffetmek paha bi\u00e7ilmez bir kaynakt\u0131r.<\/p>\n<\/div>\n<\/div>\n<\/section>\n<section>\n<div>\n<div>1<\/div>\n<h2>Yayg\u0131n Senaryolar:<\/h2>\n<\/div>\n<h3>Kazara Silme &#128465;<\/h3>\n<ul>\n<li>G\u00fcndelik i\u015flerin hengamesinde, yanl\u0131\u015f dosyay\u0131 se\u00e7ip <b>Mac<\/b>&#8216;inizde silmek olduk\u00e7a yayg\u0131n bir durumdur.<\/li>\n<li>Belki de \u00f6nemli bir belgenin, at\u0131lan dosyalar aras\u0131nda yer ald\u0131\u011f\u0131n\u0131 <b>\u00c7\u00f6p<\/b> kutusunu bo\u015faltt\u0131ktan sonra \u00e7ok ge\u00e7 fark etmi\u015f olabilirsiniz.<\/li>\n<li>Panik ba\u015flad\u0131\u011f\u0131nda, g\u00fcn\u00fcn\u00fcz\u00fc ve verilerinizi kurtarabilecek <b>kurtarma se\u00e7enekleri<\/b> oldu\u011funu bilerek rahatlay\u0131n.<\/li>\n<\/ul>\n<h3>Sistem Temizli\u011fi Sonras\u0131 Pi\u015fmanl\u0131k &#128560;<\/h3>\n<ul>\n<li>Kapsaml\u0131 bir sistem temizli\u011fi ve \u00e7\u00f6p bo\u015faltma i\u015flemi sonras\u0131nda, kritik bir klas\u00f6r\u00fcn yanl\u0131\u015fl\u0131kla \u00e7\u00f6pe at\u0131l\u0131p <b>kal\u0131c\u0131 olarak silindi\u011fini<\/b> fark edebilirsiniz.<\/li>\n<li>De\u011ferli foto\u011fraflar\u0131n ya da i\u015f dok\u00fcmanlar\u0131n\u0131n potansiyel kayb\u0131n\u0131n verdi\u011fi o \u00fcz\u00fcc\u00fc hissi \u00e7ok iyi biliyorum.<\/li>\n<li>Ancak, Mac&#8217;in <b>dosya sisteminde<\/b> sonsuza dek gitti\u011fini d\u00fc\u015f\u00fcnd\u00fc\u011f\u00fcn\u00fcz dosyalar\u0131 bulabilecek birka\u00e7 y\u00f6ntem \u00f6\u011frendim.<\/li>\n<\/ul>\n<h3>Kazara Toplu Silmeler &#128562;<\/h3>\n<ul>\n<li>Etkinli\u011fi art\u0131rmak i\u00e7in toplu \u015fekilde dosya silmek, se\u00e7ilen \u00f6\u011feleri iki kez kontrol etmezseniz ters tepebilir.<\/li>\n<li>Bu yayg\u0131n temizleme yakla\u015f\u0131m\u0131 bazen \u00f6nemli dosya ya da klas\u00f6rlerin istenmeden kald\u0131r\u0131lmas\u0131na yol a\u00e7abilir.<\/li>\n<li>Neyse ki, h\u0131zl\u0131 davran\u0131\u015f ve do\u011fru kurtarma ara\u00e7lar\u0131, <b>\u00c7\u00f6p<\/b>&#8216;te yok olmu\u015f <b>toplu silinen \u00f6\u011feleri<\/b> kurtarabilece\u011fini ke\u015ffettim.<\/li>\n<\/ul>\n<\/section>\n<section class=\"stepByStep\">\n<div>\n<div>2<\/div>\n<h2>Ad\u0131m Ad\u0131m K\u0131lavuz. Mac&#8217;te Bo\u015falt\u0131lm\u0131\u015f \u00c7\u00f6p Nas\u0131l Kurtar\u0131l\u0131r:<\/h2>\n<\/div>\n<h3>Y\u00f6ntem 1: Zaman Makinesi Yede\u011fi &#128338;<\/h3>\n<ul>\n<li>\u0130lk olarak, <b>Zaman Makinesi<\/b> yedeklerinizi i\u00e7eren harici diski ba\u011flay\u0131n.<\/li>\n<li>Sistem Tercihleri veya men\u00fc \u00e7ubu\u011fundan &#8216;Zaman Makinesi&#8217;ni a\u00e7\u0131n ve dosyalar\u0131n silinmeden \u00f6nceki tarihe gidin.<\/li>\n<li>Yede\u011finizi inceleyin ve <b>\u00c7\u00f6p<\/b> kutunuzu veya dosyalar\u0131n\u0131z\u0131n bulundu\u011fu klas\u00f6r\u00fc bulun. Dosyalar\u0131 se\u00e7in ve onlar\u0131 kurtarmak i\u00e7in <b>&#8216;Geri Y\u00fckle&#8217;<\/b> butonuna t\u0131klay\u0131n.<\/li>\n<\/ul>\n<p><b>Not:<\/b> Bu y\u00f6ntem, silmeden \u00f6nce mevcut bir Zaman Makinesi yede\u011finizin olmas\u0131 durumunda ge\u00e7erlidir.<\/p>\n<p><b>Sonu\u00e7:<\/b> Zaman Makinesi, dosya silmelerini geri almak i\u00e7in bir can simididir, ancak d\u00fczenli yedeklemelerin \u00f6ng\u00f6r\u00fclmesini gerektirir.<\/p>\n<h3>Y\u00f6ntem 2: Geri Al Se\u00e7ene\u011fi &#8984;<\/h3>\n<ul>\n<li>Bir dosyay\u0131 silip hemen hatan\u0131n fark\u0131na vard\u0131ysan\u0131z, ekran\u0131n \u00fcst\u00fcndeki <b>&#8216;Finder&#8217;<\/b> men\u00fcs\u00fcne gidin.<\/li>\n<li><b>&#8216;D\u00fczenle&#8217;<\/b>&#8216;yi se\u00e7in ve <b>&#8216;[dosya ismi]&#8217;nin Ta\u015f\u0131mas\u0131n\u0131 Geri Al&#8217;<\/b>&#8216;a t\u0131klay\u0131n ya da son i\u015flemi geri almak i\u00e7in <b>Cmd + Z<\/b> tu\u015flar\u0131na bas\u0131n.<\/li>\n<li>Klas\u00f6r\u00fcn\u00fcz\u00fc veya masa\u00fcst\u00fcn\u00fcz\u00fc kontrol edin, e\u011fer \u00fcst\u00fcne ba\u015fka i\u015flemler yap\u0131lmam\u0131\u015fsa dosya yeniden g\u00f6r\u00fcnmeli.<\/li>\n<\/ul>\n<p><b>Not:<\/b> Bu h\u0131zl\u0131 \u00e7\u00f6z\u00fcm, silme i\u015flemi hemen fark edildi\u011finde ve silmeden sonra ba\u015fka i\u015flemler yap\u0131lmad\u0131\u011f\u0131nda i\u015fe yarar.<\/p>\n<p><b>Sonu\u00e7:<\/b> &#8216;Geri Al&#8217; fonksiyonu anl\u0131k bir y\u00f6ntemdir ama silmenin hemen fark\u0131na var\u0131lmas\u0131na ba\u011fl\u0131d\u0131r.<\/p>\n<h3>Y\u00f6ntem 3: Terminal Komutu &#128269;<\/h3>\n<ul>\n<li>Uygulamalar\u0131n\u0131z > Yard\u0131mc\u0131 Programlar klas\u00f6r\u00fcnden <b>&#8216;Terminal&#8217;<\/b>&#8216;i a\u00e7\u0131n.<\/li>\n<li><b>&#8216;cd .Trash&#8217;<\/b> yaz\u0131n ve Enter&#8217;a basarak \u00c7\u00f6p dizinine gitmek i\u00e7in.<\/li>\n<li>Sonra silinen dosyalar\u0131, \u00f6geleri listelemek i\u00e7in <b>&#8216;ls&#8217;<\/b> ya da kurtarmak i\u00e7in <b>&#8216;mv&#8217;<\/b> [dosya ismi] [hedef] gibi komutlar kullanarak ara\u015ft\u0131rabilirsiniz.<\/li>\n<\/ul>\n<p><b>Not:<\/b> Bu y\u00f6ntem, komut sat\u0131r\u0131 aray\u00fcz\u00fcne dair temel bir anlay\u0131\u015f gerektirir ve dosyalar\u0131n kal\u0131c\u0131 olarak kald\u0131r\u0131lmad\u0131\u011f\u0131n\u0131 varsayar.<\/p>\n<p><b>Sonu\u00e7:<\/b> Terminal \u00fczerinden kurtarma daha elle yap\u0131lan bir yakla\u015f\u0131md\u0131r ve komut sat\u0131r\u0131 g\u00f6revlerinde rahatsan\u0131z etkili olabilir.<\/p>\n<h3>Y\u00f6ntem 4: Kurtarma Yaz\u0131l\u0131m\u0131 &#128736;<\/h3>\n<ul>\n<li>Mac i\u00e7in sayg\u0131n bir veri <b>kurtarma yaz\u0131l\u0131m\u0131<\/b>, \u00f6rne\u011fin Disk Drill veya Stellar Data Recovery, indirip kurun.<\/li>\n<li>Uygulamay\u0131 ba\u015flat\u0131n ve <b>\u00c7\u00f6p<\/b> kutunuzun bulundu\u011fu s\u00fcr\u00fcc\u00fcy\u00fc se\u00e7in.<\/li>\n<li>Yaz\u0131l\u0131m\u0131n talimatlar\u0131n\u0131 takip ederek kurtar\u0131labilir dosyalar\u0131 taray\u0131n ve kurtarmak istedi\u011finizleri se\u00e7in.<\/li>\n<\/ul>\n<p><b>Not:<\/b> Baz\u0131 kurtarma yaz\u0131l\u0131mlar\u0131 \u00fccretsiz denemeler sunabilir, ancak tam kurtarma \u00f6zellikleri sat\u0131n alma gerektirebilir.<\/p>\n<p><b>Sonu\u00e7:<\/b> Veri kurtarma ara\u00e7lar\u0131 genellikle en g\u00fc\u00e7l\u00fc \u00e7\u00f6z\u00fcmd\u00fcr, \u00e7\u00f6pten bo\u015faltt\u0131ktan sonra bile dosyalar\u0131 kurtarabilir.<\/p>\n<h3>Y\u00f6ntem 5: iCloud Drive&#8217;\u0131 Kontrol Edin &#127760;<\/h3>\n<ul>\n<li><b>iCloud Drive<\/b>&#8216;\u0131 kullan\u0131yorsan\u0131z, <a href='https:\/\/www.icloud.com\/' rel=\"nofollow noopener\" target='_blank'>www.icloud.com<\/a> adresine gidin ve Apple Kimli\u011finizle giri\u015f yap\u0131n.<\/li>\n<li><b>iCloud Drive<\/b> b\u00f6l\u00fcm\u00fcne gidin ve &#8216;Son Silinenler&#8217; klas\u00f6r\u00fcn\u00fc kontrol edin.<\/li>\n<li>Kurtarmak istedi\u011finiz dosyalar\u0131 se\u00e7in ve silmeyi geri almak i\u00e7in <b>&#8216;Kurtar&#8217;<\/b>&#8216;a t\u0131klay\u0131n.<\/li>\n<\/ul>\n<p><b>Not:<\/b> Dosyalar, kal\u0131c\u0131 olarak kald\u0131r\u0131lmadan \u00f6nce 30 g\u00fcn boyunca &#8216;Son Silinenler&#8217;de saklan\u0131r.<\/p>\n<p><b>Sonu\u00e7:<\/b> iCloud, silinmeden \u00f6nce senkronize edilmi\u015flerse dosyalar\u0131 kurtarmak i\u00e7in makul bir zaman aral\u0131\u011f\u0131 sunar.<\/p>\n<\/section>\n<section>\n<div>\n<div>3<\/div>\n<h2>\u0130zlenecek Youtube videosu<\/h2>\n<\/div>\n<div class=\"iframe\"><iframe width=\"420\" height=\"315\" src=\"\/\/www.youtube.com\/embed\/DDxTYm56DII\" frameborder=\"0\" allowfullscreen><\/iframe><\/div>\n<\/section>\n<section>\n<div>\n<div>4<\/div>\n<h2>\u00d6nlemler ve \u0130pu\u00e7lar\u0131:<\/h2>\n<\/div>\n<h3>Verilerinizi Koruyun &#128737;<\/h3>\n<ul>\n<li>Kazara silme pani\u011finden ka\u00e7\u0131nmak i\u00e7in <b>Time Machine<\/b> veya bir bulut hizmetini kullanarak d\u00fczenli olarak yedeklemeler yap\u0131n.<\/li>\n<li>Bir \u015feyi yanl\u0131\u015fl\u0131kla sildi\u011finizi fark ederseniz ve hemen fark ederseniz <b>&#8216;Komut + Z&#8217;<\/b>&#8216;yi hemen kullan\u0131n.<\/li>\n<li>\u0130stenen dosyalar\u0131n kaybolmas\u0131n\u0131 \u00f6nlemek i\u00e7in, <b>\u00c7\u00f6p Kutusu&#8217;nu<\/b> bo\u015faltmadan \u00f6nce i\u00e7eri\u011fini dikkatlice inceleyin.<\/li>\n<\/ul>\n<\/section>\n<section>\n<div>\n<div>5<\/div>\n<h2>Veri Kurtarma \u015eans\u0131n\u0131 Art\u0131rma<\/h2>\n<\/div>\n<p>Veri kayb\u0131n\u0131n ac\u0131s\u0131n\u0131 tecr\u00fcbe etmi\u015f biri olarak, ak\u0131ll\u0131 pratikler ve ara\u00e7larla kurtarma \u015fans\u0131n\u0131z\u0131 g\u00fc\u00e7lendirmenin kritik \u00f6nemini do\u011frulayabilirim. Daha \u00f6nce bahsedilen y\u00f6ntemlerin \u00f6tesinde, <b>Mac&#8217;inizin dosya sistemi<\/b> ile ilgili \u00e7al\u0131\u015fmalar\u0131n\u0131z\u0131n bir hayli ayd\u0131nlat\u0131c\u0131 olabilece\u011fini anlamak \u00f6nemlidir. Bir dosya silindi\u011finde, hemen yok edilmez, ancak yeni veriler i\u00e7in kullan\u0131labilir alan olarak i\u015faretlenir; bundan dolay\u0131, kurtarma a\u00e7\u0131s\u0131ndan zaman \u00e7ok \u00f6nemlidir.<\/p>\n<p>\u00dc\u00e7\u00fcnc\u00fc parti kurtarma ara\u00e7lar\u0131 gibi <a href='https:\/\/www.cleverfiles.com\/' rel=\"nofollow noopener\" target='_blank'>Disk Drill<\/a> veya <a href='https:\/\/www.stellarinfo.com\/' rel=\"nofollow noopener\" target='_blank'>Stellar Data Recovery<\/a> ke\u015ffetmek, \u015fans\u0131n\u0131z\u0131 \u00f6nemli \u00f6l\u00e7\u00fcde art\u0131rabilir. Bu ara\u00e7lar, kullan\u0131c\u0131ya g\u00f6r\u00fcnmeyen dosya kal\u0131nt\u0131lar\u0131n\u0131 bulabilen derin taramalar sunar. Ancak, kaybolan dosyalar\u0131n \u00fczerine yaz\u0131lmas\u0131n\u0131 \u00f6nlemek i\u00e7in bu programlar\u0131 kurtarmaya \u00e7al\u0131\u015ft\u0131\u011f\u0131n\u0131z s\u00fcr\u00fcc\u00fcden farkl\u0131 bir s\u00fcr\u00fcc\u00fcye y\u00fcklemekte dikkatli olun.<\/p>\n<p>Ayr\u0131ca, <a href='https:\/\/www.ccleaner.com\/' rel=\"nofollow noopener\" target='_blank'>CCleaner<\/a> gibi yard\u0131mc\u0131 programlar\u0131 kullanarak d\u00fczenli olarak Mac&#8217;inizi temizleyin, ancak silinmesi planlanan her \u015feyi daima g\u00f6zden ge\u00e7irin. Bir \u015feyler ters giderse, kurtarma se\u00e7eneklerine nas\u0131l gezinilece\u011fini bilmek g\u00fcvenlik a\u011f\u0131n\u0131z olarak hizmet eder. Ek olarak, dosyalar\u0131n\u0131z\u0131n otomatik olarak senkronize edildi\u011fi ve kurtar\u0131labilir bir kopyas\u0131n\u0131n olu\u015fturuldu\u011fu <a href='https:\/\/support.apple.com\/guide\/mac-help\/what-is-icloud-drive-mchle1d0e1fe\/mac' rel=\"nofollow noopener\" target='_blank'>iCloud Drive&#8217;\u0131n<\/a> &#8216;Masa\u00fcst\u00fc &#038; Belgeler&#8217; klas\u00f6rler \u00f6zelli\u011fini etkinle\u015ftirmeyi d\u00fc\u015f\u00fcn\u00fcn.<\/p>\n<p>Veri kayb\u0131na kar\u015f\u0131 savunmas\u0131z olan ortamlarda \u00e7al\u0131\u015fan ki\u015filer i\u00e7in profesyonel kurtarma hizmetlerine yat\u0131r\u0131m yapmak de\u011ferli olabilir. <a href='https:\/\/www.drivesaversdatarecovery.com\/' rel=\"nofollow noopener\" target='_blank'>DriveSavers<\/a> gibi \u015firketler, karma\u015f\u0131k sorunlara sahip s\u00fcr\u00fcc\u00fclerde geli\u015fmi\u015f veri kurtarma i\u015flemleri ger\u00e7ekle\u015ftirebilir.<\/p>\n<\/section>\n<section>\n<h2>Sonu\u00e7:<\/h2>\n<div class=\"nonp\">\n<p>Sonu\u00e7 olarak, Mac&#8217;te <b>silm\u0131\u015f \u00e7\u00f6p dosyalar\u0131n\u0131 kurtarma<\/b> yolculu\u011fu panik dolu bir an ya\u015fatsa da, durumu ele almak i\u00e7in gerekli bilgi ve ara\u00e7lara sahip olmak g\u00fc\u00e7 vericidir. <b>Time Machine<\/b> ve <b>iCloud Drive<\/b> gibi yerle\u015fik uygulamalardan yararlanmaktan, g\u00fc\u00e7l\u00fc \u00fc\u00e7\u00fcnc\u00fc parti kurtarma yaz\u0131l\u0131mlar\u0131 kullanmaya kadar, ba\u015fvurulabilecek bir dizi \u00e7\u00f6z\u00fcm bulunmaktad\u0131r. Unutmay\u0131n, ba\u015far\u0131l\u0131 veri kurtarman\u0131n anahtar\u0131 h\u0131zl\u0131 hareket etmek ve her y\u00f6ntemin yeteneklerini ve s\u0131n\u0131rlar\u0131n\u0131 anlamakt\u0131r. E\u011fer kendinizi kay\u0131p dosyalar\u0131 geri almak i\u00e7in acil bir durumda bulursan\u0131z, burada sa\u011flanan rehberli\u011fe tekrar g\u00f6z at\u0131n ve meydan okumaya g\u00fcvenle yakla\u015f\u0131n. Verilerinizi her zaman yedekleyin, sakin kal\u0131n ve kurtarmaya devam edin.<\/p>\n<\/div>\n<\/section>\n","protected":false},"excerpt":{"rendered":"<p>Mac&#8217;ta Bo\u015falt\u0131lm\u0131\u015f \u00c7\u00f6pten Silinen Dosyalar Nas\u0131l Kurtar\u0131l\u0131r Mac&#8217;inizde silinen \u00e7\u00f6p k\u0131sm\u0131n\u0131 kurtarma \u00e7abas\u0131na giri\u015fmek g\u00f6z korkutucu olabilir ama korkmay\u0131n, kaybedilmi\u015f hazinelerinizi geri almak i\u00e7in y\u00f6ntemler mevcut. \u0130ster yanl\u0131\u015fl\u0131kla silinen bir belge olsun ister bir daha asla ihtiya\u00e7 duymayaca\u011f\u0131n\u0131z\u0131 d\u00fc\u015f\u00fcnd\u00fc\u011f\u00fcn\u00fcz dosyalar\u0131n temizli\u011fi olsun, hepimiz bu duruma d\u00fc\u015fm\u00fc\u015f\u00fczd\u00fcr. Silinen \u00f6\u011felerin aras\u0131nda Mac&#8217;in dosya sistemine derinlemesine dalarak arama [&hellip;]<\/p>\n","protected":false},"author":0,"featured_media":40204,"parent":0,"menu_order":0,"comment_status":"closed","ping_status":"closed","template":"chromecast.php","meta":{"_stopmodifiedupdate":false,"_modified_date":"","_lmt_disableupdate":"","_lmt_disable":""},"acf":[],"yoast_head":"<!-- This site is optimized with the Yoast SEO plugin v20.9 - https:\/\/yoast.com\/wordpress\/plugins\/seo\/ -->\n<title>A\u015fa\u011f\u0131daki, Mac&#039;teki \u00e7\u00f6p kutusundan silinen dosyalar\u0131n nas\u0131l kurtar\u0131laca\u011f\u0131na dair bir y\u00f6ntemdir [2024]<\/title>\n<meta name=\"robots\" content=\"index, follow, max-snippet:-1, max-image-preview:large, max-video-preview:-1\" \/>\n<link rel=\"canonical\" href=\"https:\/\/datarecovery.ping.fm\/tr\/recover-emptied-trash-mac\/\" \/>\n<meta property=\"og:locale\" content=\"tr_TR\" \/>\n<meta property=\"og:type\" content=\"article\" \/>\n<meta property=\"og:title\" content=\"A\u015fa\u011f\u0131daki, Mac&#039;teki \u00e7\u00f6p kutusundan silinen dosyalar\u0131n nas\u0131l kurtar\u0131laca\u011f\u0131na dair bir y\u00f6ntemdir [2024]\" \/>\n<meta property=\"og:description\" content=\"Mac&#8217;ta Bo\u015falt\u0131lm\u0131\u015f \u00c7\u00f6pten Silinen Dosyalar Nas\u0131l Kurtar\u0131l\u0131r Mac&#8217;inizde silinen \u00e7\u00f6p k\u0131sm\u0131n\u0131 kurtarma \u00e7abas\u0131na giri\u015fmek g\u00f6z korkutucu olabilir ama korkmay\u0131n, kaybedilmi\u015f hazinelerinizi geri almak i\u00e7in y\u00f6ntemler mevcut. \u0130ster yanl\u0131\u015fl\u0131kla silinen bir belge olsun ister bir daha asla ihtiya\u00e7 duymayaca\u011f\u0131n\u0131z\u0131 d\u00fc\u015f\u00fcnd\u00fc\u011f\u00fcn\u00fcz dosyalar\u0131n temizli\u011fi olsun, hepimiz bu duruma d\u00fc\u015fm\u00fc\u015f\u00fczd\u00fcr. Silinen \u00f6\u011felerin aras\u0131nda Mac&#8217;in dosya sistemine derinlemesine dalarak arama [&hellip;]\" \/>\n<meta property=\"og:url\" content=\"https:\/\/datarecovery.ping.fm\/tr\/recover-emptied-trash-mac\/\" \/>\n<meta property=\"og:site_name\" content=\"Data Recovery Software\" \/>\n<meta property=\"article:modified_time\" content=\"2024-04-15T14:09:05+00:00\" \/>\n<meta property=\"og:image\" content=\"https:\/\/datarecovery.ping.fm\/wp-content\/uploads\/2024\/03\/How-to-Recover-Deleted-Files-from-Emptied-Trash-on-Mac-1.jpg\" \/>\n\t<meta property=\"og:image:width\" content=\"1280\" \/>\n\t<meta property=\"og:image:height\" content=\"731\" \/>\n\t<meta property=\"og:image:type\" content=\"image\/jpeg\" \/>\n<meta name=\"twitter:card\" content=\"summary_large_image\" \/>\n<meta name=\"twitter:label1\" content=\"Est. reading time\" \/>\n\t<meta name=\"twitter:data1\" content=\"7 dakika\" \/>\n<script type=\"application\/ld+json\" class=\"yoast-schema-graph\">{\"@context\":\"https:\/\/schema.org\",\"@graph\":[{\"@type\":\"WebPage\",\"@id\":\"https:\/\/datarecovery.ping.fm\/tr\/recover-emptied-trash-mac\/\",\"url\":\"https:\/\/datarecovery.ping.fm\/tr\/recover-emptied-trash-mac\/\",\"name\":\"A\u015fa\u011f\u0131daki, Mac'teki \u00e7\u00f6p kutusundan silinen dosyalar\u0131n nas\u0131l kurtar\u0131laca\u011f\u0131na dair bir y\u00f6ntemdir [2024]\",\"isPartOf\":{\"@id\":\"https:\/\/datarecovery.ping.fm\/tr\/#website\"},\"datePublished\":\"2024-03-01T09:30:59+00:00\",\"dateModified\":\"2024-04-15T14:09:05+00:00\",\"breadcrumb\":{\"@id\":\"https:\/\/datarecovery.ping.fm\/tr\/recover-emptied-trash-mac\/#breadcrumb\"},\"inLanguage\":\"tr\",\"potentialAction\":[{\"@type\":\"ReadAction\",\"target\":[\"https:\/\/datarecovery.ping.fm\/tr\/recover-emptied-trash-mac\/\"]}]},{\"@type\":\"BreadcrumbList\",\"@id\":\"https:\/\/datarecovery.ping.fm\/tr\/recover-emptied-trash-mac\/#breadcrumb\",\"itemListElement\":[{\"@type\":\"ListItem\",\"position\":1,\"name\":\"Home\",\"item\":\"https:\/\/datarecovery.ping.fm\/tr\/\"},{\"@type\":\"ListItem\",\"position\":2,\"name\":\"\u0130\u015fte Mac&#8217;te bo\u015falt\u0131lm\u0131\u015f \u00e7\u00f6pten silinen dosyalar\u0131 nas\u0131l kurtarabilirsiniz.\"}]},{\"@type\":\"WebSite\",\"@id\":\"https:\/\/datarecovery.ping.fm\/tr\/#website\",\"url\":\"https:\/\/datarecovery.ping.fm\/tr\/\",\"name\":\"Data Recovery Software\",\"description\":\"\",\"potentialAction\":[{\"@type\":\"SearchAction\",\"target\":{\"@type\":\"EntryPoint\",\"urlTemplate\":\"https:\/\/datarecovery.ping.fm\/tr\/?s={search_term_string}\"},\"query-input\":\"required name=search_term_string\"}],\"inLanguage\":\"tr\"}]}<\/script>\n<!-- \/ Yoast SEO plugin. -->","yoast_head_json":{"title":"A\u015fa\u011f\u0131daki, Mac'teki \u00e7\u00f6p kutusundan silinen dosyalar\u0131n nas\u0131l kurtar\u0131laca\u011f\u0131na dair bir y\u00f6ntemdir [2024]","robots":{"index":"index","follow":"follow","max-snippet":"max-snippet:-1","max-image-preview":"max-image-preview:large","max-video-preview":"max-video-preview:-1"},"canonical":"https:\/\/datarecovery.ping.fm\/tr\/recover-emptied-trash-mac\/","og_locale":"tr_TR","og_type":"article","og_title":"A\u015fa\u011f\u0131daki, Mac'teki \u00e7\u00f6p kutusundan silinen dosyalar\u0131n nas\u0131l kurtar\u0131laca\u011f\u0131na dair bir y\u00f6ntemdir [2024]","og_description":"Mac&#8217;ta Bo\u015falt\u0131lm\u0131\u015f \u00c7\u00f6pten Silinen Dosyalar Nas\u0131l Kurtar\u0131l\u0131r Mac&#8217;inizde silinen \u00e7\u00f6p k\u0131sm\u0131n\u0131 kurtarma \u00e7abas\u0131na giri\u015fmek g\u00f6z korkutucu olabilir ama korkmay\u0131n, kaybedilmi\u015f hazinelerinizi geri almak i\u00e7in y\u00f6ntemler mevcut. \u0130ster yanl\u0131\u015fl\u0131kla silinen bir belge olsun ister bir daha asla ihtiya\u00e7 duymayaca\u011f\u0131n\u0131z\u0131 d\u00fc\u015f\u00fcnd\u00fc\u011f\u00fcn\u00fcz dosyalar\u0131n temizli\u011fi olsun, hepimiz bu duruma d\u00fc\u015fm\u00fc\u015f\u00fczd\u00fcr. Silinen \u00f6\u011felerin aras\u0131nda Mac&#8217;in dosya sistemine derinlemesine dalarak arama [&hellip;]","og_url":"https:\/\/datarecovery.ping.fm\/tr\/recover-emptied-trash-mac\/","og_site_name":"Data Recovery Software","article_modified_time":"2024-04-15T14:09:05+00:00","og_image":[{"width":1280,"height":731,"url":"https:\/\/datarecovery.ping.fm\/wp-content\/uploads\/2024\/03\/How-to-Recover-Deleted-Files-from-Emptied-Trash-on-Mac-1.jpg","type":"image\/jpeg"}],"twitter_card":"summary_large_image","twitter_misc":{"Est. reading time":"7 dakika"},"schema":{"@context":"https:\/\/schema.org","@graph":[{"@type":"WebPage","@id":"https:\/\/datarecovery.ping.fm\/tr\/recover-emptied-trash-mac\/","url":"https:\/\/datarecovery.ping.fm\/tr\/recover-emptied-trash-mac\/","name":"A\u015fa\u011f\u0131daki, Mac'teki \u00e7\u00f6p kutusundan silinen dosyalar\u0131n nas\u0131l kurtar\u0131laca\u011f\u0131na dair bir y\u00f6ntemdir [2024]","isPartOf":{"@id":"https:\/\/datarecovery.ping.fm\/tr\/#website"},"datePublished":"2024-03-01T09:30:59+00:00","dateModified":"2024-04-15T14:09:05+00:00","breadcrumb":{"@id":"https:\/\/datarecovery.ping.fm\/tr\/recover-emptied-trash-mac\/#breadcrumb"},"inLanguage":"tr","potentialAction":[{"@type":"ReadAction","target":["https:\/\/datarecovery.ping.fm\/tr\/recover-emptied-trash-mac\/"]}]},{"@type":"BreadcrumbList","@id":"https:\/\/datarecovery.ping.fm\/tr\/recover-emptied-trash-mac\/#breadcrumb","itemListElement":[{"@type":"ListItem","position":1,"name":"Home","item":"https:\/\/datarecovery.ping.fm\/tr\/"},{"@type":"ListItem","position":2,"name":"\u0130\u015fte Mac&#8217;te bo\u015falt\u0131lm\u0131\u015f \u00e7\u00f6pten silinen dosyalar\u0131 nas\u0131l kurtarabilirsiniz."}]},{"@type":"WebSite","@id":"https:\/\/datarecovery.ping.fm\/tr\/#website","url":"https:\/\/datarecovery.ping.fm\/tr\/","name":"Data Recovery Software","description":"","potentialAction":[{"@type":"SearchAction","target":{"@type":"EntryPoint","urlTemplate":"https:\/\/datarecovery.ping.fm\/tr\/?s={search_term_string}"},"query-input":"required name=search_term_string"}],"inLanguage":"tr"}]}},"_links":{"self":[{"href":"https:\/\/datarecovery.ping.fm\/tr\/wp-json\/wp\/v2\/pages\/40203"}],"collection":[{"href":"https:\/\/datarecovery.ping.fm\/tr\/wp-json\/wp\/v2\/pages"}],"about":[{"href":"https:\/\/datarecovery.ping.fm\/tr\/wp-json\/wp\/v2\/types\/page"}],"replies":[{"embeddable":true,"href":"https:\/\/datarecovery.ping.fm\/tr\/wp-json\/wp\/v2\/comments?post=40203"}],"version-history":[{"count":0,"href":"https:\/\/datarecovery.ping.fm\/tr\/wp-json\/wp\/v2\/pages\/40203\/revisions"}],"wp:featuredmedia":[{"embeddable":true,"href":"https:\/\/datarecovery.ping.fm\/tr\/wp-json\/wp\/v2\/media\/40204"}],"wp:attachment":[{"href":"https:\/\/datarecovery.ping.fm\/tr\/wp-json\/wp\/v2\/media?parent=40203"}],"curies":[{"name":"wp","href":"https:\/\/api.w.org\/{rel}","templated":true}]}}