{"id":39298,"date":"2024-01-23T07:50:14","date_gmt":"2024-01-23T07:50:14","guid":{"rendered":"https:\/\/www.ping.fm\/data-recovery-software\/retrieve-deleted-text-messages-iphone\/"},"modified":"2024-04-09T15:07:43","modified_gmt":"2024-04-09T15:07:43","slug":"retrieve-deleted-text-messages-iphone","status":"publish","type":"page","link":"https:\/\/datarecovery.ping.fm\/tr\/retrieve-deleted-text-messages-iphone\/","title":{"rendered":"\u0130\u015fte iPhone&#8217;da silinen metin mesajlar\u0131n\u0131 nas\u0131l geri getirebilirsin."},"content":{"rendered":"<section>\n<h1>iPhone&#8217;dan Silinmi\u015f Metin Mesajlar\u0131n\u0131 Nas\u0131l Kurtarabilirsiniz<\/h1>\n<div class=\"inbrief\">\n<div>                           <img decoding=\"async\" class=\"lazyload\"  srcset=\"data:image\/png;base64,iVBORw0KGgoAAAANSUhEUgAABLAAAAKkAQMAAAAqeFQ7AAAAA3NCSVQICAjb4U\/gAAAABlBMVEX\/\/\/\/\/\/\/9VfPVsAAAAAnRSTlMA\/1uRIrUAAAAJcEhZcwAACxIAAAsSAdLdfvwAAAAcdEVYdFNvZnR3YXJlAEFkb2JlIEZpcmV3b3JrcyBDUzbovLKMAAAAFnRFWHRDcmVhdGlvbiBUaW1lADAxLzI5LzE536V52wAAAHpJREFUeJztwQENAAAAwqD3T20ON6AAAAAAAAAAAAAAAAAAAAAAAAAAAAAAAAAAAAAAAAAAAAAAAAAAAAAAAAAAAAAAAAAAAAAAAAAAAAAAAAAAAAAAAAAAAAAAAAAAAAAAAAAAAAAAAAAAAAAAAAAAAAAAAAAAAIAHA47LAAHp9LjEAAAAAElFTkSuQmCC\" src=\"https:\/\/www.ping.fm\/data-recovery-software\/wp-content\/uploads\/ai\/How-to-Retrieve-Deleted-Text-Messages-from-an-iPhone-Turkish.jpg\" data-srcset=\"https:\/\/www.ping.fm\/data-recovery-software\/wp-content\/uploads\/ai\/How-to-Retrieve-Deleted-Text-Messages-from-an-iPhone-Turkish.jpg\" data-lazy-type=\"image\" data-original=\"https:\/\/www.ping.fm\/data-recovery-software\/wp-content\/uploads\/ai\/How-to-Retrieve-Deleted-Text-Messages-from-an-iPhone-Turkish.jpg\" alt=\"iPhone'dan Silinmi\u015f Metin Mesajlar\u0131n\u0131 Nas\u0131l Kurtarabilirsiniz\" title=\"iPhone'dan Silinmi\u015f Metin Mesajlar\u0131n\u0131 Nas\u0131l Kurtarabilirsiniz\" width=\"1280\" height=\"720\">                           <\/p>\n<p>Hi\u00e7 yanl\u0131\u015fl\u0131kla \u00f6nemli bir metin mesaj\u0131n\u0131 iPhone&#8217;dan sildiniz mi ve ke\u015fke geri getirebilseydiniz? \u00d6zellikle mesaj, de\u011ferli bilgiler i\u00e7eriyorsa olduk\u00e7a stresli bir durum olabilir. Neyse ki, kaybolan mesajlar\u0131 <b>kurtarmaya<\/b> \u00e7al\u0131\u015fmak i\u00e7in birka\u00e7 y\u00f6ntem mevcuttur. Bir iPhone 14 kullan\u0131yor olun, eski bir model ya da iOS&#8217;nin en g\u00fcncel s\u00fcr\u00fcm\u00fcn\u00fc, silinmi\u015f metin mesajlar\u0131n\u0131 geri getirmek h\u0131zl\u0131 ve do\u011fru ad\u0131mlar\u0131 takip ederseniz olduk\u00e7a basit bir i\u015flem olabilir. Bu makalede, ki\u015fisel deneyimimi payla\u015farak iPhone&#8217;dan <b>silinmi\u015f metin mesajlar\u0131n\u0131 kurtarma<\/b> y\u00f6ntemlerini anlataca\u011f\u0131m ve b\u00f6yle bir durum i\u00e7in haz\u0131rl\u0131kl\u0131 olman\u0131za yard\u0131mc\u0131 olaca\u011f\u0131m.<\/p>\n<\/div>\n<\/div>\n<\/section>\n<section>\n<div>\n<div>1<\/div>\n<h2>Ortak Senaryolar:<\/h2>\n<\/div>\n<h3>Kazara Hareket &#128561;<\/h3>\n<ul>\n<li><b>Uzun basma<\/b> yanl\u0131\u015f gitti: Bazen, bir mesaj\u0131 kopyalamak veya iletmek isterken yanl\u0131\u015f bir dokunma istenmedik bir silmeye yol a\u00e7abilir.<\/li>\n<li>A\u015f\u0131r\u0131 <b>temizlik<\/b>: Karma\u015fay\u0131 azaltma \u00e7abas\u0131nda, kaybetmek istemedi\u011finiz mesajlar da dahil olmak \u00fczere baz\u0131 konu\u015fmalar\u0131 silebilirsiniz.<\/li>\n<li>Telefonunuz \u00e7ocuklarda: E\u011fer telefonunuzu e\u011flence ama\u00e7l\u0131 bir \u00e7ocu\u011fa verdiyseniz, eksik uygulamalar ya da bu durumda <b>silinmi\u015f metin mesajlar\u0131<\/b> ile kar\u015f\u0131la\u015fm\u0131\u015fs\u0131n\u0131zd\u0131r.<\/li>\n<\/ul>\n<h3>Y\u00fckleme A\u015f\u0131r\u0131 Y\u00fck\u00fc &#128260;<\/h3>\n<ul>\n<li>Yaz\u0131l\u0131m hatalar\u0131: G\u00fcncelleme sonras\u0131, baz\u0131 kullan\u0131c\u0131lar sistemin potansiyel <b>hatalar\u0131<\/b> nedeniyle, dahil <b>metin mesajlar\u0131<\/b> olmak \u00fczere, eksik veri rapor etmi\u015flerdir.<\/li>\n<li>iOS <b>g\u00fcncelleme ba\u015far\u0131s\u0131zl\u0131klar\u0131<\/b>: Bazen, g\u00fcncelleme istendi\u011fi gibi gitmeyebilir ve i\u015flem s\u0131ras\u0131nda veri kayb\u0131na neden olabilir.<\/li>\n<li>Yanl\u0131\u015f <b>geri y\u00fcklemeler<\/b>: iPhone&#8217;unuzu eski bir yedekten geri y\u00fcklemek, mevcut mesajlar\u0131n eski olanlarla \u00fczerine yaz\u0131lmas\u0131na neden olabilir.<\/li>\n<\/ul>\n<h3>Teknik Sorunlar &#128736;<\/h3>\n<ul>\n<li>iPhone ar\u0131zas\u0131: Ani \u00e7\u00f6k\u00fc\u015fler veya donan\u0131m sorunlar\u0131 beklenmedik veri kayb\u0131na, dahil <b>mesajlar\u0131n\u0131z<\/b> olmak \u00fczere, neden olabilir.<\/li>\n<li>Ba\u015far\u0131s\u0131z jailbreak giri\u015fimleri: Jailbreak yapmak cihaz\u0131n\u0131z \u00fczerinde daha fazla kontrol sunarken, yanl\u0131\u015f yap\u0131ld\u0131\u011f\u0131nda veri kayb\u0131 riski ta\u015f\u0131r.<\/li>\n<li>Su hasar\u0131: iPhone&#8217;lar suya kar\u015f\u0131 diren\u00e7leriyle bilinirler ama kazalar olur ve s\u0131v\u0131 hasar\u0131 <b>kaybolmu\u015f metin mesajlar\u0131<\/b> i\u00e7in bir neden olabilir.<\/li>\n<\/ul>\n<\/section>\n<section class=\"stepByStep\">\n<div>\n<div>2<\/div>\n<h2>Ad\u0131m Ad\u0131m K\u0131lavuz. Silinmi\u015f Metin Mesajlar\u0131n\u0131 Kurtar Iphone:<\/h2>\n<\/div>\n<h3>Y\u00f6ntem 1: iCloud&#8217;dan Kurtarma &#128242;<\/h3>\n<ul>\n<li>iPhone&#8217;unuzda <strong><i>Ayarlar<\/i><\/strong> > en \u00fcstte bulunan <b>Apple Kimli\u011fi banner<\/b>&#8216;\u0131na dokunun > <i><b>iCloud<\/b><\/i> > Depolama Alan\u0131n\u0131 Y\u00f6net > <b>Yedeklemeler<\/b>&#8216;i se\u00e7in.<\/li>\n<li>Metin mesajlar\u0131n\u0131z\u0131n silinmesinden \u00f6nce tarih olarak belirtilen bir yedekleme olup olmad\u0131\u011f\u0131n\u0131 kontrol edin.<\/li>\n<li>Uygun bir yedekleme varsa, ana ayarlar sayfas\u0131na geri d\u00f6n\u00fcn, <i><b>Genel<\/b><\/i> > a\u015fa\u011f\u0131 kayd\u0131r\u0131n ve <b>S\u0131f\u0131rla<\/b>&#8216;y\u0131 se\u00e7in > ard\u0131ndan <i><b>T\u00fcm \u0130\u00e7erik ve Ayarlar\u0131 Sil<\/b><\/i>&#8216;e dokunarak iPhone&#8217;unuzu fabrika ayarlar\u0131na s\u0131f\u0131rlay\u0131n.<\/li>\n<li>iPhone&#8217;unuzu sanki yeniymi\u015f gibi yeniden kurman\u0131z gerekecek. <b>Uygulamalar ve Veriler<\/b> ekran\u0131na geldi\u011finizde, <i><b>iCloud Yede\u011finden Geri Y\u00fckle<\/b><\/i>&#8216;yi se\u00e7in, iCloud&#8217;a giri\u015f yap\u0131n ve <b>silinen mesajlar\u0131n\u0131z\u0131<\/b> i\u00e7eren yede\u011fi se\u00e7in.<\/li>\n<\/ul>\n<p><b>Not:<\/b> Bu i\u015flem cihaz\u0131n\u0131zdaki mevcut verilerin \u00fczerine, yedekteki verilerle yaz\u0131lmas\u0131na neden olacak. Devam etmeden \u00f6nce, saklamak istedi\u011finiz yeni verilerin yedeklendi\u011finden emin olun.<\/p>\n<p><b>Sonu\u00e7:<\/b> Arad\u0131\u011f\u0131n\u0131z metin mesajlar\u0131 yedeklemede bulunuyorsa, \u015fimdi iPhone&#8217;unuza geri y\u00fcklenmi\u015f olmalar\u0131 gerekir.<\/p>\n<h3>Y\u00f6ntem 2: iTunes\/Finder ile Kurtarma &#128187;<\/h3>\n<ul>\n<li>iPhone&#8217;unuzu bilgisayar\u0131n\u0131za ba\u011flay\u0131n ve <i><b>iTunes<\/b><\/i>&#8216;u (Windows veya eski macOS s\u00fcr\u00fcmlerinde) veya <i><b>Finder<\/b><\/i>&#8216;\u0131 (macOS Catalina veya daha yeni s\u00fcr\u00fcmlerde) a\u00e7\u0131n.<\/li>\n<li>iTunes&#8217;ta veya Finder&#8217;da iPhone&#8217;unuz g\u00f6r\u00fcnd\u00fc\u011f\u00fcnde se\u00e7in.<\/li>\n<li><i>Yede\u011fi Geri Y\u00fckle<\/i>&#8216;ye t\u0131klay\u0131n ve tarih ve boyuta g\u00f6re en alakal\u0131 yede\u011fi se\u00e7in.<\/li>\n<li><b>Geri Y\u00fckle<\/b>&#8216;ye t\u0131klay\u0131n ve i\u015flem bitene kadar telefonunuzu ba\u011flant\u0131dan \u00e7\u0131karmay\u0131n.<\/li>\n<\/ul>\n<p><b>Not:<\/b> iTunes veya Finder&#8217;dan geri y\u00fckleme, iPhone&#8217;unuzdaki mevcut verilerin \u00fczerine yaz\u0131laca\u011f\u0131 i\u00e7in, saklamak istedi\u011finiz yeni verilere yedek almay\u0131 unutmay\u0131n.<\/p>\n<p><b>Sonu\u00e7:<\/b> Bu y\u00f6ntem se\u00e7ilen yede\u011fin t\u00fcm i\u00e7eri\u011fini geri getirir, e\u011fer silinen metin mesajlar\u0131 yede\u011fin bir par\u00e7as\u0131ysa bunlar da dahildir.<\/p>\n<h3>Y\u00f6ntem 3: \u00dc\u00e7\u00fcnc\u00fc Taraf Yaz\u0131l\u0131m Kullanarak &#128190;<\/h3>\n<ul>\n<li>G\u00fcvenilir bir \u00fc\u00e7\u00fcnc\u00fc taraf yaz\u0131l\u0131m uygulamas\u0131 olan <i><b>PhoneRescue<\/b><\/i> veya <i><b>Disk Drill<\/b><\/i>&#8216;i indirin ve y\u00fckleyin.<\/li>\n<li>iPhone&#8217;unuzu bilgisayar\u0131n\u0131za ba\u011flay\u0131n ve yaz\u0131l\u0131m\u0131 ba\u015flat\u0131n.<\/li>\n<li><b>iOS Cihaz\u0131ndan Geri Y\u00fckle<\/b>&#8216;me se\u00e7ene\u011fini se\u00e7in ve yaz\u0131l\u0131m\u0131n iPhone&#8217;unuzu taramas\u0131na izin verin.<\/li>\n<li>Tarama tamamland\u0131ktan sonra, geri kazan\u0131lan verileri g\u00f6zden ge\u00e7irin ve <b>silinen metin mesajlar\u0131n\u0131z\u0131<\/b> kurtarmak i\u00e7in se\u00e7in.<\/li>\n<li>Mesajlar\u0131 iPhone&#8217;unuza veya bilgisayar\u0131n\u0131za kurtaracak \u015fekilde se\u00e7in, yaz\u0131l\u0131m\u0131n sunmu\u015f oldu\u011fu se\u00e7eneklere ba\u011fl\u0131d\u0131r.<\/li>\n<\/ul>\n<p><b>Not:<\/b> \u00dc\u00e7\u00fcnc\u00fc taraf kurtarma ara\u00e7lar\u0131 her zaman ba\u015far\u0131l\u0131 olmayabilir, \u00f6zellikle verilerin \u00fczerine yaz\u0131lm\u0131\u015fsa. Maliyetli de olabilirler.<\/p>\n<p><b>Sonu\u00e7:<\/b> \u00dc\u00e7\u00fcnc\u00fc taraf kurtarma yaz\u0131l\u0131m\u0131 kullanmak, \u00f6nceden bir yedekte gerektirmeyen bir \u00e7\u00f6z\u00fcm sunar, ancak ba\u015far\u0131n\u0131n garantisi yoktur.<\/p>\n<h3>Y\u00f6ntem 4: Operat\u00f6r\u00fcn\u00fcz ile \u0130leti\u015fime Ge\u00e7in &#128222;<\/h3>\n<ul>\n<li>Metin mesajlar\u0131n\u0131z\u0131n bir kopyas\u0131n\u0131 saklay\u0131p saklamad\u0131klar\u0131n\u0131 \u00f6\u011frenmek i\u00e7in mobil operat\u00f6r\u00fcn\u00fcz ile ileti\u015fime ge\u00e7in.<\/li>\n<li>M\u00fcsaitse, eri\u015fim i\u00e7in s\u00fcre\u00e7lerini izleyin. Bu, <i><b>\u00e7evrimi\u00e7i hesap<\/b><\/i> portal\u0131n\u0131za giri\u015f yapmay\u0131 veya resmi bir talep g\u00f6ndermeyi i\u00e7erebilir.<\/li>\n<\/ul>\n<p><b>Not:<\/b> \u00c7o\u011fu operat\u00f6r metin mesajlar\u0131n\u0131n i\u00e7eri\u011fini saklamaz, genellikle sadece tarih, saat ve al\u0131c\u0131 telefon numaralar\u0131 gibi metaverileri saklar.<\/p>\n<p><b>Sonu\u00e7:<\/b> Uzun bir ihtimal olsa da, operat\u00f6r\u00fcn\u00fcz ile kontrol etmek, \u00f6zellikle yasal veya i\u015f ile ilgili konularda, silinmi\u015f <b>mesajlar\u0131n\u0131z\u0131<\/b> geri almaya y\u00f6nelik bir yol sunabilir.<\/p>\n<h3>Y\u00f6ntem 5: Di\u011fer Cihazlar\u0131 Kontrol Edin &#128421;<\/h3>\n<ul>\n<li>Ayn\u0131 <i><b>iCloud hesab\u0131<\/b><\/i> ile giri\u015f yap\u0131lm\u0131\u015f di\u011fer Apple cihazlar\u0131n\u0131z varsa, silinmi\u015f <b>mesajlar\u0131n\u0131z\u0131n<\/b> hala orada olup olmad\u0131\u011f\u0131n\u0131 g\u00f6rmek i\u00e7in bu cihazlardaki Mesajlar uygulamas\u0131n\u0131 a\u00e7\u0131n.<\/li>\n<li>Bulursan\u0131z, bilgiyi <b>saklamak<\/b> i\u00e7in metni e-posta ile g\u00f6nderebilir veya ekran g\u00f6r\u00fcnt\u00fcs\u00fc alabilirsiniz.<\/li>\n<\/ul>\n<p><b>Not:<\/b> Bu y\u00f6ntem sadece di\u011fer cihazlarda mesajlar silinmemi\u015fse ve mesajlar\u0131n\u0131z\u0131n cihazlar\u0131n\u0131z aras\u0131nda senkronize edilmesi ayarlanm\u0131\u015fsa i\u015fe yarar.<\/p>\n<p><b>Sonu\u00e7:<\/b> Bu sorunsuz y\u00f6ntem, silinen mesajlar\u0131n\u0131z Apple ekosistemindeki di\u011fer cihazlarda h\u00e2l\u00e2 varsa onlar\u0131 kurtarabilir.<\/p>\n<\/section>\n<section>\n<div>\n<div>3<\/div>\n<h2>\u0130zlemeniz Gereken Youtube Videosu<\/h2>\n<\/div>\n<div class=\"iframe\"><span class=\"lazyload\" data-original_content=\"PGlmcmFtZSB3aWR0aD0iNDIwIiBoZWlnaHQ9IjMxNSIgc3JjPSIvL3d3dy55b3V0dWJlLmNvbS9lbWJlZC84WF80bHdPMUZjMCIgZnJhbWVib3JkZXI9IjAiIGFsbG93ZnVsbHNjcmVlbj48L2lmcmFtZT4=\"><\/span><\/div>\n<\/section>\n<p>&#13; <\/p>\n<section>\n<div>\n<div>4<\/div>\n<h2>\u00d6nlemler ve \u0130pu\u00e7lar\u0131:<\/h2>\n<\/div>\n<h3>Verilerinizi Koruma &#128737;<\/h3>\n<ul>\n<li>Mesajlar\u0131n\u0131z\u0131 ve di\u011fer verilerinizi korumak i\u00e7in iPhone&#8217;unuzu d\u00fczenli olarak <b>iCloud<\/b>&#8216;a veya bilgisayar\u0131n\u0131za yedekleyin.<\/li>\n<li>T\u00fcm Apple cihazlar\u0131n\u0131zda mesajlar\u0131n g\u00fcncel kalmas\u0131 ve birden fazla cihazdan eri\u015filebilir olmas\u0131 i\u00e7in <b>iMessage senkronizasyonu<\/b> \u00f6zelli\u011fini etkinle\u015ftirin.<\/li>\n<li>Mesajla\u015fma al\u0131\u015fkanl\u0131klar\u0131n\u0131z\u0131 g\u00f6zden ge\u00e7irin ve \u00f6nemli bilgileri metin mesajlar\u0131n\u0131n d\u0131\u015f\u0131nda d\u00fczenli olarak <b>kaydedin<\/b> veya ar\u015fivleyin.<\/li>\n<\/ul>\n<h3>Siber G\u00fcvenlik \u00d6nlemleri &#128274;<\/h3>\n<ul>\n<li>\u00dc\u00e7\u00fcnc\u00fc taraf kurtarma ara\u00e7lar\u0131n\u0131 kullan\u0131rken dikkatli olun. G\u00fc\u00e7l\u00fc bir \u00fcne sahip olan yaz\u0131l\u0131mlar\u0131 se\u00e7in ve di\u011fer kullan\u0131c\u0131lar\u0131n yorumlar\u0131n\u0131 okuyun.<\/li>\n<li>Daha iyi g\u00fcvenlik ve gizlilik sa\u011flamak i\u00e7in hassas ileti\u015fimlerde u\u00e7tan uca \u015fifreli mesajla\u015fma uygulamalar\u0131n\u0131 kullanmay\u0131 d\u00fc\u015f\u00fcn\u00fcn.<\/li>\n<li>Veri kayb\u0131na yol a\u00e7abilecek g\u00fcvenlik a\u00e7\u0131klar\u0131na kar\u015f\u0131 korunmak i\u00e7in iPhone&#8217;unuzun i\u015fletim sistemini g\u00fcncel tutun.<\/li>\n<\/ul>\n<\/section>\n<p>&#13; <\/p>\n<section>\n<div>\n<div>5<\/div>\n<h2>Mesajlar\u0131n Geri Al\u0131nmas\u0131<\/h2>\n<\/div>\n<p>Dijital \u00e7a\u011fda, metin mesajlar\u0131m\u0131z genellikle hayati ileti\u015fimler, ki\u015fisel an\u0131lar ve bazen hukuki meseleler i\u00e7in kritik kan\u0131tlar i\u00e7erir. Bu mesajlar\u0131 kaybetmek s\u0131k\u0131nt\u0131 verici olabilir, ancak her \u015fey kaybedilmi\u015f de\u011fildir. Daha \u00f6nce bahsedilen y\u00f6ntemlerin yan\u0131 s\u0131ra, veri kurtarmada yard\u0131mc\u0131 olabilecek di\u011fer \u00f6nlemleri ve ara\u00e7lar\u0131 ak\u0131lda tutmakta fayda var. \u00d6rne\u011fin, \u00f6nemli metinleri y\u00f6nlendirmi\u015f olabilece\u011finiz e-posta hesaplar\u0131nda mevcut <b>mesaj dizilerini<\/b> kontrol etmek veya verilerinizi yedeklemi\u015f olabilece\u011finiz bulut depolama se\u00e7enekleri gibi <i><b>Dropbox<\/b><\/i> veya <i><b>Google Drive<\/b><\/i> kullanmay\u0131 d\u00fc\u015f\u00fcnmek.<\/p>\n<p>Silinen metin mesajlar\u0131n\u0131 ba\u015far\u0131yla kurtarma ihtimali hakk\u0131nda merak edebilirsiniz. \u015eanslar, silme i\u015flemi yak\u0131n zamanda ger\u00e7ekle\u015fmi\u015fse ve o zamandan beri iPhone&#8217;unuzu yo\u011fun bir \u015fekilde kullanmam\u0131\u015fsan\u0131z en y\u00fcksektir. Bunun nedeni, telefonunuzu kulland\u0131k\u00e7a yeni verilerin s\u00fcrekli olarak eski verilerin \u00fczerine yaz\u0131lmas\u0131 ve bu durumun silinen mesajlar\u0131n geri al\u0131namaz hale gelmesine neden olabilmesidir. Fark etti\u011finiz anda kaybolan bir mesaj\u0131n h\u0131zla harekete ge\u00e7mek anahtard\u0131r.<\/p>\n<p>Verileriniz konusunda proaktif olun.<\/p>\n<\/section>\n<section>\n<h2>Sonu\u00e7:<\/h2>\n<div class=\"nonp\">\n<p>Sonu\u00e7 olarak, iPhone&#8217;unuzdan yanl\u0131\u015fl\u0131kla silinen metin mesajlar\u0131n\u0131n sonsuza dek kaybolmu\u015f anlam\u0131na gelmedi\u011fini unutmay\u0131n. Do\u011fru i\u015flemleri takip ederek ve yukar\u0131da anlat\u0131lan y\u00f6ntemleri kullanarak, kaybolmu\u015f olarak d\u00fc\u015f\u00fcnd\u00fc\u011f\u00fcn\u00fcz <b>metin mesajlar\u0131n\u0131<\/b> s\u0131kl\u0131kla kurtarabilirsiniz. Ancak, veri kurtarman\u0131n en kritik ad\u0131m\u0131 haz\u0131rl\u0131kl\u0131 olmakt\u0131r: iPhone&#8217;unuzu d\u00fczenli olarak yedekleyin ve ihtiyac\u0131n\u0131z oldu\u011funda kullanma s\u00fcre\u00e7lerini anlay\u0131n. Ve unutmay\u0131n, \u015f\u00fcpheye d\u00fc\u015ft\u00fc\u011f\u00fcn\u00fczde, bir profesyonelle g\u00f6r\u00fc\u015f\u00fcn veya mobil operat\u00f6r\u00fcn\u00fcz\u00fcn sunabilece\u011fi \u015feyleri ara\u015ft\u0131r\u0131n. Kay\u0131p mesajlar, dijital ya\u015fam\u0131n\u0131zda bir duraklama olabilir, bir nokta de\u011fil.<\/p>\n<\/div>\n<\/section>\n","protected":false},"excerpt":{"rendered":"<p>iPhone&#8217;dan Silinmi\u015f Metin Mesajlar\u0131n\u0131 Nas\u0131l Kurtarabilirsiniz Hi\u00e7 yanl\u0131\u015fl\u0131kla \u00f6nemli bir metin mesaj\u0131n\u0131 iPhone&#8217;dan sildiniz mi ve ke\u015fke geri getirebilseydiniz? \u00d6zellikle mesaj, de\u011ferli bilgiler i\u00e7eriyorsa olduk\u00e7a stresli bir durum olabilir. Neyse ki, kaybolan mesajlar\u0131 kurtarmaya \u00e7al\u0131\u015fmak i\u00e7in birka\u00e7 y\u00f6ntem mevcuttur. Bir iPhone 14 kullan\u0131yor olun, eski bir model ya da iOS&#8217;nin en g\u00fcncel s\u00fcr\u00fcm\u00fcn\u00fc, silinmi\u015f metin [&hellip;]<\/p>\n","protected":false},"author":0,"featured_media":39299,"parent":0,"menu_order":0,"comment_status":"closed","ping_status":"closed","template":"chromecast.php","meta":{"_stopmodifiedupdate":false,"_modified_date":"","_lmt_disableupdate":"","_lmt_disable":""},"acf":[],"yoast_head":"<!-- This site is optimized with the Yoast SEO plugin v20.9 - https:\/\/yoast.com\/wordpress\/plugins\/seo\/ -->\n<title>\u0130\u015fte iPhone&#039;da silinen mesajlar\u0131n nas\u0131l kurtar\u0131laca\u011f\u0131 [Rehber]<\/title>\n<meta name=\"robots\" content=\"index, follow, max-snippet:-1, max-image-preview:large, max-video-preview:-1\" \/>\n<link rel=\"canonical\" href=\"https:\/\/datarecovery.ping.fm\/tr\/retrieve-deleted-text-messages-iphone\/\" \/>\n<meta property=\"og:locale\" content=\"tr_TR\" \/>\n<meta property=\"og:type\" content=\"article\" \/>\n<meta property=\"og:title\" content=\"\u0130\u015fte iPhone&#039;da silinen mesajlar\u0131n nas\u0131l kurtar\u0131laca\u011f\u0131 [Rehber]\" \/>\n<meta property=\"og:description\" content=\"iPhone&#8217;dan Silinmi\u015f Metin Mesajlar\u0131n\u0131 Nas\u0131l Kurtarabilirsiniz Hi\u00e7 yanl\u0131\u015fl\u0131kla \u00f6nemli bir metin mesaj\u0131n\u0131 iPhone&#8217;dan sildiniz mi ve ke\u015fke geri getirebilseydiniz? \u00d6zellikle mesaj, de\u011ferli bilgiler i\u00e7eriyorsa olduk\u00e7a stresli bir durum olabilir. Neyse ki, kaybolan mesajlar\u0131 kurtarmaya \u00e7al\u0131\u015fmak i\u00e7in birka\u00e7 y\u00f6ntem mevcuttur. Bir iPhone 14 kullan\u0131yor olun, eski bir model ya da iOS&#8217;nin en g\u00fcncel s\u00fcr\u00fcm\u00fcn\u00fc, silinmi\u015f metin [&hellip;]\" \/>\n<meta property=\"og:url\" content=\"https:\/\/datarecovery.ping.fm\/tr\/retrieve-deleted-text-messages-iphone\/\" \/>\n<meta property=\"og:site_name\" content=\"Data Recovery Software\" \/>\n<meta property=\"article:modified_time\" content=\"2024-04-09T15:07:43+00:00\" \/>\n<meta property=\"og:image\" content=\"https:\/\/datarecovery.ping.fm\/wp-content\/uploads\/2024\/04\/How-to-Retrieve-Deleted-Text-Messages-from-an-iPhone-Turkish.jpg\" \/>\n\t<meta property=\"og:image:width\" content=\"1280\" \/>\n\t<meta property=\"og:image:height\" content=\"731\" \/>\n\t<meta property=\"og:image:type\" content=\"image\/jpeg\" \/>\n<meta name=\"twitter:card\" content=\"summary_large_image\" \/>\n<meta name=\"twitter:label1\" content=\"Est. reading time\" \/>\n\t<meta name=\"twitter:data1\" content=\"8 dakika\" \/>\n<script type=\"application\/ld+json\" class=\"yoast-schema-graph\">{\"@context\":\"https:\/\/schema.org\",\"@graph\":[{\"@type\":\"WebPage\",\"@id\":\"https:\/\/datarecovery.ping.fm\/tr\/retrieve-deleted-text-messages-iphone\/\",\"url\":\"https:\/\/datarecovery.ping.fm\/tr\/retrieve-deleted-text-messages-iphone\/\",\"name\":\"\u0130\u015fte iPhone'da silinen mesajlar\u0131n nas\u0131l kurtar\u0131laca\u011f\u0131 [Rehber]\",\"isPartOf\":{\"@id\":\"https:\/\/datarecovery.ping.fm\/tr\/#website\"},\"datePublished\":\"2024-01-23T07:50:14+00:00\",\"dateModified\":\"2024-04-09T15:07:43+00:00\",\"breadcrumb\":{\"@id\":\"https:\/\/datarecovery.ping.fm\/tr\/retrieve-deleted-text-messages-iphone\/#breadcrumb\"},\"inLanguage\":\"tr\",\"potentialAction\":[{\"@type\":\"ReadAction\",\"target\":[\"https:\/\/datarecovery.ping.fm\/tr\/retrieve-deleted-text-messages-iphone\/\"]}]},{\"@type\":\"BreadcrumbList\",\"@id\":\"https:\/\/datarecovery.ping.fm\/tr\/retrieve-deleted-text-messages-iphone\/#breadcrumb\",\"itemListElement\":[{\"@type\":\"ListItem\",\"position\":1,\"name\":\"Home\",\"item\":\"https:\/\/datarecovery.ping.fm\/tr\/\"},{\"@type\":\"ListItem\",\"position\":2,\"name\":\"\u0130\u015fte iPhone&#8217;da silinen metin mesajlar\u0131n\u0131 nas\u0131l geri getirebilirsin.\"}]},{\"@type\":\"WebSite\",\"@id\":\"https:\/\/datarecovery.ping.fm\/tr\/#website\",\"url\":\"https:\/\/datarecovery.ping.fm\/tr\/\",\"name\":\"Data Recovery Software\",\"description\":\"\",\"potentialAction\":[{\"@type\":\"SearchAction\",\"target\":{\"@type\":\"EntryPoint\",\"urlTemplate\":\"https:\/\/datarecovery.ping.fm\/tr\/?s={search_term_string}\"},\"query-input\":\"required name=search_term_string\"}],\"inLanguage\":\"tr\"}]}<\/script>\n<!-- \/ Yoast SEO plugin. -->","yoast_head_json":{"title":"\u0130\u015fte iPhone'da silinen mesajlar\u0131n nas\u0131l kurtar\u0131laca\u011f\u0131 [Rehber]","robots":{"index":"index","follow":"follow","max-snippet":"max-snippet:-1","max-image-preview":"max-image-preview:large","max-video-preview":"max-video-preview:-1"},"canonical":"https:\/\/datarecovery.ping.fm\/tr\/retrieve-deleted-text-messages-iphone\/","og_locale":"tr_TR","og_type":"article","og_title":"\u0130\u015fte iPhone'da silinen mesajlar\u0131n nas\u0131l kurtar\u0131laca\u011f\u0131 [Rehber]","og_description":"iPhone&#8217;dan Silinmi\u015f Metin Mesajlar\u0131n\u0131 Nas\u0131l Kurtarabilirsiniz Hi\u00e7 yanl\u0131\u015fl\u0131kla \u00f6nemli bir metin mesaj\u0131n\u0131 iPhone&#8217;dan sildiniz mi ve ke\u015fke geri getirebilseydiniz? \u00d6zellikle mesaj, de\u011ferli bilgiler i\u00e7eriyorsa olduk\u00e7a stresli bir durum olabilir. Neyse ki, kaybolan mesajlar\u0131 kurtarmaya \u00e7al\u0131\u015fmak i\u00e7in birka\u00e7 y\u00f6ntem mevcuttur. Bir iPhone 14 kullan\u0131yor olun, eski bir model ya da iOS&#8217;nin en g\u00fcncel s\u00fcr\u00fcm\u00fcn\u00fc, silinmi\u015f metin [&hellip;]","og_url":"https:\/\/datarecovery.ping.fm\/tr\/retrieve-deleted-text-messages-iphone\/","og_site_name":"Data Recovery Software","article_modified_time":"2024-04-09T15:07:43+00:00","og_image":[{"width":1280,"height":731,"url":"https:\/\/datarecovery.ping.fm\/wp-content\/uploads\/2024\/04\/How-to-Retrieve-Deleted-Text-Messages-from-an-iPhone-Turkish.jpg","type":"image\/jpeg"}],"twitter_card":"summary_large_image","twitter_misc":{"Est. reading time":"8 dakika"},"schema":{"@context":"https:\/\/schema.org","@graph":[{"@type":"WebPage","@id":"https:\/\/datarecovery.ping.fm\/tr\/retrieve-deleted-text-messages-iphone\/","url":"https:\/\/datarecovery.ping.fm\/tr\/retrieve-deleted-text-messages-iphone\/","name":"\u0130\u015fte iPhone'da silinen mesajlar\u0131n nas\u0131l kurtar\u0131laca\u011f\u0131 [Rehber]","isPartOf":{"@id":"https:\/\/datarecovery.ping.fm\/tr\/#website"},"datePublished":"2024-01-23T07:50:14+00:00","dateModified":"2024-04-09T15:07:43+00:00","breadcrumb":{"@id":"https:\/\/datarecovery.ping.fm\/tr\/retrieve-deleted-text-messages-iphone\/#breadcrumb"},"inLanguage":"tr","potentialAction":[{"@type":"ReadAction","target":["https:\/\/datarecovery.ping.fm\/tr\/retrieve-deleted-text-messages-iphone\/"]}]},{"@type":"BreadcrumbList","@id":"https:\/\/datarecovery.ping.fm\/tr\/retrieve-deleted-text-messages-iphone\/#breadcrumb","itemListElement":[{"@type":"ListItem","position":1,"name":"Home","item":"https:\/\/datarecovery.ping.fm\/tr\/"},{"@type":"ListItem","position":2,"name":"\u0130\u015fte iPhone&#8217;da silinen metin mesajlar\u0131n\u0131 nas\u0131l geri getirebilirsin."}]},{"@type":"WebSite","@id":"https:\/\/datarecovery.ping.fm\/tr\/#website","url":"https:\/\/datarecovery.ping.fm\/tr\/","name":"Data Recovery Software","description":"","potentialAction":[{"@type":"SearchAction","target":{"@type":"EntryPoint","urlTemplate":"https:\/\/datarecovery.ping.fm\/tr\/?s={search_term_string}"},"query-input":"required name=search_term_string"}],"inLanguage":"tr"}]}},"_links":{"self":[{"href":"https:\/\/datarecovery.ping.fm\/tr\/wp-json\/wp\/v2\/pages\/39298"}],"collection":[{"href":"https:\/\/datarecovery.ping.fm\/tr\/wp-json\/wp\/v2\/pages"}],"about":[{"href":"https:\/\/datarecovery.ping.fm\/tr\/wp-json\/wp\/v2\/types\/page"}],"replies":[{"embeddable":true,"href":"https:\/\/datarecovery.ping.fm\/tr\/wp-json\/wp\/v2\/comments?post=39298"}],"version-history":[{"count":0,"href":"https:\/\/datarecovery.ping.fm\/tr\/wp-json\/wp\/v2\/pages\/39298\/revisions"}],"wp:featuredmedia":[{"embeddable":true,"href":"https:\/\/datarecovery.ping.fm\/tr\/wp-json\/wp\/v2\/media\/39299"}],"wp:attachment":[{"href":"https:\/\/datarecovery.ping.fm\/tr\/wp-json\/wp\/v2\/media?parent=39298"}],"curies":[{"name":"wp","href":"https:\/\/api.w.org\/{rel}","templated":true}]}}