{"id":38885,"date":"2024-01-22T21:44:04","date_gmt":"2024-01-22T21:44:04","guid":{"rendered":"https:\/\/www.ping.fm\/data-recovery-software\/best-iphone-cleaners\/"},"modified":"2024-03-29T14:48:30","modified_gmt":"2024-03-29T14:48:30","slug":"best-iphone-cleaners","status":"publish","type":"page","link":"https:\/\/datarecovery.ping.fm\/tr\/best-iphone-cleaners\/","title":{"rendered":"En \u0130yi iPhone Temizleme Uygulamalar\u0131"},"content":{"rendered":"<section>\n<h1>En \u0130yi iPhone Temizleme Uygulamalar\u0131<\/h1>\n<div class=\"inbrief\">\n<div>                     <img src=\"https:\/\/www.ping.fm\/data-recovery-software\/wp-content\/uploads\/ai\/FREE-iPhone-Cleaner-Apps-Turkish.jpg\" alt=\"\u00dcCRETS\u0130Z iPhone Temizleme Uygulamalar\u0131\" title=\"\u00dcCRETS\u0130Z iPhone Temizleme Uygulamalar\u0131\" width=\"1280\" height=\"720\">                     <\/p>\n<p>Bir iPhone kullan\u0131c\u0131s\u0131 olarak, cihaz\u0131m\u0131n yeterli depolamaya sahip olmas\u0131n\u0131 ve verimli \u00e7al\u0131\u015fmas\u0131n\u0131 sa\u011flamak benim i\u00e7in \u00e7ok \u00f6nemli. Bunu ger\u00e7ekle\u015ftirebilmek i\u00e7in, cihaz\u0131m\u0131 d\u00fczenleyip performans\u0131n\u0131 art\u0131rd\u0131\u011f\u0131n\u0131 iddia eden \u00e7e\u015fitli <b>\u00fccretsiz iPhone temizleme uygulamalar\u0131n\u0131<\/b> ki\u015fisel olarak denedim. Bu aray\u0131\u015f\u0131mda <a href='https:\/\/apps.apple.com\/us\/app\/cleaner-kit-clean-up-storage\/id1194582243' rel=\"nofollow noopener\" target='_blank'>Cleaner Kit<\/a>, <a href='https:\/\/apps.apple.com\/us\/app\/cleaner-guru-cleaning-app\/id1476380919' rel=\"nofollow noopener\" target='_blank'>Cleaner Guru<\/a>, <a href='https:\/\/apps.apple.com\/us\/app\/cleanup-phone-storage-cleaner\/id1510944943' rel=\"nofollow noopener\" target='_blank'>Cleanup: Telephone Depolama Temizleyici<\/a> ve <a href='https:\/\/apps.apple.com\/ie\/app\/cleanmy-phone-careful-cleaner\/id1277110040' rel=\"nofollow noopener\" target='_blank'>CleanMy<\/a> gibi ara\u00e7lar\u0131 test ettim. Her uygulaman\u0131n performans\u0131, art\u0131 ve eksileri hakk\u0131nda ki\u015fisel g\u00f6r\u00fc\u015flerimi payla\u015ft\u0131\u011f\u0131m bu yolculukta promosyon dili kullanmamaya \u00f6zen g\u00f6steriyorum.<\/p>\n<\/div>\n<\/div>\n<\/section>\n<section>\n<div class=\"medal\">\n<div>&#129351;<\/div>\n<\/div>\n<h2><a href='https:\/\/apps.apple.com\/us\/app\/cleaner-kit-clean-up-storage\/id1194582243' rel=\"nofollow noopener\" target='_blank'>Cleaner Kit: Depolama Temizleme<\/a><\/h2>\n<p><img src=\"https:\/\/www.ping.fm\/data-recovery-software\/wp-content\/uploads\/ai\/https---apps-apple-com-us-app-cleaner-kit-clean-up-storage-id1194582243Turkish.jpg\"><\/p>\n<p><b>Cleaner Kit<\/b> uygulamas\u0131, iPhone&#8217;unuzun depolamas\u0131 i\u00e7in kapsaml\u0131 bir temizlik vaat ediyor. Kullan\u0131c\u0131 dostu aray\u00fcz\u00fc ile gereksiz dosyalar\u0131 silme ve \u00f6nbellekleri temizleme i\u015flemini basitle\u015ftirmeyi ama\u00e7l\u0131yor.<\/p>\n<p><a href='https:\/\/apps.apple.com\/us\/app\/cleaner-kit-clean-up-storage\/id1194582243' rel=\"nofollow noopener\" target='_blank' class='ofWSite'>Resmi Web Sitesi<\/a><\/p>\n<h3 class='prosTitle'>Art\u0131lar<\/h3>\n<ul class='listpc pros'>\n<li>Sezgisel kullan\u0131c\u0131 aray\u00fcz\u00fc<\/li>\n<li>Etkin gereksiz dosya temizleme<\/li>\n<\/ul>\n<h3 class='consTitle'>Eksiler<\/h3>\n<ul class='listpc cons'>\n<li>\u00dccretsiz versiyonda s\u0131n\u0131rl\u0131 i\u015flevsellik<\/li>\n<li>Dikkatli olunmad\u0131\u011f\u0131nda \u00f6nemli verilerin silinme riski<\/li>\n<\/ul>\n<\/section>\n<section>\n<div class=\"medal\">\n<div>&#129352;<\/div>\n<\/div>\n<h2><a href='https:\/\/apps.apple.com\/us\/app\/cleaner-guru-cleaning-app\/id1476380919' rel=\"nofollow noopener\" target='_blank'>Cleaner Guru: Temizlik Uygulamas\u0131<\/a><\/h2>\n<p><img src=\"https:\/\/www.ping.fm\/data-recovery-software\/wp-content\/uploads\/ai\/https---apps-apple-com-us-app-cleaner-guru-cleaning-app-id1476380919Turkish.jpg\"><\/p>\n<p><b>Cleaner Guru<\/b>, iPhone&#8217;unuzu d\u00fczenlemenize yard\u0131mc\u0131 olacak ak\u0131ll\u0131 bir \u00e7\u00f6z\u00fcm olarak konumland\u0131r\u0131lm\u0131\u015f. Yinelemeleri bulma ve b\u00fcy\u00fck dosyalar\u0131 s\u0131ralama gibi temizlik i\u015flevlerinin bir kar\u0131\u015f\u0131m\u0131n\u0131 sunuyor.<\/p>\n<p><a href='https:\/\/apps.apple.com\/us\/app\/cleaner-guru-cleaning-app\/id1476380919' rel=\"nofollow noopener\" target='_blank' class='ofWSite'>Resmi Web Sitesi<\/a><\/p>\n<h3 class='prosTitle'>Art\u0131lar<\/h3>\n<ul class='listpc pros'>\n<li>Yinelenen ve b\u00fcy\u00fck dosya tespiti<\/li>\n<li>Dosyalar\u0131n basit kategorizasyonu<\/li>\n<\/ul>\n<h3 class='consTitle'>Eksiler<\/h3>\n<ul class='listpc cons'>\n<li>Zaman zaman yinelenmeyenleri yinelenmi\u015f olarak tespit edebilir<\/li>\n<li>\u00dccretsiz versiyondaki reklamlar rahats\u0131z edici olabilir<\/li>\n<\/ul>\n<\/section>\n<section>\n<div class=\"medal\">\n<div>&#129353;<\/div>\n<\/div>\n<h2><a href='https:\/\/apps.apple.com\/us\/app\/cleanup-phone-storage-cleaner\/id1510944943' rel=\"nofollow noopener\" target='_blank'>Cleanup: Telefon Depolama Temizleyici<\/a><\/h2>\n<p><img src=\"https:\/\/www.ping.fm\/data-recovery-software\/wp-content\/uploads\/ai\/https---apps-apple-com-us-app-cleanup-phone-storage-cleaner-id1510944943Turkish.jpg\"><\/p>\n<p>Basitlik ve etkilili\u011fe odaklanan <b>Cleanup: Telefon Depolama Temizleyici<\/b>, gereksiz verileri, ge\u00e7ici dosyalar\u0131 h\u0131zl\u0131 bir \u015fekilde ortadan kald\u0131rma ve foto\u011fraf galerinizi tekrar eden resimleri silerek d\u00fczenleme arac\u0131 olarak hizmet verir.<\/p>\n<p><a href='https:\/\/apps.apple.com\/us\/app\/cleanup-phone-storage-cleaner\/id1510944943' rel=\"nofollow noopener\" target='_blank' class='ofWSite'>Resmi Web Sitesi<\/a><\/p>\n<h3 class='prosTitle'>Avantajlar<\/h3>\n<ul class='listpc pros'>\n<li>Sadele\u015ftirilmi\u015f foto\u011fraf temizleme<\/li>\n<li>Kullan\u0131c\u0131 odakl\u0131 aray\u00fcz<\/li>\n<\/ul>\n<h3 class='consTitle'>Dezavantajlar<\/h3>\n<ul class='listpc cons'>\n<li>\u00dccretsiz s\u00fcr\u00fcmde temel \u00f6zellikler<\/li>\n<li>Otomatik temizleme istenilen dosyalar\u0131 kald\u0131rabilir<\/li>\n<\/ul>\n<\/section>\n<section>\n<div class=\"no-medal\">\n<div>4<\/div>\n<\/div>\n<h2><a href='https:\/\/apps.apple.com\/ie\/app\/cleanmy-phone-careful-cleaner\/id1277110040' rel=\"nofollow noopener\" target='_blank'>CleanMy: Dikkatli Temizleyici<\/a><\/h2>\n<p><img src=\"https:\/\/www.ping.fm\/data-recovery-software\/wp-content\/uploads\/ai\/https---apps-apple-com-ie-app-cleanmy-phone-careful-cleaner-id1277110040Turkish.jpg\"><\/p>\n<p>Detaylara \u00f6nem veren bir temizleyici olan <b>CleanMy<\/b> uygulamas\u0131, genel temizlik i\u015flerinin \u00f6tesine ge\u00e7er. Cihaz\u0131n\u0131z\u0131n taranmas\u0131nda titizlik sa\u011flayarak, de\u011ferli depolama alan\u0131n\u0131 me\u015fgul eden gerekli olmayan hi\u00e7bir \u015feyin kalmamas\u0131n\u0131 sa\u011flar.<\/p>\n<p><a href='https:\/\/apps.apple.com\/ie\/app\/cleanmy-phone-careful-cleaner\/id1277110040' rel=\"nofollow noopener\" target='_blank' class='ofWSite'>Resmi Web Sitesi<\/a><\/p>\n<h3 class='prosTitle'>Avantajlar<\/h3>\n<ul class='listpc pros'>\n<li>Ayr\u0131nt\u0131l\u0131 tarama ve temizleme<\/li>\n<li>Faydal\u0131 m\u00fc\u015fteri deste\u011fi<\/li>\n<\/ul>\n<h3 class='consTitle'>Dezavantajlar<\/h3>\n<ul class='listpc cons'>\n<li>Yeni kullan\u0131c\u0131lar i\u00e7in aray\u00fcz karma\u015f\u0131k olabilir<\/li>\n<li>Deneme s\u0131n\u0131rlamalar\u0131 tam de\u011ferlendirmeyi engelleyebilir<\/li>\n<\/ul>\n<\/section>\n<section>\n<h2>\u0130zlenmesi gereken Youtube videosu<\/h2>\n<div class=\"nonp iframe\"><iframe width=\"420\" height=\"315\" src=\"\/\/www.youtube.com\/embed\/iLmIRZypAIs\" frameborder=\"0\" allowfullscreen><\/iframe><\/div>\n<\/section>\n<section>\n<h2>Sonu\u00e7:<\/h2>\n<div class=\"nonp\">iPhone&#8217;unuzun sa\u011fl\u0131\u011f\u0131n\u0131 korumak sadece yer a\u00e7makla ilgili de\u011fildir; cihaz y\u00f6netimine y\u00f6nelik kapsaml\u0131 bir yakla\u015f\u0131m benimsemekle ilgilidir. D\u00fczenli g\u00fcncellemeler, bilin\u00e7li uygulama y\u00fcklemeleri ve dikkatli veri t\u00fcketimi, ba\u015ftan d\u00fczensizli\u011fi \u00f6nleyebilir. iPhone bak\u0131m\u0131 hakk\u0131nda daha fazla bilgi i\u00e7in <a href='https:\/\/support.apple.com\/en-us\/HT201232' rel=\"nofollow noopener\" target='_blank'>resmi Apple destek sayfas\u0131n\u0131<\/a> ziyaret edin veya di\u011fer kullan\u0131c\u0131larla ipu\u00e7lar\u0131 payla\u015fabilece\u011finiz teknik forumlar olan <a href='https:\/\/discussions.apple.com\/welcome' rel=\"nofollow noopener\" target='_blank'>Apple Tart\u0131\u015fmalar\u0131<\/a>&#8216;na g\u00f6z at\u0131n.<\/div>\n<\/section>\n","protected":false},"excerpt":{"rendered":"<p>En \u0130yi iPhone Temizleme Uygulamalar\u0131 Bir iPhone kullan\u0131c\u0131s\u0131 olarak, cihaz\u0131m\u0131n yeterli depolamaya sahip olmas\u0131n\u0131 ve verimli \u00e7al\u0131\u015fmas\u0131n\u0131 sa\u011flamak benim i\u00e7in \u00e7ok \u00f6nemli. Bunu ger\u00e7ekle\u015ftirebilmek i\u00e7in, cihaz\u0131m\u0131 d\u00fczenleyip performans\u0131n\u0131 art\u0131rd\u0131\u011f\u0131n\u0131 iddia eden \u00e7e\u015fitli \u00fccretsiz iPhone temizleme uygulamalar\u0131n\u0131 ki\u015fisel olarak denedim. Bu aray\u0131\u015f\u0131mda Cleaner Kit, Cleaner Guru, Cleanup: Telephone Depolama Temizleyici ve CleanMy gibi ara\u00e7lar\u0131 test ettim. [&hellip;]<\/p>\n","protected":false},"author":0,"featured_media":0,"parent":0,"menu_order":0,"comment_status":"closed","ping_status":"closed","template":"chromecast.php","meta":{"_stopmodifiedupdate":false,"_modified_date":"","_lmt_disableupdate":"yes","_lmt_disable":""},"acf":[],"yoast_head":"<!-- This site is optimized with the Yoast SEO plugin v20.9 - https:\/\/yoast.com\/wordpress\/plugins\/seo\/ -->\n<title>2024&#039;te \u00dcCRETS\u0130Z iPhone Temizleme Uygulamalar\u0131. Art\u0131lar &amp; Eksiler<\/title>\n<meta name=\"robots\" content=\"index, follow, max-snippet:-1, max-image-preview:large, max-video-preview:-1\" \/>\n<link rel=\"canonical\" href=\"https:\/\/datarecovery.ping.fm\/tr\/best-iphone-cleaners\/\" \/>\n<meta property=\"og:locale\" content=\"tr_TR\" \/>\n<meta property=\"og:type\" content=\"article\" \/>\n<meta property=\"og:title\" content=\"2024&#039;te \u00dcCRETS\u0130Z iPhone Temizleme Uygulamalar\u0131. Art\u0131lar &amp; Eksiler\" \/>\n<meta property=\"og:description\" content=\"En \u0130yi iPhone Temizleme Uygulamalar\u0131 Bir iPhone kullan\u0131c\u0131s\u0131 olarak, cihaz\u0131m\u0131n yeterli depolamaya sahip olmas\u0131n\u0131 ve verimli \u00e7al\u0131\u015fmas\u0131n\u0131 sa\u011flamak benim i\u00e7in \u00e7ok \u00f6nemli. Bunu ger\u00e7ekle\u015ftirebilmek i\u00e7in, cihaz\u0131m\u0131 d\u00fczenleyip performans\u0131n\u0131 art\u0131rd\u0131\u011f\u0131n\u0131 iddia eden \u00e7e\u015fitli \u00fccretsiz iPhone temizleme uygulamalar\u0131n\u0131 ki\u015fisel olarak denedim. Bu aray\u0131\u015f\u0131mda Cleaner Kit, Cleaner Guru, Cleanup: Telephone Depolama Temizleyici ve CleanMy gibi ara\u00e7lar\u0131 test ettim. [&hellip;]\" \/>\n<meta property=\"og:url\" content=\"https:\/\/datarecovery.ping.fm\/tr\/best-iphone-cleaners\/\" \/>\n<meta property=\"og:site_name\" content=\"Data Recovery Software\" \/>\n<meta property=\"article:modified_time\" content=\"2024-03-29T14:48:30+00:00\" \/>\n<meta property=\"og:image\" content=\"https:\/\/www.ping.fm\/data-recovery-software\/wp-content\/uploads\/ai\/FREE-iPhone-Cleaner-Apps-Turkish.jpg\" \/>\n<meta name=\"twitter:card\" content=\"summary_large_image\" \/>\n<meta name=\"twitter:label1\" content=\"Est. reading time\" \/>\n\t<meta name=\"twitter:data1\" content=\"2 dakika\" \/>\n<script type=\"application\/ld+json\" class=\"yoast-schema-graph\">{\"@context\":\"https:\/\/schema.org\",\"@graph\":[{\"@type\":\"WebPage\",\"@id\":\"https:\/\/datarecovery.ping.fm\/tr\/best-iphone-cleaners\/\",\"url\":\"https:\/\/datarecovery.ping.fm\/tr\/best-iphone-cleaners\/\",\"name\":\"2024'te \u00dcCRETS\u0130Z iPhone Temizleme Uygulamalar\u0131. Art\u0131lar & Eksiler\",\"isPartOf\":{\"@id\":\"https:\/\/datarecovery.ping.fm\/tr\/#website\"},\"datePublished\":\"2024-01-22T21:44:04+00:00\",\"dateModified\":\"2024-03-29T14:48:30+00:00\",\"breadcrumb\":{\"@id\":\"https:\/\/datarecovery.ping.fm\/tr\/best-iphone-cleaners\/#breadcrumb\"},\"inLanguage\":\"tr\",\"potentialAction\":[{\"@type\":\"ReadAction\",\"target\":[\"https:\/\/datarecovery.ping.fm\/tr\/best-iphone-cleaners\/\"]}]},{\"@type\":\"BreadcrumbList\",\"@id\":\"https:\/\/datarecovery.ping.fm\/tr\/best-iphone-cleaners\/#breadcrumb\",\"itemListElement\":[{\"@type\":\"ListItem\",\"position\":1,\"name\":\"Home\",\"item\":\"https:\/\/datarecovery.ping.fm\/tr\/\"},{\"@type\":\"ListItem\",\"position\":2,\"name\":\"En \u0130yi iPhone Temizleme Uygulamalar\u0131\"}]},{\"@type\":\"WebSite\",\"@id\":\"https:\/\/datarecovery.ping.fm\/tr\/#website\",\"url\":\"https:\/\/datarecovery.ping.fm\/tr\/\",\"name\":\"Data Recovery Software\",\"description\":\"\",\"potentialAction\":[{\"@type\":\"SearchAction\",\"target\":{\"@type\":\"EntryPoint\",\"urlTemplate\":\"https:\/\/datarecovery.ping.fm\/tr\/?s={search_term_string}\"},\"query-input\":\"required name=search_term_string\"}],\"inLanguage\":\"tr\"}]}<\/script>\n<!-- \/ Yoast SEO plugin. -->","yoast_head_json":{"title":"2024'te \u00dcCRETS\u0130Z iPhone Temizleme Uygulamalar\u0131. Art\u0131lar & Eksiler","robots":{"index":"index","follow":"follow","max-snippet":"max-snippet:-1","max-image-preview":"max-image-preview:large","max-video-preview":"max-video-preview:-1"},"canonical":"https:\/\/datarecovery.ping.fm\/tr\/best-iphone-cleaners\/","og_locale":"tr_TR","og_type":"article","og_title":"2024'te \u00dcCRETS\u0130Z iPhone Temizleme Uygulamalar\u0131. Art\u0131lar & Eksiler","og_description":"En \u0130yi iPhone Temizleme Uygulamalar\u0131 Bir iPhone kullan\u0131c\u0131s\u0131 olarak, cihaz\u0131m\u0131n yeterli depolamaya sahip olmas\u0131n\u0131 ve verimli \u00e7al\u0131\u015fmas\u0131n\u0131 sa\u011flamak benim i\u00e7in \u00e7ok \u00f6nemli. Bunu ger\u00e7ekle\u015ftirebilmek i\u00e7in, cihaz\u0131m\u0131 d\u00fczenleyip performans\u0131n\u0131 art\u0131rd\u0131\u011f\u0131n\u0131 iddia eden \u00e7e\u015fitli \u00fccretsiz iPhone temizleme uygulamalar\u0131n\u0131 ki\u015fisel olarak denedim. Bu aray\u0131\u015f\u0131mda Cleaner Kit, Cleaner Guru, Cleanup: Telephone Depolama Temizleyici ve CleanMy gibi ara\u00e7lar\u0131 test ettim. [&hellip;]","og_url":"https:\/\/datarecovery.ping.fm\/tr\/best-iphone-cleaners\/","og_site_name":"Data Recovery Software","article_modified_time":"2024-03-29T14:48:30+00:00","og_image":[{"url":"https:\/\/www.ping.fm\/data-recovery-software\/wp-content\/uploads\/ai\/FREE-iPhone-Cleaner-Apps-Turkish.jpg"}],"twitter_card":"summary_large_image","twitter_misc":{"Est. reading time":"2 dakika"},"schema":{"@context":"https:\/\/schema.org","@graph":[{"@type":"WebPage","@id":"https:\/\/datarecovery.ping.fm\/tr\/best-iphone-cleaners\/","url":"https:\/\/datarecovery.ping.fm\/tr\/best-iphone-cleaners\/","name":"2024'te \u00dcCRETS\u0130Z iPhone Temizleme Uygulamalar\u0131. Art\u0131lar & Eksiler","isPartOf":{"@id":"https:\/\/datarecovery.ping.fm\/tr\/#website"},"datePublished":"2024-01-22T21:44:04+00:00","dateModified":"2024-03-29T14:48:30+00:00","breadcrumb":{"@id":"https:\/\/datarecovery.ping.fm\/tr\/best-iphone-cleaners\/#breadcrumb"},"inLanguage":"tr","potentialAction":[{"@type":"ReadAction","target":["https:\/\/datarecovery.ping.fm\/tr\/best-iphone-cleaners\/"]}]},{"@type":"BreadcrumbList","@id":"https:\/\/datarecovery.ping.fm\/tr\/best-iphone-cleaners\/#breadcrumb","itemListElement":[{"@type":"ListItem","position":1,"name":"Home","item":"https:\/\/datarecovery.ping.fm\/tr\/"},{"@type":"ListItem","position":2,"name":"En \u0130yi iPhone Temizleme Uygulamalar\u0131"}]},{"@type":"WebSite","@id":"https:\/\/datarecovery.ping.fm\/tr\/#website","url":"https:\/\/datarecovery.ping.fm\/tr\/","name":"Data Recovery Software","description":"","potentialAction":[{"@type":"SearchAction","target":{"@type":"EntryPoint","urlTemplate":"https:\/\/datarecovery.ping.fm\/tr\/?s={search_term_string}"},"query-input":"required name=search_term_string"}],"inLanguage":"tr"}]}},"_links":{"self":[{"href":"https:\/\/datarecovery.ping.fm\/tr\/wp-json\/wp\/v2\/pages\/38885"}],"collection":[{"href":"https:\/\/datarecovery.ping.fm\/tr\/wp-json\/wp\/v2\/pages"}],"about":[{"href":"https:\/\/datarecovery.ping.fm\/tr\/wp-json\/wp\/v2\/types\/page"}],"replies":[{"embeddable":true,"href":"https:\/\/datarecovery.ping.fm\/tr\/wp-json\/wp\/v2\/comments?post=38885"}],"version-history":[{"count":0,"href":"https:\/\/datarecovery.ping.fm\/tr\/wp-json\/wp\/v2\/pages\/38885\/revisions"}],"wp:attachment":[{"href":"https:\/\/datarecovery.ping.fm\/tr\/wp-json\/wp\/v2\/media?parent=38885"}],"curies":[{"name":"wp","href":"https:\/\/api.w.org\/{rel}","templated":true}]}}