{"id":37263,"date":"2023-07-31T13:58:28","date_gmt":"2023-07-31T13:58:28","guid":{"rendered":"https:\/\/www.ping.fm\/data-recovery-software\/?page_id=37263"},"modified":"2024-03-27T17:19:05","modified_gmt":"2024-03-27T17:19:05","slug":"turkish-homepage","status":"publish","type":"page","link":"https:\/\/datarecovery.ping.fm\/tr\/","title":{"rendered":"Turkish Homepage"},"content":{"rendered":"<section class=\"banner\">\n<div class=\"banner--img\">\n<div class=\"banner--inner\">\n<h1><a href=\"https:\/\/www.ping.fm\/\" rel=\"dofollow\">Ping.fm<\/a>&#8216;de Veri Kurtarmaya Ho\u015f Geldiniz<\/h1>\n<p>Burada, en iyi veri kurtarma yaz\u0131l\u0131mlar\u0131n\u0131 test ediyor ve silinen dosyalar\u0131 kurtarma ve kaybolan verileri kurtarma i\u00e7in en uygun senaryolar\u0131 sizlere sa\u011fl\u0131yoruz. \u00c7e\u015fitli y\u00f6ntemleri ve veri kurtarma hizmetlerini g\u00f6zden ge\u00e7iriyoruz, ayr\u0131ca kendi kendine \u00f6\u011frenim i\u00e7in en iyi YouTube videolar\u0131n\u0131 sunuyoruz.<\/p>\n<p>Ayr\u0131ca, Android veri kurtarma ve iPhone&#8217;lardan silinen foto\u011fraflar\u0131 kurtarma gibi daha zorlu veri kurtarma durumlar\u0131n\u0131 da ele al\u0131yoruz.<\/p>\n<\/div>\n<\/div>\n<\/section>\n","protected":false},"excerpt":{"rendered":"<p>Ping.fm&#8216;de Veri Kurtarmaya Ho\u015f Geldiniz Burada, en iyi veri kurtarma yaz\u0131l\u0131mlar\u0131n\u0131 test ediyor ve silinen dosyalar\u0131 kurtarma ve kaybolan verileri kurtarma i\u00e7in en uygun senaryolar\u0131 sizlere sa\u011fl\u0131yoruz. \u00c7e\u015fitli y\u00f6ntemleri ve veri kurtarma hizmetlerini g\u00f6zden ge\u00e7iriyoruz, ayr\u0131ca kendi kendine \u00f6\u011frenim i\u00e7in en iyi YouTube videolar\u0131n\u0131 sunuyoruz. Ayr\u0131ca, Android veri kurtarma ve iPhone&#8217;lardan silinen foto\u011fraflar\u0131 kurtarma gibi [&hellip;]<\/p>\n","protected":false},"author":2,"featured_media":37264,"parent":0,"menu_order":0,"comment_status":"closed","ping_status":"closed","template":"homepage.php","meta":{"_stopmodifiedupdate":false,"_modified_date":"","_lmt_disableupdate":"yes","_lmt_disable":""},"acf":[],"yoast_head":"<!-- This site is optimized with the Yoast SEO plugin v20.9 - https:\/\/yoast.com\/wordpress\/plugins\/seo\/ -->\n<title>En \u0130yi Veri Kurtarma Yaz\u0131l\u0131mlar\u0131, \u0130pu\u00e7lar\u0131, E\u011fitimler. May\u0131s 2026<\/title>\n<meta name=\"description\" content=\"T\u00fcm veri kurtarma ihtiya\u00e7lar\u0131n\u0131z i\u00e7in son durak Data Recovery Hub&#039;da ke\u015ffedin! Web sitemiz, kaybolmu\u015f ve silinmi\u015f verileri kurtarmak i\u00e7in tasarlanm\u0131\u015f en son uygulamalar\u0131 titizlikle inceler. \ud83d\udcf1\ud83d\udcbb \u00c7e\u015fitli cihazlardan silinen dosyalar olsun veya karma\u015f\u0131k veri kurtarma senaryolar\u0131 olsun, biz sizi koruyoruz.\" \/>\n<meta name=\"robots\" content=\"index, follow, max-snippet:-1, max-image-preview:large, max-video-preview:-1\" \/>\n<link rel=\"canonical\" href=\"https:\/\/datarecovery.ping.fm\/tr\/\" \/>\n<meta property=\"og:locale\" content=\"tr_TR\" \/>\n<meta property=\"og:type\" content=\"article\" \/>\n<meta property=\"og:title\" content=\"En \u0130yi Veri Kurtarma Yaz\u0131l\u0131mlar\u0131, \u0130pu\u00e7lar\u0131, E\u011fitimler. May\u0131s 2026\" \/>\n<meta property=\"og:description\" content=\"T\u00fcm veri kurtarma ihtiya\u00e7lar\u0131n\u0131z i\u00e7in son durak Data Recovery Hub&#039;da ke\u015ffedin! Web sitemiz, kaybolmu\u015f ve silinmi\u015f verileri kurtarmak i\u00e7in tasarlanm\u0131\u015f en son uygulamalar\u0131 titizlikle inceler. \ud83d\udcf1\ud83d\udcbb \u00c7e\u015fitli cihazlardan silinen dosyalar olsun veya karma\u015f\u0131k veri kurtarma senaryolar\u0131 olsun, biz sizi koruyoruz.\" \/>\n<meta property=\"og:url\" content=\"https:\/\/datarecovery.ping.fm\/tr\/\" \/>\n<meta property=\"og:site_name\" content=\"Data Recovery Software\" \/>\n<meta property=\"article:modified_time\" content=\"2024-03-27T17:19:05+00:00\" \/>\n<meta property=\"og:image\" content=\"https:\/\/datarecovery.ping.fm\/wp-content\/uploads\/2023\/11\/data-recovery-image.png\" \/>\n\t<meta property=\"og:image:width\" content=\"1024\" \/>\n\t<meta property=\"og:image:height\" content=\"1024\" \/>\n\t<meta property=\"og:image:type\" content=\"image\/png\" \/>\n<meta name=\"twitter:card\" content=\"summary_large_image\" \/>\n<meta name=\"twitter:label1\" content=\"Est. reading time\" \/>\n\t<meta name=\"twitter:data1\" content=\"1 dakika\" \/>\n<script type=\"application\/ld+json\" class=\"yoast-schema-graph\">{\"@context\":\"https:\/\/schema.org\",\"@graph\":[{\"@type\":\"WebPage\",\"@id\":\"https:\/\/datarecovery.ping.fm\/tr\/\",\"url\":\"https:\/\/datarecovery.ping.fm\/tr\/\",\"name\":\"En \u0130yi Veri Kurtarma Yaz\u0131l\u0131mlar\u0131, \u0130pu\u00e7lar\u0131, E\u011fitimler. May\u0131s 2026\",\"isPartOf\":{\"@id\":\"https:\/\/datarecovery.ping.fm\/tr\/#website\"},\"datePublished\":\"2023-07-31T13:58:28+00:00\",\"dateModified\":\"2024-03-27T17:19:05+00:00\",\"description\":\"T\u00fcm veri kurtarma ihtiya\u00e7lar\u0131n\u0131z i\u00e7in son durak Data Recovery Hub'da ke\u015ffedin! Web sitemiz, kaybolmu\u015f ve silinmi\u015f verileri kurtarmak i\u00e7in tasarlanm\u0131\u015f en son uygulamalar\u0131 titizlikle inceler. \ud83d\udcf1\ud83d\udcbb \u00c7e\u015fitli cihazlardan silinen dosyalar olsun veya karma\u015f\u0131k veri kurtarma senaryolar\u0131 olsun, biz sizi koruyoruz.\",\"breadcrumb\":{\"@id\":\"https:\/\/datarecovery.ping.fm\/tr\/#breadcrumb\"},\"inLanguage\":\"tr\",\"potentialAction\":[{\"@type\":\"ReadAction\",\"target\":[\"https:\/\/datarecovery.ping.fm\/tr\/\"]}]},{\"@type\":\"BreadcrumbList\",\"@id\":\"https:\/\/datarecovery.ping.fm\/tr\/#breadcrumb\",\"itemListElement\":[{\"@type\":\"ListItem\",\"position\":1,\"name\":\"Home\",\"item\":\"https:\/\/datarecovery.ping.fm\/tr\/\"},{\"@type\":\"ListItem\",\"position\":2,\"name\":\"Turkish Homepage\"}]},{\"@type\":\"WebSite\",\"@id\":\"https:\/\/datarecovery.ping.fm\/tr\/#website\",\"url\":\"https:\/\/datarecovery.ping.fm\/tr\/\",\"name\":\"Data Recovery Software\",\"description\":\"\",\"potentialAction\":[{\"@type\":\"SearchAction\",\"target\":{\"@type\":\"EntryPoint\",\"urlTemplate\":\"https:\/\/datarecovery.ping.fm\/tr\/?s={search_term_string}\"},\"query-input\":\"required name=search_term_string\"}],\"inLanguage\":\"tr\"}]}<\/script>\n<!-- \/ Yoast SEO plugin. -->","yoast_head_json":{"title":"En \u0130yi Veri Kurtarma Yaz\u0131l\u0131mlar\u0131, \u0130pu\u00e7lar\u0131, E\u011fitimler. May\u0131s 2026","description":"T\u00fcm veri kurtarma ihtiya\u00e7lar\u0131n\u0131z i\u00e7in son durak Data Recovery Hub'da ke\u015ffedin! Web sitemiz, kaybolmu\u015f ve silinmi\u015f verileri kurtarmak i\u00e7in tasarlanm\u0131\u015f en son uygulamalar\u0131 titizlikle inceler. \ud83d\udcf1\ud83d\udcbb \u00c7e\u015fitli cihazlardan silinen dosyalar olsun veya karma\u015f\u0131k veri kurtarma senaryolar\u0131 olsun, biz sizi koruyoruz.","robots":{"index":"index","follow":"follow","max-snippet":"max-snippet:-1","max-image-preview":"max-image-preview:large","max-video-preview":"max-video-preview:-1"},"canonical":"https:\/\/datarecovery.ping.fm\/tr\/","og_locale":"tr_TR","og_type":"article","og_title":"En \u0130yi Veri Kurtarma Yaz\u0131l\u0131mlar\u0131, \u0130pu\u00e7lar\u0131, E\u011fitimler. May\u0131s 2026","og_description":"T\u00fcm veri kurtarma ihtiya\u00e7lar\u0131n\u0131z i\u00e7in son durak Data Recovery Hub'da ke\u015ffedin! Web sitemiz, kaybolmu\u015f ve silinmi\u015f verileri kurtarmak i\u00e7in tasarlanm\u0131\u015f en son uygulamalar\u0131 titizlikle inceler. \ud83d\udcf1\ud83d\udcbb \u00c7e\u015fitli cihazlardan silinen dosyalar olsun veya karma\u015f\u0131k veri kurtarma senaryolar\u0131 olsun, biz sizi koruyoruz.","og_url":"https:\/\/datarecovery.ping.fm\/tr\/","og_site_name":"Data Recovery Software","article_modified_time":"2024-03-27T17:19:05+00:00","og_image":[{"width":1024,"height":1024,"url":"https:\/\/datarecovery.ping.fm\/wp-content\/uploads\/2023\/11\/data-recovery-image.png","type":"image\/png"}],"twitter_card":"summary_large_image","twitter_misc":{"Est. reading time":"1 dakika"},"schema":{"@context":"https:\/\/schema.org","@graph":[{"@type":"WebPage","@id":"https:\/\/datarecovery.ping.fm\/tr\/","url":"https:\/\/datarecovery.ping.fm\/tr\/","name":"En \u0130yi Veri Kurtarma Yaz\u0131l\u0131mlar\u0131, \u0130pu\u00e7lar\u0131, E\u011fitimler. May\u0131s 2026","isPartOf":{"@id":"https:\/\/datarecovery.ping.fm\/tr\/#website"},"datePublished":"2023-07-31T13:58:28+00:00","dateModified":"2024-03-27T17:19:05+00:00","description":"T\u00fcm veri kurtarma ihtiya\u00e7lar\u0131n\u0131z i\u00e7in son durak Data Recovery Hub'da ke\u015ffedin! Web sitemiz, kaybolmu\u015f ve silinmi\u015f verileri kurtarmak i\u00e7in tasarlanm\u0131\u015f en son uygulamalar\u0131 titizlikle inceler. \ud83d\udcf1\ud83d\udcbb \u00c7e\u015fitli cihazlardan silinen dosyalar olsun veya karma\u015f\u0131k veri kurtarma senaryolar\u0131 olsun, biz sizi koruyoruz.","breadcrumb":{"@id":"https:\/\/datarecovery.ping.fm\/tr\/#breadcrumb"},"inLanguage":"tr","potentialAction":[{"@type":"ReadAction","target":["https:\/\/datarecovery.ping.fm\/tr\/"]}]},{"@type":"BreadcrumbList","@id":"https:\/\/datarecovery.ping.fm\/tr\/#breadcrumb","itemListElement":[{"@type":"ListItem","position":1,"name":"Home","item":"https:\/\/datarecovery.ping.fm\/tr\/"},{"@type":"ListItem","position":2,"name":"Turkish Homepage"}]},{"@type":"WebSite","@id":"https:\/\/datarecovery.ping.fm\/tr\/#website","url":"https:\/\/datarecovery.ping.fm\/tr\/","name":"Data Recovery Software","description":"","potentialAction":[{"@type":"SearchAction","target":{"@type":"EntryPoint","urlTemplate":"https:\/\/datarecovery.ping.fm\/tr\/?s={search_term_string}"},"query-input":"required name=search_term_string"}],"inLanguage":"tr"}]}},"_links":{"self":[{"href":"https:\/\/datarecovery.ping.fm\/tr\/wp-json\/wp\/v2\/pages\/37263"}],"collection":[{"href":"https:\/\/datarecovery.ping.fm\/tr\/wp-json\/wp\/v2\/pages"}],"about":[{"href":"https:\/\/datarecovery.ping.fm\/tr\/wp-json\/wp\/v2\/types\/page"}],"author":[{"embeddable":true,"href":"https:\/\/datarecovery.ping.fm\/tr\/wp-json\/wp\/v2\/users\/2"}],"replies":[{"embeddable":true,"href":"https:\/\/datarecovery.ping.fm\/tr\/wp-json\/wp\/v2\/comments?post=37263"}],"version-history":[{"count":2,"href":"https:\/\/datarecovery.ping.fm\/tr\/wp-json\/wp\/v2\/pages\/37263\/revisions"}],"predecessor-version":[{"id":37266,"href":"https:\/\/datarecovery.ping.fm\/tr\/wp-json\/wp\/v2\/pages\/37263\/revisions\/37266"}],"wp:featuredmedia":[{"embeddable":true,"href":"https:\/\/datarecovery.ping.fm\/tr\/wp-json\/wp\/v2\/media\/37264"}],"wp:attachment":[{"href":"https:\/\/datarecovery.ping.fm\/tr\/wp-json\/wp\/v2\/media?parent=37263"}],"curies":[{"name":"wp","href":"https:\/\/api.w.org\/{rel}","templated":true}]}}