{"id":41897,"date":"2024-02-21T05:25:08","date_gmt":"2024-02-21T05:25:08","guid":{"rendered":"https:\/\/www.ping.fm\/data-recovery-software\/partition-recovery-software\/"},"modified":"2024-04-16T11:56:12","modified_gmt":"2024-04-16T11:56:12","slug":"partition-recovery-software","status":"publish","type":"page","link":"https:\/\/datarecovery.ping.fm\/sv\/partition-recovery-software\/","title":{"rendered":"B\u00e4st rankade programmet f\u00f6r \u00e5terst\u00e4llning av partitioner f\u00f6r Windows \u00e5r 2024"},"content":{"rendered":"<section>\n<h1>B\u00e4sta programvaran f\u00f6r \u00e5terst\u00e4llning av partitioner 2024 f\u00f6r Windows<\/h1>\n<div class=\"inbrief\">\n<div>             <img src=\"https:\/\/www.ping.fm\/data-recovery-software\/wp-content\/uploads\/ai\/Best-Partition-Recovery-Software-in-2024-for-Windows-Swedish.jpg\" alt=\"B\u00e4sta programvaran f\u00f6r \u00e5terst\u00e4llning av partitioner 2024 f\u00f6r Windows\" title=\"B\u00e4sta programvaran f\u00f6r \u00e5terst\u00e4llning av partitioner 2024 f\u00f6r Windows\" width=\"1280\" height=\"720\">             <\/p>\n<p>N\u00e4r du av misstag har raderat en partition eller drabbats av ett systemkrasch, \u00e4r k\u00e4nslan inget mindre \u00e4n hj\u00e4rtsk\u00e4rande, s\u00e4rskilt om partitionen inneh\u00f6ll v\u00e4rdefull data. Tack och lov kan programvara f\u00f6r \u00e5terst\u00e4llning av partitioner vara en livlina i s\u00e5dana desperata tider. Baserat p\u00e5 min personliga erfarenhet, h\u00e4r \u00e4r en sammanst\u00e4llning av den b\u00e4sta programvaran f\u00f6r \u00e5terst\u00e4llning av partitioner f\u00f6r Windows som jag har haft turen (eller oturen) att anv\u00e4nda. Varje verktyg kommer med sin egen upps\u00e4ttning funktioner och egenheter, s\u00e5 jag kommer att ge dig den raka informationen om vad du kan f\u00f6rv\u00e4nta dig fr\u00e5n var och en. En varning, det \u00e4r avg\u00f6rande att sluta anv\u00e4nda den drabbade enheten f\u00f6r att undvika att skriva \u00f6ver alla \u00e5terst\u00e4llningsbara data, och v\u00e4lj alltid det mest p\u00e5litliga verktyget ist\u00e4llet f\u00f6r det billigaste.<\/p>\n<\/div>\n<\/div>\n<\/section>\n<section>\n<div class=\"medal\">\n<div>&#129351;<\/div>\n<\/div>\n<h2><a href='https:\/\/www.stellarinfo.com\/partition-recovery-software.php' rel=\"nofollow noopener\" target='_blank'>Stellar Data Recovery<\/a><\/h2>\n<p><img src=\"https:\/\/www.ping.fm\/data-recovery-software\/wp-content\/uploads\/ai\/https---www-stellarinfo-com-partition-recovery-software-phpSwedish.jpg\"><\/p>\n<p>Stellar Data Recovery \u00e4r ett kraftfullt verktyg som erbjuder en beundransv\u00e4rd balans mellan ett intuitivt gr\u00e4nssnitt och kraftfulla \u00e5terst\u00e4llningsf\u00f6rm\u00e5ga. Denna programvara har varit min tillflykt f\u00f6r tillf\u00e4lliga dataf\u00f6rlustmardr\u00f6mmar, hanterar \u00e5terst\u00e4llning av partitioner med bravur. Den passar v\u00e4l f\u00f6r b\u00e5de nyb\u00f6rjare och avancerade anv\u00e4ndare, och jag har personligen anv\u00e4nt den f\u00f6r att \u00e5terst\u00e4lla partitioner som jag trodde var bortom r\u00e4ddning.<\/p>\n<p><a href='https:\/\/www.stellarinfo.com\/partition-recovery-software.php' rel=\"nofollow noopener\" target='_blank' class='ofWSite'>Officiell webbplats<\/a><\/p>\n<h3 class='prosTitle'>F\u00f6rdelar<\/h3>\n<ul class='listpc pros'>\n<li>Mycket intuitivt gr\u00e4nssnitt<\/li>\n<li>Avancerade skanningsalternativ<\/li>\n<\/ul>\n<h3 class='consTitle'>Nackdelar<\/h3>\n<ul class='listpc cons'>\n<li>\u00c5terst\u00e4llningshastighet kan vara l\u00e5ngsam med stora enheter<\/li>\n<li>Licenskostnader \u00e4r relativt h\u00f6ga<\/li>\n<\/ul>\n<\/section>\n<section>\n<div class=\"medal\">\n<div>&#129352;<\/div>\n<\/div>\n<h2><a href='https:\/\/www.easeus.com\/partition-recovery\/' rel=\"nofollow noopener\" target='_blank'>EaseUS Partition Recovery<\/a><\/h2>\n<p><img src=\"https:\/\/www.ping.fm\/data-recovery-software\/wp-content\/uploads\/ai\/https---www-easeus-com-partition-recovery-Swedish.jpg\"><\/p>\n<p>En annan p\u00e4rla inom \u00e5terst\u00e4llning av partitioner \u00e4r EaseUS Partition Recovery. Det \u00e4r l\u00e4ttsamt f\u00f6r \u00f6gon och hj\u00e4rna och g\u00f6r en process som kan vara mycket teknisk verka som en promenad i parken. \u00c5terst\u00e4llningsguiden \u00e4r s\u00e4rskilt anv\u00e4ndbar och guidar dig genom varje steg. Trots sin enkelhet har den framg\u00e5ngsrikt \u00e5terh\u00e4mtat data f\u00f6r mig vid flera tillf\u00e4llen utan mycket br\u00e5k.<\/p>\n<p><a href='https:\/\/www.easeus.com\/partition-recovery\/' rel=\"nofollow noopener\" target='_blank' class='ofWSite'>Officiell webbplats<\/a><\/p>\n<h3 class='prosTitle'>F\u00f6rdelar<\/h3>\n<ul class='listpc pros'>\n<li>Anv\u00e4ndarv\u00e4nligt guidat gr\u00e4nssnitt<\/li>\n<li>Bra st\u00f6d f\u00f6r olika filsystem<\/li>\n<\/ul>\n<h3 class='consTitle'>Nackdelar<\/h3>\n<ul class='listpc cons'>\n<li>Gratisversionen har begr\u00e4nsade funktioner<\/li>\n<li>Fullst\u00e4ndig \u00e5terst\u00e4llning kan vara tidskr\u00e4vande<\/li>\n<\/ul>\n<\/section>\n<section>\n<div class=\"medal\">\n<div>&#129353;<\/div>\n<\/div>\n<h2>AOMEI Partition Assistant<\/h2>\n<p>AOMEI Partition Assistant handlar inte bara om \u00e5terst\u00e4llning av partitioner; det \u00e4r en komplett svit f\u00f6r hantering av partitioner. Programvaran inneh\u00e5ller en rad funktioner f\u00f6r b\u00e5de \u00e5terst\u00e4llning och allm\u00e4n hantering av partitioner. Jag har fr\u00e4mst anv\u00e4nt AOMEI f\u00f6r att \u00e4ndra storlek p\u00e5 och dela partitioner, men det har ocks\u00e5 en ganska robust \u00e5terst\u00e4llningsfunktion som har r\u00e4ddat mig vid mer \u00e4n ett tillf\u00e4lle.<\/p>\n<h3 class='prosTitle'>F\u00f6rdelar<\/h3>\n<ul class='listpc pros'>\n<li>Omfattande verktyg f\u00f6r hantering av partitioner<\/li>\n<li>\u00c5terst\u00e4llningsfunktionerna \u00e4r ganska p\u00e5litliga<\/li>\n<\/ul>\n<h3 class='consTitle'>Nackdelar<\/h3>\n<ul class='listpc cons'>\n<li>Gr\u00e4nssnittet kan vara \u00f6verv\u00e4ldigande f\u00f6r nyb\u00f6rjare<\/li>\n<li>Vissa avancerade funktioner kr\u00e4ver pro-versionen<\/li>\n<\/ul>\n<\/section>\n<section>\n<div class=\"no-medal\">\n<div>4<\/div>\n<\/div>\n<h2><a href='https:\/\/www.cleverfiles.com\/partition-recovery.html' rel=\"nofollow noopener\" target='_blank'>Disk Drill<\/a><\/h2>\n<p><img src=\"https:\/\/www.ping.fm\/data-recovery-software\/wp-content\/uploads\/ai\/https---www-cleverfiles-com-partition-recovery-htmlSwedish.jpg\"><\/p>\n<p>Disk Drill visade sig vara en ov\u00e4ntad hj\u00e4lte inom partitionens \u00e5terst\u00e4llningsscen. Med en m\u00e4ngd \u00e5terst\u00e4llningsverktyg har det ofta varit min sista utv\u00e4g n\u00e4r andra har misslyckats. Dess funktion f\u00f6r djupskanning har visat sig vara s\u00e4rskilt anv\u00e4ndbar och l\u00e5tit mig \u00e5terst\u00e4lla filer som ans\u00e5gs vara f\u00f6r l\u00e4nge f\u00f6rlorade. Det \u00e4r anv\u00e4ndarv\u00e4nligt, men kompromissar inte med sin robusta \u00e5terst\u00e4llningsf\u00f6rm\u00e5ga.<\/p>\n<p><a href='https:\/\/www.cleverfiles.com\/partition-recovery.html' rel=\"nofollow noopener\" target='_blank' class='ofWSite'>Officiell Webbplats<\/a><\/p>\n<h3 class='prosTitle'>F\u00f6rdelar<\/h3>\n<ul class='listpc pros'>\n<li>Utm\u00e4rkta f\u00f6rm\u00e5gor f\u00f6r djupskanning<\/li>\n<li>Enkel, anv\u00e4ndarcentrerad design<\/li>\n<\/ul>\n<h3 class='consTitle'>Nackdelar<\/h3>\n<ul class='listpc cons'>\n<li>\u00c5terst\u00e4llningen kan vara l\u00e5ngsam<\/li>\n<li>Full funktionalitet kr\u00e4ver en betald uppgradering<\/li>\n<\/ul>\n<\/section>\n<section>\n<div class=\"no-medal\">\n<div>5<\/div>\n<\/div>\n<h2><a href='https:\/\/www.minitool.com\/data-recovery-software\/partition-recovery.html' rel=\"nofollow noopener\" target='_blank'>MiniTool Partition Recovery<\/a><\/h2>\n<p><img src=\"https:\/\/www.ping.fm\/data-recovery-software\/wp-content\/uploads\/ai\/https---www-minitool-com-data-recovery-software-partition-recovery-htmlSwedish.jpg\"><\/p>\n<p>MiniTool Partition Recovery \u00e4r en fokuserad applikation som koncentrerar sig p\u00e5 partitionens \u00e5terst\u00e4llning utan krusidullerna hos fullskaliga data\u00e5terst\u00e4llningsprogram. Det \u00e4r ett specialiserat verktyg som jag har anv\u00e4nt n\u00e4r jag exakt visste vad jag beh\u00f6vde \u00e5terst\u00e4lla. Det \u00e4r snabbt, effektivt och befriat fr\u00e5n allt som kan avleda fr\u00e5n dess enda syfte: att f\u00e5 tillbaka dina partitioner.<\/p>\n<p><a href='https:\/\/www.minitool.com\/data-recovery-software\/partition-recovery.html' rel=\"nofollow noopener\" target='_blank' class='ofWSite'>Officiell Webbplats<\/a><\/p>\n<h3 class='prosTitle'>F\u00f6rdelar<\/h3>\n<ul class='listpc pros'>\n<li>Specialiserad p\u00e5 \u00e5terst\u00e4llning av partitioner<\/li>\n<li>Snabb och effektiv verksamhet<\/li>\n<\/ul>\n<h3 class='consTitle'>Nackdelar<\/h3>\n<ul class='listpc cons'>\n<li>Begr\u00e4nsad funktionalitet ut\u00f6ver \u00e5terst\u00e4llning av partitioner<\/li>\n<li>Gr\u00e4nssnittet \u00e4r inte det modernaste<\/li>\n<\/ul>\n<\/section>\n<section>\n<h2>Slutsats:<\/h2>\n<div class=\"nonp\">\n<p>Dataf\u00f6rlust kan vara en traumatisk upplevelse, men det finns \u00e5tg\u00e4rder du kan vidta f\u00f6r att minimera riskerna. Att anv\u00e4nda molntj\u00e4nster som OneDrive eller <a href='https:\/\/www.dropbox.com\/' rel=\"nofollow noopener\" target='_blank'>Dropbox<\/a> f\u00f6r dina viktiga filer kan l\u00e4gga till ett extra s\u00e4kerhetslager. Dessutom kan regelbundna systemkontroller med verktyg som <a href='https:\/\/www.ccleaner.com\/ccleaner' rel=\"nofollow noopener\" target='_blank'>CCleaner<\/a> f\u00f6r att bli av med on\u00f6diga filer och <a href='https:\/\/www.malwarebytes.com\/' rel=\"nofollow noopener\" target='_blank'>Malwarebytes<\/a> f\u00f6r skanning av skadlig programvara vara till stor hj\u00e4lp f\u00f6r att f\u00f6rhindra systemkrascher som leder till f\u00f6rlust av partitioner. Slutligen, var f\u00f6rsiktig n\u00e4r du partitionerar enheter sj\u00e4lv; det \u00e4r tillr\u00e5dligt att anv\u00e4nda expertguider eller professionell hj\u00e4lp om du inte \u00e4r s\u00e4ker p\u00e5 dina kunskaper.<\/p>\n<\/div>\n<\/section>\n","protected":false},"excerpt":{"rendered":"<p>B\u00e4sta programvaran f\u00f6r \u00e5terst\u00e4llning av partitioner 2024 f\u00f6r Windows N\u00e4r du av misstag har raderat en partition eller drabbats av ett systemkrasch, \u00e4r k\u00e4nslan inget mindre \u00e4n hj\u00e4rtsk\u00e4rande, s\u00e4rskilt om partitionen inneh\u00f6ll v\u00e4rdefull data. Tack och lov kan programvara f\u00f6r \u00e5terst\u00e4llning av partitioner vara en livlina i s\u00e5dana desperata tider. Baserat p\u00e5 min personliga erfarenhet, [&hellip;]<\/p>\n","protected":false},"author":0,"featured_media":41898,"parent":0,"menu_order":0,"comment_status":"closed","ping_status":"closed","template":"chromecast.php","meta":{"_stopmodifiedupdate":false,"_modified_date":"","_lmt_disableupdate":"","_lmt_disable":""},"acf":[],"yoast_head":"<!-- This site is optimized with the Yoast SEO plugin v20.9 - https:\/\/yoast.com\/wordpress\/plugins\/seo\/ -->\n<title>Mest framst\u00e5ende \u00e5terst\u00e4llningsprogram f\u00f6r partitioner f\u00f6r Windows 2024<\/title>\n<meta name=\"robots\" content=\"index, follow, max-snippet:-1, max-image-preview:large, max-video-preview:-1\" \/>\n<link rel=\"canonical\" href=\"https:\/\/datarecovery.ping.fm\/sv\/partition-recovery-software\/\" \/>\n<meta property=\"og:locale\" content=\"sv_SE\" \/>\n<meta property=\"og:type\" content=\"article\" \/>\n<meta property=\"og:title\" content=\"Mest framst\u00e5ende \u00e5terst\u00e4llningsprogram f\u00f6r partitioner f\u00f6r Windows 2024\" \/>\n<meta property=\"og:description\" content=\"B\u00e4sta programvaran f\u00f6r \u00e5terst\u00e4llning av partitioner 2024 f\u00f6r Windows N\u00e4r du av misstag har raderat en partition eller drabbats av ett systemkrasch, \u00e4r k\u00e4nslan inget mindre \u00e4n hj\u00e4rtsk\u00e4rande, s\u00e4rskilt om partitionen inneh\u00f6ll v\u00e4rdefull data. Tack och lov kan programvara f\u00f6r \u00e5terst\u00e4llning av partitioner vara en livlina i s\u00e5dana desperata tider. Baserat p\u00e5 min personliga erfarenhet, [&hellip;]\" \/>\n<meta property=\"og:url\" content=\"https:\/\/datarecovery.ping.fm\/sv\/partition-recovery-software\/\" \/>\n<meta property=\"og:site_name\" content=\"\u00c5terst\u00e4llningsprogram f\u00f6r Data\" \/>\n<meta property=\"article:modified_time\" content=\"2024-04-16T11:56:12+00:00\" \/>\n<meta property=\"og:image\" content=\"https:\/\/datarecovery.ping.fm\/wp-content\/uploads\/2024\/04\/Best-Partition-Recovery-Software-in-2024-for-Windows-Swedish.jpg\" \/>\n\t<meta property=\"og:image:width\" content=\"1280\" \/>\n\t<meta property=\"og:image:height\" content=\"731\" \/>\n\t<meta property=\"og:image:type\" content=\"image\/jpeg\" \/>\n<meta name=\"twitter:card\" content=\"summary_large_image\" \/>\n<meta name=\"twitter:label1\" content=\"Est. reading time\" \/>\n\t<meta name=\"twitter:data1\" content=\"4 minuter\" \/>\n<script type=\"application\/ld+json\" class=\"yoast-schema-graph\">{\"@context\":\"https:\/\/schema.org\",\"@graph\":[{\"@type\":\"WebPage\",\"@id\":\"https:\/\/datarecovery.ping.fm\/sv\/partition-recovery-software\/\",\"url\":\"https:\/\/datarecovery.ping.fm\/sv\/partition-recovery-software\/\",\"name\":\"Mest framst\u00e5ende \u00e5terst\u00e4llningsprogram f\u00f6r partitioner f\u00f6r Windows 2024\",\"isPartOf\":{\"@id\":\"https:\/\/datarecovery.ping.fm\/sv\/#website\"},\"datePublished\":\"2024-02-21T05:25:08+00:00\",\"dateModified\":\"2024-04-16T11:56:12+00:00\",\"breadcrumb\":{\"@id\":\"https:\/\/datarecovery.ping.fm\/sv\/partition-recovery-software\/#breadcrumb\"},\"inLanguage\":\"sv-SE\",\"potentialAction\":[{\"@type\":\"ReadAction\",\"target\":[\"https:\/\/datarecovery.ping.fm\/sv\/partition-recovery-software\/\"]}]},{\"@type\":\"BreadcrumbList\",\"@id\":\"https:\/\/datarecovery.ping.fm\/sv\/partition-recovery-software\/#breadcrumb\",\"itemListElement\":[{\"@type\":\"ListItem\",\"position\":1,\"name\":\"Home\",\"item\":\"https:\/\/datarecovery.ping.fm\/sv\/\"},{\"@type\":\"ListItem\",\"position\":2,\"name\":\"B\u00e4st rankade programmet f\u00f6r \u00e5terst\u00e4llning av partitioner f\u00f6r Windows \u00e5r 2024\"}]},{\"@type\":\"WebSite\",\"@id\":\"https:\/\/datarecovery.ping.fm\/sv\/#website\",\"url\":\"https:\/\/datarecovery.ping.fm\/sv\/\",\"name\":\"\u00c5terst\u00e4llningsprogram f\u00f6r Data\",\"description\":\"\",\"potentialAction\":[{\"@type\":\"SearchAction\",\"target\":{\"@type\":\"EntryPoint\",\"urlTemplate\":\"https:\/\/datarecovery.ping.fm\/sv\/?s={search_term_string}\"},\"query-input\":\"required name=search_term_string\"}],\"inLanguage\":\"sv-SE\"}]}<\/script>\n<!-- \/ Yoast SEO plugin. -->","yoast_head_json":{"title":"Mest framst\u00e5ende \u00e5terst\u00e4llningsprogram f\u00f6r partitioner f\u00f6r Windows 2024","robots":{"index":"index","follow":"follow","max-snippet":"max-snippet:-1","max-image-preview":"max-image-preview:large","max-video-preview":"max-video-preview:-1"},"canonical":"https:\/\/datarecovery.ping.fm\/sv\/partition-recovery-software\/","og_locale":"sv_SE","og_type":"article","og_title":"Mest framst\u00e5ende \u00e5terst\u00e4llningsprogram f\u00f6r partitioner f\u00f6r Windows 2024","og_description":"B\u00e4sta programvaran f\u00f6r \u00e5terst\u00e4llning av partitioner 2024 f\u00f6r Windows N\u00e4r du av misstag har raderat en partition eller drabbats av ett systemkrasch, \u00e4r k\u00e4nslan inget mindre \u00e4n hj\u00e4rtsk\u00e4rande, s\u00e4rskilt om partitionen inneh\u00f6ll v\u00e4rdefull data. Tack och lov kan programvara f\u00f6r \u00e5terst\u00e4llning av partitioner vara en livlina i s\u00e5dana desperata tider. Baserat p\u00e5 min personliga erfarenhet, [&hellip;]","og_url":"https:\/\/datarecovery.ping.fm\/sv\/partition-recovery-software\/","og_site_name":"\u00c5terst\u00e4llningsprogram f\u00f6r Data","article_modified_time":"2024-04-16T11:56:12+00:00","og_image":[{"width":1280,"height":731,"url":"https:\/\/datarecovery.ping.fm\/wp-content\/uploads\/2024\/04\/Best-Partition-Recovery-Software-in-2024-for-Windows-Swedish.jpg","type":"image\/jpeg"}],"twitter_card":"summary_large_image","twitter_misc":{"Est. reading time":"4 minuter"},"schema":{"@context":"https:\/\/schema.org","@graph":[{"@type":"WebPage","@id":"https:\/\/datarecovery.ping.fm\/sv\/partition-recovery-software\/","url":"https:\/\/datarecovery.ping.fm\/sv\/partition-recovery-software\/","name":"Mest framst\u00e5ende \u00e5terst\u00e4llningsprogram f\u00f6r partitioner f\u00f6r Windows 2024","isPartOf":{"@id":"https:\/\/datarecovery.ping.fm\/sv\/#website"},"datePublished":"2024-02-21T05:25:08+00:00","dateModified":"2024-04-16T11:56:12+00:00","breadcrumb":{"@id":"https:\/\/datarecovery.ping.fm\/sv\/partition-recovery-software\/#breadcrumb"},"inLanguage":"sv-SE","potentialAction":[{"@type":"ReadAction","target":["https:\/\/datarecovery.ping.fm\/sv\/partition-recovery-software\/"]}]},{"@type":"BreadcrumbList","@id":"https:\/\/datarecovery.ping.fm\/sv\/partition-recovery-software\/#breadcrumb","itemListElement":[{"@type":"ListItem","position":1,"name":"Home","item":"https:\/\/datarecovery.ping.fm\/sv\/"},{"@type":"ListItem","position":2,"name":"B\u00e4st rankade programmet f\u00f6r \u00e5terst\u00e4llning av partitioner f\u00f6r Windows \u00e5r 2024"}]},{"@type":"WebSite","@id":"https:\/\/datarecovery.ping.fm\/sv\/#website","url":"https:\/\/datarecovery.ping.fm\/sv\/","name":"\u00c5terst\u00e4llningsprogram f\u00f6r Data","description":"","potentialAction":[{"@type":"SearchAction","target":{"@type":"EntryPoint","urlTemplate":"https:\/\/datarecovery.ping.fm\/sv\/?s={search_term_string}"},"query-input":"required name=search_term_string"}],"inLanguage":"sv-SE"}]}},"_links":{"self":[{"href":"https:\/\/datarecovery.ping.fm\/sv\/wp-json\/wp\/v2\/pages\/41897"}],"collection":[{"href":"https:\/\/datarecovery.ping.fm\/sv\/wp-json\/wp\/v2\/pages"}],"about":[{"href":"https:\/\/datarecovery.ping.fm\/sv\/wp-json\/wp\/v2\/types\/page"}],"replies":[{"embeddable":true,"href":"https:\/\/datarecovery.ping.fm\/sv\/wp-json\/wp\/v2\/comments?post=41897"}],"version-history":[{"count":0,"href":"https:\/\/datarecovery.ping.fm\/sv\/wp-json\/wp\/v2\/pages\/41897\/revisions"}],"wp:featuredmedia":[{"embeddable":true,"href":"https:\/\/datarecovery.ping.fm\/sv\/wp-json\/wp\/v2\/media\/41898"}],"wp:attachment":[{"href":"https:\/\/datarecovery.ping.fm\/sv\/wp-json\/wp\/v2\/media?parent=41897"}],"curies":[{"name":"wp","href":"https:\/\/api.w.org\/{rel}","templated":true}]}}