{"id":39641,"date":"2024-01-22T21:14:41","date_gmt":"2024-01-22T21:14:41","guid":{"rendered":"https:\/\/www.ping.fm\/data-recovery-software\/best-android-cleaners\/"},"modified":"2024-04-09T17:39:13","modified_gmt":"2024-04-09T17:39:13","slug":"best-android-cleaners","status":"publish","type":"page","link":"https:\/\/datarecovery.ping.fm\/sv\/best-android-cleaners\/","title":{"rendered":"Rekommenderad gratis st\u00e4dningsapp f\u00f6r Android-telefoner"},"content":{"rendered":"<section>\n<h1>B\u00e4sta GRATIS apparna f\u00f6r reng\u00f6ring av Android-telefoner<\/h1>\n<div class=\"inbrief\">\n<div>             <img src=\"https:\/\/www.ping.fm\/data-recovery-software\/wp-content\/uploads\/ai\/Best-FREE-Android-Phone-Cleaner-Apps-Swedish.jpg\" alt=\"B\u00e4sta GRATIS apparna f\u00f6r reng\u00f6ring av Android-telefoner\" title=\"B\u00e4sta GRATIS apparna f\u00f6r reng\u00f6ring av Android-telefoner\" width=\"1280\" height=\"720\">             <\/p>\n<p>Med otaliga appar tillg\u00e4ngliga f\u00f6r Android kan smartphones ofta bli nedtyngda med \u00f6verskottsfiler och bakgrundsprocesser. H\u00e4r \u00e4r st\u00e4dningsappar praktiska, de hj\u00e4lper dig att frig\u00f6ra utrymme, f\u00f6rb\u00e4ttra prestanda, och f\u00f6rl\u00e4nga batteritiden. Nedan delar jag med mig av mina erfarenheter av de b\u00e4sta gratis <b>reng\u00f6ringsapparna f\u00f6r Android-telefoner<\/b> som har f\u00f6rb\u00e4ttrat min enhets funktionalitet avsev\u00e4rt.<\/p>\n<\/div>\n<\/div>\n<\/section>\n<section>\n<div class=\"medal\">\n<div>&#129351;<\/div>\n<\/div>\n<h2><a href=\"https:\/\/www.ccleaner.com\/ccleaner-android\" rel=\"nofollow noopener\" target=\"_blank\">CCleaner<\/a><\/h2>\n<p><img src=\"https:\/\/www.ping.fm\/data-recovery-software\/wp-content\/uploads\/ai\/https---www-ccleaner-com-ccleaner-androidSwedish.jpg\"><\/p>\n<p><b>CCleaner<\/b> f\u00f6r Android \u00e4r ett m\u00e5ngsidigt reng\u00f6ringsverktyg som jag ofta har anv\u00e4nt f\u00f6r att rensa cache, ta bort skr\u00e4pfiler och radera webbhistoriken. Anv\u00e4ndargr\u00e4nssnittet \u00e4r enkelt, vilket g\u00f6r rutinm\u00e4ssiga underh\u00e5llskontroller till en barnlek. Jag har m\u00e4rkt att appen ocks\u00e5 erbjuder system\u00f6vervakning, vilket ger insikter om min enhets prestanda.<\/p>\n<p><a href=\"https:\/\/www.ccleaner.com\/ccleaner-android\" rel=\"nofollow noopener\" target=\"_blank\" class=\"ofWSite\">Officiell Webbplats<\/a><\/p>\n<h3 class=\"prosTitle\">F\u00f6rdelar<\/h3>\n<ul class=\"listpc pros\">\n<li>Anv\u00e4ndarv\u00e4nligt gr\u00e4nssnitt<\/li>\n<li>Effektiv reng\u00f6ring av skr\u00e4p<\/li>\n<li>Funktioner f\u00f6r system\u00f6vervakning<\/li>\n<\/ul>\n<h3 class=\"consTitle\">Nackdelar<\/h3>\n<ul class=\"listpc cons\">\n<li>Reklam i gratisversionen d\u00e5 och d\u00e5<\/li>\n<li>Vissa avancerade funktioner \u00e4r betalda<\/li>\n<\/ul>\n<\/section>\n<section>\n<div class=\"medal\">\n<div>&#129352;<\/div>\n<\/div>\n<h2><a href=\"https:\/\/www.avast.com\/en-us\/cleanup\" rel=\"nofollow noopener\" target=\"_blank\">Avast Cleanup &#038; Boost<\/a><\/h2>\n<p><img src=\"https:\/\/www.ping.fm\/data-recovery-software\/wp-content\/uploads\/ai\/https---www-avast-com-en-us-cleanupSwedish.jpg\"><\/p>\n<p>Min erfarenhet av <b>Avast Cleanup &#038; Boost<\/b> har varit \u00f6verv\u00e4gande positiv n\u00e4r det kommer till optimering av min enhet. Den analyserar noggrant appar data f\u00f6r att f\u00f6resl\u00e5 on\u00f6diga filer f\u00f6r borttagning. Dessutom hj\u00e4lper den till att hantera appar effektivt och kan \u00e4ven f\u00f6rb\u00e4ttra batteriinst\u00e4llningar.<\/p>\n<p><a href=\"https:\/\/www.avast.com\/en-us\/cleanup\" rel=\"nofollow noopener\" target=\"_blank\" class=\"ofWSite\">Officiell Webbplats<\/a><\/p>\n<h3 class=\"prosTitle\">F\u00f6rdelar<\/h3>\n<ul class=\"listpc pros\">\n<li>Funktion f\u00f6r autoreng\u00f6ring<\/li>\n<li>Customisering av batteriprofiler<\/li>\n<li>S\u00e4ker reng\u00f6ring av on\u00f6diga filer<\/li>\n<\/ul>\n<h3 class=\"consTitle\">Nackdelar<\/h3>\n<ul class=\"listpc cons\">\n<li>Inneh\u00e5ller reklam<\/li>\n<li>Vissa funktioner kr\u00e4ver en prenumeration<\/li>\n<\/ul>\n<\/section>\n<section>\n<div class=\"medal\">\n<div>&#129353;<\/div>\n<\/div>\n<h2><a href=\"https:\/\/sdmaid.darken.eu\/\" rel=\"nofollow noopener\" target=\"_blank\">SD Maid<\/a><\/h2>\n<p><img src=\"https:\/\/www.ping.fm\/data-recovery-software\/wp-content\/uploads\/ai\/https---sdmaid-darken-eu-Swedish.jpg\"><\/p>\n<p><b>SD Maid<\/b>-appen utm\u00e4rker sig med sin databasoptimering och &#8217;Corpse Finder&#8217;-funktion som letar efter \u00f6verblivna filer. Enkelheten i detta verktyg kombinerat med dess grundliga reng\u00f6ringsf\u00f6rm\u00e5ga har gjort st\u00e4dningen av filsystemet p\u00e5 min Android-enhet mindre av en syssla och mer av en snabb, tillfredsst\u00e4llande uppgift.<\/p>\n<p><a href=\"https:\/\/sdmaid.darken.eu\/\" rel=\"nofollow noopener\" target=\"_blank\" class=\"ofWSite\">Officiell webbplats<\/a><\/p>\n<h3 class=\"prosTitle\">F\u00f6rdelar<\/h3>\n<ul class=\"listpc pros\">\n<li>Detaljerad reng\u00f6ring av filsystemet<\/li>\n<li>Anv\u00e4ndbar &#8217;Corpse Finder&#8217;-funktion<\/li>\n<li>Verktyg f\u00f6r databasoptimering<\/li>\n<\/ul>\n<h3 class=\"consTitle\">Nackdelar<\/h3>\n<ul class=\"listpc cons\">\n<li>Gr\u00e4nssnittet kan vara n\u00e5got komplext f\u00f6r nya anv\u00e4ndare<\/li>\n<li>Pro-funktioner kr\u00e4ver uppgradering<\/li>\n<\/ul>\n<\/section>\n<section>\n<div class=\"no-medal\">\n<div>4<\/div>\n<\/div>\n<h2>AVG Cleaner<\/h2>\n<p><b>AVG Cleaner<\/b> har varit anv\u00e4ndbar n\u00e4r jag har beh\u00f6vt identifiera och st\u00e4da upp d\u00e5liga bilder och oanv\u00e4nda appar snabbt. Dess enklicksanalys och reng\u00f6ringsprocess \u00e4r tidseffektiv. Dessutom f\u00f6resl\u00e5r dess &#8217;App Uninstaller&#8217; s\u00e4llan anv\u00e4nda appar att avinstallera, vilket hj\u00e4lper till att h\u00e5lla min enhet slimmad.<\/p>\n<h3 class=\"prosTitle\">F\u00f6rdelar<\/h3>\n<ul class=\"listpc pros\">\n<li>Enkel, reng\u00f6ring med ett klick<\/li>\n<li>Intelligent fotoanalys<\/li>\n<li>Appanv\u00e4ndningsstatistik<\/li>\n<\/ul>\n<h3 class=\"consTitle\">Nackdelar<\/h3>\n<ul class=\"listpc cons\">\n<li>Reklam och uppmaningar till andra AVG-produkter<\/li>\n<li>Vissa funktioner \u00e4r l\u00e5sta bakom Pro-versionen<\/li>\n<\/ul>\n<\/section>\n<section>\n<div class=\"no-medal\">\n<div>5<\/div>\n<\/div>\n<h2><a href=\"https:\/\/www.cleanmasterofficial.com\/\" rel=\"nofollow noopener\" target=\"_blank\">Clean Master<\/a><\/h2>\n<p><img src=\"https:\/\/www.ping.fm\/data-recovery-software\/wp-content\/uploads\/ai\/https---www-cleanmasterofficial-com-Swedish.jpg\"><\/p>\n<p>Jag har konsekvent imponerats av <b>Clean Master<\/b>s f\u00f6rm\u00e5ga att inte bara rensa skr\u00e4pfiler, men ocks\u00e5 tillhandah\u00e5lla en antiviruskanning som s\u00e4kerst\u00e4ller att min enhet \u00e4r skyddad fr\u00e5n skadlig programvara. &#8217;AppLock&#8217;-funktionen ger ocks\u00e5 en k\u00e4nsla av \u00f6kad s\u00e4kerhet f\u00f6r mina personliga appar.<\/p>\n<p><a href=\"https:\/\/www.cleanmasterofficial.com\/\" rel=\"nofollow noopener\" target=\"_blank\" class=\"ofWSite\">Officiell webbplats<\/a><\/p>\n<h3 class=\"prosTitle\">F\u00f6rdelar<\/h3>\n<ul class=\"listpc pros\">\n<li>Integrerad antiviruskanning<\/li>\n<li>&#8217;AppLock&#8217; f\u00f6r skydd av integritet<\/li>\n<li>Intuitivt gr\u00e4nssnitt<\/li>\n<\/ul>\n<h3 class=\"consTitle\">Nackdelar<\/h3>\n<ul class=\"listpc cons\">\n<li>Mycket reklam<\/li>\n<li>Ibland flaggad av andra s\u00e4kerhetsappar<\/li>\n<\/ul>\n<\/section>\n<section>\n<h2>YouTube-video att titta p\u00e5<\/h2>\n<div class=\"nonp iframe\"><iframe width=\"420\" height=\"315\" src=\"\/\/www.youtube.com\/embed\/Pwj4ONDi0hk\" frameborder=\"0\" allowfullscreen><\/iframe><\/div>\n<\/section>\n<section>\n<h2>Slutsats:<\/h2>\n<div class=\"nonp\">\n<p>Medan rensningsappar kan f\u00f6rb\u00e4ttra funktionaliteten p\u00e5 din Android-telefon avsev\u00e4rt, finns det ytterligare steg du kan ta f\u00f6r att <b>maximera din enhets potential<\/b>. Att h\u00e5lla ditt operativsystem och appar uppdaterade kan ge inte bara nya funktioner utan \u00e4ven viktiga s\u00e4kerhetsuppdateringar. Det \u00e4r ocks\u00e5 f\u00f6rdelaktigt att hantera dina appar genom att ta bort de som du inte l\u00e4ngre anv\u00e4nder, samt att inaktivera bloatware n\u00e4r det \u00e4r m\u00f6jligt.<\/p>\n<p>Om din telefon konsekvent presterar d\u00e5ligt, \u00f6verv\u00e4g en fabriks\u00e5terst\u00e4llning som en sista utv\u00e4g. Kom ih\u00e5g att s\u00e4kerhetskopiera dina data innan du tar detta steg. F\u00f6r en omfattande guide till att s\u00e4kra och optimera din Android-enhet kan du finna resurserna p\u00e5 <a href=\"https:\/\/support.google.com\/android\" rel=\"nofollow noopener\" target=\"_blank\">Googles Android Hj\u00e4lpcenter<\/a> s\u00e4rskilt anv\u00e4ndbara. Dessutom \u00e4r diskussionsforum som <a href=\"https:\/\/forum.xda-developers.com\/\" rel=\"nofollow noopener\" target=\"_blank\">XDA Developers<\/a> en guldgruva av information om anpassade ROM:er och avancerade justeringar f\u00f6r entusiaster.<\/p>\n<\/div>\n<\/section>\n","protected":false},"excerpt":{"rendered":"<p>B\u00e4sta GRATIS apparna f\u00f6r reng\u00f6ring av Android-telefoner Med otaliga appar tillg\u00e4ngliga f\u00f6r Android kan smartphones ofta bli nedtyngda med \u00f6verskottsfiler och bakgrundsprocesser. H\u00e4r \u00e4r st\u00e4dningsappar praktiska, de hj\u00e4lper dig att frig\u00f6ra utrymme, f\u00f6rb\u00e4ttra prestanda, och f\u00f6rl\u00e4nga batteritiden. Nedan delar jag med mig av mina erfarenheter av de b\u00e4sta gratis reng\u00f6ringsapparna f\u00f6r Android-telefoner som har f\u00f6rb\u00e4ttrat [&hellip;]<\/p>\n","protected":false},"author":0,"featured_media":39642,"parent":0,"menu_order":0,"comment_status":"closed","ping_status":"closed","template":"chromecast.php","meta":{"_stopmodifiedupdate":false,"_modified_date":"","_lmt_disableupdate":"","_lmt_disable":""},"acf":[],"yoast_head":"<!-- This site is optimized with the Yoast SEO plugin v20.9 - https:\/\/yoast.com\/wordpress\/plugins\/seo\/ -->\n<title>De b\u00e4sta gratis st\u00e4dningsapparna f\u00f6r Android-smartphones 2024. F\u00f6r- och nackdelar!<\/title>\n<meta name=\"robots\" content=\"index, follow, max-snippet:-1, max-image-preview:large, max-video-preview:-1\" \/>\n<link rel=\"canonical\" href=\"https:\/\/datarecovery.ping.fm\/sv\/best-android-cleaners\/\" \/>\n<meta property=\"og:locale\" content=\"sv_SE\" \/>\n<meta property=\"og:type\" content=\"article\" \/>\n<meta property=\"og:title\" content=\"De b\u00e4sta gratis st\u00e4dningsapparna f\u00f6r Android-smartphones 2024. F\u00f6r- och nackdelar!\" \/>\n<meta property=\"og:description\" content=\"B\u00e4sta GRATIS apparna f\u00f6r reng\u00f6ring av Android-telefoner Med otaliga appar tillg\u00e4ngliga f\u00f6r Android kan smartphones ofta bli nedtyngda med \u00f6verskottsfiler och bakgrundsprocesser. H\u00e4r \u00e4r st\u00e4dningsappar praktiska, de hj\u00e4lper dig att frig\u00f6ra utrymme, f\u00f6rb\u00e4ttra prestanda, och f\u00f6rl\u00e4nga batteritiden. Nedan delar jag med mig av mina erfarenheter av de b\u00e4sta gratis reng\u00f6ringsapparna f\u00f6r Android-telefoner som har f\u00f6rb\u00e4ttrat [&hellip;]\" \/>\n<meta property=\"og:url\" content=\"https:\/\/datarecovery.ping.fm\/sv\/best-android-cleaners\/\" \/>\n<meta property=\"og:site_name\" content=\"\u00c5terst\u00e4llningsprogram f\u00f6r Data\" \/>\n<meta property=\"article:modified_time\" content=\"2024-04-09T17:39:13+00:00\" \/>\n<meta property=\"og:image\" content=\"https:\/\/datarecovery.ping.fm\/wp-content\/uploads\/2024\/04\/Best-FREE-Android-Phone-Cleaner-Apps-Swedish.jpg\" \/>\n\t<meta property=\"og:image:width\" content=\"1280\" \/>\n\t<meta property=\"og:image:height\" content=\"731\" \/>\n\t<meta property=\"og:image:type\" content=\"image\/jpeg\" \/>\n<meta name=\"twitter:card\" content=\"summary_large_image\" \/>\n<meta name=\"twitter:label1\" content=\"Est. reading time\" \/>\n\t<meta name=\"twitter:data1\" content=\"3 minuter\" \/>\n<script type=\"application\/ld+json\" class=\"yoast-schema-graph\">{\"@context\":\"https:\/\/schema.org\",\"@graph\":[{\"@type\":\"WebPage\",\"@id\":\"https:\/\/datarecovery.ping.fm\/sv\/best-android-cleaners\/\",\"url\":\"https:\/\/datarecovery.ping.fm\/sv\/best-android-cleaners\/\",\"name\":\"De b\u00e4sta gratis st\u00e4dningsapparna f\u00f6r Android-smartphones 2024. F\u00f6r- och nackdelar!\",\"isPartOf\":{\"@id\":\"https:\/\/datarecovery.ping.fm\/sv\/#website\"},\"datePublished\":\"2024-01-22T21:14:41+00:00\",\"dateModified\":\"2024-04-09T17:39:13+00:00\",\"breadcrumb\":{\"@id\":\"https:\/\/datarecovery.ping.fm\/sv\/best-android-cleaners\/#breadcrumb\"},\"inLanguage\":\"sv-SE\",\"potentialAction\":[{\"@type\":\"ReadAction\",\"target\":[\"https:\/\/datarecovery.ping.fm\/sv\/best-android-cleaners\/\"]}]},{\"@type\":\"BreadcrumbList\",\"@id\":\"https:\/\/datarecovery.ping.fm\/sv\/best-android-cleaners\/#breadcrumb\",\"itemListElement\":[{\"@type\":\"ListItem\",\"position\":1,\"name\":\"Home\",\"item\":\"https:\/\/datarecovery.ping.fm\/sv\/\"},{\"@type\":\"ListItem\",\"position\":2,\"name\":\"Rekommenderad gratis st\u00e4dningsapp f\u00f6r Android-telefoner\"}]},{\"@type\":\"WebSite\",\"@id\":\"https:\/\/datarecovery.ping.fm\/sv\/#website\",\"url\":\"https:\/\/datarecovery.ping.fm\/sv\/\",\"name\":\"\u00c5terst\u00e4llningsprogram f\u00f6r Data\",\"description\":\"\",\"potentialAction\":[{\"@type\":\"SearchAction\",\"target\":{\"@type\":\"EntryPoint\",\"urlTemplate\":\"https:\/\/datarecovery.ping.fm\/sv\/?s={search_term_string}\"},\"query-input\":\"required name=search_term_string\"}],\"inLanguage\":\"sv-SE\"}]}<\/script>\n<!-- \/ Yoast SEO plugin. -->","yoast_head_json":{"title":"De b\u00e4sta gratis st\u00e4dningsapparna f\u00f6r Android-smartphones 2024. F\u00f6r- och nackdelar!","robots":{"index":"index","follow":"follow","max-snippet":"max-snippet:-1","max-image-preview":"max-image-preview:large","max-video-preview":"max-video-preview:-1"},"canonical":"https:\/\/datarecovery.ping.fm\/sv\/best-android-cleaners\/","og_locale":"sv_SE","og_type":"article","og_title":"De b\u00e4sta gratis st\u00e4dningsapparna f\u00f6r Android-smartphones 2024. F\u00f6r- och nackdelar!","og_description":"B\u00e4sta GRATIS apparna f\u00f6r reng\u00f6ring av Android-telefoner Med otaliga appar tillg\u00e4ngliga f\u00f6r Android kan smartphones ofta bli nedtyngda med \u00f6verskottsfiler och bakgrundsprocesser. H\u00e4r \u00e4r st\u00e4dningsappar praktiska, de hj\u00e4lper dig att frig\u00f6ra utrymme, f\u00f6rb\u00e4ttra prestanda, och f\u00f6rl\u00e4nga batteritiden. Nedan delar jag med mig av mina erfarenheter av de b\u00e4sta gratis reng\u00f6ringsapparna f\u00f6r Android-telefoner som har f\u00f6rb\u00e4ttrat [&hellip;]","og_url":"https:\/\/datarecovery.ping.fm\/sv\/best-android-cleaners\/","og_site_name":"\u00c5terst\u00e4llningsprogram f\u00f6r Data","article_modified_time":"2024-04-09T17:39:13+00:00","og_image":[{"width":1280,"height":731,"url":"https:\/\/datarecovery.ping.fm\/wp-content\/uploads\/2024\/04\/Best-FREE-Android-Phone-Cleaner-Apps-Swedish.jpg","type":"image\/jpeg"}],"twitter_card":"summary_large_image","twitter_misc":{"Est. reading time":"3 minuter"},"schema":{"@context":"https:\/\/schema.org","@graph":[{"@type":"WebPage","@id":"https:\/\/datarecovery.ping.fm\/sv\/best-android-cleaners\/","url":"https:\/\/datarecovery.ping.fm\/sv\/best-android-cleaners\/","name":"De b\u00e4sta gratis st\u00e4dningsapparna f\u00f6r Android-smartphones 2024. F\u00f6r- och nackdelar!","isPartOf":{"@id":"https:\/\/datarecovery.ping.fm\/sv\/#website"},"datePublished":"2024-01-22T21:14:41+00:00","dateModified":"2024-04-09T17:39:13+00:00","breadcrumb":{"@id":"https:\/\/datarecovery.ping.fm\/sv\/best-android-cleaners\/#breadcrumb"},"inLanguage":"sv-SE","potentialAction":[{"@type":"ReadAction","target":["https:\/\/datarecovery.ping.fm\/sv\/best-android-cleaners\/"]}]},{"@type":"BreadcrumbList","@id":"https:\/\/datarecovery.ping.fm\/sv\/best-android-cleaners\/#breadcrumb","itemListElement":[{"@type":"ListItem","position":1,"name":"Home","item":"https:\/\/datarecovery.ping.fm\/sv\/"},{"@type":"ListItem","position":2,"name":"Rekommenderad gratis st\u00e4dningsapp f\u00f6r Android-telefoner"}]},{"@type":"WebSite","@id":"https:\/\/datarecovery.ping.fm\/sv\/#website","url":"https:\/\/datarecovery.ping.fm\/sv\/","name":"\u00c5terst\u00e4llningsprogram f\u00f6r Data","description":"","potentialAction":[{"@type":"SearchAction","target":{"@type":"EntryPoint","urlTemplate":"https:\/\/datarecovery.ping.fm\/sv\/?s={search_term_string}"},"query-input":"required name=search_term_string"}],"inLanguage":"sv-SE"}]}},"_links":{"self":[{"href":"https:\/\/datarecovery.ping.fm\/sv\/wp-json\/wp\/v2\/pages\/39641"}],"collection":[{"href":"https:\/\/datarecovery.ping.fm\/sv\/wp-json\/wp\/v2\/pages"}],"about":[{"href":"https:\/\/datarecovery.ping.fm\/sv\/wp-json\/wp\/v2\/types\/page"}],"replies":[{"embeddable":true,"href":"https:\/\/datarecovery.ping.fm\/sv\/wp-json\/wp\/v2\/comments?post=39641"}],"version-history":[{"count":0,"href":"https:\/\/datarecovery.ping.fm\/sv\/wp-json\/wp\/v2\/pages\/39641\/revisions"}],"wp:featuredmedia":[{"embeddable":true,"href":"https:\/\/datarecovery.ping.fm\/sv\/wp-json\/wp\/v2\/media\/39642"}],"wp:attachment":[{"href":"https:\/\/datarecovery.ping.fm\/sv\/wp-json\/wp\/v2\/media?parent=39641"}],"curies":[{"name":"wp","href":"https:\/\/api.w.org\/{rel}","templated":true}]}}