{"id":39212,"date":"2024-01-23T07:50:14","date_gmt":"2024-01-23T07:50:14","guid":{"rendered":"https:\/\/www.ping.fm\/data-recovery-software\/retrieve-deleted-text-messages-iphone\/"},"modified":"2024-04-09T14:48:11","modified_gmt":"2024-04-09T14:48:11","slug":"retrieve-deleted-text-messages-iphone","status":"publish","type":"page","link":"https:\/\/datarecovery.ping.fm\/sv\/retrieve-deleted-text-messages-iphone\/","title":{"rendered":"Hur man \u00e5terst\u00e4ller raderade SMS-meddelanden p\u00e5 en iPhone-enhet"},"content":{"rendered":"<section>\n<h1>Hur du \u00e5terskapar raderade textmeddelanden fr\u00e5n en iPhone<\/h1>\n<div class=\"inbrief\">\n<div>              <img decoding=\"async\" class=\"lazyload\"  srcset=\"data:image\/png;base64,iVBORw0KGgoAAAANSUhEUgAABLAAAAKkAQMAAAAqeFQ7AAAAA3NCSVQICAjb4U\/gAAAABlBMVEX\/\/\/\/\/\/\/9VfPVsAAAAAnRSTlMA\/1uRIrUAAAAJcEhZcwAACxIAAAsSAdLdfvwAAAAcdEVYdFNvZnR3YXJlAEFkb2JlIEZpcmV3b3JrcyBDUzbovLKMAAAAFnRFWHRDcmVhdGlvbiBUaW1lADAxLzI5LzE536V52wAAAHpJREFUeJztwQENAAAAwqD3T20ON6AAAAAAAAAAAAAAAAAAAAAAAAAAAAAAAAAAAAAAAAAAAAAAAAAAAAAAAAAAAAAAAAAAAAAAAAAAAAAAAAAAAAAAAAAAAAAAAAAAAAAAAAAAAAAAAAAAAAAAAAAAAAAAAAAAAIAHA47LAAHp9LjEAAAAAElFTkSuQmCC\" src=\"https:\/\/www.ping.fm\/data-recovery-software\/wp-content\/uploads\/ai\/How-to-Retrieve-Deleted-Text-Messages-from-an-iPhone-Swedish.jpg\" data-srcset=\"https:\/\/www.ping.fm\/data-recovery-software\/wp-content\/uploads\/ai\/How-to-Retrieve-Deleted-Text-Messages-from-an-iPhone-Swedish.jpg\" data-lazy-type=\"image\" data-original=\"https:\/\/www.ping.fm\/data-recovery-software\/wp-content\/uploads\/ai\/How-to-Retrieve-Deleted-Text-Messages-from-an-iPhone-Swedish.jpg\" alt=\"Hur du \u00e5terskapar raderade textmeddelanden fr\u00e5n en iPhone\" title=\"Hur du \u00e5terskapar raderade textmeddelanden fr\u00e5n en iPhone\" width=\"1280\" height=\"720\">              <\/p>\n<p>Har du n\u00e5gonsin r\u00e5kat radera ett viktigt textmeddelande fr\u00e5n din iPhone och \u00f6nskat att du kunde f\u00e5 tillbaka det? Det \u00e4r en situation som kan orsaka en hel del stress, s\u00e4rskilt om meddelandet inneh\u00f6ll v\u00e4rdefull information. Lyckligtvis finns det flera metoder att prova f\u00f6r att <b>\u00e5terst\u00e4lla<\/b> de f\u00f6rlorade meddelandena. Oavsett om du anv\u00e4nder en iPhone 14, en \u00e4ldre modell, eller iOS senaste uppdatering, kan \u00e5terst\u00e4llning av raderade textmeddelanden vara en enkel process\u2014om du agerar snabbt och f\u00f6ljer r\u00e4tt steg. I den h\u00e4r artikeln kommer jag att dela med mig av min personliga erfarenhet och v\u00e4gleda dig genom olika metoder f\u00f6r att <b>\u00e5terst\u00e4lla raderade textmeddelanden<\/b> fr\u00e5n en iPhone och hj\u00e4lpa dig att vara f\u00f6rberedd f\u00f6r en s\u00e5dan h\u00e4ndelse.<\/p>\n<\/div>\n<\/div>\n<\/section>\n<section>\n<div>\n<div>1<\/div>\n<h2>Vanliga Scenarion:<\/h2>\n<\/div>\n<h3>Oavsiktlig Svepning &#128561;<\/h3>\n<ul>\n<li><b>Tryck-och-h\u00e5ll<\/b> gick fel: Ibland kan ett felplacerat tryck leda till oavsiktlig radering n\u00e4r man f\u00f6rs\u00f6ker kopiera eller vidarebefordra ett meddelande.<\/li>\n<li>\u00d6verdriven <b>rensning<\/b>: I str\u00e4van efter att rensa upp, kan du ha raderat konversationer som inneh\u00f6ll meddelanden du inte menade att f\u00f6rlora.<\/li>\n<li>Barn p\u00e5 din telefon: Om du n\u00e5gon g\u00e5ng gett din telefon till ett barn f\u00f6r underh\u00e5llning, har du troligtvis upplevt \u00f6verraskningen av f\u00f6rsvunna appar eller, i det h\u00e4r fallet, <b>raderade textmeddelanden<\/b>.<\/li>\n<\/ul>\n<h3>Uppdaterings\u00f6verfl\u00f6d &#128260;<\/h3>\n<ul>\n<li>Programvarubuggar: Efter uppdatering rapporterar vissa anv\u00e4ndare om saknad data, inklusive <b>textmeddelanden<\/b>, p\u00e5 grund av m\u00f6jliga system<b>fel<\/b>.<\/li>\n<li>iOS <b>uppdateringsfel<\/b>: Ibland g\u00e5r inte en uppdatering som planerat, vilket resulterar i f\u00f6rlorad data under processen.<\/li>\n<li>Misstag vid <b>\u00e5terst\u00e4llning<\/b>: Att \u00e5terst\u00e4lla din iPhone fr\u00e5n en gammal s\u00e4kerhetskopia kan resultera i att aktuella meddelanden skrivs \u00f6ver av \u00e4ldre s\u00e5dana.<\/li>\n<\/ul>\n<h3>Tekniska Problem &#128736;<\/h3>\n<ul>\n<li>iPhone-funktionssvikt: Pl\u00f6tsliga krascher eller h\u00e5rdvaruproblem kan leda till ov\u00e4ntad dataf\u00f6rlust, inklusive dina <b>meddelanden<\/b>.<\/li>\n<li>Misslyckade jailbreak-f\u00f6rs\u00f6k: Medan jailbreaking kan erbjuda mer kontroll \u00f6ver din enhet, inneb\u00e4r det en risk f\u00f6r dataf\u00f6rlust om det g\u00f6rs fel.<\/li>\n<li>Vattenskada: iPhones \u00e4r k\u00e4nda f\u00f6r sitt motst\u00e5nd mot vatten, men olyckor h\u00e4nder, och v\u00e4tskeskador kan vara en orsak till <b>f\u00f6rlorade textmeddelanden<\/b>.<\/li>\n<\/ul>\n<\/section>\n<section class=\"stepByStep\">\n<div>\n<div>2<\/div>\n<h2>Steg-f\u00f6r-steg-guide. \u00c5terskapa raderade textmeddelanden iPhone:<\/h2>\n<\/div>\n<h3>Metod 1: iCloud-\u00e5terst\u00e4llning &#128242;<\/h3>\n<ul>\n<li>P\u00e5 din iPhone, g\u00e5 till <strong><i>Inst\u00e4llningar<\/i><\/strong> > tryck p\u00e5 din <b>Apple ID-banner<\/b> h\u00f6gst upp > v\u00e4lj <i><b>iCloud<\/b><\/i> > Hantera lagring > <b>S\u00e4kerhetskopior<\/b>.<\/li>\n<li>Kontrollera om det finns en s\u00e4kerhetskopia som \u00e4r \u00e4ldre \u00e4n raderingen av dina textmeddelanden.<\/li>\n<li>Om en l\u00e4mplig s\u00e4kerhetskopia \u00e4r tillg\u00e4nglig, g\u00e5 tillbaka till huvudinst\u00e4llningar, tryck <i><b>Allm\u00e4nt<\/b><\/i> > scrolla ner och v\u00e4lj <b>Nollst\u00e4ll<\/b> > v\u00e4lj d\u00e4refter <i><b>Radera allt inneh\u00e5ll och inst\u00e4llningar<\/b><\/i> f\u00f6r att fabriks\u00e5terst\u00e4lla din iPhone.<\/li>\n<li>Du m\u00e5ste st\u00e4lla in din iPhone igen som om den vore ny. N\u00e4r du kommer till <b>Appar &#038; Data<\/b>-sk\u00e4rmen, v\u00e4lj <i><b>\u00c5terst\u00e4ll fr\u00e5n iCloud Backup<\/b><\/i>, logga in p\u00e5 iCloud och v\u00e4lj s\u00e4kerhetskopian som inneh\u00e5ller dina <b>raderade meddelanden<\/b>.<\/li>\n<\/ul>\n<p><b>Obs:<\/b> Denna process kommer att skriva \u00f6ver de data som f\u00f6r n\u00e4rvarande finns p\u00e5 din enhet med data fr\u00e5n s\u00e4kerhetskopian. Se till att du har s\u00e4kerhetskopierat alla nya data som du vill beh\u00e5lla innan du forts\u00e4tter.<\/p>\n<p><b>Slutsats:<\/b> Om s\u00e4kerhetskopian inneh\u00e5ller de textmeddelanden du letar efter, borde de nu vara \u00e5terst\u00e4llda p\u00e5 din iPhone.<\/p>\n<h3>Metod 2: iTunes\/Finder-\u00e5terst\u00e4llning &#128187;<\/h3>\n<ul>\n<li>Anslut din iPhone till din dator och \u00f6ppna <i><b>iTunes<\/b><\/i> (p\u00e5 Windows eller \u00e4ldre macOS-versioner) eller <i><b>Finder<\/b><\/i> (p\u00e5 macOS Catalina eller senare).<\/li>\n<li>V\u00e4lj din iPhone n\u00e4r den visas i iTunes eller Finder.<\/li>\n<li>Klicka p\u00e5 <i>\u00c5terst\u00e4ll s\u00e4kerhetskopia<\/i> och v\u00e4lj den mest relevanta s\u00e4kerhetskopian baserat p\u00e5 datum och storlek.<\/li>\n<li>Klicka <b>\u00c5terst\u00e4ll<\/b> och v\u00e4nta p\u00e5 att processen slutf\u00f6rs innan du kopplar ifr\u00e5n din telefon.<\/li>\n<\/ul>\n<p><b>Obs:<\/b> Att \u00e5terst\u00e4lla fr\u00e5n iTunes eller Finder kommer att skriva \u00f6ver befintliga data p\u00e5 din iPhone, s\u00e5 se till att s\u00e4kerhetskopiera eventuella nya data som du beh\u00f6ver beh\u00e5lla.<\/p>\n<p><b>Slutsats:<\/b> Denna metod \u00e5terskapar hela inneh\u00e5llet i den valda s\u00e4kerhetskopian, inklusive <b>raderade textmeddelanden<\/b>, om de var en del av s\u00e4kerhetskopian.<\/p>\n<h3>Metod 3: Anv\u00e4nda tredjepartsprogram &#128190;<\/h3>\n<ul>\n<li>Ladda ner och installera en ansedd tredjepartsprogramvara som <i><b>PhoneRescue<\/b><\/i> eller <i><b>Disk Drill<\/b><\/i>.<\/li>\n<li>Anslut din iPhone till din dator och starta programvaran.<\/li>\n<li>V\u00e4lj alternativet att <b>\u00c5terst\u00e4lla fr\u00e5n iOS-enhet<\/b> och l\u00e5t programvaran skanna din iPhone.<\/li>\n<li>Efter att skanningen \u00e4r klar, granska den \u00e5terst\u00e4llda datan f\u00f6r dina <b>raderade textmeddelanden<\/b> och v\u00e4lj dem f\u00f6r \u00e5terst\u00e4llning.<\/li>\n<li>V\u00e4lj att \u00e5terskapa meddelandena till din iPhone eller till din dator, beroende p\u00e5 programmets alternativ.<\/li>\n<\/ul>\n<p><b>Obs:<\/b> Tredjeparts\u00e5terst\u00e4llningsverktyg kanske inte alltid lyckas, s\u00e4rskilt om datan har skrivits \u00f6ver. De kan ocks\u00e5 vara kostsamma.<\/p>\n<p><b>Slutsats:<\/b> Att anv\u00e4nda tredjeparts\u00e5terst\u00e4llningsprogramvara erbjuder en potentiell l\u00f6sning som inte kr\u00e4ver en tidigare s\u00e4kerhetskopia, men det finns ingen garanti f\u00f6r framg\u00e5ng.<\/p>\n<h3>Metod 4: Kontakta din operat\u00f6r &#128222;<\/h3>\n<ul>\n<li>Kontakta din mobiloperat\u00f6r f\u00f6r att fr\u00e5ga om de lagrar en kopia av dina textmeddelanden.<\/li>\n<li>Om tillg\u00e4ngligt, f\u00f6lj deras process f\u00f6r att beg\u00e4ra tillg\u00e5ng. Detta kan inneb\u00e4ra att logga in p\u00e5 ditt <i><b>onlinekonto<\/b><\/i> eller att skicka in en formell beg\u00e4ran.<\/li>\n<\/ul>\n<p><b>Obs:<\/b> De flesta operat\u00f6rer beh\u00e5ller inte inneh\u00e5llet i textmeddelanden och lagrar vanligtvis metadata s\u00e5som datum, tid och mottagarnummer.<\/p>\n<p><b>Slutsats:<\/b> \u00c4ven om det \u00e4r en l\u00e5ngs\u00f6kt chans, kan det att kontrollera med din operat\u00f6r ge ett s\u00e4tt att \u00e5terst\u00e4lla dina <b>raderade meddelanden<\/b>, s\u00e4rskilt om de g\u00e4ller juridiska eller aff\u00e4rsm\u00e4ssiga \u00e4renden.<\/p>\n<h3>Metod 5: Kontrollera andra enheter &#128421;<\/h3>\n<ul>\n<li>Om du har andra Apple-enheter inloggade med samma <i><b>iCloud-konto<\/b><\/i>, \u00f6ppna Messages-appen p\u00e5 dessa enheter f\u00f6r att se om de <b>raderade meddelandena<\/b> fortfarande finns d\u00e4r.<\/li>\n<li>Om de hittas kan du skicka texten via e-post eller ta sk\u00e4rmbilder som ett s\u00e4tt att <b>bevara<\/b> informationen.<\/li>\n<\/ul>\n<p><b>Obs:<\/b> Denna metod fungerar bara om meddelandena inte har raderats fr\u00e5n de andra enheterna och att dina meddelanden \u00e4r inst\u00e4llda p\u00e5 att synkroniseras \u00f6ver dina enheter.<\/p>\n<p><b>Slutsats:<\/b> Denna problemfria metod kan r\u00e4dda dina raderade meddelanden om de fortfarande finns p\u00e5 andra enheter i Apple-ekosystemet.<\/p>\n<\/section>\n<section>\n<div>\n<div>3<\/div>\n<h2>Youtube-video att titta p\u00e5<\/h2>\n<\/div>\n<div class=\"iframe\"><span class=\"lazyload\" data-original_content=\"PGlmcmFtZSB3aWR0aD0iNDIwIiBoZWlnaHQ9IjMxNSIgc3JjPSIvL3d3dy55b3V0dWJlLmNvbS9lbWJlZC84WF80bHdPMUZjMCIgZnJhbWVib3JkZXI9IjAiIGFsbG93ZnVsbHNjcmVlbj48L2lmcmFtZT4=\"><\/span><\/div>\n<\/section>\n<section>\n<div>\n<div>4<\/div>\n<h2>F\u00f6rsiktighets\u00e5tg\u00e4rder och tips:<\/h2>\n<\/div>\n<h3>Skydda dina data &#128737;<\/h3>\n<ul>\n<li>Backupa regelbundet din iPhone till <b>iCloud<\/b> eller din dator f\u00f6r att bevara dina meddelanden och andra data.<\/li>\n<li>Aktivera synkroniseringsfunktionen f\u00f6r <b>iMessage<\/b> \u00f6ver dina Apple-enheter f\u00f6r att h\u00e5lla alla meddelanden uppdaterade och tillg\u00e4ngliga fr\u00e5n flera enheter.<\/li>\n<li>\u00d6versyn dina meddelandevanor och spara eller arkivera regelbundet viktig information utanf\u00f6r dina textmeddelanden.<\/li>\n<\/ul>\n<h3>Cybers\u00e4kerhets\u00e5tg\u00e4rder &#128274;<\/h3>\n<ul>\n<li>Var f\u00f6rsiktig n\u00e4r du anv\u00e4nder tredjepartsverktyg f\u00f6r \u00e5terskapande. V\u00e4lj alltid mjukvara med gott rykte och l\u00e4s recensioner fr\u00e5n andra anv\u00e4ndare.<\/li>\n<li>\u00d6verv\u00e4g att anv\u00e4nda meddelandeappar med kryptering fr\u00e5n \u00e4nde till \u00e4nde f\u00f6r k\u00e4nslig kommunikation f\u00f6r att s\u00e4kerst\u00e4lla b\u00e4ttre s\u00e4kerhet och integritet.<\/li>\n<li>Uppdatera regelbundet operativsystemet p\u00e5 din iPhone f\u00f6r att skydda mot s\u00e5rbarheter som kan leda till dataf\u00f6rlust.<\/li>\n<\/ul>\n<\/section>\n<section>\n<div>\n<div>5<\/div>\n<h2>\u00c5terst\u00e4lla meddelanden<\/h2>\n<\/div>\n<p>I den digitala \u00e5ldern inneh\u00e5ller ofta v\u00e5ra textmeddelanden en skattkista av v\u00e4sentlig kommunikation, personliga minnen och ibland kritiskt bevis f\u00f6r juridiska fr\u00e5gor. Att f\u00f6rlora dessa meddelanden kan vara oroande, men allt hopp \u00e4r inte f\u00f6rlorat. F\u00f6rutom de tidigare n\u00e4mnda metoderna \u00e4r det anv\u00e4ndbart att komma ih\u00e5g andra \u00e5tg\u00e4rder och verktyg som kan hj\u00e4lpa till med datar\u00e5terst\u00e4llning. Till exempel, kontrollera ifall det finns n\u00e5gra existerande <b>meddelandetr\u00e5dar<\/b> i e-postkonton dit du kanske har vidarebefordrat viktiga texter eller anv\u00e4nda dig av molnlagringstj\u00e4nster som <i><b>Dropbox<\/b><\/i> eller <i><b>Google Drive<\/b><\/i>, d\u00e4r du kan ha sparat s\u00e4kerhetskopior av dina data.<\/p>\n<p>Du kan undra \u00f6ver chanserna att framg\u00e5ngsrikt \u00e5terst\u00e4lla raderade textmeddelanden. Chanserna \u00e4r b\u00e4st om raderingen skedde nyligen och du inte har anv\u00e4nt din iPhone flitigt sedan dess. Detta beror p\u00e5 att ny data st\u00e4ndigt skrivs \u00f6ver den gamla, vilket potentiellt kan g\u00f6ra de raderade meddelandena o\u00e5terkalleliga. Nyckeln \u00e4r att agera snabbt n\u00e4r du m\u00e4rker att ett meddelande saknas.<\/p>\n<p>Kom ih\u00e5g att vara proaktiv med din data.<\/p>\n<\/section>\n<section>\n<h2>Slutsats:<\/h2>\n<div class=\"nonp\">\n<p>Sammanfattningsvis inneb\u00e4r det att radera textmeddelanden fr\u00e5n din iPhone av misstag inte att de \u00e4r borta f\u00f6r alltid. Genom att f\u00f6lja r\u00e4tt procedurer och anv\u00e4nda de metoder som beskrivits ovan kan du ofta <b>\u00e5terst\u00e4lla textmeddelanden<\/b> som du trodde var f\u00f6rlorade. Dock \u00e4r det viktigaste steget mot data\u00e5terst\u00e4llning att vara f\u00f6rberedd: regelbundet s\u00e4kerhetskopiera din iPhone och f\u00f6rst\u00e5 \u00e5terst\u00e4llningsprocesserna innan du beh\u00f6ver anv\u00e4nda dem. Och kom ih\u00e5g, n\u00e4r du \u00e4r os\u00e4ker, konsultera med en professionell eller utforska vad din mobiloperat\u00f6r kan erbjuda. F\u00f6rlorade meddelanden kan bara vara en tillf\u00e4llig st\u00f6rning i ditt digitala liv, inte ett slutgiltigt stopp.<\/p>\n<\/div>\n<\/section>\n","protected":false},"excerpt":{"rendered":"<p>Hur du \u00e5terskapar raderade textmeddelanden fr\u00e5n en iPhone Har du n\u00e5gonsin r\u00e5kat radera ett viktigt textmeddelande fr\u00e5n din iPhone och \u00f6nskat att du kunde f\u00e5 tillbaka det? Det \u00e4r en situation som kan orsaka en hel del stress, s\u00e4rskilt om meddelandet inneh\u00f6ll v\u00e4rdefull information. Lyckligtvis finns det flera metoder att prova f\u00f6r att \u00e5terst\u00e4lla de [&hellip;]<\/p>\n","protected":false},"author":0,"featured_media":39213,"parent":0,"menu_order":0,"comment_status":"closed","ping_status":"closed","template":"chromecast.php","meta":{"_stopmodifiedupdate":false,"_modified_date":"","_lmt_disableupdate":"","_lmt_disable":""},"acf":[],"yoast_head":"<!-- This site is optimized with the Yoast SEO plugin v20.9 - https:\/\/yoast.com\/wordpress\/plugins\/seo\/ -->\n<title>Hur man \u00e5terst\u00e4ller raderade textmeddelanden p\u00e5 en iPhone [Guide]<\/title>\n<meta name=\"robots\" content=\"index, follow, max-snippet:-1, max-image-preview:large, max-video-preview:-1\" \/>\n<link rel=\"canonical\" href=\"https:\/\/datarecovery.ping.fm\/sv\/retrieve-deleted-text-messages-iphone\/\" \/>\n<meta property=\"og:locale\" content=\"sv_SE\" \/>\n<meta property=\"og:type\" content=\"article\" \/>\n<meta property=\"og:title\" content=\"Hur man \u00e5terst\u00e4ller raderade textmeddelanden p\u00e5 en iPhone [Guide]\" \/>\n<meta property=\"og:description\" content=\"Hur du \u00e5terskapar raderade textmeddelanden fr\u00e5n en iPhone Har du n\u00e5gonsin r\u00e5kat radera ett viktigt textmeddelande fr\u00e5n din iPhone och \u00f6nskat att du kunde f\u00e5 tillbaka det? Det \u00e4r en situation som kan orsaka en hel del stress, s\u00e4rskilt om meddelandet inneh\u00f6ll v\u00e4rdefull information. Lyckligtvis finns det flera metoder att prova f\u00f6r att \u00e5terst\u00e4lla de [&hellip;]\" \/>\n<meta property=\"og:url\" content=\"https:\/\/datarecovery.ping.fm\/sv\/retrieve-deleted-text-messages-iphone\/\" \/>\n<meta property=\"og:site_name\" content=\"\u00c5terst\u00e4llningsprogram f\u00f6r Data\" \/>\n<meta property=\"article:modified_time\" content=\"2024-04-09T14:48:11+00:00\" \/>\n<meta property=\"og:image\" content=\"https:\/\/datarecovery.ping.fm\/wp-content\/uploads\/2024\/04\/How-to-Retrieve-Deleted-Text-Messages-from-an-iPhone-Swedish.jpg\" \/>\n\t<meta property=\"og:image:width\" content=\"1280\" \/>\n\t<meta property=\"og:image:height\" content=\"731\" \/>\n\t<meta property=\"og:image:type\" content=\"image\/jpeg\" \/>\n<meta name=\"twitter:card\" content=\"summary_large_image\" \/>\n<meta name=\"twitter:label1\" content=\"Est. reading time\" \/>\n\t<meta name=\"twitter:data1\" content=\"8 minuter\" \/>\n<script type=\"application\/ld+json\" class=\"yoast-schema-graph\">{\"@context\":\"https:\/\/schema.org\",\"@graph\":[{\"@type\":\"WebPage\",\"@id\":\"https:\/\/datarecovery.ping.fm\/sv\/retrieve-deleted-text-messages-iphone\/\",\"url\":\"https:\/\/datarecovery.ping.fm\/sv\/retrieve-deleted-text-messages-iphone\/\",\"name\":\"Hur man \u00e5terst\u00e4ller raderade textmeddelanden p\u00e5 en iPhone [Guide]\",\"isPartOf\":{\"@id\":\"https:\/\/datarecovery.ping.fm\/sv\/#website\"},\"datePublished\":\"2024-01-23T07:50:14+00:00\",\"dateModified\":\"2024-04-09T14:48:11+00:00\",\"breadcrumb\":{\"@id\":\"https:\/\/datarecovery.ping.fm\/sv\/retrieve-deleted-text-messages-iphone\/#breadcrumb\"},\"inLanguage\":\"sv-SE\",\"potentialAction\":[{\"@type\":\"ReadAction\",\"target\":[\"https:\/\/datarecovery.ping.fm\/sv\/retrieve-deleted-text-messages-iphone\/\"]}]},{\"@type\":\"BreadcrumbList\",\"@id\":\"https:\/\/datarecovery.ping.fm\/sv\/retrieve-deleted-text-messages-iphone\/#breadcrumb\",\"itemListElement\":[{\"@type\":\"ListItem\",\"position\":1,\"name\":\"Home\",\"item\":\"https:\/\/datarecovery.ping.fm\/sv\/\"},{\"@type\":\"ListItem\",\"position\":2,\"name\":\"Hur man \u00e5terst\u00e4ller raderade SMS-meddelanden p\u00e5 en iPhone-enhet\"}]},{\"@type\":\"WebSite\",\"@id\":\"https:\/\/datarecovery.ping.fm\/sv\/#website\",\"url\":\"https:\/\/datarecovery.ping.fm\/sv\/\",\"name\":\"\u00c5terst\u00e4llningsprogram f\u00f6r Data\",\"description\":\"\",\"potentialAction\":[{\"@type\":\"SearchAction\",\"target\":{\"@type\":\"EntryPoint\",\"urlTemplate\":\"https:\/\/datarecovery.ping.fm\/sv\/?s={search_term_string}\"},\"query-input\":\"required name=search_term_string\"}],\"inLanguage\":\"sv-SE\"}]}<\/script>\n<!-- \/ Yoast SEO plugin. -->","yoast_head_json":{"title":"Hur man \u00e5terst\u00e4ller raderade textmeddelanden p\u00e5 en iPhone [Guide]","robots":{"index":"index","follow":"follow","max-snippet":"max-snippet:-1","max-image-preview":"max-image-preview:large","max-video-preview":"max-video-preview:-1"},"canonical":"https:\/\/datarecovery.ping.fm\/sv\/retrieve-deleted-text-messages-iphone\/","og_locale":"sv_SE","og_type":"article","og_title":"Hur man \u00e5terst\u00e4ller raderade textmeddelanden p\u00e5 en iPhone [Guide]","og_description":"Hur du \u00e5terskapar raderade textmeddelanden fr\u00e5n en iPhone Har du n\u00e5gonsin r\u00e5kat radera ett viktigt textmeddelande fr\u00e5n din iPhone och \u00f6nskat att du kunde f\u00e5 tillbaka det? Det \u00e4r en situation som kan orsaka en hel del stress, s\u00e4rskilt om meddelandet inneh\u00f6ll v\u00e4rdefull information. Lyckligtvis finns det flera metoder att prova f\u00f6r att \u00e5terst\u00e4lla de [&hellip;]","og_url":"https:\/\/datarecovery.ping.fm\/sv\/retrieve-deleted-text-messages-iphone\/","og_site_name":"\u00c5terst\u00e4llningsprogram f\u00f6r Data","article_modified_time":"2024-04-09T14:48:11+00:00","og_image":[{"width":1280,"height":731,"url":"https:\/\/datarecovery.ping.fm\/wp-content\/uploads\/2024\/04\/How-to-Retrieve-Deleted-Text-Messages-from-an-iPhone-Swedish.jpg","type":"image\/jpeg"}],"twitter_card":"summary_large_image","twitter_misc":{"Est. reading time":"8 minuter"},"schema":{"@context":"https:\/\/schema.org","@graph":[{"@type":"WebPage","@id":"https:\/\/datarecovery.ping.fm\/sv\/retrieve-deleted-text-messages-iphone\/","url":"https:\/\/datarecovery.ping.fm\/sv\/retrieve-deleted-text-messages-iphone\/","name":"Hur man \u00e5terst\u00e4ller raderade textmeddelanden p\u00e5 en iPhone [Guide]","isPartOf":{"@id":"https:\/\/datarecovery.ping.fm\/sv\/#website"},"datePublished":"2024-01-23T07:50:14+00:00","dateModified":"2024-04-09T14:48:11+00:00","breadcrumb":{"@id":"https:\/\/datarecovery.ping.fm\/sv\/retrieve-deleted-text-messages-iphone\/#breadcrumb"},"inLanguage":"sv-SE","potentialAction":[{"@type":"ReadAction","target":["https:\/\/datarecovery.ping.fm\/sv\/retrieve-deleted-text-messages-iphone\/"]}]},{"@type":"BreadcrumbList","@id":"https:\/\/datarecovery.ping.fm\/sv\/retrieve-deleted-text-messages-iphone\/#breadcrumb","itemListElement":[{"@type":"ListItem","position":1,"name":"Home","item":"https:\/\/datarecovery.ping.fm\/sv\/"},{"@type":"ListItem","position":2,"name":"Hur man \u00e5terst\u00e4ller raderade SMS-meddelanden p\u00e5 en iPhone-enhet"}]},{"@type":"WebSite","@id":"https:\/\/datarecovery.ping.fm\/sv\/#website","url":"https:\/\/datarecovery.ping.fm\/sv\/","name":"\u00c5terst\u00e4llningsprogram f\u00f6r Data","description":"","potentialAction":[{"@type":"SearchAction","target":{"@type":"EntryPoint","urlTemplate":"https:\/\/datarecovery.ping.fm\/sv\/?s={search_term_string}"},"query-input":"required name=search_term_string"}],"inLanguage":"sv-SE"}]}},"_links":{"self":[{"href":"https:\/\/datarecovery.ping.fm\/sv\/wp-json\/wp\/v2\/pages\/39212"}],"collection":[{"href":"https:\/\/datarecovery.ping.fm\/sv\/wp-json\/wp\/v2\/pages"}],"about":[{"href":"https:\/\/datarecovery.ping.fm\/sv\/wp-json\/wp\/v2\/types\/page"}],"replies":[{"embeddable":true,"href":"https:\/\/datarecovery.ping.fm\/sv\/wp-json\/wp\/v2\/comments?post=39212"}],"version-history":[{"count":0,"href":"https:\/\/datarecovery.ping.fm\/sv\/wp-json\/wp\/v2\/pages\/39212\/revisions"}],"wp:featuredmedia":[{"embeddable":true,"href":"https:\/\/datarecovery.ping.fm\/sv\/wp-json\/wp\/v2\/media\/39213"}],"wp:attachment":[{"href":"https:\/\/datarecovery.ping.fm\/sv\/wp-json\/wp\/v2\/media?parent=39212"}],"curies":[{"name":"wp","href":"https:\/\/api.w.org\/{rel}","templated":true}]}}