{"id":37418,"date":"2024-01-22T21:44:04","date_gmt":"2024-01-22T21:44:04","guid":{"rendered":"https:\/\/www.ping.fm\/data-recovery-software\/best-iphone-cleaners\/"},"modified":"2024-03-27T19:39:10","modified_gmt":"2024-03-27T19:39:10","slug":"best-iphone-cleaners","status":"publish","type":"page","link":"https:\/\/datarecovery.ping.fm\/sv\/best-iphone-cleaners\/","title":{"rendered":"De b\u00e4sta st\u00e4duppapparna f\u00f6r iPhone"},"content":{"rendered":"<section>\n<h1>B\u00e4sta rensningsappar f\u00f6r iPhone<\/h1>\n<div class=\"inbrief\">\n<div>                     <img src=\"https:\/\/www.ping.fm\/data-recovery-software\/wp-content\/uploads\/ai\/FREE-iPhone-Cleaner-Apps-Swedish.jpg\" alt=\"GRATIS iPhone-reng\u00f6ringsappar\" title=\"GRATIS iPhone-reng\u00f6ringsappar\" width=\"1280\" height=\"720\">                     <\/p>\n<p>Som h\u00e4ngiven iPhone-anv\u00e4ndare \u00e4r det avg\u00f6rande att min enhet har gott om lagringsutrymme och fungerar effektivt. F\u00f6r att g\u00f6ra detta till verklighet har jag personligen utforskat olika <b>gratis rensningsappar f\u00f6r iPhone<\/b> som p\u00e5st\u00e5r sig kunna st\u00e4da upp min enhet och f\u00f6rb\u00e4ttra dess prestanda. I denna str\u00e4van har jag testat en upps\u00e4ttning verktyg inklusive <a href='https:\/\/apps.apple.com\/us\/app\/cleaner-kit-clean-up-storage\/id1194582243' rel=\"nofollow noopener\" target='_blank'>Cleaner Kit<\/a>, <a href='https:\/\/apps.apple.com\/us\/app\/cleaner-guru-cleaning-app\/id1476380919' rel=\"nofollow noopener\" target='_blank'>Cleaner Guru<\/a>, <a href='https:\/\/apps.apple.com\/us\/app\/cleanup-phone-storage-cleaner\/id1510944943' rel=\"nofollow noopener\" target='_blank'>Cleanup: Phone Storage Cleaner<\/a>, och <a href='https:\/\/apps.apple.com\/ie\/app\/cleanmy-phone-careful-cleaner\/id1277110040' rel=\"nofollow noopener\" target='_blank'>CleanMy<\/a>. F\u00f6lj med mig n\u00e4r jag delar personliga insikter om varje apps prestanda, f\u00f6r- och nackdelar, samtidigt som jag undviker marknadsf\u00f6ringsspr\u00e5k.<\/p>\n<\/div>\n<\/div>\n<\/section>\n<section>\n<div class=\"medal\">\n<div>&#129351;<\/div>\n<\/div>\n<h2><a href='https:\/\/apps.apple.com\/us\/app\/cleaner-kit-clean-up-storage\/id1194582243' rel=\"nofollow noopener\" target='_blank'>Cleaner Kit: Rensa Upp Lagring<\/a><\/h2>\n<p><img src=\"https:\/\/www.ping.fm\/data-recovery-software\/wp-content\/uploads\/ai\/https---apps-apple-com-us-app-cleaner-kit-clean-up-storage-id1194582243Swedish.jpg\"><\/p>\n<p><b>Cleaner Kit<\/b> lovar en omfattande reng\u00f6ring av din iPhones lagringsutrymme. Med sitt anv\u00e4ndarv\u00e4nliga gr\u00e4nssnitt syftar den till att f\u00f6renkla processen att radera \u00f6verfl\u00f6diga filer och rensa cachar,<\/p>\n<p><a href='https:\/\/apps.apple.com\/us\/app\/cleaner-kit-clean-up-storage\/id1194582243' rel=\"nofollow noopener\" target='_blank' class='ofWSite'>Officiell hemsida<\/a><\/p>\n<h3 class='prosTitle'>F\u00f6rdelar<\/h3>\n<ul class='listpc pros'>\n<li>Intuitivt anv\u00e4ndargr\u00e4nssnitt<\/li>\n<li>Effektiv borttagning av skr\u00e4pfiler<\/li>\n<\/ul>\n<h3 class='consTitle'>Nackdelar<\/h3>\n<ul class='listpc cons'>\n<li>Begr\u00e4nsad funktionalitet i gratisversionen<\/li>\n<li>Risk att radera viktiga data om man inte \u00e4r f\u00f6rsiktig<\/li>\n<\/ul>\n<\/section>\n<section>\n<div class=\"medal\">\n<div>&#129352;<\/div>\n<\/div>\n<h2><a href='https:\/\/apps.apple.com\/us\/app\/cleaner-guru-cleaning-app\/id1476380919' rel=\"nofollow noopener\" target='_blank'>Cleaner Guru: St\u00e4dningsapp<\/a><\/h2>\n<p><img src=\"https:\/\/www.ping.fm\/data-recovery-software\/wp-content\/uploads\/ai\/https---apps-apple-com-us-app-cleaner-guru-cleaning-app-id1476380919Swedish.jpg\"><\/p>\n<p><b>Cleaner Guru<\/b> positionerar sig som en smart l\u00f6sning f\u00f6r att st\u00e4da upp din iPhone. Den erbjuder en blandning av reng\u00f6ringsfunktioner, s\u00e5som att identifiera dubbletter av foton och sortera stora filer.<\/p>\n<p><a href='https:\/\/apps.apple.com\/us\/app\/cleaner-guru-cleaning-app\/id1476380919' rel=\"nofollow noopener\" target='_blank' class='ofWSite'>Officiell hemsida<\/a><\/p>\n<h3 class='prosTitle'>F\u00f6rdelar<\/h3>\n<ul class='listpc pros'>\n<li>Uppt\u00e4ckt av dubblerade och stora filer<\/li>\n<li>Enkel kategorisering av filer<\/li>\n<\/ul>\n<h3 class='consTitle'>Nackdelar<\/h3>\n<ul class='listpc cons'>\n<li>Kan ibland uppt\u00e4cka icke-dubbletter som dubbletter<\/li>\n<li>Annonser i gratisversionen kan vara p\u00e5tr\u00e4ngande<\/li>\n<\/ul>\n<\/section>\n<section>\n<div class=\"medal\">\n<div>&#129353;<\/div>\n<\/div>\n<h2><a href='https:\/\/apps.apple.com\/us\/app\/cleanup-phone-storage-cleaner\/id1510944943' rel=\"nofollow noopener\" target='_blank'>Cleanup: Phone Storage Cleaner<\/a><\/h2>\n<p><img src=\"https:\/\/www.ping.fm\/data-recovery-software\/wp-content\/uploads\/ai\/https---apps-apple-com-us-app-cleanup-phone-storage-cleaner-id1510944943Swedish.jpg\"><\/p>\n<p>Med fokus p\u00e5 enkelhet och effektivitet fungerar <b>Cleanup: Phone Storage Cleaner<\/b> som ett verktyg f\u00f6r att snabbt eliminera on\u00f6diga data, inklusive tillf\u00e4lliga filer, samt organiserar ditt fotobibliotek genom att ta bort \u00f6verfl\u00f6diga bilder.<\/p>\n<p><a href='https:\/\/apps.apple.com\/us\/app\/cleanup-phone-storage-cleaner\/id1510944943' rel=\"nofollow noopener\" target='_blank' class='ofWSite'>Officiell webbplats<\/a><\/p>\n<h3 class='prosTitle'>F\u00f6rdelar<\/h3>\n<ul class='listpc pros'>\n<li>Effektiv reng\u00f6ring av foton<\/li>\n<li>Anv\u00e4ndarcentrerat gr\u00e4nssnitt<\/li>\n<\/ul>\n<h3 class='consTitle'>Nackdelar<\/h3>\n<ul class='listpc cons'>\n<li>Grundl\u00e4ggande funktioner i den fria versionen<\/li>\n<li>Automatisk reng\u00f6ring kan ta bort \u00f6nskade filer<\/li>\n<\/ul>\n<\/section>\n<section>\n<div class=\"no-medal\">\n<div>4<\/div>\n<\/div>\n<h2><a href='https:\/\/apps.apple.com\/ie\/app\/cleanmy-phone-careful-cleaner\/id1277110040' rel=\"nofollow noopener\" target='_blank'>CleanMy: Careful Cleaner<\/a><\/h2>\n<p><img src=\"https:\/\/www.ping.fm\/data-recovery-software\/wp-content\/uploads\/ai\/https---apps-apple-com-ie-app-cleanmy-phone-careful-cleaner-id1277110040Swedish.jpg\"><\/p>\n<p><b>CleanMy<\/b>-appen \u00e4r en detaljinriktad reng\u00f6rare som g\u00e5r l\u00e4ngre \u00e4n generiska reng\u00f6ringsuppgifter. Den erbjuder noggrann skanning av din enhet f\u00f6r att s\u00e4kerst\u00e4lla att inget on\u00f6digt tar upp v\u00e4rdefullt lagringsutrymme.<\/p>\n<p><a href='https:\/\/apps.apple.com\/ie\/app\/cleanmy-phone-careful-cleaner\/id1277110040' rel=\"nofollow noopener\" target='_blank' class='ofWSite'>Officiell webbplats<\/a><\/p>\n<h3 class='prosTitle'>F\u00f6rdelar<\/h3>\n<ul class='listpc pros'>\n<li>Detaljerad skanning och reng\u00f6ring<\/li>\n<li>Hj\u00e4lpsam kundsupport<\/li>\n<\/ul>\n<h3 class='consTitle'>Nackdelar<\/h3>\n<ul class='listpc cons'>\n<li>Gr\u00e4nssnittet kan vara \u00f6verv\u00e4ldigande f\u00f6r nya anv\u00e4ndare<\/li>\n<li>Provtidsbegr\u00e4nsningar kan f\u00f6rhindra fullst\u00e4ndig utv\u00e4rdering<\/li>\n<\/ul>\n<\/section>\n<section>\n<h2>Youtube-video att titta p\u00e5<\/h2>\n<div class=\"nonp iframe\"><iframe width=\"420\" height=\"315\" src=\"\/\/www.youtube.com\/embed\/iLmIRZypAIs\" frameborder=\"0\" allowfullscreen><\/iframe><\/div>\n<\/section>\n<section>\n<h2>Slutsats:<\/h2>\n<div class=\"nonp\">Att bibeh\u00e5lla h\u00e4lsan hos din iPhone handlar inte bara om att rensa utrymme; det handlar om att anta en helt\u00e4ckande strategi f\u00f6r enhetshantering. Regelbundna uppdateringar, medvetna appinstallationer och f\u00f6rsiktig dataf\u00f6rbrukning kan f\u00f6rhindra r\u00f6ra fr\u00e5n b\u00f6rjan. F\u00f6r vidare l\u00e4sning om underh\u00e5ll av iPhone, bes\u00f6k <a href='https:\/\/support.apple.com\/en-us\/HT201232' rel=\"nofollow noopener\" target='_blank'>Apples officiella supportsida<\/a> eller kolla in teknikforum som <a href='https:\/\/discussions.apple.com\/welcome' rel=\"nofollow noopener\" target='_blank'>Apple Diskussioner<\/a> d\u00e4r du kan utbyta tips med andra anv\u00e4ndare.<\/div>\n<\/section>\n","protected":false},"excerpt":{"rendered":"<p>B\u00e4sta rensningsappar f\u00f6r iPhone Som h\u00e4ngiven iPhone-anv\u00e4ndare \u00e4r det avg\u00f6rande att min enhet har gott om lagringsutrymme och fungerar effektivt. F\u00f6r att g\u00f6ra detta till verklighet har jag personligen utforskat olika gratis rensningsappar f\u00f6r iPhone som p\u00e5st\u00e5r sig kunna st\u00e4da upp min enhet och f\u00f6rb\u00e4ttra dess prestanda. I denna str\u00e4van har jag testat en upps\u00e4ttning [&hellip;]<\/p>\n","protected":false},"author":0,"featured_media":0,"parent":0,"menu_order":0,"comment_status":"closed","ping_status":"closed","template":"chromecast.php","meta":{"_stopmodifiedupdate":false,"_modified_date":"","_lmt_disableupdate":"yes","_lmt_disable":""},"acf":[],"yoast_head":"<!-- This site is optimized with the Yoast SEO plugin v20.9 - https:\/\/yoast.com\/wordpress\/plugins\/seo\/ -->\n<title>Gratis st\u00e4dningsapp f\u00f6r iPhone 2024. F\u00f6r- och nackdelar<\/title>\n<meta name=\"robots\" content=\"index, follow, max-snippet:-1, max-image-preview:large, max-video-preview:-1\" \/>\n<link rel=\"canonical\" href=\"https:\/\/datarecovery.ping.fm\/sv\/best-iphone-cleaners\/\" \/>\n<meta property=\"og:locale\" content=\"sv_SE\" \/>\n<meta property=\"og:type\" content=\"article\" \/>\n<meta property=\"og:title\" content=\"Gratis st\u00e4dningsapp f\u00f6r iPhone 2024. F\u00f6r- och nackdelar\" \/>\n<meta property=\"og:description\" content=\"B\u00e4sta rensningsappar f\u00f6r iPhone Som h\u00e4ngiven iPhone-anv\u00e4ndare \u00e4r det avg\u00f6rande att min enhet har gott om lagringsutrymme och fungerar effektivt. F\u00f6r att g\u00f6ra detta till verklighet har jag personligen utforskat olika gratis rensningsappar f\u00f6r iPhone som p\u00e5st\u00e5r sig kunna st\u00e4da upp min enhet och f\u00f6rb\u00e4ttra dess prestanda. I denna str\u00e4van har jag testat en upps\u00e4ttning [&hellip;]\" \/>\n<meta property=\"og:url\" content=\"https:\/\/datarecovery.ping.fm\/sv\/best-iphone-cleaners\/\" \/>\n<meta property=\"og:site_name\" content=\"\u00c5terst\u00e4llningsprogram f\u00f6r Data\" \/>\n<meta property=\"article:modified_time\" content=\"2024-03-27T19:39:10+00:00\" \/>\n<meta property=\"og:image\" content=\"https:\/\/www.ping.fm\/data-recovery-software\/wp-content\/uploads\/ai\/FREE-iPhone-Cleaner-Apps-Swedish.jpg\" \/>\n<meta name=\"twitter:card\" content=\"summary_large_image\" \/>\n<meta name=\"twitter:label1\" content=\"Est. reading time\" \/>\n\t<meta name=\"twitter:data1\" content=\"2 minuter\" \/>\n<script type=\"application\/ld+json\" class=\"yoast-schema-graph\">{\"@context\":\"https:\/\/schema.org\",\"@graph\":[{\"@type\":\"WebPage\",\"@id\":\"https:\/\/datarecovery.ping.fm\/sv\/best-iphone-cleaners\/\",\"url\":\"https:\/\/datarecovery.ping.fm\/sv\/best-iphone-cleaners\/\",\"name\":\"Gratis st\u00e4dningsapp f\u00f6r iPhone 2024. F\u00f6r- och nackdelar\",\"isPartOf\":{\"@id\":\"https:\/\/datarecovery.ping.fm\/sv\/#website\"},\"datePublished\":\"2024-01-22T21:44:04+00:00\",\"dateModified\":\"2024-03-27T19:39:10+00:00\",\"breadcrumb\":{\"@id\":\"https:\/\/datarecovery.ping.fm\/sv\/best-iphone-cleaners\/#breadcrumb\"},\"inLanguage\":\"sv-SE\",\"potentialAction\":[{\"@type\":\"ReadAction\",\"target\":[\"https:\/\/datarecovery.ping.fm\/sv\/best-iphone-cleaners\/\"]}]},{\"@type\":\"BreadcrumbList\",\"@id\":\"https:\/\/datarecovery.ping.fm\/sv\/best-iphone-cleaners\/#breadcrumb\",\"itemListElement\":[{\"@type\":\"ListItem\",\"position\":1,\"name\":\"Home\",\"item\":\"https:\/\/datarecovery.ping.fm\/sv\/\"},{\"@type\":\"ListItem\",\"position\":2,\"name\":\"De b\u00e4sta st\u00e4duppapparna f\u00f6r iPhone\"}]},{\"@type\":\"WebSite\",\"@id\":\"https:\/\/datarecovery.ping.fm\/sv\/#website\",\"url\":\"https:\/\/datarecovery.ping.fm\/sv\/\",\"name\":\"\u00c5terst\u00e4llningsprogram f\u00f6r Data\",\"description\":\"\",\"potentialAction\":[{\"@type\":\"SearchAction\",\"target\":{\"@type\":\"EntryPoint\",\"urlTemplate\":\"https:\/\/datarecovery.ping.fm\/sv\/?s={search_term_string}\"},\"query-input\":\"required name=search_term_string\"}],\"inLanguage\":\"sv-SE\"}]}<\/script>\n<!-- \/ Yoast SEO plugin. -->","yoast_head_json":{"title":"Gratis st\u00e4dningsapp f\u00f6r iPhone 2024. F\u00f6r- och nackdelar","robots":{"index":"index","follow":"follow","max-snippet":"max-snippet:-1","max-image-preview":"max-image-preview:large","max-video-preview":"max-video-preview:-1"},"canonical":"https:\/\/datarecovery.ping.fm\/sv\/best-iphone-cleaners\/","og_locale":"sv_SE","og_type":"article","og_title":"Gratis st\u00e4dningsapp f\u00f6r iPhone 2024. F\u00f6r- och nackdelar","og_description":"B\u00e4sta rensningsappar f\u00f6r iPhone Som h\u00e4ngiven iPhone-anv\u00e4ndare \u00e4r det avg\u00f6rande att min enhet har gott om lagringsutrymme och fungerar effektivt. F\u00f6r att g\u00f6ra detta till verklighet har jag personligen utforskat olika gratis rensningsappar f\u00f6r iPhone som p\u00e5st\u00e5r sig kunna st\u00e4da upp min enhet och f\u00f6rb\u00e4ttra dess prestanda. I denna str\u00e4van har jag testat en upps\u00e4ttning [&hellip;]","og_url":"https:\/\/datarecovery.ping.fm\/sv\/best-iphone-cleaners\/","og_site_name":"\u00c5terst\u00e4llningsprogram f\u00f6r Data","article_modified_time":"2024-03-27T19:39:10+00:00","og_image":[{"url":"https:\/\/www.ping.fm\/data-recovery-software\/wp-content\/uploads\/ai\/FREE-iPhone-Cleaner-Apps-Swedish.jpg"}],"twitter_card":"summary_large_image","twitter_misc":{"Est. reading time":"2 minuter"},"schema":{"@context":"https:\/\/schema.org","@graph":[{"@type":"WebPage","@id":"https:\/\/datarecovery.ping.fm\/sv\/best-iphone-cleaners\/","url":"https:\/\/datarecovery.ping.fm\/sv\/best-iphone-cleaners\/","name":"Gratis st\u00e4dningsapp f\u00f6r iPhone 2024. F\u00f6r- och nackdelar","isPartOf":{"@id":"https:\/\/datarecovery.ping.fm\/sv\/#website"},"datePublished":"2024-01-22T21:44:04+00:00","dateModified":"2024-03-27T19:39:10+00:00","breadcrumb":{"@id":"https:\/\/datarecovery.ping.fm\/sv\/best-iphone-cleaners\/#breadcrumb"},"inLanguage":"sv-SE","potentialAction":[{"@type":"ReadAction","target":["https:\/\/datarecovery.ping.fm\/sv\/best-iphone-cleaners\/"]}]},{"@type":"BreadcrumbList","@id":"https:\/\/datarecovery.ping.fm\/sv\/best-iphone-cleaners\/#breadcrumb","itemListElement":[{"@type":"ListItem","position":1,"name":"Home","item":"https:\/\/datarecovery.ping.fm\/sv\/"},{"@type":"ListItem","position":2,"name":"De b\u00e4sta st\u00e4duppapparna f\u00f6r iPhone"}]},{"@type":"WebSite","@id":"https:\/\/datarecovery.ping.fm\/sv\/#website","url":"https:\/\/datarecovery.ping.fm\/sv\/","name":"\u00c5terst\u00e4llningsprogram f\u00f6r Data","description":"","potentialAction":[{"@type":"SearchAction","target":{"@type":"EntryPoint","urlTemplate":"https:\/\/datarecovery.ping.fm\/sv\/?s={search_term_string}"},"query-input":"required name=search_term_string"}],"inLanguage":"sv-SE"}]}},"_links":{"self":[{"href":"https:\/\/datarecovery.ping.fm\/sv\/wp-json\/wp\/v2\/pages\/37418"}],"collection":[{"href":"https:\/\/datarecovery.ping.fm\/sv\/wp-json\/wp\/v2\/pages"}],"about":[{"href":"https:\/\/datarecovery.ping.fm\/sv\/wp-json\/wp\/v2\/types\/page"}],"replies":[{"embeddable":true,"href":"https:\/\/datarecovery.ping.fm\/sv\/wp-json\/wp\/v2\/comments?post=37418"}],"version-history":[{"count":0,"href":"https:\/\/datarecovery.ping.fm\/sv\/wp-json\/wp\/v2\/pages\/37418\/revisions"}],"wp:attachment":[{"href":"https:\/\/datarecovery.ping.fm\/sv\/wp-json\/wp\/v2\/media?parent=37418"}],"curies":[{"name":"wp","href":"https:\/\/api.w.org\/{rel}","templated":true}]}}