{"id":20117,"date":"2024-01-17T22:15:57","date_gmt":"2024-01-17T22:15:57","guid":{"rendered":"https:\/\/www.ping.fm\/data-recovery-software\/d-drive-missing\/"},"modified":"2024-02-21T05:49:36","modified_gmt":"2024-02-21T05:49:36","slug":"d-drive-missing","status":"publish","type":"page","link":"https:\/\/datarecovery.ping.fm\/sv\/d-drive-missing\/","title":{"rendered":"Saknad D-enhet: Vad g\u00f6r man om D-enheten f\u00f6rsvinner?"},"content":{"rendered":"<section>\n<h1>D-enhet saknas: Vad g\u00f6r man om D-enheten har f\u00f6rsvunnit?<\/h1>\n<div class=\"inbrief\">\n<div>             <img src=\"https:\/\/www.ping.fm\/data-recovery-software\/wp-content\/uploads\/ai\/D-Drive-Missing-What-to-Do-if-Your-D-Drive-Disappeared--Swedish.jpg\" alt=\"D-enhet saknas: Vad g\u00f6r man om D-enheten har f\u00f6rsvunnit?\" title=\"D-enhet saknas: Vad g\u00f6r man om D-enheten har f\u00f6rsvunnit?\" width=\"1280\" height=\"720\">             <\/p>\n<p><b>D-enheten<\/b> \u00e4r en v\u00e4sentlig komponent f\u00f6r m\u00e5nga datoranv\u00e4ndare, s\u00e4rskilt f\u00f6r dem som anv\u00e4nder den f\u00f6r att lagra sina personliga filer, spel och applikationer. Men den pl\u00f6tsliga chocken av att uppt\u00e4cka att D-enheten har mystiskt f\u00f6rsvunnit fr\u00e5n din dator kan vara mycket oroande. Det finns dock ingen anledning att paniksl\u00e5. I denna artikel delar jag med mig av min personliga erfarenhet av att hantera en <a href='https:\/\/www.handyrecovery.com\/d-drive-suddenly-missing\/' rel=\"dofollow noopener\" target='_blank'>f\u00f6rsvunnen D-enhet<\/a> p\u00e5 ett Windows-system och hur jag framg\u00e5ngsrikt \u00e5terst\u00e4llde mina data med <b>Disk Drill<\/b>.<\/p>\n<\/div>\n<\/div>\n<\/section>\n<section>\n<div>\n<div>1<\/div>\n<h2>Vanliga scenario:<\/h2>\n<\/div>\n<h3>Problem efter programuppdatering  <\/h3>\n<ul>\n<li><b>Windows-uppdateringar<\/b> kan ibland orsaka systemavvikelser som leder till att D-enheten inte visas.<\/li>\n<li><b>Enhetsbokst\u00e4ver<\/b> kan ha blivit omf\u00f6rdelade, vilket g\u00f6r att D-enheten f\u00f6rsvinner i processen.<\/li>\n<\/ul>\n<h3>Partitionsfel  <\/h3>\n<ul>\n<li><b>Korrupt enhet<\/b>: Enhetspartitionen har blivit korrupt och \u00e4r d\u00e4rf\u00f6r osynlig f\u00f6r systemet.<\/li>\n<li><b>F\u00f6rlorade partitioner<\/b>: P\u00e5 grund av en systemkrasch eller felaktig avst\u00e4ngning av datorn, kan en partition ha f\u00f6rlorats.<\/li>\n<\/ul>\n<h3>Problem med fysisk anslutning  <\/h3>\n<ul>\n<li><b>Kabelproblem<\/b>: SATA- eller str\u00f6mkablar som \u00e4r anslutna till h\u00e5rddisken kan vara l\u00f6sa eller skadade.<\/li>\n<li><b>BIOS-inst\u00e4llningar<\/b>: Enheten kanske inte \u00e4r aktiverad i BIOS-inst\u00e4llningarna eller systeminst\u00e4llningarna.<\/li>\n<\/ul>\n<\/section>\n<section class=\"stepByStep\">\n<div>\n<div>2<\/div>\n<h2>Steg-f\u00f6r-steg-guide. D-enheten saknas:<\/h2>\n<\/div>\n<h3>Metod 1: Kontrollera Diskhantering <\/h3>\n<ul>\n<li>\u00d6ppna <b>Diskhantering<\/b>. H\u00f6gerklicka p\u00e5 &#8217;Den h\u00e4r datorn&#8217; eller &#8217;Min dator&#8217;, v\u00e4lj &#8217;Hantera&#8217; och d\u00e4refter &#8217;Diskhantering&#8217;.<\/li>\n<li>Leta efter den saknade D-enheten. Om den inte \u00e4r synlig kanske du ser ett oallokerat utrymme d\u00e4r D-enheten tidigare fanns.<\/li>\n<li>Om du hittar enheten utan bokstav, h\u00f6gerklicka p\u00e5 den och v\u00e4lj &#8217;\u00c4ndra enhetsbokstav och s\u00f6kv\u00e4gar&#8217; f\u00f6r att tilldela den en bokstav.<\/li>\n<\/ul>\n<p><b>Notering:<\/b> Var f\u00f6rsiktig s\u00e5 att du inte formaterar enheten eftersom det kommer att radera all data.<\/p>\n<p><b>Slutsats:<\/b> I vissa fall kan enbart ombed\u00f6mning av enhetsbokstaven \u00e5terst\u00e4lla synligheten f\u00f6r D-enheten.<\/p>\n<h3>Metod 2: Anv\u00e4nd Kommandotolken <\/h3>\n<ul>\n<li>Starta <b>Kommandotolken<\/b> som administrat\u00f6r genom att s\u00f6ka efter &#8217;cmd&#8217; i startmenyn, h\u00f6gerklicka p\u00e5 den och v\u00e4lja &#8217;K\u00f6r som administrat\u00f6r&#8217;.<\/li>\n<li>Skriv &#8217;diskpart&#8217; och tryck Enter f\u00f6r att komma \u00e5t DiskPart-verktyget.<\/li>\n<li>Skriv &#8217;list volume&#8217; och tryck Enter f\u00f6r att visa alla enheter och deras respektive bokst\u00e4ver.<\/li>\n<li>Om D-enheten \u00e4r listad utan bokstav, anv\u00e4nd kommandot &#8217;select volume D&#8217; f\u00f6r att v\u00e4lja den och d\u00e4refter &#8217;assign letter=D&#8217; f\u00f6r att tilldela r\u00e4tt bokstav.<\/li>\n<\/ul>\n<p><b>Notering:<\/b> &#8217;D&#8217; b\u00f6r ers\u00e4ttas med r\u00e4tt volymnummer f\u00f6r din enhet.<\/p>\n<p><b>Slutsats:<\/b> Kommandotolken kan hj\u00e4lpa till att fels\u00f6ka och \u00e5tg\u00e4rda problem med enhetens synlighet i Windows.<\/p>\n<h3>Metod 3: Kontrollera BIOS\/UEFI <\/h3>\n<ul>\n<li>Starta om din dator och g\u00e5 in i <b>BIOS\/UEFI<\/b>-inst\u00e4llningarna genom att trycka p\u00e5 en specifik knapp (oftast F2, F10, DEL eller ESC).<\/li>\n<li>Inom BIOS\/UEFI, navigera till &#8217;Lagrings&#8217;- eller &#8217;Boot&#8217;-inst\u00e4llningarna f\u00f6r att se om D-enheten k\u00e4nns igen och \u00e4r aktiverad.<\/li>\n<li>Om enheten \u00e4r avaktiverad, aktivera den med de tillg\u00e4ngliga alternativen.<\/li>\n<li>Spara \u00e4ndringarna och avsluta BIOS\/UEFI-inst\u00e4llningarna.<\/li>\n<\/ul>\n<p><b>Notering:<\/b> Se din moderkortsmanual f\u00f6r specifika instruktioner om hur du navigerar i BIOS\/UEFI.<\/p>\n<p><b>Slutsats:<\/b> Att aktivera enheten i BIOS\/UEFI-inst\u00e4llningarna kan g\u00f6ra den synlig igen i Windows.<\/p>\n<h3>Metod 4: Kontrollera Fysiska Anslutningar <\/h3>\n<ul>\n<li>St\u00e4ng av datorn och koppla bort den fr\u00e5n str\u00f6mk\u00e4llan.<\/li>\n<li>\u00d6ppna datorns skal och kontrollera <b>SATA<\/b>&#8211; och str\u00f6mkablarna f\u00f6r att s\u00e4kerst\u00e4lla att de \u00e4r korrekt anslutna till D-enheten.<\/li>\n<li>Om kablar \u00e4r l\u00f6sa eller skadade, s\u00e4tt i dem p\u00e5 nytt eller byt ut dem mot nya.<\/li>\n<li>Starta datorn och kontrollera om D-enheten nu \u00e4r synlig.<\/li>\n<\/ul>\n<p><b>Notering:<\/b> Hantera interna komponenter varsamt f\u00f6r att undvika skador fr\u00e5n statisk elektricitet.<\/p>\n<p><b>Slutsats:<\/b> Att \u00e5teruppr\u00e4tta s\u00e4kra fysiska anslutningar kan ofta \u00e5terst\u00e4lla D-enhetens synlighet i systemet.<\/p>\n<h3>Metod 5: Anv\u00e4nd Disk Drill f\u00f6r att \u00e5terst\u00e4lla data <\/h3>\n<ul>\n<li>Ladda ner och installera <b>Disk Drill<\/b> fr\u00e5n den officiella webbplatsen (<a href='https:\/\/www.cleverfiles.com\/' rel=\"nofollow noopener\" target='_blank'>https:\/\/www.cleverfiles.com\/<\/a>).<\/li>\n<li>Starta Disk Drill och v\u00e4lj den enhet du \u00f6nskar \u00e5terst\u00e4lla (i det h\u00e4r fallet D-enheten eller motsvarande synlig i Disk Drill).<\/li>\n<li>Klicka p\u00e5 &#8217;\u00c5terst\u00e4ll&#8217; f\u00f6r att genomf\u00f6ra en skanning efter \u00e5terst\u00e4llningsbar data.<\/li>\n<li>Efter skanningen, f\u00f6rhandsgranska de filer som kan \u00e5terst\u00e4llas och v\u00e4lj de du \u00f6nskar \u00e5terst\u00e4lla.<\/li>\n<li>F\u00f6lj anvisningarna f\u00f6r att slutf\u00f6ra \u00e5terst\u00e4llningsprocessen och spara den \u00e5terst\u00e4llda datan p\u00e5 en s\u00e4ker plats (inte samma enhet som du \u00e5terst\u00e4ller fr\u00e5n).<\/li>\n<\/ul>\n<p><b>Notering:<\/b> V\u00e4lj noggrant ut objekt f\u00f6r \u00e5terst\u00e4llning f\u00f6r att maximera chanserna f\u00f6r en framg\u00e5ngsrik data\u00e5terst\u00e4llning.<\/p>\n<p><b>Slutsats:<\/b> Disk Drill \u00e4r ett kraftfullt verktyg som kan \u00e5terst\u00e4lla data \u00e4ven n\u00e4r enheten inte visas i Windows.<\/p>\n<\/section>\n<section>\n<div>\n<div>3<\/div>\n<h2>F\u00f6rebyggande \u00e5tg\u00e4rder och tips:<\/h2>\n<\/div>\n<h3>Backupplan   <\/h3>\n<ul>\n<li>Uppr\u00e4tth\u00e5ll regelbundna s\u00e4kerhetskopior av kritisk data till <b>externa enheter<\/b> eller <b>molnlagring<\/b>.<\/li>\n<li>Anv\u00e4nd <b>diskavbildningsprogramvara<\/b> f\u00f6r att skapa en exakt kopia av din enhet f\u00f6r framtida \u00e5terst\u00e4llning vid behov.<\/li>\n<li>Var f\u00f6rsiktig med <b>programuppdateringar<\/b> och s\u00e4kerst\u00e4ll systemstabilitet f\u00f6re genomf\u00f6rande.<\/li>\n<\/ul>\n<\/section>\n<section>\n<div>\n<div>4<\/div>\n<h2>Ut\u00f6kade L\u00f6sningar<\/h2>\n<\/div>\n<p>N\u00e4r man st\u00e4lls inf\u00f6r problemet med en <b>f\u00f6rsvunnen D-enhet<\/b> \u00e4r det avg\u00f6rande att utforska flera v\u00e4gar ut\u00f6ver de inledande fels\u00f6kningsstegen. Till exempel kan anv\u00e4ndning av programvara fr\u00e5n tredje part f\u00f6r partitionshantering erbjuda mer avancerade alternativ f\u00f6r diagnos och reparation av diskproblem. <a href='https:\/\/www.partitionwizard.com\/' rel=\"nofollow noopener\" target='_blank'>MiniTool Partition Wizard<\/a> \u00e4r ett rekommenderat alternativ som kompletterar diskhanteringen i Windows v\u00e4l.<\/p>\n<p>Ett annat tillv\u00e4gag\u00e5ngss\u00e4tt \u00e4r att kontrollera h\u00e5rdvarufel. Att testa h\u00e5rddisken med diagnostiska verktyg som tillhandah\u00e5lls av disktillverkaren, s\u00e5som <a href='https:\/\/www.seagate.com\/support\/downloads\/seatools\/' rel=\"nofollow noopener\" target='_blank'>SeaTools f\u00f6r Seagate<\/a> eller <a href='https:\/\/support.wdc.com\/downloads.aspx#WD_softwarepc' rel=\"nofollow noopener\" target='_blank'>WD Drive Utilities f\u00f6r Western Digital<\/a>, kan hj\u00e4lpa till att avg\u00f6ra om det finns ett fysiskt problem med enheten.<\/p>\n<p>Det \u00e4r ocks\u00e5 viktigt att ta h\u00e4nsyn till effekten av <b>system\u00e5terst\u00e4llningar eller \u00e5terst\u00e4llningar<\/b>. Dessa kan oavsiktligt p\u00e5verka enhetspartitioner, s\u00e5 det \u00e4r n\u00f6dv\u00e4ndigt att anv\u00e4nda dessa alternativ med f\u00f6rsiktighet. Dessutom b\u00f6r man alltid skydda sitt system med tillf\u00f6rlitlig antivirusprogramvara, som <a href='https:\/\/www.malwarebytes.com\/' rel=\"nofollow noopener\" target='_blank'>Malwarebytes<\/a>, f\u00f6r att f\u00f6rebygga skadeprogramsrelaterade problem som kan orsaka att enheter f\u00f6rsvinner.<\/p>\n<\/section>\n<section>\n<h2>Slutsats:<\/h2>\n<div class=\"nonp\">\n<p>Sammanfattningsvis kan den pl\u00f6tsliga f\u00f6rsvinnandet av <b>D-enheten<\/b> tillskrivas en m\u00e4ngd orsaker som varierar fr\u00e5n enkla programvarufel till mer komplexa h\u00e5rdvaruproblem. Effektiva \u00e5terst\u00e4llnings- och skyddsstrategier \u00e4r avg\u00f6rande f\u00f6r att minska risken f\u00f6r datarf\u00f6rlust. Att anv\u00e4nda en kombination av inbyggda Windows-verktyg, s\u00e5som <b>Diskhantering<\/b> och <b>Kommandotolken<\/b>, tillsammans med verktyg fr\u00e5n tredje part som <b>Disk Drill<\/b>, kan s\u00e4kerst\u00e4lla att dina data f\u00f6rblir s\u00e4kra och \u00e5terst\u00e4llningsbara. Var proaktiv genom att uppr\u00e4tth\u00e5lla regelbundna s\u00e4kerhetskopior och vara vaksam med system- och programuppdateringar f\u00f6r att minimera chansen f\u00f6r incidenter d\u00e4r enheter f\u00f6rsvinner.<\/p>\n<\/div>\n<\/section>\n","protected":false},"excerpt":{"rendered":"<p>D-enhet saknas: Vad g\u00f6r man om D-enheten har f\u00f6rsvunnit? D-enheten \u00e4r en v\u00e4sentlig komponent f\u00f6r m\u00e5nga datoranv\u00e4ndare, s\u00e4rskilt f\u00f6r dem som anv\u00e4nder den f\u00f6r att lagra sina personliga filer, spel och applikationer. Men den pl\u00f6tsliga chocken av att uppt\u00e4cka att D-enheten har mystiskt f\u00f6rsvunnit fr\u00e5n din dator kan vara mycket oroande. Det finns dock ingen [&hellip;]<\/p>\n","protected":false},"author":2,"featured_media":31363,"parent":0,"menu_order":0,"comment_status":"closed","ping_status":"closed","template":"chromecast.php","meta":{"_stopmodifiedupdate":false,"_modified_date":"","_lmt_disableupdate":"yes","_lmt_disable":""},"acf":[],"yoast_head":"<!-- This site is optimized with the Yoast SEO plugin v20.9 - https:\/\/yoast.com\/wordpress\/plugins\/seo\/ -->\n<title>Hur du \u00e5terst\u00e4ller den f\u00f6rsvunna D-disken p\u00e5 din dator<\/title>\n<meta name=\"robots\" content=\"index, follow, max-snippet:-1, max-image-preview:large, max-video-preview:-1\" \/>\n<link rel=\"canonical\" href=\"https:\/\/datarecovery.ping.fm\/sv\/d-drive-missing\/\" \/>\n<meta property=\"og:locale\" content=\"sv_SE\" \/>\n<meta property=\"og:type\" content=\"article\" \/>\n<meta property=\"og:title\" content=\"Hur du \u00e5terst\u00e4ller den f\u00f6rsvunna D-disken p\u00e5 din dator\" \/>\n<meta property=\"og:description\" content=\"D-enhet saknas: Vad g\u00f6r man om D-enheten har f\u00f6rsvunnit? D-enheten \u00e4r en v\u00e4sentlig komponent f\u00f6r m\u00e5nga datoranv\u00e4ndare, s\u00e4rskilt f\u00f6r dem som anv\u00e4nder den f\u00f6r att lagra sina personliga filer, spel och applikationer. Men den pl\u00f6tsliga chocken av att uppt\u00e4cka att D-enheten har mystiskt f\u00f6rsvunnit fr\u00e5n din dator kan vara mycket oroande. Det finns dock ingen [&hellip;]\" \/>\n<meta property=\"og:url\" content=\"https:\/\/datarecovery.ping.fm\/sv\/d-drive-missing\/\" \/>\n<meta property=\"og:site_name\" content=\"\u00c5terst\u00e4llningsprogram f\u00f6r Data\" \/>\n<meta property=\"article:modified_time\" content=\"2024-02-21T05:49:36+00:00\" \/>\n<meta property=\"og:image\" content=\"https:\/\/datarecovery.ping.fm\/wp-content\/uploads\/2024\/03\/D-Drive-Missing-What-to-Do-if-Your-D-Drive-Disappeared-Swedish.jpg\" \/>\n\t<meta property=\"og:image:width\" content=\"1280\" \/>\n\t<meta property=\"og:image:height\" content=\"731\" \/>\n\t<meta property=\"og:image:type\" content=\"image\/jpeg\" \/>\n<meta name=\"twitter:card\" content=\"summary_large_image\" \/>\n<meta name=\"twitter:label1\" content=\"Est. reading time\" \/>\n\t<meta name=\"twitter:data1\" content=\"6 minuter\" \/>\n<script type=\"application\/ld+json\" class=\"yoast-schema-graph\">{\"@context\":\"https:\/\/schema.org\",\"@graph\":[{\"@type\":\"WebPage\",\"@id\":\"https:\/\/datarecovery.ping.fm\/sv\/d-drive-missing\/\",\"url\":\"https:\/\/datarecovery.ping.fm\/sv\/d-drive-missing\/\",\"name\":\"Hur du \u00e5terst\u00e4ller den f\u00f6rsvunna D-disken p\u00e5 din dator\",\"isPartOf\":{\"@id\":\"https:\/\/datarecovery.ping.fm\/sv\/#website\"},\"datePublished\":\"2024-01-17T22:15:57+00:00\",\"dateModified\":\"2024-02-21T05:49:36+00:00\",\"breadcrumb\":{\"@id\":\"https:\/\/datarecovery.ping.fm\/sv\/d-drive-missing\/#breadcrumb\"},\"inLanguage\":\"sv-SE\",\"potentialAction\":[{\"@type\":\"ReadAction\",\"target\":[\"https:\/\/datarecovery.ping.fm\/sv\/d-drive-missing\/\"]}]},{\"@type\":\"BreadcrumbList\",\"@id\":\"https:\/\/datarecovery.ping.fm\/sv\/d-drive-missing\/#breadcrumb\",\"itemListElement\":[{\"@type\":\"ListItem\",\"position\":1,\"name\":\"Home\",\"item\":\"https:\/\/datarecovery.ping.fm\/sv\/\"},{\"@type\":\"ListItem\",\"position\":2,\"name\":\"Saknad D-enhet: Vad g\u00f6r man om D-enheten f\u00f6rsvinner?\"}]},{\"@type\":\"WebSite\",\"@id\":\"https:\/\/datarecovery.ping.fm\/sv\/#website\",\"url\":\"https:\/\/datarecovery.ping.fm\/sv\/\",\"name\":\"\u00c5terst\u00e4llningsprogram f\u00f6r Data\",\"description\":\"\",\"potentialAction\":[{\"@type\":\"SearchAction\",\"target\":{\"@type\":\"EntryPoint\",\"urlTemplate\":\"https:\/\/datarecovery.ping.fm\/sv\/?s={search_term_string}\"},\"query-input\":\"required name=search_term_string\"}],\"inLanguage\":\"sv-SE\"}]}<\/script>\n<!-- \/ Yoast SEO plugin. -->","yoast_head_json":{"title":"Hur du \u00e5terst\u00e4ller den f\u00f6rsvunna D-disken p\u00e5 din dator","robots":{"index":"index","follow":"follow","max-snippet":"max-snippet:-1","max-image-preview":"max-image-preview:large","max-video-preview":"max-video-preview:-1"},"canonical":"https:\/\/datarecovery.ping.fm\/sv\/d-drive-missing\/","og_locale":"sv_SE","og_type":"article","og_title":"Hur du \u00e5terst\u00e4ller den f\u00f6rsvunna D-disken p\u00e5 din dator","og_description":"D-enhet saknas: Vad g\u00f6r man om D-enheten har f\u00f6rsvunnit? D-enheten \u00e4r en v\u00e4sentlig komponent f\u00f6r m\u00e5nga datoranv\u00e4ndare, s\u00e4rskilt f\u00f6r dem som anv\u00e4nder den f\u00f6r att lagra sina personliga filer, spel och applikationer. Men den pl\u00f6tsliga chocken av att uppt\u00e4cka att D-enheten har mystiskt f\u00f6rsvunnit fr\u00e5n din dator kan vara mycket oroande. Det finns dock ingen [&hellip;]","og_url":"https:\/\/datarecovery.ping.fm\/sv\/d-drive-missing\/","og_site_name":"\u00c5terst\u00e4llningsprogram f\u00f6r Data","article_modified_time":"2024-02-21T05:49:36+00:00","og_image":[{"width":1280,"height":731,"url":"https:\/\/datarecovery.ping.fm\/wp-content\/uploads\/2024\/03\/D-Drive-Missing-What-to-Do-if-Your-D-Drive-Disappeared-Swedish.jpg","type":"image\/jpeg"}],"twitter_card":"summary_large_image","twitter_misc":{"Est. reading time":"6 minuter"},"schema":{"@context":"https:\/\/schema.org","@graph":[{"@type":"WebPage","@id":"https:\/\/datarecovery.ping.fm\/sv\/d-drive-missing\/","url":"https:\/\/datarecovery.ping.fm\/sv\/d-drive-missing\/","name":"Hur du \u00e5terst\u00e4ller den f\u00f6rsvunna D-disken p\u00e5 din dator","isPartOf":{"@id":"https:\/\/datarecovery.ping.fm\/sv\/#website"},"datePublished":"2024-01-17T22:15:57+00:00","dateModified":"2024-02-21T05:49:36+00:00","breadcrumb":{"@id":"https:\/\/datarecovery.ping.fm\/sv\/d-drive-missing\/#breadcrumb"},"inLanguage":"sv-SE","potentialAction":[{"@type":"ReadAction","target":["https:\/\/datarecovery.ping.fm\/sv\/d-drive-missing\/"]}]},{"@type":"BreadcrumbList","@id":"https:\/\/datarecovery.ping.fm\/sv\/d-drive-missing\/#breadcrumb","itemListElement":[{"@type":"ListItem","position":1,"name":"Home","item":"https:\/\/datarecovery.ping.fm\/sv\/"},{"@type":"ListItem","position":2,"name":"Saknad D-enhet: Vad g\u00f6r man om D-enheten f\u00f6rsvinner?"}]},{"@type":"WebSite","@id":"https:\/\/datarecovery.ping.fm\/sv\/#website","url":"https:\/\/datarecovery.ping.fm\/sv\/","name":"\u00c5terst\u00e4llningsprogram f\u00f6r Data","description":"","potentialAction":[{"@type":"SearchAction","target":{"@type":"EntryPoint","urlTemplate":"https:\/\/datarecovery.ping.fm\/sv\/?s={search_term_string}"},"query-input":"required name=search_term_string"}],"inLanguage":"sv-SE"}]}},"_links":{"self":[{"href":"https:\/\/datarecovery.ping.fm\/sv\/wp-json\/wp\/v2\/pages\/20117"}],"collection":[{"href":"https:\/\/datarecovery.ping.fm\/sv\/wp-json\/wp\/v2\/pages"}],"about":[{"href":"https:\/\/datarecovery.ping.fm\/sv\/wp-json\/wp\/v2\/types\/page"}],"author":[{"embeddable":true,"href":"https:\/\/datarecovery.ping.fm\/sv\/wp-json\/wp\/v2\/users\/2"}],"replies":[{"embeddable":true,"href":"https:\/\/datarecovery.ping.fm\/sv\/wp-json\/wp\/v2\/comments?post=20117"}],"version-history":[{"count":1,"href":"https:\/\/datarecovery.ping.fm\/sv\/wp-json\/wp\/v2\/pages\/20117\/revisions"}],"predecessor-version":[{"id":28006,"href":"https:\/\/datarecovery.ping.fm\/sv\/wp-json\/wp\/v2\/pages\/20117\/revisions\/28006"}],"wp:featuredmedia":[{"embeddable":true,"href":"https:\/\/datarecovery.ping.fm\/sv\/wp-json\/wp\/v2\/media\/31363"}],"wp:attachment":[{"href":"https:\/\/datarecovery.ping.fm\/sv\/wp-json\/wp\/v2\/media?parent=20117"}],"curies":[{"name":"wp","href":"https:\/\/api.w.org\/{rel}","templated":true}]}}