{"id":19724,"date":"2024-01-15T20:29:56","date_gmt":"2024-01-15T20:29:56","guid":{"rendered":"https:\/\/www.ping.fm\/data-recovery-software\/best-seagate-file-recovery-software\/"},"modified":"2024-02-29T19:06:56","modified_gmt":"2024-02-29T19:06:56","slug":"best-seagate-file-recovery-software","status":"publish","type":"page","link":"https:\/\/datarecovery.ping.fm\/sv\/best-seagate-file-recovery-software\/","title":{"rendered":"B\u00e4sta fem Seagate-fil\u00e5terst\u00e4llningsprogrammen"},"content":{"rendered":"<section>\n<h1>Topp 5 b\u00e4sta Seagate-fil\u00e5terst\u00e4llningsprogram<\/h1>\n<div class=\"inbrief\">\n<div>             <img src=\"https:\/\/www.ping.fm\/data-recovery-software\/wp-content\/uploads\/ai\/Top-5-Best-Seagate-File-Recovery-Software-Swedish.jpg\" alt=\"Topp 5 b\u00e4sta Seagate-fil\u00e5terst\u00e4llningsprogram\" title=\"Topp 5 b\u00e4sta Seagate-fil\u00e5terst\u00e4llningsprogram\" width=\"1280\" height=\"720\">             <\/p>\n<p>N\u00e4r det handlar om att skydda v\u00e5rt digitala liv kan betydelsen av en p\u00e5litlig l\u00f6sning f\u00f6r data\u00e5terst\u00e4llning inte \u00f6verdrivas. Som n\u00e5gon som har st\u00f6tt p\u00e5 det fruktade scenariot med dataf\u00f6rlust, kan jag personligen intyga den panik som uppst\u00e5r n\u00e4r du inser att dina v\u00e4rdefulla filer kanske \u00e4r f\u00f6rlorade f\u00f6r gott. Men frukta inte, meddataskyddare! Jag har navigerat genom de stormiga vattnen av fil\u00e5terst\u00e4llning och \u00e4r h\u00e4r f\u00f6r att dela med mig av mina insikter om de <b>5 b\u00e4sta programverktygen f\u00f6r data\u00e5terst\u00e4llning<\/b> som s\u00e4rskilt \u00e4r anpassade f\u00f6r <b>Seagate-diskar<\/b>, med en s\u00e4rskild nick till det inbyggda verktyget <b>Seagate SeaTools<\/b>. Oavsett om du \u00e4r en professionell IT-specialist eller bara n\u00e5gon med massor av viktiga selfies, erbjuder dessa verktyg en livlina n\u00e4r din digitala v\u00e4rld verkar vara p\u00e5 v\u00e4g att sjunka.<\/p>\n<\/div>\n<\/div>\n<\/section>\n<section>\n<div class=\"medal\">\n<div>&#129351;<\/div>\n<\/div>\n<h2><a href='https:\/\/www.cleverfiles.com\/' rel=\"nofollow noopener\" target='_blank'>Disk Drill<\/a><\/h2>\n<p><img src=\"https:\/\/www.ping.fm\/data-recovery-software\/wp-content\/uploads\/ai\/https---www-cleverfiles-com-Swedish.jpg\"><\/p>\n<p>Som n\u00e5gon som har k\u00e4nt stinget av f\u00f6rlorade filer, kan jag med f\u00f6rtroende placera <b>Disk Drill<\/b> \u00f6verst p\u00e5 min lista. Detta verktyg kommer riktigt n\u00e4ra dina data och erbjuder ett intuitivt gr\u00e4nssnitt som g\u00f6r \u00e5terst\u00e4llning tillg\u00e4nglig f\u00f6r alla. Det drar sig heller inte f\u00f6r att g\u00f6ra det tunga lyftet, och fungerar som en digital riddare f\u00f6r olika filsystem och filtyper med sina robusta genoms\u00f6kningsalgoritmer.<\/p>\n<p><a href='https:\/\/www.cleverfiles.com\/' rel=\"nofollow noopener\" target='_blank' class='ofWSite'>Officiell webbplats<\/a><\/p>\n<h3 class='prosTitle'>F\u00f6rdelar<\/h3>\n<ul class='listpc pros'>\n<li>\u00d6verl\u00e4gsna algoritmer f\u00f6r fil\u00e5terst\u00e4llning<\/li>\n<li>Anv\u00e4ndarv\u00e4nligt gr\u00e4nssnitt<\/li>\n<\/ul>\n<h3 class='consTitle'>Nackdelar<\/h3>\n<ul class='listpc cons'>\n<li>Gratisversionen har begr\u00e4nsad \u00e5terst\u00e4llningskapacitet<\/li>\n<li>Blir resurskr\u00e4vande under djupa genoms\u00f6kningar<\/li>\n<\/ul>\n<\/section>\n<section>\n<div class=\"medal\">\n<div>&#129352;<\/div>\n<\/div>\n<h2><a href='https:\/\/www.easeus.com\/datarecoverywizard\/free-data-recovery-software.htm' rel=\"nofollow noopener\" target='_blank'>EaseUS Data Recovery Wizard<\/a><\/h2>\n<p><img src=\"https:\/\/www.ping.fm\/data-recovery-software\/wp-content\/uploads\/ai\/https---www-easeus-com-datarecoverywizard-free-data-recovery-software-htmSwedish.jpg\"><\/p>\n<p><b>EaseUS Data Recovery Wizard<\/b> presenterar sig som en p\u00e5litlig allierad i den aldrig sinande kampen mot f\u00f6rlorad data. Det \u00e4r ett f\u00f6rstahandsval f\u00f6r dem som beh\u00f6ver en snabb \u00e5terst\u00e4llningsoperation, med en enkel process som t\u00e4cker en m\u00e4ngd olika f\u00f6rlustscenarier.<\/p>\n<p><a href='https:\/\/www.easeus.com\/datarecoverywizard\/free-data-recovery-software.htm' rel=\"nofollow noopener\" target='_blank' class='ofWSite'>Officiell webbplats<\/a><\/p>\n<h3 class='prosTitle'>F\u00f6rdelar<\/h3>\n<ul class='listpc pros'>\n<li>Omtalad och p\u00e5litlig<\/li>\n<li>L\u00e4tt att navigera f\u00f6r nyb\u00f6rjare<\/li>\n<\/ul>\n<h3 class='consTitle'>Nackdelar<\/h3>\n<ul class='listpc cons'>\n<li>Begr\u00e4nsad \u00e5terst\u00e4llningskapacitet i gratisversionen<\/li>\n<li>Kan vara l\u00e5ngsam med st\u00f6rre enheter<\/li>\n<\/ul>\n<\/section>\n<section>\n<div class=\"medal\">\n<div>&#129353;<\/div>\n<\/div>\n<h2><a href='https:\/\/www.wondershare.com\/data-recovery.html' rel=\"nofollow noopener\" target='_blank'>Wondershare Recoverit<\/a><\/h2>\n<p><img src=\"https:\/\/www.ping.fm\/data-recovery-software\/wp-content\/uploads\/ai\/https---www-wondershare-com-data-recovery-htmlSwedish.jpg\"><\/p>\n<p>Wondershares <b>Recoverit<\/b> erbjuder en strimma av hopp n\u00e4r f\u00f6rtvivlan \u00f6ver data ser ut att vara f\u00f6rest\u00e5ende. Denna p\u00e4rla levererar starkt med sina helt\u00e4ckande \u00e5terst\u00e4llningsl\u00f6sningar och st\u00f6d f\u00f6r \u00f6ver 1000 filtyper &#8211; ett imponerande bibliotek \u00e4ven f\u00f6r de mest m\u00e5ngfacetterade filinsamlarna d\u00e4r ute.<\/p>\n<p><a href='https:\/\/www.wondershare.com\/data-recovery.html' rel=\"nofollow noopener\" target='_blank' class='ofWSite'>Officiell webbplats<\/a><\/p>\n<h3 class='prosTitle'>F\u00f6rdelar<\/h3>\n<ul class='listpc pros'>\n<li>H\u00f6g \u00e5terst\u00e4llningsframg\u00e5ngsgrad<\/li>\n<li>Brett st\u00f6d f\u00f6r filtyper<\/li>\n<\/ul>\n<h3 class='consTitle'>Nackdelar<\/h3>\n<ul class='listpc cons'>\n<li>Kan bli kostsamt f\u00f6r premiumfunktioner<\/li>\n<li>Vissa anv\u00e4ndare rapporterar en brant inl\u00e4rningskurva<\/li>\n<\/ul>\n<\/section>\n<section>\n<div class=\"no-medal\">\n<div>4<\/div>\n<\/div>\n<h2><a href='https:\/\/www.stellarinfo.com\/' rel=\"nofollow noopener\" target='_blank'>Stellar Data Recovery<\/a><\/h2>\n<p><img src=\"https:\/\/www.ping.fm\/data-recovery-software\/wp-content\/uploads\/ai\/https---www-stellarinfo-com-Swedish.jpg\"><\/p>\n<p><b>Stellar Data Recovery<\/b> utm\u00e4rker sig i m\u00e4ngden f\u00f6r sitt professionella tillv\u00e4gag\u00e5ngss\u00e4tt n\u00e4r det g\u00e4ller data\u00e5terst\u00e4llning. Den h\u00e4r programvaran vilar inte p\u00e5 hanen, utan uppdaterar sig st\u00e4ndigt f\u00f6r att ta itu med nya hot mot dina data, vilket g\u00f6r den till ett fast val f\u00f6r dem som ser efter l\u00f6pande skydd.<\/p>\n<p><a href='https:\/\/www.stellarinfo.com\/' rel=\"nofollow noopener\" target='_blank' class='ofWSite'>Officiell webbplats<\/a><\/p>\n<h3 class='prosTitle'>F\u00f6rdelar<\/h3>\n<ul class='listpc pros'>\n<li>Diversifierat utbud av \u00e5terst\u00e4llningsalternativ<\/li>\n<li>Kontinuerliga programuppdateringar<\/li>\n<\/ul>\n<h3 class='consTitle'>Nackdelar<\/h3>\n<ul class='listpc cons'>\n<li>H\u00f6gre prisniv\u00e5 f\u00f6r avancerade funktioner<\/li>\n<li>Vissa anv\u00e4ndare rapporterar l\u00e5nga skanningstider<\/li>\n<\/ul>\n<\/section>\n<section>\n<div class=\"no-medal\">\n<div>5<\/div>\n<\/div>\n<h2><a href='https:\/\/www.piriform.com\/recuva' rel=\"nofollow noopener\" target='_blank'>Recuva<\/a><\/h2>\n<p><img src=\"https:\/\/www.ping.fm\/data-recovery-software\/wp-content\/uploads\/ai\/https---www-piriform-com-recuvaSwedish.jpg\"><\/p>\n<p><b>Recuva<\/b>, ber\u00f6mt f\u00f6r sin enkelhet och effektivitet, fungerar som ett par digitala glas\u00f6gon f\u00f6r att hj\u00e4lpa till att lokalisera dina saknade filer. Det \u00e4r en budgetv\u00e4nlig livr\u00e4ddare, speciellt f\u00f6r de som f\u00f6redrar en no-nonsense metod n\u00e4r de \u00e5terskapar data fr\u00e5n det digitala avgrunden.<\/p>\n<p><a href='https:\/\/www.piriform.com\/recuva' rel=\"nofollow noopener\" target='_blank' class='ofWSite'>Officiell Webbplats<\/a><\/p>\n<h3 class='prosTitle'>F\u00f6rdelar<\/h3>\n<ul class='listpc pros'>\n<li>Anv\u00e4ndarv\u00e4nlig f\u00f6r nyb\u00f6rjare<\/li>\n<li>Billig och erbjuder \u00e4ven en gratisversion<\/li>\n<\/ul>\n<h3 class='consTitle'>Nackdelar<\/h3>\n<ul class='listpc cons'>\n<li>Mindre robust vid hantering av komplexa scenarier<\/li>\n<li>Gr\u00e4nssnittet kan tyckas f\u00f6r\u00e5ldrat f\u00f6r vissa<\/li>\n<\/ul>\n<\/section>\n<section>\n<div class=\"no-medal\">\n<div>6<\/div>\n<\/div>\n<h2><a href='https:\/\/www.seagate.com\/services-software\/recover\/' rel=\"nofollow noopener\" target='_blank'>Seagate SeaTools<\/a><\/h2>\n<p><img src=\"https:\/\/www.ping.fm\/data-recovery-software\/wp-content\/uploads\/ai\/https---www-seagate-com-services-software-recover-Swedish.jpg\"><\/p>\n<p>L\u00e5t oss inte gl\u00f6mma bort det inhemska <b>Seagate SeaTools<\/b>, en specialiserad programvara utvecklad av Seagate sj\u00e4lva. Som ett diagnostiskt verktyg \u00e4r det utm\u00e4rkt f\u00f6r att uppt\u00e4cka problem innan de eskalerar och filer f\u00f6rsvinner in i den digitala etern.<\/p>\n<p><a href='https:\/\/www.seagate.com\/services-software\/recover\/' rel=\"nofollow noopener\" target='_blank' class='ofWSite'>Officiell Webbplats<\/a><\/p>\n<h3 class='prosTitle'>F\u00f6rdelar<\/h3>\n<ul class='listpc pros'>\n<li>Speciellt designad f\u00f6r Seagates enheter<\/li>\n<li>Gratis diagnostiskt verktyg<\/li>\n<\/ul>\n<h3 class='consTitle'>Nackdelar<\/h3>\n<ul class='listpc cons'>\n<li>Huvudsakligen f\u00f6r diagnostik, inte fullst\u00e4ndig \u00e5terh\u00e4mtning<\/li>\n<li>Kan vara komplicerat f\u00f6r genomsnittliga anv\u00e4ndare<\/li>\n<\/ul>\n<\/section>\n<section>\n<h2>Slutsats:<\/h2>\n<div class=\"nonp\">\n<p>Att f\u00f6rdjupa sig i <b>processen f\u00f6r data\u00e5terst\u00e4llning<\/b> belyser oss om den komplicerade dansen av att h\u00e4mta det som tycks vara f\u00f6rlorad data. Visste du att n\u00e4r du raderar en fil raderas den inte omedelbart utan m\u00e4rks bara som utbytbar inom enhetens tableau? Detta inneb\u00e4r att det finns hopp om \u00e5terupplivning om inte ny data skriver \u00f6ver den. F\u00f6r att f\u00f6rst\u00e5 komplexiteten bakom det b\u00f6r du l\u00e4sa om <a href='https:\/\/thelocalne.ws\/2023\/01\/29\/how-does-data-recovery-software-work\/' rel=\"dofollow noopener\" target='_blank'>processen f\u00f6r data\u00e5terst\u00e4llning<\/a>, som diskuterar hur dessa praktiska verktyg g\u00e5r till v\u00e4ga med sin verksamhet f\u00f6r data\u00e5tervinning.<\/p>\n<p>Magin ligger i programmets f\u00f6rm\u00e5ga att skanna efter dessa kvarlevor, genomkorsa filstrukturer och pussla ihop vad som en g\u00e5ng ans\u00e5gs vara o\u00e5terkalleligt. Genom att anv\u00e4nda avancerade algoritmer utf\u00f6r \u00e5terh\u00e4mtningsverktygen bedrifter som verkar likna digital nekromanti. F\u00f6r en djupare inblick, ta en titt p\u00e5 sidor som <a href='https:\/\/www.techradar.com\/' rel=\"nofollow noopener\" target='_blank'>TechRadar<\/a> eller <a href='https:\/\/www.lifehacker.com\/' rel=\"nofollow noopener\" target='_blank'>Lifehacker<\/a> f\u00f6r insikter om teknik och hur-man-g\u00f6r-guider.<\/p>\n<\/div>\n<\/section>\n","protected":false},"excerpt":{"rendered":"<p>Topp 5 b\u00e4sta Seagate-fil\u00e5terst\u00e4llningsprogram N\u00e4r det handlar om att skydda v\u00e5rt digitala liv kan betydelsen av en p\u00e5litlig l\u00f6sning f\u00f6r data\u00e5terst\u00e4llning inte \u00f6verdrivas. Som n\u00e5gon som har st\u00f6tt p\u00e5 det fruktade scenariot med dataf\u00f6rlust, kan jag personligen intyga den panik som uppst\u00e5r n\u00e4r du inser att dina v\u00e4rdefulla filer kanske \u00e4r f\u00f6rlorade f\u00f6r gott. Men [&hellip;]<\/p>\n","protected":false},"author":2,"featured_media":31330,"parent":0,"menu_order":0,"comment_status":"closed","ping_status":"closed","template":"chromecast.php","meta":{"_stopmodifiedupdate":false,"_modified_date":"","_lmt_disableupdate":"yes","_lmt_disable":""},"acf":[],"yoast_head":"<!-- This site is optimized with the Yoast SEO plugin v20.9 - https:\/\/yoast.com\/wordpress\/plugins\/seo\/ -->\n<title>2024 \u00e5rs topp 5 b\u00e4sta Seagate-fil\u00e5terst\u00e4llningsprogramvara<\/title>\n<meta name=\"robots\" content=\"index, follow, max-snippet:-1, max-image-preview:large, max-video-preview:-1\" \/>\n<link rel=\"canonical\" href=\"https:\/\/datarecovery.ping.fm\/sv\/best-seagate-file-recovery-software\/\" \/>\n<meta property=\"og:locale\" content=\"sv_SE\" \/>\n<meta property=\"og:type\" content=\"article\" \/>\n<meta property=\"og:title\" content=\"2024 \u00e5rs topp 5 b\u00e4sta Seagate-fil\u00e5terst\u00e4llningsprogramvara\" \/>\n<meta property=\"og:description\" content=\"Topp 5 b\u00e4sta Seagate-fil\u00e5terst\u00e4llningsprogram N\u00e4r det handlar om att skydda v\u00e5rt digitala liv kan betydelsen av en p\u00e5litlig l\u00f6sning f\u00f6r data\u00e5terst\u00e4llning inte \u00f6verdrivas. Som n\u00e5gon som har st\u00f6tt p\u00e5 det fruktade scenariot med dataf\u00f6rlust, kan jag personligen intyga den panik som uppst\u00e5r n\u00e4r du inser att dina v\u00e4rdefulla filer kanske \u00e4r f\u00f6rlorade f\u00f6r gott. Men [&hellip;]\" \/>\n<meta property=\"og:url\" content=\"https:\/\/datarecovery.ping.fm\/sv\/best-seagate-file-recovery-software\/\" \/>\n<meta property=\"og:site_name\" content=\"\u00c5terst\u00e4llningsprogram f\u00f6r Data\" \/>\n<meta property=\"article:modified_time\" content=\"2024-02-29T19:06:56+00:00\" \/>\n<meta property=\"og:image\" content=\"https:\/\/datarecovery.ping.fm\/wp-content\/uploads\/2024\/03\/Top-5-Best-Seagate-File-Recovery-Software-Swedish.jpg\" \/>\n\t<meta property=\"og:image:width\" content=\"1280\" \/>\n\t<meta property=\"og:image:height\" content=\"731\" \/>\n\t<meta property=\"og:image:type\" content=\"image\/jpeg\" \/>\n<meta name=\"twitter:card\" content=\"summary_large_image\" \/>\n<meta name=\"twitter:label1\" content=\"Est. reading time\" \/>\n\t<meta name=\"twitter:data1\" content=\"4 minuter\" \/>\n<script type=\"application\/ld+json\" class=\"yoast-schema-graph\">{\"@context\":\"https:\/\/schema.org\",\"@graph\":[{\"@type\":\"WebPage\",\"@id\":\"https:\/\/datarecovery.ping.fm\/sv\/best-seagate-file-recovery-software\/\",\"url\":\"https:\/\/datarecovery.ping.fm\/sv\/best-seagate-file-recovery-software\/\",\"name\":\"2024 \u00e5rs topp 5 b\u00e4sta Seagate-fil\u00e5terst\u00e4llningsprogramvara\",\"isPartOf\":{\"@id\":\"https:\/\/datarecovery.ping.fm\/sv\/#website\"},\"datePublished\":\"2024-01-15T20:29:56+00:00\",\"dateModified\":\"2024-02-29T19:06:56+00:00\",\"breadcrumb\":{\"@id\":\"https:\/\/datarecovery.ping.fm\/sv\/best-seagate-file-recovery-software\/#breadcrumb\"},\"inLanguage\":\"sv-SE\",\"potentialAction\":[{\"@type\":\"ReadAction\",\"target\":[\"https:\/\/datarecovery.ping.fm\/sv\/best-seagate-file-recovery-software\/\"]}]},{\"@type\":\"BreadcrumbList\",\"@id\":\"https:\/\/datarecovery.ping.fm\/sv\/best-seagate-file-recovery-software\/#breadcrumb\",\"itemListElement\":[{\"@type\":\"ListItem\",\"position\":1,\"name\":\"Home\",\"item\":\"https:\/\/datarecovery.ping.fm\/sv\/\"},{\"@type\":\"ListItem\",\"position\":2,\"name\":\"B\u00e4sta fem Seagate-fil\u00e5terst\u00e4llningsprogrammen\"}]},{\"@type\":\"WebSite\",\"@id\":\"https:\/\/datarecovery.ping.fm\/sv\/#website\",\"url\":\"https:\/\/datarecovery.ping.fm\/sv\/\",\"name\":\"\u00c5terst\u00e4llningsprogram f\u00f6r Data\",\"description\":\"\",\"potentialAction\":[{\"@type\":\"SearchAction\",\"target\":{\"@type\":\"EntryPoint\",\"urlTemplate\":\"https:\/\/datarecovery.ping.fm\/sv\/?s={search_term_string}\"},\"query-input\":\"required name=search_term_string\"}],\"inLanguage\":\"sv-SE\"}]}<\/script>\n<!-- \/ Yoast SEO plugin. -->","yoast_head_json":{"title":"2024 \u00e5rs topp 5 b\u00e4sta Seagate-fil\u00e5terst\u00e4llningsprogramvara","robots":{"index":"index","follow":"follow","max-snippet":"max-snippet:-1","max-image-preview":"max-image-preview:large","max-video-preview":"max-video-preview:-1"},"canonical":"https:\/\/datarecovery.ping.fm\/sv\/best-seagate-file-recovery-software\/","og_locale":"sv_SE","og_type":"article","og_title":"2024 \u00e5rs topp 5 b\u00e4sta Seagate-fil\u00e5terst\u00e4llningsprogramvara","og_description":"Topp 5 b\u00e4sta Seagate-fil\u00e5terst\u00e4llningsprogram N\u00e4r det handlar om att skydda v\u00e5rt digitala liv kan betydelsen av en p\u00e5litlig l\u00f6sning f\u00f6r data\u00e5terst\u00e4llning inte \u00f6verdrivas. Som n\u00e5gon som har st\u00f6tt p\u00e5 det fruktade scenariot med dataf\u00f6rlust, kan jag personligen intyga den panik som uppst\u00e5r n\u00e4r du inser att dina v\u00e4rdefulla filer kanske \u00e4r f\u00f6rlorade f\u00f6r gott. Men [&hellip;]","og_url":"https:\/\/datarecovery.ping.fm\/sv\/best-seagate-file-recovery-software\/","og_site_name":"\u00c5terst\u00e4llningsprogram f\u00f6r Data","article_modified_time":"2024-02-29T19:06:56+00:00","og_image":[{"width":1280,"height":731,"url":"https:\/\/datarecovery.ping.fm\/wp-content\/uploads\/2024\/03\/Top-5-Best-Seagate-File-Recovery-Software-Swedish.jpg","type":"image\/jpeg"}],"twitter_card":"summary_large_image","twitter_misc":{"Est. reading time":"4 minuter"},"schema":{"@context":"https:\/\/schema.org","@graph":[{"@type":"WebPage","@id":"https:\/\/datarecovery.ping.fm\/sv\/best-seagate-file-recovery-software\/","url":"https:\/\/datarecovery.ping.fm\/sv\/best-seagate-file-recovery-software\/","name":"2024 \u00e5rs topp 5 b\u00e4sta Seagate-fil\u00e5terst\u00e4llningsprogramvara","isPartOf":{"@id":"https:\/\/datarecovery.ping.fm\/sv\/#website"},"datePublished":"2024-01-15T20:29:56+00:00","dateModified":"2024-02-29T19:06:56+00:00","breadcrumb":{"@id":"https:\/\/datarecovery.ping.fm\/sv\/best-seagate-file-recovery-software\/#breadcrumb"},"inLanguage":"sv-SE","potentialAction":[{"@type":"ReadAction","target":["https:\/\/datarecovery.ping.fm\/sv\/best-seagate-file-recovery-software\/"]}]},{"@type":"BreadcrumbList","@id":"https:\/\/datarecovery.ping.fm\/sv\/best-seagate-file-recovery-software\/#breadcrumb","itemListElement":[{"@type":"ListItem","position":1,"name":"Home","item":"https:\/\/datarecovery.ping.fm\/sv\/"},{"@type":"ListItem","position":2,"name":"B\u00e4sta fem Seagate-fil\u00e5terst\u00e4llningsprogrammen"}]},{"@type":"WebSite","@id":"https:\/\/datarecovery.ping.fm\/sv\/#website","url":"https:\/\/datarecovery.ping.fm\/sv\/","name":"\u00c5terst\u00e4llningsprogram f\u00f6r Data","description":"","potentialAction":[{"@type":"SearchAction","target":{"@type":"EntryPoint","urlTemplate":"https:\/\/datarecovery.ping.fm\/sv\/?s={search_term_string}"},"query-input":"required name=search_term_string"}],"inLanguage":"sv-SE"}]}},"_links":{"self":[{"href":"https:\/\/datarecovery.ping.fm\/sv\/wp-json\/wp\/v2\/pages\/19724"}],"collection":[{"href":"https:\/\/datarecovery.ping.fm\/sv\/wp-json\/wp\/v2\/pages"}],"about":[{"href":"https:\/\/datarecovery.ping.fm\/sv\/wp-json\/wp\/v2\/types\/page"}],"author":[{"embeddable":true,"href":"https:\/\/datarecovery.ping.fm\/sv\/wp-json\/wp\/v2\/users\/2"}],"replies":[{"embeddable":true,"href":"https:\/\/datarecovery.ping.fm\/sv\/wp-json\/wp\/v2\/comments?post=19724"}],"version-history":[{"count":2,"href":"https:\/\/datarecovery.ping.fm\/sv\/wp-json\/wp\/v2\/pages\/19724\/revisions"}],"predecessor-version":[{"id":29296,"href":"https:\/\/datarecovery.ping.fm\/sv\/wp-json\/wp\/v2\/pages\/19724\/revisions\/29296"}],"wp:featuredmedia":[{"embeddable":true,"href":"https:\/\/datarecovery.ping.fm\/sv\/wp-json\/wp\/v2\/media\/31330"}],"wp:attachment":[{"href":"https:\/\/datarecovery.ping.fm\/sv\/wp-json\/wp\/v2\/media?parent=19724"}],"curies":[{"name":"wp","href":"https:\/\/api.w.org\/{rel}","templated":true}]}}