{"id":19527,"date":"2024-01-15T20:25:31","date_gmt":"2024-01-15T20:25:31","guid":{"rendered":"https:\/\/www.ping.fm\/data-recovery-software\/easeus-data-recovery\/"},"modified":"2024-02-29T19:06:54","modified_gmt":"2024-02-29T19:06:54","slug":"easeus-data-recovery","status":"publish","type":"page","link":"https:\/\/datarecovery.ping.fm\/sv\/easeus-data-recovery\/","title":{"rendered":"EaseUS Data Recovery Review (F\u00f6rdelar och Nackdelar)"},"content":{"rendered":"<section>\n<h1>Easeus Data Recovery Recension (F\u00f6r- och Nackdelar)<\/h1>\n<div class=\"inbrief\">\n<div>&#13;             <img decoding=\"async\" class=\"lazyload\"  srcset=\"data:image\/png;base64,iVBORw0KGgoAAAANSUhEUgAABLAAAAKkAQMAAAAqeFQ7AAAAA3NCSVQICAjb4U\/gAAAABlBMVEX\/\/\/\/\/\/\/9VfPVsAAAAAnRSTlMA\/1uRIrUAAAAJcEhZcwAACxIAAAsSAdLdfvwAAAAcdEVYdFNvZnR3YXJlAEFkb2JlIEZpcmV3b3JrcyBDUzbovLKMAAAAFnRFWHRDcmVhdGlvbiBUaW1lADAxLzI5LzE536V52wAAAHpJREFUeJztwQENAAAAwqD3T20ON6AAAAAAAAAAAAAAAAAAAAAAAAAAAAAAAAAAAAAAAAAAAAAAAAAAAAAAAAAAAAAAAAAAAAAAAAAAAAAAAAAAAAAAAAAAAAAAAAAAAAAAAAAAAAAAAAAAAAAAAAAAAAAAAAAAAIAHA47LAAHp9LjEAAAAAElFTkSuQmCC\" src=\"https:\/\/www.ping.fm\/data-recovery-software\/wp-content\/uploads\/ai\/Easeus-Data-Recovery-Review-(Pros-Cons)-Swedish.jpg\" data-srcset=\"https:\/\/www.ping.fm\/data-recovery-software\/wp-content\/uploads\/ai\/Easeus-Data-Recovery-Review-(Pros-Cons)-Swedish.jpg\" data-lazy-type=\"image\" data-original=\"https:\/\/www.ping.fm\/data-recovery-software\/wp-content\/uploads\/ai\/Easeus-Data-Recovery-Review-(Pros-Cons)-Swedish.jpg\" alt=\"Easeus Data Recovery Recension (F\u00f6r- och Nackdelar)\" title=\"Easeus Data Recovery Recension (F\u00f6r- och Nackdelar)\" width=\"1280\" height=\"720\">&#13;             <\/p>\n<p>I dagens digitala v\u00e4rld kan f\u00f6rlust av data vara en skr\u00e4mmande upplevelse. Oavsett om det sker genom oavsiktlig borttagning, h\u00e5rddiskfel eller en virusattack, \u00e4r resultatet detsamma: viktiga filer tycks f\u00f6rsvinna i tomma intet. Men frukta inte, data\u00e5terst\u00e4llningsprogram kommer in i bilden och lovar en strimma av hopp. Bland dessa har EaseUS Data Recovery framtr\u00e4tt som en eftertraktad l\u00f6sning, men hur st\u00e5r den sig j\u00e4mf\u00f6rt med andra alternativ som Disk Drill? I denna recension ska vi ta en ing\u00e5ende titt p\u00e5 EaseUS Data Recovery och j\u00e4mf\u00f6ra den med Disk Drill och tv\u00e5 andra data\u00e5terst\u00e4llningsapplikationer.<\/p>\n<\/div>\n<\/div>\n<\/section>\n<p>&#13;             <\/p>\n<section>\n<div class=\"medal\">\n<div>&#129351;<\/div>\n<\/div>\n<h2><a href=\"https:\/\/www.easeus.com\/datarecoverywizard\/free-data-recovery-software.htm\" rel=\"nofollow external noopener noreferrer\" target=\"_blank\" data-wpel-link=\"external\">EaseUS Data Recovery Wizard<\/a><\/h2>\n<p><img src=\"https:\/\/www.ping.fm\/data-recovery-software\/wp-content\/uploads\/ai\/https---www-easeus-com-datarecoverywizard-free-data-recovery-software-htmSwedish.jpg\"><\/p>\n<p>Med ett anv\u00e4ndarv\u00e4nligt gr\u00e4nssnitt och robusta \u00e5terh\u00e4mtningsfunktioner, erbjuder <b>EaseUS Data Recovery Wizard<\/b> en livlina f\u00f6r f\u00f6rlorad data. L\u00e4mplig f\u00f6r b\u00e5de nyb\u00f6rjare och proffs, EaseUS tillhandah\u00e5ller b\u00e5de snabba och ing\u00e5ende skanningsalternativ f\u00f6r olika \u00e5terst\u00e4llningsbehov.<\/p>\n<p><a href=\"https:\/\/www.easeus.com\/datarecoverywizard\/free-data-recovery-software.htm\" rel=\"nofollow external noopener noreferrer\" target=\"_blank\" class=\"ofWSite\" data-wpel-link=\"external\">Officiell Webbplats<\/a><\/p>\n<h3 class='prosTitle'>F\u00f6rdelar<\/h3>\n<ul class='listpc pros'>\n<li>Intuitivt anv\u00e4ndargr\u00e4nssnitt<\/li>\n<li>Erjuder en gratisversion f\u00f6r prelimin\u00e4r data\u00e5terst\u00e4llning<\/li>\n<\/ul>\n<h3 class='consTitle'>Nackdelar<\/h3>\n<ul class='listpc cons'>\n<li>Begr\u00e4nsad \u00e5terst\u00e4llningskapacitet i gratisversionen<\/li>\n<li>Fullst\u00e4ndig \u00e5terst\u00e4llning kan vara ganska kostsam<\/li>\n<\/ul>\n<\/section>\n<p>&#13;             <\/p>\n<section>\n<div class=\"medal\">\n<div>&#129352;<\/div>\n<\/div>\n<h2><a href=\"https:\/\/www.cleverfiles.com\/\" rel=\"follow noopener\" target=\"_blank\" data-wpel-link=\"internal\">Disk Drill<\/a><\/h2>\n<p><img src=\"https:\/\/www.ping.fm\/data-recovery-software\/wp-content\/uploads\/ai\/https---www-cleverfiles-com-Swedish.jpg\"><\/p>\n<p><b>Disk Drill<\/b> \u00e4r inte bara ett alternativ till <b>EaseUS Data Recovery<\/b> det \u00e4r en kraftfull maskin som f\u00f6r in avancerade fil\u00e5terst\u00e4llningstekniker inom r\u00e4ckh\u00e5ll. Med flera \u00e5terst\u00e4llningsmetoder och st\u00f6d f\u00f6r olika filsystem utm\u00e4rker sig Disk Drill med sin h\u00f6ga framg\u00e5ngsgrad.<\/p>\n<p><a href=\"https:\/\/www.cleverfiles.com\/\" rel=\"follow noopener\" target=\"_blank\" class=\"ofWSite\" data-wpel-link=\"internal\">Officiell Webbplats<\/a><\/p>\n<h3 class='prosTitle'>F\u00f6rdelar<\/h3>\n<ul class='listpc pros'>\n<li>Premiumfunktioner s\u00e5som SMART-\u00f6vervakning<\/li>\n<li>Recovery Vault f\u00f6r extra datas\u00e4kerhet<\/li>\n<\/ul>\n<h3 class='consTitle'>Nackdelar<\/h3>\n<ul class='listpc cons'>\n<li>Gratisversionen till\u00e5ter \u00e5terst\u00e4llning av upp till 500MB<\/li>\n<li>Gr\u00e4nssnittet kan vara \u00f6verv\u00e4ldigande f\u00f6r nya anv\u00e4ndare<\/li>\n<\/ul>\n<\/section>\n<p>&#13;             <\/p>\n<section>\n<div class=\"medal\">\n<div>&#129353;<\/div>\n<\/div>\n<h2><a href=\"https:\/\/www.r-studio.com\/\" rel=\"nofollow external noopener noreferrer\" target=\"_blank\" data-wpel-link=\"external\">R-Studio Data Recovery<\/a><\/h2>\n<p><img src=\"https:\/\/www.ping.fm\/data-recovery-software\/wp-content\/uploads\/ai\/https---www-r-studio-com-Swedish.jpg\"><\/p>\n<p>Designad med professionella i \u00e5tanke \u00e4r <b>R-Studio Data Recovery<\/b> k\u00e4nd f\u00f6r sitt omfattande verktygsutbud. Denna kraftfulla l\u00f6sning hanterar logisk partitionsskada och filkorruption med relativ l\u00e4tthet och har dessutom f\u00f6rdelen av plattforms\u00f6verskridande kompatibilitet.<\/p>\n<p><a href=\"https:\/\/www.r-studio.com\/\" rel=\"nofollow external noopener noreferrer\" target=\"_blank\" class=\"ofWSite\" data-wpel-link=\"external\">Officiell Webbplats<\/a><\/p>\n<h3 class='prosTitle'>F\u00f6rdelar<\/h3>\n<ul class='listpc pros'>\n<li>Avancerade funktioner f\u00f6r professionellt bruk<\/li>\n<li>St\u00f6d f\u00f6r n\u00e4tverks\u00e5terst\u00e4llning<\/li>\n<\/ul>\n<h3 class='consTitle'>Nackdelar<\/h3>\n<ul class='listpc cons'>\n<li>St\u00f6rre inl\u00e4rningskurva f\u00f6r nyb\u00f6rjare<\/li>\n<li>Layouten kan verka daterad<\/li>\n<\/ul>\n<\/section>\n<section>\n<div class=\"no-medal\">\n<div>4<\/div>\n<\/div>\n<h2>Wondershare Recoverit<\/h2>\n<p><b>Wondershare Recoverit<\/b> syftar till att erbjuda en str\u00f6mlinjeformad \u00e5terst\u00e4llningsupplevelse med betoning p\u00e5 visuell klarhet. Dess snabba skanningshastighet och anv\u00e4ndarv\u00e4nliga gr\u00e4nssnitt g\u00f6r det enkelt f\u00f6r nyb\u00f6rjare att b\u00f6rja \u00e5terst\u00e4lla filer utan en brant inl\u00e4rningskurva.<\/p>\n<p>Officiell webbsida<\/p>\n<h3 class='prosTitle'>F\u00f6rdelar<\/h3>\n<ul class='listpc pros'>\n<li>Anv\u00e4ndarv\u00e4nlig design<\/li>\n<li>Snabba skanningshastigheter<\/li>\n<\/ul>\n<h3 class='consTitle'>Nackdelar<\/h3>\n<ul class='listpc cons'>\n<li>Dyrare j\u00e4mf\u00f6rt med andra<\/li>\n<li>Gratisversionen har begr\u00e4nsade funktioner<\/li>\n<\/ul>\n<\/section>\n<section>\n<h2>Youtube-video att titta p\u00e5<\/h2>\n<div class=\"nonp iframe\"><span class=\"lazyload\" data-original_content=\"PGlmcmFtZSB3aWR0aD0iNDIwIiBoZWlnaHQ9IjMxNSIgc3JjPSIvL3d3dy55b3V0dWJlLmNvbS9lbWJlZC9JR0VpenIxV1ozRSIgZnJhbWVib3JkZXI9IjAiIGFsbG93ZnVsbHNjcmVlbj48L2lmcmFtZT4=\"><\/span><\/div>\n<\/section>\n<p>&#13; <\/p>\n<section>\n<h2>Slutsats:<\/h2>\n<div class=\"nonp\">\n<p>N\u00e4r det kommer till programvara f\u00f6r data\u00e5terst\u00e4llning b\u00f6r den fr\u00e4msta \u00f6verv\u00e4gningen vara \u00e5terst\u00e4llningsframg\u00e5ngsfrekvensen. H\u00e4r \u00e4r det <b>Disk Drill<\/b> som lyser starkt, ofta \u00f6vertr\u00e4ffar det anv\u00e4ndarnas f\u00f6rv\u00e4ntningar. Dess Recovery Vault-funktion fungerar som ett extra skydd, som hj\u00e4lper till att skydda viktiga filer innan m\u00f6jlig datarf\u00f6rlust.<\/p>\n<p>Uttrycket &#8221;f\u00f6rebyggande \u00e4r b\u00e4ttre \u00e4n botemedel&#8221; \u00e4r s\u00e4rskilt sant inom omr\u00e5det f\u00f6r data\u00e5terst\u00e4llning. Applikationer som <a href=\"https:\/\/www.cleverfiles.com\/Disk-drill-windows.html\" rel=\"follow noopener\" target=\"_blank\" data-wpel-link=\"internal\">Disk Drill<\/a> och andra vi diskuterat h\u00e4r tj\u00e4nar i stor utstr\u00e4ckning som ett botemedel, men de erbjuder ocks\u00e5 f\u00f6rebyggande \u00e5tg\u00e4rder, s\u00e5som Disk Drills Recovery Vault. Genom att implementera s\u00e5dana funktioner \u00e4r det moderna motsvarigheten till en f\u00f6rs\u00e4kringspolicy f\u00f6r ditt digitala liv.<\/p>\n<p>Det \u00e4r ocks\u00e5 kritiskt att leta efter programvara som st\u00f6der ett brett utbud av filsystem och lagringsenheter. Kompatibilitet med de senaste versionerna av Windows och macOS s\u00e4kerst\u00e4ller att programvaran v\u00e4xer tillsammans med dina behov. F\u00f6r de med avancerad teknisk kunskap kan R-Studio Data Recoverys n\u00e4tverkskapaciteter erbjuda det extra lager av flexibilitet som beh\u00f6vs f\u00f6r komplexa \u00e5terst\u00e4llningsuppgifter.<\/p>\n<p>Priset kan vara en dealbreaker f\u00f6r m\u00e5nga, men det \u00e4r avg\u00f6rande att v\u00e4ga kostnaden mot v\u00e4rdet av potentiellt \u00e5tervunna data. Medan vissa kan rygga inf\u00f6r priset p\u00e5 <b>Wondershare Recoverit<\/b>, \u00e5terst\u00e5r fr\u00e5gan &#8211; kan man verkligen s\u00e4tta ett pris p\u00e5 oers\u00e4ttliga minnen eller avg\u00f6rande arbetsfiler?<\/p>\n<p>Det \u00e4r dock viktigt att vara f\u00f6rsiktig. V\u00e4lj alltid ett p\u00e5litligt och s\u00e4kert \u00e5terst\u00e4llningsprogram som <b>Disk Drill<\/b> eller <b>EaseUS Data Recovery Wizard<\/b>, som prioriterar datas\u00e4kerhet. Anv\u00e4nd gratis provversioner f\u00f6r att bed\u00f6ma prestandan; en f\u00f6rsta skanning ger ofta en god indikation p\u00e5 programmets funktioner. <\/p>\n<p>Slutligen, \u00e4ven om <b>Disk Drill<\/b> utan tvekan \u00e4r en stark konkurrent inom omr\u00e5det f\u00f6r data\u00e5terst\u00e4llningsprogram, finns det ett annat program som utm\u00e4rker sig som ett <a href=\"https:\/\/disk-drill.com\" rel=\"dofollow external noopener noreferrer\" target=\"_blank\" data-wpel-link=\"external\">alternativ till EaseUs data\u00e5terst\u00e4llning<\/a>, och kombinerar robust funktionalitet med anv\u00e4ndarv\u00e4nlighet. Det \u00e4r v\u00e4sentligt att \u00f6verv\u00e4ga <b>Disk Drill<\/b>:s hemsida och hur den betonar ett anv\u00e4ndarcentrerat tillv\u00e4gag\u00e5ngss\u00e4tt, som erbjuder intuitiv navigering tillsammans med sina kraftfulla \u00e5terst\u00e4llningsverktyg.<\/p>\n<\/div>\n<\/section>\n","protected":false},"excerpt":{"rendered":"<p>Easeus Data Recovery Recension (F\u00f6r- och Nackdelar) &#13; &#13; I dagens digitala v\u00e4rld kan f\u00f6rlust av data vara en skr\u00e4mmande upplevelse. Oavsett om det sker genom oavsiktlig borttagning, h\u00e5rddiskfel eller en virusattack, \u00e4r resultatet detsamma: viktiga filer tycks f\u00f6rsvinna i tomma intet. Men frukta inte, data\u00e5terst\u00e4llningsprogram kommer in i bilden och lovar en strimma av [&hellip;]<\/p>\n","protected":false},"author":2,"featured_media":31319,"parent":0,"menu_order":0,"comment_status":"closed","ping_status":"closed","template":"chromecast.php","meta":{"_stopmodifiedupdate":false,"_modified_date":"","_lmt_disableupdate":"yes","_lmt_disable":""},"acf":[],"yoast_head":"<!-- This site is optimized with the Yoast SEO plugin v20.9 - https:\/\/yoast.com\/wordpress\/plugins\/seo\/ -->\n<title>EaseUS Data Recovery recensioner och alternativ 2024 (f\u00f6r- och nackdelar)<\/title>\n<meta name=\"robots\" content=\"index, follow, max-snippet:-1, max-image-preview:large, max-video-preview:-1\" \/>\n<link rel=\"canonical\" href=\"https:\/\/datarecovery.ping.fm\/sv\/easeus-data-recovery\/\" \/>\n<meta property=\"og:locale\" content=\"sv_SE\" \/>\n<meta property=\"og:type\" content=\"article\" \/>\n<meta property=\"og:title\" content=\"EaseUS Data Recovery recensioner och alternativ 2024 (f\u00f6r- och nackdelar)\" \/>\n<meta property=\"og:description\" content=\"Easeus Data Recovery Recension (F\u00f6r- och Nackdelar) &#013; &#013; I dagens digitala v\u00e4rld kan f\u00f6rlust av data vara en skr\u00e4mmande upplevelse. Oavsett om det sker genom oavsiktlig borttagning, h\u00e5rddiskfel eller en virusattack, \u00e4r resultatet detsamma: viktiga filer tycks f\u00f6rsvinna i tomma intet. Men frukta inte, data\u00e5terst\u00e4llningsprogram kommer in i bilden och lovar en strimma av [&hellip;]\" \/>\n<meta property=\"og:url\" content=\"https:\/\/datarecovery.ping.fm\/sv\/easeus-data-recovery\/\" \/>\n<meta property=\"og:site_name\" content=\"\u00c5terst\u00e4llningsprogram f\u00f6r Data\" \/>\n<meta property=\"article:modified_time\" content=\"2024-02-29T19:06:54+00:00\" \/>\n<meta property=\"og:image\" content=\"https:\/\/datarecovery.ping.fm\/wp-content\/uploads\/2024\/03\/Easeus-Data-Recovery-Review-Pros-Cons-Swedish.jpg\" \/>\n\t<meta property=\"og:image:width\" content=\"1280\" \/>\n\t<meta property=\"og:image:height\" content=\"731\" \/>\n\t<meta property=\"og:image:type\" content=\"image\/jpeg\" \/>\n<meta name=\"twitter:card\" content=\"summary_large_image\" \/>\n<meta name=\"twitter:label1\" content=\"Est. reading time\" \/>\n\t<meta name=\"twitter:data1\" content=\"4 minuter\" \/>\n<script type=\"application\/ld+json\" class=\"yoast-schema-graph\">{\"@context\":\"https:\/\/schema.org\",\"@graph\":[{\"@type\":\"WebPage\",\"@id\":\"https:\/\/datarecovery.ping.fm\/sv\/easeus-data-recovery\/\",\"url\":\"https:\/\/datarecovery.ping.fm\/sv\/easeus-data-recovery\/\",\"name\":\"EaseUS Data Recovery recensioner och alternativ 2024 (f\u00f6r- och nackdelar)\",\"isPartOf\":{\"@id\":\"https:\/\/datarecovery.ping.fm\/sv\/#website\"},\"datePublished\":\"2024-01-15T20:25:31+00:00\",\"dateModified\":\"2024-02-29T19:06:54+00:00\",\"breadcrumb\":{\"@id\":\"https:\/\/datarecovery.ping.fm\/sv\/easeus-data-recovery\/#breadcrumb\"},\"inLanguage\":\"sv-SE\",\"potentialAction\":[{\"@type\":\"ReadAction\",\"target\":[\"https:\/\/datarecovery.ping.fm\/sv\/easeus-data-recovery\/\"]}]},{\"@type\":\"BreadcrumbList\",\"@id\":\"https:\/\/datarecovery.ping.fm\/sv\/easeus-data-recovery\/#breadcrumb\",\"itemListElement\":[{\"@type\":\"ListItem\",\"position\":1,\"name\":\"Home\",\"item\":\"https:\/\/datarecovery.ping.fm\/sv\/\"},{\"@type\":\"ListItem\",\"position\":2,\"name\":\"EaseUS Data Recovery Review (F\u00f6rdelar och Nackdelar)\"}]},{\"@type\":\"WebSite\",\"@id\":\"https:\/\/datarecovery.ping.fm\/sv\/#website\",\"url\":\"https:\/\/datarecovery.ping.fm\/sv\/\",\"name\":\"\u00c5terst\u00e4llningsprogram f\u00f6r Data\",\"description\":\"\",\"potentialAction\":[{\"@type\":\"SearchAction\",\"target\":{\"@type\":\"EntryPoint\",\"urlTemplate\":\"https:\/\/datarecovery.ping.fm\/sv\/?s={search_term_string}\"},\"query-input\":\"required name=search_term_string\"}],\"inLanguage\":\"sv-SE\"}]}<\/script>\n<!-- \/ Yoast SEO plugin. -->","yoast_head_json":{"title":"EaseUS Data Recovery recensioner och alternativ 2024 (f\u00f6r- och nackdelar)","robots":{"index":"index","follow":"follow","max-snippet":"max-snippet:-1","max-image-preview":"max-image-preview:large","max-video-preview":"max-video-preview:-1"},"canonical":"https:\/\/datarecovery.ping.fm\/sv\/easeus-data-recovery\/","og_locale":"sv_SE","og_type":"article","og_title":"EaseUS Data Recovery recensioner och alternativ 2024 (f\u00f6r- och nackdelar)","og_description":"Easeus Data Recovery Recension (F\u00f6r- och Nackdelar) &#13; &#13; I dagens digitala v\u00e4rld kan f\u00f6rlust av data vara en skr\u00e4mmande upplevelse. Oavsett om det sker genom oavsiktlig borttagning, h\u00e5rddiskfel eller en virusattack, \u00e4r resultatet detsamma: viktiga filer tycks f\u00f6rsvinna i tomma intet. Men frukta inte, data\u00e5terst\u00e4llningsprogram kommer in i bilden och lovar en strimma av [&hellip;]","og_url":"https:\/\/datarecovery.ping.fm\/sv\/easeus-data-recovery\/","og_site_name":"\u00c5terst\u00e4llningsprogram f\u00f6r Data","article_modified_time":"2024-02-29T19:06:54+00:00","og_image":[{"width":1280,"height":731,"url":"https:\/\/datarecovery.ping.fm\/wp-content\/uploads\/2024\/03\/Easeus-Data-Recovery-Review-Pros-Cons-Swedish.jpg","type":"image\/jpeg"}],"twitter_card":"summary_large_image","twitter_misc":{"Est. reading time":"4 minuter"},"schema":{"@context":"https:\/\/schema.org","@graph":[{"@type":"WebPage","@id":"https:\/\/datarecovery.ping.fm\/sv\/easeus-data-recovery\/","url":"https:\/\/datarecovery.ping.fm\/sv\/easeus-data-recovery\/","name":"EaseUS Data Recovery recensioner och alternativ 2024 (f\u00f6r- och nackdelar)","isPartOf":{"@id":"https:\/\/datarecovery.ping.fm\/sv\/#website"},"datePublished":"2024-01-15T20:25:31+00:00","dateModified":"2024-02-29T19:06:54+00:00","breadcrumb":{"@id":"https:\/\/datarecovery.ping.fm\/sv\/easeus-data-recovery\/#breadcrumb"},"inLanguage":"sv-SE","potentialAction":[{"@type":"ReadAction","target":["https:\/\/datarecovery.ping.fm\/sv\/easeus-data-recovery\/"]}]},{"@type":"BreadcrumbList","@id":"https:\/\/datarecovery.ping.fm\/sv\/easeus-data-recovery\/#breadcrumb","itemListElement":[{"@type":"ListItem","position":1,"name":"Home","item":"https:\/\/datarecovery.ping.fm\/sv\/"},{"@type":"ListItem","position":2,"name":"EaseUS Data Recovery Review (F\u00f6rdelar och Nackdelar)"}]},{"@type":"WebSite","@id":"https:\/\/datarecovery.ping.fm\/sv\/#website","url":"https:\/\/datarecovery.ping.fm\/sv\/","name":"\u00c5terst\u00e4llningsprogram f\u00f6r Data","description":"","potentialAction":[{"@type":"SearchAction","target":{"@type":"EntryPoint","urlTemplate":"https:\/\/datarecovery.ping.fm\/sv\/?s={search_term_string}"},"query-input":"required name=search_term_string"}],"inLanguage":"sv-SE"}]}},"_links":{"self":[{"href":"https:\/\/datarecovery.ping.fm\/sv\/wp-json\/wp\/v2\/pages\/19527"}],"collection":[{"href":"https:\/\/datarecovery.ping.fm\/sv\/wp-json\/wp\/v2\/pages"}],"about":[{"href":"https:\/\/datarecovery.ping.fm\/sv\/wp-json\/wp\/v2\/types\/page"}],"author":[{"embeddable":true,"href":"https:\/\/datarecovery.ping.fm\/sv\/wp-json\/wp\/v2\/users\/2"}],"replies":[{"embeddable":true,"href":"https:\/\/datarecovery.ping.fm\/sv\/wp-json\/wp\/v2\/comments?post=19527"}],"version-history":[{"count":2,"href":"https:\/\/datarecovery.ping.fm\/sv\/wp-json\/wp\/v2\/pages\/19527\/revisions"}],"predecessor-version":[{"id":29284,"href":"https:\/\/datarecovery.ping.fm\/sv\/wp-json\/wp\/v2\/pages\/19527\/revisions\/29284"}],"wp:featuredmedia":[{"embeddable":true,"href":"https:\/\/datarecovery.ping.fm\/sv\/wp-json\/wp\/v2\/media\/31319"}],"wp:attachment":[{"href":"https:\/\/datarecovery.ping.fm\/sv\/wp-json\/wp\/v2\/media?parent=19527"}],"curies":[{"name":"wp","href":"https:\/\/api.w.org\/{rel}","templated":true}]}}