{"id":19154,"date":"2023-12-25T15:46:11","date_gmt":"2023-12-25T15:46:11","guid":{"rendered":"https:\/\/www.ping.fm\/data-recovery-software\/recover-deleted-photos\/"},"modified":"2024-02-21T05:49:26","modified_gmt":"2024-02-21T05:49:26","slug":"recover-deleted-photos","status":"publish","type":"page","link":"https:\/\/datarecovery.ping.fm\/sv\/recover-deleted-photos\/","title":{"rendered":"Enkla steg f\u00f6r att \u00e5terst\u00e4lla raderade bilder i Windows"},"content":{"rendered":"<section>\n<h1>Enkla steg f\u00f6r att \u00e5terst\u00e4lla raderade bilder i Windows<\/h1>\n<div class=\"inbrief\">\n<div>             <img src=\"https:\/\/www.ping.fm\/data-recovery-software\/wp-content\/uploads\/ai\/Simple-steps-to-recover-your-deleted-photos-on-Windows-Swedish.jpg\" alt=\"Enkla steg f\u00f6r att \u00e5terst\u00e4lla raderade bilder i Windows\" title=\"Enkla steg f\u00f6r att \u00e5terst\u00e4lla raderade bilder i Windows\" width=\"1280\" height=\"720\">             <\/p>\n<p>T\u00e4nk dig att f\u00e5nga det perfekta \u00f6gonblicket med kameran, bara f\u00f6r att av misstag radera det fr\u00e5n din Windows-dator. Den sjunkande k\u00e4nslan n\u00e4r du inser att bilden \u00e4r borta kan vara \u00f6verv\u00e4ldigande. Tack och lov finns det flera strategier f\u00f6r att f\u00f6rs\u00f6ka <b>\u00e5terst\u00e4lla raderade bilder<\/b> i Windows. I denna omfattande guide kommer jag att dela med mig av min personliga erfarenhet om hur man \u00e5terskapar dessa k\u00e4ra minnen, inklusive metoden med <b>Disk Drill<\/b>. Oavsett om du r\u00e5kat ut f\u00f6r oavsiktlig radering, korruption eller systemkrasch, t\u00e4cker den h\u00e4r artikeln praktiska metoder f\u00f6r att hj\u00e4lpa dig att \u00e5terf\u00e5 dina ov\u00e4rderliga bilder.<\/p>\n<\/div>\n<\/div>\n<\/section>\n<section>\n<div>\n<div>1<\/div>\n<h2>Vanliga scenarion:<\/h2>\n<\/div>\n<h3>Oavsiktlig radering &#128560;<\/h3>\n<ul>\n<li>H\u00f6gerklicka och oavsiktligt tr\u00e4ffa <b>&#8217;Radera&#8217;<\/b> ist\u00e4llet f\u00f6r &#8217;Byt namn&#8217;<\/li>\n<li>T\u00f6mma <b>Papperskorgen<\/b> utan att kontrollera dess inneh\u00e5ll<\/li>\n<li>Anv\u00e4nda kombinationen <b>&#8217;Shift+Delete&#8217;<\/b> som hoppar \u00f6ver Papperskorgen<\/li>\n<\/ul>\n<h3>Systemproblem &#128577;<\/h3>\n<ul>\n<li>Drabbas av systemkrasch som resulterar i f\u00f6rlorad data<\/li>\n<li>Drabbas av ett <b>skadlig kod<\/b>-anfall som korrumperar filer<\/li>\n<li>F\u00e5 en <b>h\u00e5rddiskfel<\/b> d\u00e4r bilder lagrades<\/li>\n<\/ul>\n<h3>Programvarufel &#128542;<\/h3>\n<ul>\n<li>Hantering av krasch i en <b>fotoediteringsprogramvara<\/b> som leder till att osparat arbete g\u00e5r f\u00f6rlorat<\/li>\n<li>Uppgradering till ett nytt <b>operativsystem<\/b> utan en korrekt s\u00e4kerhetskopia, vilket orsakar datal\u00e4ckage<\/li>\n<li>Uppleva filsystemskorruption som p\u00e5verkar bildfiler<\/li>\n<\/ul>\n<\/section>\n<section class=\"stepByStep\">\n<div>\n<div>2<\/div>\n<h2>Steg-f\u00f6r-steg-guide. \u00c5terst\u00e4llning av raderade bilder:<\/h2>\n<\/div>\n<h3>Metod 1: \u00c5terst\u00e4lla fr\u00e5n Papperskorgen &#128229;<\/h3>\n<ul>\n<li>\u00d6ppna <b>Papperskorgen<\/b> genom att dubbelklicka p\u00e5 dess ikon p\u00e5 skrivbordet<\/li>\n<li>Hitta de borttagna bilderna och v\u00e4lj dem<\/li>\n<li>H\u00f6gerklicka och v\u00e4lj <b>&#8217;\u00c5terst\u00e4ll&#8217;<\/b> f\u00f6r att \u00e5terst\u00e4lla fotona till deras ursprungliga plats<\/li>\n<\/ul>\n<p><b>Obs:<\/b> Denna metod fungerar bara om filerna inte \u00e4r permanent borttagna och Papperskorgen inte har t\u00f6mts.<\/p>\n<p><b>Slutsats:<\/b> \u00c5terst\u00e4llning fr\u00e5n Papperskorgen \u00e4r den enklaste metoden, f\u00f6rutsatt att filerna fortfarande finns kvar inuti den.<\/p>\n<h3>Metod 2: Filhistorikbackup &#128197;<\/h3>\n<ul>\n<li>G\u00e5 till <b>Inst\u00e4llningar<\/b> > &#8217;Uppdatering &#038; s\u00e4kerhet&#8217; > &#8217;S\u00e4kerhetskopia&#8217;<\/li>\n<li>Klicka p\u00e5 &#8217;Fler alternativ&#8217; under <b>&#8217;S\u00e4kerhetskopiera med filhistorik&#8217;<\/b><\/li>\n<li>V\u00e4lj &#8217;\u00c5terst\u00e4ll filer fr\u00e5n en aktuell s\u00e4kerhetskopia&#8217;<\/li>\n<li>Anv\u00e4nd pilarna f\u00f6r att hitta versionen av mappen d\u00e4r ditt foto var lagrat och klicka p\u00e5 <b>&#8217;\u00c5terst\u00e4ll&#8217;<\/b> f\u00f6r att \u00e5terh\u00e4mta den<\/li>\n<\/ul>\n<p><b>Obs:<\/b> Filhistorik m\u00e5ste vara inst\u00e4llt innan datan gick f\u00f6rlorad f\u00f6r att denna metod ska vara effektiv.<\/p>\n<p><b>Slutsats:<\/b> Filhistorikfunktionen ger ett p\u00e5litligt s\u00e4tt att \u00e5terst\u00e4lla f\u00f6rlorade bilder om den har varit aktiverad tidigare.<\/p>\n<h3>Metod 3: Tidigare Versioner (Skuggkopior) &#128190;<\/h3>\n<ul>\n<li>Navigera till mappen som inneh\u00f6ll de raderade fotona<\/li>\n<li>H\u00f6gerklicka p\u00e5 mappen och v\u00e4lj &#8217;\u00c5terst\u00e4ll tidigare versioner&#8217;<\/li>\n<li>V\u00e4lj en version innan bilderna togs bort och klicka p\u00e5 <b>&#8217;\u00c5terst\u00e4ll&#8217;<\/b><\/li>\n<\/ul>\n<p><b>Obs:<\/b> Denna metod \u00e4r beroende av \u00e5terst\u00e4llningspunkter i System\u00e5terst\u00e4llningen och \u00e4r inte alltid tillg\u00e4nglig.<\/p>\n<p><b>Slutsats:<\/b> Tidigare Versioner kan vara en livr\u00e4ddare f\u00f6r bilder som g\u00e5tt f\u00f6rlorade p\u00e5 grund av mindre system\u00e4ndringar eller nyliga borttagningar.<\/p>\n<h3>Metod 4: Anv\u00e4nda kommandoraden &#128187;<\/h3>\n<ul>\n<li>\u00d6ppna <b>Kommandotolken<\/b> som administrat\u00f6r genom att skriva &#8217;cmd&#8217; i s\u00f6kf\u00e4ltet och v\u00e4lja &#8217;K\u00f6r som administrat\u00f6r&#8217;<\/li>\n<li>Skriv <b>&#8217;chkdsk [enhetsbokstav]: \/f&#8217;<\/b> och tryck Enter f\u00f6r att kontrollera disken f\u00f6r fel<\/li>\n<li>Efter slutf\u00f6randet, skriv &#8217;ATTRIB -H -R -S \/S \/D [enhetsbokstav]:*.*&#8217; och tryck Enter f\u00f6r att \u00e5terst\u00e4lla dolda eller systemfiler<\/li>\n<\/ul>\n<p><b>Obs:<\/b> Denna kommandoradsteknik kan \u00e5terskapa systemfiler och dolda filer men \u00e4r inte specifikt utformad f\u00f6r foto\u00e5terst\u00e4llning.<\/p>\n<p><b>Slutsats:<\/b> \u00c4ven om det inte \u00e4r ett direkt s\u00e4tt att \u00e5terst\u00e4lla foton, kan denna metod vara anv\u00e4ndbar om borttagningen orsakade att filattribut \u00e4ndras.<\/p>\n<h3>Metod 5: \u00c5terst\u00e4llningsprogramvara Disk Drill &#128293;<\/h3>\n<ul>\n<li>Ladda ner och installera <b>Disk Drill<\/b> genom att <a href='https:\/\/www.cleverfiles.com\/howto\/recover-deleted-photos-windows-10.html' rel=\"dofollow noopener\" target='_blank'>\u00e5terst\u00e4lla raderade foton<\/a> p\u00e5 din dator<\/li>\n<li>Starta Disk Drill och v\u00e4lj den enhet du vill \u00e5terst\u00e4lla bilder fr\u00e5n<\/li>\n<li>Klicka p\u00e5 <b>&#8217;\u00c5terst\u00e4ll&#8217;<\/b> f\u00f6r att starta skanningen efter f\u00f6rlorade filer<\/li>\n<li>F\u00f6rhandsgranska \u00e5terst\u00e4llbara foton och v\u00e4lj de du vill \u00e5terskapa<\/li>\n<li>V\u00e4lj en \u00e5terst\u00e4llningsplats och klicka p\u00e5 <b>&#8217;\u00c5terst\u00e4ll&#8217;<\/b> f\u00f6r att f\u00e5 tillbaka dina bilder<\/li>\n<\/ul>\n<p><b>Obs:<\/b> Den gratis versionen av Disk Drill till\u00e5ter en begr\u00e4nsad m\u00e4ngd data\u00e5terst\u00e4llning.<\/p>\n<p><b>Slutsats:<\/b> Disk Drill \u00e4r ett omfattande verktyg som erbjuder en robust l\u00f6sning f\u00f6r att \u00e5terst\u00e4lla f\u00f6rlorade bilder, oavsett orsak till raderingen.<\/p>\n<\/section>\n<section>\n<div>\n<div>3<\/div>\n<h2>Youtube-video att titta p\u00e5<\/h2>\n<\/div>\n<div class=\"iframe\"><iframe width=\"420\" height=\"315\" src=\"\/\/www.youtube.com\/embed\/0SiTGVhWqT8\" frameborder=\"0\" allowfullscreen><\/iframe><\/div>\n<\/section>\n<section>\n<div>\n<div>4<\/div>\n<h2>F\u00f6rsiktighets\u00e5tg\u00e4rder och tips:<\/h2>\n<\/div>\n<h3>F\u00f6rebygg f\u00f6rlust av foton &#128274;<\/h3>\n<ul>\n<li>Ha alltid en <b>s\u00e4kerhetskopia<\/b> av viktiga foton, helst p\u00e5 flera platser som externa enheter och molntj\u00e4nster<\/li>\n<li>Innan du raderar filer, dubbelkolla f\u00f6r att f\u00f6rs\u00e4kra dig om att de inte \u00e4r viktiga<\/li>\n<li>Uppdatera regelbundet antivirusprogram f\u00f6r att skydda mot <b>skadlig programvara<\/b> som kan leda till dataf\u00f6rlust<\/li>\n<\/ul>\n<\/section>\n<section>\n<div>\n<div>5<\/div>\n<h2>Bevara dina minnen<\/h2>\n<\/div>\n<p>Att \u00e5terst\u00e4lla raderade foton i Windows kan vara en skr\u00e4mmande uppgift, men det \u00e4r inte om\u00f6jligt. F\u00f6rutom de metoder som beskrivits ovan finns det ytterligare steg man kan ta f\u00f6r att \u00f6ka chanserna f\u00f6r lyckad data\u00e5terst\u00e4llning.<\/p>\n<p>F\u00f6rst och fr\u00e4mst \u00e4r det avg\u00f6rande att <b>sluta anv\u00e4nda lagringsenheten<\/b> omedelbart efter att du inser att foton av misstag har raderats. Att skriva nya data till enheten kan skriva \u00f6ver de f\u00f6rlorade filerna, vilket g\u00f6r dem sv\u00e5rare, om inte om\u00f6jligt, att \u00e5terst\u00e4lla.<\/p>\n<p>Det \u00e4r dessutom l\u00e4mpligt att <b>anv\u00e4nda en dedikerad \u00e5terst\u00e4llningsenhet<\/b> n\u00e4r du installerar och k\u00f6r programvara f\u00f6r data\u00e5terst\u00e4llning. Detta f\u00f6rhindrar potentiell \u00f6verskrivning av foton under \u00e5terst\u00e4llningsprocessen. Som en ytterligare s\u00e4kerhets\u00e5tg\u00e4rd b\u00f6r \u00e5terst\u00e4llda foton sparas p\u00e5 en annan enhet \u00e4n den de \u00e5terh\u00e4mtades fr\u00e5n.<\/p>\n<p>Om standardmetoder f\u00f6r \u00e5terst\u00e4llning misslyckas kan det vara dags att konsultera en <b>professionell data\u00e5terst\u00e4llningstj\u00e4nst<\/b>. Professionella har expertis och teknologi f\u00f6r att \u00e5terst\u00e4lla data i fall d\u00e4r programvarul\u00f6sningar inte r\u00e4cker till, som fysiska skador p\u00e5 h\u00e5rddisken.<\/p>\n<p>F\u00f6r mer v\u00e4gledning, kolla in p\u00e5litliga onlineresurser som <a href='https:\/\/support.microsoft.com\/en-us\/help\/17101\/windows-10-restore-your-files-from-the-recycle-bin' rel=\"nofollow noopener\" target='_blank'>Microsofts guide<\/a> om hur du \u00e5terst\u00e4ller filer fr\u00e5n Papperskorgen, eller bes\u00f6k <a href='https:\/\/www.datarecoverydigest.com\/' rel=\"nofollow noopener\" target='_blank'>Data Recovery Digest<\/a> f\u00f6r djupg\u00e5ende insikter om data\u00e5terst\u00e4llningstekniker.<\/p>\n<\/section>\n<section>\n<h2>Slutsats:<\/h2>\n<div class=\"nonp\">\n<p>Sammanfattningsvis, om du har haft oturen att radera v\u00e4rdefulla foton, f\u00f6rlora inte hoppet. Som jag sj\u00e4lv har uppt\u00e4ckt, vare sig det \u00e4r genom enkelheten i Papperskorgen eller de avancerade m\u00f6jligheterna med Disk Drill, finns det <b>flera v\u00e4gar du kan utforska f\u00f6r att f\u00e5 tillbaka dina minnen<\/b>. Med r\u00e4tt tillv\u00e4gag\u00e5ngss\u00e4tt och verktyg \u00e4r \u00e5terst\u00e4llning av dina k\u00e4ra foton mer \u00e4n bara en m\u00f6jlighet &#8211; det \u00e4r troligt. Kom ih\u00e5g, f\u00f6rebyggande \u00e4r alltid b\u00e4ttre \u00e4n att bota, s\u00e5 g\u00f6r s\u00e4kerhetskopiering till en regelbunden del av din digitala rutin. Och om du n\u00e5gonsin befinner dig i en knipa, \u00e5terbes\u00f6k dessa bepr\u00f6vade metoder f\u00f6r att \u00e5terst\u00e4lla det som f\u00f6rlorats.<\/p>\n<\/div>\n<\/section>\n","protected":false},"excerpt":{"rendered":"<p>Enkla steg f\u00f6r att \u00e5terst\u00e4lla raderade bilder i Windows T\u00e4nk dig att f\u00e5nga det perfekta \u00f6gonblicket med kameran, bara f\u00f6r att av misstag radera det fr\u00e5n din Windows-dator. Den sjunkande k\u00e4nslan n\u00e4r du inser att bilden \u00e4r borta kan vara \u00f6verv\u00e4ldigande. Tack och lov finns det flera strategier f\u00f6r att f\u00f6rs\u00f6ka \u00e5terst\u00e4lla raderade bilder i [&hellip;]<\/p>\n","protected":false},"author":2,"featured_media":31286,"parent":0,"menu_order":0,"comment_status":"closed","ping_status":"closed","template":"chromecast.php","meta":{"_stopmodifiedupdate":false,"_modified_date":"","_lmt_disableupdate":"yes","_lmt_disable":""},"acf":[],"yoast_head":"<!-- This site is optimized with the Yoast SEO plugin v20.9 - https:\/\/yoast.com\/wordpress\/plugins\/seo\/ -->\n<title>Hur man enkelt \u00e5terst\u00e4ller raderade bilder p\u00e5 Windows-operativsystemet i november 2023<\/title>\n<meta name=\"robots\" content=\"index, follow, max-snippet:-1, max-image-preview:large, max-video-preview:-1\" \/>\n<link rel=\"canonical\" href=\"https:\/\/datarecovery.ping.fm\/sv\/recover-deleted-photos\/\" \/>\n<meta property=\"og:locale\" content=\"sv_SE\" \/>\n<meta property=\"og:type\" content=\"article\" \/>\n<meta property=\"og:title\" content=\"Hur man enkelt \u00e5terst\u00e4ller raderade bilder p\u00e5 Windows-operativsystemet i november 2023\" \/>\n<meta property=\"og:description\" content=\"Enkla steg f\u00f6r att \u00e5terst\u00e4lla raderade bilder i Windows T\u00e4nk dig att f\u00e5nga det perfekta \u00f6gonblicket med kameran, bara f\u00f6r att av misstag radera det fr\u00e5n din Windows-dator. Den sjunkande k\u00e4nslan n\u00e4r du inser att bilden \u00e4r borta kan vara \u00f6verv\u00e4ldigande. Tack och lov finns det flera strategier f\u00f6r att f\u00f6rs\u00f6ka \u00e5terst\u00e4lla raderade bilder i [&hellip;]\" \/>\n<meta property=\"og:url\" content=\"https:\/\/datarecovery.ping.fm\/sv\/recover-deleted-photos\/\" \/>\n<meta property=\"og:site_name\" content=\"\u00c5terst\u00e4llningsprogram f\u00f6r Data\" \/>\n<meta property=\"article:modified_time\" content=\"2024-02-21T05:49:26+00:00\" \/>\n<meta property=\"og:image\" content=\"https:\/\/datarecovery.ping.fm\/wp-content\/uploads\/2024\/03\/Simple-steps-to-recover-your-deleted-photos-on-Windows-Swedish.jpg\" \/>\n\t<meta property=\"og:image:width\" content=\"1280\" \/>\n\t<meta property=\"og:image:height\" content=\"731\" \/>\n\t<meta property=\"og:image:type\" content=\"image\/jpeg\" \/>\n<meta name=\"twitter:card\" content=\"summary_large_image\" \/>\n<meta name=\"twitter:label1\" content=\"Est. reading time\" \/>\n\t<meta name=\"twitter:data1\" content=\"6 minuter\" \/>\n<script type=\"application\/ld+json\" class=\"yoast-schema-graph\">{\"@context\":\"https:\/\/schema.org\",\"@graph\":[{\"@type\":\"WebPage\",\"@id\":\"https:\/\/datarecovery.ping.fm\/sv\/recover-deleted-photos\/\",\"url\":\"https:\/\/datarecovery.ping.fm\/sv\/recover-deleted-photos\/\",\"name\":\"Hur man enkelt \u00e5terst\u00e4ller raderade bilder p\u00e5 Windows-operativsystemet i november 2023\",\"isPartOf\":{\"@id\":\"https:\/\/datarecovery.ping.fm\/sv\/#website\"},\"datePublished\":\"2023-12-25T15:46:11+00:00\",\"dateModified\":\"2024-02-21T05:49:26+00:00\",\"breadcrumb\":{\"@id\":\"https:\/\/datarecovery.ping.fm\/sv\/recover-deleted-photos\/#breadcrumb\"},\"inLanguage\":\"sv-SE\",\"potentialAction\":[{\"@type\":\"ReadAction\",\"target\":[\"https:\/\/datarecovery.ping.fm\/sv\/recover-deleted-photos\/\"]}]},{\"@type\":\"BreadcrumbList\",\"@id\":\"https:\/\/datarecovery.ping.fm\/sv\/recover-deleted-photos\/#breadcrumb\",\"itemListElement\":[{\"@type\":\"ListItem\",\"position\":1,\"name\":\"Home\",\"item\":\"https:\/\/datarecovery.ping.fm\/sv\/\"},{\"@type\":\"ListItem\",\"position\":2,\"name\":\"Enkla steg f\u00f6r att \u00e5terst\u00e4lla raderade bilder i Windows\"}]},{\"@type\":\"WebSite\",\"@id\":\"https:\/\/datarecovery.ping.fm\/sv\/#website\",\"url\":\"https:\/\/datarecovery.ping.fm\/sv\/\",\"name\":\"\u00c5terst\u00e4llningsprogram f\u00f6r Data\",\"description\":\"\",\"potentialAction\":[{\"@type\":\"SearchAction\",\"target\":{\"@type\":\"EntryPoint\",\"urlTemplate\":\"https:\/\/datarecovery.ping.fm\/sv\/?s={search_term_string}\"},\"query-input\":\"required name=search_term_string\"}],\"inLanguage\":\"sv-SE\"}]}<\/script>\n<!-- \/ Yoast SEO plugin. -->","yoast_head_json":{"title":"Hur man enkelt \u00e5terst\u00e4ller raderade bilder p\u00e5 Windows-operativsystemet i november 2023","robots":{"index":"index","follow":"follow","max-snippet":"max-snippet:-1","max-image-preview":"max-image-preview:large","max-video-preview":"max-video-preview:-1"},"canonical":"https:\/\/datarecovery.ping.fm\/sv\/recover-deleted-photos\/","og_locale":"sv_SE","og_type":"article","og_title":"Hur man enkelt \u00e5terst\u00e4ller raderade bilder p\u00e5 Windows-operativsystemet i november 2023","og_description":"Enkla steg f\u00f6r att \u00e5terst\u00e4lla raderade bilder i Windows T\u00e4nk dig att f\u00e5nga det perfekta \u00f6gonblicket med kameran, bara f\u00f6r att av misstag radera det fr\u00e5n din Windows-dator. Den sjunkande k\u00e4nslan n\u00e4r du inser att bilden \u00e4r borta kan vara \u00f6verv\u00e4ldigande. Tack och lov finns det flera strategier f\u00f6r att f\u00f6rs\u00f6ka \u00e5terst\u00e4lla raderade bilder i [&hellip;]","og_url":"https:\/\/datarecovery.ping.fm\/sv\/recover-deleted-photos\/","og_site_name":"\u00c5terst\u00e4llningsprogram f\u00f6r Data","article_modified_time":"2024-02-21T05:49:26+00:00","og_image":[{"width":1280,"height":731,"url":"https:\/\/datarecovery.ping.fm\/wp-content\/uploads\/2024\/03\/Simple-steps-to-recover-your-deleted-photos-on-Windows-Swedish.jpg","type":"image\/jpeg"}],"twitter_card":"summary_large_image","twitter_misc":{"Est. reading time":"6 minuter"},"schema":{"@context":"https:\/\/schema.org","@graph":[{"@type":"WebPage","@id":"https:\/\/datarecovery.ping.fm\/sv\/recover-deleted-photos\/","url":"https:\/\/datarecovery.ping.fm\/sv\/recover-deleted-photos\/","name":"Hur man enkelt \u00e5terst\u00e4ller raderade bilder p\u00e5 Windows-operativsystemet i november 2023","isPartOf":{"@id":"https:\/\/datarecovery.ping.fm\/sv\/#website"},"datePublished":"2023-12-25T15:46:11+00:00","dateModified":"2024-02-21T05:49:26+00:00","breadcrumb":{"@id":"https:\/\/datarecovery.ping.fm\/sv\/recover-deleted-photos\/#breadcrumb"},"inLanguage":"sv-SE","potentialAction":[{"@type":"ReadAction","target":["https:\/\/datarecovery.ping.fm\/sv\/recover-deleted-photos\/"]}]},{"@type":"BreadcrumbList","@id":"https:\/\/datarecovery.ping.fm\/sv\/recover-deleted-photos\/#breadcrumb","itemListElement":[{"@type":"ListItem","position":1,"name":"Home","item":"https:\/\/datarecovery.ping.fm\/sv\/"},{"@type":"ListItem","position":2,"name":"Enkla steg f\u00f6r att \u00e5terst\u00e4lla raderade bilder i Windows"}]},{"@type":"WebSite","@id":"https:\/\/datarecovery.ping.fm\/sv\/#website","url":"https:\/\/datarecovery.ping.fm\/sv\/","name":"\u00c5terst\u00e4llningsprogram f\u00f6r Data","description":"","potentialAction":[{"@type":"SearchAction","target":{"@type":"EntryPoint","urlTemplate":"https:\/\/datarecovery.ping.fm\/sv\/?s={search_term_string}"},"query-input":"required name=search_term_string"}],"inLanguage":"sv-SE"}]}},"_links":{"self":[{"href":"https:\/\/datarecovery.ping.fm\/sv\/wp-json\/wp\/v2\/pages\/19154"}],"collection":[{"href":"https:\/\/datarecovery.ping.fm\/sv\/wp-json\/wp\/v2\/pages"}],"about":[{"href":"https:\/\/datarecovery.ping.fm\/sv\/wp-json\/wp\/v2\/types\/page"}],"author":[{"embeddable":true,"href":"https:\/\/datarecovery.ping.fm\/sv\/wp-json\/wp\/v2\/users\/2"}],"replies":[{"embeddable":true,"href":"https:\/\/datarecovery.ping.fm\/sv\/wp-json\/wp\/v2\/comments?post=19154"}],"version-history":[{"count":1,"href":"https:\/\/datarecovery.ping.fm\/sv\/wp-json\/wp\/v2\/pages\/19154\/revisions"}],"predecessor-version":[{"id":27922,"href":"https:\/\/datarecovery.ping.fm\/sv\/wp-json\/wp\/v2\/pages\/19154\/revisions\/27922"}],"wp:featuredmedia":[{"embeddable":true,"href":"https:\/\/datarecovery.ping.fm\/sv\/wp-json\/wp\/v2\/media\/31286"}],"wp:attachment":[{"href":"https:\/\/datarecovery.ping.fm\/sv\/wp-json\/wp\/v2\/media?parent=19154"}],"curies":[{"name":"wp","href":"https:\/\/api.w.org\/{rel}","templated":true}]}}