{"id":19021,"date":"2024-01-08T12:01:16","date_gmt":"2024-01-08T12:01:16","guid":{"rendered":"https:\/\/www.ping.fm\/data-recovery-software\/sdhc-data-recovery\/"},"modified":"2024-02-21T05:49:24","modified_gmt":"2024-02-21T05:49:24","slug":"sdhc-data-recovery","status":"publish","type":"page","link":"https:\/\/datarecovery.ping.fm\/sv\/sdhc-data-recovery\/","title":{"rendered":"Hur man \u00e5terst\u00e4ller raderade filer fr\u00e5n ett SDHC-kort gratis"},"content":{"rendered":"<section>\n<h1>Hur man \u00e5terst\u00e4ller raderade filer fr\u00e5n ett SDHC-kort GRATIS<\/h1>\n<div class=\"inbrief\">\n<div>             <img decoding=\"async\" class=\"lazyload\"  srcset=\"data:image\/png;base64,iVBORw0KGgoAAAANSUhEUgAABLAAAAKkAQMAAAAqeFQ7AAAAA3NCSVQICAjb4U\/gAAAABlBMVEX\/\/\/\/\/\/\/9VfPVsAAAAAnRSTlMA\/1uRIrUAAAAJcEhZcwAACxIAAAsSAdLdfvwAAAAcdEVYdFNvZnR3YXJlAEFkb2JlIEZpcmV3b3JrcyBDUzbovLKMAAAAFnRFWHRDcmVhdGlvbiBUaW1lADAxLzI5LzE536V52wAAAHpJREFUeJztwQENAAAAwqD3T20ON6AAAAAAAAAAAAAAAAAAAAAAAAAAAAAAAAAAAAAAAAAAAAAAAAAAAAAAAAAAAAAAAAAAAAAAAAAAAAAAAAAAAAAAAAAAAAAAAAAAAAAAAAAAAAAAAAAAAAAAAAAAAAAAAAAAAIAHA47LAAHp9LjEAAAAAElFTkSuQmCC\" src=\"https:\/\/www.ping.fm\/data-recovery-software\/wp-content\/uploads\/ai\/How-to-Recover-Deleted-Files-from-an-SDHC-Card-for-FREE-Swedish.jpg\" data-srcset=\"https:\/\/www.ping.fm\/data-recovery-software\/wp-content\/uploads\/ai\/How-to-Recover-Deleted-Files-from-an-SDHC-Card-for-FREE-Swedish.jpg\" data-lazy-type=\"image\" data-original=\"https:\/\/www.ping.fm\/data-recovery-software\/wp-content\/uploads\/ai\/How-to-Recover-Deleted-Files-from-an-SDHC-Card-for-FREE-Swedish.jpg\" alt=\"Hur man \u00e5terst\u00e4ller raderade filer fr\u00e5n ett SDHC-kort GRATIS\" title=\"Hur man \u00e5terst\u00e4ller raderade filer fr\u00e5n ett SDHC-kort GRATIS\" width=\"1280\" height=\"720\">             <\/p>\n<p>Att f\u00f6rlora v\u00e4rdefulla filer fr\u00e5n ett SDHC-kort kan vara en stressande upplevelse, s\u00e4rskilt n\u00e4r de inneh\u00e5ller viktig information. Lyckligtvis finns det flera s\u00e4tt att \u00e5terst\u00e4lla raderade filer fr\u00e5n ett SDHC-kort gratis. \u00c5terst\u00e4llning av raderade filer inneb\u00e4r att anv\u00e4nda specifik programvara som kan \u00e5terst\u00e4lla data genom att komma \u00e5t kortets underliggande lagring, \u00e4ven efter att filerna har raderats. I denna guide kommer vi att g\u00e5 igenom olika metoder f\u00f6r att h\u00e4mta tillbaka dina f\u00f6rlorade data utan att spendera en krona. Dessutom \u00e4r det viktigt att vara medveten om din <a href=\"https:\/\/gamespec.tech\/how-to-check-health-of-an-sd-card-on-windows-and-mac\/\" rel=\"dofollow external noopener noreferrer\" target=\"_blank\" data-wpel-link=\"external\">SD-korts h\u00e4lsa<\/a>, eftersom det kan p\u00e5verka framg\u00e5ngen med datar\u00e4ddningen. Nu ska vi utforska olika scenarier d\u00e4r du kan beh\u00f6va \u00e5terst\u00e4lla filer, tillsammans med detaljerade steg-f\u00f6r-steg-guider f\u00f6r varje \u00e5terst\u00e4llningsmetod.<\/p>\n<\/div>\n<\/div>\n<\/section>\n<section>\n<div>\n<div>1<\/div>\n<h2>Vanliga Scenarier:<\/h2>\n<\/div>\n<h3>Frekventa Formateringsmisstag &#128260;<\/h3>\n<ul>\n<li>Oavsiktligt val av <b>&#8217;Formatera&#8217;<\/b> n\u00e4r du f\u00f6rs\u00f6ker mata ut ditt SDHC-kort fr\u00e5n datorn.<\/li>\n<li>F\u00e5r felmeddelandet <b>&#8217;Kortet \u00e4r inte formaterat, formatera det nu?&#8217;<\/b> och bekr\u00e4ftar misstaget formateringsprocessen.<\/li>\n<li>Anv\u00e4nder SDHC-kortet mellan olika enheter och r\u00e5kar formatera det p\u00e5 grund av uppmaning fr\u00e5n en enhet.<\/li>\n<\/ul>\n<h3>Oavsiktliga Raderingar &#128465;<\/h3>\n<ul>\n<li>Oavsiktligt val av <b>&#8217;Radera Alla&#8217;<\/b> alternativet p\u00e5 din kamera eller annan enhet.<\/li>\n<li>Raderar filer medan du bl\u00e4ddrar genom SDHC-kortet p\u00e5 din dator utan att inse deras vikt.<\/li>\n<li>Anv\u00e4nder <b>&#8217;Shift + Delete&#8217;<\/b> kommandot p\u00e5 en dator, vilket kringg\u00e5r papperskorgen.<\/li>\n<\/ul>\n<h3>Tekniska Fel &#9881;<\/h3>\n<ul>\n<li>SDHC-kortkorruption som leder till f\u00f6rlust av filstruktur och d\u00e4rmed filer.<\/li>\n<li>Avbryter pl\u00f6tsligt SDHC-kortet fr\u00e5n en enhet eller dator, vilket orsakar dataf\u00f6rlust.<\/li>\n<li>Problem med partitionering eller filsystemfel som resulterar i att data blir otillg\u00e4nglig.<\/li>\n<\/ul>\n<\/section>\n<section class=\"stepByStep\">\n<div>\n<div>2<\/div>\n<h2>Steg-f\u00f6r-Steg Guide. SDHC-korts \u00c5terst\u00e4llning:<\/h2>\n<\/div>\n<h3>Metod 1: Anv\u00e4nd Inbyggda Windows-verktyg &#128736;<\/h3>\n<ul>\n<li>Infoga SDHC-kortet i din <b>dator<\/b> med en kortl\u00e4sare.<\/li>\n<li>\u00d6ppna <b>Utforskaren<\/b> och navigera till <b>&#8217;Den h\u00e4r datorn&#8217;<\/b>.<\/li>\n<li>H\u00f6gerklicka p\u00e5 ditt SDHC-kort och v\u00e4lj <b>&#8217;Egenskaper&#8217;<\/b> > <b>&#8217;Tidigare Versioner&#8217;<\/b>.<\/li>\n<li>Om tillg\u00e4ngligt, v\u00e4lj en <b>tidigare version<\/b> av mappen d\u00e4r din fil var lagrad och klicka p\u00e5 <b>&#8217;\u00c5terst\u00e4ll&#8217;<\/b>.<\/li>\n<\/ul>\n<p><b>Obs:<\/b> Denna metod fungerar om du har <b>System\u00e5terst\u00e4llning<\/b> aktiverat och SDHC-kortet har inkluderats i en \u00e5terst\u00e4llningspunkt.<\/p>\n<p><b>Slutsats:<\/b> Effektiv f\u00f6r dem som \u00e4r f\u00f6rberedda, men kanske inte fungerar f\u00f6r alla eftersom inte alla h\u00e5ller System\u00e5terst\u00e4llning aktivt.<\/p>\n<h3>Metod 2: Anv\u00e4nd \u00c5terst\u00e4llningsprogramvara &#128421;<\/h3>\n<ul>\n<li>Ladda ner och installera en p\u00e5litlig <b>fil\u00e5terst\u00e4llningsprogramvara<\/b>, s\u00e5som <b>Recuva<\/b> fr\u00e5n den <a href=\"https:\/\/www.ccleaner.com\/recuva\" rel=\"nofollow external noopener noreferrer\" target=\"_blank\" data-wpel-link=\"external\">officiella webbplatsen<\/a>.<\/li>\n<li>Starta programmet och v\u00e4lj alternativet f\u00f6r att <b>\u00e5terst\u00e4lla filer fr\u00e5n media-kort<\/b>.<\/li>\n<li>V\u00e4lj ditt SDHC-kort i programmet och k\u00f6r <b>skanningen<\/b>.<\/li>\n<li>N\u00e4r skanningen \u00e4r klar v\u00e4ljer du filerna du vill \u00e5terst\u00e4lla och klickar p\u00e5 <b>&#8217;\u00c5terst\u00e4ll&#8217;<\/b>.<\/li>\n<\/ul>\n<p><b>Obs:<\/b> Den gratis versionen av de flesta \u00e5terst\u00e4llningsprogram har begr\u00e4nsningar p\u00e5 filstorlekar eller antalet \u00e5terst\u00e4llbara filer.<\/p>\n<p><b>Slutsats:<\/b> Detta \u00e4r vanligtvis den mest robusta metoden om inga s\u00e4kerhetskopior finns tillg\u00e4ngliga. Den \u00e4r anv\u00e4ndarv\u00e4nlig och generellt p\u00e5litlig.<\/p>\n<h3>Metod 3: Kommando\u00e5terst\u00e4llning &#128221;<\/h3>\n<ul>\n<li><b>Anslut<\/b> SDHC-kortet till din dator och notera dess enhetsbokstav i <b>Utforskaren<\/b>.<\/li>\n<li>\u00d6ppna <b>Kommandotolken<\/b> som administrat\u00f6r genom att s\u00f6ka efter <b>&#8217;cmd&#8217;<\/b> i startmenyn.<\/li>\n<li>Skriv <b>&#8217;chkdsk X: \/f&#8217;<\/b> (ers\u00e4tt X med enhetsbokstaven f\u00f6r ditt SDHC-kort) och tryck <b>Enter<\/b>.<\/li>\n<li>Efter att processen \u00e4r klar, kontrollera SDHC-kortets katalog f\u00f6r en nyskapad mapp med dina \u00e5terst\u00e4llda filer.<\/li>\n<\/ul>\n<p><b>Obs:<\/b> Denna metod kanske inte alltid fungerar, s\u00e4rskilt om skadan p\u00e5 filsystemet \u00e4r omfattande.<\/p>\n<p><b>Slutsats:<\/b> Ett anv\u00e4ndbart gratisverktyg f\u00f6r mindre korruptioner men kanske inte tillr\u00e4ckligt f\u00f6r mer omfattande datarf\u00f6rlustscenarier.<\/p>\n<h3>Metod 4: Anv\u00e4nd Fotografisk \u00c5terst\u00e4llningsprogramvara &#128248;<\/h3>\n<ul>\n<li>Ladda ner en <b>fotografisk \u00e5terst\u00e4llningsprogramvara<\/b> som <b>ZAR (Zero Assumption Recovery)<\/b> fr\u00e5n den <a href=\"https:\/\/www.z-a-recovery.com\/\" rel=\"nofollow external noopener noreferrer\" target=\"_blank\" data-wpel-link=\"external\">officiella webbplatsen<\/a>.<\/li>\n<li>Installera och <b>\u00f6ppna<\/b> programvaran, v\u00e4lj sedan alternativet <b>&#8217;Image Recovery (Gratis)&#8217;<\/b>.<\/li>\n<li>V\u00e4lj ditt <b>SDHC-kort<\/b> fr\u00e5n listan och starta skanningen.<\/li>\n<li>V\u00e4lj de bilder du beh\u00f6ver \u00e5terst\u00e4lla n\u00e4r skanningen \u00e4r klar och spara dem till en annan plats.<\/li>\n<\/ul>\n<p><b>Obs:<\/b> Se till att \u00e5terst\u00e4lla filerna till din dator eller en annan lagringsenhet, inte till SDHC-kortet sj\u00e4lvt.<\/p>\n<p><b>Slutsats:<\/b> Denna metod \u00e4r idealisk f\u00f6r att \u00e5terst\u00e4lla foton och erbjuder ibland f\u00f6rhandsvisningar innan \u00e5terst\u00e4llningen.<\/p>\n<h3>Metod 5: Linux Data\u00e5terst\u00e4llningsverktyg &#128039;<\/h3>\n<ul>\n<li>Starta en <b>Linux live CD\/USB<\/b> p\u00e5 din dator, se till att SDHC-kortet \u00e4r anslutet.<\/li>\n<li>Anv\u00e4nd verktyg som <b>Photorec<\/b> som ing\u00e5r i <b>TestDisk<\/b>-sviten, tillg\u00e4nglig p\u00e5 m\u00e5nga Linux-distributioner.<\/li>\n<li>Starta <b>Photorec<\/b> och f\u00f6lj instruktionerna p\u00e5 sk\u00e4rmen f\u00f6r att skanna ditt SDHC-kort och \u00e5terst\u00e4lla filer.<\/li>\n<\/ul>\n<p><b>Obs:<\/b> Photorec fungerar b\u00e4st f\u00f6r vanliga filtyper som bilder, videor och dokument, men kanske inte \u00e5terst\u00e4ller alla filtyper.<\/p>\n<p><b>Slutsats:<\/b> Utm\u00e4rkt f\u00f6r anv\u00e4ndare som \u00e4r bekv\u00e4ma med Linux; Photorecs kraftfulla algoritmer kan \u00e5terst\u00e4lla ett brett utbud av filer.<\/p>\n<\/section>\n<section>\n<div>\n<div>3<\/div>\n<h2>F\u00f6rebyggande \u00c5tg\u00e4rder och Tips:<\/h2>\n<\/div>\n<h3>S\u00e4kra Dina Data! &#128274;<\/h3>\n<ul>\n<li>Mata alltid ut SDHC-kortet s\u00e4kert f\u00f6r att f\u00f6rhindra datakorruption.<\/li>\n<li>Uppr\u00e4tth\u00e5ll regelbundet <b>s\u00e4kerhetskopior<\/b> av dina viktiga data p\u00e5 en separat enhet eller molntj\u00e4nst.<\/li>\n<li>Kontrollera regelbundet ditt <a href=\"https:\/\/www.sdcard.org\/downloads\/formatter\/\" rel=\"nofollow external noopener noreferrer\" target=\"_blank\" data-wpel-link=\"external\">SDHC-kort f\u00f6r fel<\/a> med hj\u00e4lp av dedikerad programvara eller diskverktyg.<\/li>\n<li>Anv\u00e4nd inte SDHC-kortet efter en dataf\u00f6rlust f\u00f6r att undvika att skriva \u00f6ver de raderade filerna vilket kan g\u00f6ra \u00e5terst\u00e4llningen om\u00f6jlig.<\/li>\n<\/ul>\n<h3>Beredskap f\u00f6r \u00c5terst\u00e4llning &#128190;<\/h3>\n<ul>\n<li>Ladda ner datar\u00e4ddningsprogramvara i god tid; att vara f\u00f6rberedd \u00e4r nyckeln!<\/li>\n<li>H\u00e5ll dig uppdaterad om <b>senaste uppdateringarna<\/b> och <b>patcharna<\/b> f\u00f6r din \u00e5terst\u00e4llningsprogramvara.<\/li>\n<li>F\u00f6rst\u00e5 <b>filsystemen<\/b> som ditt SDHC-kort anv\u00e4nder (t.ex. FAT32, exFAT) f\u00f6r att b\u00e4ttre angripa \u00e5terst\u00e4llningsprocessen.<\/li>\n<\/ul>\n<\/section>\n<section>\n<div>\n<div>4<\/div>\n<h2>V\u00e5rd av SDHC-kort<\/h2>\n<\/div>\n<p>Att ta hand om ditt SDHC-kort \u00e4r avg\u00f6rande f\u00f6r att s\u00e4kerst\u00e4lla en l\u00e5ng livsl\u00e4ngd och skydda de data som lagras inuti. Se till att <b>hantera ditt SDHC-kort varsamt<\/b>, f\u00f6r att undvika fysiska skador fr\u00e5n fall eller h\u00e5rda milj\u00f6er. <b>Anv\u00e4nd l\u00e4mpliga f\u00f6rvaringsfodral<\/b> f\u00f6r att h\u00e5lla korten s\u00e4kra n\u00e4r de inte \u00e4r i anv\u00e4ndning. Dessutom, utf\u00f6r regelbundet <b>felkontroll<\/b> och <b>defragmentering<\/b> (f\u00f6r FAT32-filsystem) f\u00f6r att bibeh\u00e5lla optimal prestanda.<\/p>\n<p>N\u00e4r det g\u00e4ller data\u00e5terst\u00e4llning, kom ih\u00e5g att <b>tid \u00e4r av essens<\/b>. S\u00e5 fort du m\u00e4rker att filer saknas \u00e4r det b\u00e4st att p\u00e5b\u00f6rja \u00e5terst\u00e4llningsprocessen. Fortsatt anv\u00e4ndning av kortet kan leda till att ny data skriver \u00f6ver utrymmet d\u00e4r de raderade filerna finns, vilket g\u00f6r dem o\u00e5terkalleliga. S\u00e5 ju snabbare du agerar, desto b\u00e4ttre \u00e4r dina chanser till fullst\u00e4ndig \u00e5terst\u00e4llning.<\/p>\n<\/p>\n<\/section>\n<section>\n<h2>Slutsats:<\/h2>\n<div class=\"nonp\">\n<p>Sammanfattningsvis \u00e4r det m\u00f6jligt att \u00e5terst\u00e4lla raderade filer fr\u00e5n ett SDHC-kort gratis genom en rad olika metoder, var och en med sina egna f\u00f6rdelar. Fr\u00e5n <b>inbyggda verktyg<\/b> som finns i ditt operativsystem till <b>specialiserad \u00e5terst\u00e4llningsprogramvara<\/b>, har du en god chans att \u00e5terf\u00e5 dina v\u00e4rdefulla data. Det \u00e4r viktigt att agera snabbt och hantera kortet varsamt f\u00f6r att f\u00f6rhindra ytterligare dataf\u00f6rlust.<\/p>\n<p>Att vara proaktiv n\u00e4r det g\u00e4ller <b>SDHC-korth\u00e4lsa<\/b> och regelbundet underh\u00e5ll \u00e4r ocks\u00e5 en utm\u00e4rkt strategi f\u00f6r att undvika behovet av \u00e5terst\u00e4llning fr\u00e5n b\u00f6rjan. Nu n\u00e4r du \u00e4r utrustad med kunskap och verktyg f\u00f6r att hantera dataf\u00f6rlust p\u00e5 ditt SDHC-kort, kan du k\u00e4nna dig mer s\u00e4ker p\u00e5 att hantera och skydda dina digitala filer.<\/p>\n<\/div>\n<\/section>\n","protected":false},"excerpt":{"rendered":"<p>Hur man \u00e5terst\u00e4ller raderade filer fr\u00e5n ett SDHC-kort GRATIS Att f\u00f6rlora v\u00e4rdefulla filer fr\u00e5n ett SDHC-kort kan vara en stressande upplevelse, s\u00e4rskilt n\u00e4r de inneh\u00e5ller viktig information. Lyckligtvis finns det flera s\u00e4tt att \u00e5terst\u00e4lla raderade filer fr\u00e5n ett SDHC-kort gratis. \u00c5terst\u00e4llning av raderade filer inneb\u00e4r att anv\u00e4nda specifik programvara som kan \u00e5terst\u00e4lla data genom att [&hellip;]<\/p>\n","protected":false},"author":2,"featured_media":31275,"parent":0,"menu_order":0,"comment_status":"closed","ping_status":"closed","template":"chromecast.php","meta":{"_stopmodifiedupdate":false,"_modified_date":"","_lmt_disableupdate":"yes","_lmt_disable":""},"acf":[],"yoast_head":"<!-- This site is optimized with the Yoast SEO plugin v20.9 - https:\/\/yoast.com\/wordpress\/plugins\/seo\/ -->\n<title>\u00c5terst\u00e4ll raderade filer fr\u00e5n SDHC-kort gratis (2024)<\/title>\n<meta name=\"robots\" content=\"index, follow, max-snippet:-1, max-image-preview:large, max-video-preview:-1\" \/>\n<link rel=\"canonical\" href=\"https:\/\/datarecovery.ping.fm\/sv\/sdhc-data-recovery\/\" \/>\n<meta property=\"og:locale\" content=\"sv_SE\" \/>\n<meta property=\"og:type\" content=\"article\" \/>\n<meta property=\"og:title\" content=\"\u00c5terst\u00e4ll raderade filer fr\u00e5n SDHC-kort gratis (2024)\" \/>\n<meta property=\"og:description\" content=\"Hur man \u00e5terst\u00e4ller raderade filer fr\u00e5n ett SDHC-kort GRATIS Att f\u00f6rlora v\u00e4rdefulla filer fr\u00e5n ett SDHC-kort kan vara en stressande upplevelse, s\u00e4rskilt n\u00e4r de inneh\u00e5ller viktig information. Lyckligtvis finns det flera s\u00e4tt att \u00e5terst\u00e4lla raderade filer fr\u00e5n ett SDHC-kort gratis. \u00c5terst\u00e4llning av raderade filer inneb\u00e4r att anv\u00e4nda specifik programvara som kan \u00e5terst\u00e4lla data genom att [&hellip;]\" \/>\n<meta property=\"og:url\" content=\"https:\/\/datarecovery.ping.fm\/sv\/sdhc-data-recovery\/\" \/>\n<meta property=\"og:site_name\" content=\"\u00c5terst\u00e4llningsprogram f\u00f6r Data\" \/>\n<meta property=\"article:modified_time\" content=\"2024-02-21T05:49:24+00:00\" \/>\n<meta property=\"og:image\" content=\"https:\/\/datarecovery.ping.fm\/wp-content\/uploads\/2024\/03\/How-to-Recover-Deleted-Files-from-an-SDHC-Card-for-FREE-Swedish.jpg\" \/>\n\t<meta property=\"og:image:width\" content=\"1280\" \/>\n\t<meta property=\"og:image:height\" content=\"731\" \/>\n\t<meta property=\"og:image:type\" content=\"image\/jpeg\" \/>\n<meta name=\"twitter:card\" content=\"summary_large_image\" \/>\n<meta name=\"twitter:label1\" content=\"Est. reading time\" \/>\n\t<meta name=\"twitter:data1\" content=\"6 minuter\" \/>\n<script type=\"application\/ld+json\" class=\"yoast-schema-graph\">{\"@context\":\"https:\/\/schema.org\",\"@graph\":[{\"@type\":\"WebPage\",\"@id\":\"https:\/\/datarecovery.ping.fm\/sv\/sdhc-data-recovery\/\",\"url\":\"https:\/\/datarecovery.ping.fm\/sv\/sdhc-data-recovery\/\",\"name\":\"\u00c5terst\u00e4ll raderade filer fr\u00e5n SDHC-kort gratis (2024)\",\"isPartOf\":{\"@id\":\"https:\/\/datarecovery.ping.fm\/sv\/#website\"},\"datePublished\":\"2024-01-08T12:01:16+00:00\",\"dateModified\":\"2024-02-21T05:49:24+00:00\",\"breadcrumb\":{\"@id\":\"https:\/\/datarecovery.ping.fm\/sv\/sdhc-data-recovery\/#breadcrumb\"},\"inLanguage\":\"sv-SE\",\"potentialAction\":[{\"@type\":\"ReadAction\",\"target\":[\"https:\/\/datarecovery.ping.fm\/sv\/sdhc-data-recovery\/\"]}]},{\"@type\":\"BreadcrumbList\",\"@id\":\"https:\/\/datarecovery.ping.fm\/sv\/sdhc-data-recovery\/#breadcrumb\",\"itemListElement\":[{\"@type\":\"ListItem\",\"position\":1,\"name\":\"Home\",\"item\":\"https:\/\/datarecovery.ping.fm\/sv\/\"},{\"@type\":\"ListItem\",\"position\":2,\"name\":\"Hur man \u00e5terst\u00e4ller raderade filer fr\u00e5n ett SDHC-kort gratis\"}]},{\"@type\":\"WebSite\",\"@id\":\"https:\/\/datarecovery.ping.fm\/sv\/#website\",\"url\":\"https:\/\/datarecovery.ping.fm\/sv\/\",\"name\":\"\u00c5terst\u00e4llningsprogram f\u00f6r Data\",\"description\":\"\",\"potentialAction\":[{\"@type\":\"SearchAction\",\"target\":{\"@type\":\"EntryPoint\",\"urlTemplate\":\"https:\/\/datarecovery.ping.fm\/sv\/?s={search_term_string}\"},\"query-input\":\"required name=search_term_string\"}],\"inLanguage\":\"sv-SE\"}]}<\/script>\n<!-- \/ Yoast SEO plugin. -->","yoast_head_json":{"title":"\u00c5terst\u00e4ll raderade filer fr\u00e5n SDHC-kort gratis (2024)","robots":{"index":"index","follow":"follow","max-snippet":"max-snippet:-1","max-image-preview":"max-image-preview:large","max-video-preview":"max-video-preview:-1"},"canonical":"https:\/\/datarecovery.ping.fm\/sv\/sdhc-data-recovery\/","og_locale":"sv_SE","og_type":"article","og_title":"\u00c5terst\u00e4ll raderade filer fr\u00e5n SDHC-kort gratis (2024)","og_description":"Hur man \u00e5terst\u00e4ller raderade filer fr\u00e5n ett SDHC-kort GRATIS Att f\u00f6rlora v\u00e4rdefulla filer fr\u00e5n ett SDHC-kort kan vara en stressande upplevelse, s\u00e4rskilt n\u00e4r de inneh\u00e5ller viktig information. Lyckligtvis finns det flera s\u00e4tt att \u00e5terst\u00e4lla raderade filer fr\u00e5n ett SDHC-kort gratis. \u00c5terst\u00e4llning av raderade filer inneb\u00e4r att anv\u00e4nda specifik programvara som kan \u00e5terst\u00e4lla data genom att [&hellip;]","og_url":"https:\/\/datarecovery.ping.fm\/sv\/sdhc-data-recovery\/","og_site_name":"\u00c5terst\u00e4llningsprogram f\u00f6r Data","article_modified_time":"2024-02-21T05:49:24+00:00","og_image":[{"width":1280,"height":731,"url":"https:\/\/datarecovery.ping.fm\/wp-content\/uploads\/2024\/03\/How-to-Recover-Deleted-Files-from-an-SDHC-Card-for-FREE-Swedish.jpg","type":"image\/jpeg"}],"twitter_card":"summary_large_image","twitter_misc":{"Est. reading time":"6 minuter"},"schema":{"@context":"https:\/\/schema.org","@graph":[{"@type":"WebPage","@id":"https:\/\/datarecovery.ping.fm\/sv\/sdhc-data-recovery\/","url":"https:\/\/datarecovery.ping.fm\/sv\/sdhc-data-recovery\/","name":"\u00c5terst\u00e4ll raderade filer fr\u00e5n SDHC-kort gratis (2024)","isPartOf":{"@id":"https:\/\/datarecovery.ping.fm\/sv\/#website"},"datePublished":"2024-01-08T12:01:16+00:00","dateModified":"2024-02-21T05:49:24+00:00","breadcrumb":{"@id":"https:\/\/datarecovery.ping.fm\/sv\/sdhc-data-recovery\/#breadcrumb"},"inLanguage":"sv-SE","potentialAction":[{"@type":"ReadAction","target":["https:\/\/datarecovery.ping.fm\/sv\/sdhc-data-recovery\/"]}]},{"@type":"BreadcrumbList","@id":"https:\/\/datarecovery.ping.fm\/sv\/sdhc-data-recovery\/#breadcrumb","itemListElement":[{"@type":"ListItem","position":1,"name":"Home","item":"https:\/\/datarecovery.ping.fm\/sv\/"},{"@type":"ListItem","position":2,"name":"Hur man \u00e5terst\u00e4ller raderade filer fr\u00e5n ett SDHC-kort gratis"}]},{"@type":"WebSite","@id":"https:\/\/datarecovery.ping.fm\/sv\/#website","url":"https:\/\/datarecovery.ping.fm\/sv\/","name":"\u00c5terst\u00e4llningsprogram f\u00f6r Data","description":"","potentialAction":[{"@type":"SearchAction","target":{"@type":"EntryPoint","urlTemplate":"https:\/\/datarecovery.ping.fm\/sv\/?s={search_term_string}"},"query-input":"required name=search_term_string"}],"inLanguage":"sv-SE"}]}},"_links":{"self":[{"href":"https:\/\/datarecovery.ping.fm\/sv\/wp-json\/wp\/v2\/pages\/19021"}],"collection":[{"href":"https:\/\/datarecovery.ping.fm\/sv\/wp-json\/wp\/v2\/pages"}],"about":[{"href":"https:\/\/datarecovery.ping.fm\/sv\/wp-json\/wp\/v2\/types\/page"}],"author":[{"embeddable":true,"href":"https:\/\/datarecovery.ping.fm\/sv\/wp-json\/wp\/v2\/users\/2"}],"replies":[{"embeddable":true,"href":"https:\/\/datarecovery.ping.fm\/sv\/wp-json\/wp\/v2\/comments?post=19021"}],"version-history":[{"count":1,"href":"https:\/\/datarecovery.ping.fm\/sv\/wp-json\/wp\/v2\/pages\/19021\/revisions"}],"predecessor-version":[{"id":27910,"href":"https:\/\/datarecovery.ping.fm\/sv\/wp-json\/wp\/v2\/pages\/19021\/revisions\/27910"}],"wp:featuredmedia":[{"embeddable":true,"href":"https:\/\/datarecovery.ping.fm\/sv\/wp-json\/wp\/v2\/media\/31275"}],"wp:attachment":[{"href":"https:\/\/datarecovery.ping.fm\/sv\/wp-json\/wp\/v2\/media?parent=19021"}],"curies":[{"name":"wp","href":"https:\/\/api.w.org\/{rel}","templated":true}]}}