{"id":18901,"date":"2024-01-05T11:37:34","date_gmt":"2024-01-05T11:37:34","guid":{"rendered":"https:\/\/www.ping.fm\/data-recovery-software\/fat32-recovery\/"},"modified":"2024-02-21T05:49:23","modified_gmt":"2024-02-21T05:49:23","slug":"fat32-recovery","status":"publish","type":"page","link":"https:\/\/datarecovery.ping.fm\/sv\/fat32-recovery\/","title":{"rendered":"Hur man snabbt \u00e5terst\u00e4ller raderade filer fr\u00e5n en FAT32-partition"},"content":{"rendered":"<section>\n<h1>Hur du snabbt \u00e5terst\u00e4ller raderade filer fr\u00e5n FAT32-partition<\/h1>\n<div class=\"inbrief\">\n<div>             <img decoding=\"async\" class=\"lazyload\" srcset=\"data:image\/png;base64,iVBORw0KGgoAAAANSUhEUgAABLAAAAKkAQMAAAAqeFQ7AAAAA3NCSVQICAjb4U\/gAAAABlBMVEX\/\/\/\/\/\/\/9VfPVsAAAAAnRSTlMA\/1uRIrUAAAAJcEhZcwAACxIAAAsSAdLdfvwAAAAcdEVYdFNvZnR3YXJlAEFkb2JlIEZpcmV3b3JrcyBDUzbovLKMAAAAFnRFWHRDcmVhdGlvbiBUaW1lADAxLzI5LzE536V52wAAAHpJREFUeJztwQENAAAAwqD3T20ON6AAAAAAAAAAAAAAAAAAAAAAAAAAAAAAAAAAAAAAAAAAAAAAAAAAAAAAAAAAAAAAAAAAAAAAAAAAAAAAAAAAAAAAAAAAAAAAAAAAAAAAAAAAAAAAAAAAAAAAAAAAAAAAAAAAAIAHA47LAAHp9LjEAAAAAElFTkSuQmCC\" src=\"https:\/\/www.ping.fm\/data-recovery-software\/wp-content\/uploads\/ai\/How-to-Quickly-Recover-Deleted-Files-from-FAT32-Partition-Swedish.jpg\" data-srcset=\"https:\/\/www.ping.fm\/data-recovery-software\/wp-content\/uploads\/ai\/How-to-Quickly-Recover-Deleted-Files-from-FAT32-Partition-Swedish.jpg\" data-lazy-type=\"image\" data-original=\"https:\/\/www.ping.fm\/data-recovery-software\/wp-content\/uploads\/ai\/How-to-Quickly-Recover-Deleted-Files-from-FAT32-Partition-Swedish.jpg\" alt=\"Hur du snabbt \u00e5terst\u00e4ller raderade filer fr\u00e5n FAT32-partition\" title=\"Hur du snabbt \u00e5terst\u00e4ller raderade filer fr\u00e5n FAT32-partition\" width=\"1280\" height=\"720\">             <\/p>\n<p>Att f\u00f6rlora data fr\u00e5n en partition p\u00e5 ett FAT32-filsystem kan vara en skr\u00e4mmande upplevelse. Lyckligtvis har framsteg inom teknik f\u00f6r data\u00e5terst\u00e4llning gjort det m\u00f6jligt att \u00e5terh\u00e4mta f\u00f6rlorade eller raderade filer med relativ l\u00e4tthet. I denna detaljerade instruktionsartikel kommer jag dela med mig av min personliga erfarenhet av att \u00e5terst\u00e4lla data fr\u00e5n en FAT32-partition och beskriva olika metoder och verktyg som jag har anv\u00e4nt. F\u00f6r de som \u00e4r speciellt intresserade av att \u00e5terst\u00e4lla data fr\u00e5n en <a href=\"https:\/\/techmused.com\/how-to-recover-data-from-an-internal-hard-drive\/\" rel=\"dofollow external noopener noreferrer\" target=\"_blank\" data-wpel-link=\"external\">intern h\u00e5rddisk<\/a>, erbjuder den handledningen insikter i \u00e5terst\u00e4llningsprocessen som kan komplettera informationen som presenteras h\u00e4r.<\/p>\n<\/div>\n<\/div>\n<\/section>\n<section>\n<div>\n<div>1<\/div>\n<h2>Vanliga Scenarier:<\/h2>\n<\/div>\n<h3>Slumpm\u00e4ssig radering av filer &#128465;<\/h3>\n<ul>\n<li><b>M\u00e4nskligt fel<\/b> \u00e4r en vanlig orsak till dataf\u00f6rlust. Att av misstag radera filer eller formatera en partition utan s\u00e4kerhetskopia kan leda till behov av data\u00e5terst\u00e4llning.<\/li>\n<li>Anv\u00e4ndning av <b>shift-delete<\/b> i Windows eller kommandoraden kan kringg\u00e5 Papperskorgen och omedelbart leda till scenarier med dataf\u00f6rlust.<\/li>\n<li><b>Batchfiloperationer<\/b> som g\u00e5r snett kan resultera i att viktiga filer r\u00e5kar raderas.<\/li>\n<\/ul>\n<h3>Partitionskorruption &#9888;<\/h3>\n<ul>\n<li>Virus och skadlig kod kan korrumpera FAT32-partitioner, vilket leder till otillg\u00e4ngliga data.<\/li>\n<li>Ol\u00e4mplig bortkoppling av externa enheter eller <b>str\u00f6mavbrott<\/b> kan st\u00f6ra filstrukturer och orsaka korruption.<\/li>\n<li>Anv\u00e4ndning av op\u00e5litliga tredjeparts diskverktyg kan ibland leda till skador p\u00e5 <b>partitionstabellen<\/b>.<\/li>\n<\/ul>\n<h3>Fysisk skada p\u00e5 enheten &#128165;<\/h3>\n<ul>\n<li>Olyckliga fall eller st\u00f6tar kan orsaka fysiska skador p\u00e5 enheter, vilket p\u00e5verkar dataintegriteten.<\/li>\n<li>Yttre faktorer som extrema temperaturer eller exponering f\u00f6r v\u00e4tskor kan negativt p\u00e5verka FAT32-partitionerna p\u00e5 en <b>intern h\u00e5rddisk<\/b>.<\/li>\n<li>Med tiden kan slitage leda till <b>d\u00e5liga sektorer<\/b> som p\u00e5verkar datans l\u00e4sbarhet.<\/li>\n<\/ul>\n<\/section>\n<section class=\"stepByStep\">\n<div>\n<div>2<\/div>\n<h2>Steg-f\u00f6r-steg-guide. FAT32-\u00e5terst\u00e4llning:<\/h2>\n<\/div>\n<h3>Metod 1: Anv\u00e4nda Windows File Recovery &#128373;<\/h3>\n<ul>\n<li>P\u00e5 ett Windows 10-system eller senare, installera verktyget <b>Windows File Recovery<\/b> via Microsoft Store.<\/li>\n<li>Anv\u00e4nd <b>Kommandotolken<\/b> f\u00f6r att navigera till katalogen d\u00e4r verktyget \u00e4r installerat.<\/li>\n<li>Exekvera kommandot <b>winfr <\/b> med r\u00e4tt parametrar f\u00f6r att rikta \u00e5terst\u00e4llningen mot FAT32-partitionen.<\/li>\n<\/ul>\n<p><b>OBS:<\/b> Denna metod kr\u00e4ver grundl\u00e4ggande f\u00f6rst\u00e5else f\u00f6r kommandoradsgr\u00e4nssnitt och kanske inte \u00e4r det b\u00e4sta alternativet f\u00f6r nyb\u00f6rjaranv\u00e4ndare.<\/p>\n<p><b>Slutsats:<\/b> F\u00f6r inhemska Windows-milj\u00f6er kan detta vara en effektiv metod, s\u00e4rskilt f\u00f6r nyligen raderade filer.<\/p>\n<h3>Metod 2: Data\u00e5terst\u00e4llningsprogram &#128190;<\/h3>\n<ul>\n<li>Ladda ner och installera ett anseddat <b>data\u00e5terst\u00e4llningsprogram<\/b> som till exempel <a href=\"https:\/\/www.ccleaner.com\/recuva\">Recuva<\/a>.<\/li>\n<li>V\u00e4lj FAT32-partitionen fr\u00e5n programgr\u00e4nssnittet och p\u00e5b\u00f6rja en <b>skanning<\/b>.<\/li>\n<li>Efter att skanningen \u00e4r klar, f\u00f6rhandsgranska de \u00e5terst\u00e4llningsbara filerna och v\u00e4lj de du vill \u00e5terst\u00e4lla.<\/li>\n<li>Spara de \u00e5terst\u00e4llda filerna p\u00e5 en annan enhet f\u00f6r att f\u00f6rhindra \u00f6verskrivning.<\/li>\n<\/ul>\n<p><b>OBS:<\/b> Vissa program kan erbjuda en gratis testversion, men fullst\u00e4ndiga \u00e5terst\u00e4llningsfunktioner kan kr\u00e4va ett k\u00f6p.<\/p>\n<p><b>Slutsats:<\/b> Dessa programl\u00f6sningar \u00e4r anv\u00e4ndarv\u00e4nliga och effektiva f\u00f6r olika dataf\u00f6rlustscenarier p\u00e5 FAT32-partitioner.<\/p>\n<h3>Metod 3: \u00c5terskapa fr\u00e5n File History Backup &#128218;<\/h3>\n<ul>\n<li>G\u00e5 till <b>Kontrollpanelen<\/b> och navigera till <b>File History<\/b>.<\/li>\n<li>Anslut enheten som inneh\u00e5ller dina s\u00e4kerhetskopior.<\/li>\n<li>Anv\u00e4nd File History-gr\u00e4nssnittet f\u00f6r att bl\u00e4ddra efter filerna eller mapparna du vill \u00e5terst\u00e4lla fr\u00e5n FAT32-partitionen.<\/li>\n<li>Klicka p\u00e5 <b>\u00c5terst\u00e4ll<\/b>-knappen f\u00f6r att h\u00e4mta dina data.<\/li>\n<\/ul>\n<p><b>OBS:<\/b> Denna metod fungerar endast om du tidigare har aktiverat File History-s\u00e4kerhetskopior p\u00e5 ditt system.<\/p>\n<p><b>Slutsats:<\/b> Att \u00e5terst\u00e4lla fr\u00e5n s\u00e4kerhetskopior \u00e4r en av de mest p\u00e5litliga metoderna f\u00f6r data\u00e5terh\u00e4mtning, f\u00f6rutsatt att s\u00e4kerhetskopior finns.<\/p>\n<h3>Metod 4: \u00c5terst\u00e4llning via Tidigare Versioner &#9203;<\/h3>\n<ul>\n<li>Navigera till mappen som inneh\u00f6ll de nu f\u00f6rlorade filerna p\u00e5 FAT32-partitionen.<\/li>\n<li>H\u00f6gerklicka p\u00e5 mappen, v\u00e4lj <b>Egenskaper<\/b>, och d\u00e4refter fliken <b>Tidigare Versioner<\/b>.<\/li>\n<li>V\u00e4lj en version fr\u00e5n f\u00f6re det datum d\u00e5 filerna f\u00f6rlorades och klicka p\u00e5 <b>\u00c5terst\u00e4ll<\/b>.<\/li>\n<\/ul>\n<p><b>OBS:<\/b> Denna metod utnyttjar System\u00e5terst\u00e4llningsfunktionen och fungerar bara om systemskydd har aktiverats.<\/p>\n<p><b>Slutsats:<\/b> \u00c5terst\u00e4llning av tidigare versioner kan vara en snabb l\u00f6sning, men \u00e4r bara s\u00e5 nyligen som den senaste systemavbildningen.<\/p>\n<\/section>\n<section>\n<div>\n<div>3<\/div>\n<h2>Youtube-video att titta p\u00e5<\/h2>\n<\/div>\n<div class=\"iframe\"><span class=\"lazyload\" data-original_content=\"PGlmcmFtZSB3aWR0aD0iNDIwIiBoZWlnaHQ9IjMxNSIgc3JjPSIvL3d3dy55b3V0dWJlLmNvbS9lbWJlZC9XWTNLWjd2Q2JuZyIgZnJhbWVib3JkZXI9IjAiIGFsbG93ZnVsbHNjcmVlbj48L2lmcmFtZT4=\"><\/span><\/div>\n<\/section>\n<section>\n<div>\n<div>4<\/div>\n<h2>F\u00f6rsiktighets\u00e5tg\u00e4rder och tips:<\/h2>\n<\/div>\n<h3>S\u00e4kra dataintegriteten &#128737;<\/h3>\n<ul>\n<li>Underh\u00e5ll regelbundna <b>s\u00e4kerhetskopior<\/b> av dina FAT32-partitioner till externa enheter eller molnl\u00f6sningar.<\/li>\n<li>Koppla alltid s\u00e4kert bort <b>externa enheter<\/b> innan du kopplar fr\u00e5n dem f\u00f6r att f\u00f6rhindra datakorruption.<\/li>\n<li>Uppdatera regelbundet <b>antivirusprogram<\/b> f\u00f6r att skydda mot skadlig programvara som kan korrumpera filsystemet.<\/li>\n<\/ul>\n<h3>Optimera framg\u00e5ng i \u00e5terst\u00e4llning &#127775;<\/h3>\n<ul>\n<li>Anv\u00e4nd inte den drabbade partitionen f\u00f6r nya data f\u00f6r att undvika att skriva \u00f6ver raderade filer.<\/li>\n<li>Utf\u00f6r flera <b>data\u00e5terst\u00e4llningsskanningar<\/b> med olika programvara f\u00f6r att maxa chanserna att \u00e5terst\u00e4lla alla f\u00f6rlorade filer.<\/li>\n<li>\u00d6verv\u00e4g att s\u00f6ka professionella <b>tj\u00e4nster f\u00f6r data\u00e5terst\u00e4llning<\/b> f\u00f6r allvarligt skadade enheter eller komplexa datasituationer.<\/li>\n<\/ul>\n<\/section>\n<section>\n<div>\n<div>5<\/div>\n<h2>Ut\u00f6ver \u00e5terst\u00e4llningstekniker<\/h2>\n<\/div>\n<p>N\u00e4r det kommer till data\u00e5terst\u00e4llning kan f\u00f6rst\u00e5else f\u00f6r <b>FAT32-filsystemet<\/b> och dess begr\u00e4nsningar bidra till framg\u00e5ngsrika \u00e5terst\u00e4llningsinsatser. FAT32 \u00e4r ett brett anv\u00e4nt filsystem f\u00f6r dess kompatibilitet med olika operativsystem och enheter, men det kan vara mindre resilient j\u00e4mf\u00f6rt med nyare filsystem som NTFS eller exFAT.<\/p>\n<p>FAT32-partitioner \u00e4r s\u00e4rskilt utsatta f\u00f6r <b>fragmentering<\/b>, vilket kan f\u00f6rsv\u00e5ra \u00e5terst\u00e4llningsprocessen. Regelbunden defragmentering av enheten kan f\u00f6rb\u00e4ttra utsikterna f\u00f6r data\u00e5terst\u00e4llning genom att uppr\u00e4tth\u00e5lla filkohesion. Det \u00e4r ocks\u00e5 v\u00e4rt att notera att FAT32 har en <b>maximal filstorleksgr\u00e4ns<\/b> p\u00e5 4 GB, vilket inneb\u00e4r att st\u00f6rre filer kan bli korrupta l\u00e4ttare eller inte st\u00f6ds alls.<\/p>\n<p>F\u00f6r anv\u00e4ndare som ofta beh\u00f6ver data\u00e5terst\u00e4llning fr\u00e5n FAT32-partitioner kan det vara dags att \u00f6verv\u00e4ga omformatering till ett robustare filsystem, f\u00f6rutsatt att alla deras enheter st\u00f6der det. Innan n\u00e5gon omformatering genomf\u00f6rs, se till att du har en <b>komplett s\u00e4kerhetskopia<\/b> av dina data f\u00f6r att undvika eventuella f\u00f6rluster under \u00f6verg\u00e5ngen.<\/p>\n<p>I scenarier d\u00e4r \u00e5terst\u00e4llning inte \u00e4r m\u00f6jlig genom mjukvara, kan <b>h\u00e5rdvarubaserad \u00e5terst\u00e4llning<\/b> utf\u00f6rd av professionella vara n\u00e4sta b\u00e4sta steg. Detta inneb\u00e4r fysisk reparation av enheten i en renrumsmilj\u00f6 och anv\u00e4ndning av specialutrustning f\u00f6r att h\u00e4mta data. F\u00f6r att l\u00e4ra dig mer om denna process, bes\u00f6k <a href=\"https:\/\/www.securedatarecovery.com\/services\/hard-drive-recovery\" rel=\"nofollow external noopener noreferrer\" target=\"_blank\" data-wpel-link=\"external\">Secure Data Recovery Services<\/a>.<\/p>\n<\/section>\n<section>\n<h2>Slutsats:<\/h2>\n<div class=\"nonp\">\n<p>Sammanfattningsvis representerar metoderna och tipsen som beskrivits ovan en samling av personlig erfarenhet och b\u00e4sta praxis inom data\u00e5terst\u00e4llning fr\u00e5n partitioner med ett FAT32-filsystem. Resan att \u00e5terst\u00e4lla f\u00f6rlorad data kan vara komplex och variera avsev\u00e4rt fr\u00e5n fall till fall. Oavsett om du anv\u00e4nder Windows inbyggda verktyg, programvara fr\u00e5n tredje part eller professionella tj\u00e4nster, \u00e4r det viktigt att agera omg\u00e5ende och noggrant. Kom ih\u00e5g att underh\u00e5lla regelbundna s\u00e4kerhetskopior och ha \u00f6verseende med h\u00e4lsan hos ditt filsystem f\u00f6r att minimera chanserna f\u00f6r upprepade dataluster. Genom att vara vaksam och informerad kan du b\u00e4ttre navigera utmaningarna med data\u00e5terst\u00e4llning och skydda dina v\u00e4rdefulla digitala tillg\u00e5ngar.<\/p>\n<\/div>\n<\/section>\n","protected":false},"excerpt":{"rendered":"<p>Hur du snabbt \u00e5terst\u00e4ller raderade filer fr\u00e5n FAT32-partition Att f\u00f6rlora data fr\u00e5n en partition p\u00e5 ett FAT32-filsystem kan vara en skr\u00e4mmande upplevelse. Lyckligtvis har framsteg inom teknik f\u00f6r data\u00e5terst\u00e4llning gjort det m\u00f6jligt att \u00e5terh\u00e4mta f\u00f6rlorade eller raderade filer med relativ l\u00e4tthet. I denna detaljerade instruktionsartikel kommer jag dela med mig av min personliga erfarenhet av [&hellip;]<\/p>\n","protected":false},"author":2,"featured_media":31264,"parent":0,"menu_order":0,"comment_status":"closed","ping_status":"closed","template":"chromecast.php","meta":{"_stopmodifiedupdate":false,"_modified_date":"","_lmt_disableupdate":"yes","_lmt_disable":""},"acf":[],"yoast_head":"<!-- This site is optimized with the Yoast SEO plugin v20.9 - https:\/\/yoast.com\/wordpress\/plugins\/seo\/ -->\n<title>Hur man \u00e5terst\u00e4ller raderade filer fr\u00e5n en FAT32-partition [Guide]<\/title>\n<meta name=\"robots\" content=\"index, follow, max-snippet:-1, max-image-preview:large, max-video-preview:-1\" \/>\n<link rel=\"canonical\" href=\"https:\/\/datarecovery.ping.fm\/sv\/fat32-recovery\/\" \/>\n<meta property=\"og:locale\" content=\"sv_SE\" \/>\n<meta property=\"og:type\" content=\"article\" \/>\n<meta property=\"og:title\" content=\"Hur man \u00e5terst\u00e4ller raderade filer fr\u00e5n en FAT32-partition [Guide]\" \/>\n<meta property=\"og:description\" content=\"Hur du snabbt \u00e5terst\u00e4ller raderade filer fr\u00e5n FAT32-partition Att f\u00f6rlora data fr\u00e5n en partition p\u00e5 ett FAT32-filsystem kan vara en skr\u00e4mmande upplevelse. Lyckligtvis har framsteg inom teknik f\u00f6r data\u00e5terst\u00e4llning gjort det m\u00f6jligt att \u00e5terh\u00e4mta f\u00f6rlorade eller raderade filer med relativ l\u00e4tthet. I denna detaljerade instruktionsartikel kommer jag dela med mig av min personliga erfarenhet av [&hellip;]\" \/>\n<meta property=\"og:url\" content=\"https:\/\/datarecovery.ping.fm\/sv\/fat32-recovery\/\" \/>\n<meta property=\"og:site_name\" content=\"\u00c5terst\u00e4llningsprogram f\u00f6r Data\" \/>\n<meta property=\"article:modified_time\" content=\"2024-02-21T05:49:23+00:00\" \/>\n<meta property=\"og:image\" content=\"https:\/\/datarecovery.ping.fm\/wp-content\/uploads\/2024\/03\/How-to-Quickly-Recover-Deleted-Files-from-FAT32-Partition-Swedish.jpg\" \/>\n\t<meta property=\"og:image:width\" content=\"1280\" \/>\n\t<meta property=\"og:image:height\" content=\"731\" \/>\n\t<meta property=\"og:image:type\" content=\"image\/jpeg\" \/>\n<meta name=\"twitter:card\" content=\"summary_large_image\" \/>\n<meta name=\"twitter:label1\" content=\"Est. reading time\" \/>\n\t<meta name=\"twitter:data1\" content=\"6 minuter\" \/>\n<script type=\"application\/ld+json\" class=\"yoast-schema-graph\">{\"@context\":\"https:\/\/schema.org\",\"@graph\":[{\"@type\":\"WebPage\",\"@id\":\"https:\/\/datarecovery.ping.fm\/sv\/fat32-recovery\/\",\"url\":\"https:\/\/datarecovery.ping.fm\/sv\/fat32-recovery\/\",\"name\":\"Hur man \u00e5terst\u00e4ller raderade filer fr\u00e5n en FAT32-partition [Guide]\",\"isPartOf\":{\"@id\":\"https:\/\/datarecovery.ping.fm\/sv\/#website\"},\"datePublished\":\"2024-01-05T11:37:34+00:00\",\"dateModified\":\"2024-02-21T05:49:23+00:00\",\"breadcrumb\":{\"@id\":\"https:\/\/datarecovery.ping.fm\/sv\/fat32-recovery\/#breadcrumb\"},\"inLanguage\":\"sv-SE\",\"potentialAction\":[{\"@type\":\"ReadAction\",\"target\":[\"https:\/\/datarecovery.ping.fm\/sv\/fat32-recovery\/\"]}]},{\"@type\":\"BreadcrumbList\",\"@id\":\"https:\/\/datarecovery.ping.fm\/sv\/fat32-recovery\/#breadcrumb\",\"itemListElement\":[{\"@type\":\"ListItem\",\"position\":1,\"name\":\"Home\",\"item\":\"https:\/\/datarecovery.ping.fm\/sv\/\"},{\"@type\":\"ListItem\",\"position\":2,\"name\":\"Hur man snabbt \u00e5terst\u00e4ller raderade filer fr\u00e5n en FAT32-partition\"}]},{\"@type\":\"WebSite\",\"@id\":\"https:\/\/datarecovery.ping.fm\/sv\/#website\",\"url\":\"https:\/\/datarecovery.ping.fm\/sv\/\",\"name\":\"\u00c5terst\u00e4llningsprogram f\u00f6r Data\",\"description\":\"\",\"potentialAction\":[{\"@type\":\"SearchAction\",\"target\":{\"@type\":\"EntryPoint\",\"urlTemplate\":\"https:\/\/datarecovery.ping.fm\/sv\/?s={search_term_string}\"},\"query-input\":\"required name=search_term_string\"}],\"inLanguage\":\"sv-SE\"}]}<\/script>\n<!-- \/ Yoast SEO plugin. -->","yoast_head_json":{"title":"Hur man \u00e5terst\u00e4ller raderade filer fr\u00e5n en FAT32-partition [Guide]","robots":{"index":"index","follow":"follow","max-snippet":"max-snippet:-1","max-image-preview":"max-image-preview:large","max-video-preview":"max-video-preview:-1"},"canonical":"https:\/\/datarecovery.ping.fm\/sv\/fat32-recovery\/","og_locale":"sv_SE","og_type":"article","og_title":"Hur man \u00e5terst\u00e4ller raderade filer fr\u00e5n en FAT32-partition [Guide]","og_description":"Hur du snabbt \u00e5terst\u00e4ller raderade filer fr\u00e5n FAT32-partition Att f\u00f6rlora data fr\u00e5n en partition p\u00e5 ett FAT32-filsystem kan vara en skr\u00e4mmande upplevelse. Lyckligtvis har framsteg inom teknik f\u00f6r data\u00e5terst\u00e4llning gjort det m\u00f6jligt att \u00e5terh\u00e4mta f\u00f6rlorade eller raderade filer med relativ l\u00e4tthet. I denna detaljerade instruktionsartikel kommer jag dela med mig av min personliga erfarenhet av [&hellip;]","og_url":"https:\/\/datarecovery.ping.fm\/sv\/fat32-recovery\/","og_site_name":"\u00c5terst\u00e4llningsprogram f\u00f6r Data","article_modified_time":"2024-02-21T05:49:23+00:00","og_image":[{"width":1280,"height":731,"url":"https:\/\/datarecovery.ping.fm\/wp-content\/uploads\/2024\/03\/How-to-Quickly-Recover-Deleted-Files-from-FAT32-Partition-Swedish.jpg","type":"image\/jpeg"}],"twitter_card":"summary_large_image","twitter_misc":{"Est. reading time":"6 minuter"},"schema":{"@context":"https:\/\/schema.org","@graph":[{"@type":"WebPage","@id":"https:\/\/datarecovery.ping.fm\/sv\/fat32-recovery\/","url":"https:\/\/datarecovery.ping.fm\/sv\/fat32-recovery\/","name":"Hur man \u00e5terst\u00e4ller raderade filer fr\u00e5n en FAT32-partition [Guide]","isPartOf":{"@id":"https:\/\/datarecovery.ping.fm\/sv\/#website"},"datePublished":"2024-01-05T11:37:34+00:00","dateModified":"2024-02-21T05:49:23+00:00","breadcrumb":{"@id":"https:\/\/datarecovery.ping.fm\/sv\/fat32-recovery\/#breadcrumb"},"inLanguage":"sv-SE","potentialAction":[{"@type":"ReadAction","target":["https:\/\/datarecovery.ping.fm\/sv\/fat32-recovery\/"]}]},{"@type":"BreadcrumbList","@id":"https:\/\/datarecovery.ping.fm\/sv\/fat32-recovery\/#breadcrumb","itemListElement":[{"@type":"ListItem","position":1,"name":"Home","item":"https:\/\/datarecovery.ping.fm\/sv\/"},{"@type":"ListItem","position":2,"name":"Hur man snabbt \u00e5terst\u00e4ller raderade filer fr\u00e5n en FAT32-partition"}]},{"@type":"WebSite","@id":"https:\/\/datarecovery.ping.fm\/sv\/#website","url":"https:\/\/datarecovery.ping.fm\/sv\/","name":"\u00c5terst\u00e4llningsprogram f\u00f6r Data","description":"","potentialAction":[{"@type":"SearchAction","target":{"@type":"EntryPoint","urlTemplate":"https:\/\/datarecovery.ping.fm\/sv\/?s={search_term_string}"},"query-input":"required name=search_term_string"}],"inLanguage":"sv-SE"}]}},"_links":{"self":[{"href":"https:\/\/datarecovery.ping.fm\/sv\/wp-json\/wp\/v2\/pages\/18901"}],"collection":[{"href":"https:\/\/datarecovery.ping.fm\/sv\/wp-json\/wp\/v2\/pages"}],"about":[{"href":"https:\/\/datarecovery.ping.fm\/sv\/wp-json\/wp\/v2\/types\/page"}],"author":[{"embeddable":true,"href":"https:\/\/datarecovery.ping.fm\/sv\/wp-json\/wp\/v2\/users\/2"}],"replies":[{"embeddable":true,"href":"https:\/\/datarecovery.ping.fm\/sv\/wp-json\/wp\/v2\/comments?post=18901"}],"version-history":[{"count":1,"href":"https:\/\/datarecovery.ping.fm\/sv\/wp-json\/wp\/v2\/pages\/18901\/revisions"}],"predecessor-version":[{"id":27898,"href":"https:\/\/datarecovery.ping.fm\/sv\/wp-json\/wp\/v2\/pages\/18901\/revisions\/27898"}],"wp:featuredmedia":[{"embeddable":true,"href":"https:\/\/datarecovery.ping.fm\/sv\/wp-json\/wp\/v2\/media\/31264"}],"wp:attachment":[{"href":"https:\/\/datarecovery.ping.fm\/sv\/wp-json\/wp\/v2\/media?parent=18901"}],"curies":[{"name":"wp","href":"https:\/\/api.w.org\/{rel}","templated":true}]}}