{"id":18792,"date":"2024-01-04T15:42:46","date_gmt":"2024-01-04T15:42:46","guid":{"rendered":"https:\/\/www.ping.fm\/data-recovery-software\/disk-drill-activation-code\/"},"modified":"2024-02-21T05:49:22","modified_gmt":"2024-02-21T05:49:22","slug":"disk-drill-activation-code","status":"publish","type":"page","link":"https:\/\/datarecovery.ping.fm\/sv\/disk-drill-activation-code\/","title":{"rendered":"Letar du efter en aktiveringskod, crack eller serienummer f\u00f6r Disk Drill?"},"content":{"rendered":"<section>\n<h1>Letar du efter aktiveringskod, crack eller serienyckel f\u00f6r Disk Drill?<\/h1>\n<div class=\"inbrief\">\n<div>             <img src=\"https:\/\/www.ping.fm\/data-recovery-software\/wp-content\/uploads\/ai\/Looking-for-Disk-Drill-activation-code,-crack,-serial-key--Swedish.jpg\" alt=\"Letar du efter aktiveringskod, crack eller serienyckel f\u00f6r Disk Drill?\" title=\"Letar du efter aktiveringskod, crack eller serienyckel f\u00f6r Disk Drill?\" width=\"1280\" height=\"720\">             <\/p>\n<p>N\u00e4r det kommer till data\u00e5terst\u00e4llning \u00e4r <b>Disk Drill<\/b> ett v\u00e4lk\u00e4nt namn som erbjuder robusta funktioner f\u00f6r att \u00e5terf\u00e5 f\u00f6rlorade filer fr\u00e5n olika lagringsenheter. Som n\u00e5gon som har st\u00f6tt p\u00e5 dataf\u00f6rluster tidigare, kan jag vittna om suget efter att s\u00f6ka efter <b>Disk Drill aktiveringskoder<\/b>, <b>cracks<\/b> eller <b>serienycklar<\/b> online. Dock kan anv\u00e4ndandet av s\u00e5dana olagliga metoder kompromettera din dators s\u00e4kerhet och ber\u00f6va programskaparna p\u00e5 deras r\u00e4ttm\u00e4tiga ers\u00e4ttning. I denna artikel kommer jag dela med mig av min erfarenhet att hitta legitima s\u00e4tt att anv\u00e4nda Disk Drill utan att beh\u00f6va v\u00e4nda sig till illegala alternativ.<\/p>\n<\/div>\n<\/div>\n<\/section>\n<section>\n<div>\n<div>1<\/div>\n<h2>Vanliga Scenarion:<\/h2>\n<\/div>\n<h3>Oavsiktlig borttagning av filer &#128465;<\/h3>\n<ul>\n<li>Jag raderade en g\u00e5ng permanent viktiga dokument fr\u00e5n papperskorgen vilket ledde mig p\u00e5 ett frenetiskt s\u00f6kande efter alternativ f\u00f6r data\u00e5terst\u00e4llning.<\/li>\n<li><b>Disk Drills gratisversion<\/b> till\u00e4t mig att f\u00f6rhandsgranska de \u00e5terst\u00e4llningsbara filerna, men jag beh\u00f6vde uppgradera f\u00f6r att faktiskt \u00e5terst\u00e4lla dem.<\/li>\n<li>Frestelsen att s\u00f6ka efter en <b>Disk Drill crack<\/b> var stark, \u00e4nd\u00e5 k\u00e4nde jag till riskerna.<\/li>\n<\/ul>\n<h3>Skadad extern h\u00e5rddisk &#128721;<\/h3>\n<ul>\n<li>Att komma \u00e5t v\u00e4rdefulla foton fr\u00e5n en familjeresa blev om\u00f6jligt n\u00e4r min externa h\u00e5rddisk skadades.<\/li>\n<li>Med <b>Disk Drill<\/b> kunde jag skanna och se filerna, men fullst\u00e4ndig \u00e5terst\u00e4llning var bakom en betalv\u00e4gg.<\/li>\n<li>\u00c4n en g\u00e5ng verkade den snabba l\u00f6sningen vara en olaglig <b>aktiveringskod<\/b>, men jag valde att s\u00f6ka efter lagliga alternativ.<\/li>\n<\/ul>\n<h3>\u00c5terst\u00e4llning av f\u00f6rlorad partition &#128269;<\/h3>\n<ul>\n<li>Partitionsf\u00f6rlust p\u00e5 min lagringsenhet var ett komplicerat problem som kr\u00e4vde ett avancerat \u00e5terst\u00e4llningsverktyg som <b>Disk Drill<\/b>.<\/li>\n<li>Programvaran uppt\u00e4ckte den f\u00f6rlorade partitionen, men att \u00e5terst\u00e4lla den kr\u00e4vde en premiumlicens, vilket ofta lockar anv\u00e4ndare att leta efter <b>serienycklar<\/b> online.<\/li>\n<li>Detta scenario st\u00e4rkte ytterligare min beslutsamhet att hitta en s\u00e4krare och mer etisk l\u00f6sning.<\/li>\n<\/ul>\n<\/section>\n<section class=\"stepByStep\">\n<div>\n<div>2<\/div>\n<h2>Steg-f\u00f6r-steg-guide. Disk Drill-seriekod:<\/h2>\n<\/div>\n<h3>Metod 1: Anv\u00e4nd Disk Drills gratisfunktioner &#128736;<\/h3>\n<ul>\n<li><b>Installera<\/b> den gratis versionen av Disk Drill fr\u00e5n den officiella <a href='https:\/\/www.cleverfiles.com\/' rel=\"nofollow noopener\" target='_blank'>CleverFiles-webbplatsen<\/a>.<\/li>\n<li>Anv\u00e4nd funktionen f\u00f6r <b>filf\u00f6rhandsgranskning<\/b> f\u00f6r att se om dina f\u00f6rlorade data kan \u00e5terst\u00e4llas.<\/li>\n<li>Uttnyttja m\u00f6jligheten till <b>gratis \u00e5terst\u00e4llning av 500MB data<\/b> f\u00f6r ber\u00e4ttigade filer.<\/li>\n<li>Utforska ytterligare gratisverktyg som <b>Diskh\u00e4lsa<\/b> och <b>Dubblettfilhittaren<\/b> som ing\u00e5r i gratisversionen.<\/li>\n<li>Forts\u00e4tt med \u00e5terst\u00e4llning av kritiska filer inom den till\u00e5tna gratisdatalimiten.<\/li>\n<\/ul>\n<p><b>Not:<\/b> Gratisversionen kan vara allt du beh\u00f6ver f\u00f6r mindre data\u00e5terst\u00e4llningsuppgifter.<\/p>\n<p><b>Slutsats:<\/b> \u00c4ven om gratisversionen har begr\u00e4nsningar s\u00e5 \u00e4r det ett lagligt och riskfritt s\u00e4tt att \u00e5terst\u00e4lla en del av dina data.<\/p>\n<h3>Metod 2: Ta F\u00f6rdel av Specialerbjudanden och Rabatter &#127881;<\/h3>\n<ul>\n<li>Kontrollera regelbundet <a href='https:\/\/www.cleverfiles.com\/' rel=\"nofollow noopener\" target='_blank'>CleverFiles-webbplatsen<\/a> f\u00f6r eventuella p\u00e5g\u00e5ende kampanjer eller rabatter.<\/li>\n<li>Prenumerera p\u00e5 <b>Disk Drill-nyhetsbrevet<\/b> f\u00f6r att f\u00e5 uppdateringar om specialerbjudanden.<\/li>\n<li>\u00d6verv\u00e4g s\u00e4songsrelaterade rabatter under Black Friday, Cyber Monday eller tillbaka-till-skolan-kampanjer.<\/li>\n<li>G\u00e5 med i <b>CleverFiles<\/b> sociala mediekanaler d\u00e4r exklusiva erbjudanden kan tillk\u00e4nnages.<\/li>\n<li>K\u00f6p Disk Drill under dessa kampanjperioder f\u00f6r att f\u00e5 fullversionen till ett reducerat pris.<\/li>\n<\/ul>\n<p><b>Not:<\/b> Att v\u00e4nta p\u00e5 rabatter kan drastiskt minska kostnaden f\u00f6r att skaffa en laglig licens.<\/p>\n<p><b>Slutsats:<\/b> T\u00e5lamod kan l\u00f6na sig med stora besparingar n\u00e4r du k\u00f6per Disk Drill lagligt.<\/p>\n<h3>Metod 3: Utforska Volymlicensiering f\u00f6r Flera Anv\u00e4ndare &#128230;<\/h3>\n<ul>\n<li>Fr\u00e5ga om <b>volymlicensiering<\/b> om du representerar en organisation eller en grupp anv\u00e4ndare.<\/li>\n<li>Volymlicensiering erbjuder ofta en mer <b>kostnadseffektiv r\u00e4nta<\/b> per anv\u00e4ndare.<\/li>\n<li>Kontakta CleverFiles <b>f\u00f6rs\u00e4ljningsteam<\/b> f\u00f6r en offert p\u00e5 volymlicensalternativ.<\/li>\n<li>J\u00e4mf\u00f6r olika niv\u00e5er som matchar behoven f\u00f6r din organisation.<\/li>\n<li>V\u00e4lj gruppk\u00f6p f\u00f6r att spara p\u00e5 individuella licenser.<\/li>\n<\/ul>\n<p><b>Not:<\/b> Volymlicensiering kan vara ett utm\u00e4rkt alternativ f\u00f6r f\u00f6retag och utbildningsinstitutioner.<\/p>\n<p><b>Slutsats:<\/b> Volymlicensiering \u00e4r ett lagligt s\u00e4tt att distribuera Disk Drill p\u00e5 flera datorer till ett rabatterat pris.<\/p>\n<h3>Metod 4: Prova Alternativ \u00c5terst\u00e4llningsmjukvara &#128257;<\/h3>\n<ul>\n<li>Forska andra ansedda data\u00e5terst\u00e4llningsverktyg som erbjuder gratis eller mer prisv\u00e4rda alternativ.<\/li>\n<li>Leta efter \u00f6ppen k\u00e4llkods-alternativ som kanske passar din budget b\u00e4ttre.<\/li>\n<li>F\u00f6rs\u00e4kra dig om att de alternativ du \u00f6verv\u00e4ger har ansedda recensioner och kan \u00e5terst\u00e4lla data p\u00e5 ett s\u00e4kert s\u00e4tt.<\/li>\n<li>Testa olika mjukvaror med provversionerna och v\u00e4lj den som passar dina behov.<\/li>\n<li>V\u00e4lj det b\u00e4sta alternativet och respektera licensvillkoren som tillhandah\u00e5lls av utvecklarna.<\/li>\n<\/ul>\n<p><b>Not:<\/b> S\u00e4kerst\u00e4ll alltid integriteten f\u00f6r dina data genom att v\u00e4lja en p\u00e5litlig mjukvarul\u00f6sning.<\/p>\n<p><b>Slutsats:<\/b> Att utforska alternativ data\u00e5terst\u00e4llningsmjukvara kan leda till att du hittar en laglig l\u00f6sning inom din budget.<\/p>\n<h3>Metod 5: Engagera dig i Affiliatemarknadsf\u00f6ring eller Recensionsm\u00f6jligheter &#128161;<\/h3>\n<ul>\n<li>Kontakta CleverFiles f\u00f6r att f\u00f6rfr\u00e5ga om eventuella affiliatemarknadsf\u00f6ringsprogram eller recensionsprogram som de kan erbjuda.<\/li>\n<li>Om du har en blogg eller en betydande social mediaf\u00f6ljning, erbjud dig att skriva en recension i utbyte mot en licens.<\/li>\n<li>Engagera din publik med \u00e4rlig feedback om produkten.<\/li>\n<li>Anv\u00e4nd affiliatel\u00e4nkar fr\u00e5n CleverFiles f\u00f6r att potentiellt tj\u00e4na provisioner.<\/li>\n<li>Omvandla dina recensionsinsatser till en vinst-vinst-m\u00f6jlighet b\u00e5de f\u00f6r dig och mjukvaruutvecklaren.<\/li>\n<\/ul>\n<p><b>Not:<\/b> Denna metod kr\u00e4ver aktiv publikengagemang och efterlevnad av informationskrav.<\/p>\n<p><b>Slutsats:<\/b> Att recensera eller marknadsf\u00f6ra Disk Drill kan ge dig en laglig licens eller provisioner, samtidigt som du tillhandah\u00e5ller v\u00e4rde till din publik.<\/p>\n<\/section>\n<section>\n<div>\n<div>3<\/div>\n<h2>Youtube-video att titta p\u00e5<\/h2>\n<\/div>\n<div class=\"iframe\"><iframe width=\"420\" height=\"315\" src=\"\/\/www.youtube.com\/embed\/IGEizr1WZ3E\" frameborder=\"0\" allowfullscreen><\/iframe><\/div>\n<\/section>\n<section>\n<div>\n<div>4<\/div>\n<h2>F\u00f6rsiktighets\u00e5tg\u00e4rder och tips:<\/h2>\n<\/div>\n<h3>Var f\u00f6rsiktig med mjukvarukrackningar &#128721;<\/h3>\n<ul>\n<li><b>Kn\u00e4ckt mjukvara<\/b> kan potentiellt inneh\u00e5lla virus eller skadlig kod som skadar din dator och dina data.<\/li>\n<li>Piratkopierad programvara missar ofta viktiga uppdateringar och kundst\u00f6d.<\/li>\n<li>Att st\u00f6dja piratkopiering av programvara undergr\u00e4ver utvecklarna som investerar tid och resurser i att skapa v\u00e4rdefulla verktyg.<\/li>\n<\/ul>\n<h3>Ha regelbundna s\u00e4kerhetskopior &#128260;<\/h3>\n<ul>\n<li>Uppr\u00e4tth\u00e5ll <b>regelbundna s\u00e4kerhetskopieringar av dina data<\/b> f\u00f6r att minimera behovet av data\u00e5terst\u00e4llning.<\/li>\n<li>Anv\u00e4nd automatiska s\u00e4kerhetskopieringsl\u00f6sningar f\u00f6r att kontinuerligt skydda dina filer.<\/li>\n<li>\u00d6verv\u00e4g att anv\u00e4nda molnlagringstj\u00e4nster f\u00f6r ytterligare dataredundans.<\/li>\n<\/ul>\n<\/section>\n<section>\n<div>\n<div>5<\/div>\n<h2>Dataskydd<\/h2>\n<\/div>\n<p>Att skydda dina data g\u00e5r l\u00e5ngt ut\u00f6ver att undvika farliga krackningar f\u00f6r n\u00f6dv\u00e4ndig programvara som Disk Drill. Det inneb\u00e4r att bygga en omfattande s\u00e4kerhetskopieringsstrategi, implementera kryptering och praktisera s\u00e4kra surfvanor.<\/p>\n<p>Idag erbjuder m\u00e5nga molnbaserade tj\u00e4nster, s\u00e5som <a href='https:\/\/www.dropbox.com' rel=\"nofollow noopener\" target='_blank'>Dropbox<\/a>, <a href='https:\/\/www.google.com\/drive\/' rel=\"nofollow noopener\" target='_blank'>Google Drive<\/a> och <a href='https:\/\/www.microsoft.com\/en-us\/microsoft-365\/onedrive\/online-cloud-storage' rel=\"nofollow noopener\" target='_blank'>OneDrive<\/a>, prisv\u00e4rda och ibland gratis alternativ f\u00f6r att h\u00e5lla en offsite-s\u00e4kerhetskopia av dina data.<\/p>\n<p>En annan aspekt av datas\u00e4kerhet \u00e4r behovet av <b>kryptering<\/b>. Verktyg som <a href='https:\/\/www.veracrypt.fr\/' rel=\"nofollow noopener\" target='_blank'>VeraCrypt<\/a> finns tillg\u00e4ngliga f\u00f6r att kryptera dina data, vilket ger ett ytterligare s\u00e4kerhetslager.<\/p>\n<p>Framf\u00f6r allt s\u00e4kerst\u00e4ller att uppr\u00e4tth\u00e5lla dina mjukvarulicenser lagligt tillg\u00e5ng till de senaste uppdateringarna, funktionerna och st\u00f6det f\u00f6r att h\u00e5lla ditt digitala liv smidigt.<\/p>\n<\/section>\n<section>\n<h2>Slutord:<\/h2>\n<div class=\"nonp\">\n<p>Under min resa med data\u00e5terst\u00e4llning med Disk Drill har jag l\u00e4rt mig vikten av att f\u00f6lja mjukvarulicensregler och respektera immateriella r\u00e4ttigheter. Att s\u00f6ka efter <b>Disk Drill aktiveringskoder eller krackningar &#038; serienycklar<\/b> \u00e4r inte bara olagligt men uts\u00e4tter dig f\u00f6r betydande risker. Genom att utforska de etiska alternativen jag har delat kan du f\u00e5 sinnesro, med vetskap om att din data\u00e5terst\u00e4llning genomf\u00f6rs s\u00e4kert och lagligt. Dessutom till\u00e5ter st\u00f6d till utvecklarna genom lagliga medel kontinuerliga f\u00f6rb\u00e4ttringar och innovationer inom den programvara vi f\u00f6rlitar oss p\u00e5 f\u00f6r att h\u00e5lla v\u00e5r digitala data s\u00e4ker.<\/p>\n<\/div>\n<\/section>\n","protected":false},"excerpt":{"rendered":"<p>Letar du efter aktiveringskod, crack eller serienyckel f\u00f6r Disk Drill? N\u00e4r det kommer till data\u00e5terst\u00e4llning \u00e4r Disk Drill ett v\u00e4lk\u00e4nt namn som erbjuder robusta funktioner f\u00f6r att \u00e5terf\u00e5 f\u00f6rlorade filer fr\u00e5n olika lagringsenheter. Som n\u00e5gon som har st\u00f6tt p\u00e5 dataf\u00f6rluster tidigare, kan jag vittna om suget efter att s\u00f6ka efter Disk Drill aktiveringskoder, cracks eller [&hellip;]<\/p>\n","protected":false},"author":2,"featured_media":0,"parent":0,"menu_order":0,"comment_status":"closed","ping_status":"closed","template":"chromecast.php","meta":{"_stopmodifiedupdate":false,"_modified_date":"","_lmt_disableupdate":"yes","_lmt_disable":""},"acf":[],"yoast_head":"<!-- This site is optimized with the Yoast SEO plugin v20.9 - https:\/\/yoast.com\/wordpress\/plugins\/seo\/ -->\n<title>Finns det en aktiveringskod, crack eller serienummer f\u00f6r Disk Drill?<\/title>\n<meta name=\"robots\" content=\"index, follow, max-snippet:-1, max-image-preview:large, max-video-preview:-1\" \/>\n<link rel=\"canonical\" href=\"https:\/\/datarecovery.ping.fm\/sv\/disk-drill-activation-code\/\" \/>\n<meta property=\"og:locale\" content=\"sv_SE\" \/>\n<meta property=\"og:type\" content=\"article\" \/>\n<meta property=\"og:title\" content=\"Finns det en aktiveringskod, crack eller serienummer f\u00f6r Disk Drill?\" \/>\n<meta property=\"og:description\" content=\"Letar du efter aktiveringskod, crack eller serienyckel f\u00f6r Disk Drill? N\u00e4r det kommer till data\u00e5terst\u00e4llning \u00e4r Disk Drill ett v\u00e4lk\u00e4nt namn som erbjuder robusta funktioner f\u00f6r att \u00e5terf\u00e5 f\u00f6rlorade filer fr\u00e5n olika lagringsenheter. Som n\u00e5gon som har st\u00f6tt p\u00e5 dataf\u00f6rluster tidigare, kan jag vittna om suget efter att s\u00f6ka efter Disk Drill aktiveringskoder, cracks eller [&hellip;]\" \/>\n<meta property=\"og:url\" content=\"https:\/\/datarecovery.ping.fm\/sv\/disk-drill-activation-code\/\" \/>\n<meta property=\"og:site_name\" content=\"\u00c5terst\u00e4llningsprogram f\u00f6r Data\" \/>\n<meta property=\"article:modified_time\" content=\"2024-02-21T05:49:22+00:00\" \/>\n<meta property=\"og:image\" content=\"https:\/\/www.ping.fm\/data-recovery-software\/wp-content\/uploads\/ai\/Looking-for-Disk-Drill-activation-code,-crack,-serial-key--Swedish.jpg\" \/>\n<meta name=\"twitter:card\" content=\"summary_large_image\" \/>\n<meta name=\"twitter:label1\" content=\"Est. reading time\" \/>\n\t<meta name=\"twitter:data1\" content=\"6 minuter\" \/>\n<script type=\"application\/ld+json\" class=\"yoast-schema-graph\">{\"@context\":\"https:\/\/schema.org\",\"@graph\":[{\"@type\":\"WebPage\",\"@id\":\"https:\/\/datarecovery.ping.fm\/sv\/disk-drill-activation-code\/\",\"url\":\"https:\/\/datarecovery.ping.fm\/sv\/disk-drill-activation-code\/\",\"name\":\"Finns det en aktiveringskod, crack eller serienummer f\u00f6r Disk Drill?\",\"isPartOf\":{\"@id\":\"https:\/\/datarecovery.ping.fm\/sv\/#website\"},\"datePublished\":\"2024-01-04T15:42:46+00:00\",\"dateModified\":\"2024-02-21T05:49:22+00:00\",\"breadcrumb\":{\"@id\":\"https:\/\/datarecovery.ping.fm\/sv\/disk-drill-activation-code\/#breadcrumb\"},\"inLanguage\":\"sv-SE\",\"potentialAction\":[{\"@type\":\"ReadAction\",\"target\":[\"https:\/\/datarecovery.ping.fm\/sv\/disk-drill-activation-code\/\"]}]},{\"@type\":\"BreadcrumbList\",\"@id\":\"https:\/\/datarecovery.ping.fm\/sv\/disk-drill-activation-code\/#breadcrumb\",\"itemListElement\":[{\"@type\":\"ListItem\",\"position\":1,\"name\":\"Home\",\"item\":\"https:\/\/datarecovery.ping.fm\/sv\/\"},{\"@type\":\"ListItem\",\"position\":2,\"name\":\"Letar du efter en aktiveringskod, crack eller serienummer f\u00f6r Disk Drill?\"}]},{\"@type\":\"WebSite\",\"@id\":\"https:\/\/datarecovery.ping.fm\/sv\/#website\",\"url\":\"https:\/\/datarecovery.ping.fm\/sv\/\",\"name\":\"\u00c5terst\u00e4llningsprogram f\u00f6r Data\",\"description\":\"\",\"potentialAction\":[{\"@type\":\"SearchAction\",\"target\":{\"@type\":\"EntryPoint\",\"urlTemplate\":\"https:\/\/datarecovery.ping.fm\/sv\/?s={search_term_string}\"},\"query-input\":\"required name=search_term_string\"}],\"inLanguage\":\"sv-SE\"}]}<\/script>\n<!-- \/ Yoast SEO plugin. -->","yoast_head_json":{"title":"Finns det en aktiveringskod, crack eller serienummer f\u00f6r Disk Drill?","robots":{"index":"index","follow":"follow","max-snippet":"max-snippet:-1","max-image-preview":"max-image-preview:large","max-video-preview":"max-video-preview:-1"},"canonical":"https:\/\/datarecovery.ping.fm\/sv\/disk-drill-activation-code\/","og_locale":"sv_SE","og_type":"article","og_title":"Finns det en aktiveringskod, crack eller serienummer f\u00f6r Disk Drill?","og_description":"Letar du efter aktiveringskod, crack eller serienyckel f\u00f6r Disk Drill? N\u00e4r det kommer till data\u00e5terst\u00e4llning \u00e4r Disk Drill ett v\u00e4lk\u00e4nt namn som erbjuder robusta funktioner f\u00f6r att \u00e5terf\u00e5 f\u00f6rlorade filer fr\u00e5n olika lagringsenheter. Som n\u00e5gon som har st\u00f6tt p\u00e5 dataf\u00f6rluster tidigare, kan jag vittna om suget efter att s\u00f6ka efter Disk Drill aktiveringskoder, cracks eller [&hellip;]","og_url":"https:\/\/datarecovery.ping.fm\/sv\/disk-drill-activation-code\/","og_site_name":"\u00c5terst\u00e4llningsprogram f\u00f6r Data","article_modified_time":"2024-02-21T05:49:22+00:00","og_image":[{"url":"https:\/\/www.ping.fm\/data-recovery-software\/wp-content\/uploads\/ai\/Looking-for-Disk-Drill-activation-code,-crack,-serial-key--Swedish.jpg"}],"twitter_card":"summary_large_image","twitter_misc":{"Est. reading time":"6 minuter"},"schema":{"@context":"https:\/\/schema.org","@graph":[{"@type":"WebPage","@id":"https:\/\/datarecovery.ping.fm\/sv\/disk-drill-activation-code\/","url":"https:\/\/datarecovery.ping.fm\/sv\/disk-drill-activation-code\/","name":"Finns det en aktiveringskod, crack eller serienummer f\u00f6r Disk Drill?","isPartOf":{"@id":"https:\/\/datarecovery.ping.fm\/sv\/#website"},"datePublished":"2024-01-04T15:42:46+00:00","dateModified":"2024-02-21T05:49:22+00:00","breadcrumb":{"@id":"https:\/\/datarecovery.ping.fm\/sv\/disk-drill-activation-code\/#breadcrumb"},"inLanguage":"sv-SE","potentialAction":[{"@type":"ReadAction","target":["https:\/\/datarecovery.ping.fm\/sv\/disk-drill-activation-code\/"]}]},{"@type":"BreadcrumbList","@id":"https:\/\/datarecovery.ping.fm\/sv\/disk-drill-activation-code\/#breadcrumb","itemListElement":[{"@type":"ListItem","position":1,"name":"Home","item":"https:\/\/datarecovery.ping.fm\/sv\/"},{"@type":"ListItem","position":2,"name":"Letar du efter en aktiveringskod, crack eller serienummer f\u00f6r Disk Drill?"}]},{"@type":"WebSite","@id":"https:\/\/datarecovery.ping.fm\/sv\/#website","url":"https:\/\/datarecovery.ping.fm\/sv\/","name":"\u00c5terst\u00e4llningsprogram f\u00f6r Data","description":"","potentialAction":[{"@type":"SearchAction","target":{"@type":"EntryPoint","urlTemplate":"https:\/\/datarecovery.ping.fm\/sv\/?s={search_term_string}"},"query-input":"required name=search_term_string"}],"inLanguage":"sv-SE"}]}},"_links":{"self":[{"href":"https:\/\/datarecovery.ping.fm\/sv\/wp-json\/wp\/v2\/pages\/18792"}],"collection":[{"href":"https:\/\/datarecovery.ping.fm\/sv\/wp-json\/wp\/v2\/pages"}],"about":[{"href":"https:\/\/datarecovery.ping.fm\/sv\/wp-json\/wp\/v2\/types\/page"}],"author":[{"embeddable":true,"href":"https:\/\/datarecovery.ping.fm\/sv\/wp-json\/wp\/v2\/users\/2"}],"replies":[{"embeddable":true,"href":"https:\/\/datarecovery.ping.fm\/sv\/wp-json\/wp\/v2\/comments?post=18792"}],"version-history":[{"count":1,"href":"https:\/\/datarecovery.ping.fm\/sv\/wp-json\/wp\/v2\/pages\/18792\/revisions"}],"predecessor-version":[{"id":27897,"href":"https:\/\/datarecovery.ping.fm\/sv\/wp-json\/wp\/v2\/pages\/18792\/revisions\/27897"}],"wp:attachment":[{"href":"https:\/\/datarecovery.ping.fm\/sv\/wp-json\/wp\/v2\/media?parent=18792"}],"curies":[{"name":"wp","href":"https:\/\/api.w.org\/{rel}","templated":true}]}}