{"id":18771,"date":"2024-01-03T21:14:23","date_gmt":"2024-01-03T21:14:23","guid":{"rendered":"https:\/\/www.ping.fm\/data-recovery-software\/disk-drill\/"},"modified":"2024-02-21T05:49:20","modified_gmt":"2024-02-21T05:49:20","slug":"disk-drill","status":"publish","type":"page","link":"https:\/\/datarecovery.ping.fm\/sv\/disk-drill\/","title":{"rendered":"Hur anv\u00e4nder man Disk Drill data\u00e5terst\u00e4llningsapp och \u00e4r den s\u00e4ker?"},"content":{"rendered":"<section>\n<h1>Hur man anv\u00e4nder data\u00e5terst\u00e4llningsappen Disk Drill och \u00e4r den s\u00e4ker?<\/h1>\n<div class=\"inbrief\">\n<div>             <img src=\"https:\/\/www.ping.fm\/data-recovery-software\/wp-content\/uploads\/ai\/How-to-use-data-recovery-app-Disk-Drill-and-is-it-safe--Swedish.jpg\" alt=\"Hur man anv\u00e4nder data\u00e5terst\u00e4llningsappen Disk Drill och \u00e4r den s\u00e4ker?\" title=\"Hur man anv\u00e4nder data\u00e5terst\u00e4llningsappen Disk Drill och \u00e4r den s\u00e4ker?\" width=\"1280\" height=\"720\">             <\/p>\n<p>N\u00e4r det g\u00e4ller att \u00e5terst\u00e4lla f\u00f6rlorad data \u00e4r Disk Drill ett v\u00e4lk\u00e4nt namn som har hj\u00e4lpt otaliga individer och f\u00f6retag att \u00e5terst\u00e4lla v\u00e4rdefull information fr\u00e5n sina lagringsenheter. Men hur anv\u00e4nder man Disk Drill, och \u00e4r det ett s\u00e4kert alternativ 2024? L\u00e5t oss utforska processen och utv\u00e4rdera s\u00e4kerheten hos Disk Drill baserat p\u00e5 min egen erfarenhet och allm\u00e4nt accepterade praxis f\u00f6r data\u00e5terst\u00e4llning.<\/p>\n<\/div>\n<\/div>\n<\/section>\n<section>\n<div>\n<div>1<\/div>\n<h2>Vanliga Scenarier:<\/h2>\n<\/div>\n<h3>Oavsiktlig filradering &#128465;<\/h3>\n<ul>\n<li>Jag raderade av misstag n\u00e5gra viktiga arbetsdokument fr\u00e5n min laptop och beh\u00f6vde ett <b>p\u00e5litligt verktyg f\u00f6r data\u00e5terst\u00e4llning<\/b>.<\/li>\n<li>Efter att ha researchat, uppt\u00e4ckte jag att Disk Drill \u00e4r k\u00e4nt f\u00f6r att hantera <b>oavsiktliga raderingar<\/b> med l\u00e4tthet.<\/li>\n<\/ul>\n<h3>Harddiskfel &#128189;<\/h3>\n<ul>\n<li>Min externa h\u00e5rddisk blev pl\u00f6tsligt <b>o\u00e5tkomlig<\/b> och jag var orolig \u00f6ver <b>f\u00f6rlusten av data<\/b>.<\/li>\n<li>Teknikexperter rekommenderade Disk Drill f\u00f6r dess f\u00f6rm\u00e5ga att \u00e5terst\u00e4lla filer fr\u00e5n <b>misslyckade lagringsenheter<\/b>.<\/li>\n<\/ul>\n<h3>Partitionsf\u00f6rlust &#128721;<\/h3>\n<ul>\n<li>P\u00e5 grund av ett fel under partitionering f\u00f6rlorade jag en hel partition inklusive <b>kritiska data<\/b>.<\/li>\n<li>Med hj\u00e4lp av Disk Drill hoppades jag kunna \u00e5terst\u00e4lla den f\u00f6rlorade partitionen och dess data, en uppgift som den p\u00e5st\u00e5s vara ytterst kompetent f\u00f6r.<\/li>\n<\/ul>\n<\/section>\n<section class=\"stepByStep\">\n<div>\n<div>2<\/div>\n<h2>Steg-f\u00f6r-steg-guide. Disk Drill-app:<\/h2>\n<\/div>\n<h3>Metod 1: Ladda ner och Installera Disk Drill &#128229;<\/h3>\n<ul>\n<li>Bes\u00f6k <b>den officiella Disk Drill-webbplatsen<\/b> och <b>ladda ner<\/b> den senaste versionen av mjukvaran som passar f\u00f6r ditt operativsystem.<\/li>\n<li>\u00d6ppna installationsprogrammet och f\u00f6lj <b>instruktionerna p\u00e5 sk\u00e4rmen<\/b> f\u00f6r att slutf\u00f6ra installationsprocessen.<\/li>\n<li>Efter installationen, starta Disk Drill f\u00f6r att p\u00e5b\u00f6rja \u00e5terst\u00e4llningsprocessen.<\/li>\n<\/ul>\n<p><b>Obs:<\/b> Se till att du laddar ner Disk Drill fr\u00e5n dess <a href='https:\/\/www.cleverfiles.com\/' rel=\"nofollow noopener\" target='_blank'>officiella webbplats<\/a> f\u00f6r att undvika os\u00e4kra versioner.<\/p>\n<p><b>Slutsats:<\/b> Installation av Disk Drill \u00e4r okomplicerad och b\u00f6r inte orsaka n\u00e5gra problem.<\/p>\n<h3>Metod 2: V\u00e4lja disk f\u00f6r \u00e5terst\u00e4llning &#128192;<\/h3>\n<ul>\n<li>\u00d6ppna Disk Drill och du kommer att se en lista \u00f6ver tillg\u00e4ngliga enheter. <b>V\u00e4lj den enhet<\/b> d\u00e4r din f\u00f6rlorade data fanns.<\/li>\n<li>Klicka p\u00e5 <b>&#8217;\u00c5terst\u00e4ll&#8217;<\/b>-knappen intill den valda disken f\u00f6r att inleda skanningsprocessen.<\/li>\n<li>V\u00e4nta tills skanningen \u00e4r klar; det kan ta viss tid beroende p\u00e5 diskens storlek och systemets specifikationer.<\/li>\n<\/ul>\n<p><b>Obs:<\/b> Spara inte nya data p\u00e5 den aktuella enheten eftersom det kan skriva \u00f6ver de f\u00f6rlorade filerna.<\/p>\n<p><b>Slutsats:<\/b> Att v\u00e4lja r\u00e4tt enhet \u00e4r avg\u00f6rande f\u00f6r en framg\u00e5ngsrik data\u00e5terst\u00e4llning.<\/p>\n<h3>Metod 3: Skanning av disken efter f\u00f6rlorad data &#128269;<\/h3>\n<ul>\n<li>Medan Disk Drill skannar har du m\u00f6jlighet att pausa och \u00e5teruppta skanningen vid behov.<\/li>\n<li>Filtrera skanningsresultaten efter <b>filtyp eller datum<\/b> f\u00f6r att enklare hitta de specifika filer du letar efter.<\/li>\n<li>F\u00f6rhandsvisa filer genom att klicka p\u00e5 \u00f6gonikonen intill filnamnet f\u00f6r att f\u00f6rs\u00e4kra dig om att de \u00e4r de du vill \u00e5terst\u00e4lla.<\/li>\n<\/ul>\n<p><b>Obs:<\/b> Disk Drill erbjuder olika skanningsmetoder; Snabbskanning f\u00f6r ett snabbare, mindre genomg\u00e5ende alternativ och Djupskanning f\u00f6r en detaljerad s\u00f6kning.<\/p>\n<p><b>Slutsats:<\/b> Skanningsprocessen \u00e4r avg\u00f6rande och Disk Drills flexibla skanningsalternativ t\u00e4cker olika situationer.<\/p>\n<h3>Metod 4: \u00c5terst\u00e4lla filer med Disk Drill &#128190;<\/h3>\n<ul>\n<li>V\u00e4lj de filer du \u00f6nskar \u00e5terst\u00e4lla utifr\u00e5n skanningsresultaten och klicka p\u00e5 <b>&#8217;\u00c5terst\u00e4ll&#8217;<\/b>.<\/li>\n<li>V\u00e4lj en <b>s\u00e4ker plats<\/b> att spara de \u00e5terst\u00e4llda filerna p\u00e5, idealt sett p\u00e5 en annan enhet f\u00f6r att undvika data\u00f6verskrivning.<\/li>\n<li>Klicka <b>OK<\/b> f\u00f6r att starta \u00e5terst\u00e4llningsprocessen och v\u00e4nta t\u00e5ligt p\u00e5 att den slutf\u00f6rs.<\/li>\n<\/ul>\n<p><b>Obs:<\/b> Att \u00e5terst\u00e4lla filer till en annan enhet \u00e4r avg\u00f6rande f\u00f6r att f\u00f6rhindra potentiell dataf\u00f6rlust.<\/p>\n<p><b>Slutsats:<\/b> \u00c5terst\u00e4llningsprocessen med Disk Drill \u00e4r intuitiv och anv\u00e4ndarv\u00e4nlig.<\/p>\n<h3>Metod 5: Skydda data med Recovery Vault &#128737;<\/h3>\n<ul>\n<li>Aktivera Disk Drills <b>Recovery Vault<\/b>-funktion; det \u00e4r ett lager av skydd som hj\u00e4lper till att f\u00f6rhindra framtida dataf\u00f6rlust.<\/li>\n<li>V\u00e4lj den enhet du vill skydda och v\u00e4xla p\u00e5 <b>Recovery Vault<\/b>-alternativet inuti appen.<\/li>\n<li>Recovery Vault kommer att h\u00e5lla en historik \u00f6ver raderade filer vilket hj\u00e4lper till med snabbare och mer tillf\u00f6rlitlig fil\u00e5terst\u00e4llning i framtiden.<\/li>\n<\/ul>\n<p><b>Obs:<\/b> \u00c4ven om Recovery Vault \u00e4r anv\u00e4ndbart b\u00f6r det inte enbart f\u00f6rlitas p\u00e5 f\u00f6r data backup.<\/p>\n<p><b>Slutsats:<\/b> Recovery Vault \u00e4r en proaktiv funktion som f\u00f6rb\u00e4ttrar Disk Drills data\u00e5terst\u00e4llningskapaciteter.<\/p>\n<\/section>\n<section>\n<div>\n<div>3<\/div>\n<h2>Youtube-video att titta p\u00e5<\/h2>\n<\/div>\n<div class=\"iframe\"><iframe width=\"420\" height=\"315\" src=\"\/\/www.youtube.com\/embed\/0SiTGVhWqT8\" frameborder=\"0\" allowfullscreen><\/iframe><\/div>\n<\/section>\n<section>\n<div>\n<div>4<\/div>\n<h2>F\u00f6rsiktighets\u00e5tg\u00e4rder och tips:<\/h2>\n<\/div>\n<h3>S\u00e4ker \u00c5terst\u00e4llningspraxis &#128170;<\/h3>\n<ul>\n<li><b>Ladda alltid ner Disk Drill fr\u00e5n dess officiella webbplats<\/b> f\u00f6r att f\u00f6rs\u00e4kra dig om att programvaran \u00e4r s\u00e4ker och fri fr\u00e5n skadlig kod.<\/li>\n<li>Installera inte Disk Drill p\u00e5 samma partition d\u00e4r du f\u00f6rlorat dina data f\u00f6r att undvika att skriva \u00f6ver dem.<\/li>\n<li>Utf\u00f6r regelbundna s\u00e4kerhetskopior av dina viktiga filer f\u00f6r att undvika behovet av data\u00e5terst\u00e4llning.<\/li>\n<\/ul>\n<h3>F\u00f6rsiktighets\u00e5tg\u00e4rder f\u00f6r datas\u00e4kerhet &#128721;<\/h3>\n<ul>\n<li>Efter datalf\u00f6rlust, <b>sluta anv\u00e4nda den drabbade enheten<\/b> omedelbart f\u00f6r att undvika att skriva \u00f6ver de raderade filerna.<\/li>\n<li>Kontrollera Disk Drills <b>sekretesspolicy<\/b> f\u00f6r att f\u00f6rst\u00e5 hur det hanterar dina data.<\/li>\n<li>Anv\u00e4nd <b>Disk Drill i en kontrollerad milj\u00f6<\/b>, d\u00e4r ingen annan programvara kan st\u00f6ra \u00e5terst\u00e4llningsprocessen.<\/li>\n<\/ul>\n<\/section>\n<section>\n<div>\n<div>5<\/div>\n<h2>Optimerad data\u00e5terst\u00e4llning<\/h2>\n<\/div>\n<p>Inom data\u00e5terst\u00e4llning \u00e4r det viktigt att v\u00e4lja ett verktyg som s\u00e4kerst\u00e4ller din datas s\u00e4kerhet och maximerar potentialen f\u00f6r en framg\u00e5ngsrik \u00e5terst\u00e4llning. Teknikexpertsrecensioner och forum f\u00f6resl\u00e5r att Disk Drill \u00e4r ett trov\u00e4rdigt val. Det anv\u00e4nder avancerade skanningsalgoritmer som kontinuerligt uppdateras f\u00f6r att motsvara lagringsteknologins sofistikering. Du kan l\u00e4sa mer om b\u00e4sta praxis f\u00f6r data\u00e5terst\u00e4llning p\u00e5 <a href='https:\/\/www.nist.gov\/' rel=\"nofollow noopener\" target='_blank'>National Institute of Standards and Technology<\/a>s webbplats.<\/p>\n<p>Fr\u00e5n och med 2024 st\u00f6der Disk Drill en m\u00e4ngd olika filsystem inklusive NTFS, FAT32, EXT och HFS+ bland andra, vilket g\u00f6r det otroligt m\u00e5ngsidigt f\u00f6r olika anv\u00e4ndningsfall. N\u00e4r det g\u00e4ller integritet kr\u00e4ver Disk Drill inte en internetanslutning f\u00f6r att utf\u00f6ra \u00e5terst\u00e4llningar, vilket \u00e4r ett extra s\u00e4kerhetsn\u00e4t mot potentiella dataintr\u00e5ng. F\u00f6r de som \u00e4r oroade \u00f6ver lagligheten och etisk anv\u00e4ndning av data\u00e5terst\u00e4llningsverktyg \u00e4r \u00e5terst\u00e4llning av f\u00f6rlorad data med Disk Drill i allm\u00e4nhet till\u00e5tet n\u00e4r det innefattar dina egna filer eller data du har r\u00e4tt att komma \u00e5t. Anv\u00e4ndare b\u00f6r dock r\u00e5dfr\u00e5ga sina lokala lagar och f\u00f6rordningar\u2014eller riktlinjerna fr\u00e5n <a href='https:\/\/www.ftc.gov\/' rel=\"nofollow noopener\" target='_blank'>Federal Trade Commission<\/a>\u2014f\u00f6r specifik juridisk r\u00e5dgivning om data\u00e5terst\u00e4llning.<\/p>\n<\/section>\n<section>\n<h2>Avslutning:<\/h2>\n<div class=\"nonp\">Datalf\u00f6rlust kan vara en stressande h\u00e4ndelse, men verktyg som Disk Drill erbjuder en livlina i s\u00e5dana situationer. Genom min erfarenhet och de olika stegen som beskrivs ovan fann jag att Disk Drill inte bara \u00e4r anv\u00e4ndarv\u00e4nligt utan ocks\u00e5 robust och s\u00e4kert f\u00f6r att \u00e5terst\u00e4lla f\u00f6rlorade filer 2024. Oavsett om du hanterar en oavsiktlig radering, enhetsfel eller partitionf\u00f6rlust, kan f\u00f6ljande av r\u00e4tt metoder och f\u00f6rsiktighets\u00e5tg\u00e4rder hj\u00e4lpa dig att navigera genom \u00e5terst\u00e4llningsprocessen med Disk Drill p\u00e5 ett s\u00e4kert s\u00e4tt. Kom ih\u00e5g att ocks\u00e5 kolla in tillverkarens vanliga fr\u00e5gor och supportdokument f\u00f6r ytterligare hj\u00e4lp.<\/div>\n<\/section>\n","protected":false},"excerpt":{"rendered":"<p>Hur man anv\u00e4nder data\u00e5terst\u00e4llningsappen Disk Drill och \u00e4r den s\u00e4ker? N\u00e4r det g\u00e4ller att \u00e5terst\u00e4lla f\u00f6rlorad data \u00e4r Disk Drill ett v\u00e4lk\u00e4nt namn som har hj\u00e4lpt otaliga individer och f\u00f6retag att \u00e5terst\u00e4lla v\u00e4rdefull information fr\u00e5n sina lagringsenheter. Men hur anv\u00e4nder man Disk Drill, och \u00e4r det ett s\u00e4kert alternativ 2024? L\u00e5t oss utforska processen och [&hellip;]<\/p>\n","protected":false},"author":2,"featured_media":31253,"parent":0,"menu_order":0,"comment_status":"closed","ping_status":"closed","template":"chromecast.php","meta":{"_stopmodifiedupdate":false,"_modified_date":"","_lmt_disableupdate":"yes","_lmt_disable":""},"acf":[],"yoast_head":"<!-- This site is optimized with the Yoast SEO plugin v20.9 - https:\/\/yoast.com\/wordpress\/plugins\/seo\/ -->\n<title>Hur anv\u00e4nder man Disk Drill och hur s\u00e4ker \u00e4r det 2024?<\/title>\n<meta name=\"robots\" content=\"index, follow, max-snippet:-1, max-image-preview:large, max-video-preview:-1\" \/>\n<link rel=\"canonical\" href=\"https:\/\/datarecovery.ping.fm\/sv\/disk-drill\/\" \/>\n<meta property=\"og:locale\" content=\"sv_SE\" \/>\n<meta property=\"og:type\" content=\"article\" \/>\n<meta property=\"og:title\" content=\"Hur anv\u00e4nder man Disk Drill och hur s\u00e4ker \u00e4r det 2024?\" \/>\n<meta property=\"og:description\" content=\"Hur man anv\u00e4nder data\u00e5terst\u00e4llningsappen Disk Drill och \u00e4r den s\u00e4ker? N\u00e4r det g\u00e4ller att \u00e5terst\u00e4lla f\u00f6rlorad data \u00e4r Disk Drill ett v\u00e4lk\u00e4nt namn som har hj\u00e4lpt otaliga individer och f\u00f6retag att \u00e5terst\u00e4lla v\u00e4rdefull information fr\u00e5n sina lagringsenheter. Men hur anv\u00e4nder man Disk Drill, och \u00e4r det ett s\u00e4kert alternativ 2024? L\u00e5t oss utforska processen och [&hellip;]\" \/>\n<meta property=\"og:url\" content=\"https:\/\/datarecovery.ping.fm\/sv\/disk-drill\/\" \/>\n<meta property=\"og:site_name\" content=\"\u00c5terst\u00e4llningsprogram f\u00f6r Data\" \/>\n<meta property=\"article:modified_time\" content=\"2024-02-21T05:49:20+00:00\" \/>\n<meta property=\"og:image\" content=\"https:\/\/datarecovery.ping.fm\/wp-content\/uploads\/2024\/03\/How-to-use-data-recovery-app-Disk-Drill-and-is-it-safe-Swedish.jpg\" \/>\n\t<meta property=\"og:image:width\" content=\"1280\" \/>\n\t<meta property=\"og:image:height\" content=\"731\" \/>\n\t<meta property=\"og:image:type\" content=\"image\/jpeg\" \/>\n<meta name=\"twitter:card\" content=\"summary_large_image\" \/>\n<meta name=\"twitter:label1\" content=\"Est. reading time\" \/>\n\t<meta name=\"twitter:data1\" content=\"6 minuter\" \/>\n<script type=\"application\/ld+json\" class=\"yoast-schema-graph\">{\"@context\":\"https:\/\/schema.org\",\"@graph\":[{\"@type\":\"WebPage\",\"@id\":\"https:\/\/datarecovery.ping.fm\/sv\/disk-drill\/\",\"url\":\"https:\/\/datarecovery.ping.fm\/sv\/disk-drill\/\",\"name\":\"Hur anv\u00e4nder man Disk Drill och hur s\u00e4ker \u00e4r det 2024?\",\"isPartOf\":{\"@id\":\"https:\/\/datarecovery.ping.fm\/sv\/#website\"},\"datePublished\":\"2024-01-03T21:14:23+00:00\",\"dateModified\":\"2024-02-21T05:49:20+00:00\",\"breadcrumb\":{\"@id\":\"https:\/\/datarecovery.ping.fm\/sv\/disk-drill\/#breadcrumb\"},\"inLanguage\":\"sv-SE\",\"potentialAction\":[{\"@type\":\"ReadAction\",\"target\":[\"https:\/\/datarecovery.ping.fm\/sv\/disk-drill\/\"]}]},{\"@type\":\"BreadcrumbList\",\"@id\":\"https:\/\/datarecovery.ping.fm\/sv\/disk-drill\/#breadcrumb\",\"itemListElement\":[{\"@type\":\"ListItem\",\"position\":1,\"name\":\"Home\",\"item\":\"https:\/\/datarecovery.ping.fm\/sv\/\"},{\"@type\":\"ListItem\",\"position\":2,\"name\":\"Hur anv\u00e4nder man Disk Drill data\u00e5terst\u00e4llningsapp och \u00e4r den s\u00e4ker?\"}]},{\"@type\":\"WebSite\",\"@id\":\"https:\/\/datarecovery.ping.fm\/sv\/#website\",\"url\":\"https:\/\/datarecovery.ping.fm\/sv\/\",\"name\":\"\u00c5terst\u00e4llningsprogram f\u00f6r Data\",\"description\":\"\",\"potentialAction\":[{\"@type\":\"SearchAction\",\"target\":{\"@type\":\"EntryPoint\",\"urlTemplate\":\"https:\/\/datarecovery.ping.fm\/sv\/?s={search_term_string}\"},\"query-input\":\"required name=search_term_string\"}],\"inLanguage\":\"sv-SE\"}]}<\/script>\n<!-- \/ Yoast SEO plugin. -->","yoast_head_json":{"title":"Hur anv\u00e4nder man Disk Drill och hur s\u00e4ker \u00e4r det 2024?","robots":{"index":"index","follow":"follow","max-snippet":"max-snippet:-1","max-image-preview":"max-image-preview:large","max-video-preview":"max-video-preview:-1"},"canonical":"https:\/\/datarecovery.ping.fm\/sv\/disk-drill\/","og_locale":"sv_SE","og_type":"article","og_title":"Hur anv\u00e4nder man Disk Drill och hur s\u00e4ker \u00e4r det 2024?","og_description":"Hur man anv\u00e4nder data\u00e5terst\u00e4llningsappen Disk Drill och \u00e4r den s\u00e4ker? N\u00e4r det g\u00e4ller att \u00e5terst\u00e4lla f\u00f6rlorad data \u00e4r Disk Drill ett v\u00e4lk\u00e4nt namn som har hj\u00e4lpt otaliga individer och f\u00f6retag att \u00e5terst\u00e4lla v\u00e4rdefull information fr\u00e5n sina lagringsenheter. Men hur anv\u00e4nder man Disk Drill, och \u00e4r det ett s\u00e4kert alternativ 2024? L\u00e5t oss utforska processen och [&hellip;]","og_url":"https:\/\/datarecovery.ping.fm\/sv\/disk-drill\/","og_site_name":"\u00c5terst\u00e4llningsprogram f\u00f6r Data","article_modified_time":"2024-02-21T05:49:20+00:00","og_image":[{"width":1280,"height":731,"url":"https:\/\/datarecovery.ping.fm\/wp-content\/uploads\/2024\/03\/How-to-use-data-recovery-app-Disk-Drill-and-is-it-safe-Swedish.jpg","type":"image\/jpeg"}],"twitter_card":"summary_large_image","twitter_misc":{"Est. reading time":"6 minuter"},"schema":{"@context":"https:\/\/schema.org","@graph":[{"@type":"WebPage","@id":"https:\/\/datarecovery.ping.fm\/sv\/disk-drill\/","url":"https:\/\/datarecovery.ping.fm\/sv\/disk-drill\/","name":"Hur anv\u00e4nder man Disk Drill och hur s\u00e4ker \u00e4r det 2024?","isPartOf":{"@id":"https:\/\/datarecovery.ping.fm\/sv\/#website"},"datePublished":"2024-01-03T21:14:23+00:00","dateModified":"2024-02-21T05:49:20+00:00","breadcrumb":{"@id":"https:\/\/datarecovery.ping.fm\/sv\/disk-drill\/#breadcrumb"},"inLanguage":"sv-SE","potentialAction":[{"@type":"ReadAction","target":["https:\/\/datarecovery.ping.fm\/sv\/disk-drill\/"]}]},{"@type":"BreadcrumbList","@id":"https:\/\/datarecovery.ping.fm\/sv\/disk-drill\/#breadcrumb","itemListElement":[{"@type":"ListItem","position":1,"name":"Home","item":"https:\/\/datarecovery.ping.fm\/sv\/"},{"@type":"ListItem","position":2,"name":"Hur anv\u00e4nder man Disk Drill data\u00e5terst\u00e4llningsapp och \u00e4r den s\u00e4ker?"}]},{"@type":"WebSite","@id":"https:\/\/datarecovery.ping.fm\/sv\/#website","url":"https:\/\/datarecovery.ping.fm\/sv\/","name":"\u00c5terst\u00e4llningsprogram f\u00f6r Data","description":"","potentialAction":[{"@type":"SearchAction","target":{"@type":"EntryPoint","urlTemplate":"https:\/\/datarecovery.ping.fm\/sv\/?s={search_term_string}"},"query-input":"required name=search_term_string"}],"inLanguage":"sv-SE"}]}},"_links":{"self":[{"href":"https:\/\/datarecovery.ping.fm\/sv\/wp-json\/wp\/v2\/pages\/18771"}],"collection":[{"href":"https:\/\/datarecovery.ping.fm\/sv\/wp-json\/wp\/v2\/pages"}],"about":[{"href":"https:\/\/datarecovery.ping.fm\/sv\/wp-json\/wp\/v2\/types\/page"}],"author":[{"embeddable":true,"href":"https:\/\/datarecovery.ping.fm\/sv\/wp-json\/wp\/v2\/users\/2"}],"replies":[{"embeddable":true,"href":"https:\/\/datarecovery.ping.fm\/sv\/wp-json\/wp\/v2\/comments?post=18771"}],"version-history":[{"count":1,"href":"https:\/\/datarecovery.ping.fm\/sv\/wp-json\/wp\/v2\/pages\/18771\/revisions"}],"predecessor-version":[{"id":27885,"href":"https:\/\/datarecovery.ping.fm\/sv\/wp-json\/wp\/v2\/pages\/18771\/revisions\/27885"}],"wp:featuredmedia":[{"embeddable":true,"href":"https:\/\/datarecovery.ping.fm\/sv\/wp-json\/wp\/v2\/media\/31253"}],"wp:attachment":[{"href":"https:\/\/datarecovery.ping.fm\/sv\/wp-json\/wp\/v2\/media?parent=18771"}],"curies":[{"name":"wp","href":"https:\/\/api.w.org\/{rel}","templated":true}]}}