{"id":18539,"date":"2024-01-03T16:44:32","date_gmt":"2024-01-03T16:44:32","guid":{"rendered":"https:\/\/www.ping.fm\/data-recovery-software\/unformat-sd-card\/"},"modified":"2024-02-21T05:49:19","modified_gmt":"2024-02-21T05:49:19","slug":"unformat-sd-card","status":"publish","type":"page","link":"https:\/\/datarecovery.ping.fm\/sv\/unformat-sd-card\/","title":{"rendered":"Hur man formaterar ett SD-kort och \u00e5terst\u00e4ller data fr\u00e5n det"},"content":{"rendered":"<section>\n<h1>Hur man tar bort formatering p\u00e5 SD-kort och \u00e5terst\u00e4ller data fr\u00e5n det<\/h1>\n<div class=\"inbrief\">\n<div>             <img decoding=\"async\" class=\"lazyload\"  srcset=\"data:image\/png;base64,iVBORw0KGgoAAAANSUhEUgAABLAAAAKkAQMAAAAqeFQ7AAAAA3NCSVQICAjb4U\/gAAAABlBMVEX\/\/\/\/\/\/\/9VfPVsAAAAAnRSTlMA\/1uRIrUAAAAJcEhZcwAACxIAAAsSAdLdfvwAAAAcdEVYdFNvZnR3YXJlAEFkb2JlIEZpcmV3b3JrcyBDUzbovLKMAAAAFnRFWHRDcmVhdGlvbiBUaW1lADAxLzI5LzE536V52wAAAHpJREFUeJztwQENAAAAwqD3T20ON6AAAAAAAAAAAAAAAAAAAAAAAAAAAAAAAAAAAAAAAAAAAAAAAAAAAAAAAAAAAAAAAAAAAAAAAAAAAAAAAAAAAAAAAAAAAAAAAAAAAAAAAAAAAAAAAAAAAAAAAAAAAAAAAAAAAIAHA47LAAHp9LjEAAAAAElFTkSuQmCC\" src=\"https:\/\/www.ping.fm\/data-recovery-software\/wp-content\/uploads\/ai\/How-to-Unformat-SD-Card-and-Recover-Data-from-It-Swedish.jpg\" data-srcset=\"https:\/\/www.ping.fm\/data-recovery-software\/wp-content\/uploads\/ai\/How-to-Unformat-SD-Card-and-Recover-Data-from-It-Swedish.jpg\" data-lazy-type=\"image\" data-original=\"https:\/\/www.ping.fm\/data-recovery-software\/wp-content\/uploads\/ai\/How-to-Unformat-SD-Card-and-Recover-Data-from-It-Swedish.jpg\" alt=\"Hur man tar bort formatering p\u00e5 SD-kort och \u00e5terst\u00e4ller data fr\u00e5n det\" title=\"Hur man tar bort formatering p\u00e5 SD-kort och \u00e5terst\u00e4ller data fr\u00e5n det\" width=\"1280\" height=\"720\">             <\/p>\n<p>Har du n\u00e5gonsin hamnat i en situation d\u00e4r du beh\u00f6ver <b>avformatera<\/b> ett <b>SD-kort<\/b>? Vare sig det handlar om att \u00e5terst\u00e4lla av misstag raderade filer eller att \u00e5terst\u00e4lla ett SD-kort till sitt tidigare tillst\u00e5nd efter en oavsiktlig formatering, kan f\u00f6rm\u00e5gan att avformatera vara en livr\u00e4ddare. Med hj\u00e4lp av min erfarenhet ska jag lotsa dig igenom olika metoder f\u00f6r att <b>avformatera<\/b> ett SD-kort och s\u00e4kerst\u00e4lla att dina v\u00e4rdefulla data inte f\u00f6rsvinner f\u00f6r alltid.<\/p>\n<\/div>\n<\/div>\n<\/section>\n<section>\n<div>\n<div>1<\/div>\n<h2>Vanliga scenarier:<\/h2>\n<\/div>\n<h3>Oavsiktlig radering av filer &#128465;<\/h3>\n<ul>\n<li><b>Oavsiktlig radering<\/b> av filer fr\u00e5n ett SD-kort kan h\u00e4nda vem som helst. Vare sig det var ett misstag eller en felaktig batch radering, \u00e4r resultatet detsamma: v\u00e4rdefull data verkar f\u00f6rsvinna i ett \u00f6gonblick.<\/li>\n<li>I s\u00e5dana fall kvarst\u00e5r datan p\u00e5 SD-kortet men \u00e4r inte l\u00e4ngre synlig eller tillg\u00e4nglig genom vanliga metoder. Det \u00e4r viktigt att omedelbart sluta anv\u00e4nda SD-kortet f\u00f6r att undvika att skriva \u00f6ver data som du vill \u00e5terst\u00e4lla.<\/li>\n<\/ul>\n<h3>Problem med formateringsfel &#128165;<\/h3>\n<ul>\n<li>Ibland kan du <b>formatera<\/b> ett SD-kort utan att inse att det fortfarande finns viktig data p\u00e5 det.<\/li>\n<li>En felaktigt utf\u00f6rd formatering, avbruten av ett fel eller str\u00f6mavbrott, kan korrumpera filsystemet, vilket kr\u00e4ver att du <b>avformaterar<\/b> kortet f\u00f6r att \u00e5terst\u00e4lla den intakta data som fanns f\u00f6re formateringsf\u00f6rs\u00f6ket.<\/li>\n<\/ul>\n<h3>Oavsiktliga formatkommandon &#128187;<\/h3>\n<ul>\n<li>Vi har alla varit d\u00e4r &#8211; en missklick leder till att man trycker p\u00e5 &#8217;formatera&#8217;-alternativet p\u00e5 en kamera eller dator, och i ett splitsekund verkar dina filer f\u00f6rsvinna.<\/li>\n<li>Trots formateringen kvarst\u00e5r ofta de ursprungliga datastrukturerna, vilket betyder att det finns en stor chans till \u00e5terst\u00e4llning om <b>avformateringen<\/b> g\u00f6rs korrekt och skyndsamt.<\/li>\n<\/ul>\n<\/section>\n<section class=\"stepByStep\">\n<div>\n<div>2<\/div>\n<h2>Steg-f\u00f6r-steg guide. Avformatera SD-kort:<\/h2>\n<\/div>\n<h3>Metod 1: Med data\u00e5terst\u00e4llningsprogramvara &#129489;<\/h3>\n<ul>\n<li>Ladda ner och installera <b>data\u00e5terst\u00e4llningsprogramvara<\/b>. Se till att g\u00f6ra detta p\u00e5 din dator och inte p\u00e5 SD-kortet sj\u00e4lvt.<\/li>\n<li>Anslut <b>SD-kortet<\/b> till din dator med en kortl\u00e4sare.<\/li>\n<li>Starta programvaran, v\u00e4lj SD-kortet fr\u00e5n listan \u00f6ver tillg\u00e4ngliga enheter och b\u00f6rja skanningen.<\/li>\n<li>N\u00e4r skanningen \u00e4r klar, f\u00f6rhandsgranska filerna f\u00f6r att verifiera att de \u00e4r vad du vill \u00e5terst\u00e4lla.<\/li>\n<li>V\u00e4lj filerna du vill \u00e5terst\u00e4lla och spara dem p\u00e5 en s\u00e4ker plats p\u00e5 din dator, inte tillbaka till SD-kortet.<\/li>\n<\/ul>\n<p><b>OBS:<\/b> Vissa filer kanske inte g\u00e5r att \u00e5terst\u00e4lla beroende p\u00e5 om de har skrivits \u00f6ver eller inte.<\/p>\n<p><b>Slutsats:<\/b> Data\u00e5terst\u00e4llningsprogramvara kan vara mycket effektivt f\u00f6r att avformatera och \u00e5terst\u00e4lla f\u00f6rlorad data fr\u00e5n ett SD-kort.<\/p>\n<h3>Metod 2: \u00c5terst\u00e4llning med kommandotolken (Windows) &#128421;<\/h3>\n<ul>\n<li>Anslut <b>SD-kortet<\/b> till din dator med en kortl\u00e4sare.<\/li>\n<li>\u00d6ppna <b>Kommandotolken<\/b> som administrat\u00f6r genom att s\u00f6ka efter cmd i Start-menyn, h\u00f6gerklicka p\u00e5 den och v\u00e4lj &#8217;K\u00f6r som administrat\u00f6r&#8217;.<\/li>\n<li>Skriv <b>chdsk X: \/f<\/b>, ers\u00e4tt &#8217;X&#8217; med den bokstav som tilldelats ditt SD-kort, och tryck Enter.<\/li>\n<li>V\u00e4nta tills processen \u00e4r klar, eftersom den kommer att f\u00f6rs\u00f6ka \u00e5tg\u00e4rda eventuella filsystemsfel p\u00e5 kortet.<\/li>\n<li>Kontrollera ditt SD-kort f\u00f6r att se om n\u00e5gra filer har \u00e5terst\u00e4llts.<\/li>\n<\/ul>\n<p><b>OBS:<\/b> Denna metod kanske inte \u00e5terst\u00e4ller alla filer och \u00e4r generellt sett mindre kraftfull \u00e4n specialiserad \u00e5terst\u00e4llningsprogramvara.<\/p>\n<p><b>Slutsats:<\/b> Att anv\u00e4nda Kommandotolken \u00e4r ett mer tekniskt tillv\u00e4gag\u00e5ngss\u00e4tt som ibland kan r\u00e4tta till mindre filsystemsfel och \u00e5terst\u00e4lla tillg\u00e5ngen till filer.<\/p>\n<h3>Metod 3: Anv\u00e4nda Macs Diskverktyg (MacOS) &#128187;<\/h3>\n<ul>\n<li>Infoga <b>SD-kortet<\/b> i din Mac. Anv\u00e4nd en kortl\u00e4sare om det beh\u00f6vs.<\/li>\n<li>\u00d6ppna <b>Diskverktyg<\/b> fr\u00e5n mappen Applikationer > Verktyg.<\/li>\n<li>V\u00e4lj ditt SD-kort fr\u00e5n listan p\u00e5 v\u00e4nster sida i Diskverktyget.<\/li>\n<li>Klicka p\u00e5 &#8217;First Aid&#8217;-knappen och sedan p\u00e5 &#8217;K\u00f6r&#8217; f\u00f6r att starta reparationsprocessen.<\/li>\n<li>V\u00e4nta tills processen \u00e4r klar och kontrollera ditt SD-kort f\u00f6r \u00e5terst\u00e4llda filer.<\/li>\n<\/ul>\n<p><b>OBS:<\/b> Liksom Windows Kommandotolken kanske denna metod inte \u00e5terst\u00e4ller all data och anv\u00e4nds b\u00e4st f\u00f6r att adressera mindre korruptioner.<\/p>\n<p><b>Slutsats:<\/b> MacOS Diskverktyg \u00e4r ett inbyggt verktyg som ibland kan hj\u00e4lpa till att reparera och \u00e5terst\u00e4lla filer fr\u00e5n ett SD-kort utan behov av ytterligare programvara.<\/p>\n<h3>Metod 4: PhotoRec (Plattforms\u00f6verskridande) &#128247;<\/h3>\n<ul>\n<li>Ladda ner och extrahera <b>PhotoRec<\/b>-programvaran fr\u00e5n <a href=\"https:\/\/www.cgsecurity.org\/wiki\/PhotoRec\" rel=\"nofollow external noopener noreferrer\" target=\"_blank\" data-wpel-link=\"external\">cgsecurity.org<\/a>.<\/li>\n<li>Anslut SD-kortet till din dator med en kortl\u00e4sare.<\/li>\n<li>K\u00f6r PhotoRec-exekveringen och v\u00e4lj ditt SD-kort fr\u00e5n listan \u00f6ver enheter.<\/li>\n<li>V\u00e4lj filsystemtyp och ange vilka typer av filer du vill \u00e5terst\u00e4lla.<\/li>\n<li>Starta \u00e5terst\u00e4llningsprocessen och spara de \u00e5terst\u00e4llda filerna p\u00e5 en s\u00e4ker plats p\u00e5 din dator.<\/li>\n<\/ul>\n<p><b>OBS:<\/b> PhotoRec \u00e4r ett kraftfullt verktyg men kan vara sv\u00e5rare att l\u00e4ra sig f\u00f6r nyb\u00f6rjare.<\/p>\n<p><b>Slutsats:<\/b> PhotoRec \u00e4r ett utm\u00e4rkt open-source-verktyg l\u00e4mpligt f\u00f6r anv\u00e4ndare som \u00e4r bekv\u00e4ma med mindre intuitiva gr\u00e4nssnitt och som letar efter en kostnadsfri \u00e5terst\u00e4llningsl\u00f6sning.<\/p>\n<h3>Metod 5: Professionella data\u00e5terst\u00e4llningstj\u00e4nster &#128736;<\/h3>\n<ul>\n<li>Unders\u00f6k och hitta en ansedd <b>data\u00e5terst\u00e4llningstj\u00e4nst<\/b> med erfarenhet av SD-kort\u00e5terst\u00e4llning.<\/li>\n<li>Kontakta tj\u00e4nsten och ge dem detaljer om din situation.<\/li>\n<li>Skicka eller ta med ditt SD-kort till deras plats enligt instruktioner f\u00f6r utv\u00e4rdering och \u00e5terst\u00e4llning.<\/li>\n<li>V\u00e4nta p\u00e5 att tj\u00e4nsten \u00e5terst\u00e4ller data, vilket kan ta dagar till veckor beroende p\u00e5 komplexiteten i fallet.<\/li>\n<li>Ta emot dina \u00e5terst\u00e4llda data p\u00e5 ett nytt lagringsmedium, tillsammans med ditt ursprungliga SD-kort.<\/li>\n<\/ul>\n<p><b>OBS:<\/b> Detta \u00e4r vanligtvis det dyraste alternativet, men det kan ge de b\u00e4sta resultaten, s\u00e4rskilt i komplexa fall.<\/p>\n<p><b>Slutsats:<\/b> Professionella tj\u00e4nster erbjuder h\u00f6gst sannolikhet f\u00f6r \u00e5terst\u00e4llning, s\u00e4rskilt f\u00f6r allvarligt skadade eller komplexa fall, men kommer med en h\u00f6gre kostnad och l\u00e4ngre behandlingstid.<\/p>\n<\/section>\n<section>\n<div>\n<div>3<\/div>\n<h2>F\u00f6rsiktighets\u00e5tg\u00e4rder och tips:<\/h2>\n<\/div>\n<h3>Bevara dina data &#128737;<\/h3>\n<ul>\n<li>Sluta omedelbart att anv\u00e4nda SD-kortet n\u00e4r du inser att din data \u00e4r f\u00f6rlorad f\u00f6r att f\u00f6rhindra att filerna du vill \u00e5terst\u00e4lla skrivs \u00f6ver.<\/li>\n<li><b>Mata alltid ut<\/b> ditt SD-kort p\u00e5 ett s\u00e4kert s\u00e4tt med din dators utmatningsfunktion f\u00f6r att undvika korruption.<\/li>\n<li>S\u00e4kerhetskopiera regelbundet viktig data till flera platser som en extern h\u00e5rddisk eller molnlagring.<\/li>\n<li>F\u00f6rvara ditt SD-kort p\u00e5 en <b>s\u00e4ker<\/b>, torr plats, l\u00e5ngt fr\u00e5n magnetk\u00e4llor och extrema temperaturer, f\u00f6r att f\u00f6rhindra fysisk skada och dataf\u00f6rlust.<\/li>\n<\/ul>\n<h3>V\u00e4lja r\u00e4tt verktyg &#128269;<\/h3>\n<ul>\n<li>N\u00e4r du v\u00e4ljer data\u00e5terst\u00e4llningsprogramvara, s\u00f6k efter en med h\u00f6g \u00e5terst\u00e4llningsframg\u00e5ng och positiva recensioner fr\u00e5n andra anv\u00e4ndare.<\/li>\n<li>Se till att programvaran st\u00f6der de filtyper du beh\u00f6ver \u00e5terst\u00e4lla.<\/li>\n<li>\u00d6verv\u00e4g gr\u00e4nssnittets komplexitet och om programvaran passar f\u00f6r din kunskapsniv\u00e5.<\/li>\n<li>Skanna efter virus efter att ha laddat ner n\u00e5gra data\u00e5terst\u00e4llningsverktyg f\u00f6r att s\u00e4kerst\u00e4lla din dators s\u00e4kerhet.<\/li>\n<\/ul>\n<\/section>\n<section>\n<div>\n<div>4<\/div>\n<h2>Ut\u00f6kade M\u00f6jligheter f\u00f6r \u00c5terst\u00e4llning<\/h2>\n<\/div>\n<p>Att \u00e5terst\u00e4lla ett formaterat SD-kort kan verka avskr\u00e4ckande, men det \u00e4r viktigt att f\u00f6rst\u00e5 att n\u00e4r ett SD-kort formateras f\u00f6rsvinner inte datan omedelbart. Ist\u00e4llet tas filsystemets inneh\u00e5llsf\u00f6rteckning bort, vilket g\u00f6r datan osynlig f\u00f6r operativsystemet. De faktiska data kvarst\u00e5r tills de skrivs \u00f6ver av nya filer. Detta faktum m\u00f6jligg\u00f6r anv\u00e4ndningen av olika <b>verktyg f\u00f6r data\u00e5terst\u00e4llning<\/b> eller <b>tj\u00e4nster<\/b> f\u00f6r att potentiellt \u00e5terf\u00e5 din f\u00f6rlorade data.<\/p>\n<p>F\u00f6r de flesta anv\u00e4ndare \u00e4r programvarul\u00f6sningar det f\u00f6rsta skyddet. M\u00e5nga av dessa program erbjuder gratisversioner eller provversioner, vilket m\u00f6jligg\u00f6r f\u00f6r dig att bed\u00f6ma om data\u00e5terst\u00e4llning \u00e4r m\u00f6jlig innan du \u00e5tar dig finansiellt. Programvara som <a href=\"https:\/\/www.ccleaner.com\/recuva\" rel=\"nofollow external noopener noreferrer\" target=\"_blank\" data-wpel-link=\"external\">Recuva<\/a>, <a href=\"https:\/\/www.diskdrill.com\/\" rel=\"nofollow external noopener noreferrer\" target=\"_blank\" data-wpel-link=\"external\">Disk Drill<\/a> och tidigare n\u00e4mnda PhotoRec har ofta anv\u00e4ndarv\u00e4nliga gr\u00e4nssnitt och enkla \u00e5terst\u00e4llningsprocesser anpassade f\u00f6r alla teknikniv\u00e5er.<\/p>\n<p>Det \u00e4r dock avg\u00f6rande att komma ih\u00e5g att m\u00f6jligheterna f\u00f6r en framg\u00e5ngsrik \u00e5terst\u00e4llning minskar markant om datan skrivs \u00f6ver. D\u00e4rf\u00f6r kan vikten av en <b>regelbunden strategi f\u00f6r s\u00e4kerhetskopiering<\/b> inte betonas nog. Detta kan inkludera automatiserade s\u00e4kerhetskopior till en online-tj\u00e4nst som <a href=\"https:\/\/www.dropbox.com\/\" rel=\"nofollow external noopener noreferrer\" target=\"_blank\" data-wpel-link=\"external\">Dropbox<\/a> eller <a href=\"https:\/\/drive.google.com\/\" rel=\"nofollow external noopener noreferrer\" target=\"_blank\" data-wpel-link=\"external\">Google Drive<\/a>, samt anv\u00e4ndning av fysiska s\u00e4kerhetskopieringsenheter.<\/p>\n<p>SD-kort, \u00e4ven om de \u00e4r robusta och praktiska, \u00e4r inte ofelbara. De \u00e4r k\u00e4nsliga f\u00f6r korruption, samt fysiskt slitage \u00f6ver tid. Faktorer som statisk elektricitet, vattenskador eller en enkel tillverkningsdefekt kan resultera i att ett SD-kort blir ol\u00e4sligt. D\u00e4rf\u00f6r kan det ocks\u00e5 hj\u00e4lpa att minska risken f\u00f6r dataf\u00f6rlust att investera i kvalitets-SD-kort fr\u00e5n ansedda tillverkare.<\/p>\n<p>Kom ih\u00e5g att de \u00e5tg\u00e4rder du vidtar omedelbart efter datanf\u00f6rlust kan p\u00e5verka resultatet av \u00e5terst\u00e4llningsf\u00f6rs\u00f6ken avsev\u00e4rt. Att effektivt navigera igenom dessa steg kan vara skillnaden mellan att \u00e5terta dina v\u00e4rdefulla data eller f\u00f6rlora dem f\u00f6r alltid.<\/p>\n<\/section>\n<section>\n<h2>Slutsats:<\/h2>\n<div class=\"nonp\">\n<p>F\u00f6r att summera \u00e4r att \u00e5terst\u00e4lla ett formaterat SD-kort en process med olika metoder, var och en med sina egna f\u00f6rdelar och komplexitet. Oavsett om du anv\u00e4nder <b>programvara f\u00f6r data\u00e5terst\u00e4llning<\/b>, kommandoradsverktyg eller professionella tj\u00e4nster, \u00e4r de prim\u00e4ra m\u00e5len att agera snabbt och undvika att data skrivs \u00f6ver. Om du befinner dig i en situation d\u00e4r du beh\u00f6ver <b>\u00e5terformatera<\/b> ett SD-kort, anv\u00e4nd riktlinjerna som tillhandah\u00e5lls h\u00e4r som en startpunkt och kom ih\u00e5g: f\u00f6rebyggande \u00e5tg\u00e4rder \u00e4r alltid b\u00e4ttre \u00e4n botemedel. Regelbundna s\u00e4kerhetskopior och korrekt hantering av ditt SD-kort \u00e4r avg\u00f6rande f\u00f6r att avv\u00e4rja scenarier med dataf\u00f6rlust.<\/p>\n<\/div>\n<\/section>\n","protected":false},"excerpt":{"rendered":"<p>Hur man tar bort formatering p\u00e5 SD-kort och \u00e5terst\u00e4ller data fr\u00e5n det Har du n\u00e5gonsin hamnat i en situation d\u00e4r du beh\u00f6ver avformatera ett SD-kort? Vare sig det handlar om att \u00e5terst\u00e4lla av misstag raderade filer eller att \u00e5terst\u00e4lla ett SD-kort till sitt tidigare tillst\u00e5nd efter en oavsiktlig formatering, kan f\u00f6rm\u00e5gan att avformatera vara en [&hellip;]<\/p>\n","protected":false},"author":2,"featured_media":31242,"parent":0,"menu_order":0,"comment_status":"closed","ping_status":"closed","template":"chromecast.php","meta":{"_stopmodifiedupdate":false,"_modified_date":"","_lmt_disableupdate":"yes","_lmt_disable":""},"acf":[],"yoast_head":"<!-- This site is optimized with the Yoast SEO plugin v20.9 - https:\/\/yoast.com\/wordpress\/plugins\/seo\/ -->\n<title>Hur man formaterar ett SD-kort och \u00e5terst\u00e4ller dess data [2024]<\/title>\n<meta name=\"robots\" content=\"index, follow, max-snippet:-1, max-image-preview:large, max-video-preview:-1\" \/>\n<link rel=\"canonical\" href=\"https:\/\/datarecovery.ping.fm\/sv\/unformat-sd-card\/\" \/>\n<meta property=\"og:locale\" content=\"sv_SE\" \/>\n<meta property=\"og:type\" content=\"article\" \/>\n<meta property=\"og:title\" content=\"Hur man formaterar ett SD-kort och \u00e5terst\u00e4ller dess data [2024]\" \/>\n<meta property=\"og:description\" content=\"Hur man tar bort formatering p\u00e5 SD-kort och \u00e5terst\u00e4ller data fr\u00e5n det Har du n\u00e5gonsin hamnat i en situation d\u00e4r du beh\u00f6ver avformatera ett SD-kort? Vare sig det handlar om att \u00e5terst\u00e4lla av misstag raderade filer eller att \u00e5terst\u00e4lla ett SD-kort till sitt tidigare tillst\u00e5nd efter en oavsiktlig formatering, kan f\u00f6rm\u00e5gan att avformatera vara en [&hellip;]\" \/>\n<meta property=\"og:url\" content=\"https:\/\/datarecovery.ping.fm\/sv\/unformat-sd-card\/\" \/>\n<meta property=\"og:site_name\" content=\"\u00c5terst\u00e4llningsprogram f\u00f6r Data\" \/>\n<meta property=\"article:modified_time\" content=\"2024-02-21T05:49:19+00:00\" \/>\n<meta property=\"og:image\" content=\"https:\/\/datarecovery.ping.fm\/wp-content\/uploads\/2024\/03\/How-to-Unformat-SD-Card-and-Recover-Data-from-It-Swedish.jpg\" \/>\n\t<meta property=\"og:image:width\" content=\"1280\" \/>\n\t<meta property=\"og:image:height\" content=\"731\" \/>\n\t<meta property=\"og:image:type\" content=\"image\/jpeg\" \/>\n<meta name=\"twitter:card\" content=\"summary_large_image\" \/>\n<meta name=\"twitter:label1\" content=\"Est. reading time\" \/>\n\t<meta name=\"twitter:data1\" content=\"8 minuter\" \/>\n<script type=\"application\/ld+json\" class=\"yoast-schema-graph\">{\"@context\":\"https:\/\/schema.org\",\"@graph\":[{\"@type\":\"WebPage\",\"@id\":\"https:\/\/datarecovery.ping.fm\/sv\/unformat-sd-card\/\",\"url\":\"https:\/\/datarecovery.ping.fm\/sv\/unformat-sd-card\/\",\"name\":\"Hur man formaterar ett SD-kort och \u00e5terst\u00e4ller dess data [2024]\",\"isPartOf\":{\"@id\":\"https:\/\/datarecovery.ping.fm\/sv\/#website\"},\"datePublished\":\"2024-01-03T16:44:32+00:00\",\"dateModified\":\"2024-02-21T05:49:19+00:00\",\"breadcrumb\":{\"@id\":\"https:\/\/datarecovery.ping.fm\/sv\/unformat-sd-card\/#breadcrumb\"},\"inLanguage\":\"sv-SE\",\"potentialAction\":[{\"@type\":\"ReadAction\",\"target\":[\"https:\/\/datarecovery.ping.fm\/sv\/unformat-sd-card\/\"]}]},{\"@type\":\"BreadcrumbList\",\"@id\":\"https:\/\/datarecovery.ping.fm\/sv\/unformat-sd-card\/#breadcrumb\",\"itemListElement\":[{\"@type\":\"ListItem\",\"position\":1,\"name\":\"Home\",\"item\":\"https:\/\/datarecovery.ping.fm\/sv\/\"},{\"@type\":\"ListItem\",\"position\":2,\"name\":\"Hur man formaterar ett SD-kort och \u00e5terst\u00e4ller data fr\u00e5n det\"}]},{\"@type\":\"WebSite\",\"@id\":\"https:\/\/datarecovery.ping.fm\/sv\/#website\",\"url\":\"https:\/\/datarecovery.ping.fm\/sv\/\",\"name\":\"\u00c5terst\u00e4llningsprogram f\u00f6r Data\",\"description\":\"\",\"potentialAction\":[{\"@type\":\"SearchAction\",\"target\":{\"@type\":\"EntryPoint\",\"urlTemplate\":\"https:\/\/datarecovery.ping.fm\/sv\/?s={search_term_string}\"},\"query-input\":\"required name=search_term_string\"}],\"inLanguage\":\"sv-SE\"}]}<\/script>\n<!-- \/ Yoast SEO plugin. -->","yoast_head_json":{"title":"Hur man formaterar ett SD-kort och \u00e5terst\u00e4ller dess data [2024]","robots":{"index":"index","follow":"follow","max-snippet":"max-snippet:-1","max-image-preview":"max-image-preview:large","max-video-preview":"max-video-preview:-1"},"canonical":"https:\/\/datarecovery.ping.fm\/sv\/unformat-sd-card\/","og_locale":"sv_SE","og_type":"article","og_title":"Hur man formaterar ett SD-kort och \u00e5terst\u00e4ller dess data [2024]","og_description":"Hur man tar bort formatering p\u00e5 SD-kort och \u00e5terst\u00e4ller data fr\u00e5n det Har du n\u00e5gonsin hamnat i en situation d\u00e4r du beh\u00f6ver avformatera ett SD-kort? Vare sig det handlar om att \u00e5terst\u00e4lla av misstag raderade filer eller att \u00e5terst\u00e4lla ett SD-kort till sitt tidigare tillst\u00e5nd efter en oavsiktlig formatering, kan f\u00f6rm\u00e5gan att avformatera vara en [&hellip;]","og_url":"https:\/\/datarecovery.ping.fm\/sv\/unformat-sd-card\/","og_site_name":"\u00c5terst\u00e4llningsprogram f\u00f6r Data","article_modified_time":"2024-02-21T05:49:19+00:00","og_image":[{"width":1280,"height":731,"url":"https:\/\/datarecovery.ping.fm\/wp-content\/uploads\/2024\/03\/How-to-Unformat-SD-Card-and-Recover-Data-from-It-Swedish.jpg","type":"image\/jpeg"}],"twitter_card":"summary_large_image","twitter_misc":{"Est. reading time":"8 minuter"},"schema":{"@context":"https:\/\/schema.org","@graph":[{"@type":"WebPage","@id":"https:\/\/datarecovery.ping.fm\/sv\/unformat-sd-card\/","url":"https:\/\/datarecovery.ping.fm\/sv\/unformat-sd-card\/","name":"Hur man formaterar ett SD-kort och \u00e5terst\u00e4ller dess data [2024]","isPartOf":{"@id":"https:\/\/datarecovery.ping.fm\/sv\/#website"},"datePublished":"2024-01-03T16:44:32+00:00","dateModified":"2024-02-21T05:49:19+00:00","breadcrumb":{"@id":"https:\/\/datarecovery.ping.fm\/sv\/unformat-sd-card\/#breadcrumb"},"inLanguage":"sv-SE","potentialAction":[{"@type":"ReadAction","target":["https:\/\/datarecovery.ping.fm\/sv\/unformat-sd-card\/"]}]},{"@type":"BreadcrumbList","@id":"https:\/\/datarecovery.ping.fm\/sv\/unformat-sd-card\/#breadcrumb","itemListElement":[{"@type":"ListItem","position":1,"name":"Home","item":"https:\/\/datarecovery.ping.fm\/sv\/"},{"@type":"ListItem","position":2,"name":"Hur man formaterar ett SD-kort och \u00e5terst\u00e4ller data fr\u00e5n det"}]},{"@type":"WebSite","@id":"https:\/\/datarecovery.ping.fm\/sv\/#website","url":"https:\/\/datarecovery.ping.fm\/sv\/","name":"\u00c5terst\u00e4llningsprogram f\u00f6r Data","description":"","potentialAction":[{"@type":"SearchAction","target":{"@type":"EntryPoint","urlTemplate":"https:\/\/datarecovery.ping.fm\/sv\/?s={search_term_string}"},"query-input":"required name=search_term_string"}],"inLanguage":"sv-SE"}]}},"_links":{"self":[{"href":"https:\/\/datarecovery.ping.fm\/sv\/wp-json\/wp\/v2\/pages\/18539"}],"collection":[{"href":"https:\/\/datarecovery.ping.fm\/sv\/wp-json\/wp\/v2\/pages"}],"about":[{"href":"https:\/\/datarecovery.ping.fm\/sv\/wp-json\/wp\/v2\/types\/page"}],"author":[{"embeddable":true,"href":"https:\/\/datarecovery.ping.fm\/sv\/wp-json\/wp\/v2\/users\/2"}],"replies":[{"embeddable":true,"href":"https:\/\/datarecovery.ping.fm\/sv\/wp-json\/wp\/v2\/comments?post=18539"}],"version-history":[{"count":1,"href":"https:\/\/datarecovery.ping.fm\/sv\/wp-json\/wp\/v2\/pages\/18539\/revisions"}],"predecessor-version":[{"id":27873,"href":"https:\/\/datarecovery.ping.fm\/sv\/wp-json\/wp\/v2\/pages\/18539\/revisions\/27873"}],"wp:featuredmedia":[{"embeddable":true,"href":"https:\/\/datarecovery.ping.fm\/sv\/wp-json\/wp\/v2\/media\/31242"}],"wp:attachment":[{"href":"https:\/\/datarecovery.ping.fm\/sv\/wp-json\/wp\/v2\/media?parent=18539"}],"curies":[{"name":"wp","href":"https:\/\/api.w.org\/{rel}","templated":true}]}}