{"id":18002,"date":"2023-12-25T15:46:11","date_gmt":"2023-12-25T15:46:11","guid":{"rendered":"https:\/\/www.ping.fm\/data-recovery-software\/recover-videos-from-iphone\/"},"modified":"2024-02-19T08:21:29","modified_gmt":"2024-02-19T08:21:29","slug":"recover-videos-from-iphone","status":"publish","type":"page","link":"https:\/\/datarecovery.ping.fm\/sv\/recover-videos-from-iphone\/","title":{"rendered":"Enkelt \u00e5terst\u00e4lla raderade videor fr\u00e5n iPhone [B\u00e4sta metoderna]"},"content":{"rendered":"<section>\n<h1>S\u00e5 \u00e5terst\u00e4ller du enkelt raderade videor fr\u00e5n iPhone [TOPPMETODER]<\/h1>\n<div class=\"inbrief\">\n<div>             <img src=\"https:\/\/www.ping.fm\/data-recovery-software\/wp-content\/uploads\/ai\/How-to-Easily-Recover-Deleted-Videos-from-iPhone-[TOP-Methods]--Swedish.jpg\" alt=\"S\u00e5 \u00e5terst\u00e4ller du enkelt raderade videor fr\u00e5n iPhone [TOPPMETODER]\" title=\"S\u00e5 \u00e5terst\u00e4ller du enkelt raderade videor fr\u00e5n iPhone [TOPPMETODER]\" width=\"1280\" height=\"720\">             <\/p>\n<p>Att st\u00e5 inf\u00f6r dilemmat med f\u00f6rlorade videor fr\u00e5n din iPhone kan vara pl\u00e5gsamt, s\u00e4rskilt om de b\u00e4r p\u00e5 k\u00e4ra minnen. Lyckligtvis \u00e4r det <b>inte alltid en hoppl\u00f6s situation att \u00e5terst\u00e4lla f\u00f6rlorade videor<\/b> fr\u00e5n en iPhone. Med tiden och genom personliga erfarenheter har jag l\u00e4rt mig flera metoder f\u00f6r att \u00e5terf\u00e5 dessa v\u00e4rdefulla stunder. I denna informativa guide f\u00e5r du steg-f\u00f6r-steg-instruktioner om hur du \u00e5terst\u00e4ller videor fr\u00e5n din iPhone med olika metoder, inklusive anv\u00e4ndning av iCloud, iTunes och programvara fr\u00e5n tredje part f\u00f6r \u00e5terst\u00e4llning. Kom ih\u00e5g att alltid s\u00e4kerhetskopiera viktiga data, men om du n\u00e5gonsin befinner dig i behov kan dessa tillv\u00e4gag\u00e5ngss\u00e4tt erbjuda tr\u00f6st och framg\u00e5ng i ditt uppdrag att <b>\u00e5terst\u00e4lla videor<\/b>.<\/p>\n<\/div>\n<\/div>\n<\/section>\n<section>\n<div>\n<div>1<\/div>\n<h2>Vanliga scenarion:<\/h2>\n<\/div>\n<h3>Oavsiktlig radering &#128465;<\/h3>\n<ul>\n<li>Ett vanligt scenario inneb\u00e4r att <b>r\u00e5ka radera<\/b> videor fr\u00e5n iPhone&#8217;s kamerarulle i ett f\u00f6rs\u00f6k att frig\u00f6ra utrymme eller ta bort o\u00f6nskade filer.<\/li>\n<li>Att av misstag v\u00e4lja fel video eller anv\u00e4nda alternativet &#8217;V\u00e4lj alla&#8217; kan resultera i oavsiktlig f\u00f6rlust av viktiga videor.<\/li>\n<\/ul>\n<h3>Problem med programuppdatering &#128736;<\/h3>\n<ul>\n<li>Programuppdateringar p\u00e5 din iPhone kan ibland leda till ov\u00e4ntade problem, d\u00e4ribland f\u00f6rsvinnande av videor.<\/li>\n<li>Avbrott under uppdateringsprocessen, som ett pl\u00f6tsligt str\u00f6mavbrott, kan korrumpera videofiler och g\u00f6ra att de f\u00f6rsvinner fr\u00e5n enheten.<\/li>\n<\/ul>\n<h3>Fysiska skador p\u00e5 iPhone &#128241;<\/h3>\n<ul>\n<li>Fysisk skada, som att tappa iPhone i vatten eller p\u00e5 en h\u00e5rd yta, kan orsaka dataf\u00f6rlust, vilket p\u00e5verkar videofiler.<\/li>\n<li>\u00c4ven efter reparation kan tidigare existerande videor bli otillg\u00e4ngliga eller inte synliga i Galleri-appen.<\/li>\n<\/ul>\n<\/section>\n<section class=\"stepByStep\">\n<div>\n<div>2<\/div>\n<h2>Steg-f\u00f6r-steg-guide. \u00c5terst\u00e4ll raderade videor fr\u00e5n iPhone:<\/h2>\n<\/div>\n<h3>Metod 1: Anv\u00e4nda &#8217;Nyligen raderat&#8217;-albumet &#128260;<\/h3>\n<ul>\n<li>\u00d6ppna appen <b>Foton<\/b> p\u00e5 din iPhone.<\/li>\n<li>Tryck p\u00e5 fliken <b>&#8217;Album&#8217;<\/b> och skrolla ner till albumet med <b>&#8217;Nyligen raderat&#8217;<\/b>.<\/li>\n<li>V\u00e4lj de videor du vill \u00e5terst\u00e4lla och tryck p\u00e5 <b>&#8217;\u00c5terst\u00e4ll&#8217;<\/b>.<\/li>\n<li>Bekr\u00e4fta genom att trycka p\u00e5 <b>&#8217;\u00c5terst\u00e4ll video&#8217;<\/b> f\u00f6r att \u00e5terf\u00f6ra de valda videorna till ditt huvudalbum.<\/li>\n<\/ul>\n<p><b>Obs:<\/b> Videor stannar i albumet &#8217;Nyligen raderat&#8217; i upp till 30 dagar.<\/p>\n<p><b>Slutsats:<\/b> Detta \u00e4r det enklaste och snabbaste s\u00e4ttet att \u00e5terst\u00e4lla nyligen raderade videor utan att beh\u00f6va n\u00e5gon ytterligare programvara eller tj\u00e4nster.<\/p>\n<h3>Metod 2: \u00c5terst\u00e4lla fr\u00e5n en iCloud-s\u00e4kerhetskopia &#127781;<\/h3>\n<ul>\n<li>Kontrollera att du har en f\u00e4rsk <b>iCloud-s\u00e4kerhetskopia<\/b> som inkluderar de videor du har f\u00f6rlorat. Kontrollera detta genom att g\u00e5 till <b>Inst\u00e4llningar<\/b> > [ditt namn] > <b>iCloud<\/b> > <b>iCloud-s\u00e4kerhetskopia<\/b> p\u00e5 din iPhone.<\/li>\n<li>Om en l\u00e4mplig s\u00e4kerhetskopia finns, radera din iPhone genom att g\u00e5 till <b>Inst\u00e4llningar<\/b> > <b>Allm\u00e4nt<\/b> > <b>\u00c5terst\u00e4ll<\/b> > <b>Radera allt inneh\u00e5ll och inst\u00e4llningar<\/b>.<\/li>\n<li>St\u00e4ll in din iPhone p\u00e5 nytt och v\u00e4lj <b>&#8217;\u00c5terst\u00e4ll fr\u00e5n iCloud-s\u00e4kerhetskopia&#8217;<\/b> n\u00e4r du blir tillfr\u00e5gad under installationsprocessen.<\/li>\n<li>Logga in p\u00e5 iCloud och v\u00e4lj s\u00e4kerhetskopian som inneh\u00e5ller dina f\u00f6rlorade videor.<\/li>\n<\/ul>\n<p><b>Obs:<\/b> Denna metod kommer ers\u00e4tta alla nuvarande data p\u00e5 din iPhone med data fr\u00e5n s\u00e4kerhetskopian.<\/p>\n<p><b>Slutsats:<\/b> \u00c5terst\u00e4llning fr\u00e5n en iCloud-s\u00e4kerhetskopia \u00e4r till\u00e4mplig n\u00e4r du tidigare har s\u00e4kerhetskopierat dina videor till iCloud och \u00e4r beredd att \u00e5terst\u00e4lla din enhet till ett tidigare tillst\u00e5nd.<\/p>\n<h3>Metod 3: Anv\u00e4nda iTunes\/Finder-s\u00e4kerhetskopia &#128421;<\/h3>\n<ul>\n<li>Anslut din iPhone till en dator och \u00f6ppna <b>iTunes<\/b> (eller <b>Finder<\/b> p\u00e5 macOS Catalina och senare).<\/li>\n<li>V\u00e4lj din enhet n\u00e4r den visas i iTunes eller Finder.<\/li>\n<li>V\u00e4lj <b>&#8217;\u00c5terst\u00e4ll s\u00e4kerhetskopia&#8217;<\/b> och v\u00e4lj en s\u00e4kerhetskopia som inneh\u00e5ller de f\u00f6rlorade videorna.<\/li>\n<li>Klicka p\u00e5 <b>&#8217;\u00c5terst\u00e4ll&#8217;<\/b> och v\u00e4nta tills processen \u00e4r slutf\u00f6rd.<\/li>\n<\/ul>\n<p><b>Obs:<\/b> Liknande iCloud kommer \u00e5terst\u00e4llning fr\u00e5n en iTunes\/Finder-s\u00e4kerhetskopia skriva \u00f6ver befintliga data p\u00e5 din iPhone.<\/p>\n<p><b>Slutsats:<\/b> Denna metod \u00e4r anv\u00e4ndbar om du regelbundet s\u00e4kerhetskopierar din iPhone till din dator via iTunes eller Finder.<\/p>\n<h3>Metod 4: Tredjepartsprogramvara f\u00f6r \u00e5terst\u00e4llning &#128187;<\/h3>\n<ul>\n<li>Ladda ner och installera betrodd <b>tredjepartsprogramvara f\u00f6r iPhone-data\u00e5terst\u00e4llning<\/b> p\u00e5 din dator.<\/li>\n<li>Anslut din iPhone till datorn med en lightning-kabel.<\/li>\n<li>Starta \u00e5terst\u00e4llningsprogramvaran och v\u00e4lj alternativet <b>&#8217;\u00c5terst\u00e4ll fr\u00e5n iOS-enhet&#8217;<\/b>.<\/li>\n<li>F\u00f6lj instruktionerna p\u00e5 sk\u00e4rmen f\u00f6r att skanna din iPhone efter f\u00f6rlorade videor.<\/li>\n<li>F\u00f6rhandsgranska och v\u00e4lj de videor du vill \u00e5terst\u00e4lla och klicka sedan p\u00e5 <b>&#8217;\u00c5terst\u00e4ll&#8217;<\/b> f\u00f6r att spara dem p\u00e5 din dator.<\/li>\n<\/ul>\n<p><b>Obs:<\/b> Detta alternativ kan kr\u00e4va ett k\u00f6p, men de flesta \u00e5terst\u00e4llningsprogramvaror erbjuder en gratis provperiod f\u00f6r f\u00f6rsta skanningen.<\/p>\n<p><b>Slutsats:<\/b> Att anv\u00e4nda tredjeparts \u00e5terst\u00e4llningsprogramvara \u00e4r en robust metod som kan hj\u00e4lpa \u00e4ven n\u00e4r de ovanst\u00e5ende metoderna misslyckas, f\u00f6rutsatt att datan inte har blivit \u00f6verskriven.<\/p>\n<h3>Metod 5: Anv\u00e4nda iCloud.com &#127760;<\/h3>\n<ul>\n<li>Bes\u00f6k <a href='https:\/\/www.icloud.com\/' rel=\"nofollow noopener\" target='_blank'>iCloud.com<\/a> fr\u00e5n en webbl\u00e4sare p\u00e5 en dator och logga in med ditt Apple-ID.<\/li>\n<li>Klicka p\u00e5 <b>&#8217;Foton&#8217;<\/b> och leta efter videorna i mappen <b>&#8217;Nyligen raderat&#8217;<\/b> (om de nyligen har raderats).<\/li>\n<li>V\u00e4lj de videor du vill \u00e5terst\u00e4lla och klicka p\u00e5 <b>&#8217;\u00c5terst\u00e4ll&#8217;<\/b>.<\/li>\n<\/ul>\n<p><b>Obs:<\/b> Videor finns tillg\u00e4ngliga i mappen &#8217;Nyligen raderat&#8217; p\u00e5 iCloud.com i upp till 30 dagar.<\/p>\n<p><b>Slutsats:<\/b> iCloud.com erbjuder ett bekv\u00e4mt s\u00e4tt att \u00e5terst\u00e4lla videor utan att beh\u00f6va \u00e5terst\u00e4lla hela enheten.<\/p>\n<\/section>\n<section>\n<div>\n<div>3<\/div>\n<h2>Youtube-video att titta p\u00e5<\/h2>\n<\/div>\n<div class=\"iframe\"><iframe width=\"420\" height=\"315\" src=\"\/\/www.youtube.com\/embed\/J03FUFawHdI\" frameborder=\"0\" allowfullscreen><\/iframe><\/div>\n<\/section>\n<section>\n<div>\n<div>4<\/div>\n<h2>F\u00f6rsiktighets\u00e5tg\u00e4rder och tips:<\/h2>\n<\/div>\n<h3>Digitalt regncheck &#9748;<\/h3>\n<ul>\n<li>Uppr\u00e4tth\u00e5ll ett regelbundet <b>backup-schema<\/b> f\u00f6r att s\u00e4kerst\u00e4lla att du har aktuella kopior av alla dina videor och data.<\/li>\n<li>Om du raderar en video av misstag, undvik att spara ny data p\u00e5 din iPhone eftersom detta kan skriva \u00f6ver utrymmet och g\u00f6ra \u00e5terst\u00e4llning om\u00f6jlig.<\/li>\n<li>Efter att ha erfarenhet av f\u00f6rlust av videor, sluta omedelbart anv\u00e4nda din iPhone och f\u00f6rs\u00f6k \u00e5terst\u00e4lla s\u00e5 snart som m\u00f6jligt f\u00f6r att maximera chanserna f\u00f6r <b>framg\u00e5ngsrik videob\u00e4rgning<\/b>.<\/li>\n<\/ul>\n<\/section>\n<section>\n<div>\n<div>5<\/div>\n<h2>Att bevara dina digitala minnen<\/h2>\n<\/div>\n<p>Vi gl\u00f6mmer ofta hur flyktiga digitala data kan vara, s\u00e4rskilt n\u00e4r vi f\u00f6rlitar oss p\u00e5 v\u00e5ra smartphones f\u00f6r att f\u00e5nga livets flyktiga \u00f6gonblick. Att <b>bevara digitala minnen<\/b> kr\u00e4ver en medveten anstr\u00e4ngning f\u00f6r att skydda dem och backa upp dem. Det handlar inte bara om att veta hur man \u00e5terst\u00e4ller f\u00f6rlorade videor; det handlar ocks\u00e5 om att f\u00f6rebygga s\u00e5dana f\u00f6rluster till att b\u00f6rja med.<\/p>\n<p>Molntj\u00e4nster som <a href='https:\/\/support.apple.com\/icloud' rel=\"nofollow noopener\" target='_blank'>iCloud<\/a> \u00e4r avg\u00f6rande f\u00f6r att h\u00e5lla dina data s\u00e4kra. Det har blivit en mainstreaml\u00f6sning d\u00e4r dina videor automatiskt laddas upp och lagras p\u00e5 en extern plats, vilket skyddar dem mot fysiska skador eller fel p\u00e5 enheten.<\/p>\n<p>N\u00e4r du anv\u00e4nder programvara fr\u00e5n tredje part f\u00f6r \u00e5terh\u00e4mtning \u00e4r det viktigt att <b>forska och v\u00e4lja tillf\u00f6rlitlig programvara<\/b> som har positiva recensioner och vittnesm\u00e5l. Var f\u00f6rsiktig med alla program som lovar f\u00f6r mycket eller inte klart anger sina m\u00f6jligheter och begr\u00e4nsningar.<\/p>\n<\/section>\n<section>\n<h2>Slutsats:<\/h2>\n<div class=\"nonp\">\n<p>I v\u00e5r ultrakopplade v\u00e4rld kan det k\u00e4nnas som att f\u00f6rlora videor fr\u00e5n v\u00e5ra iPhones \u00e4r som att f\u00f6rlora delar av v\u00e5ra liv. Denna guide syftar till att ge f\u00f6rs\u00e4kran och tydlig instruktion om hur man hanterar s\u00e5dana problem. Med varierande metoder som att anv\u00e4nda <b>&#8217;Nyligen raderade&#8217;<\/b>-albumet, \u00e5terst\u00e4lla fr\u00e5n backuper eller att ta hj\u00e4lp av programvara fr\u00e5n tredje part, \u00e4r <b>videob\u00e4rgning<\/b> ofta inom r\u00e4ckh\u00e5ll. Kom ih\u00e5g att s\u00e4kerhetskopiera dina data regelbundet, agera snabbt n\u00e4r dataf\u00f6rlust intr\u00e4ffar och \u00f6verv\u00e4g att anv\u00e4nda <b>molntj\u00e4nster<\/b> f\u00f6r ett extra skyddslager. Genom att f\u00f6lja dessa steg och r\u00e5d kommer du att b\u00e4ttre s\u00e4kra dina digitala minnen mot det ov\u00e4ntade.<\/p>\n<\/div>\n<\/section>\n","protected":false},"excerpt":{"rendered":"<p>S\u00e5 \u00e5terst\u00e4ller du enkelt raderade videor fr\u00e5n iPhone [TOPPMETODER] Att st\u00e5 inf\u00f6r dilemmat med f\u00f6rlorade videor fr\u00e5n din iPhone kan vara pl\u00e5gsamt, s\u00e4rskilt om de b\u00e4r p\u00e5 k\u00e4ra minnen. Lyckligtvis \u00e4r det inte alltid en hoppl\u00f6s situation att \u00e5terst\u00e4lla f\u00f6rlorade videor fr\u00e5n en iPhone. Med tiden och genom personliga erfarenheter har jag l\u00e4rt mig flera [&hellip;]<\/p>\n","protected":false},"author":2,"featured_media":31198,"parent":0,"menu_order":0,"comment_status":"closed","ping_status":"closed","template":"chromecast.php","meta":{"_stopmodifiedupdate":false,"_modified_date":"","_lmt_disableupdate":"yes","_lmt_disable":""},"acf":[],"yoast_head":"<!-- This site is optimized with the Yoast SEO plugin v20.9 - https:\/\/yoast.com\/wordpress\/plugins\/seo\/ -->\n<title>Hur man \u00e5terst\u00e4ller raderade videor fr\u00e5n en iPhone [Grundl\u00e4ggande metoder]<\/title>\n<meta name=\"robots\" content=\"index, follow, max-snippet:-1, max-image-preview:large, max-video-preview:-1\" \/>\n<link rel=\"canonical\" href=\"https:\/\/datarecovery.ping.fm\/sv\/recover-videos-from-iphone\/\" \/>\n<meta property=\"og:locale\" content=\"sv_SE\" \/>\n<meta property=\"og:type\" content=\"article\" \/>\n<meta property=\"og:title\" content=\"Hur man \u00e5terst\u00e4ller raderade videor fr\u00e5n en iPhone [Grundl\u00e4ggande metoder]\" \/>\n<meta property=\"og:description\" content=\"S\u00e5 \u00e5terst\u00e4ller du enkelt raderade videor fr\u00e5n iPhone [TOPPMETODER] Att st\u00e5 inf\u00f6r dilemmat med f\u00f6rlorade videor fr\u00e5n din iPhone kan vara pl\u00e5gsamt, s\u00e4rskilt om de b\u00e4r p\u00e5 k\u00e4ra minnen. Lyckligtvis \u00e4r det inte alltid en hoppl\u00f6s situation att \u00e5terst\u00e4lla f\u00f6rlorade videor fr\u00e5n en iPhone. Med tiden och genom personliga erfarenheter har jag l\u00e4rt mig flera [&hellip;]\" \/>\n<meta property=\"og:url\" content=\"https:\/\/datarecovery.ping.fm\/sv\/recover-videos-from-iphone\/\" \/>\n<meta property=\"og:site_name\" content=\"\u00c5terst\u00e4llningsprogram f\u00f6r Data\" \/>\n<meta property=\"article:modified_time\" content=\"2024-02-19T08:21:29+00:00\" \/>\n<meta property=\"og:image\" content=\"https:\/\/datarecovery.ping.fm\/wp-content\/uploads\/2024\/03\/How-to-Easily-Recover-Deleted-Videos-from-iPhone-TOP-Methods-Swedish.jpg\" \/>\n\t<meta property=\"og:image:width\" content=\"1280\" \/>\n\t<meta property=\"og:image:height\" content=\"731\" \/>\n\t<meta property=\"og:image:type\" content=\"image\/jpeg\" \/>\n<meta name=\"twitter:card\" content=\"summary_large_image\" \/>\n<meta name=\"twitter:label1\" content=\"Est. reading time\" \/>\n\t<meta name=\"twitter:data1\" content=\"7 minuter\" \/>\n<script type=\"application\/ld+json\" class=\"yoast-schema-graph\">{\"@context\":\"https:\/\/schema.org\",\"@graph\":[{\"@type\":\"WebPage\",\"@id\":\"https:\/\/datarecovery.ping.fm\/sv\/recover-videos-from-iphone\/\",\"url\":\"https:\/\/datarecovery.ping.fm\/sv\/recover-videos-from-iphone\/\",\"name\":\"Hur man \u00e5terst\u00e4ller raderade videor fr\u00e5n en iPhone [Grundl\u00e4ggande metoder]\",\"isPartOf\":{\"@id\":\"https:\/\/datarecovery.ping.fm\/sv\/#website\"},\"datePublished\":\"2023-12-25T15:46:11+00:00\",\"dateModified\":\"2024-02-19T08:21:29+00:00\",\"breadcrumb\":{\"@id\":\"https:\/\/datarecovery.ping.fm\/sv\/recover-videos-from-iphone\/#breadcrumb\"},\"inLanguage\":\"sv-SE\",\"potentialAction\":[{\"@type\":\"ReadAction\",\"target\":[\"https:\/\/datarecovery.ping.fm\/sv\/recover-videos-from-iphone\/\"]}]},{\"@type\":\"BreadcrumbList\",\"@id\":\"https:\/\/datarecovery.ping.fm\/sv\/recover-videos-from-iphone\/#breadcrumb\",\"itemListElement\":[{\"@type\":\"ListItem\",\"position\":1,\"name\":\"Home\",\"item\":\"https:\/\/datarecovery.ping.fm\/sv\/\"},{\"@type\":\"ListItem\",\"position\":2,\"name\":\"Enkelt \u00e5terst\u00e4lla raderade videor fr\u00e5n iPhone [B\u00e4sta metoderna]\"}]},{\"@type\":\"WebSite\",\"@id\":\"https:\/\/datarecovery.ping.fm\/sv\/#website\",\"url\":\"https:\/\/datarecovery.ping.fm\/sv\/\",\"name\":\"\u00c5terst\u00e4llningsprogram f\u00f6r Data\",\"description\":\"\",\"potentialAction\":[{\"@type\":\"SearchAction\",\"target\":{\"@type\":\"EntryPoint\",\"urlTemplate\":\"https:\/\/datarecovery.ping.fm\/sv\/?s={search_term_string}\"},\"query-input\":\"required name=search_term_string\"}],\"inLanguage\":\"sv-SE\"}]}<\/script>\n<!-- \/ Yoast SEO plugin. -->","yoast_head_json":{"title":"Hur man \u00e5terst\u00e4ller raderade videor fr\u00e5n en iPhone [Grundl\u00e4ggande metoder]","robots":{"index":"index","follow":"follow","max-snippet":"max-snippet:-1","max-image-preview":"max-image-preview:large","max-video-preview":"max-video-preview:-1"},"canonical":"https:\/\/datarecovery.ping.fm\/sv\/recover-videos-from-iphone\/","og_locale":"sv_SE","og_type":"article","og_title":"Hur man \u00e5terst\u00e4ller raderade videor fr\u00e5n en iPhone [Grundl\u00e4ggande metoder]","og_description":"S\u00e5 \u00e5terst\u00e4ller du enkelt raderade videor fr\u00e5n iPhone [TOPPMETODER] Att st\u00e5 inf\u00f6r dilemmat med f\u00f6rlorade videor fr\u00e5n din iPhone kan vara pl\u00e5gsamt, s\u00e4rskilt om de b\u00e4r p\u00e5 k\u00e4ra minnen. Lyckligtvis \u00e4r det inte alltid en hoppl\u00f6s situation att \u00e5terst\u00e4lla f\u00f6rlorade videor fr\u00e5n en iPhone. Med tiden och genom personliga erfarenheter har jag l\u00e4rt mig flera [&hellip;]","og_url":"https:\/\/datarecovery.ping.fm\/sv\/recover-videos-from-iphone\/","og_site_name":"\u00c5terst\u00e4llningsprogram f\u00f6r Data","article_modified_time":"2024-02-19T08:21:29+00:00","og_image":[{"width":1280,"height":731,"url":"https:\/\/datarecovery.ping.fm\/wp-content\/uploads\/2024\/03\/How-to-Easily-Recover-Deleted-Videos-from-iPhone-TOP-Methods-Swedish.jpg","type":"image\/jpeg"}],"twitter_card":"summary_large_image","twitter_misc":{"Est. reading time":"7 minuter"},"schema":{"@context":"https:\/\/schema.org","@graph":[{"@type":"WebPage","@id":"https:\/\/datarecovery.ping.fm\/sv\/recover-videos-from-iphone\/","url":"https:\/\/datarecovery.ping.fm\/sv\/recover-videos-from-iphone\/","name":"Hur man \u00e5terst\u00e4ller raderade videor fr\u00e5n en iPhone [Grundl\u00e4ggande metoder]","isPartOf":{"@id":"https:\/\/datarecovery.ping.fm\/sv\/#website"},"datePublished":"2023-12-25T15:46:11+00:00","dateModified":"2024-02-19T08:21:29+00:00","breadcrumb":{"@id":"https:\/\/datarecovery.ping.fm\/sv\/recover-videos-from-iphone\/#breadcrumb"},"inLanguage":"sv-SE","potentialAction":[{"@type":"ReadAction","target":["https:\/\/datarecovery.ping.fm\/sv\/recover-videos-from-iphone\/"]}]},{"@type":"BreadcrumbList","@id":"https:\/\/datarecovery.ping.fm\/sv\/recover-videos-from-iphone\/#breadcrumb","itemListElement":[{"@type":"ListItem","position":1,"name":"Home","item":"https:\/\/datarecovery.ping.fm\/sv\/"},{"@type":"ListItem","position":2,"name":"Enkelt \u00e5terst\u00e4lla raderade videor fr\u00e5n iPhone [B\u00e4sta metoderna]"}]},{"@type":"WebSite","@id":"https:\/\/datarecovery.ping.fm\/sv\/#website","url":"https:\/\/datarecovery.ping.fm\/sv\/","name":"\u00c5terst\u00e4llningsprogram f\u00f6r Data","description":"","potentialAction":[{"@type":"SearchAction","target":{"@type":"EntryPoint","urlTemplate":"https:\/\/datarecovery.ping.fm\/sv\/?s={search_term_string}"},"query-input":"required name=search_term_string"}],"inLanguage":"sv-SE"}]}},"_links":{"self":[{"href":"https:\/\/datarecovery.ping.fm\/sv\/wp-json\/wp\/v2\/pages\/18002"}],"collection":[{"href":"https:\/\/datarecovery.ping.fm\/sv\/wp-json\/wp\/v2\/pages"}],"about":[{"href":"https:\/\/datarecovery.ping.fm\/sv\/wp-json\/wp\/v2\/types\/page"}],"author":[{"embeddable":true,"href":"https:\/\/datarecovery.ping.fm\/sv\/wp-json\/wp\/v2\/users\/2"}],"replies":[{"embeddable":true,"href":"https:\/\/datarecovery.ping.fm\/sv\/wp-json\/wp\/v2\/comments?post=18002"}],"version-history":[{"count":1,"href":"https:\/\/datarecovery.ping.fm\/sv\/wp-json\/wp\/v2\/pages\/18002\/revisions"}],"predecessor-version":[{"id":31197,"href":"https:\/\/datarecovery.ping.fm\/sv\/wp-json\/wp\/v2\/pages\/18002\/revisions\/31197"}],"wp:featuredmedia":[{"embeddable":true,"href":"https:\/\/datarecovery.ping.fm\/sv\/wp-json\/wp\/v2\/media\/31198"}],"wp:attachment":[{"href":"https:\/\/datarecovery.ping.fm\/sv\/wp-json\/wp\/v2\/media?parent=18002"}],"curies":[{"name":"wp","href":"https:\/\/api.w.org\/{rel}","templated":true}]}}