{"id":17880,"date":"2023-12-25T15:46:11","date_gmt":"2023-12-25T15:46:11","guid":{"rendered":"https:\/\/www.ping.fm\/data-recovery-software\/recover-formatted-usb\/"},"modified":"2024-02-19T08:21:27","modified_gmt":"2024-02-19T08:21:27","slug":"recover-formatted-usb","status":"publish","type":"page","link":"https:\/\/datarecovery.ping.fm\/sv\/recover-formatted-usb\/","title":{"rendered":"Filkvarter \u00e5terst\u00e4llning efter USB-enhet formatering"},"content":{"rendered":"<section>\n<h1>Hur man \u00e5terst\u00e4ller filer efter formatering av en USB-enhet<\/h1>\n<div class=\"inbrief\">\n<div>             <img src=\"https:\/\/www.ping.fm\/data-recovery-software\/wp-content\/uploads\/ai\/How-to-Retrieve-Files-After-Formatting-a-USB-Drive-Swedish.jpg\" alt=\"Hur man \u00e5terst\u00e4ller filer efter formatering av en USB-enhet\" title=\"Hur man \u00e5terst\u00e4ller filer efter formatering av en USB-enhet\" width=\"1280\" height=\"720\">             <\/p>\n<p>Att f\u00f6rlora data fr\u00e5n en <b>formaterad USB-enhet<\/b> kan vara en frustrerande upplevelse. Det \u00e4r en vanlig miss\u00f6de som kan intr\u00e4ffa p\u00e5 grund av olika anledningar s\u00e5som oavsiktlig formatering, virusattacker, eller till och med systemfel. Lyckligtvis kan specialiserade \u00e5terst\u00e4llningsverktyg som <b>Disk Drill<\/b> och <b>PhotoRec<\/b> \u00f6ka chanserna avsev\u00e4rt f\u00f6r att \u00e5terst\u00e4lla dina f\u00f6rlorade filer. I denna djupg\u00e5ende guide kommer jag att dela med mig av min personliga erfarenhet om hur man \u00e5terst\u00e4ller data fr\u00e5n en formaterad USB med dessa kraftfulla programvarul\u00f6sningar. Det \u00e4r v\u00e4rt att notera att det finns m\u00e5nga verktyg tillg\u00e4ngliga f\u00f6r data\u00e5terst\u00e4llning, och <a href='https:\/\/www.pandorarecovery.com\/best-usb-data-recovery-software\/' rel=\"dofollow noopener\" target='_blank'>bepr\u00f6vad programvara f\u00f6r effektiv USB-fil\u00e5terst\u00e4llning<\/a> granskar och rankar de b\u00e4sta USB-data\u00e5terst\u00e4llningsprogrammen f\u00f6r 2023, inklusive b\u00e5de gratis och betalda alternativ.<\/p>\n<\/div>\n<\/div>\n<\/section>\n<section>\n<div>\n<div>1<\/div>\n<h2>Vanliga scenario:<\/h2>\n<\/div>\n<h3>Oavsiktlig formatering &#129529;<\/h3>\n<ul>\n<li>Det vanligaste scenariot d\u00e4r du kan beh\u00f6va \u00e5terst\u00e4lla data fr\u00e5n en formaterad USB \u00e4r n\u00e4r du av misstag har valt fel enhet under en st\u00e4drunda.<\/li>\n<li><b>Snabbformatering<\/b>-alternativ raderar inte data helt och h\u00e5llet, vilket \u00f6kar chanserna f\u00f6r \u00e5terst\u00e4llning.<\/li>\n<li>Se alltid till att dubbelkolla enhetsbokstaven och namnet innan formatering f\u00f6r att undvika s\u00e5dana situationer.<\/li>\n<\/ul>\n<h3>Virusattack &#129440;<\/h3>\n<ul>\n<li>Virus och skadlig programvara kan f\u00e5 ditt system att formatera din USB-enhet utan ditt medgivande, och skapa d\u00e4rmed ett behov av data\u00e5terst\u00e4llning.<\/li>\n<li>Att regelbundet anv\u00e4nda <b>antivirusprogram<\/b> kan hj\u00e4lpa till att f\u00f6rhindra s\u00e5dan ofrivillig formatering.<\/li>\n<li>Det \u00e4r viktigt att \u00e5terst\u00e4lla data innan den skrivs \u00f6ver med nya filer.<\/li>\n<\/ul>\n<h3>Systemfel &#9888;<\/h3>\n<ul>\n<li>Ibland kan systemfel uppmana till en formatering av din USB-enhet, vilket kan leda till f\u00f6rlust av data.<\/li>\n<li>Se till att alltid p\u00e5 ett s\u00e4kert s\u00e4tt koppla fr\u00e5n USB-enheter f\u00f6r att f\u00f6rhindra systemfel som kan skada data eller p\u00e5b\u00f6rja en oavsiktlig formatering.<\/li>\n<li>Att anv\u00e4nda ett p\u00e5litligt <b>filsystem<\/b> som \u00e4r mindre ben\u00e4get f\u00f6r fel kan ocks\u00e5 minska s\u00e5dana risker.<\/li>\n<\/ul>\n<\/section>\n<section class=\"stepByStep\">\n<div>\n<div>2<\/div>\n<h2>Steg-f\u00f6r-steg-guide. \u00c5terst\u00e4ll formaterad USB-enhet:<\/h2>\n<\/div>\n<h3>Metod 1: Disk Drill &#128736;<\/h3>\n<ul>\n<li>B\u00f6rja med att <b>ladda ner<\/b> och installera Disk Drill fr\u00e5n den officiella webbplatsen p\u00e5 din dator. Se till att du installerar det p\u00e5 en annan enhet \u00e4n den du f\u00f6rs\u00f6ker \u00e5terst\u00e4lla f\u00f6r att f\u00f6rhindra \u00f6verskrivning av data.<\/li>\n<li>Starta Disk Drill och v\u00e4lj din formaterade USB-enhet fr\u00e5n listan \u00f6ver tillg\u00e4ngliga enheter. Klicka p\u00e5 &#8221;\u00c5terst\u00e4ll&#8221; f\u00f6r att starta skanningsprocessen.<\/li>\n<li>Efter skanningen, granska de \u00e5terst\u00e4llda filerna och v\u00e4lj de du vill \u00e5terst\u00e4lla.<\/li>\n<li><b><a href='https:\/\/www.cleverfiles.com\/usb-flash-drive-recovery.html' rel=\"nofollow noopener\" target='_blank'>Disk Drills officiella webbplats<\/a><\/b> ger detaljerade instruktioner f\u00f6r \u00e5terst\u00e4llningsprocessen, och det \u00e4r en bra resurs f\u00f6r fels\u00f6kning av eventuella problem.<\/li>\n<\/ul>\n<p><b>Notera:<\/b> Det \u00e4r b\u00e4ttre att k\u00f6ra en djup skanning om den snabba skanningen inte hittar dina filer.<\/p>\n<p><b>Slutsats:<\/b> Disk Drills intuitiva gr\u00e4nssnitt och kraftfulla skanningskapaciteter g\u00f6r det till ett p\u00e5litligt val f\u00f6r data\u00e5terst\u00e4llning.<\/p>\n<h3>Metod 2: PhotoRec &#128247;<\/h3>\n<ul>\n<li>Ladda ner PhotoRec fr\u00e5n den officiella webbplatsen, som kommer paketerat med TestDisk. Extrahera inneh\u00e5llet och k\u00f6r &#8217;photorec_static&#8217; exekverbar fil.<\/li>\n<li>V\u00e4lj den formaterade USB-enheten n\u00e4r du blir tillfr\u00e5gad, och v\u00e4lj filsystemtyp. Om du \u00e4r os\u00e4ker kan du v\u00e4lja &#8217;Annat&#8217;.<\/li>\n<li>V\u00e4lj en katalog d\u00e4r \u00e5terst\u00e4llda filer ska sparas. Det \u00e4r avg\u00f6rande att denna finns p\u00e5 en annan enhet \u00e4n den som \u00e5terst\u00e4lls.<\/li>\n<li>L\u00e5t PhotoRec skanna din enhet. Processen kan ta en stund beroende p\u00e5 storleken p\u00e5 din USB-enhet och m\u00e4ngden data.<\/li>\n<li>Den <b><a href='https:\/\/www.cgsecurity.org\/wiki\/PhotoRec_Step_By_Step' rel=\"nofollow noopener\" target='_blank'>officiella PhotoRec-guiden<\/a><\/b> ger omfattande steg-f\u00f6r-steg-instruktioner och kan hj\u00e4lpa om du st\u00f6ter p\u00e5 n\u00e5gra hinder.<\/li>\n<\/ul>\n<p><b>Notera:<\/b> PhotoRec kommer att \u00e5terst\u00e4lla filer utan deras ursprungliga filnamn, s\u00e5 du kan beh\u00f6va sortera igenom dem manuellt efter \u00e5terst\u00e4llningen.<\/p>\n<p><b>Slutsats:<\/b> PhotoRecs r\u00e4ttfram ansats till data\u00e5terst\u00e4llning g\u00f6r det till ett enast\u00e5ende verktyg, speciellt f\u00f6r de som \u00e4r bekv\u00e4ma med gr\u00e4nssnitt som inte \u00e4r grafiska.<\/p>\n<\/section>\n<section>\n<div>\n<div>3<\/div>\n<h2>Youtube-video att titta p\u00e5<\/h2>\n<\/div>\n<div class=\"iframe\"><iframe width=\"420\" height=\"315\" src=\"\/\/www.youtube.com\/embed\/tCbGcYXGw54\" frameborder=\"0\" allowfullscreen><\/iframe><\/div>\n<\/section>\n<section>\n<div>\n<div>4<\/div>\n<h2>F\u00f6rsiktighets\u00e5tg\u00e4rder och tips:<\/h2>\n<\/div>\n<h3>S\u00e4kra dina data &#9876;<\/h3>\n<ul>\n<li>Se alltid till att <b>s\u00e4kerhetskopiera<\/b> viktiga filer till flera platser, s\u00e5som en extern h\u00e5rddisk eller molnlagring.<\/li>\n<li>Anv\u00e4nd skrivskydd p\u00e5 USB-minnen f\u00f6r att f\u00f6rhindra oavsiktlig formatering eller \u00e4ndring av data.<\/li>\n<li>Uppdatera regelbundet <b>antivirus- och antimalwareprogram<\/b> f\u00f6r att skydda mot skadliga hot som kan kompromettera dina data.<\/li>\n<\/ul>\n<\/section>\n<section>\n<div>\n<div>5<\/div>\n<h2>USB-datas\u00e4kerhet<\/h2>\n<\/div>\n<p>N\u00e4r det kommer till s\u00e4kerheten och \u00e5terst\u00e4llningen av <b>USB-data<\/b> kan vi aldrig vara f\u00f6r f\u00f6rsiktiga. \u00c4ven om programvara som Disk Drill och PhotoRec erbjuder robusta \u00e5terst\u00e4llningsalternativ, \u00e4r det viktigt att ta <b>f\u00f6rebyggande \u00e5tg\u00e4rder<\/b> f\u00f6r att skydda dina data. Regelbundna <b>s\u00e4kerhetskopieringar<\/b> \u00e4r din f\u00f6rsta f\u00f6rsvarslinje mot dataf\u00f6rlust. Tj\u00e4nster som <a href='https:\/\/support.microsoft.com\/en-us\/windows\/back-up-and-restore-your-files-12386d65-963d-1dcc-550c-dbe737b4eed0' rel=\"nofollow noopener\" target='_blank'>Windows Backup and Restore<\/a> och <a href='https:\/\/www.apple.com\/icloud\/' rel=\"nofollow noopener\" target='_blank'>iCloud<\/a> underl\u00e4ttar enkel och konsekvent s\u00e4kerhetskopiering.<\/p>\n<p>Dessutom \u00e4r det viktigt att vara noggrann med vilka USB-minnen du k\u00f6per. Vissa minnen levereras med inbyggd kryptering och andra <b>s\u00e4kerhetsfunktioner<\/b> som kan f\u00f6rhindra obeh\u00f6rig \u00e5tkomst och dataf\u00f6rlust. Det \u00e4r ocks\u00e5 v\u00e4rdefullt att utbilda sig om de <b>olika filsystemen<\/b> (FAT32, exFAT, NTFS) och deras respektive anv\u00e4ndningsomr\u00e5den.<\/p>\n<p>Se \u00e4ven till att du \u00e4r utrustad med p\u00e5litlig antivirusprogramvara. <a href='https:\/\/www.av-test.org\/en\/' rel=\"nofollow noopener\" target='_blank'>AV-TEST<\/a> ger opartiska recensioner och betyg av antivirusprogram som kan hj\u00e4lpa dig att fatta ett v\u00e4lgrundat beslut. Sist men inte minst, \u00f6verv\u00e4g att investera i <b>f\u00f6rs\u00e4kring f\u00f6r data\u00e5terst\u00e4llning<\/b> eller en <b>tj\u00e4nsteplan f\u00f6r \u00e5terst\u00e4llning<\/b> om du ofta hanterar k\u00e4nslig eller kritisk data.<\/p>\n<\/section>\n<section>\n<h2>Slutsats:<\/h2>\n<div class=\"nonp\">\n<p>Att \u00e5terst\u00e4lla data fr\u00e5n ett formaterat USB-minne \u00e4r inte en enkel bedrift, men med hj\u00e4lp av <b>Disk Drill<\/b> och <b>PhotoRec<\/b> har du en chans att \u00e5terta dina filer. Kom ih\u00e5g att nyckelstegen i \u00e5terst\u00e4llningen \u00e4r snabb \u00e5tg\u00e4rd, v\u00e4lja r\u00e4tt programvara och att se till att du inte skriver \u00f6ver v\u00e4rdefulla data. Genom att vara informerad och f\u00f6rberedd har du b\u00e4st chans att f\u00e5 tillbaka dina data i s\u00e4kra h\u00e4nder.<\/p>\n<\/div>\n<\/section>\n","protected":false},"excerpt":{"rendered":"<p>Hur man \u00e5terst\u00e4ller filer efter formatering av en USB-enhet Att f\u00f6rlora data fr\u00e5n en formaterad USB-enhet kan vara en frustrerande upplevelse. Det \u00e4r en vanlig miss\u00f6de som kan intr\u00e4ffa p\u00e5 grund av olika anledningar s\u00e5som oavsiktlig formatering, virusattacker, eller till och med systemfel. Lyckligtvis kan specialiserade \u00e5terst\u00e4llningsverktyg som Disk Drill och PhotoRec \u00f6ka chanserna avsev\u00e4rt [&hellip;]<\/p>\n","protected":false},"author":2,"featured_media":31186,"parent":0,"menu_order":0,"comment_status":"closed","ping_status":"closed","template":"chromecast.php","meta":{"_stopmodifiedupdate":false,"_modified_date":"","_lmt_disableupdate":"yes","_lmt_disable":""},"acf":[],"yoast_head":"<!-- This site is optimized with the Yoast SEO plugin v20.9 - https:\/\/yoast.com\/wordpress\/plugins\/seo\/ -->\n<title>Hur man \u00e5terst\u00e4ller f\u00f6rlorade data fr\u00e5n en formaterad USB-lagring<\/title>\n<meta name=\"robots\" content=\"index, follow, max-snippet:-1, max-image-preview:large, max-video-preview:-1\" \/>\n<link rel=\"canonical\" href=\"https:\/\/datarecovery.ping.fm\/sv\/recover-formatted-usb\/\" \/>\n<meta property=\"og:locale\" content=\"sv_SE\" \/>\n<meta property=\"og:type\" content=\"article\" \/>\n<meta property=\"og:title\" content=\"Hur man \u00e5terst\u00e4ller f\u00f6rlorade data fr\u00e5n en formaterad USB-lagring\" \/>\n<meta property=\"og:description\" content=\"Hur man \u00e5terst\u00e4ller filer efter formatering av en USB-enhet Att f\u00f6rlora data fr\u00e5n en formaterad USB-enhet kan vara en frustrerande upplevelse. Det \u00e4r en vanlig miss\u00f6de som kan intr\u00e4ffa p\u00e5 grund av olika anledningar s\u00e5som oavsiktlig formatering, virusattacker, eller till och med systemfel. Lyckligtvis kan specialiserade \u00e5terst\u00e4llningsverktyg som Disk Drill och PhotoRec \u00f6ka chanserna avsev\u00e4rt [&hellip;]\" \/>\n<meta property=\"og:url\" content=\"https:\/\/datarecovery.ping.fm\/sv\/recover-formatted-usb\/\" \/>\n<meta property=\"og:site_name\" content=\"\u00c5terst\u00e4llningsprogram f\u00f6r Data\" \/>\n<meta property=\"article:modified_time\" content=\"2024-02-19T08:21:27+00:00\" \/>\n<meta property=\"og:image\" content=\"https:\/\/datarecovery.ping.fm\/wp-content\/uploads\/2024\/03\/How-to-Retrieve-Files-After-Formatting-a-USB-Drive-Swedish.jpg\" \/>\n\t<meta property=\"og:image:width\" content=\"1280\" \/>\n\t<meta property=\"og:image:height\" content=\"731\" \/>\n\t<meta property=\"og:image:type\" content=\"image\/jpeg\" \/>\n<meta name=\"twitter:card\" content=\"summary_large_image\" \/>\n<meta name=\"twitter:label1\" content=\"Est. reading time\" \/>\n\t<meta name=\"twitter:data1\" content=\"5 minuter\" \/>\n<script type=\"application\/ld+json\" class=\"yoast-schema-graph\">{\"@context\":\"https:\/\/schema.org\",\"@graph\":[{\"@type\":\"WebPage\",\"@id\":\"https:\/\/datarecovery.ping.fm\/sv\/recover-formatted-usb\/\",\"url\":\"https:\/\/datarecovery.ping.fm\/sv\/recover-formatted-usb\/\",\"name\":\"Hur man \u00e5terst\u00e4ller f\u00f6rlorade data fr\u00e5n en formaterad USB-lagring\",\"isPartOf\":{\"@id\":\"https:\/\/datarecovery.ping.fm\/sv\/#website\"},\"datePublished\":\"2023-12-25T15:46:11+00:00\",\"dateModified\":\"2024-02-19T08:21:27+00:00\",\"breadcrumb\":{\"@id\":\"https:\/\/datarecovery.ping.fm\/sv\/recover-formatted-usb\/#breadcrumb\"},\"inLanguage\":\"sv-SE\",\"potentialAction\":[{\"@type\":\"ReadAction\",\"target\":[\"https:\/\/datarecovery.ping.fm\/sv\/recover-formatted-usb\/\"]}]},{\"@type\":\"BreadcrumbList\",\"@id\":\"https:\/\/datarecovery.ping.fm\/sv\/recover-formatted-usb\/#breadcrumb\",\"itemListElement\":[{\"@type\":\"ListItem\",\"position\":1,\"name\":\"Home\",\"item\":\"https:\/\/datarecovery.ping.fm\/sv\/\"},{\"@type\":\"ListItem\",\"position\":2,\"name\":\"Filkvarter \u00e5terst\u00e4llning efter USB-enhet formatering\"}]},{\"@type\":\"WebSite\",\"@id\":\"https:\/\/datarecovery.ping.fm\/sv\/#website\",\"url\":\"https:\/\/datarecovery.ping.fm\/sv\/\",\"name\":\"\u00c5terst\u00e4llningsprogram f\u00f6r Data\",\"description\":\"\",\"potentialAction\":[{\"@type\":\"SearchAction\",\"target\":{\"@type\":\"EntryPoint\",\"urlTemplate\":\"https:\/\/datarecovery.ping.fm\/sv\/?s={search_term_string}\"},\"query-input\":\"required name=search_term_string\"}],\"inLanguage\":\"sv-SE\"}]}<\/script>\n<!-- \/ Yoast SEO plugin. -->","yoast_head_json":{"title":"Hur man \u00e5terst\u00e4ller f\u00f6rlorade data fr\u00e5n en formaterad USB-lagring","robots":{"index":"index","follow":"follow","max-snippet":"max-snippet:-1","max-image-preview":"max-image-preview:large","max-video-preview":"max-video-preview:-1"},"canonical":"https:\/\/datarecovery.ping.fm\/sv\/recover-formatted-usb\/","og_locale":"sv_SE","og_type":"article","og_title":"Hur man \u00e5terst\u00e4ller f\u00f6rlorade data fr\u00e5n en formaterad USB-lagring","og_description":"Hur man \u00e5terst\u00e4ller filer efter formatering av en USB-enhet Att f\u00f6rlora data fr\u00e5n en formaterad USB-enhet kan vara en frustrerande upplevelse. Det \u00e4r en vanlig miss\u00f6de som kan intr\u00e4ffa p\u00e5 grund av olika anledningar s\u00e5som oavsiktlig formatering, virusattacker, eller till och med systemfel. Lyckligtvis kan specialiserade \u00e5terst\u00e4llningsverktyg som Disk Drill och PhotoRec \u00f6ka chanserna avsev\u00e4rt [&hellip;]","og_url":"https:\/\/datarecovery.ping.fm\/sv\/recover-formatted-usb\/","og_site_name":"\u00c5terst\u00e4llningsprogram f\u00f6r Data","article_modified_time":"2024-02-19T08:21:27+00:00","og_image":[{"width":1280,"height":731,"url":"https:\/\/datarecovery.ping.fm\/wp-content\/uploads\/2024\/03\/How-to-Retrieve-Files-After-Formatting-a-USB-Drive-Swedish.jpg","type":"image\/jpeg"}],"twitter_card":"summary_large_image","twitter_misc":{"Est. reading time":"5 minuter"},"schema":{"@context":"https:\/\/schema.org","@graph":[{"@type":"WebPage","@id":"https:\/\/datarecovery.ping.fm\/sv\/recover-formatted-usb\/","url":"https:\/\/datarecovery.ping.fm\/sv\/recover-formatted-usb\/","name":"Hur man \u00e5terst\u00e4ller f\u00f6rlorade data fr\u00e5n en formaterad USB-lagring","isPartOf":{"@id":"https:\/\/datarecovery.ping.fm\/sv\/#website"},"datePublished":"2023-12-25T15:46:11+00:00","dateModified":"2024-02-19T08:21:27+00:00","breadcrumb":{"@id":"https:\/\/datarecovery.ping.fm\/sv\/recover-formatted-usb\/#breadcrumb"},"inLanguage":"sv-SE","potentialAction":[{"@type":"ReadAction","target":["https:\/\/datarecovery.ping.fm\/sv\/recover-formatted-usb\/"]}]},{"@type":"BreadcrumbList","@id":"https:\/\/datarecovery.ping.fm\/sv\/recover-formatted-usb\/#breadcrumb","itemListElement":[{"@type":"ListItem","position":1,"name":"Home","item":"https:\/\/datarecovery.ping.fm\/sv\/"},{"@type":"ListItem","position":2,"name":"Filkvarter \u00e5terst\u00e4llning efter USB-enhet formatering"}]},{"@type":"WebSite","@id":"https:\/\/datarecovery.ping.fm\/sv\/#website","url":"https:\/\/datarecovery.ping.fm\/sv\/","name":"\u00c5terst\u00e4llningsprogram f\u00f6r Data","description":"","potentialAction":[{"@type":"SearchAction","target":{"@type":"EntryPoint","urlTemplate":"https:\/\/datarecovery.ping.fm\/sv\/?s={search_term_string}"},"query-input":"required name=search_term_string"}],"inLanguage":"sv-SE"}]}},"_links":{"self":[{"href":"https:\/\/datarecovery.ping.fm\/sv\/wp-json\/wp\/v2\/pages\/17880"}],"collection":[{"href":"https:\/\/datarecovery.ping.fm\/sv\/wp-json\/wp\/v2\/pages"}],"about":[{"href":"https:\/\/datarecovery.ping.fm\/sv\/wp-json\/wp\/v2\/types\/page"}],"author":[{"embeddable":true,"href":"https:\/\/datarecovery.ping.fm\/sv\/wp-json\/wp\/v2\/users\/2"}],"replies":[{"embeddable":true,"href":"https:\/\/datarecovery.ping.fm\/sv\/wp-json\/wp\/v2\/comments?post=17880"}],"version-history":[{"count":1,"href":"https:\/\/datarecovery.ping.fm\/sv\/wp-json\/wp\/v2\/pages\/17880\/revisions"}],"predecessor-version":[{"id":31185,"href":"https:\/\/datarecovery.ping.fm\/sv\/wp-json\/wp\/v2\/pages\/17880\/revisions\/31185"}],"wp:featuredmedia":[{"embeddable":true,"href":"https:\/\/datarecovery.ping.fm\/sv\/wp-json\/wp\/v2\/media\/31186"}],"wp:attachment":[{"href":"https:\/\/datarecovery.ping.fm\/sv\/wp-json\/wp\/v2\/media?parent=17880"}],"curies":[{"name":"wp","href":"https:\/\/api.w.org\/{rel}","templated":true}]}}