{"id":17758,"date":"2023-12-25T15:46:11","date_gmt":"2023-12-25T15:46:11","guid":{"rendered":"https:\/\/www.ping.fm\/data-recovery-software\/recover-deleted-photos-from-sony-camera\/"},"modified":"2024-02-19T08:21:25","modified_gmt":"2024-02-19T08:21:25","slug":"recover-deleted-photos-from-sony-camera","status":"publish","type":"page","link":"https:\/\/datarecovery.ping.fm\/sv\/recover-deleted-photos-from-sony-camera\/","title":{"rendered":"Hur man \u00e5terst\u00e4ller f\u00f6rlorade bilder fr\u00e5n ett SD-kort i en Sony-kamera"},"content":{"rendered":"<section>\n<h1>Hur du \u00e5terst\u00e4ller f\u00f6rlorade bilder fr\u00e5n ditt Sonys kamerans SD-kort<\/h1>\n<div class=\"inbrief\">\n<div>             <img src=\"https:\/\/www.ping.fm\/data-recovery-software\/wp-content\/uploads\/ai\/How-to-Retrieve-Lost-Photos-from-Your-Sony-Camera's-SD-Card-Swedish.jpg\" alt=\"Hur du \u00e5terst\u00e4ller f\u00f6rlorade bilder fr\u00e5n ditt Sonys kamerans SD-kort\" title=\"Hur du \u00e5terst\u00e4ller f\u00f6rlorade bilder fr\u00e5n ditt Sonys kamerans SD-kort\" width=\"1280\" height=\"720\">             <\/p>\n<p>Har du n\u00e5gonsin upplevt det hj\u00e4rtsk\u00e4rande \u00f6gonblicket n\u00e4r du av misstag raderat v\u00e4rdefulla minnen som f\u00e5ngats p\u00e5 ditt Sonys kamerans SD-kort? Vare sig det var p\u00e5 grund av en felslagen knapptryckning eller ett tekniskt fel \u00e4r resultatet det samma: Dina bilder verkar vara borta f\u00f6r gott. Men, panikera inte \u00e4n! Det finns s\u00e4tt att \u00e5terf\u00e5 de f\u00f6rlorade \u00f6gonblicken. I den h\u00e4r artikeln kommer vi att utforska hur man \u00e5terst\u00e4ller raderade bilder fr\u00e5n ett SD-kort i en Sony-kamera med hj\u00e4lp av <b>Disk Drill<\/b>, en kraftfull och anv\u00e4ndarv\u00e4nlig programvara f\u00f6r data\u00e5terst\u00e4llning. Det \u00e4r viktigt att notera att n\u00e4r det kommer till <a href='https:\/\/www.pandorarecovery.com\/sd-recovery.html' rel=\"dofollow noopener\" target='_blank'>expertbed\u00f6mda verktyg f\u00f6r SD-korts\u00e5terst\u00e4llning<\/a>, utm\u00e4rker sig Disk Drill f\u00f6r sin effektivitet och enkelhet vid \u00e5terst\u00e4llning av f\u00f6rlorad data. Forts\u00e4tt l\u00e4sa f\u00f6r att l\u00e4ra dig om den steg-f\u00f6r-steg-process jag personligen anv\u00e4nt f\u00f6r att lyckas \u00e5terst\u00e4lla bilder, vilket ger dig den b\u00e4sta chansen att f\u00e5 tillbaka dina minnen.<\/p>\n<\/div>\n<\/div>\n<\/section>\n<section>\n<div>\n<div>1<\/div>\n<h2>Vanliga scenarion:<\/h2>\n<\/div>\n<h3>Oavsiktlig radering &#128465;<\/h3>\n<ul>\n<li><b>M\u00e4nskligt fel<\/b> \u00e4r en vanlig orsak till f\u00f6rlust av data. Kanske r\u00e5kade du, medan du tittade p\u00e5 bilder p\u00e5 din Sony-kamera, v\u00e4lja &#8217;Radera alla&#8217; ist\u00e4llet f\u00f6r &#8217;Radera en&#8217;.<\/li>\n<li><b>Avsikten<\/b> att radera bara en d\u00e5lig bild ledde till att du kanske tryckte p\u00e5 fel knapp, vilket resulterade i f\u00f6rlust av en hel upps\u00e4ttning bilder.<\/li>\n<\/ul>\n<h3>Formatteringsmiss\u00f6de &#128295;<\/h3>\n<ul>\n<li><b>Formattering<\/b> av SD-kortet utan att s\u00e4kerhetskopiera bilderna h\u00e4nder ofta n\u00e4r man \u00e4r br\u00e5ttom eller inte fullt uppm\u00e4rksam p\u00e5 kamerans uppmaningar.<\/li>\n<li><b>Felaktigt<\/b> val av alternativet &#8217;Formatera&#8217; i din Sonys kamerainst\u00e4llningar kan resultera i att hela inneh\u00e5llet p\u00e5 SD-kortet raderas.<\/li>\n<\/ul>\n<h3>Tekniska problem &#9881;<\/h3>\n<ul>\n<li><b>Korruption<\/b> av SD-kortets filsystem kan intr\u00e4ffa, vilket f\u00f6rhindrar dig fr\u00e5n att komma \u00e5t n\u00e5gra filer alls, inklusive bilder.<\/li>\n<li><b>Mjukvaru<\/b> eller h\u00e5rdvarufel kan ocks\u00e5 leda till att data oavsiktligt raderas eller g\u00e5r f\u00f6rlorade.<\/li>\n<\/ul>\n<\/section>\n<section class=\"stepByStep\">\n<div>\n<div>2<\/div>\n<h2>Steg-f\u00f6r-steg-guide. \u00c5terst\u00e4ll raderade bilder fr\u00e5n en Sony-kamera:<\/h2>\n<\/div>\n<h3>Metod 1: Ladda ner och installera Disk Drill &#128229;<\/h3>\n<ul>\n<li>G\u00e5 till den officiella <b>CleverFiles<\/b>-webbplatsen <a href='https:\/\/www.cleverfiles.com\/' rel=\"nofollow noopener\" target='_blank'>https:\/\/www.cleverfiles.com\/<\/a> och ladda ner <b>Disk Drill<\/b> f\u00f6r Windows eller macOS.<\/li>\n<li><b>Installera<\/b> Disk Drill genom att f\u00f6lja instruktionerna p\u00e5 sk\u00e4rmen, se till att du inte installerar det p\u00e5 SD-kortet d\u00e4r de f\u00f6rlorade bilderna fanns f\u00f6r att f\u00f6rhindra att data skrivs \u00f6ver.<\/li>\n<\/ul>\n<p><b>Obs:<\/b> V\u00e4lj den kostnadsfria versionen om du \u00e5terst\u00e4ller mindre \u00e4n 500MB data eller Pro-versionen f\u00f6r st\u00f6rre \u00e5terst\u00e4llningar och avancerade funktioner.<\/p>\n<p><b>Slutsats:<\/b> N\u00e4r Disk Drill \u00e4r installerat \u00e4r du redo att b\u00f6rja \u00e5terst\u00e4llningsprocessen.<\/p>\n<h3>Metod 2: Anslut ditt SD-kort &#128391;<\/h3>\n<ul>\n<li>Infoga ditt Sonys kamerans <b>SD-kort<\/b> i kortl\u00e4sarslotten p\u00e5 din dator. Om din dator inte har en inbyggd SD-kortplats, anv\u00e4nd en extern kortl\u00e4sare.<\/li>\n<li>N\u00e4r den \u00e4r ansluten, se till att din dator k\u00e4nner igen SD-kortet. Det b\u00f6r dyka upp som en flyttbar enhet under &#8217;Min dator&#8217; p\u00e5 Windows eller p\u00e5 Skrivbordet f\u00f6r macOS.<\/li>\n<\/ul>\n<p><b>Obs:<\/b> L\u00e4gg inte till ny data p\u00e5 SD-kortet f\u00f6r att undvika att skriva \u00f6ver de raderade bilder du vill \u00e5terst\u00e4lla.<\/p>\n<p><b>Slutsats:<\/b> Med SD-kortet anslutet till din dator \u00e4r det nu redo f\u00f6r Disk Drill att utf\u00f6ra sin magi.<\/p>\n<h3>Metod 3: Starta Disk Drills \u00e5terst\u00e4llningsverktyg &#128269;<\/h3>\n<ul>\n<li>\u00d6ppna <b>Disk Drill<\/b> och hitta SD-kortet under avsnittet &#8217;Enheter&#8217; i appen.<\/li>\n<li>Klicka p\u00e5 &#8217;\u00c5terst\u00e4ll&#8217;-knappen bredvid ditt SD-korts namn f\u00f6r att b\u00f6rja skanna efter f\u00f6rlorad data. Disk Drill kommer att b\u00f6rja analysera kortet efter \u00e5terst\u00e4llbara filer.<\/li>\n<\/ul>\n<p><b>Obs:<\/b> En &#8217;Snabbs\u00f6kning&#8217; kan r\u00e4cka f\u00f6r nyligen raderade filer, men en &#8217;Djup s\u00f6kning&#8217; rekommenderas f\u00f6r mer grundliga resultat.<\/p>\n<p><b>Slutsats:<\/b> S\u00f6kningen kan ta flera minuter eller l\u00e4ngre beroende p\u00e5 SD-kortets storlek och datam\u00e4ngden som ska \u00e5terst\u00e4llas.<\/p>\n<h3>Metod 4: Granska och v\u00e4lj bilder f\u00f6r \u00e5terst\u00e4llning &#9989;<\/h3>\n<ul>\n<li>N\u00e4r Disk Drill har slutf\u00f6rt skanningen, granska de funna filerna. Du kan anv\u00e4nda filtren f\u00f6r att endast visa bildfiler, vilket g\u00f6r det enklare att hitta dina raderade bilder.<\/li>\n<li>V\u00e4lj de bilder du vill \u00e5terst\u00e4lla genom att bocka i rutorna bredvid varje filnamn.<\/li>\n<\/ul>\n<p><b>Obs:<\/b> Du kan f\u00f6rhandsgranska bilder innan \u00e5terst\u00e4llning f\u00f6r att s\u00e4kerst\u00e4lla att det \u00e4r r\u00e4tt filer och att de \u00e4r intakta.<\/p>\n<p><b>Slutsats:<\/b> Efter att ha valt \u00f6nskade bilder \u00e4r du ett steg n\u00e4rmare att f\u00e5 tillbaka dem.<\/p>\n<h3>Metod 5: \u00c5terst\u00e4ll och spara dina bilder &#128248;<\/h3>\n<ul>\n<li>Prompta \u00e5terst\u00e4llningen genom att klicka p\u00e5 &#8217;\u00c5terst\u00e4ll&#8217;-knappen efter att du valt bilderna.<\/li>\n<li>V\u00e4lj en s\u00e4ker plats p\u00e5 din dators h\u00e5rddisk f\u00f6r att spara de \u00e5terst\u00e4llda bilderna. Spara dem inte direkt tillbaka p\u00e5 SD-kortet.<\/li>\n<\/ul>\n<p><b>Obs:<\/b> Det \u00e4r b\u00e4sta praxis att spara de \u00e5terst\u00e4llda filerna p\u00e5 en annan plats \u00e4n den ursprungliga f\u00f6r att f\u00f6rhindra datakorruption.<\/p>\n<p><b>Slutsats:<\/b> Grattis, dina bilder b\u00f6r nu vara \u00e5terst\u00e4llda till din valda plats!<\/p>\n<h3>Metod 6: S\u00e4kerhetskopiera dina bilder efter \u00e5terst\u00e4llning &#128737;<\/h3>\n<ul>\n<li>Nu n\u00e4r du har \u00e5terst\u00e4llt dina bilder, \u00f6verv\u00e4g att s\u00e4kerhetskopiera dem till en <b>extern h\u00e5rddisk<\/b>, <b>molnlagring<\/b> eller en annan s\u00e4ker plats.<\/li>\n<li>Regelbundna s\u00e4kerhetskopior kan f\u00f6rhindra stress och br\u00e5dskande behov av data\u00e5terst\u00e4llning i framtiden.<\/li>\n<\/ul>\n<p><b>Obs:<\/b> Utf\u00f6r regelbundna s\u00e4kerhetskopior efter viktiga fototillf\u00e4llen eller h\u00e4ndelser f\u00f6r att minimera riskerna f\u00f6r dataf\u00f6rlust.<\/p>\n<p><b>Slutsats:<\/b> Med dina bilder s\u00e4kert s\u00e4kerhetskopierade kan du k\u00e4nna dig lugn.<\/p>\n<\/section>\n<section>\n<div>\n<div>3<\/div>\n<h2>Youtube-video att titta p\u00e5<\/h2>\n<\/div>\n<div class=\"iframe\"><iframe width=\"420\" height=\"315\" src=\"\/\/www.youtube.com\/embed\/4dQREfLkiVc\" frameborder=\"0\" allowfullscreen><\/iframe><\/div>\n<\/section>\n<section>\n<div>\n<div>4<\/div>\n<h2>F\u00f6rsiktighets\u00e5tg\u00e4rder och Tips:<\/h2>\n<\/div>\n<h3>S\u00e4kerhets\u00e5tg\u00e4rder &#128721;<\/h3>\n<ul>\n<li>Undvik att anv\u00e4nda SD-kortet f\u00f6r ny data f\u00f6r att f\u00f6rhindra <b>\u00f6verskrivning av raderade filer<\/b>.<\/li>\n<li>Inf\u00f6r en regelbunden <b>s\u00e4kerhetskopieringsstrategi<\/b>, inklusive att lagra bilder p\u00e5 flera platser.<\/li>\n<li>\u00d6verv\u00e4g att investera i h\u00f6gkvalitativa SD-kort och f\u00f6rvara dem i <b>skyddande fodral<\/b> f\u00f6r att mildra risken f\u00f6r fysiska skador.<\/li>\n<\/ul>\n<h3>Ytterligare \u00c5terst\u00e4llningsalternativ &#128161;<\/h3>\n<ul>\n<li>Utforska andra <b>data\u00e5terst\u00e4llningsprogram<\/b> om Disk Drill inte ger de resultat du beh\u00f6ver. Det \u00e4r alltid bra att ha en plan B p\u00e5 plats.<\/li>\n<li>S\u00f6k hj\u00e4lp fr\u00e5n professionella <b>data\u00e5terst\u00e4llningstj\u00e4nster<\/b> om datan \u00e4r kritisk, s\u00e4rskilt n\u00e4r du st\u00e5r inf\u00f6r fysiska skador p\u00e5 SD-kortet.<\/li>\n<\/ul>\n<\/section>\n<section>\n<div>\n<div>5<\/div>\n<h2>Ytterligare Skydd<\/h2>\n<\/div>\n<p>Att skydda dina bilder handlar om mer \u00e4n bara \u00e5terst\u00e4llningsprocessen. Det \u00e4r avg\u00f6rande att f\u00f6rst\u00e5 <b>varf\u00f6r<\/b> dataf\u00f6rlust intr\u00e4ffar f\u00f6r att b\u00e4ttre skydda dig mot potentiella problem i framtiden. <b>Filkorruption<\/b>, <b>fysiska skador<\/b>, och <b>kameraproblem<\/b> kan ocks\u00e5 leda till f\u00f6rlorad data. K\u00e4nna igen tecknen p\u00e5 ett SD-kort som h\u00e5ller p\u00e5 att g\u00e5 s\u00f6nder, s\u00e5som l\u00e5ngsam prestanda eller felmeddelanden, och byt ut det innan det leder till dataf\u00f6rlust.<\/p>\n<p>Prioritera mjukvaruuppdateringar f\u00f6r din Sony-kamera och alla associerade enheter som interagerar med ditt SD-kort. Regelbundna uppdateringar kan fixa buggar och f\u00f6rb\u00e4ttra \u00f6vergripande prestanda. Utbilda dig sj\u00e4lv med resurser som finns online p\u00e5 webbplatser som <a href='https:\/\/www.digitaltrends.com\/photography\/how-to-recover-deleted-photos\/' rel=\"nofollow noopener\" target='_blank'>Digital Trends<\/a> eller fotografforum f\u00f6r att uppr\u00e4tth\u00e5lla <b>digital tillg\u00e5ngshantering<\/b> och <b>b\u00e4sta praxis f\u00f6r dataskydd<\/b>.<\/p>\n<p>Gl\u00f6m inte att utforska funktioner p\u00e5 din Sony-kamera som kan f\u00f6rhindra oavsiktlig radering, s\u00e5som &#8217;skrivskydds&#8217;-alternativ och anpassning av knappfunktioner f\u00f6r att undvika misstag. Din kameramanual eller supportforum \u00e4r utm\u00e4rkta st\u00e4llen att b\u00f6rja p\u00e5. F\u00f6r vidare l\u00e4sning om v\u00e5rd av SD-kort, bes\u00f6k <a href='https:\/\/www.sdcard.org\/consumers\/choices\/using\/index.html' rel=\"nofollow noopener\" target='_blank'>SD Association<\/a> webbplats.<\/p>\n<\/section>\n<section>\n<h2>Slutsats:<\/h2>\n<div class=\"nonp\">\n<p>Sammanfattningsvis kan \u00e5terst\u00e4llning av raderade bilder fr\u00e5n ett SD-kort i en Sony-kamera k\u00e4nnas avskr\u00e4ckande, men med verktyg som <b>Disk Drill<\/b> och r\u00e4tt tillv\u00e4gag\u00e5ngss\u00e4tt \u00e4r det ofta ett l\u00f6sbart problem. Kom ih\u00e5g att h\u00e5lla dig lugn och agera snabbt&#8212;undvik att anv\u00e4nda SD-kortet ytterligare f\u00f6r att f\u00f6rhindra \u00f6verskrivning av data. Genom att f\u00f6lja stegen som beskrivs i den h\u00e4r artikeln maximerar du dina chanser till en framg\u00e5ngsrik \u00e5terst\u00e4llning. Ta till dig dessa metoder, skydda med s\u00e4kerhetskopior, och du kommer att njuta av din fotografering med ett nytt sinnesro. Utforska alltid ytterligare information p\u00e5 <a href='https:\/\/www.tomsguide.com\/us\/pictures-story\/611-best-data-recovery-apps.html' rel=\"nofollow noopener\" target='_blank'>Tom&#8217;s Guide<\/a> och liknande trov\u00e4rdiga resurser f\u00f6r fler tips om data\u00e5terst\u00e4llning och att undvika behovet av \u00e5terst\u00e4llningstj\u00e4nster i framtiden.<\/p>\n<\/div>\n<\/section>\n","protected":false},"excerpt":{"rendered":"<p>Hur du \u00e5terst\u00e4ller f\u00f6rlorade bilder fr\u00e5n ditt Sonys kamerans SD-kort Har du n\u00e5gonsin upplevt det hj\u00e4rtsk\u00e4rande \u00f6gonblicket n\u00e4r du av misstag raderat v\u00e4rdefulla minnen som f\u00e5ngats p\u00e5 ditt Sonys kamerans SD-kort? Vare sig det var p\u00e5 grund av en felslagen knapptryckning eller ett tekniskt fel \u00e4r resultatet det samma: Dina bilder verkar vara borta f\u00f6r [&hellip;]<\/p>\n","protected":false},"author":2,"featured_media":31174,"parent":0,"menu_order":0,"comment_status":"closed","ping_status":"closed","template":"chromecast.php","meta":{"_stopmodifiedupdate":false,"_modified_date":"","_lmt_disableupdate":"yes","_lmt_disable":""},"acf":[],"yoast_head":"<!-- This site is optimized with the Yoast SEO plugin v20.9 - https:\/\/yoast.com\/wordpress\/plugins\/seo\/ -->\n<title>Hur du \u00e5terskapar raderade bilder fr\u00e5n ditt Sony-kamerans SD-kort<\/title>\n<meta name=\"robots\" content=\"index, follow, max-snippet:-1, max-image-preview:large, max-video-preview:-1\" \/>\n<link rel=\"canonical\" href=\"https:\/\/datarecovery.ping.fm\/sv\/recover-deleted-photos-from-sony-camera\/\" \/>\n<meta property=\"og:locale\" content=\"sv_SE\" \/>\n<meta property=\"og:type\" content=\"article\" \/>\n<meta property=\"og:title\" content=\"Hur du \u00e5terskapar raderade bilder fr\u00e5n ditt Sony-kamerans SD-kort\" \/>\n<meta property=\"og:description\" content=\"Hur du \u00e5terst\u00e4ller f\u00f6rlorade bilder fr\u00e5n ditt Sonys kamerans SD-kort Har du n\u00e5gonsin upplevt det hj\u00e4rtsk\u00e4rande \u00f6gonblicket n\u00e4r du av misstag raderat v\u00e4rdefulla minnen som f\u00e5ngats p\u00e5 ditt Sonys kamerans SD-kort? Vare sig det var p\u00e5 grund av en felslagen knapptryckning eller ett tekniskt fel \u00e4r resultatet det samma: Dina bilder verkar vara borta f\u00f6r [&hellip;]\" \/>\n<meta property=\"og:url\" content=\"https:\/\/datarecovery.ping.fm\/sv\/recover-deleted-photos-from-sony-camera\/\" \/>\n<meta property=\"og:site_name\" content=\"\u00c5terst\u00e4llningsprogram f\u00f6r Data\" \/>\n<meta property=\"article:modified_time\" content=\"2024-02-19T08:21:25+00:00\" \/>\n<meta property=\"og:image\" content=\"https:\/\/datarecovery.ping.fm\/wp-content\/uploads\/2024\/03\/How-to-Retrieve-Lost-Photos-from-Your-Sony-Cameras-SD-Card-Swedish.jpg\" \/>\n\t<meta property=\"og:image:width\" content=\"1280\" \/>\n\t<meta property=\"og:image:height\" content=\"731\" \/>\n\t<meta property=\"og:image:type\" content=\"image\/jpeg\" \/>\n<meta name=\"twitter:card\" content=\"summary_large_image\" \/>\n<meta name=\"twitter:label1\" content=\"Est. reading time\" \/>\n\t<meta name=\"twitter:data1\" content=\"7 minuter\" \/>\n<script type=\"application\/ld+json\" class=\"yoast-schema-graph\">{\"@context\":\"https:\/\/schema.org\",\"@graph\":[{\"@type\":\"WebPage\",\"@id\":\"https:\/\/datarecovery.ping.fm\/sv\/recover-deleted-photos-from-sony-camera\/\",\"url\":\"https:\/\/datarecovery.ping.fm\/sv\/recover-deleted-photos-from-sony-camera\/\",\"name\":\"Hur du \u00e5terskapar raderade bilder fr\u00e5n ditt Sony-kamerans SD-kort\",\"isPartOf\":{\"@id\":\"https:\/\/datarecovery.ping.fm\/sv\/#website\"},\"datePublished\":\"2023-12-25T15:46:11+00:00\",\"dateModified\":\"2024-02-19T08:21:25+00:00\",\"breadcrumb\":{\"@id\":\"https:\/\/datarecovery.ping.fm\/sv\/recover-deleted-photos-from-sony-camera\/#breadcrumb\"},\"inLanguage\":\"sv-SE\",\"potentialAction\":[{\"@type\":\"ReadAction\",\"target\":[\"https:\/\/datarecovery.ping.fm\/sv\/recover-deleted-photos-from-sony-camera\/\"]}]},{\"@type\":\"BreadcrumbList\",\"@id\":\"https:\/\/datarecovery.ping.fm\/sv\/recover-deleted-photos-from-sony-camera\/#breadcrumb\",\"itemListElement\":[{\"@type\":\"ListItem\",\"position\":1,\"name\":\"Home\",\"item\":\"https:\/\/datarecovery.ping.fm\/sv\/\"},{\"@type\":\"ListItem\",\"position\":2,\"name\":\"Hur man \u00e5terst\u00e4ller f\u00f6rlorade bilder fr\u00e5n ett SD-kort i en Sony-kamera\"}]},{\"@type\":\"WebSite\",\"@id\":\"https:\/\/datarecovery.ping.fm\/sv\/#website\",\"url\":\"https:\/\/datarecovery.ping.fm\/sv\/\",\"name\":\"\u00c5terst\u00e4llningsprogram f\u00f6r Data\",\"description\":\"\",\"potentialAction\":[{\"@type\":\"SearchAction\",\"target\":{\"@type\":\"EntryPoint\",\"urlTemplate\":\"https:\/\/datarecovery.ping.fm\/sv\/?s={search_term_string}\"},\"query-input\":\"required name=search_term_string\"}],\"inLanguage\":\"sv-SE\"}]}<\/script>\n<!-- \/ Yoast SEO plugin. -->","yoast_head_json":{"title":"Hur du \u00e5terskapar raderade bilder fr\u00e5n ditt Sony-kamerans SD-kort","robots":{"index":"index","follow":"follow","max-snippet":"max-snippet:-1","max-image-preview":"max-image-preview:large","max-video-preview":"max-video-preview:-1"},"canonical":"https:\/\/datarecovery.ping.fm\/sv\/recover-deleted-photos-from-sony-camera\/","og_locale":"sv_SE","og_type":"article","og_title":"Hur du \u00e5terskapar raderade bilder fr\u00e5n ditt Sony-kamerans SD-kort","og_description":"Hur du \u00e5terst\u00e4ller f\u00f6rlorade bilder fr\u00e5n ditt Sonys kamerans SD-kort Har du n\u00e5gonsin upplevt det hj\u00e4rtsk\u00e4rande \u00f6gonblicket n\u00e4r du av misstag raderat v\u00e4rdefulla minnen som f\u00e5ngats p\u00e5 ditt Sonys kamerans SD-kort? Vare sig det var p\u00e5 grund av en felslagen knapptryckning eller ett tekniskt fel \u00e4r resultatet det samma: Dina bilder verkar vara borta f\u00f6r [&hellip;]","og_url":"https:\/\/datarecovery.ping.fm\/sv\/recover-deleted-photos-from-sony-camera\/","og_site_name":"\u00c5terst\u00e4llningsprogram f\u00f6r Data","article_modified_time":"2024-02-19T08:21:25+00:00","og_image":[{"width":1280,"height":731,"url":"https:\/\/datarecovery.ping.fm\/wp-content\/uploads\/2024\/03\/How-to-Retrieve-Lost-Photos-from-Your-Sony-Cameras-SD-Card-Swedish.jpg","type":"image\/jpeg"}],"twitter_card":"summary_large_image","twitter_misc":{"Est. reading time":"7 minuter"},"schema":{"@context":"https:\/\/schema.org","@graph":[{"@type":"WebPage","@id":"https:\/\/datarecovery.ping.fm\/sv\/recover-deleted-photos-from-sony-camera\/","url":"https:\/\/datarecovery.ping.fm\/sv\/recover-deleted-photos-from-sony-camera\/","name":"Hur du \u00e5terskapar raderade bilder fr\u00e5n ditt Sony-kamerans SD-kort","isPartOf":{"@id":"https:\/\/datarecovery.ping.fm\/sv\/#website"},"datePublished":"2023-12-25T15:46:11+00:00","dateModified":"2024-02-19T08:21:25+00:00","breadcrumb":{"@id":"https:\/\/datarecovery.ping.fm\/sv\/recover-deleted-photos-from-sony-camera\/#breadcrumb"},"inLanguage":"sv-SE","potentialAction":[{"@type":"ReadAction","target":["https:\/\/datarecovery.ping.fm\/sv\/recover-deleted-photos-from-sony-camera\/"]}]},{"@type":"BreadcrumbList","@id":"https:\/\/datarecovery.ping.fm\/sv\/recover-deleted-photos-from-sony-camera\/#breadcrumb","itemListElement":[{"@type":"ListItem","position":1,"name":"Home","item":"https:\/\/datarecovery.ping.fm\/sv\/"},{"@type":"ListItem","position":2,"name":"Hur man \u00e5terst\u00e4ller f\u00f6rlorade bilder fr\u00e5n ett SD-kort i en Sony-kamera"}]},{"@type":"WebSite","@id":"https:\/\/datarecovery.ping.fm\/sv\/#website","url":"https:\/\/datarecovery.ping.fm\/sv\/","name":"\u00c5terst\u00e4llningsprogram f\u00f6r Data","description":"","potentialAction":[{"@type":"SearchAction","target":{"@type":"EntryPoint","urlTemplate":"https:\/\/datarecovery.ping.fm\/sv\/?s={search_term_string}"},"query-input":"required name=search_term_string"}],"inLanguage":"sv-SE"}]}},"_links":{"self":[{"href":"https:\/\/datarecovery.ping.fm\/sv\/wp-json\/wp\/v2\/pages\/17758"}],"collection":[{"href":"https:\/\/datarecovery.ping.fm\/sv\/wp-json\/wp\/v2\/pages"}],"about":[{"href":"https:\/\/datarecovery.ping.fm\/sv\/wp-json\/wp\/v2\/types\/page"}],"author":[{"embeddable":true,"href":"https:\/\/datarecovery.ping.fm\/sv\/wp-json\/wp\/v2\/users\/2"}],"replies":[{"embeddable":true,"href":"https:\/\/datarecovery.ping.fm\/sv\/wp-json\/wp\/v2\/comments?post=17758"}],"version-history":[{"count":1,"href":"https:\/\/datarecovery.ping.fm\/sv\/wp-json\/wp\/v2\/pages\/17758\/revisions"}],"predecessor-version":[{"id":31173,"href":"https:\/\/datarecovery.ping.fm\/sv\/wp-json\/wp\/v2\/pages\/17758\/revisions\/31173"}],"wp:featuredmedia":[{"embeddable":true,"href":"https:\/\/datarecovery.ping.fm\/sv\/wp-json\/wp\/v2\/media\/31174"}],"wp:attachment":[{"href":"https:\/\/datarecovery.ping.fm\/sv\/wp-json\/wp\/v2\/media?parent=17758"}],"curies":[{"name":"wp","href":"https:\/\/api.w.org\/{rel}","templated":true}]}}