{"id":17493,"date":"2024-01-08T18:58:11","date_gmt":"2024-01-08T18:58:11","guid":{"rendered":"https:\/\/www.ping.fm\/data-recovery-software\/recover-data-from-clicking-hard-drive\/"},"modified":"2024-02-19T08:21:22","modified_gmt":"2024-02-19T08:21:22","slug":"recover-data-from-clicking-hard-drive","status":"publish","type":"page","link":"https:\/\/datarecovery.ping.fm\/sv\/recover-data-from-clicking-hard-drive\/","title":{"rendered":"Hur man \u00e5terst\u00e4ller data fr\u00e5n en h\u00e5rddisk som klickar"},"content":{"rendered":"<section>\n<h1>Hur man \u00e5terst\u00e4ller data fr\u00e5n en klickande h\u00e5rddisk<\/h1>\n<div class=\"inbrief\">\n<div>             <img src=\"https:\/\/www.ping.fm\/data-recovery-software\/wp-content\/uploads\/ai\/How-to-Recover-Data-From-a-Clicking-Hard-Drive-Swedish.jpg\" alt=\"Hur man \u00e5terst\u00e4ller data fr\u00e5n en klickande h\u00e5rddisk\" title=\"Hur man \u00e5terst\u00e4ller data fr\u00e5n en klickande h\u00e5rddisk\" width=\"1280\" height=\"720\">             <\/p>\n<p>N\u00e4r din h\u00e5rddisk b\u00f6rjar g\u00f6ra det d\u00e4r fruktade klickande ljudet, kan en v\u00e5g av panik omedelbart sl\u00e5 till dig, speciellt om du inte har s\u00e4kerhetskopierat dina data. Som n\u00e5gon som har upplevt nervositeten vid h\u00e5rddiskfel, f\u00f6rst\u00e5r jag vikten av att se till att din v\u00e4rdefulla data inte g\u00e5r f\u00f6rlorad f\u00f6r alltid. Den h\u00e4r artikeln kommer att utforska om det \u00e4r m\u00f6jligt att \u00e5terst\u00e4lla data fr\u00e5n en klickande h\u00e5rddisk och kommer att tillhandah\u00e5lla en detaljerad guide om hur man g\u00f6r detta, genom att anv\u00e4nda en popul\u00e4r mjukvara som kallas <b>Disk Drill<\/b>.<\/p>\n<\/div>\n<\/div>\n<\/section>\n<section>\n<div>\n<div>1<\/div>\n<h2>Vanliga scenarier:<\/h2>\n<\/div>\n<h3>Oavsiktliga fall och st\u00f6tar  <span>&#128736;<\/span><\/h3>\n<ul>\n<li>Fysisk skada fr\u00e5n oavsiktliga fall eller st\u00f6tar kan f\u00e5 h\u00e5rddiskens l\u00e4s-\/skrivhuvuden att missjusteras, vilket leder till det klickande ljudet.<\/li>\n<li>Omedelbar str\u00f6mbortkoppling \u00e4r avg\u00f6rande f\u00f6r att f\u00f6rhindra ytterligare skador.<\/li>\n<li>Det rekommenderas inte att \u00f6ppna h\u00e5rddisken utanf\u00f6r ett professionellt renrum p\u00e5 grund av risken f\u00f6r dammpartiklar.<\/li>\n<\/ul>\n<h3>Slitage \u00f6ver tid  <span>&#9203;<\/span><\/h3>\n<ul>\n<li>Kontinuerlig anv\u00e4ndning under flera \u00e5r kan leda till att komponenter slits ut, vilket resulterar i <b>d\u00f6dsklicket<\/b>.<\/li>\n<li>Det kan f\u00f6rekomma sporadiskt f\u00f6rst men kan bli mer frekvent om det inte \u00e5tg\u00e4rdas.<\/li>\n<li>En professionell bed\u00f6mning rekommenderas f\u00f6r att avg\u00f6ra om data\u00e5terst\u00e4llning \u00e4r m\u00f6jlig.<\/li>\n<\/ul>\n<h3>Str\u00f6mst\u00f6tar och str\u00f6mavbrott  <span>&#127785;<\/span><\/h3>\n<ul>\n<li>En ov\u00e4ntad str\u00f6mst\u00f6t eller str\u00f6mavbrott kan f\u00e5 din h\u00e5rddisk att klicka p\u00e5 grund av pl\u00f6tsligt stopp eller elektrisk skada.<\/li>\n<li>En str\u00f6mskyddskontakt rekommenderas f\u00f6r att minimera s\u00e5dana risker.<\/li>\n<li>Det \u00e4r viktigt att bed\u00f6ma huruvida enhetens elektronik eller andra komponenter \u00e4r p\u00e5verkade.<\/li>\n<\/ul>\n<\/section>\n<section class=\"stepByStep\">\n<div>\n<div>2<\/div>\n<h2>Steg-f\u00f6r-steg-guide. \u00c5terst\u00e4ll data fr\u00e5n klickande h\u00e5rddisk:<\/h2>\n<\/div>\n<h3>Metod 1: Omedelbara \u00e5tg\u00e4rder  <span>&#128680;<\/span><\/h3>\n<ul>\n<li>St\u00e4ng omedelbart av din dator eller externa h\u00e5rddisk f\u00f6r att f\u00f6rhindra ytterligare skada.<\/li>\n<li>Koppla bort h\u00e5rddisken och undvik att flytta den f\u00f6r att f\u00f6rhindra att huvudena repar plattorna.<\/li>\n<li>Avst\u00e5 fr\u00e5n att upprepade g\u00e5nger sl\u00e5 p\u00e5 disken i ett f\u00f6rs\u00f6k att komma \u00e5t datan.<\/li>\n<\/ul>\n<p><b>Notera:<\/b> Dessa steg \u00e4r avg\u00f6rande f\u00f6r att minimera ytterligare skador p\u00e5 h\u00e5rddisken och potentiellt f\u00f6rlora mer data.<\/p>\n<p><b>Slutsats:<\/b> I vissa fall kan dessa omedelbara \u00e5tg\u00e4rder till\u00e5ta enheten att bli igenk\u00e4nd tillr\u00e4ckligt l\u00e4nge f\u00f6r data\u00e5terst\u00e4llning i efterf\u00f6ljande steg.<\/p>\n<h3>Metod 2: Anv\u00e4nd Disk Drill Programvaran  <span>&#128187;<\/span><\/h3>\n<ul>\n<li><b>Ladda ner<\/b> och installera <b>Disk Drill<\/b> fr\u00e5n den officiella webbplatsen: <a href='https:\/\/www.cleverfiles.com' rel=\"nofollow noopener\" target='_blank'>https:\/\/www.cleverfiles.com<\/a>.<\/li>\n<li>Koppla den klickande h\u00e5rddisken till en annan dator som en extern enhet.<\/li>\n<li>Starta Disk Drill och v\u00e4lj den klickande h\u00e5rddisken f\u00f6r \u00e5terst\u00e4llning.<\/li>\n<li>Klicka p\u00e5 <b>S\u00f6k efter f\u00f6rlorad data<\/b> och v\u00e4nta tills skanningen \u00e4r klar.<\/li>\n<li>Granska de hittade filerna, v\u00e4lj de du beh\u00f6ver och klicka p\u00e5 <b>\u00c5terst\u00e4ll<\/b>.<\/li>\n<\/ul>\n<p><b>Notera:<\/b> Disk Drills effektivitet kommer att bero p\u00e5 skadans omfattning p\u00e5 h\u00e5rddisken. Om enheten inte k\u00e4nns igen av programvaran kan professionella data\u00e5terst\u00e4llningstj\u00e4nster kr\u00e4vas.<\/p>\n<p><b>Slutsats:<\/b> Att anv\u00e4nda data\u00e5terst\u00e4llningsprogramvaran Disk Drill kan vara en effektiv l\u00f6sning f\u00f6r logisk skada men fungerar kanske inte f\u00f6r allvarlig fysisk skada.<\/p>\n<h3>Metod 3: Professionella data\u00e5terst\u00e4llningstj\u00e4nster  <span>&#128104;<\/span><\/h3>\n<ul>\n<li>Unders\u00f6k ansedda data\u00e5terst\u00e4llningstj\u00e4nster med erfarenhet av att hantera fysiskt skadade enheter.<\/li>\n<li>Kontakta tj\u00e4nsteleverant\u00f6ren och beskriv problemet med din h\u00e5rddisk.<\/li>\n<li>F\u00f6lj tj\u00e4nsteleverant\u00f6rens instruktioner f\u00f6r att skicka eller l\u00e4mna av din h\u00e5rddisk.<\/li>\n<\/ul>\n<p><b>Notera:<\/b> Professionella data\u00e5terst\u00e4llningstj\u00e4nster kan vara kostsamma men \u00e4r ofta det enda alternativet vid allvarlig fysisk skada.<\/p>\n<p><b>Slutsats:<\/b> Detta b\u00f6r ses som en sista utv\u00e4g om andra metoder misslyckas, eftersom professionella tj\u00e4nster ofta har en h\u00f6gre \u00e5terst\u00e4llningssucces.<\/p>\n<\/section>\n<section>\n<div>\n<div>3<\/div>\n<h2>F\u00f6rebyggande \u00e5tg\u00e4rder och tips:<\/h2>\n<\/div>\n<h3>Preventiva \u00e5tg\u00e4rder  <span>&#128737;<\/span><\/h3>\n<ul>\n<li>S\u00e4kerhetskopiera regelbundet dina data f\u00f6r att undvika risken f\u00f6r f\u00f6rlust p\u00e5 grund av h\u00e5rddiskfel.<\/li>\n<li>Anv\u00e4nd str\u00f6mskydd f\u00f6r att skydda din dator mot elektriska skador.<\/li>\n<li>Var varsam n\u00e4r du hanterar alla lagringsenheter f\u00f6r att undvika fall och st\u00f6tar.<\/li>\n<li>Var uppm\u00e4rksam p\u00e5 tidiga varningstecken s\u00e5som l\u00e5ngsammare prestanda och konstiga ljud fr\u00e5n enheten.<\/li>\n<\/ul>\n<\/section>\n<section>\n<div>\n<div>4<\/div>\n<h2>F\u00f6rst\u00e5else f\u00f6r h\u00e5rddiskfel<\/h2>\n<\/div>\n<p>H\u00e5rddiskar \u00e4r k\u00e4nsliga instrument som lagrar v\u00e5ra mest v\u00e4rdefulla data. De best\u00e5r av plattor, l\u00e4s-\/skrivhuvuden och en spindelmotor, som alla arbetar tillsammans f\u00f6r att lagra och h\u00e4mta data. Fysisk skada, slitage, str\u00f6mproblem och tillverkningsfel kan alla leda till att en h\u00e5rddisk g\u00e5r s\u00f6nder, n\u00e5got som ofta signaleras av ett klickande ljud.<\/p>\n<p>\u00c4ven om <b>klickandet<\/b> ofta \u00e4r en indikator p\u00e5 ett allvarligt problem, \u00e4r inte alla klickande h\u00e5rddiskar bortom reparation. Ibland kan problemet orsakas av en defekt kabel eller ett l\u00e4tt\u00e5tg\u00e4rdat str\u00f6mf\u00f6rs\u00f6rjningsproblem. Innan man f\u00f6rklarar att datan \u00e4r f\u00f6rlorad, \u00e4r det v\u00e4rt att f\u00f6rs\u00f6ka med olika kablar eller att ansluta h\u00e5rddisken till en annan dator.<\/p>\n<p>Men om enheten fortfarande klickar, \u00e4r det antingen ett problem med enhetens <b>firmware<\/b> \u2013 den inbyggda mjukvaran som styr dess operationer \u2013 som kan bli korrupt, vilket g\u00f6r att enhetens huvuden misslyckas med att hitta datan, vilket leder till det klickande ljudet. Mekaniska problem kan vara allt fr\u00e5n en skadad huvudmontering till problem med spindelmotorn. Dessa problem \u00e4r allvarligare och kommer troligen att kr\u00e4va professionell uppm\u00e4rksamhet.<\/p>\n<p>Risken f\u00f6r <b>dataf\u00f6rlust<\/b> p\u00e5 grund av h\u00e5rddiskfel kan minskas genom att regelbundet s\u00e4kerhetskopiera data, helst p\u00e5 flera platser inklusive molnlagring. Det \u00e4r ocks\u00e5 r\u00e5dligt att anv\u00e4nda h\u00e5rddiskar inom deras rekommenderade driftsparametrar f\u00f6r att undvika f\u00f6r tidigt haveri.<\/p>\n<p>F\u00f6r mer information om hur h\u00e5rddiskar fungerar och tips om f\u00f6rebyggande underh\u00e5ll, v\u00e4nligen bes\u00f6k <a href='https:\/\/www.storagecraft.com\/blog\/5-common-hard-drive-failure-symptoms' rel=\"nofollow noopener\" target='_blank'>StorageCraft Blog<\/a> och <a href='https:\/\/www.backblaze.com\/blog\/hard-drive-failure-rates-q1-2017' rel=\"nofollow noopener\" target='_blank'>BackBlaze Hard Drive Stats<\/a>.<\/p>\n<\/section>\n<section>\n<h2>Slutsats:<\/h2>\n<div class=\"nonp\">\n<p>Sammanfattningsvis, en klickande h\u00e5rddisk kan framkalla panik, men det finns metoder du kan prova f\u00f6r att r\u00e4dda dina v\u00e4rdefulla data. Omedelbara \u00e5tg\u00e4rder, program som <b>Disk Drill<\/b>, och professionella data\u00e5terst\u00e4llningstj\u00e4nster kan g\u00f6ra skillnaden mellan f\u00f6rlorad data och en framg\u00e5ngsrik \u00e5terh\u00e4mtning. F\u00f6rebyggande \u00e4r alltid b\u00e4ttre \u00e4n botemedel s\u00e5 vidta n\u00f6dv\u00e4ndiga \u00e5tg\u00e4rder f\u00f6r att skydda dina data innan katastrofen intr\u00e4ffar. Gl\u00f6m inte att h\u00e5lla dig informerad och utbildad i \u00e4mnet genom att bes\u00f6ka auktoritativa resurser som <a href='https:\/\/www.datarecoverygroup.com\/articles\/clicking-hard-drive-noise-what-causes-it' rel=\"nofollow noopener\" target='_blank'>Data Recovery Group<\/a> eller <a href='https:\/\/www.hgst.com\/sites\/default\/files\/resources\/HowToDiagnoseDrive_brief.pdf' rel=\"nofollow noopener\" target='_blank'>HGST Drive Assessment Guide<\/a>.<\/p>\n<\/div>\n<\/section>\n","protected":false},"excerpt":{"rendered":"<p>Hur man \u00e5terst\u00e4ller data fr\u00e5n en klickande h\u00e5rddisk N\u00e4r din h\u00e5rddisk b\u00f6rjar g\u00f6ra det d\u00e4r fruktade klickande ljudet, kan en v\u00e5g av panik omedelbart sl\u00e5 till dig, speciellt om du inte har s\u00e4kerhetskopierat dina data. Som n\u00e5gon som har upplevt nervositeten vid h\u00e5rddiskfel, f\u00f6rst\u00e5r jag vikten av att se till att din v\u00e4rdefulla data inte [&hellip;]<\/p>\n","protected":false},"author":2,"featured_media":31150,"parent":0,"menu_order":0,"comment_status":"closed","ping_status":"closed","template":"chromecast.php","meta":{"_stopmodifiedupdate":false,"_modified_date":"","_lmt_disableupdate":"yes","_lmt_disable":""},"acf":[],"yoast_head":"<!-- This site is optimized with the Yoast SEO plugin v20.9 - https:\/\/yoast.com\/wordpress\/plugins\/seo\/ -->\n<title>Hur man \u00e5terst\u00e4ller data fr\u00e5n en klickande h\u00e5rddisk: en steg-f\u00f6r-steg-guide<\/title>\n<meta name=\"robots\" content=\"index, follow, max-snippet:-1, max-image-preview:large, max-video-preview:-1\" \/>\n<link rel=\"canonical\" href=\"https:\/\/datarecovery.ping.fm\/sv\/recover-data-from-clicking-hard-drive\/\" \/>\n<meta property=\"og:locale\" content=\"sv_SE\" \/>\n<meta property=\"og:type\" content=\"article\" \/>\n<meta property=\"og:title\" content=\"Hur man \u00e5terst\u00e4ller data fr\u00e5n en klickande h\u00e5rddisk: en steg-f\u00f6r-steg-guide\" \/>\n<meta property=\"og:description\" content=\"Hur man \u00e5terst\u00e4ller data fr\u00e5n en klickande h\u00e5rddisk N\u00e4r din h\u00e5rddisk b\u00f6rjar g\u00f6ra det d\u00e4r fruktade klickande ljudet, kan en v\u00e5g av panik omedelbart sl\u00e5 till dig, speciellt om du inte har s\u00e4kerhetskopierat dina data. Som n\u00e5gon som har upplevt nervositeten vid h\u00e5rddiskfel, f\u00f6rst\u00e5r jag vikten av att se till att din v\u00e4rdefulla data inte [&hellip;]\" \/>\n<meta property=\"og:url\" content=\"https:\/\/datarecovery.ping.fm\/sv\/recover-data-from-clicking-hard-drive\/\" \/>\n<meta property=\"og:site_name\" content=\"\u00c5terst\u00e4llningsprogram f\u00f6r Data\" \/>\n<meta property=\"article:modified_time\" content=\"2024-02-19T08:21:22+00:00\" \/>\n<meta property=\"og:image\" content=\"https:\/\/datarecovery.ping.fm\/wp-content\/uploads\/2024\/03\/How-to-Recover-Data-From-a-Clicking-Hard-Drive-Swedish.jpg\" \/>\n\t<meta property=\"og:image:width\" content=\"1280\" \/>\n\t<meta property=\"og:image:height\" content=\"731\" \/>\n\t<meta property=\"og:image:type\" content=\"image\/jpeg\" \/>\n<meta name=\"twitter:card\" content=\"summary_large_image\" \/>\n<meta name=\"twitter:label1\" content=\"Est. reading time\" \/>\n\t<meta name=\"twitter:data1\" content=\"6 minuter\" \/>\n<script type=\"application\/ld+json\" class=\"yoast-schema-graph\">{\"@context\":\"https:\/\/schema.org\",\"@graph\":[{\"@type\":\"WebPage\",\"@id\":\"https:\/\/datarecovery.ping.fm\/sv\/recover-data-from-clicking-hard-drive\/\",\"url\":\"https:\/\/datarecovery.ping.fm\/sv\/recover-data-from-clicking-hard-drive\/\",\"name\":\"Hur man \u00e5terst\u00e4ller data fr\u00e5n en klickande h\u00e5rddisk: en steg-f\u00f6r-steg-guide\",\"isPartOf\":{\"@id\":\"https:\/\/datarecovery.ping.fm\/sv\/#website\"},\"datePublished\":\"2024-01-08T18:58:11+00:00\",\"dateModified\":\"2024-02-19T08:21:22+00:00\",\"breadcrumb\":{\"@id\":\"https:\/\/datarecovery.ping.fm\/sv\/recover-data-from-clicking-hard-drive\/#breadcrumb\"},\"inLanguage\":\"sv-SE\",\"potentialAction\":[{\"@type\":\"ReadAction\",\"target\":[\"https:\/\/datarecovery.ping.fm\/sv\/recover-data-from-clicking-hard-drive\/\"]}]},{\"@type\":\"BreadcrumbList\",\"@id\":\"https:\/\/datarecovery.ping.fm\/sv\/recover-data-from-clicking-hard-drive\/#breadcrumb\",\"itemListElement\":[{\"@type\":\"ListItem\",\"position\":1,\"name\":\"Home\",\"item\":\"https:\/\/datarecovery.ping.fm\/sv\/\"},{\"@type\":\"ListItem\",\"position\":2,\"name\":\"Hur man \u00e5terst\u00e4ller data fr\u00e5n en h\u00e5rddisk som klickar\"}]},{\"@type\":\"WebSite\",\"@id\":\"https:\/\/datarecovery.ping.fm\/sv\/#website\",\"url\":\"https:\/\/datarecovery.ping.fm\/sv\/\",\"name\":\"\u00c5terst\u00e4llningsprogram f\u00f6r Data\",\"description\":\"\",\"potentialAction\":[{\"@type\":\"SearchAction\",\"target\":{\"@type\":\"EntryPoint\",\"urlTemplate\":\"https:\/\/datarecovery.ping.fm\/sv\/?s={search_term_string}\"},\"query-input\":\"required name=search_term_string\"}],\"inLanguage\":\"sv-SE\"}]}<\/script>\n<!-- \/ Yoast SEO plugin. -->","yoast_head_json":{"title":"Hur man \u00e5terst\u00e4ller data fr\u00e5n en klickande h\u00e5rddisk: en steg-f\u00f6r-steg-guide","robots":{"index":"index","follow":"follow","max-snippet":"max-snippet:-1","max-image-preview":"max-image-preview:large","max-video-preview":"max-video-preview:-1"},"canonical":"https:\/\/datarecovery.ping.fm\/sv\/recover-data-from-clicking-hard-drive\/","og_locale":"sv_SE","og_type":"article","og_title":"Hur man \u00e5terst\u00e4ller data fr\u00e5n en klickande h\u00e5rddisk: en steg-f\u00f6r-steg-guide","og_description":"Hur man \u00e5terst\u00e4ller data fr\u00e5n en klickande h\u00e5rddisk N\u00e4r din h\u00e5rddisk b\u00f6rjar g\u00f6ra det d\u00e4r fruktade klickande ljudet, kan en v\u00e5g av panik omedelbart sl\u00e5 till dig, speciellt om du inte har s\u00e4kerhetskopierat dina data. Som n\u00e5gon som har upplevt nervositeten vid h\u00e5rddiskfel, f\u00f6rst\u00e5r jag vikten av att se till att din v\u00e4rdefulla data inte [&hellip;]","og_url":"https:\/\/datarecovery.ping.fm\/sv\/recover-data-from-clicking-hard-drive\/","og_site_name":"\u00c5terst\u00e4llningsprogram f\u00f6r Data","article_modified_time":"2024-02-19T08:21:22+00:00","og_image":[{"width":1280,"height":731,"url":"https:\/\/datarecovery.ping.fm\/wp-content\/uploads\/2024\/03\/How-to-Recover-Data-From-a-Clicking-Hard-Drive-Swedish.jpg","type":"image\/jpeg"}],"twitter_card":"summary_large_image","twitter_misc":{"Est. reading time":"6 minuter"},"schema":{"@context":"https:\/\/schema.org","@graph":[{"@type":"WebPage","@id":"https:\/\/datarecovery.ping.fm\/sv\/recover-data-from-clicking-hard-drive\/","url":"https:\/\/datarecovery.ping.fm\/sv\/recover-data-from-clicking-hard-drive\/","name":"Hur man \u00e5terst\u00e4ller data fr\u00e5n en klickande h\u00e5rddisk: en steg-f\u00f6r-steg-guide","isPartOf":{"@id":"https:\/\/datarecovery.ping.fm\/sv\/#website"},"datePublished":"2024-01-08T18:58:11+00:00","dateModified":"2024-02-19T08:21:22+00:00","breadcrumb":{"@id":"https:\/\/datarecovery.ping.fm\/sv\/recover-data-from-clicking-hard-drive\/#breadcrumb"},"inLanguage":"sv-SE","potentialAction":[{"@type":"ReadAction","target":["https:\/\/datarecovery.ping.fm\/sv\/recover-data-from-clicking-hard-drive\/"]}]},{"@type":"BreadcrumbList","@id":"https:\/\/datarecovery.ping.fm\/sv\/recover-data-from-clicking-hard-drive\/#breadcrumb","itemListElement":[{"@type":"ListItem","position":1,"name":"Home","item":"https:\/\/datarecovery.ping.fm\/sv\/"},{"@type":"ListItem","position":2,"name":"Hur man \u00e5terst\u00e4ller data fr\u00e5n en h\u00e5rddisk som klickar"}]},{"@type":"WebSite","@id":"https:\/\/datarecovery.ping.fm\/sv\/#website","url":"https:\/\/datarecovery.ping.fm\/sv\/","name":"\u00c5terst\u00e4llningsprogram f\u00f6r Data","description":"","potentialAction":[{"@type":"SearchAction","target":{"@type":"EntryPoint","urlTemplate":"https:\/\/datarecovery.ping.fm\/sv\/?s={search_term_string}"},"query-input":"required name=search_term_string"}],"inLanguage":"sv-SE"}]}},"_links":{"self":[{"href":"https:\/\/datarecovery.ping.fm\/sv\/wp-json\/wp\/v2\/pages\/17493"}],"collection":[{"href":"https:\/\/datarecovery.ping.fm\/sv\/wp-json\/wp\/v2\/pages"}],"about":[{"href":"https:\/\/datarecovery.ping.fm\/sv\/wp-json\/wp\/v2\/types\/page"}],"author":[{"embeddable":true,"href":"https:\/\/datarecovery.ping.fm\/sv\/wp-json\/wp\/v2\/users\/2"}],"replies":[{"embeddable":true,"href":"https:\/\/datarecovery.ping.fm\/sv\/wp-json\/wp\/v2\/comments?post=17493"}],"version-history":[{"count":1,"href":"https:\/\/datarecovery.ping.fm\/sv\/wp-json\/wp\/v2\/pages\/17493\/revisions"}],"predecessor-version":[{"id":31149,"href":"https:\/\/datarecovery.ping.fm\/sv\/wp-json\/wp\/v2\/pages\/17493\/revisions\/31149"}],"wp:featuredmedia":[{"embeddable":true,"href":"https:\/\/datarecovery.ping.fm\/sv\/wp-json\/wp\/v2\/media\/31150"}],"wp:attachment":[{"href":"https:\/\/datarecovery.ping.fm\/sv\/wp-json\/wp\/v2\/media?parent=17493"}],"curies":[{"name":"wp","href":"https:\/\/api.w.org\/{rel}","templated":true}]}}