{"id":17361,"date":"2024-01-08T19:07:54","date_gmt":"2024-01-08T19:07:54","guid":{"rendered":"https:\/\/www.ping.fm\/data-recovery-software\/format-sd-card-without-losing-data\/"},"modified":"2024-02-19T08:21:20","modified_gmt":"2024-02-19T08:21:20","slug":"format-sd-card-without-losing-data","status":"publish","type":"page","link":"https:\/\/datarecovery.ping.fm\/sv\/format-sd-card-without-losing-data\/","title":{"rendered":"Hur man formaterar ett SD-kort utan att f\u00f6rlora data"},"content":{"rendered":"<section>\n<h1>Hur du formaterar SD-kort utan att f\u00f6rlora data<\/h1>\n<div class=\"inbrief\">\n<div>             <img src=\"https:\/\/www.ping.fm\/data-recovery-software\/wp-content\/uploads\/ai\/How-to-Format-SD-Card-Without-Losing-Data-Swedish.jpg\" alt=\"Hur du formaterar SD-kort utan att f\u00f6rlora data\" title=\"Hur du formaterar SD-kort utan att f\u00f6rlora data\" width=\"1280\" height=\"720\">             <\/p>\n<p>Har du n\u00e5gonsin satt in ditt SD-kort i en kamera eller dator och m\u00f6tts av det alarmerande meddelandet att det beh\u00f6ver formateras? Ett s\u00e5dant \u00f6gonblick kan f\u00e5 vem som helst att panikera, s\u00e4rskilt om SD-kortet inneh\u00e5ller v\u00e4rdefulla minnen eller viktiga filer som inte har s\u00e4kerhetskopierats. Ta det lugnt, dock, f\u00f6r med r\u00e4tt tekniker och programvara \u00e4r det m\u00f6jligt att formatera ett SD-kort utan att f\u00f6rlora data. I denna detaljerade instruktionsguide kommer jag att dela med mig av min personliga erfarenhet om hur detta presteras med hj\u00e4lp av Disk Drill, tillsammans med insikter om <a href='https:\/\/www.sdcard.org\/downloads\/formatter\/' rel=\"nofollow noopener\" target='_blank'>underh\u00e5ll och \u00e5terst\u00e4llning av SD-kort<\/a>. Dessutom kommer jag att introducera dig till ett av de <a href='https:\/\/www.pandorarecovery.com\/sd-recovery.html' rel=\"dofollow noopener\" target='_blank'>expertbed\u00f6mda verktygen f\u00f6r \u00e5terst\u00e4llning av SD-kort<\/a> f\u00f6r att s\u00e4kerst\u00e4lla att du \u00e4r rustad att hantera problem med SD-kort.<\/p>\n<\/div>\n<\/div>\n<\/section>\n<section>\n<div>\n<div>1<\/div>\n<h2>Vanliga scenarier:<\/h2>\n<\/div>\n<h3>Frekventa formateringskrav &#9989;<\/h3>\n<ul>\n<li>N\u00e4r ditt <b>operativsystem<\/b> uppmanar dig att formatera SD-kortet efter att ha kopplat in det i en <b>dator<\/b> eller enhet.<\/li>\n<li>Meddelandet &#8217;SD-kortet \u00e4r skadat. F\u00f6rs\u00f6k formatera det.&#8217; visas p\u00e5 din <b>smartphone<\/b>.<\/li>\n<li>Meddelandet &#8217;Kortfel&#8217; visas p\u00e5 en digitalkamera n\u00e4r du f\u00f6rs\u00f6ker komma \u00e5t SD-kortet.<\/li>\n<\/ul>\n<h3>Skadat filsystem &#9888;<\/h3>\n<ul>\n<li>N\u00e4r <b>filsystemet<\/b> p\u00e5 SD-kortet blir <b>skadat<\/b> p\u00e5 grund av felaktig borttagning eller en ov\u00e4ntad systemnedst\u00e4ngning.<\/li>\n<li>Problem som uppst\u00e5r fr\u00e5n att anv\u00e4nda samma SD-kort \u00f6ver enheter med olika <b>filsystem eller standarder<\/b>.<\/li>\n<\/ul>\n<h3>Malware-infektioner &#128567;<\/h3>\n<ul>\n<li>SD-kort som blir <b>infekterade av malware eller virus<\/b>, vilket leder till formateringskrav av s\u00e4kerhetsprogramvara.<\/li>\n<li>Filekorruption orsakad av malware, vilket g\u00f6r data otillg\u00e4ngliga utan formatering.<\/li>\n<\/ul>\n<\/section>\n<section class=\"stepByStep\">\n<div>\n<div>2<\/div>\n<h2>Steg-f\u00f6r-steg-guide. Formatera SD-kort utan att f\u00f6rlora data:<\/h2>\n<\/div>\n<h3>Metod 1: Data\u00e5terst\u00e4llning innan formatering &#128301;<\/h3>\n<ul>\n<li>Ladda ner och installera <b>Disk Drill<\/b> fr\u00e5n dess officiella webbplats p\u00e5 din dator.<\/li>\n<li>Anslut <b>SD-kortet<\/b> till din dator med en <b>SD-kortl\u00e4sare<\/b>.<\/li>\n<li>\u00d6ppna Disk Drill och v\u00e4lj SD-kortet fr\u00e5n listan \u00f6ver enheter som presenteras.<\/li>\n<li>Klicka p\u00e5 &#8217;\u00c5terst\u00e4ll&#8217; f\u00f6r att starta skanningsprocessen efter \u00e5terst\u00e4llbara filer.<\/li>\n<li>F\u00f6rhandsgranska och v\u00e4lj de filer du vill spara, och \u00e5terst\u00e4ll dem sedan till en s\u00e4ker plats p\u00e5 din dator.<\/li>\n<\/ul>\n<p><b>Obs:<\/b> Se till att spara den \u00e5terst\u00e4llda datan p\u00e5 en annan plats \u00e4n SD-kortet f\u00f6r att f\u00f6rhindra \u00f6verskrivning av filer.<\/p>\n<p><b>Slutsats:<\/b> Genom att f\u00f6lja dessa steg kan du framg\u00e5ngsrikt \u00e5terst\u00e4lla och s\u00e4kra dina filer innan du forts\u00e4tter med att formatera SD-kortet.<\/p>\n<h3>Metod 2: Formatera SD-kort med diskhantering &#128190;<\/h3>\n<ul>\n<li>S\u00e4kerhetskopiera eventuella \u00e5tkomstbara filer innan formatering.<\/li>\n<li>Tryck p\u00e5 Windows-tangenten + X och v\u00e4lj &#8217;Skivhantering&#8217;.<\/li>\n<li>H\u00f6gerklicka p\u00e5 SD-kortet och v\u00e4lj &#8217;Formatera&#8217;.<\/li>\n<li>V\u00e4lj ett filsystem (t.ex. exFAT eller FAT32) och se till att &#8217;Utf\u00f6r en snabbformatering&#8217; \u00e4r ikryssad.<\/li>\n<li>Utf\u00f6r formatering av kortet och \u00e5terst\u00e4ll din s\u00e4kerhetskopierade data efter\u00e5t.<\/li>\n<\/ul>\n<p><b>Obs:<\/b> Snabbformatering kommer inte permanent att radera data p\u00e5 SD-kortet; den tar bara bort adress tabellerna.<\/p>\n<p><b>Slutsats:<\/b> Efter en snabbformatering och att ha s\u00e4kerst\u00e4llt att filsystemet \u00e4r kompatibelt med alla dina enheter, kan du \u00e5terst\u00e4lla s\u00e4kerhetskopieringen utan att f\u00f6rlora viktiga data.<\/p>\n<h3>Metod 3: Anv\u00e4nda kommandotolken f\u00f6r formatering &#9000;<\/h3>\n<ul>\n<li>S\u00e4kerhetskopiera \u00e5terigen alla tillg\u00e4ngliga data innan du forts\u00e4tter med denna metod.<\/li>\n<li>\u00d6ppna kommandotolken som administrat\u00f6r.<\/li>\n<li>Skriv &#8217;diskpart&#8217; och tryck Enter.<\/li>\n<li>Skriv &#8217;list disk&#8217; och tryck Enter. Identifiera ditt SD-kort efter storlek.<\/li>\n<li>Skriv f\u00f6ljande sekvens av kommandon och ers\u00e4tt &#8217;n&#8217; med disknumret f\u00f6r ditt SD-kort: &#8217;select disk n&#8217;, &#8217;clean&#8217;, &#8217;create partition primary&#8217;, &#8217;format fs=exFAT&#8217; (eller &#8217;fs=FAT32&#8217;).<\/li>\n<\/ul>\n<p><b>Obs:<\/b> Denna metod kommer att skapa ett nytt filsystem p\u00e5 SD-kortet och avl\u00e4gsna fel som orsakat formateringskravet.<\/p>\n<p><b>Slutsats:<\/b> Metoden med kommandotolken \u00e4r en grundligare formateringsteknik som kan l\u00f6sa djupare problem inom SD-kortet.<\/p>\n<h3>Metod 4: Anv\u00e4ndning av tredjepartsformateringsverktyg &#128421;<\/h3>\n<ul>\n<li>Ladda ner ett p\u00e5litligt tredjepartsformateringsverktyg, s\u00e5som <a href='https:\/\/www.sdcard.org\/downloads\/formatter\/' rel=\"nofollow noopener\" target='_blank'>SD Memory Card Formatter<\/a>.<\/li>\n<li>Installera och starta verktyget p\u00e5 din dator.<\/li>\n<li>V\u00e4lj enhetsbokstaven f\u00f6r SD-kortet och formateringsalternativen som verktyget tillhandah\u00e5ller.<\/li>\n<li>Klicka p\u00e5 &#8217;Formatera&#8217; och v\u00e4nta tills processen \u00e4r slutf\u00f6rd.<\/li>\n<li>\u00c5terst\u00e4ll din data fr\u00e5n s\u00e4kerhetskopian efter att formateringen slutf\u00f6rts.<\/li>\n<\/ul>\n<p><b>Obs:<\/b> Tredjepartsverktyg erbjuder ofta ett anv\u00e4ndarv\u00e4nligt gr\u00e4nssnitt och ytterligare funktioner j\u00e4mf\u00f6rt med de inbyggda formateringsalternativen.<\/p>\n<p><b>Slutsats:<\/b> Denna metod ger en hands-off formateringsprocess med en potentiellt h\u00f6gre framg\u00e5ngsgrad av kompatibilitet och feluppl\u00f6sning.<\/p>\n<h3>Metod 5: Anv\u00e4nda Disk Drills funktion f\u00f6r enhetsbackup &#128230;<\/h3>\n<ul>\n<li>Anv\u00e4nd Disk Drill f\u00f6r att skapa en byte-f\u00f6r-byte <b>s\u00e4kerhetskopia<\/b> av SD-kortet.<\/li>\n<li>\u00d6ppna Disk Drill och v\u00e4lj alternativet &#8217;Byte-f\u00f6r-byte Backup&#8217; f\u00f6r ditt SD-kort.<\/li>\n<li>Spara backup-filen p\u00e5 h\u00e5rddisken p\u00e5 din dator.<\/li>\n<li>Efter att ha skapat s\u00e4kerhetskopian kan du forts\u00e4tta att formatera SD-kortet med n\u00e5gon av ovanst\u00e5ende metoder.<\/li>\n<li>N\u00e4r formateringen \u00e4r klar anv\u00e4nder du Disk Drill f\u00f6r att l\u00e4sa backup-filen och \u00e5terst\u00e4lla din data.<\/li>\n<\/ul>\n<p><b>Obs:<\/b> Disk Drills backup-funktion klonar hela SD-kortet, vilket sedan kan anv\u00e4ndas f\u00f6r data\u00e5terst\u00e4llning efter formateringen.<\/p>\n<p><b>Slutsats:<\/b> Detta f\u00f6rebyggande steg s\u00e4kerst\u00e4ller att ingen data g\u00e5r permanent f\u00f6rlorad under formateringsprocessen, f\u00f6rutsatt att s\u00e4kerhetskopian \u00e4r intakt och l\u00e4sbar.<\/p>\n<\/section>\n<section>\n<div>\n<div>3<\/div>\n<h2>Youtube-video att titta p\u00e5<\/h2>\n<\/div>\n<div class=\"iframe\"><iframe width=\"420\" height=\"315\" src=\"\/\/www.youtube.com\/embed\/Y1tZ8iG9qK8\" frameborder=\"0\" allowfullscreen><\/iframe><\/div>\n<\/section>\n<section>\n<div>\n<div>4<\/div>\n<h2>F\u00f6rsiktighets\u00e5tg\u00e4rder och tips:<\/h2>\n<\/div>\n<h3>Skydda dina minnen &#128736;<\/h3>\n<ul>\n<li><b>Backa upp<\/b> regelbundet data fr\u00e5n ditt SD-kort till flera platser, som molnlagring eller en extern h\u00e5rddisk.<\/li>\n<li>Undvik att ta ut SD-kortet medan filer skrivs eller l\u00e4ses f\u00f6r att f\u00f6rhindra korruption.<\/li>\n<li>F\u00f6rvara ditt SD-kort borta fr\u00e5n starka magnetf\u00e4lt och extrema temperaturer.<\/li>\n<li>Anv\u00e4nd antivirusprogram f\u00f6r att regelbundet skanna ditt SD-kort f\u00f6r potentiella hot.<\/li>\n<\/ul>\n<h3>F\u00f6rebyggande underh\u00e5ll &#9881;<\/h3>\n<ul>\n<li>Formatera nya SD-kort innan anv\u00e4ndning f\u00f6r att s\u00e4kerst\u00e4lla att de \u00e4r fria fr\u00e5n f\u00f6rhandsproblem.<\/li>\n<li>Fyll inte ditt SD-kort till maximal kapacitet; l\u00e4mna alltid lite ledigt utrymme f\u00f6r att minska slitage och potentiella fel.<\/li>\n<li>\u00d6verv\u00e4g att anv\u00e4nda SD-kort med h\u00f6g uth\u00e5llighet f\u00f6r kontinuerlig inspelning, som i bilkameror eller \u00f6vervakningskameror.<\/li>\n<\/ul>\n<\/section>\n<section>\n<div>\n<div>5<\/div>\n<h2>Data S\u00e4kerhet och Underh\u00e5ll<\/h2>\n<\/div>\n<p>Konceptet med formatering antyder vanligtvis att alla data kommer att raderas helt, men med avancerade mjukvaruverktyg och l\u00e4mpliga f\u00f6rsiktighets\u00e5tg\u00e4rder \u00e4r det helt m\u00f6jligt att kringg\u00e5 denna h\u00e5rda sanning. I den digitala eran \u00e4r datas\u00e4kerhet och underh\u00e5ll av yttersta vikt f\u00f6r b\u00e5de privata och professionella anv\u00e4ndare. Att anv\u00e4nda p\u00e5litliga <b>s\u00e4kerhetskopieringsl\u00f6sningar<\/b>, s\u00e5som fysiska enheter eller <a href='https:\/\/www.backblaze.com\/' rel=\"nofollow noopener\" target='_blank'>molntj\u00e4nster<\/a>, kan r\u00e4dda dig fr\u00e5n ov\u00e4ntad dataf\u00f6rlust.<\/p>\n<p>Dessutom \u00e4r det avg\u00f6rande att f\u00f6rst\u00e5 de olika typerna av formatering som finns tillg\u00e4ngliga. En <b>snabbformatering<\/b> kommer endast att ta bort filernas inl\u00e4gg fr\u00e5n indexet, medan en <b>helformatering<\/b> ocks\u00e5 kommer att skanna disken efter d\u00e5liga sektorer. Det \u00e4r ocks\u00e5 f\u00f6rdelaktigt att s\u00e4tta sig in i <a href='https:\/\/www.ntfs.com\/' rel=\"nofollow noopener\" target='_blank'>skillnaderna mellan filsystemen<\/a> (FAT32, exFAT, NTFS, etc.), eftersom det kan hj\u00e4lpa dig att v\u00e4lja det mest l\u00e4mpliga f\u00f6r dina behov n\u00e4r formatering verkligen \u00e4r n\u00f6dv\u00e4ndigt.<\/p>\n<p>Kom ih\u00e5g att frekvent formatering kan minska livsl\u00e4ngden p\u00e5 ditt SD-kort. F\u00f6r att minimera behovet av formatering, mata alltid ut ditt SD-kort s\u00e4kert fr\u00e5n enheter och f\u00f6rvara det p\u00e5 en s\u00e4ker plats. Att anv\u00e4nda dessa b\u00e4sta praxis f\u00f6r <b>datas\u00e4kerhet och underh\u00e5ll<\/b> kommer att f\u00f6rb\u00e4ttra din \u00f6vergripande digitala upplevelse och s\u00e4kerst\u00e4lla att ditt SD-kort forts\u00e4tter att vara en p\u00e5litlig plats f\u00f6r dina v\u00e4rdefulla data.<\/p>\n<\/section>\n<section>\n<h2>Slutsats:<\/h2>\n<div class=\"nonp\">\n<p>Sammanfattningsvis kan formatering av ett SD-kort utan att f\u00f6rlora data verka mots\u00e4gelsefullt, men som vi har diskuterat \u00e4r det fullt m\u00f6jligt med <b>varsam planering<\/b> och <b>r\u00e4tt verktyg<\/b>. Oavsett om det g\u00e4ller f\u00f6rformatering av data\u00e5terst\u00e4llning, anv\u00e4ndning av Disk Drill eller utnyttjande av tredjepartsformateringsverktyg, har du nu flera metoder att anv\u00e4nda dig av f\u00f6r att bevara dina data samtidigt som du ser till ditt SD-korts h\u00e4lsa. Kom ih\u00e5g att <b>skapa s\u00e4kerhetskopia ofta<\/b>, praktisera god SD-kortshygien och h\u00e5ll dig uppdaterad om de senaste <b>teknikerna f\u00f6r data\u00e5terst\u00e4llning<\/b> f\u00f6r att <a href='https:\/\/www.cleverfiles.com\/howto\/top-5-data-recovery-software-windows.html' rel=\"nofollow noopener\" target='_blank'>ta dig an alla digitala utmaningar med huvudet f\u00f6re<\/a>. Bev\u00e4pnad med denna kunskap och ett proaktivt tillv\u00e4gag\u00e5ngss\u00e4tt kommer ditt SD-kort att forts\u00e4tta fungera som ett p\u00e5litligt medium f\u00f6r lagring, \u00f6verf\u00f6ring och delning av dina viktigaste digitala tillg\u00e5ngar.<\/p>\n<\/div>\n<\/section>\n","protected":false},"excerpt":{"rendered":"<p>Hur du formaterar SD-kort utan att f\u00f6rlora data Har du n\u00e5gonsin satt in ditt SD-kort i en kamera eller dator och m\u00f6tts av det alarmerande meddelandet att det beh\u00f6ver formateras? Ett s\u00e5dant \u00f6gonblick kan f\u00e5 vem som helst att panikera, s\u00e4rskilt om SD-kortet inneh\u00e5ller v\u00e4rdefulla minnen eller viktiga filer som inte har s\u00e4kerhetskopierats. Ta det [&hellip;]<\/p>\n","protected":false},"author":2,"featured_media":31138,"parent":0,"menu_order":0,"comment_status":"closed","ping_status":"closed","template":"chromecast.php","meta":{"_stopmodifiedupdate":false,"_modified_date":"","_lmt_disableupdate":"yes","_lmt_disable":""},"acf":[],"yoast_head":"<!-- This site is optimized with the Yoast SEO plugin v20.9 - https:\/\/yoast.com\/wordpress\/plugins\/seo\/ -->\n<title>Hur du s\u00e4kert formaterar ett SD-kort samtidigt som du beh\u00e5ller dina data<\/title>\n<meta name=\"robots\" content=\"index, follow, max-snippet:-1, max-image-preview:large, max-video-preview:-1\" \/>\n<link rel=\"canonical\" href=\"https:\/\/datarecovery.ping.fm\/sv\/format-sd-card-without-losing-data\/\" \/>\n<meta property=\"og:locale\" content=\"sv_SE\" \/>\n<meta property=\"og:type\" content=\"article\" \/>\n<meta property=\"og:title\" content=\"Hur du s\u00e4kert formaterar ett SD-kort samtidigt som du beh\u00e5ller dina data\" \/>\n<meta property=\"og:description\" content=\"Hur du formaterar SD-kort utan att f\u00f6rlora data Har du n\u00e5gonsin satt in ditt SD-kort i en kamera eller dator och m\u00f6tts av det alarmerande meddelandet att det beh\u00f6ver formateras? Ett s\u00e5dant \u00f6gonblick kan f\u00e5 vem som helst att panikera, s\u00e4rskilt om SD-kortet inneh\u00e5ller v\u00e4rdefulla minnen eller viktiga filer som inte har s\u00e4kerhetskopierats. Ta det [&hellip;]\" \/>\n<meta property=\"og:url\" content=\"https:\/\/datarecovery.ping.fm\/sv\/format-sd-card-without-losing-data\/\" \/>\n<meta property=\"og:site_name\" content=\"\u00c5terst\u00e4llningsprogram f\u00f6r Data\" \/>\n<meta property=\"article:modified_time\" content=\"2024-02-19T08:21:20+00:00\" \/>\n<meta property=\"og:image\" content=\"https:\/\/datarecovery.ping.fm\/wp-content\/uploads\/2024\/03\/How-to-Format-SD-Card-Without-Losing-Data-Swedish.jpg\" \/>\n\t<meta property=\"og:image:width\" content=\"1280\" \/>\n\t<meta property=\"og:image:height\" content=\"731\" \/>\n\t<meta property=\"og:image:type\" content=\"image\/jpeg\" \/>\n<meta name=\"twitter:card\" content=\"summary_large_image\" \/>\n<meta name=\"twitter:label1\" content=\"Est. reading time\" \/>\n\t<meta name=\"twitter:data1\" content=\"7 minuter\" \/>\n<script type=\"application\/ld+json\" class=\"yoast-schema-graph\">{\"@context\":\"https:\/\/schema.org\",\"@graph\":[{\"@type\":\"WebPage\",\"@id\":\"https:\/\/datarecovery.ping.fm\/sv\/format-sd-card-without-losing-data\/\",\"url\":\"https:\/\/datarecovery.ping.fm\/sv\/format-sd-card-without-losing-data\/\",\"name\":\"Hur du s\u00e4kert formaterar ett SD-kort samtidigt som du beh\u00e5ller dina data\",\"isPartOf\":{\"@id\":\"https:\/\/datarecovery.ping.fm\/sv\/#website\"},\"datePublished\":\"2024-01-08T19:07:54+00:00\",\"dateModified\":\"2024-02-19T08:21:20+00:00\",\"breadcrumb\":{\"@id\":\"https:\/\/datarecovery.ping.fm\/sv\/format-sd-card-without-losing-data\/#breadcrumb\"},\"inLanguage\":\"sv-SE\",\"potentialAction\":[{\"@type\":\"ReadAction\",\"target\":[\"https:\/\/datarecovery.ping.fm\/sv\/format-sd-card-without-losing-data\/\"]}]},{\"@type\":\"BreadcrumbList\",\"@id\":\"https:\/\/datarecovery.ping.fm\/sv\/format-sd-card-without-losing-data\/#breadcrumb\",\"itemListElement\":[{\"@type\":\"ListItem\",\"position\":1,\"name\":\"Home\",\"item\":\"https:\/\/datarecovery.ping.fm\/sv\/\"},{\"@type\":\"ListItem\",\"position\":2,\"name\":\"Hur man formaterar ett SD-kort utan att f\u00f6rlora data\"}]},{\"@type\":\"WebSite\",\"@id\":\"https:\/\/datarecovery.ping.fm\/sv\/#website\",\"url\":\"https:\/\/datarecovery.ping.fm\/sv\/\",\"name\":\"\u00c5terst\u00e4llningsprogram f\u00f6r Data\",\"description\":\"\",\"potentialAction\":[{\"@type\":\"SearchAction\",\"target\":{\"@type\":\"EntryPoint\",\"urlTemplate\":\"https:\/\/datarecovery.ping.fm\/sv\/?s={search_term_string}\"},\"query-input\":\"required name=search_term_string\"}],\"inLanguage\":\"sv-SE\"}]}<\/script>\n<!-- \/ Yoast SEO plugin. -->","yoast_head_json":{"title":"Hur du s\u00e4kert formaterar ett SD-kort samtidigt som du beh\u00e5ller dina data","robots":{"index":"index","follow":"follow","max-snippet":"max-snippet:-1","max-image-preview":"max-image-preview:large","max-video-preview":"max-video-preview:-1"},"canonical":"https:\/\/datarecovery.ping.fm\/sv\/format-sd-card-without-losing-data\/","og_locale":"sv_SE","og_type":"article","og_title":"Hur du s\u00e4kert formaterar ett SD-kort samtidigt som du beh\u00e5ller dina data","og_description":"Hur du formaterar SD-kort utan att f\u00f6rlora data Har du n\u00e5gonsin satt in ditt SD-kort i en kamera eller dator och m\u00f6tts av det alarmerande meddelandet att det beh\u00f6ver formateras? Ett s\u00e5dant \u00f6gonblick kan f\u00e5 vem som helst att panikera, s\u00e4rskilt om SD-kortet inneh\u00e5ller v\u00e4rdefulla minnen eller viktiga filer som inte har s\u00e4kerhetskopierats. Ta det [&hellip;]","og_url":"https:\/\/datarecovery.ping.fm\/sv\/format-sd-card-without-losing-data\/","og_site_name":"\u00c5terst\u00e4llningsprogram f\u00f6r Data","article_modified_time":"2024-02-19T08:21:20+00:00","og_image":[{"width":1280,"height":731,"url":"https:\/\/datarecovery.ping.fm\/wp-content\/uploads\/2024\/03\/How-to-Format-SD-Card-Without-Losing-Data-Swedish.jpg","type":"image\/jpeg"}],"twitter_card":"summary_large_image","twitter_misc":{"Est. reading time":"7 minuter"},"schema":{"@context":"https:\/\/schema.org","@graph":[{"@type":"WebPage","@id":"https:\/\/datarecovery.ping.fm\/sv\/format-sd-card-without-losing-data\/","url":"https:\/\/datarecovery.ping.fm\/sv\/format-sd-card-without-losing-data\/","name":"Hur du s\u00e4kert formaterar ett SD-kort samtidigt som du beh\u00e5ller dina data","isPartOf":{"@id":"https:\/\/datarecovery.ping.fm\/sv\/#website"},"datePublished":"2024-01-08T19:07:54+00:00","dateModified":"2024-02-19T08:21:20+00:00","breadcrumb":{"@id":"https:\/\/datarecovery.ping.fm\/sv\/format-sd-card-without-losing-data\/#breadcrumb"},"inLanguage":"sv-SE","potentialAction":[{"@type":"ReadAction","target":["https:\/\/datarecovery.ping.fm\/sv\/format-sd-card-without-losing-data\/"]}]},{"@type":"BreadcrumbList","@id":"https:\/\/datarecovery.ping.fm\/sv\/format-sd-card-without-losing-data\/#breadcrumb","itemListElement":[{"@type":"ListItem","position":1,"name":"Home","item":"https:\/\/datarecovery.ping.fm\/sv\/"},{"@type":"ListItem","position":2,"name":"Hur man formaterar ett SD-kort utan att f\u00f6rlora data"}]},{"@type":"WebSite","@id":"https:\/\/datarecovery.ping.fm\/sv\/#website","url":"https:\/\/datarecovery.ping.fm\/sv\/","name":"\u00c5terst\u00e4llningsprogram f\u00f6r Data","description":"","potentialAction":[{"@type":"SearchAction","target":{"@type":"EntryPoint","urlTemplate":"https:\/\/datarecovery.ping.fm\/sv\/?s={search_term_string}"},"query-input":"required name=search_term_string"}],"inLanguage":"sv-SE"}]}},"_links":{"self":[{"href":"https:\/\/datarecovery.ping.fm\/sv\/wp-json\/wp\/v2\/pages\/17361"}],"collection":[{"href":"https:\/\/datarecovery.ping.fm\/sv\/wp-json\/wp\/v2\/pages"}],"about":[{"href":"https:\/\/datarecovery.ping.fm\/sv\/wp-json\/wp\/v2\/types\/page"}],"author":[{"embeddable":true,"href":"https:\/\/datarecovery.ping.fm\/sv\/wp-json\/wp\/v2\/users\/2"}],"replies":[{"embeddable":true,"href":"https:\/\/datarecovery.ping.fm\/sv\/wp-json\/wp\/v2\/comments?post=17361"}],"version-history":[{"count":1,"href":"https:\/\/datarecovery.ping.fm\/sv\/wp-json\/wp\/v2\/pages\/17361\/revisions"}],"predecessor-version":[{"id":31137,"href":"https:\/\/datarecovery.ping.fm\/sv\/wp-json\/wp\/v2\/pages\/17361\/revisions\/31137"}],"wp:featuredmedia":[{"embeddable":true,"href":"https:\/\/datarecovery.ping.fm\/sv\/wp-json\/wp\/v2\/media\/31138"}],"wp:attachment":[{"href":"https:\/\/datarecovery.ping.fm\/sv\/wp-json\/wp\/v2\/media?parent=17361"}],"curies":[{"name":"wp","href":"https:\/\/api.w.org\/{rel}","templated":true}]}}