{"id":17253,"date":"2024-01-09T14:59:53","date_gmt":"2024-01-09T14:59:53","guid":{"rendered":"https:\/\/www.ping.fm\/data-recovery-software\/usb-recovery-mac\/"},"modified":"2024-02-19T08:21:18","modified_gmt":"2024-02-19T08:21:18","slug":"usb-recovery-mac","status":"publish","type":"page","link":"https:\/\/datarecovery.ping.fm\/sv\/usb-recovery-mac\/","title":{"rendered":"Hur \u00e5terst\u00e4ller man raderade filer fr\u00e5n ett USB-minne p\u00e5 en Mac?"},"content":{"rendered":"<section>\n<h1>Hur \u00e5terst\u00e4ller man raderade filer fr\u00e5n USB-minne p\u00e5 Mac?<\/h1>\n<div class=\"inbrief\">\n<div>             <img src=\"https:\/\/www.ping.fm\/data-recovery-software\/wp-content\/uploads\/ai\/How-to-Recover-Deleted-Files-from-USB-Flash-Drive-on-Mac--Swedish.jpg\" alt=\"Hur \u00e5terst\u00e4ller man raderade filer fr\u00e5n USB-minne p\u00e5 Mac?\" title=\"Hur \u00e5terst\u00e4ller man raderade filer fr\u00e5n USB-minne p\u00e5 Mac?\" width=\"1280\" height=\"720\">             <\/p>\n<p>Att f\u00f6rlora viktiga filer fr\u00e5n ett <b>USB-minne<\/b> kan vara en obehaglig upplevelse, s\u00e4rskilt n\u00e4r du anv\u00e4nder din <b>MacBook<\/b> f\u00f6r viktiga uppgifter. Lyckligtvis finns flera metoder som kan hj\u00e4lpa till att \u00e5terst\u00e4lla raderade filer, vare sig det beror p\u00e5 oavsiktlig radering eller korruption. Genom att prova, misslyckas och lyckas med \u00e5terst\u00e4llningar har jag samlat effektiva tekniker f\u00f6r att \u00e5terst\u00e4lla dina v\u00e4rdefulla data. Den h\u00e4r guiden tar dig igenom <b>steg-f\u00f6r-steg-metoder<\/b> f\u00f6r att <a href='https:\/\/validedge.com\/how-to-restore-lost-data-from-usb-drives\/' rel=\"dofollow noopener\" target='_blank'>\u00e5terst\u00e4lla f\u00f6rlorade filer fr\u00e5n USB-minnen<\/a>, vilket s\u00e4kerst\u00e4ller att du kan f\u00e5 tillg\u00e5ng till dina filer igen med din MacBook.<\/p>\n<\/div>\n<\/div>\n<\/section>\n<section>\n<div>\n<div>1<\/div>\n<h2>Vanliga scenarier:<\/h2>\n<\/div>\n<h3>Oavsiktlig radering &#128465;<\/h3>\n<ul>\n<li>En av de vanligaste orsakerna till f\u00f6rlorad data \u00e4r <b>oavsiktlig radering<\/b>. Oavsett om det \u00e4r en oavsiktlig f\u00f6rdragning till papperskorgen eller ett misstag med tangenttryckningar, kan dessa handlingar orsaka att viktiga filer f\u00f6rsvinner fr\u00e5n ditt USB-minne.<\/li>\n<\/ul>\n<h3>Enhetens korruption &#129516;<\/h3>\n<ul>\n<li><b>Korruption<\/b> kan uppst\u00e5 p\u00e5 grund av felaktig utkastning av USB-minnet, str\u00f6mst\u00f6rningar eller virusattacker, vilket leder till f\u00f6rlust av fil\u00e5tkomst och n\u00f6dv\u00e4ndighet av \u00e5terst\u00e4llningsprocess.<\/li>\n<\/ul>\n<h3>Formateringsfel &#128680;<\/h3>\n<ul>\n<li>Ibland kan anv\u00e4ndare av misstag <b>formatera<\/b> ett USB-minne utan att ha s\u00e4kerhetskopierat sina filer, vilket resulterar i en total f\u00f6rlust av data lagrade p\u00e5 enheten.<\/li>\n<\/ul>\n<\/section>\n<section class=\"stepByStep\">\n<div>\n<div>2<\/div>\n<h2>Steg-f\u00f6r-steg-guide. USB-\u00e5terst\u00e4llning Mac:<\/h2>\n<\/div>\n<h3>Metod 1: Kontrollera papperskorgen &#128465;<\/h3>\n<ul>\n<li>Kontrollera omedelbart din Macs <b>Papperskorg<\/b> f\u00f6r de raderade filerna fr\u00e5n USB-minnet, eftersom de kanske fortfarande finns d\u00e4r.<\/li>\n<li>\u00d6ppna bara Papperskorgen, hitta de f\u00f6rlorade filerna, h\u00f6gerklicka p\u00e5 dem och v\u00e4lj &#8217;<b>\u00c5terst\u00e4ll<\/b>&#8217; f\u00f6r att \u00e5terst\u00e4lla dem till deras ursprungliga plats.<\/li>\n<li>Om filerna inte finns i Papperskorgen, forts\u00e4tt med f\u00f6ljande metoder.<\/li>\n<\/ul>\n<p><b>Not:<\/b> Denna metod fungerar endast om filerna har flyttats till Papperskorgen och inte raderats permanent d\u00e4rifr\u00e5n.<\/p>\n<p><b>Slutsats:<\/b> Att kontrollera Papperskorgen \u00e4r en snabb och enkel \u00e5terst\u00e4llningsmetod men \u00e4r inte alltid framg\u00e5ngsrik om filerna har raderats permanent.<\/p>\n<h3>Metod 2: Anv\u00e4nda Time Machine Backup &#9200;<\/h3>\n<ul>\n<li>Om du har st\u00e4llt in <b>Time Machine<\/b> p\u00e5 din MacBook kan du anv\u00e4nda det f\u00f6r att \u00e5terst\u00e4lla raderade filer fr\u00e5n USB-minnet.<\/li>\n<li>Anslut USB-minnet till din MacBook, \u00f6ppna Time Machine, navigera till datumet innan filerna raderades och \u00e5terst\u00e4ll de beh\u00f6vda filerna.<\/li>\n<li>Granska de \u00e5terst\u00e4llda filerna f\u00f6r att s\u00e4kerst\u00e4lla deras integritet och fullst\u00e4ndighet.<\/li>\n<li>F\u00f6r detaljerad v\u00e4gledning om hur man anv\u00e4nder Time Machine, bes\u00f6k <a href='https:\/\/support.apple.com\/en-us\/HT201250' rel=\"nofollow noopener\" target='_blank'>Apples support-sida<\/a>.<\/li>\n<\/ul>\n<p><b>Not:<\/b> Time Machine m\u00e5ste konfigureras och k\u00f6ras f\u00f6re datarf\u00f6rlusten f\u00f6r att kunna \u00e5terst\u00e4lla filer.<\/p>\n<p><b>Slutsats:<\/b> Time Machine \u00e4r en effektiv s\u00e4kerhetskopieringsl\u00f6sning fr\u00e5n Apple som kan hj\u00e4lpa till att \u00e5terst\u00e4lla raderade filer om du tidigare har st\u00e4llt in det.<\/p>\n<h3>Metod 3: Anv\u00e4nd Terminalkommandon &#128187;<\/h3>\n<ul>\n<li>Avancerade anv\u00e4ndare kan prova att anv\u00e4nda <b>Terminal<\/b>-kommandon f\u00f6r att \u00e5terst\u00e4lla dolda eller f\u00f6rlorade filer fr\u00e5n ett USB-minne.<\/li>\n<li>Starta Terminal-appen, ange &#8217;defaults write com.apple.finder AppleShowAllFiles TRUE&#8217; f\u00f6ljt av &#8217;killall Finder&#8217; f\u00f6r att visa dolda filer.<\/li>\n<li>Navigera till USB-minnet och s\u00f6k efter de f\u00f6rlorade filerna. Flytta dem tillbaka till en s\u00e4ker plats p\u00e5 din Mac.<\/li>\n<li>Efter \u00e5terst\u00e4llningen, \u00e5terg\u00e5 till inst\u00e4llningarna genom att anv\u00e4nda kommandot &#8217;defaults write com.apple.finder AppleShowAllFiles FALSE&#8217; f\u00f6ljt av &#8217;killall Finder&#8217;.<\/li>\n<\/ul>\n<p><b>Not:<\/b> Denna metod \u00e4r endast f\u00f6r anv\u00e4ndare som \u00e4r bekv\u00e4ma med kommandoraden i macOS och b\u00f6r utf\u00f6ras med f\u00f6rsiktighet.<\/p>\n<p><b>Slutsats:<\/b> Terminalkommandon kan avsl\u00f6ja f\u00f6rlorade filer som inte \u00e4r synliga i Finder, men de kommer med risker om de inte g\u00f6rs korrekt.<\/p>\n<h3>Metod 4: Tredjepartsprogramvara f\u00f6r data\u00e5terst\u00e4llning &#128736;<\/h3>\n<ul>\n<li>Det finns m\u00e5nga alternativ av tredjepartsprogramvaror f\u00f6r data\u00e5terst\u00e4llning tillg\u00e4ngliga f\u00f6r macOS, s\u00e5som <b>Stellar Data Recovery<\/b>, <b>Wondershare Recoverit<\/b> och <b>Disk Drill<\/b>.<\/li>\n<li>Ladda ner och installera en data\u00e5terst\u00e4llningsprogramvara, och f\u00f6rs\u00e4kra dig om att den \u00e4r kompatibel med macOS.<\/li>\n<li>Starta programmet, v\u00e4lj USB-minnet f\u00f6r skanning och f\u00f6lj programvarans instruktioner f\u00f6r att \u00e5terst\u00e4lla de raderade filerna.<\/li>\n<li>Efter skanningen, f\u00f6rhandsgranska de \u00e5terst\u00e4llningsbara filerna, v\u00e4lj vad du \u00f6nskar \u00e5terst\u00e4lla och spara dem p\u00e5 en s\u00e4ker plats p\u00e5 din MacBook.<\/li>\n<li>Kom ih\u00e5g att anv\u00e4nda ansedda programvaror f\u00f6r att f\u00f6rhindra ytterligare f\u00f6rlust av data eller integritetsintr\u00e5ng.<\/li>\n<\/ul>\n<p><b>Not:<\/b> Data\u00e5terst\u00e4llningsprogramvaror kanske inte kan \u00e5terst\u00e4lla alla filer, s\u00e4rskilt om de har skrivits \u00f6ver.<\/p>\n<p><b>Slutsats:<\/b> Tredjepartsprogramvara f\u00f6r data\u00e5terst\u00e4llning kan vara mycket effektivt, men forska och v\u00e4lj ett p\u00e5litligt varum\u00e4rke f\u00f6r att s\u00e4kerst\u00e4lla b\u00e4st chans till \u00e5terst\u00e4llning.<\/p>\n<h3>Metod 5: S\u00f6k professionell hj\u00e4lp &#129489;<\/h3>\n<ul>\n<li>Om ovanst\u00e5ende metoder misslyckas, \u00f6verv\u00e4g att s\u00f6ka hj\u00e4lp fr\u00e5n professionella data\u00e5terst\u00e4llningstj\u00e4nster.<\/li>\n<li>Professionella har specialverktyg och expertis f\u00f6r att \u00e5terst\u00e4lla data fr\u00e5n olika typer av skador eller datasituationsf\u00f6rluster.<\/li>\n<li>Hitta en ansedd tj\u00e4nst med erfarenhet av data\u00e5terst\u00e4llning fr\u00e5n USB-minnen och diskutera din situation med dem.<\/li>\n<li>Leta efter tj\u00e4nster som erbjuder en &#8217;ingen data, ingen avgift&#8217;-policy f\u00f6r att s\u00e4kerst\u00e4lla att du endast betalar om de lyckas \u00e5terst\u00e4lla dina filer.<\/li>\n<\/ul>\n<p><b>Not:<\/b> Professionella \u00e5terst\u00e4llningstj\u00e4nster kan vara dyra och b\u00f6r anv\u00e4ndas som en sista utv\u00e4g.<\/p>\n<p><b>Slutsats:<\/b> \u00c4ven om det \u00e4r kostsamt, erbjuder professionella data\u00e5terst\u00e4llningstj\u00e4nster den h\u00f6gsta framg\u00e5ngsfrekvensen f\u00f6r att \u00e5terst\u00e4lla raderade filer fr\u00e5n ett USB-minne.<\/p>\n<\/section>\n<section>\n<div>\n<div>3<\/div>\n<h2>Youtube-video att titta p\u00e5<\/h2>\n<\/div>\n<div class=\"iframe\"><iframe width=\"420\" height=\"315\" src=\"\/\/www.youtube.com\/embed\/i3L3KyIq4Mg\" frameborder=\"0\" allowfullscreen><\/iframe><\/div>\n<\/section>\n<section>\n<div>\n<div>4<\/div>\n<h2>F\u00f6rsiktighets\u00e5tg\u00e4rder och tips:<\/h2>\n<\/div>\n<h3>S\u00e4kra dina data &#128737;<\/h3>\n<ul>\n<li>Se alltid till att <b>s\u00e4kerhetskopiera<\/b> viktiga filer p\u00e5 flera enheter eller molntj\u00e4nster.<\/li>\n<li>Anv\u00e4nd funktionen &#8217;Mata ut&#8217; innan du kopplar ur USB-enheten fr\u00e5n din MacBook f\u00f6r att f\u00f6rhindra korruption.<\/li>\n<li>Var f\u00f6rsiktig med <b>radering<\/b> och <b>formatering<\/b>. Bekr\u00e4fta flera g\u00e5nger innan du forts\u00e4tter med s\u00e5dana kommandon.<\/li>\n<\/ul>\n<\/section>\n<section>\n<div>\n<div>5<\/div>\n<h2>F\u00f6rdjupad information<\/h2>\n<\/div>\n<p>N\u00e4r det g\u00e4ller att \u00e5terst\u00e4lla raderade filer fr\u00e5n en USB-enhet med hj\u00e4lp av en MacBook \u00e4r det viktigt att h\u00e5lla sig lugn och undvika att anv\u00e4nda enheten f\u00f6r att \u00f6ka chanserna till framg\u00e5ngsrik \u00e5terh\u00e4mtning. N\u00e4r data raderas raderas det inte omedelbart fr\u00e5n enheten utan markeras som ers\u00e4ttbart tills ny data skriver \u00f6ver det.<\/p>\n<p>F\u00f6r att f\u00f6rhindra olyckor, g\u00f6r dig bekant med tangentbordsgenv\u00e4gar och anv\u00e4nd dig av macOS-funktioner som minimerar risken f\u00f6r oavsiktlig datarf\u00f6rlust. Till exempel kan det spara mycket stress att st\u00e4lla in automatiska s\u00e4kerhetskopieringar med Time Machine.<\/p>\n<p>Du kan ocks\u00e5 \u00f6verv\u00e4ga att anv\u00e4nda molnlagringstj\u00e4nster som <a href='https:\/\/www.icloud.com' rel=\"nofollow noopener\" target='_blank'>iCloud Drive<\/a> eller <a href='https:\/\/www.dropbox.com' rel=\"nofollow noopener\" target='_blank'>Dropbox<\/a> f\u00f6r ett extra lager av dataskydd. Dessa tj\u00e4nster erbjuder alternativ f\u00f6r fil\u00e5terst\u00e4llning och kan fungera som en s\u00e4kerhets\u00e5tg\u00e4rd mot lokal datarf\u00f6rlust.<\/p>\n<p>Dessutom \u00e4r det v\u00e4rt att h\u00e5lla koll p\u00e5 <a href='https:\/\/www.usb.org\/document-library\/usb-32-specification-released-september-22-2017' rel=\"nofollow noopener\" target='_blank'>senaste USB-standarderna<\/a>, eftersom framstegen inom tekniken kan p\u00e5verka p\u00e5litligheten i data\u00f6verf\u00f6ring och d\u00e4rigenom filens integritet under kopiering eller flyttprocesser.<\/p>\n<\/section>\n<section>\n<h2>Slutsats:<\/h2>\n<div class=\"nonp\">\n<p>Sammanfattningsvis finns det flera metoder f\u00f6r att <b>\u00e5terst\u00e4lla raderade filer<\/b> fr\u00e5n en USB-enhet n\u00e4r man anv\u00e4nder en MacBook. Genom att utnyttja inbyggda \u00e5terst\u00e4llningsalternativ som Papperskorgen och Time Machine, utforska kommandon i Terminalen, prova tredjepartsprogram eller v\u00e4nda sig till professionella tj\u00e4nster, har du en god chans att \u00e5terf\u00e5 dina f\u00f6rlorade data. Kom alltid ih\u00e5g vikten av regelbundna s\u00e4kerhetskopieringar och s\u00e4kra borttagningsrutiner f\u00f6r att minimera riskerna f\u00f6r framtida datarf\u00f6rlust.<\/p>\n<\/div>\n<\/section>\n","protected":false},"excerpt":{"rendered":"<p>Hur \u00e5terst\u00e4ller man raderade filer fr\u00e5n USB-minne p\u00e5 Mac? Att f\u00f6rlora viktiga filer fr\u00e5n ett USB-minne kan vara en obehaglig upplevelse, s\u00e4rskilt n\u00e4r du anv\u00e4nder din MacBook f\u00f6r viktiga uppgifter. Lyckligtvis finns flera metoder som kan hj\u00e4lpa till att \u00e5terst\u00e4lla raderade filer, vare sig det beror p\u00e5 oavsiktlig radering eller korruption. Genom att prova, misslyckas [&hellip;]<\/p>\n","protected":false},"author":2,"featured_media":31126,"parent":0,"menu_order":0,"comment_status":"closed","ping_status":"closed","template":"chromecast.php","meta":{"_stopmodifiedupdate":false,"_modified_date":"","_lmt_disableupdate":"yes","_lmt_disable":""},"acf":[],"yoast_head":"<!-- This site is optimized with the Yoast SEO plugin v20.9 - https:\/\/yoast.com\/wordpress\/plugins\/seo\/ -->\n<title>Hur \u00e5terst\u00e4ller man raderade filer fr\u00e5n ett USB-minne p\u00e5 en Mac-enhet?<\/title>\n<meta name=\"robots\" content=\"index, follow, max-snippet:-1, max-image-preview:large, max-video-preview:-1\" \/>\n<link rel=\"canonical\" href=\"https:\/\/datarecovery.ping.fm\/sv\/usb-recovery-mac\/\" \/>\n<meta property=\"og:locale\" content=\"sv_SE\" \/>\n<meta property=\"og:type\" content=\"article\" \/>\n<meta property=\"og:title\" content=\"Hur \u00e5terst\u00e4ller man raderade filer fr\u00e5n ett USB-minne p\u00e5 en Mac-enhet?\" \/>\n<meta property=\"og:description\" content=\"Hur \u00e5terst\u00e4ller man raderade filer fr\u00e5n USB-minne p\u00e5 Mac? Att f\u00f6rlora viktiga filer fr\u00e5n ett USB-minne kan vara en obehaglig upplevelse, s\u00e4rskilt n\u00e4r du anv\u00e4nder din MacBook f\u00f6r viktiga uppgifter. Lyckligtvis finns flera metoder som kan hj\u00e4lpa till att \u00e5terst\u00e4lla raderade filer, vare sig det beror p\u00e5 oavsiktlig radering eller korruption. Genom att prova, misslyckas [&hellip;]\" \/>\n<meta property=\"og:url\" content=\"https:\/\/datarecovery.ping.fm\/sv\/usb-recovery-mac\/\" \/>\n<meta property=\"og:site_name\" content=\"\u00c5terst\u00e4llningsprogram f\u00f6r Data\" \/>\n<meta property=\"article:modified_time\" content=\"2024-02-19T08:21:18+00:00\" \/>\n<meta property=\"og:image\" content=\"https:\/\/datarecovery.ping.fm\/wp-content\/uploads\/2024\/03\/How-to-Recover-Deleted-Files-from-USB-Flash-Drive-on-Mac-Swedish.jpg\" \/>\n\t<meta property=\"og:image:width\" content=\"1280\" \/>\n\t<meta property=\"og:image:height\" content=\"731\" \/>\n\t<meta property=\"og:image:type\" content=\"image\/jpeg\" \/>\n<meta name=\"twitter:card\" content=\"summary_large_image\" \/>\n<meta name=\"twitter:label1\" content=\"Est. reading time\" \/>\n\t<meta name=\"twitter:data1\" content=\"6 minuter\" \/>\n<script type=\"application\/ld+json\" class=\"yoast-schema-graph\">{\"@context\":\"https:\/\/schema.org\",\"@graph\":[{\"@type\":\"WebPage\",\"@id\":\"https:\/\/datarecovery.ping.fm\/sv\/usb-recovery-mac\/\",\"url\":\"https:\/\/datarecovery.ping.fm\/sv\/usb-recovery-mac\/\",\"name\":\"Hur \u00e5terst\u00e4ller man raderade filer fr\u00e5n ett USB-minne p\u00e5 en Mac-enhet?\",\"isPartOf\":{\"@id\":\"https:\/\/datarecovery.ping.fm\/sv\/#website\"},\"datePublished\":\"2024-01-09T14:59:53+00:00\",\"dateModified\":\"2024-02-19T08:21:18+00:00\",\"breadcrumb\":{\"@id\":\"https:\/\/datarecovery.ping.fm\/sv\/usb-recovery-mac\/#breadcrumb\"},\"inLanguage\":\"sv-SE\",\"potentialAction\":[{\"@type\":\"ReadAction\",\"target\":[\"https:\/\/datarecovery.ping.fm\/sv\/usb-recovery-mac\/\"]}]},{\"@type\":\"BreadcrumbList\",\"@id\":\"https:\/\/datarecovery.ping.fm\/sv\/usb-recovery-mac\/#breadcrumb\",\"itemListElement\":[{\"@type\":\"ListItem\",\"position\":1,\"name\":\"Home\",\"item\":\"https:\/\/datarecovery.ping.fm\/sv\/\"},{\"@type\":\"ListItem\",\"position\":2,\"name\":\"Hur \u00e5terst\u00e4ller man raderade filer fr\u00e5n ett USB-minne p\u00e5 en Mac?\"}]},{\"@type\":\"WebSite\",\"@id\":\"https:\/\/datarecovery.ping.fm\/sv\/#website\",\"url\":\"https:\/\/datarecovery.ping.fm\/sv\/\",\"name\":\"\u00c5terst\u00e4llningsprogram f\u00f6r Data\",\"description\":\"\",\"potentialAction\":[{\"@type\":\"SearchAction\",\"target\":{\"@type\":\"EntryPoint\",\"urlTemplate\":\"https:\/\/datarecovery.ping.fm\/sv\/?s={search_term_string}\"},\"query-input\":\"required name=search_term_string\"}],\"inLanguage\":\"sv-SE\"}]}<\/script>\n<!-- \/ Yoast SEO plugin. -->","yoast_head_json":{"title":"Hur \u00e5terst\u00e4ller man raderade filer fr\u00e5n ett USB-minne p\u00e5 en Mac-enhet?","robots":{"index":"index","follow":"follow","max-snippet":"max-snippet:-1","max-image-preview":"max-image-preview:large","max-video-preview":"max-video-preview:-1"},"canonical":"https:\/\/datarecovery.ping.fm\/sv\/usb-recovery-mac\/","og_locale":"sv_SE","og_type":"article","og_title":"Hur \u00e5terst\u00e4ller man raderade filer fr\u00e5n ett USB-minne p\u00e5 en Mac-enhet?","og_description":"Hur \u00e5terst\u00e4ller man raderade filer fr\u00e5n USB-minne p\u00e5 Mac? Att f\u00f6rlora viktiga filer fr\u00e5n ett USB-minne kan vara en obehaglig upplevelse, s\u00e4rskilt n\u00e4r du anv\u00e4nder din MacBook f\u00f6r viktiga uppgifter. Lyckligtvis finns flera metoder som kan hj\u00e4lpa till att \u00e5terst\u00e4lla raderade filer, vare sig det beror p\u00e5 oavsiktlig radering eller korruption. Genom att prova, misslyckas [&hellip;]","og_url":"https:\/\/datarecovery.ping.fm\/sv\/usb-recovery-mac\/","og_site_name":"\u00c5terst\u00e4llningsprogram f\u00f6r Data","article_modified_time":"2024-02-19T08:21:18+00:00","og_image":[{"width":1280,"height":731,"url":"https:\/\/datarecovery.ping.fm\/wp-content\/uploads\/2024\/03\/How-to-Recover-Deleted-Files-from-USB-Flash-Drive-on-Mac-Swedish.jpg","type":"image\/jpeg"}],"twitter_card":"summary_large_image","twitter_misc":{"Est. reading time":"6 minuter"},"schema":{"@context":"https:\/\/schema.org","@graph":[{"@type":"WebPage","@id":"https:\/\/datarecovery.ping.fm\/sv\/usb-recovery-mac\/","url":"https:\/\/datarecovery.ping.fm\/sv\/usb-recovery-mac\/","name":"Hur \u00e5terst\u00e4ller man raderade filer fr\u00e5n ett USB-minne p\u00e5 en Mac-enhet?","isPartOf":{"@id":"https:\/\/datarecovery.ping.fm\/sv\/#website"},"datePublished":"2024-01-09T14:59:53+00:00","dateModified":"2024-02-19T08:21:18+00:00","breadcrumb":{"@id":"https:\/\/datarecovery.ping.fm\/sv\/usb-recovery-mac\/#breadcrumb"},"inLanguage":"sv-SE","potentialAction":[{"@type":"ReadAction","target":["https:\/\/datarecovery.ping.fm\/sv\/usb-recovery-mac\/"]}]},{"@type":"BreadcrumbList","@id":"https:\/\/datarecovery.ping.fm\/sv\/usb-recovery-mac\/#breadcrumb","itemListElement":[{"@type":"ListItem","position":1,"name":"Home","item":"https:\/\/datarecovery.ping.fm\/sv\/"},{"@type":"ListItem","position":2,"name":"Hur \u00e5terst\u00e4ller man raderade filer fr\u00e5n ett USB-minne p\u00e5 en Mac?"}]},{"@type":"WebSite","@id":"https:\/\/datarecovery.ping.fm\/sv\/#website","url":"https:\/\/datarecovery.ping.fm\/sv\/","name":"\u00c5terst\u00e4llningsprogram f\u00f6r Data","description":"","potentialAction":[{"@type":"SearchAction","target":{"@type":"EntryPoint","urlTemplate":"https:\/\/datarecovery.ping.fm\/sv\/?s={search_term_string}"},"query-input":"required name=search_term_string"}],"inLanguage":"sv-SE"}]}},"_links":{"self":[{"href":"https:\/\/datarecovery.ping.fm\/sv\/wp-json\/wp\/v2\/pages\/17253"}],"collection":[{"href":"https:\/\/datarecovery.ping.fm\/sv\/wp-json\/wp\/v2\/pages"}],"about":[{"href":"https:\/\/datarecovery.ping.fm\/sv\/wp-json\/wp\/v2\/types\/page"}],"author":[{"embeddable":true,"href":"https:\/\/datarecovery.ping.fm\/sv\/wp-json\/wp\/v2\/users\/2"}],"replies":[{"embeddable":true,"href":"https:\/\/datarecovery.ping.fm\/sv\/wp-json\/wp\/v2\/comments?post=17253"}],"version-history":[{"count":1,"href":"https:\/\/datarecovery.ping.fm\/sv\/wp-json\/wp\/v2\/pages\/17253\/revisions"}],"predecessor-version":[{"id":31125,"href":"https:\/\/datarecovery.ping.fm\/sv\/wp-json\/wp\/v2\/pages\/17253\/revisions\/31125"}],"wp:featuredmedia":[{"embeddable":true,"href":"https:\/\/datarecovery.ping.fm\/sv\/wp-json\/wp\/v2\/media\/31126"}],"wp:attachment":[{"href":"https:\/\/datarecovery.ping.fm\/sv\/wp-json\/wp\/v2\/media?parent=17253"}],"curies":[{"name":"wp","href":"https:\/\/api.w.org\/{rel}","templated":true}]}}