{"id":17133,"date":"2024-01-09T15:15:58","date_gmt":"2024-01-09T15:15:58","guid":{"rendered":"https:\/\/www.ping.fm\/data-recovery-software\/sd-card-recovery-mac\/"},"modified":"2024-02-19T08:21:17","modified_gmt":"2024-02-19T08:21:17","slug":"sd-card-recovery-mac","status":"publish","type":"page","link":"https:\/\/datarecovery.ping.fm\/sv\/sd-card-recovery-mac\/","title":{"rendered":"Hur man \u00e5terst\u00e4ller raderade filer fr\u00e5n ett SD-kort p\u00e5 en Mac-enhet"},"content":{"rendered":"<section>\n<h1>Hur man \u00e5terst\u00e4ller raderade filer fr\u00e5n ett SD-kort p\u00e5 Mac<\/h1>\n<div class=\"inbrief\">\n<div>&#13;             <img decoding=\"async\" class=\"lazyload\"  srcset=\"data:image\/png;base64,iVBORw0KGgoAAAANSUhEUgAABLAAAAKkAQMAAAAqeFQ7AAAAA3NCSVQICAjb4U\/gAAAABlBMVEX\/\/\/\/\/\/\/9VfPVsAAAAAnRSTlMA\/1uRIrUAAAAJcEhZcwAACxIAAAsSAdLdfvwAAAAcdEVYdFNvZnR3YXJlAEFkb2JlIEZpcmV3b3JrcyBDUzbovLKMAAAAFnRFWHRDcmVhdGlvbiBUaW1lADAxLzI5LzE536V52wAAAHpJREFUeJztwQENAAAAwqD3T20ON6AAAAAAAAAAAAAAAAAAAAAAAAAAAAAAAAAAAAAAAAAAAAAAAAAAAAAAAAAAAAAAAAAAAAAAAAAAAAAAAAAAAAAAAAAAAAAAAAAAAAAAAAAAAAAAAAAAAAAAAAAAAAAAAAAAAIAHA47LAAHp9LjEAAAAAElFTkSuQmCC\" src=\"https:\/\/www.ping.fm\/data-recovery-software\/wp-content\/uploads\/ai\/How-to-Recover-Deleted-Files-from-an-SD-Card-on-Mac-Swedish.jpg\" data-srcset=\"https:\/\/www.ping.fm\/data-recovery-software\/wp-content\/uploads\/ai\/How-to-Recover-Deleted-Files-from-an-SD-Card-on-Mac-Swedish.jpg\" data-lazy-type=\"image\" data-original=\"https:\/\/www.ping.fm\/data-recovery-software\/wp-content\/uploads\/ai\/How-to-Recover-Deleted-Files-from-an-SD-Card-on-Mac-Swedish.jpg\" alt=\"Hur man \u00e5terst\u00e4ller raderade filer fr\u00e5n ett SD-kort p\u00e5 Mac\" title=\"Hur man \u00e5terst\u00e4ller raderade filer fr\u00e5n ett SD-kort p\u00e5 Mac\" width=\"1280\" height=\"720\">&#13;             <\/p>\n<p>V\u00e4lkommen till guiden om hur du \u00e5terst\u00e4ller raderade filer fr\u00e5n ett SD-kort gratis med hj\u00e4lp av en MacBook. I den digitala tids\u00e5ldern kan f\u00f6rlust av data vara en stressande h\u00e4ndelse, s\u00e4rskilt n\u00e4r det inneb\u00e4r v\u00e4rdefulla minnen eller kritiska arbetsdokument. Lyckligtvis \u00e4r <a href=\"https:\/\/fixingblog.com\/is-sd-card-recovery-possible\/\" rel=\"dofollow external noopener noreferrer\" target=\"_blank\" data-wpel-link=\"external\">\u00e5terst\u00e4llning av SD-kortdata m\u00f6jlig<\/a>, och i den h\u00e4r artikeln kommer jag att dela personliga erfarenheter och steg f\u00f6r att \u00e5terkr\u00e4va dina f\u00f6rlorade filer. Oavsett om det orsakats av oavsiktlig radering, korruption eller formatering, kan dessa metoder hj\u00e4lpa dig att \u00e5terst\u00e4lla dina data utan att det kostar dig n\u00e5got.<\/p>\n<\/div>\n<\/div>\n<\/section>\n<p>&#13;             <\/p>\n<section>\n<div>\n<div>1<\/div>\n<h2>Vanliga scenarier:<\/h2>\n<\/div>\n<h3>Vanligt f\u00f6rekommande raderingstabbar &#128680;<\/h3>\n<ul>\n<li>Oavsiktligt <b>radera filer<\/b> n\u00e4r du f\u00f6rs\u00f6ker frig\u00f6ra utrymme p\u00e5 SD-kortet.<\/li>\n<li>Oavsiktlig formatering av SD-kortet, vilket leder till en nystart utan tidigare data.<\/li>\n<li>Filer som blir <b>korrupta<\/b> p\u00e5 grund av felaktig utmatning eller str\u00f6mst\u00f6rningar.<\/li>\n<\/ul>\n<h3>Ov\u00e4ntade datakatastrofer &#127786;<\/h3>\n<ul>\n<li>Skador p\u00e5 SD-kortets filstruktur p\u00e5 grund av ett virus- eller malwareangrepp.<\/li>\n<li>SD-kortet blir otillg\u00e4ngligt p\u00e5 grund av fysiska skador eller <b>slitage<\/b>.<\/li>\n<li>F\u00f6rlust av data efter att ett SD-kort anv\u00e4nts i flera enheter vilket leder till filsystemkonflikter.<\/li>\n<\/ul>\n<h3>\u00d6verraskande tekniska problem &#128561;<\/h3>\n<ul>\n<li><b>Tekniska fel<\/b> under fil\u00f6verf\u00f6ring som resulterar i ofullst\u00e4ndiga eller saknade filer.<\/li>\n<li>Programuppdateringar eller krascher som st\u00f6r tillg\u00e5ngen till befintliga filer p\u00e5 SD-kortet.<\/li>\n<li>SD-kortet blir ol\u00e4sbar av datorn p\u00e5 grund av drivrutinsproblem eller kompatibilitetsproblem.<\/li>\n<\/ul>\n<\/section>\n<p>&#13;             <\/p>\n<section class=\"stepByStep\">\n<div>\n<div>2<\/div>\n<h2>Steg-f\u00f6r-steg-guide. \u00c5terst\u00e4ll SD-kort Mac:<\/h2>\n<\/div>\n<h3>Metod 1: Kontrollera Papperskorgen &#128465;<\/h3>\n<ul>\n<li>Sluta genast anv\u00e4nda SD-kortet f\u00f6r att f\u00f6rhindra att eventuella \u00e5terst\u00e4llbara filer skrivs \u00f6ver.<\/li>\n<li><b>Anslut<\/b> SD-kortet till din MacBook med hj\u00e4lp av en SD-kortl\u00e4sare.<\/li>\n<li>\u00d6ppna <b>Papperskorgen<\/b> p\u00e5 din MacBook f\u00f6r att leta efter de raderade filerna.<\/li>\n<li>Om de hittas, h\u00f6gerklicka p\u00e5 filen och v\u00e4lj &#8217;\u00c5terst\u00e4ll&#8217; f\u00f6r att \u00e5terst\u00e4lla den till sin ursprungliga plats.<\/li>\n<\/ul>\n<p><b>Obs:<\/b> Filer som raderats fr\u00e5n ett externt SD-kort visas vanligtvis inte i Macens Papperskorg, men det \u00e4r v\u00e4rt att kolla om det \u00e4r filer som nyligen raderats fr\u00e5n SD-kortet n\u00e4r det \u00e4r anslutet till datorn.<\/p>\n<p><b>Konklusion:<\/b> Metoden med Papperskorgen \u00e4r snabb och enkel men fungerar bara om filerna raderades medan SD-kortet var anslutet till MacBooken.<\/p>\n<h3>Metod 2: Anv\u00e4nd Time Machine Backup &#9200;<\/h3>\n<ul>\n<li><b>Anslut<\/b> SD-kortet och en extern enhet som inneh\u00e5ller dina Time Machine-backuper.<\/li>\n<li>\u00d6ppna Time Machine genom att klicka p\u00e5 Time Machine-ikonen i menyraden och v\u00e4lj &#8217;Enter Time Machine&#8217;.<\/li>\n<li>Navigera till datumet och tiden innan filerna raderades.<\/li>\n<li>V\u00e4lj filerna du vill \u00e5terst\u00e4lla och tryck p\u00e5 &#8217;\u00c5terst\u00e4ll&#8217;.<\/li>\n<\/ul>\n<p><b>Obs:<\/b> Denna metod fungerar om du regelbundet s\u00e4kerhetskopierar ditt SD-kort med Time Machine.<\/p>\n<p><b>Konklusion:<\/b> Time Machine \u00e4r en kraftfull inbyggd s\u00e4kerhetskopieringsfunktion p\u00e5 MacBookar som kan \u00e5terst\u00e4lla dina raderade filer om du har en befintlig s\u00e4kerhetskopia.<\/p>\n<h3>Metod 3: Anv\u00e4nd Terminalkommandon &#128269;<\/h3>\n<ul>\n<li><b>Anslut<\/b> SD-kortet till din MacBook.<\/li>\n<li>Starta Terminal fr\u00e5n mappen Utilities eller via Spotlight-s\u00f6kning.<\/li>\n<li>Skriv kommandot &#8217;<b>cd .Trash<\/b>&#8217; och tryck p\u00e5 Enter f\u00f6r att navigera till Papperskorgsmappen.<\/li>\n<li>Skriv &#8217;<b>ls -al<\/b>&#8217; f\u00f6r att lista alla filer, inklusive dolda.<\/li>\n<li>Om du k\u00e4nner igen namnet p\u00e5 din raderade fil, anv\u00e4nd kommandot &#8217;<b>mv filnamn ..\/<\/b>&#8217; f\u00f6r att flytta den ur Papperskorgen.<\/li>\n<\/ul>\n<p><b>Obs:<\/b> Var f\u00f6rsiktig med Terminalkommandon eftersom de kan p\u00e5verka systemfiler om de anv\u00e4nds felaktigt.<\/p>\n<p><b>Konklusion:<\/b> Terminalkommandon erbjuder ett robust s\u00e4tt att hantera filer men b\u00f6r anv\u00e4ndas av dem som \u00e4r bekanta med kommandostrukturering.<\/p>\n<h3>Metod 4: Engagera en Data\u00e5terst\u00e4llningsprogramvara &#129489;<\/h3>\n<ul>\n<li>Ladda ner och installera en respekterad <b>data\u00e5terst\u00e4llningsprogramvara<\/b> s\u00e5som <a href=\"https:\/\/www.cgsecurity.org\/wiki\/PhotoRec\" rel=\"nofollow external noopener noreferrer\" target=\"_blank\" data-wpel-link=\"external\">PhotoRec<\/a> eller <a href=\"https:\/\/www.cleverfiles.com\/disk-drill-mac.html\" rel=\"follow noopener\" target=\"_blank\" data-wpel-link=\"internal\">Disk Drill<\/a>.<\/li>\n<li>Starta programvaran och v\u00e4lj SD-kortet som m\u00e5l f\u00f6r data\u00e5terst\u00e4llning.<\/li>\n<li>F\u00f6lj programvarans instruktioner f\u00f6r att skanna SD-kortet efter \u00e5terst\u00e4llbara filer.<\/li>\n<li>V\u00e4lj filerna du vill \u00e5terst\u00e4lla och spara dem p\u00e5 en ny plats p\u00e5 din MacBook, inte p\u00e5 sj\u00e4lva SD-kortet.<\/li>\n<\/ul>\n<p><b>Obs:<\/b> Det \u00e4r avg\u00f6rande att \u00e5terst\u00e4lla filerna till en annan plats f\u00f6r att undvika potentiell data\u00f6verskrivning.<\/p>\n<p><b>Konklusion:<\/b> Data\u00e5terst\u00e4llningsprogramvara \u00e4r mycket effektiv men kan vara komplex f\u00f6r de som inte \u00e4r tekniskt kunniga.<\/p>\n<h3>Metod 5: S\u00f6k hj\u00e4lp fr\u00e5n Diskverktyget &#128736;<\/h3>\n<ul>\n<li><b>Anslut<\/b> SD-kortet till din MacBook.<\/li>\n<li>\u00d6ppna Diskverktyget fr\u00e5n mappen Applikationer -> Verktyg.<\/li>\n<li>V\u00e4lj SD-kortet och klicka p\u00e5 knappen &#8217;F\u00f6rsta hj\u00e4lpen&#8217;.<\/li>\n<li>F\u00f6lj anvisningarna f\u00f6r att reparera eventuella filsystemfel p\u00e5 SD-kortet som kan orsaka att filer verkar raderade.<\/li>\n<\/ul>\n<p><b>Obs:<\/b> Medan Diskverktyget kan l\u00f6sa vissa filsystemproblem, kan det inte \u00e5terst\u00e4lla filer som redan fysiskt raderats fr\u00e5n SD-kortet.<\/p>\n<p><b>Konklusion:<\/b> Diskverktyget \u00e4r ett anv\u00e4ndbart verktyg f\u00f6r att \u00e5tg\u00e4rda filsystemfel men \u00e4r inte en frist\u00e5ende \u00e5terst\u00e4llningsl\u00f6sning.<\/p>\n<\/section>\n<section>\n<div>\n<div>3<\/div>\n<h2>Youtube-video att titta p\u00e5<\/h2>\n<\/div>\n<div class=\"iframe\"><span class=\"lazyload\" data-original_content=\"PGlmcmFtZSB3aWR0aD0iNDIwIiBoZWlnaHQ9IjMxNSIgc3JjPSIvL3d3dy55b3V0dWJlLmNvbS9lbWJlZC9TTXN3Si1LcnlCTSIgZnJhbWVib3JkZXI9IjAiIGFsbG93ZnVsbHNjcmVlbj48L2lmcmFtZT4=\"><\/span><\/div>\n<\/section>\n<section>\n<div>\n<div>4<\/div>\n<h2>F\u00f6rsiktighets\u00e5tg\u00e4rder och tips:<\/h2>\n<\/div>\n<h3>Maximera dina \u00e5terh\u00e4mtningschanser &#10024;<\/h3>\n<ul>\n<li>Undvik att skriva \u00f6ver data genom att <b>inte anv\u00e4nda<\/b> SD-kortet efter att du insett att filer har raderats.<\/li>\n<li>F\u00f6rs\u00f6k med flera \u00e5terst\u00e4llningsmetoder eftersom en kan vara effektivare \u00e4n en annan f\u00f6r din specifika situation.<\/li>\n<li>\u00d6verv\u00e4g att skapa regelbundna s\u00e4kerhetskopior av ditt SD-kort f\u00f6r att enkelt \u00e5terst\u00e4lla filer i framtiden.<\/li>\n<\/ul>\n<h3>Uppr\u00e4tth\u00e5lla SD-kortets h\u00e4lsa &#127973;<\/h3>\n<ul>\n<li>Formatera regelbundet ditt SD-kort i den enhet du fr\u00e4mst anv\u00e4nder det med, f\u00f6r att f\u00f6rhindra filsystemskonflikter.<\/li>\n<li>Koppla alltid ur SD-kortet s\u00e4kert fr\u00e5n din MacBook innan du fysiskt tar ut det.<\/li>\n<li>F\u00f6rvara SD-kortet p\u00e5 en torr, sval plats f\u00f6r att f\u00f6rhindra fysisk skada fr\u00e5n milj\u00f6faktorer.<\/li>\n<\/ul>\n<\/section>\n<section>\n<div>\n<div>5<\/div>\n<h2>Ytterligare insikter om \u00e5terst\u00e4llning<\/h2>\n<\/div>\n<p>N\u00e4r det g\u00e4ller att \u00e5terst\u00e4lla raderade filer fr\u00e5n ett SD-kort finns det flera andra \u00f6verv\u00e4ganden du kanske vill ta h\u00e4nsyn till ut\u00f6ver de omedelbara \u00e5terst\u00e4llningsstegen. Att f\u00f6rst\u00e5 den underliggande tekniken bakom SD-kort och filsystem kan ytterligare f\u00f6rb\u00e4ttra dina anstr\u00e4ngningar att \u00e5tervinna data. Till exempel kan kunskap om skillnaden mellan FAT32, exFAT och NTFS filsystem hj\u00e4lpa dig att best\u00e4mma det b\u00e4sta formatet f\u00f6r ditt anv\u00e4ndningsfall, s\u00e4rskilt n\u00e4r du v\u00e4xlar mellan macOS och Windows-milj\u00f6er.<\/p>\n<\/section>\n<section>\n<h2>Slutsats:<\/h2>\n<div class=\"nonp\">\n<p>Sammanfattningsvis, \u00e4ven om det kan vara frustrerande att f\u00f6rlora filer fr\u00e5n ett SD-kort, har jag funnit att med uth\u00e5llighet och r\u00e4tt verktyg \u00e4r \u00e5terh\u00e4mtning ofta m\u00f6jlig. De metoder jag har delat baseras p\u00e5 personliga erfarenheter och kan utf\u00f6ras utan att beh\u00f6va spendera pengar p\u00e5 professionella tj\u00e4nster. Kom alltid ih\u00e5g att beh\u00e5lla lugnet, analysera varje situation och metodiskt f\u00f6rs\u00f6ka med varje steg f\u00f6r b\u00e4sta chans till \u00e5terh\u00e4mtning. Kom ih\u00e5g, med r\u00e4tt kunskap och tillv\u00e4gag\u00e5ngss\u00e4tt kan du ofta f\u00e5 tillbaka det som t\u00e4nktes vara f\u00f6rlorat f\u00f6r alltid.<\/p>\n<\/div>\n<\/section>\n","protected":false},"excerpt":{"rendered":"<p>Hur man \u00e5terst\u00e4ller raderade filer fr\u00e5n ett SD-kort p\u00e5 Mac &#13; &#13; V\u00e4lkommen till guiden om hur du \u00e5terst\u00e4ller raderade filer fr\u00e5n ett SD-kort gratis med hj\u00e4lp av en MacBook. I den digitala tids\u00e5ldern kan f\u00f6rlust av data vara en stressande h\u00e4ndelse, s\u00e4rskilt n\u00e4r det inneb\u00e4r v\u00e4rdefulla minnen eller kritiska arbetsdokument. Lyckligtvis \u00e4r \u00e5terst\u00e4llning av [&hellip;]<\/p>\n","protected":false},"author":2,"featured_media":31114,"parent":0,"menu_order":0,"comment_status":"closed","ping_status":"closed","template":"chromecast.php","meta":{"_stopmodifiedupdate":false,"_modified_date":"","_lmt_disableupdate":"yes","_lmt_disable":""},"acf":[],"yoast_head":"<!-- This site is optimized with the Yoast SEO plugin v20.9 - https:\/\/yoast.com\/wordpress\/plugins\/seo\/ -->\n<title>Hur man \u00e5terst\u00e4ller raderade filer fr\u00e5n ett SD-kort gratis p\u00e5 en Mac-enhet<\/title>\n<meta name=\"robots\" content=\"index, follow, max-snippet:-1, max-image-preview:large, max-video-preview:-1\" \/>\n<link rel=\"canonical\" href=\"https:\/\/datarecovery.ping.fm\/sv\/sd-card-recovery-mac\/\" \/>\n<meta property=\"og:locale\" content=\"sv_SE\" \/>\n<meta property=\"og:type\" content=\"article\" \/>\n<meta property=\"og:title\" content=\"Hur man \u00e5terst\u00e4ller raderade filer fr\u00e5n ett SD-kort gratis p\u00e5 en Mac-enhet\" \/>\n<meta property=\"og:description\" content=\"Hur man \u00e5terst\u00e4ller raderade filer fr\u00e5n ett SD-kort p\u00e5 Mac &#013; &#013; V\u00e4lkommen till guiden om hur du \u00e5terst\u00e4ller raderade filer fr\u00e5n ett SD-kort gratis med hj\u00e4lp av en MacBook. I den digitala tids\u00e5ldern kan f\u00f6rlust av data vara en stressande h\u00e4ndelse, s\u00e4rskilt n\u00e4r det inneb\u00e4r v\u00e4rdefulla minnen eller kritiska arbetsdokument. Lyckligtvis \u00e4r \u00e5terst\u00e4llning av [&hellip;]\" \/>\n<meta property=\"og:url\" content=\"https:\/\/datarecovery.ping.fm\/sv\/sd-card-recovery-mac\/\" \/>\n<meta property=\"og:site_name\" content=\"\u00c5terst\u00e4llningsprogram f\u00f6r Data\" \/>\n<meta property=\"article:modified_time\" content=\"2024-02-19T08:21:17+00:00\" \/>\n<meta property=\"og:image\" content=\"https:\/\/datarecovery.ping.fm\/wp-content\/uploads\/2024\/03\/How-to-Recover-Deleted-Files-from-an-SD-Card-on-Mac-Swedish.jpg\" \/>\n\t<meta property=\"og:image:width\" content=\"1280\" \/>\n\t<meta property=\"og:image:height\" content=\"731\" \/>\n\t<meta property=\"og:image:type\" content=\"image\/jpeg\" \/>\n<meta name=\"twitter:card\" content=\"summary_large_image\" \/>\n<meta name=\"twitter:label1\" content=\"Est. reading time\" \/>\n\t<meta name=\"twitter:data1\" content=\"6 minuter\" \/>\n<script type=\"application\/ld+json\" class=\"yoast-schema-graph\">{\"@context\":\"https:\/\/schema.org\",\"@graph\":[{\"@type\":\"WebPage\",\"@id\":\"https:\/\/datarecovery.ping.fm\/sv\/sd-card-recovery-mac\/\",\"url\":\"https:\/\/datarecovery.ping.fm\/sv\/sd-card-recovery-mac\/\",\"name\":\"Hur man \u00e5terst\u00e4ller raderade filer fr\u00e5n ett SD-kort gratis p\u00e5 en Mac-enhet\",\"isPartOf\":{\"@id\":\"https:\/\/datarecovery.ping.fm\/sv\/#website\"},\"datePublished\":\"2024-01-09T15:15:58+00:00\",\"dateModified\":\"2024-02-19T08:21:17+00:00\",\"breadcrumb\":{\"@id\":\"https:\/\/datarecovery.ping.fm\/sv\/sd-card-recovery-mac\/#breadcrumb\"},\"inLanguage\":\"sv-SE\",\"potentialAction\":[{\"@type\":\"ReadAction\",\"target\":[\"https:\/\/datarecovery.ping.fm\/sv\/sd-card-recovery-mac\/\"]}]},{\"@type\":\"BreadcrumbList\",\"@id\":\"https:\/\/datarecovery.ping.fm\/sv\/sd-card-recovery-mac\/#breadcrumb\",\"itemListElement\":[{\"@type\":\"ListItem\",\"position\":1,\"name\":\"Home\",\"item\":\"https:\/\/datarecovery.ping.fm\/sv\/\"},{\"@type\":\"ListItem\",\"position\":2,\"name\":\"Hur man \u00e5terst\u00e4ller raderade filer fr\u00e5n ett SD-kort p\u00e5 en Mac-enhet\"}]},{\"@type\":\"WebSite\",\"@id\":\"https:\/\/datarecovery.ping.fm\/sv\/#website\",\"url\":\"https:\/\/datarecovery.ping.fm\/sv\/\",\"name\":\"\u00c5terst\u00e4llningsprogram f\u00f6r Data\",\"description\":\"\",\"potentialAction\":[{\"@type\":\"SearchAction\",\"target\":{\"@type\":\"EntryPoint\",\"urlTemplate\":\"https:\/\/datarecovery.ping.fm\/sv\/?s={search_term_string}\"},\"query-input\":\"required name=search_term_string\"}],\"inLanguage\":\"sv-SE\"}]}<\/script>\n<!-- \/ Yoast SEO plugin. -->","yoast_head_json":{"title":"Hur man \u00e5terst\u00e4ller raderade filer fr\u00e5n ett SD-kort gratis p\u00e5 en Mac-enhet","robots":{"index":"index","follow":"follow","max-snippet":"max-snippet:-1","max-image-preview":"max-image-preview:large","max-video-preview":"max-video-preview:-1"},"canonical":"https:\/\/datarecovery.ping.fm\/sv\/sd-card-recovery-mac\/","og_locale":"sv_SE","og_type":"article","og_title":"Hur man \u00e5terst\u00e4ller raderade filer fr\u00e5n ett SD-kort gratis p\u00e5 en Mac-enhet","og_description":"Hur man \u00e5terst\u00e4ller raderade filer fr\u00e5n ett SD-kort p\u00e5 Mac &#13; &#13; V\u00e4lkommen till guiden om hur du \u00e5terst\u00e4ller raderade filer fr\u00e5n ett SD-kort gratis med hj\u00e4lp av en MacBook. I den digitala tids\u00e5ldern kan f\u00f6rlust av data vara en stressande h\u00e4ndelse, s\u00e4rskilt n\u00e4r det inneb\u00e4r v\u00e4rdefulla minnen eller kritiska arbetsdokument. Lyckligtvis \u00e4r \u00e5terst\u00e4llning av [&hellip;]","og_url":"https:\/\/datarecovery.ping.fm\/sv\/sd-card-recovery-mac\/","og_site_name":"\u00c5terst\u00e4llningsprogram f\u00f6r Data","article_modified_time":"2024-02-19T08:21:17+00:00","og_image":[{"width":1280,"height":731,"url":"https:\/\/datarecovery.ping.fm\/wp-content\/uploads\/2024\/03\/How-to-Recover-Deleted-Files-from-an-SD-Card-on-Mac-Swedish.jpg","type":"image\/jpeg"}],"twitter_card":"summary_large_image","twitter_misc":{"Est. reading time":"6 minuter"},"schema":{"@context":"https:\/\/schema.org","@graph":[{"@type":"WebPage","@id":"https:\/\/datarecovery.ping.fm\/sv\/sd-card-recovery-mac\/","url":"https:\/\/datarecovery.ping.fm\/sv\/sd-card-recovery-mac\/","name":"Hur man \u00e5terst\u00e4ller raderade filer fr\u00e5n ett SD-kort gratis p\u00e5 en Mac-enhet","isPartOf":{"@id":"https:\/\/datarecovery.ping.fm\/sv\/#website"},"datePublished":"2024-01-09T15:15:58+00:00","dateModified":"2024-02-19T08:21:17+00:00","breadcrumb":{"@id":"https:\/\/datarecovery.ping.fm\/sv\/sd-card-recovery-mac\/#breadcrumb"},"inLanguage":"sv-SE","potentialAction":[{"@type":"ReadAction","target":["https:\/\/datarecovery.ping.fm\/sv\/sd-card-recovery-mac\/"]}]},{"@type":"BreadcrumbList","@id":"https:\/\/datarecovery.ping.fm\/sv\/sd-card-recovery-mac\/#breadcrumb","itemListElement":[{"@type":"ListItem","position":1,"name":"Home","item":"https:\/\/datarecovery.ping.fm\/sv\/"},{"@type":"ListItem","position":2,"name":"Hur man \u00e5terst\u00e4ller raderade filer fr\u00e5n ett SD-kort p\u00e5 en Mac-enhet"}]},{"@type":"WebSite","@id":"https:\/\/datarecovery.ping.fm\/sv\/#website","url":"https:\/\/datarecovery.ping.fm\/sv\/","name":"\u00c5terst\u00e4llningsprogram f\u00f6r Data","description":"","potentialAction":[{"@type":"SearchAction","target":{"@type":"EntryPoint","urlTemplate":"https:\/\/datarecovery.ping.fm\/sv\/?s={search_term_string}"},"query-input":"required name=search_term_string"}],"inLanguage":"sv-SE"}]}},"_links":{"self":[{"href":"https:\/\/datarecovery.ping.fm\/sv\/wp-json\/wp\/v2\/pages\/17133"}],"collection":[{"href":"https:\/\/datarecovery.ping.fm\/sv\/wp-json\/wp\/v2\/pages"}],"about":[{"href":"https:\/\/datarecovery.ping.fm\/sv\/wp-json\/wp\/v2\/types\/page"}],"author":[{"embeddable":true,"href":"https:\/\/datarecovery.ping.fm\/sv\/wp-json\/wp\/v2\/users\/2"}],"replies":[{"embeddable":true,"href":"https:\/\/datarecovery.ping.fm\/sv\/wp-json\/wp\/v2\/comments?post=17133"}],"version-history":[{"count":1,"href":"https:\/\/datarecovery.ping.fm\/sv\/wp-json\/wp\/v2\/pages\/17133\/revisions"}],"predecessor-version":[{"id":31113,"href":"https:\/\/datarecovery.ping.fm\/sv\/wp-json\/wp\/v2\/pages\/17133\/revisions\/31113"}],"wp:featuredmedia":[{"embeddable":true,"href":"https:\/\/datarecovery.ping.fm\/sv\/wp-json\/wp\/v2\/media\/31114"}],"wp:attachment":[{"href":"https:\/\/datarecovery.ping.fm\/sv\/wp-json\/wp\/v2\/media?parent=17133"}],"curies":[{"name":"wp","href":"https:\/\/api.w.org\/{rel}","templated":true}]}}