{"id":16968,"date":"2024-01-09T20:38:49","date_gmt":"2024-01-09T20:38:49","guid":{"rendered":"https:\/\/www.ping.fm\/data-recovery-software\/recover-deleted-minecraft-worlds\/"},"modified":"2024-02-19T08:21:15","modified_gmt":"2024-02-19T08:21:15","slug":"recover-deleted-minecraft-worlds","status":"publish","type":"page","link":"https:\/\/datarecovery.ping.fm\/sv\/recover-deleted-minecraft-worlds\/","title":{"rendered":"Hur man \u00e5terst\u00e4ller raderade Minecraft-v\u00e4rldar"},"content":{"rendered":"<section>\n<h1>Hur man \u00e5terst\u00e4ller raderade Minecraft-v\u00e4rldar<\/h1>\n<div class=\"inbrief\">\n<div>             <img src=\"https:\/\/www.ping.fm\/data-recovery-software\/wp-content\/uploads\/ai\/How-to-Recover-Deleted-Minecraft-Worlds-Swedish.jpg\" alt=\"Hur man \u00e5terst\u00e4ller raderade Minecraft-v\u00e4rldar\" title=\"Hur man \u00e5terst\u00e4ller raderade Minecraft-v\u00e4rldar\" width=\"1280\" height=\"720\">             <\/p>\n<p>Minecraft, det st\u00e4ndigt popul\u00e4ra sandl\u00e5despelet, f\u00e5ngar spelarnas hj\u00e4rtan med dess o\u00e4ndliga m\u00f6jligheter till utforskning, byggande och \u00e4ventyr. En av de mest hj\u00e4rtsk\u00e4rande upplevelserna kan vara det oavsiktliga raderandet av en noggrant skapad Minecraft-v\u00e4rld. Vare sig det beror p\u00e5 en spelkrasch, ett oavsiktligt klick eller andra of\u00f6rutsedda omst\u00e4ndigheter, kan f\u00f6rlusten av din digitala skapelse k\u00e4nnas f\u00f6r\u00f6dande. Frukta inte, k\u00e4ra byggare! I den h\u00e4r artikeln kommer jag g\u00e5 igenom processen f\u00f6r att \u00e5terst\u00e4lla raderade Minecraft-v\u00e4rldar p\u00e5 b\u00e5de PC och mobila enheter. Jag kommer ocks\u00e5 dela med mig av min personliga erfarenhet av att anv\u00e4nda <b>Disk Drill<\/b>, bland andra metoder, f\u00f6r att \u00e5terh\u00e4mta de v\u00e4rdefulla blocken fr\u00e5n den digitala gl\u00f6mskans avgrund.<\/p>\n<\/div>\n<\/div>\n<\/section>\n<section>\n<div>\n<div>1<\/div>\n<h2>Vanliga scenarion:<\/h2>\n<\/div>\n<h3>Oavsiktlig v\u00e4rldradering &#128465;<\/h3>\n<ul>\n<li>Oavsiktligt trycka p\u00e5 &#8217;Radera&#8217; n\u00e4r man f\u00f6rs\u00f6ker ladda en v\u00e4rld.<\/li>\n<li>St\u00e4dar upp o\u00f6nskade filer och inkluderar misstag Minecraft-sparningar.<\/li>\n<li>Spelkrascher som resulterar i korrupta eller saknade v\u00e4rldsfiler.<\/li>\n<\/ul>\n<h3>Misslyckade uppdateringar och mods &#128736;<\/h3>\n<ul>\n<li>Installera en ny mod eller speluppdatering som korrumperar befintliga v\u00e4rldssparningar.<\/li>\n<li>En uppdatering misslyckas, vilket orsakar f\u00f6rlust av \u00e5tkomst till dina Minecraft-v\u00e4rldar.<\/li>\n<li>Mod-konflikter som leder till radering eller korruption av spelfiler.<\/li>\n<\/ul>\n<h3>Tekniska fel och fel &#128187;<\/h3>\n<ul>\n<li>Systemfel som resulterar i f\u00f6rlorade eller otillg\u00e4ngliga filer.<\/li>\n<li>Minecraft-programfel som orsakar f\u00f6rsvinnande av v\u00e4rldar.<\/li>\n<li>Ov\u00e4ntade str\u00f6mavbrott eller systemomstarter medan man spelar.<\/li>\n<\/ul>\n<\/section>\n<section class=\"stepByStep\">\n<div>\n<div>2<\/div>\n<h2>Steg-f\u00f6r-steg-guide. \u00c5terst\u00e4ll raderade Minecraft-v\u00e4rldar:<\/h2>\n<\/div>\n<h3>Metod 1: Kontrollera papperskorgen &#128465;<\/h3>\n<ul>\n<li>\u00d6ppna din <b>Papperskorg<\/b> genom att dubbelklicka p\u00e5 dess ikon p\u00e5 skrivbordet.<\/li>\n<li>Leta efter den raderade <b>Minecraft-v\u00e4rldsmappen<\/b> eller filerna som misstagit tagits bort. Deras namn st\u00e4mmer vanligtvis \u00f6verens med namnet p\u00e5 din raderade v\u00e4rld.<\/li>\n<li>H\u00f6gerklicka p\u00e5 mappen\/filerna och v\u00e4lj &#8217;<b>\u00c5terst\u00e4ll<\/b>&#8217; f\u00f6r att \u00e5terf\u00e5 dem till den ursprungliga platsen.<\/li>\n<\/ul>\n<p><b>Obs:<\/b> Den h\u00e4r metoden fungerar endast om de raderade filerna inte permanent tagits bort fr\u00e5n Papperskorgen.<\/p>\n<p><b>Slutsats:<\/b> Att \u00e5terh\u00e4mta filer fr\u00e5n Papperskorgen \u00e4r en enkel och effektiv metod om raderingen var nyligen och filerna inte har tagits bort permanent.<\/p>\n<h3>Metod 2: Anv\u00e4nda system\u00e5terst\u00e4llning p\u00e5 PC &#128338;<\/h3>\n<ul>\n<li>G\u00e5 till <b>System\u00e5terst\u00e4llning<\/b> genom att skriva &#8217;Skapa en \u00e5terst\u00e4llningspunkt&#8217; i Windows s\u00f6kf\u00e4lt och \u00f6ppna dialogrutan Systemegenskaper.<\/li>\n<li>Klicka p\u00e5 &#8217;<b>System\u00e5terst\u00e4llning&#8230;<\/b>&#8217; och f\u00f6lj uppmaningarna f\u00f6r att v\u00e4lja en \u00e5terst\u00e4llningspunkt innan raderingen intr\u00e4ffade.<\/li>\n<li>Forts\u00e4tt med \u00e5terst\u00e4llningsprocessen, men ha i \u00e5tanke att det kan p\u00e5verka nyligen installerad mjukvara och uppdateringar.<\/li>\n<\/ul>\n<p><b>Obs:<\/b> Den h\u00e4r metoden fungerar endast om systemskydd \u00e4r aktiverat och du har en l\u00e4mplig \u00e5terst\u00e4llningspunkt tillg\u00e4nglig.<\/p>\n<p><b>Slutsats:<\/b> System\u00e5terst\u00e4llning \u00e4r ett kraftfullt verktyg f\u00f6r att \u00e5terst\u00e4lla ditt system till ett tidigare tillst\u00e5nd, vilket kan \u00e5terh\u00e4mta dina raderade Minecraft-v\u00e4rldar om nyliga system\u00e4ndringar \u00e4r orsaken till problemet.<\/p>\n<h3>Metod 3: \u00c5terh\u00e4mta fr\u00e5n Minecrafts &#8217;saves&#8217;-mapp p\u00e5 PC &#128190;<\/h3>\n<ul>\n<li>Navigera till din Minecraft &#8217;saves&#8217;-mapp p\u00e5 din PC. Den vanliga s\u00f6kv\u00e4gen \u00e4r vanligtvis &#8217;<b>C:Users[Ditt Anv\u00e4ndarnamn]AppDataRoaming.minecraftsaves<\/b>&#8217;.<\/li>\n<li>Kontrollera om mappen f\u00f6r den raderade v\u00e4rlden fortfarande finns kvar. Ibland kan spelet inte ordentligt ta bort filerna, vilket l\u00e4mnar dem i spar-mappen.<\/li>\n<li>Om den hittas, kopiera mappen till en annan plats och f\u00f6rs\u00f6k ladda den i spelet f\u00f6r att s\u00e4kerst\u00e4lla att det \u00e4r r\u00e4tt v\u00e4rld och att den fungerar.<\/li>\n<\/ul>\n<p><b>Obs:<\/b> Den h\u00e4r metoden bygger p\u00e5 m\u00f6jligheten att filerna kanske inte har raderats permanent av spelet.<\/p>\n<p><b>Slutsats:<\/b> Att direkt kontrollera spar-mappen \u00e4r en snabb kontroll som potentiellt kan r\u00e4dda din v\u00e4rld utan att beh\u00f6va ytterligare \u00e5terst\u00e4llningsverktyg.<\/p>\n<h3>Metod 4: Anv\u00e4nd <b>Disk Drill<\/b> f\u00f6r data\u00e5terst\u00e4llning &#9881;<\/h3>\n<ul>\n<li>Ladda ner och installera <b>Disk Drill<\/b> fr\u00e5n <a href='https:\/\/www.cleverfiles.com\/' rel=\"nofollow noopener\" target='_blank'>officiella webbplatsen<\/a>.<\/li>\n<li>Starta <b>Disk Drill<\/b> och v\u00e4lj enheten d\u00e4r dina Minecraft-v\u00e4rldar \u00e4r (eller var) lagrade.<\/li>\n<li>Klicka p\u00e5 &#8217;<b>\u00c5terh\u00e4mta<\/b>&#8217; och l\u00e5t Disk Drill skanna enheten f\u00f6r raderade filer. Ha t\u00e5lamod, eftersom processen kan ta ett tag.<\/li>\n<li>N\u00e4r skanningen \u00e4r klar, leta efter mappar uppkallade efter dina Minecraft-v\u00e4rldar, v\u00e4lj dem och klicka p\u00e5 &#8217;<b>\u00c5terh\u00e4mta<\/b>&#8217; igen.<\/li>\n<\/ul>\n<p><b>Obs:<\/b> Framg\u00e5ngsrater kan variera, och det \u00e4r generellt b\u00e4ttre att f\u00f6rs\u00f6ka \u00e5terh\u00e4mta s\u00e5 snabbt som m\u00f6jligt efter raderingen.<\/p>\n<p><b>Slutsats:<\/b> <b>Disk Drill<\/b> \u00e4r ett kraftfullt data\u00e5terst\u00e4llningsverktyg som potentiellt kan \u00e5terst\u00e4lla dina Minecraft-v\u00e4rldar \u00e4ven efter att de har raderats.<\/p>\n<h3>Metod 5: \u00c5terst\u00e4lla v\u00e4rldsbackuper p\u00e5 PC &#128281;<\/h3>\n<ul>\n<li>Kontrollera om du eller Minecraft-spelet skapade backuper av dina v\u00e4rldar genom att g\u00e5 till &#8217;<b>backuper<\/b>&#8217;-mappen som generellt \u00e4r bel\u00e4gen inom Minecraft-katalogen.<\/li>\n<li>Om du hittar en nylig s\u00e4kerhetskopia, packa upp filerna med ett verktyg som WinRAR eller 7-Zip.<\/li>\n<li>Flytta de uppackade v\u00e4rldsdatan till &#8217;<b>saves<\/b>&#8217;-mappen och starta om Minecraft f\u00f6r att se om v\u00e4rlden dyker upp.<\/li>\n<\/ul>\n<p><b>Obs:<\/b> Den h\u00e4r metoden \u00e4r beroende av att det finns backuper som gjordes innan v\u00e4rlden raderades.<\/p>\n<p><b>Slutsats:<\/b> Att \u00e5terst\u00e4lla fr\u00e5n s\u00e4kerhetskopior \u00e4r ett effektivt s\u00e4tt att \u00e5terh\u00e4mta v\u00e4rldar och betonar vikten av att regelbundet s\u00e4kerhetskopiera dina Minecraft-sparningar.<\/p>\n<h3>Metod 6: Fil\u00e5terst\u00e4llningsappar f\u00f6r mobiler &#128241;<\/h3>\n<ul>\n<li>Ladda ner en fil\u00e5terst\u00e4llningsapp som <b>Dr.Fone<\/b> eller <b>EaseUS MobiSaver<\/b> p\u00e5 din enhet eller anslut din enhet till en PC och anv\u00e4nd ett PC-baserat \u00e5terst\u00e4llningsverktyg.<\/li>\n<li>Starta appen och f\u00f6lj instruktionerna f\u00f6r att l\u00e5ta den skanna efter raderade filer p\u00e5 din mobila enhet.<\/li>\n<li>Leta efter filer med &#8217;.minecraftworld&#8217;-till\u00e4gget eller mappar som motsvarar dina raderade v\u00e4rldar.<\/li>\n<li>\u00c5terst\u00e4ll de valda filerna till din enhets lagring.<\/li>\n<\/ul>\n<p><b>Obs:<\/b> \u00c5terst\u00e4llningschanserna kommer att vara h\u00f6gre om inga nya data har skrivits till enheten sedan raderingen intr\u00e4ffade.<\/p>\n<p><b>Slutsats:<\/b> \u00c4ven om mobildata\u00e5terst\u00e4llning kan vara knepigare, ger anv\u00e4ndandet av en p\u00e5litlig app en bra chans att \u00e5terf\u00e5 f\u00f6rlorade Minecraft-v\u00e4rldar p\u00e5 mobila enheter.<\/p>\n<\/section>\n<section>\n<div>\n<div>3<\/div>\n<h2>F\u00f6rsiktighets\u00e5tg\u00e4rder och tips:<\/h2>\n<\/div>\n<h3>Regelbundna databackuper &#128737;<\/h3>\n<ul>\n<li>Backa upp dina <b>Minecraft-v\u00e4rldar<\/b> regelbundet, antingen manuellt genom att kopiera <b>saves<\/b>-mappen eller genom att anv\u00e4nda spelalternativ f\u00f6r automatisk backup.<\/li>\n<li>Anv\u00e4nd molnlagringstj\u00e4nster som Google Drive, Dropbox eller OneDrive f\u00f6r att beh\u00e5lla fj\u00e4rrkopior av dina speldata.<\/li>\n<li>Schemal\u00e4gg automatiska backuper med systemverktyg eller tredjepartsprogramvara f\u00f6r att s\u00e4kerst\u00e4lla konsekventa \u00f6gonblicksbilder av dina v\u00e4rldar.<\/li>\n<\/ul>\n<h3>S\u00e4kra spelvanor &#128274;<\/h3>\n<ul>\n<li>Undvik att k\u00f6ra din PC eller mobila enhet med f\u00f6rh\u00f6jda beh\u00f6righeter (administrat\u00f6r eller root) n\u00e4r du spelar Minecraft f\u00f6r att minska risken f\u00f6r oavsiktliga \u00e4ndringar i speldata.<\/li>\n<li>N\u00e4r du installerar mods eller uppdateringar, f\u00f6rs\u00e4kra dig om att de \u00e4r kompatibla med din Minecraft-version f\u00f6r att f\u00f6rhindra korruption.<\/li>\n<li>Uppdatera regelbundet ditt spel och din enhet f\u00f6r att skydda mot buggar som kan leda till dataf\u00f6rlust.<\/li>\n<\/ul>\n<\/section>\n<section>\n<div>\n<div>4<\/div>\n<h2>F\u00f6rst\u00e5 hantering av Minecraft-v\u00e4rldar<\/h2>\n<\/div>\n<p>Att f\u00f6rst\u00e5 hur Minecraft hanterar v\u00e4rldsdata spelar en avg\u00f6rande roll i att f\u00f6rebygga och \u00e5terh\u00e4mta sig fr\u00e5n dataf\u00f6rlust. I Minecraft lagras all v\u00e4rldsdata i mappen <b>sparade<\/b> inuti spelets installationskatalog. Varje v\u00e4rld lagras i sin egen mapp, namngiven efter v\u00e4rlden sj\u00e4lv. Detta inkluderar allt fr\u00e5n byggda strukturer till spelares inventarier och terr\u00e4ngen.<\/p>\n<p><p>Det \u00e4r ocks\u00e5 v\u00e4rt att notera att Minecraft har inbyggda s\u00e4kerhetskopieringssystem, s\u00e4rskilt med Realms, d\u00e4r spelet regelbundet s\u00e4kerhetskopierar dina v\u00e4rldar. Realms s\u00e4kerhetskopior kan n\u00e5s och laddas ner, vilket \u00e4r ett skydd mot dataf\u00f6rlust.<\/p>\n<p><p>Mods och tredjepartverktyg kan b\u00e5de f\u00f6rb\u00e4ttra spelet och inneb\u00e4ra risker f\u00f6r dina sparningar. Ladda alltid ner mods fr\u00e5n <a href='https:\/\/www.curseforge.com\/minecraft\/mc-mods' rel=\"nofollow noopener\" target='_blank'>p\u00e5litliga k\u00e4llor<\/a>, och \u00f6verv\u00e4g att anv\u00e4nda en modhanterare f\u00f6r att h\u00e5lla koll p\u00e5 installerat inneh\u00e5ll.<\/p>\n<\/section>\n<section>\n<h2>Sammanfattning:<\/h2>\n<div class=\"nonp\">\n<p>F\u00f6r att avsluta kan en f\u00f6rlust av en Minecraft-v\u00e4rld str\u00e4cka sig fr\u00e5n en liten ol\u00e4genhet till en stor motg\u00e5ng, s\u00e4rskilt om en betydande m\u00e4ngd tid har investerats. Genom att f\u00f6lja metoderna som beskrivs i denna artikel, kommer du att utrusta dig sj\u00e4lv med kunskapen och verktygen som \u00e4r n\u00f6dv\u00e4ndiga f\u00f6r att f\u00f6rs\u00f6ka \u00e5terst\u00e4lla f\u00f6rlorade v\u00e4rldar p\u00e5 b\u00e5de PC och mobila plattformar. Kom ih\u00e5g, f\u00f6rebyggande \u00e4r b\u00e4ttre \u00e4n botemedel; s\u00e5 regelbundna s\u00e4kerhetskopior \u00e4r ditt b\u00e4sta skydd mot dataf\u00f6rlust. Oavsett om du anv\u00e4nder <b>Disk Drill<\/b>, kontrollerar din sparmapp, eller letar efter s\u00e4kerhetskopior i spelet, finns det fortfarande ett ljussken av hopp f\u00f6r spelare som av misstag raderat sina virtuella riken. Glad skapande, och m\u00e5 dina \u00e5terh\u00e4mtade v\u00e4rldar frodas \u00e4n en g\u00e5ng!<\/p>\n<\/div>\n<\/section>\n","protected":false},"excerpt":{"rendered":"<p>Hur man \u00e5terst\u00e4ller raderade Minecraft-v\u00e4rldar Minecraft, det st\u00e4ndigt popul\u00e4ra sandl\u00e5despelet, f\u00e5ngar spelarnas hj\u00e4rtan med dess o\u00e4ndliga m\u00f6jligheter till utforskning, byggande och \u00e4ventyr. En av de mest hj\u00e4rtsk\u00e4rande upplevelserna kan vara det oavsiktliga raderandet av en noggrant skapad Minecraft-v\u00e4rld. Vare sig det beror p\u00e5 en spelkrasch, ett oavsiktligt klick eller andra of\u00f6rutsedda omst\u00e4ndigheter, kan f\u00f6rlusten av [&hellip;]<\/p>\n","protected":false},"author":2,"featured_media":31102,"parent":0,"menu_order":0,"comment_status":"closed","ping_status":"closed","template":"chromecast.php","meta":{"_stopmodifiedupdate":false,"_modified_date":"","_lmt_disableupdate":"yes","_lmt_disable":""},"acf":[],"yoast_head":"<!-- This site is optimized with the Yoast SEO plugin v20.9 - https:\/\/yoast.com\/wordpress\/plugins\/seo\/ -->\n<title>Hur man \u00e5terst\u00e4ller en raderad Minecraft-v\u00e4rld<\/title>\n<meta name=\"robots\" content=\"index, follow, max-snippet:-1, max-image-preview:large, max-video-preview:-1\" \/>\n<link rel=\"canonical\" href=\"https:\/\/datarecovery.ping.fm\/sv\/recover-deleted-minecraft-worlds\/\" \/>\n<meta property=\"og:locale\" content=\"sv_SE\" \/>\n<meta property=\"og:type\" content=\"article\" \/>\n<meta property=\"og:title\" content=\"Hur man \u00e5terst\u00e4ller en raderad Minecraft-v\u00e4rld\" \/>\n<meta property=\"og:description\" content=\"Hur man \u00e5terst\u00e4ller raderade Minecraft-v\u00e4rldar Minecraft, det st\u00e4ndigt popul\u00e4ra sandl\u00e5despelet, f\u00e5ngar spelarnas hj\u00e4rtan med dess o\u00e4ndliga m\u00f6jligheter till utforskning, byggande och \u00e4ventyr. En av de mest hj\u00e4rtsk\u00e4rande upplevelserna kan vara det oavsiktliga raderandet av en noggrant skapad Minecraft-v\u00e4rld. Vare sig det beror p\u00e5 en spelkrasch, ett oavsiktligt klick eller andra of\u00f6rutsedda omst\u00e4ndigheter, kan f\u00f6rlusten av [&hellip;]\" \/>\n<meta property=\"og:url\" content=\"https:\/\/datarecovery.ping.fm\/sv\/recover-deleted-minecraft-worlds\/\" \/>\n<meta property=\"og:site_name\" content=\"\u00c5terst\u00e4llningsprogram f\u00f6r Data\" \/>\n<meta property=\"article:modified_time\" content=\"2024-02-19T08:21:15+00:00\" \/>\n<meta property=\"og:image\" content=\"https:\/\/datarecovery.ping.fm\/wp-content\/uploads\/2024\/03\/How-to-Recover-Deleted-Minecraft-Worlds-Swedish.jpg\" \/>\n\t<meta property=\"og:image:width\" content=\"1280\" \/>\n\t<meta property=\"og:image:height\" content=\"731\" \/>\n\t<meta property=\"og:image:type\" content=\"image\/jpeg\" \/>\n<meta name=\"twitter:card\" content=\"summary_large_image\" \/>\n<meta name=\"twitter:label1\" content=\"Est. reading time\" \/>\n\t<meta name=\"twitter:data1\" content=\"7 minuter\" \/>\n<script type=\"application\/ld+json\" class=\"yoast-schema-graph\">{\"@context\":\"https:\/\/schema.org\",\"@graph\":[{\"@type\":\"WebPage\",\"@id\":\"https:\/\/datarecovery.ping.fm\/sv\/recover-deleted-minecraft-worlds\/\",\"url\":\"https:\/\/datarecovery.ping.fm\/sv\/recover-deleted-minecraft-worlds\/\",\"name\":\"Hur man \u00e5terst\u00e4ller en raderad Minecraft-v\u00e4rld\",\"isPartOf\":{\"@id\":\"https:\/\/datarecovery.ping.fm\/sv\/#website\"},\"datePublished\":\"2024-01-09T20:38:49+00:00\",\"dateModified\":\"2024-02-19T08:21:15+00:00\",\"breadcrumb\":{\"@id\":\"https:\/\/datarecovery.ping.fm\/sv\/recover-deleted-minecraft-worlds\/#breadcrumb\"},\"inLanguage\":\"sv-SE\",\"potentialAction\":[{\"@type\":\"ReadAction\",\"target\":[\"https:\/\/datarecovery.ping.fm\/sv\/recover-deleted-minecraft-worlds\/\"]}]},{\"@type\":\"BreadcrumbList\",\"@id\":\"https:\/\/datarecovery.ping.fm\/sv\/recover-deleted-minecraft-worlds\/#breadcrumb\",\"itemListElement\":[{\"@type\":\"ListItem\",\"position\":1,\"name\":\"Home\",\"item\":\"https:\/\/datarecovery.ping.fm\/sv\/\"},{\"@type\":\"ListItem\",\"position\":2,\"name\":\"Hur man \u00e5terst\u00e4ller raderade Minecraft-v\u00e4rldar\"}]},{\"@type\":\"WebSite\",\"@id\":\"https:\/\/datarecovery.ping.fm\/sv\/#website\",\"url\":\"https:\/\/datarecovery.ping.fm\/sv\/\",\"name\":\"\u00c5terst\u00e4llningsprogram f\u00f6r Data\",\"description\":\"\",\"potentialAction\":[{\"@type\":\"SearchAction\",\"target\":{\"@type\":\"EntryPoint\",\"urlTemplate\":\"https:\/\/datarecovery.ping.fm\/sv\/?s={search_term_string}\"},\"query-input\":\"required name=search_term_string\"}],\"inLanguage\":\"sv-SE\"}]}<\/script>\n<!-- \/ Yoast SEO plugin. -->","yoast_head_json":{"title":"Hur man \u00e5terst\u00e4ller en raderad Minecraft-v\u00e4rld","robots":{"index":"index","follow":"follow","max-snippet":"max-snippet:-1","max-image-preview":"max-image-preview:large","max-video-preview":"max-video-preview:-1"},"canonical":"https:\/\/datarecovery.ping.fm\/sv\/recover-deleted-minecraft-worlds\/","og_locale":"sv_SE","og_type":"article","og_title":"Hur man \u00e5terst\u00e4ller en raderad Minecraft-v\u00e4rld","og_description":"Hur man \u00e5terst\u00e4ller raderade Minecraft-v\u00e4rldar Minecraft, det st\u00e4ndigt popul\u00e4ra sandl\u00e5despelet, f\u00e5ngar spelarnas hj\u00e4rtan med dess o\u00e4ndliga m\u00f6jligheter till utforskning, byggande och \u00e4ventyr. En av de mest hj\u00e4rtsk\u00e4rande upplevelserna kan vara det oavsiktliga raderandet av en noggrant skapad Minecraft-v\u00e4rld. Vare sig det beror p\u00e5 en spelkrasch, ett oavsiktligt klick eller andra of\u00f6rutsedda omst\u00e4ndigheter, kan f\u00f6rlusten av [&hellip;]","og_url":"https:\/\/datarecovery.ping.fm\/sv\/recover-deleted-minecraft-worlds\/","og_site_name":"\u00c5terst\u00e4llningsprogram f\u00f6r Data","article_modified_time":"2024-02-19T08:21:15+00:00","og_image":[{"width":1280,"height":731,"url":"https:\/\/datarecovery.ping.fm\/wp-content\/uploads\/2024\/03\/How-to-Recover-Deleted-Minecraft-Worlds-Swedish.jpg","type":"image\/jpeg"}],"twitter_card":"summary_large_image","twitter_misc":{"Est. reading time":"7 minuter"},"schema":{"@context":"https:\/\/schema.org","@graph":[{"@type":"WebPage","@id":"https:\/\/datarecovery.ping.fm\/sv\/recover-deleted-minecraft-worlds\/","url":"https:\/\/datarecovery.ping.fm\/sv\/recover-deleted-minecraft-worlds\/","name":"Hur man \u00e5terst\u00e4ller en raderad Minecraft-v\u00e4rld","isPartOf":{"@id":"https:\/\/datarecovery.ping.fm\/sv\/#website"},"datePublished":"2024-01-09T20:38:49+00:00","dateModified":"2024-02-19T08:21:15+00:00","breadcrumb":{"@id":"https:\/\/datarecovery.ping.fm\/sv\/recover-deleted-minecraft-worlds\/#breadcrumb"},"inLanguage":"sv-SE","potentialAction":[{"@type":"ReadAction","target":["https:\/\/datarecovery.ping.fm\/sv\/recover-deleted-minecraft-worlds\/"]}]},{"@type":"BreadcrumbList","@id":"https:\/\/datarecovery.ping.fm\/sv\/recover-deleted-minecraft-worlds\/#breadcrumb","itemListElement":[{"@type":"ListItem","position":1,"name":"Home","item":"https:\/\/datarecovery.ping.fm\/sv\/"},{"@type":"ListItem","position":2,"name":"Hur man \u00e5terst\u00e4ller raderade Minecraft-v\u00e4rldar"}]},{"@type":"WebSite","@id":"https:\/\/datarecovery.ping.fm\/sv\/#website","url":"https:\/\/datarecovery.ping.fm\/sv\/","name":"\u00c5terst\u00e4llningsprogram f\u00f6r Data","description":"","potentialAction":[{"@type":"SearchAction","target":{"@type":"EntryPoint","urlTemplate":"https:\/\/datarecovery.ping.fm\/sv\/?s={search_term_string}"},"query-input":"required name=search_term_string"}],"inLanguage":"sv-SE"}]}},"_links":{"self":[{"href":"https:\/\/datarecovery.ping.fm\/sv\/wp-json\/wp\/v2\/pages\/16968"}],"collection":[{"href":"https:\/\/datarecovery.ping.fm\/sv\/wp-json\/wp\/v2\/pages"}],"about":[{"href":"https:\/\/datarecovery.ping.fm\/sv\/wp-json\/wp\/v2\/types\/page"}],"author":[{"embeddable":true,"href":"https:\/\/datarecovery.ping.fm\/sv\/wp-json\/wp\/v2\/users\/2"}],"replies":[{"embeddable":true,"href":"https:\/\/datarecovery.ping.fm\/sv\/wp-json\/wp\/v2\/comments?post=16968"}],"version-history":[{"count":1,"href":"https:\/\/datarecovery.ping.fm\/sv\/wp-json\/wp\/v2\/pages\/16968\/revisions"}],"predecessor-version":[{"id":31101,"href":"https:\/\/datarecovery.ping.fm\/sv\/wp-json\/wp\/v2\/pages\/16968\/revisions\/31101"}],"wp:featuredmedia":[{"embeddable":true,"href":"https:\/\/datarecovery.ping.fm\/sv\/wp-json\/wp\/v2\/media\/31102"}],"wp:attachment":[{"href":"https:\/\/datarecovery.ping.fm\/sv\/wp-json\/wp\/v2\/media?parent=16968"}],"curies":[{"name":"wp","href":"https:\/\/api.w.org\/{rel}","templated":true}]}}