{"id":16860,"date":"2024-01-09T20:54:58","date_gmt":"2024-01-09T20:54:58","guid":{"rendered":"https:\/\/www.ping.fm\/data-recovery-software\/restore-mac-to-previous-date-without-time-machine\/"},"modified":"2024-02-19T08:21:14","modified_gmt":"2024-02-19T08:21:14","slug":"restore-mac-to-previous-date-without-time-machine","status":"publish","type":"page","link":"https:\/\/datarecovery.ping.fm\/sv\/restore-mac-to-previous-date-without-time-machine\/","title":{"rendered":"Hur man \u00e5terst\u00e4ller en Mac eller MacBook till ett tidigare datum utan att anv\u00e4nda Time Machine"},"content":{"rendered":"<section>\n<h1>Hur du \u00e5terst\u00e4ller din Mac eller MacBook till ett tidigare datum utan Time Machine<\/h1>\n<div class=\"inbrief\">\n<div>             <img src=\"https:\/\/www.ping.fm\/data-recovery-software\/wp-content\/uploads\/ai\/How-to-Restore-Mac-or-MacBook-to-a-Previous-Date-Without-Time-Machine-Swedish.jpg\" alt=\"Hur du \u00e5terst\u00e4ller din Mac eller MacBook till ett tidigare datum utan Time Machine\" title=\"Hur du \u00e5terst\u00e4ller din Mac eller MacBook till ett tidigare datum utan Time Machine\" width=\"1280\" height=\"720\">             <\/p>\n<p>Har du n\u00e5gonsin st\u00f6tt p\u00e5 en situation d\u00e4r din MacOS betett sig of\u00f6ruts\u00e4gbart, och du \u00f6nskat att kunna vrida tillbaka tiden p\u00e5 din enhet? Att \u00e5terst\u00e4lla din Mac eller MacBook till ett <b>tidigare datum<\/b> kan verka sv\u00e5rt, speciellt <a href='https:\/\/www.handyrecovery.com\/restore-mac-to-previous-date-without-time-machine\/' rel=\"dofollow noopener\" target='_blank'>utan Time Machine<\/a>. Det \u00e4r dock m\u00f6jligt att g\u00e5 tillbaka till ett <b>mer stabilt tillst\u00e5nd<\/b> eller \u00e5terst\u00e4lla f\u00f6rlorad data, \u00e4ven utan Apples inbyggda backupfunktion. I denna detaljerade guide kommer jag att guida dig genom de metoder jag personligen har anv\u00e4nt f\u00f6r att \u00e5terst\u00e4lla min Mac till ett tidigare datum med olika tillv\u00e4gag\u00e5ngss\u00e4tt, inklusive ett viktigt verktyg som heter <b>Disk Drill<\/b>, som hj\u00e4lper till med <b>data\u00e5terst\u00e4llning<\/b>. Du kommer att l\u00e4ra dig hur man \u00e5terg\u00e5r till system\u00e4ndringar, \u00e5terst\u00e4ller f\u00f6rlorade filer och s\u00e4kerst\u00e4ller att din data f\u00f6rblir s\u00e4ker i framtiden.<\/p>\n<\/div>\n<\/div>\n<\/section>\n<section>\n<div>\n<div>1<\/div>\n<h2>Vanliga Scenarier:<\/h2>\n<\/div>\n<h3>Ov\u00e4ntade Systemuppdateringar &#128736;<\/h3>\n<ul>\n<li>Att hantera en <b>macOS-uppdatering<\/b> som har medf\u00f6rt buggar eller inkompatibilitet med programvara.<\/li>\n<li>F\u00f6rs\u00f6kt ta bort uppdateringen men st\u00f6tt p\u00e5 sv\u00e5righeter eftersom system\u00e5terst\u00e4llningspunkter inte \u00e4r l\u00e4tt tillg\u00e4ngliga <b>utan Time Machine<\/b>.<\/li>\n<\/ul>\n<h3>Oavsiktlig Dataf\u00f6rlust &#128465;<\/h3>\n<ul>\n<li>Du har av misstag raderat viktiga filer och det finns ingen <b>Time Machine<\/b>-backup f\u00f6r att \u00e5terst\u00e4lla dem.<\/li>\n<li>Du beh\u00f6ver \u00e5terskapa dessa filer och du \u00f6verv\u00e4ger <b>programvara f\u00f6r data\u00e5terst\u00e4llning<\/b> som en l\u00f6sning.<\/li>\n<\/ul>\n<h3>Systeminstabilitet &#127744;<\/h3>\n<ul>\n<li>Efter att ha installerat nya applikationer eller drivrutiner blir din Mac instabil och du beh\u00f6ver \u00e5terg\u00e5 till ett <b>tidigare tillst\u00e5nd<\/b>.<\/li>\n<li>De automatiska \u00e5terst\u00e4llningsalternativen misslyckades och <b>startbara s\u00e4kerhetskopieringar<\/b>  st\u00e4lldes inte in i f\u00f6rv\u00e4g.<\/li>\n<\/ul>\n<\/section>\n<section class=\"stepByStep\">\n<div>\n<div>2<\/div>\n<h2>Steg-f\u00f6r-Steg Guide. \u00c5terst\u00e4ll Mac Till Tidigare Datum Utan Time Machine:<\/h2>\n<\/div>\n<h3>Metod 1: Extern Backup &#128260;<\/h3>\n<ul>\n<li>Anslut en extern enhet med en klon av din Mac fr\u00e5n ett <b>tidigare datum<\/b>.<\/li>\n<li>Starta om din Mac och h\u00e5ll ner <b>Option<\/b>-tangenten direkt efter att du har h\u00f6rt uppstartstonen.<\/li>\n<li>V\u00e4lj den externa enheten som startenhet.<\/li>\n<li>Anv\u00e4nd <b>Diskverktyget<\/b> f\u00f6r att \u00e5terst\u00e4lla inneh\u00e5llet p\u00e5 den externa enheten till din Macs huvuddisk.<\/li>\n<\/ul>\n<p><b>Obs:<\/b> Denna metod kr\u00e4ver en klonad enhet i f\u00f6rv\u00e4g.<\/p>\n<p><b>Slutsats:<\/b> Att starta fr\u00e5n en extern backup \u00e4r ett p\u00e5litligt s\u00e4tt att \u00e5terst\u00e4lla din Mac om du lyckas h\u00e5lla regelbundna kloner.<\/p>\n<h3>Metod 2: Disk Drill f\u00f6r Data\u00e5terst\u00e4llning &#128736;<\/h3>\n<ul>\n<li>Installera <b>Disk Drill<\/b> fr\u00e5n deras officiella webbplats, och se till att ladda ner r\u00e4tt version f\u00f6r din MacOS.<\/li>\n<li>Starta Disk Drill och v\u00e4lj den lagringsenhet du vill \u00e5terst\u00e4lla.<\/li>\n<li>Starta en skanning f\u00f6r att hitta f\u00f6rlorade eller raderade filer.<\/li>\n<li>F\u00f6rhandsgranska de \u00e5terst\u00e4llningsbara filerna och v\u00e4lj de du vill \u00e5terst\u00e4lla.<\/li>\n<li><a href='https:\/\/www.cleverfiles.com\/' rel=\"nofollow noopener\" target='_blank'>\u00c5terst\u00e4ll<\/a> filerna till en s\u00e4ker plats.<\/li>\n<\/ul>\n<p><b>Obs:<\/b> Undvik att skriva ny data till den p\u00e5verkade enheten f\u00f6r att f\u00f6rb\u00e4ttra \u00e5terst\u00e4llningschanserna.<\/p>\n<p><b>Slutsats:<\/b> Disk Drill \u00e4r ett kraftfullt verktyg f\u00f6r data\u00e5terst\u00e4llning, men det kan inte \u00e5ngra system\u00e4ndringar eller \u00e5terst\u00e4lla filer som inte bevarats.<\/p>\n<h3>Metod 3: macOS \u00c5terst\u00e4llningsl\u00e4ge &#9198;<\/h3>\n<ul>\n<li>Starta om din Mac och h\u00e5ll omedelbart ner <b>Kommando<\/b> + <b>R<\/b>-tangenterna.<\/li>\n<li>V\u00e4lj <b>Diskverktyget<\/b> i verktygsf\u00f6nstret.<\/li>\n<li>V\u00e4lj din startskiva och klicka sedan p\u00e5 fliken <b>\u00c5terst\u00e4ll<\/b>.<\/li>\n<li>V\u00e4lj en nylig \u00f6gonblicksbild eller s\u00e4kerhetskopieringsvolym att \u00e5terst\u00e4lla fr\u00e5n.<\/li>\n<li>F\u00f6lj anvisningarna f\u00f6r att \u00e5terst\u00e4lla ditt system.<\/li>\n<\/ul>\n<p><b>Obs:<\/b> Denna metod fungerar om du har aktiverat \u00f6gonblicksbilder eller har en separat s\u00e4kerhetskopieringspartition.<\/p>\n<p><b>Slutsats:<\/b> \u00c5terst\u00e4llningsl\u00e4ge \u00e4r inbyggt i macOS och kan \u00e5terst\u00e4lla ditt system till ett tidigare l\u00e4ge om \u00f6gonblicksbilder finns tillg\u00e4ngliga.<\/p>\n<h3>Metod 4: Tredjeparts Kloningsprogramvara &#128192;<\/h3>\n<ul>\n<li>Anv\u00e4nd en Mac-kloningsprogramvara som <b>Carbon Copy Cloner<\/b> eller <b>SuperDuper!<\/b>.<\/li>\n<li>Skapa en startbar klon av din enhet p\u00e5 en extern h\u00e5rddisk.<\/li>\n<li>N\u00e4r du beh\u00f6ver \u00e5terst\u00e4lla, starta fr\u00e5n den klonade enheten.<\/li>\n<li>Anv\u00e4nd kloningsprogramvaran f\u00f6r att \u00f6verf\u00f6ra inneh\u00e5llet p\u00e5 den klonade enheten tillbaka till din Mac.<\/li>\n<li>Skapa nya kloner regelbundet f\u00f6r att h\u00e5lla din s\u00e4kerhetskopia aktuell.<\/li>\n<\/ul>\n<p><b>Obs:<\/b> Denna metod kr\u00e4ver ocks\u00e5 f\u00f6rberedelser i f\u00f6rv\u00e4g \u2013 att ha en klonad enhet redo.<\/p>\n<p><b>Slutsats:<\/b> Kloning \u00e4r en effektiv s\u00e4kerhetskopieringsstrategi som erbjuder fullst\u00e4ndiga \u00e5terst\u00e4llningsm\u00f6jligheter, men det kr\u00e4ver disciplin att uppr\u00e4tth\u00e5lla uppdaterade kloner.<\/p>\n<h3>Metod 5: \u00c5terst\u00e4llning med M\u00e5l-Diskl\u00e4ge &#127919;<\/h3>\n<ul>\n<li>Anslut tv\u00e5 Macs tillsammans med en Thunderbolt- eller Firewire-kabel.<\/li>\n<li>Starta Macen du beh\u00f6ver \u00e5terst\u00e4lla i <b>M\u00e5l-Diskl\u00e4ge<\/b> genom att h\u00e5lla ner <b>T<\/b> n\u00e4r den startar.<\/li>\n<li>Den p\u00e5verkade Macens h\u00e5rddisk kommer att visas som en extern enhet p\u00e5 den andra Macen.<\/li>\n<li>Anv\u00e4nd <b>Diskverktyget<\/b> p\u00e5 den fungerande Macen f\u00f6r att \u00e5terst\u00e4lla filer eller kloninneh\u00e5llet tillbaka till den komprometterade Macen.<\/li>\n<\/ul>\n<p><b>Obs:<\/b> Kr\u00e4ver tv\u00e5 Macs och l\u00e4mpliga kablar.<\/p>\n<p><b>Slutsats:<\/b> M\u00e5l-Diskl\u00e4ge kan vara anv\u00e4ndbart f\u00f6r data\u00f6verf\u00f6ring och \u00e5terst\u00e4llning, f\u00f6rutsatt att du har den n\u00f6dv\u00e4ndiga utrustningen.<\/p>\n<\/section>\n<section>\n<div>\n<div>3<\/div>\n<h2>F\u00f6rsiktighets\u00e5tg\u00e4rder och Tips:<\/h2>\n<\/div>\n<h3>Proaktiva S\u00e4kerhetskopior &#128737;<\/h3>\n<ul>\n<li>Uppr\u00e4tth\u00e5ll regelbundna s\u00e4kerhetskopior med <b>Time Machine<\/b> eller tredjepartsprogramvara.<\/li>\n<li>\u00d6verv\u00e4g molnlagringstj\u00e4nster f\u00f6r viktiga filer.<\/li>\n<li>Uppdatera regelbundet dina s\u00e4kerhetskopieringsvolymer eller \u00f6gonblicksbilder.<\/li>\n<\/ul>\n<h3>Systemunderh\u00e5ll &#129529;<\/h3>\n<ul>\n<li>Kontrollera din Mac periodiskt f\u00f6r< a href='https:\/\/support.apple.com\/mac-backup' rel='nofollow' target='_blank'> programuppdateringar<\/a> och underh\u00e5ll ditt operativsystems prestanda.<\/li>\n<li>Anv\u00e4nd <b>Diskverktygets F\u00f6rsta Hj\u00e4lpen<\/b> f\u00f6r att reparera diskr\u00e4ttigheter och verifiera skivans integritet.<\/li>\n<li>Undvik att installera applikationer fr\u00e5n overifierade utvecklare.<\/li>\n<\/ul>\n<\/section>\n<section>\n<div>\n<div>4<\/div>\n<h2>Ytterligare insikter<\/h2>\n<\/div>\n<p>\u00c4ven om dessa metoder kan hj\u00e4lpa till att \u00e5terst\u00e4lla din Mac till ett tidigare skick eller \u00e5terh\u00e4mta f\u00f6rlorad data, \u00e4r det viktigt att erk\u00e4nna att ibland kan h\u00e5rdvarufel orsaka dataf\u00f6rlust eller systemproblem som ovan n\u00e4mnda l\u00f6sningar inte kan adressera. I s\u00e5dana fall vore det b\u00e4sta n\u00e4sta steg att konsultera med <a href='https:\/\/support.apple.com\/' rel=\"nofollow noopener\" target='_blank'>Apple Support<\/a> eller att bes\u00f6ka en <b>Auktoriserad Apple-serviceleverant\u00f6r<\/b>.<\/p>\n<p>Det \u00e4r ocks\u00e5 viktigt att utveckla en vana att organisera och s\u00e4kra data. Detta inkluderar kategorisering av filer och att f\u00f6lja <b>b\u00e4sta praxis f\u00f6r digital datahantering<\/b>. Exempelvis, \u00f6verbelasta aldrig ditt skrivbord d\u00e5 det kan g\u00f6ra ditt system l\u00e5ngsamt och g\u00f6ra backup-processer mer omst\u00e4ndliga.<\/p>\n<p>Det finns ocks\u00e5 andra verktyg som <b>Oynx<\/b> och <b>CleanMyMac<\/b> som erbjuder funktioner f\u00f6r systemunderh\u00e5ll som hj\u00e4lper till att h\u00e5lla din Mac effektiv. De kan hj\u00e4lpa dig att rensa upp on\u00f6diga filer, hantera till\u00e4gg och utf\u00f6ra diverse underh\u00e5llsskript, vilket potentiellt kan f\u00f6rebygga systemproblem innan de uppst\u00e5r.<\/p>\n<p>I h\u00e4ndelse av oavsiktlig radering eller systemkrascher \u00e4r det betryggande att veta att program som Disk Drill finns som ett s\u00e4kerhetsn\u00e4t f\u00f6r <b>data\u00e5terst\u00e4llning<\/b>. Det rekommenderas alltid att h\u00e5lla sig lugn i s\u00e5dana situationer och att undvika f\u00f6rhastade \u00e5tg\u00e4rder som kan skriva \u00f6ver f\u00f6rlorad data och g\u00f6ra \u00e5terst\u00e4llningen mer komplicerad.<\/p>\n<\/section>\n<section>\n<h2>Slutsats:<\/h2>\n<div class=\"nonp\">\n<p>S\u00e5, \u00e4r det m\u00f6jligt att \u00e5terst\u00e4lla en Mac eller MacBook till ett tidigare datum utan Time Machine? Absolut. Med de steg jag har tillhandah\u00e5llit, noggrann planering och r\u00e4tt verktyg, kan du effektivt hantera och \u00e5terh\u00e4mta dig fr\u00e5n miss\u00f6den som kan intr\u00e4ffa med ditt system. Oavsett din tekniska expertis kan s\u00e4kerhetsstrategier som kloning och regelbundna data-backuper spara b\u00e5de tid och ov\u00e4rderlig data. Kom ih\u00e5g att frekvens och noggrannhet i underh\u00e5llet av backuper \u00e4r nyckeln till att alltid vara f\u00f6rberedd p\u00e5 ov\u00e4ntade systemproblem eller dataf\u00f6rlust.<\/p>\n<\/div>\n<\/section>\n","protected":false},"excerpt":{"rendered":"<p>Hur du \u00e5terst\u00e4ller din Mac eller MacBook till ett tidigare datum utan Time Machine Har du n\u00e5gonsin st\u00f6tt p\u00e5 en situation d\u00e4r din MacOS betett sig of\u00f6ruts\u00e4gbart, och du \u00f6nskat att kunna vrida tillbaka tiden p\u00e5 din enhet? Att \u00e5terst\u00e4lla din Mac eller MacBook till ett tidigare datum kan verka sv\u00e5rt, speciellt utan Time Machine. [&hellip;]<\/p>\n","protected":false},"author":2,"featured_media":31090,"parent":0,"menu_order":0,"comment_status":"closed","ping_status":"closed","template":"chromecast.php","meta":{"_stopmodifiedupdate":false,"_modified_date":"","_lmt_disableupdate":"yes","_lmt_disable":""},"acf":[],"yoast_head":"<!-- This site is optimized with the Yoast SEO plugin v20.9 - https:\/\/yoast.com\/wordpress\/plugins\/seo\/ -->\n<title>Hur du \u00e5terst\u00e4ller din Mac till ett tidigare skick utan att anv\u00e4nda Time Machine<\/title>\n<meta name=\"robots\" content=\"index, follow, max-snippet:-1, max-image-preview:large, max-video-preview:-1\" \/>\n<link rel=\"canonical\" href=\"https:\/\/datarecovery.ping.fm\/sv\/restore-mac-to-previous-date-without-time-machine\/\" \/>\n<meta property=\"og:locale\" content=\"sv_SE\" \/>\n<meta property=\"og:type\" content=\"article\" \/>\n<meta property=\"og:title\" content=\"Hur du \u00e5terst\u00e4ller din Mac till ett tidigare skick utan att anv\u00e4nda Time Machine\" \/>\n<meta property=\"og:description\" content=\"Hur du \u00e5terst\u00e4ller din Mac eller MacBook till ett tidigare datum utan Time Machine Har du n\u00e5gonsin st\u00f6tt p\u00e5 en situation d\u00e4r din MacOS betett sig of\u00f6ruts\u00e4gbart, och du \u00f6nskat att kunna vrida tillbaka tiden p\u00e5 din enhet? Att \u00e5terst\u00e4lla din Mac eller MacBook till ett tidigare datum kan verka sv\u00e5rt, speciellt utan Time Machine. [&hellip;]\" \/>\n<meta property=\"og:url\" content=\"https:\/\/datarecovery.ping.fm\/sv\/restore-mac-to-previous-date-without-time-machine\/\" \/>\n<meta property=\"og:site_name\" content=\"\u00c5terst\u00e4llningsprogram f\u00f6r Data\" \/>\n<meta property=\"article:modified_time\" content=\"2024-02-19T08:21:14+00:00\" \/>\n<meta property=\"og:image\" content=\"https:\/\/datarecovery.ping.fm\/wp-content\/uploads\/2024\/03\/How-to-Restore-Mac-or-MacBook-to-a-Previous-Date-Without-Time-Machine-Swedish.jpg\" \/>\n\t<meta property=\"og:image:width\" content=\"1280\" \/>\n\t<meta property=\"og:image:height\" content=\"731\" \/>\n\t<meta property=\"og:image:type\" content=\"image\/jpeg\" \/>\n<meta name=\"twitter:card\" content=\"summary_large_image\" \/>\n<meta name=\"twitter:label1\" content=\"Est. reading time\" \/>\n\t<meta name=\"twitter:data1\" content=\"6 minuter\" \/>\n<script type=\"application\/ld+json\" class=\"yoast-schema-graph\">{\"@context\":\"https:\/\/schema.org\",\"@graph\":[{\"@type\":\"WebPage\",\"@id\":\"https:\/\/datarecovery.ping.fm\/sv\/restore-mac-to-previous-date-without-time-machine\/\",\"url\":\"https:\/\/datarecovery.ping.fm\/sv\/restore-mac-to-previous-date-without-time-machine\/\",\"name\":\"Hur du \u00e5terst\u00e4ller din Mac till ett tidigare skick utan att anv\u00e4nda Time Machine\",\"isPartOf\":{\"@id\":\"https:\/\/datarecovery.ping.fm\/sv\/#website\"},\"datePublished\":\"2024-01-09T20:54:58+00:00\",\"dateModified\":\"2024-02-19T08:21:14+00:00\",\"breadcrumb\":{\"@id\":\"https:\/\/datarecovery.ping.fm\/sv\/restore-mac-to-previous-date-without-time-machine\/#breadcrumb\"},\"inLanguage\":\"sv-SE\",\"potentialAction\":[{\"@type\":\"ReadAction\",\"target\":[\"https:\/\/datarecovery.ping.fm\/sv\/restore-mac-to-previous-date-without-time-machine\/\"]}]},{\"@type\":\"BreadcrumbList\",\"@id\":\"https:\/\/datarecovery.ping.fm\/sv\/restore-mac-to-previous-date-without-time-machine\/#breadcrumb\",\"itemListElement\":[{\"@type\":\"ListItem\",\"position\":1,\"name\":\"Home\",\"item\":\"https:\/\/datarecovery.ping.fm\/sv\/\"},{\"@type\":\"ListItem\",\"position\":2,\"name\":\"Hur man \u00e5terst\u00e4ller en Mac eller MacBook till ett tidigare datum utan att anv\u00e4nda Time Machine\"}]},{\"@type\":\"WebSite\",\"@id\":\"https:\/\/datarecovery.ping.fm\/sv\/#website\",\"url\":\"https:\/\/datarecovery.ping.fm\/sv\/\",\"name\":\"\u00c5terst\u00e4llningsprogram f\u00f6r Data\",\"description\":\"\",\"potentialAction\":[{\"@type\":\"SearchAction\",\"target\":{\"@type\":\"EntryPoint\",\"urlTemplate\":\"https:\/\/datarecovery.ping.fm\/sv\/?s={search_term_string}\"},\"query-input\":\"required name=search_term_string\"}],\"inLanguage\":\"sv-SE\"}]}<\/script>\n<!-- \/ Yoast SEO plugin. -->","yoast_head_json":{"title":"Hur du \u00e5terst\u00e4ller din Mac till ett tidigare skick utan att anv\u00e4nda Time Machine","robots":{"index":"index","follow":"follow","max-snippet":"max-snippet:-1","max-image-preview":"max-image-preview:large","max-video-preview":"max-video-preview:-1"},"canonical":"https:\/\/datarecovery.ping.fm\/sv\/restore-mac-to-previous-date-without-time-machine\/","og_locale":"sv_SE","og_type":"article","og_title":"Hur du \u00e5terst\u00e4ller din Mac till ett tidigare skick utan att anv\u00e4nda Time Machine","og_description":"Hur du \u00e5terst\u00e4ller din Mac eller MacBook till ett tidigare datum utan Time Machine Har du n\u00e5gonsin st\u00f6tt p\u00e5 en situation d\u00e4r din MacOS betett sig of\u00f6ruts\u00e4gbart, och du \u00f6nskat att kunna vrida tillbaka tiden p\u00e5 din enhet? Att \u00e5terst\u00e4lla din Mac eller MacBook till ett tidigare datum kan verka sv\u00e5rt, speciellt utan Time Machine. [&hellip;]","og_url":"https:\/\/datarecovery.ping.fm\/sv\/restore-mac-to-previous-date-without-time-machine\/","og_site_name":"\u00c5terst\u00e4llningsprogram f\u00f6r Data","article_modified_time":"2024-02-19T08:21:14+00:00","og_image":[{"width":1280,"height":731,"url":"https:\/\/datarecovery.ping.fm\/wp-content\/uploads\/2024\/03\/How-to-Restore-Mac-or-MacBook-to-a-Previous-Date-Without-Time-Machine-Swedish.jpg","type":"image\/jpeg"}],"twitter_card":"summary_large_image","twitter_misc":{"Est. reading time":"6 minuter"},"schema":{"@context":"https:\/\/schema.org","@graph":[{"@type":"WebPage","@id":"https:\/\/datarecovery.ping.fm\/sv\/restore-mac-to-previous-date-without-time-machine\/","url":"https:\/\/datarecovery.ping.fm\/sv\/restore-mac-to-previous-date-without-time-machine\/","name":"Hur du \u00e5terst\u00e4ller din Mac till ett tidigare skick utan att anv\u00e4nda Time Machine","isPartOf":{"@id":"https:\/\/datarecovery.ping.fm\/sv\/#website"},"datePublished":"2024-01-09T20:54:58+00:00","dateModified":"2024-02-19T08:21:14+00:00","breadcrumb":{"@id":"https:\/\/datarecovery.ping.fm\/sv\/restore-mac-to-previous-date-without-time-machine\/#breadcrumb"},"inLanguage":"sv-SE","potentialAction":[{"@type":"ReadAction","target":["https:\/\/datarecovery.ping.fm\/sv\/restore-mac-to-previous-date-without-time-machine\/"]}]},{"@type":"BreadcrumbList","@id":"https:\/\/datarecovery.ping.fm\/sv\/restore-mac-to-previous-date-without-time-machine\/#breadcrumb","itemListElement":[{"@type":"ListItem","position":1,"name":"Home","item":"https:\/\/datarecovery.ping.fm\/sv\/"},{"@type":"ListItem","position":2,"name":"Hur man \u00e5terst\u00e4ller en Mac eller MacBook till ett tidigare datum utan att anv\u00e4nda Time Machine"}]},{"@type":"WebSite","@id":"https:\/\/datarecovery.ping.fm\/sv\/#website","url":"https:\/\/datarecovery.ping.fm\/sv\/","name":"\u00c5terst\u00e4llningsprogram f\u00f6r Data","description":"","potentialAction":[{"@type":"SearchAction","target":{"@type":"EntryPoint","urlTemplate":"https:\/\/datarecovery.ping.fm\/sv\/?s={search_term_string}"},"query-input":"required name=search_term_string"}],"inLanguage":"sv-SE"}]}},"_links":{"self":[{"href":"https:\/\/datarecovery.ping.fm\/sv\/wp-json\/wp\/v2\/pages\/16860"}],"collection":[{"href":"https:\/\/datarecovery.ping.fm\/sv\/wp-json\/wp\/v2\/pages"}],"about":[{"href":"https:\/\/datarecovery.ping.fm\/sv\/wp-json\/wp\/v2\/types\/page"}],"author":[{"embeddable":true,"href":"https:\/\/datarecovery.ping.fm\/sv\/wp-json\/wp\/v2\/users\/2"}],"replies":[{"embeddable":true,"href":"https:\/\/datarecovery.ping.fm\/sv\/wp-json\/wp\/v2\/comments?post=16860"}],"version-history":[{"count":1,"href":"https:\/\/datarecovery.ping.fm\/sv\/wp-json\/wp\/v2\/pages\/16860\/revisions"}],"predecessor-version":[{"id":31089,"href":"https:\/\/datarecovery.ping.fm\/sv\/wp-json\/wp\/v2\/pages\/16860\/revisions\/31089"}],"wp:featuredmedia":[{"embeddable":true,"href":"https:\/\/datarecovery.ping.fm\/sv\/wp-json\/wp\/v2\/media\/31090"}],"wp:attachment":[{"href":"https:\/\/datarecovery.ping.fm\/sv\/wp-json\/wp\/v2\/media?parent=16860"}],"curies":[{"name":"wp","href":"https:\/\/api.w.org\/{rel}","templated":true}]}}