{"id":16740,"date":"2024-01-10T21:18:11","date_gmt":"2024-01-10T21:18:11","guid":{"rendered":"https:\/\/www.ping.fm\/data-recovery-software\/virtual-machine-data-recovery\/"},"modified":"2024-02-19T08:21:12","modified_gmt":"2024-02-19T08:21:12","slug":"virtual-machine-data-recovery","status":"publish","type":"page","link":"https:\/\/datarecovery.ping.fm\/sv\/virtual-machine-data-recovery\/","title":{"rendered":"\u00c5terst\u00e4lla raderade filer fr\u00e5n en virtuell maskin"},"content":{"rendered":"<section>\n<h1>Hur du \u00e5terst\u00e4ller raderade filer fr\u00e5n en virtuell maskin<\/h1>\n<div class=\"inbrief\">\n<div>             <img src=\"https:\/\/www.ping.fm\/data-recovery-software\/wp-content\/uploads\/ai\/How-to-Recover-Deleted-Files-From-a-Virtual-Machine-Swedish.jpg\" alt=\"Hur du \u00e5terst\u00e4ller raderade filer fr\u00e5n en virtuell maskin\" title=\"Hur du \u00e5terst\u00e4ller raderade filer fr\u00e5n en virtuell maskin\" width=\"1280\" height=\"720\">             <\/p>\n<p>I informationsteknologins v\u00e4rld st\u00f6ter vi ofta p\u00e5 olika former av datarf\u00f6rlust; oavsett om det \u00e4r oavsiktlig borttagning, korruption eller h\u00e5rdvarufel. Som IT-professionella eller teknologiskt erfarna personer \u00e4r ett av de unikt utmanande scenarierna n\u00e4r datarf\u00f6rlust intr\u00e4ffar inom en <b>virtuell maskin<\/b> (VM). Fr\u00e5gan \u00e4r: kan data inom en VM \u00e5terst\u00e4llas? Lyckligtvis \u00e4r svaret ja, genom anv\u00e4ndning av specialiserade programvaror f\u00f6r datar\u00e4ddning. Den h\u00e4r artikeln granskar m\u00f6jligheten till <b>datar\u00e4ddning f\u00f6r virtuella maskiner<\/b> och visar hur man \u00e5terst\u00e4ller data med hj\u00e4lp av tv\u00e5 v\u00e4lrenommerade \u00e5terst\u00e4llningsverktyg, <b>R-Studio<\/b> och <b>Disk Drill<\/b>. Genom detaljerade f\u00f6rklaringar fr\u00e5n mina personliga erfarenheter med dessa applikationer, siktar jag p\u00e5 att v\u00e4gleda dig i hur du s\u00e4kert kan \u00e5terf\u00e5 dina v\u00e4rdefulla data.<\/p>\n<\/div>\n<\/div>\n<\/section>\n<section>\n<div>\n<div>1<\/div>\n<h2>Vanliga Scenarion:<\/h2>\n<\/div>\n<h3>Oavsiktlig filradering inom en VM &#128465;<\/h3>\n<ul>\n<li><b>Datarf\u00f6rlust<\/b> inom virtuella maskiner kan ofta bero p\u00e5 oavsiktlig filradering, precis som det sker med fysiska h\u00e5rddiskar.<\/li>\n<li>N\u00e4r du arbetar inom en VM kan de distinkta dynamikerna f\u00f6r virtualiserad lagring g\u00f6ra att \u00e5terst\u00e4llningsprocessen skiljer sig fr\u00e5n traditionella metoder.<\/li>\n<li><b>Virtuella diskar<\/b> som vanligtvis lagras som enskilda filer (.vmdk, .vhd) p\u00e5 v\u00e4rdystemet, kan skannas av datar\u00e4ddningsprogram.<\/li>\n<\/ul>\n<h3>VM-korruption eller fel &#128680;<\/h3>\n<ul>\n<li>H\u00e4ndelser d\u00e4r en <b>virtuell maskin<\/b> inte startar eller n\u00e4r korruption uppst\u00e5r kan ocks\u00e5 kr\u00e4va insatser f\u00f6r datar\u00e4ddning.<\/li>\n<li>Korruptionen kan p\u00e5verka VM:ens filsystem, vilket g\u00f6r att data blir otillg\u00e4ngliga genom vanliga metoder.<\/li>\n<li>Anv\u00e4ndning av <b>datar\u00e4ddningsprogram<\/b> kan vara extremt effektivt i s\u00e5dana scenarier, genom att erbjuda avancerade skanningsalternativ f\u00f6r att navigera genom korruptionen.<\/li>\n<\/ul>\n<h3>Fysisk lagringsskada som p\u00e5verkar VM:er &#128165;<\/h3>\n<ul>\n<li>Om den <b>fysiska lagringen<\/b> som huserar de virtuella diskfilerna skadas, v\u00e4cks sp\u00f6ket av betydande datarf\u00f6rlust.<\/li>\n<li>Bra \u00e5terst\u00e4llningsprogramvara kan hantera s\u00e5dana predikament, ofta kapabla att l\u00e4sa skadade sektorer f\u00f6r att \u00e5terst\u00e4lla vad data de kan.<\/li>\n<li>H\u00e4r kommer <b>R-Studio<\/b> och <b>Disk Drill<\/b> in i bilden, genom att tillhandah\u00e5lla avancerade funktioner f\u00f6r att \u00e5terst\u00e4lla data fr\u00e5n komprometterade lagringsenheter som huserar VM-data.<\/li>\n<\/ul>\n<\/section>\n<section class=\"stepByStep\">\n<div>\n<div>2<\/div>\n<h2>Steg-f\u00f6r-Steg-guide. Datar\u00e4ddning f\u00f6r virtuella maskiner:<\/h2>\n<\/div>\n<h3>Metod 1: Anv\u00e4ndning av R-Studio f\u00f6r datar\u00e4ddning av VM &#128269;<\/h3>\n<ul>\n<li>Installera och starta <b>R-Studio<\/b>. Detta m\u00e5ngsidiga verktyg kan analysera VM-diskar lika bra som det skulle g\u00f6ra med en fysisk enhet.<\/li>\n<li>Ladda in <b>den virtuella diskfilen<\/b> i R-Studio. G\u00e5 till &#8217;Enheter&#8217; -> &#8217;\u00d6ppna diskavbildning&#8217; och v\u00e4lj .vmdk- eller .vhd-filen som motsvarar din virtuella maskin.<\/li>\n<li>N\u00e4r den \u00e4r inladdad, kommer du att se diskens partitioner. Navigera till den som inneh\u00f6ll de f\u00f6rlorade datan.<\/li>\n<li>Starta <b>skanningen efter f\u00f6rlorade data<\/b>. R-Studio erbjuder en djup skanning som \u00e4r s\u00e4rskilt anv\u00e4ndbar f\u00f6r komplexa datarf\u00f6rlustscenarier.<\/li>\n<li>F\u00f6rhandsgranska och v\u00e4lj de \u00e5tervinnbara filerna, v\u00e4lj sedan en s\u00e4ker plats p\u00e5 ditt v\u00e4rdystem f\u00f6r att <b>spara de \u00e5terst\u00e4llda datan<\/b>.<\/li>\n<\/ul>\n<p><b>Notera:<\/b> Se till att du sparar de \u00e5tervunna filerna p\u00e5 en annan plats \u00e4n originalet f\u00f6r att undvika att skriva \u00f6ver potentiellt \u00e5tervinnbara data.<a href='https:\/\/www.r-studio.com\/' rel=\"nofollow noopener\" target='_blank'>R-Studio<\/a>.<\/p>\n<p><b>Slutsats:<\/b> R-Studios m\u00e5ngsidighet g\u00f6r det till ett idealiskt val f\u00f6r att \u00e5terst\u00e4lla f\u00f6rlorade data fr\u00e5n virtuella maskiner, \u00e4ven i fall av sv\u00e5r korruption eller skada.<\/p>\n<h3>Metod 2: Anv\u00e4ndning av Disk Drill f\u00f6r datar\u00e4ddning av virtuella maskiner &#127744;<\/h3>\n<ul>\n<li>Ladda ner och installera <b>Disk Drill<\/b> p\u00e5 din v\u00e4rdmaskin.<\/li>\n<li>\u00d6ppna Disk Drill och bifoga <b>den virtuella diskfilen<\/b>. Liknande R-Studio f\u00e4ster du VM:s diskfil genom att navigera till &#8217;F\u00e4st diskavbildning&#8217; och v\u00e4lja r\u00e4tt fil.<\/li>\n<li>V\u00e4lj alternativet &#8217;\u00c5terst\u00e4ll&#8217; bredvid den inladdade virtuella disken. Disk Drill kommer att inleda en omfattande skanning f\u00f6r att lokalisera raderade eller f\u00f6rlorade filer.<\/li>\n<li>Efter att skanningen \u00e4r slutf\u00f6rd, bl\u00e4ddra igenom de hittade filerna. Disk Drill tillhandah\u00e5ller en f\u00f6rhandsgranskningsfunktion som kan vara ov\u00e4rderlig f\u00f6r att identifiera datan du beh\u00f6ver \u00e5terst\u00e4lla.<\/li>\n<li>Markera de filer du vill f\u00e5 tillbaka och klicka sedan p\u00e5 &#8217;\u00c5terst\u00e4ll&#8217;-knappen f\u00f6r att <b>spara dem p\u00e5 en ny plats<\/b> p\u00e5 ditt v\u00e4rdystem.<\/li>\n<\/ul>\n<p><b>Notera:<\/b> Disk Drill m\u00f6jligg\u00f6r ocks\u00e5 skapandet av byte-till-byte-s\u00e4kerhetskopior som kan vara till hj\u00e4lp i att s\u00e4kra data innan man f\u00f6rs\u00f6ker med n\u00e5gon \u00e5terst\u00e4llnings\u00e5tg\u00e4rd.<a href='https:\/\/www.cleverfiles.com\/disk-drill-windows.html' rel=\"nofollow noopener\" target='_blank'>Disk Drill<\/a>.<\/p>\n<p><b>Slutsats:<\/b> Disk Drill erbjuder ett anv\u00e4ndarv\u00e4nligt gr\u00e4nssnitt och robusta skanningsalgoritmer, vilket f\u00f6renklar processen f\u00f6r datar\u00e4ddning av virtuella maskiner f\u00f6r anv\u00e4ndare p\u00e5 alla erfarenhetsniv\u00e5er.<\/p>\n<\/section>\n<section>\n<div>\n<div>3<\/div>\n<h2>F\u00f6rsiktighets\u00e5tg\u00e4rder och Tips:<\/h2>\n<\/div>\n<h3>Skydda dina virtuella data &#128190;<\/h3>\n<ul>\n<li>Skapa regelbundet <b>s\u00e4kerhetskopior<\/b> av dina virtuella maskindata. Detta proaktiva steg \u00e4r ov\u00e4rderligt f\u00f6r att minimera risker f\u00f6r datarf\u00f6rlust.<\/li>\n<li><b>Skriv inte \u00f6ver data<\/b> p\u00e5 k\u00e4lldisken s\u00e5 snart du inser att du f\u00f6rlorat filer inom en virtuell maskin, eftersom det kan skriva \u00f6ver f\u00f6rlorade data och g\u00f6ra \u00e5terst\u00e4llningen sv\u00e5rare.<\/li>\n<li>Anv\u00e4nd funktioner som \u00f6gonblicksbilder eller liknande som din VM-plattform erbjuder f\u00f6r att skapa \u00e5terst\u00e4llningspunkter innan du g\u00f6r stora \u00e4ndringar.<\/li>\n<li>Investera i p\u00e5litlig <b>datar\u00e4ddningsprogramvara<\/b> f\u00f6r att vara f\u00f6rberedd f\u00f6r potentiella datarf\u00f6rlustscenarier.<\/li>\n<\/ul>\n<\/section>\n<section>\n<div>\n<div>4<\/div>\n<h2>F\u00f6rst\u00e5else av virtuella maskiner och data\u00e5terst\u00e4llning<\/h2>\n<\/div>\n<p><b>Virtuella maskiner<\/b> har revolutionerat s\u00e4ttet IT-professionella och entusiaster arbetar, och erbjuder milj\u00f6er f\u00f6r testning, utveckling och till och med hosting av kritiska applikationer och tj\u00e4nster. Till skillnad fr\u00e5n fysisk h\u00e5rdvara \u00e4r en VM:s resurser &#8211; inklusive dess lagring &#8211; filer p\u00e5 v\u00e4rdsystemet, vanligtvis i format som <b>VMDK<\/b> f\u00f6r VMware eller <b>VHD<\/b> f\u00f6r Hyper-V.<\/p>\n<p>N\u00e4r det g\u00e4ller <b>data\u00e5terst\u00e4llning<\/b> inom dessa milj\u00f6er \u00e4r r\u00e4tt verktyg avg\u00f6rande. De n\u00e4mnda R-Studio och Disk Drill har byggt upp ett rykte f\u00f6r att kunna genomf\u00f6ra detaljerade skanningar inte bara av fysiska enheter utan \u00e4ven av dessa virtuella diskinl\u00e4gg, p\u00e5 jakt efter b\u00e5de existerande och tidigare raderade filer som kan \u00e5terst\u00e4llas.<\/p>\n<p>Tekniken bakom dessa data\u00e5terst\u00e4llningsverktyg involverar ofta avancerade skanningsalgoritmer som kan identifiera filsignaturer och s\u00e4tta samman f\u00f6rlorad data bit-f\u00f6r-bit. De kan arbeta runt korrupta filer, skadade partitioner och till och med fysisk sektorskada p\u00e5 v\u00e4rdenh\u00e5rdvaran.<\/p>\n<p>\u00c4ven om denna \u00e5terst\u00e4llningsprocess kan verka komplex, har b\u00e5de R-Studio och Disk Drill anv\u00e4ndargr\u00e4nssnitt och steg-f\u00f6r-steg guider som kan assistera anv\u00e4ndare genom \u00e5terst\u00e4llningsuppgifterna, och s\u00e4kerst\u00e4ller att \u00e4ven dem med begr\u00e4nsad teknisk kunskap kan f\u00f6rs\u00f6ka \u00e5terst\u00e4lla sina kritiska virtual maskin data.<\/p>\n<p>F\u00f6r <b>data\u00e5terst\u00e4llningsprofesionella<\/b>, erbjuder R-Studio ocks\u00e5 n\u00e4tverksm\u00f6jligheter, vilket till\u00e5ter f\u00f6r data\u00e5terst\u00e4llning \u00f6ver ett n\u00e4tverk, vilket \u00e4r s\u00e4rskilt anv\u00e4ndbart n\u00e4r man arbetar med virtualiserade milj\u00f6er som kan vara placerade p\u00e5 avl\u00e4gsna servrar.<\/p>\n<\/section>\n<section>\n<h2>Slutsats:<\/h2>\n<div class=\"nonp\">\n<p>I grund och botten \u00e4r <b>data\u00e5terst\u00e4llning f\u00f6r virtuella maskiner<\/b> inte bara m\u00f6jligt utan kan ocks\u00e5 genomf\u00f6ras framg\u00e5ngsrikt med verktyg som <b>R-Studio<\/b> och <b>Disk Drill<\/b>. Efter att ha f\u00f6rdjupat mig i detta omr\u00e5de har jag l\u00e4rt mig att med r\u00e4tt programvara och genom att f\u00f6lja precisa steg kan vi ofta \u00e5terskapa det som t\u00e4nktes vara f\u00f6rlorat. Kom ih\u00e5g att de mest effektiva \u00e5terst\u00e4llningsmetoderna alltid b\u00f6rjar med att f\u00f6rebygga f\u00f6rlust i f\u00f6rsta hand. D\u00e4rf\u00f6r, underh\u00e5ll regelbundna s\u00e4kerhetskopior och var f\u00f6rsiktig n\u00e4r du hanterar din virtuella maskins data f\u00f6r att minimera risken f\u00f6r att beh\u00f6va \u00e5terst\u00e4lla i f\u00f6rsta hand. Om du \u00e4nd\u00e5 finner dig sj\u00e4lv i behov av att h\u00e4mta tillbaka f\u00f6rlorad data, kan du vara s\u00e4ker p\u00e5 att du \u00e4r v\u00e4lutrustad med kunskap och verktyg f\u00f6r att hantera situationen.<\/p>\n<\/div>\n<\/section>\n","protected":false},"excerpt":{"rendered":"<p>Hur du \u00e5terst\u00e4ller raderade filer fr\u00e5n en virtuell maskin I informationsteknologins v\u00e4rld st\u00f6ter vi ofta p\u00e5 olika former av datarf\u00f6rlust; oavsett om det \u00e4r oavsiktlig borttagning, korruption eller h\u00e5rdvarufel. Som IT-professionella eller teknologiskt erfarna personer \u00e4r ett av de unikt utmanande scenarierna n\u00e4r datarf\u00f6rlust intr\u00e4ffar inom en virtuell maskin (VM). Fr\u00e5gan \u00e4r: kan data inom [&hellip;]<\/p>\n","protected":false},"author":2,"featured_media":31078,"parent":0,"menu_order":0,"comment_status":"closed","ping_status":"closed","template":"chromecast.php","meta":{"_stopmodifiedupdate":false,"_modified_date":"","_lmt_disableupdate":"yes","_lmt_disable":""},"acf":[],"yoast_head":"<!-- This site is optimized with the Yoast SEO plugin v20.9 - https:\/\/yoast.com\/wordpress\/plugins\/seo\/ -->\n<title>\u00c5terst\u00e4lla filer fr\u00e5n en virtuell maskin: En komplett guide<\/title>\n<meta name=\"robots\" content=\"index, follow, max-snippet:-1, max-image-preview:large, max-video-preview:-1\" \/>\n<link rel=\"canonical\" href=\"https:\/\/datarecovery.ping.fm\/sv\/virtual-machine-data-recovery\/\" \/>\n<meta property=\"og:locale\" content=\"sv_SE\" \/>\n<meta property=\"og:type\" content=\"article\" \/>\n<meta property=\"og:title\" content=\"\u00c5terst\u00e4lla filer fr\u00e5n en virtuell maskin: En komplett guide\" \/>\n<meta property=\"og:description\" content=\"Hur du \u00e5terst\u00e4ller raderade filer fr\u00e5n en virtuell maskin I informationsteknologins v\u00e4rld st\u00f6ter vi ofta p\u00e5 olika former av datarf\u00f6rlust; oavsett om det \u00e4r oavsiktlig borttagning, korruption eller h\u00e5rdvarufel. Som IT-professionella eller teknologiskt erfarna personer \u00e4r ett av de unikt utmanande scenarierna n\u00e4r datarf\u00f6rlust intr\u00e4ffar inom en virtuell maskin (VM). Fr\u00e5gan \u00e4r: kan data inom [&hellip;]\" \/>\n<meta property=\"og:url\" content=\"https:\/\/datarecovery.ping.fm\/sv\/virtual-machine-data-recovery\/\" \/>\n<meta property=\"og:site_name\" content=\"\u00c5terst\u00e4llningsprogram f\u00f6r Data\" \/>\n<meta property=\"article:modified_time\" content=\"2024-02-19T08:21:12+00:00\" \/>\n<meta property=\"og:image\" content=\"https:\/\/datarecovery.ping.fm\/wp-content\/uploads\/2024\/03\/How-to-Recover-Deleted-Files-From-a-Virtual-Machine-Swedish.jpg\" \/>\n\t<meta property=\"og:image:width\" content=\"1280\" \/>\n\t<meta property=\"og:image:height\" content=\"731\" \/>\n\t<meta property=\"og:image:type\" content=\"image\/jpeg\" \/>\n<meta name=\"twitter:card\" content=\"summary_large_image\" \/>\n<meta name=\"twitter:label1\" content=\"Est. reading time\" \/>\n\t<meta name=\"twitter:data1\" content=\"7 minuter\" \/>\n<script type=\"application\/ld+json\" class=\"yoast-schema-graph\">{\"@context\":\"https:\/\/schema.org\",\"@graph\":[{\"@type\":\"WebPage\",\"@id\":\"https:\/\/datarecovery.ping.fm\/sv\/virtual-machine-data-recovery\/\",\"url\":\"https:\/\/datarecovery.ping.fm\/sv\/virtual-machine-data-recovery\/\",\"name\":\"\u00c5terst\u00e4lla filer fr\u00e5n en virtuell maskin: En komplett guide\",\"isPartOf\":{\"@id\":\"https:\/\/datarecovery.ping.fm\/sv\/#website\"},\"datePublished\":\"2024-01-10T21:18:11+00:00\",\"dateModified\":\"2024-02-19T08:21:12+00:00\",\"breadcrumb\":{\"@id\":\"https:\/\/datarecovery.ping.fm\/sv\/virtual-machine-data-recovery\/#breadcrumb\"},\"inLanguage\":\"sv-SE\",\"potentialAction\":[{\"@type\":\"ReadAction\",\"target\":[\"https:\/\/datarecovery.ping.fm\/sv\/virtual-machine-data-recovery\/\"]}]},{\"@type\":\"BreadcrumbList\",\"@id\":\"https:\/\/datarecovery.ping.fm\/sv\/virtual-machine-data-recovery\/#breadcrumb\",\"itemListElement\":[{\"@type\":\"ListItem\",\"position\":1,\"name\":\"Home\",\"item\":\"https:\/\/datarecovery.ping.fm\/sv\/\"},{\"@type\":\"ListItem\",\"position\":2,\"name\":\"\u00c5terst\u00e4lla raderade filer fr\u00e5n en virtuell maskin\"}]},{\"@type\":\"WebSite\",\"@id\":\"https:\/\/datarecovery.ping.fm\/sv\/#website\",\"url\":\"https:\/\/datarecovery.ping.fm\/sv\/\",\"name\":\"\u00c5terst\u00e4llningsprogram f\u00f6r Data\",\"description\":\"\",\"potentialAction\":[{\"@type\":\"SearchAction\",\"target\":{\"@type\":\"EntryPoint\",\"urlTemplate\":\"https:\/\/datarecovery.ping.fm\/sv\/?s={search_term_string}\"},\"query-input\":\"required name=search_term_string\"}],\"inLanguage\":\"sv-SE\"}]}<\/script>\n<!-- \/ Yoast SEO plugin. -->","yoast_head_json":{"title":"\u00c5terst\u00e4lla filer fr\u00e5n en virtuell maskin: En komplett guide","robots":{"index":"index","follow":"follow","max-snippet":"max-snippet:-1","max-image-preview":"max-image-preview:large","max-video-preview":"max-video-preview:-1"},"canonical":"https:\/\/datarecovery.ping.fm\/sv\/virtual-machine-data-recovery\/","og_locale":"sv_SE","og_type":"article","og_title":"\u00c5terst\u00e4lla filer fr\u00e5n en virtuell maskin: En komplett guide","og_description":"Hur du \u00e5terst\u00e4ller raderade filer fr\u00e5n en virtuell maskin I informationsteknologins v\u00e4rld st\u00f6ter vi ofta p\u00e5 olika former av datarf\u00f6rlust; oavsett om det \u00e4r oavsiktlig borttagning, korruption eller h\u00e5rdvarufel. Som IT-professionella eller teknologiskt erfarna personer \u00e4r ett av de unikt utmanande scenarierna n\u00e4r datarf\u00f6rlust intr\u00e4ffar inom en virtuell maskin (VM). Fr\u00e5gan \u00e4r: kan data inom [&hellip;]","og_url":"https:\/\/datarecovery.ping.fm\/sv\/virtual-machine-data-recovery\/","og_site_name":"\u00c5terst\u00e4llningsprogram f\u00f6r Data","article_modified_time":"2024-02-19T08:21:12+00:00","og_image":[{"width":1280,"height":731,"url":"https:\/\/datarecovery.ping.fm\/wp-content\/uploads\/2024\/03\/How-to-Recover-Deleted-Files-From-a-Virtual-Machine-Swedish.jpg","type":"image\/jpeg"}],"twitter_card":"summary_large_image","twitter_misc":{"Est. reading time":"7 minuter"},"schema":{"@context":"https:\/\/schema.org","@graph":[{"@type":"WebPage","@id":"https:\/\/datarecovery.ping.fm\/sv\/virtual-machine-data-recovery\/","url":"https:\/\/datarecovery.ping.fm\/sv\/virtual-machine-data-recovery\/","name":"\u00c5terst\u00e4lla filer fr\u00e5n en virtuell maskin: En komplett guide","isPartOf":{"@id":"https:\/\/datarecovery.ping.fm\/sv\/#website"},"datePublished":"2024-01-10T21:18:11+00:00","dateModified":"2024-02-19T08:21:12+00:00","breadcrumb":{"@id":"https:\/\/datarecovery.ping.fm\/sv\/virtual-machine-data-recovery\/#breadcrumb"},"inLanguage":"sv-SE","potentialAction":[{"@type":"ReadAction","target":["https:\/\/datarecovery.ping.fm\/sv\/virtual-machine-data-recovery\/"]}]},{"@type":"BreadcrumbList","@id":"https:\/\/datarecovery.ping.fm\/sv\/virtual-machine-data-recovery\/#breadcrumb","itemListElement":[{"@type":"ListItem","position":1,"name":"Home","item":"https:\/\/datarecovery.ping.fm\/sv\/"},{"@type":"ListItem","position":2,"name":"\u00c5terst\u00e4lla raderade filer fr\u00e5n en virtuell maskin"}]},{"@type":"WebSite","@id":"https:\/\/datarecovery.ping.fm\/sv\/#website","url":"https:\/\/datarecovery.ping.fm\/sv\/","name":"\u00c5terst\u00e4llningsprogram f\u00f6r Data","description":"","potentialAction":[{"@type":"SearchAction","target":{"@type":"EntryPoint","urlTemplate":"https:\/\/datarecovery.ping.fm\/sv\/?s={search_term_string}"},"query-input":"required name=search_term_string"}],"inLanguage":"sv-SE"}]}},"_links":{"self":[{"href":"https:\/\/datarecovery.ping.fm\/sv\/wp-json\/wp\/v2\/pages\/16740"}],"collection":[{"href":"https:\/\/datarecovery.ping.fm\/sv\/wp-json\/wp\/v2\/pages"}],"about":[{"href":"https:\/\/datarecovery.ping.fm\/sv\/wp-json\/wp\/v2\/types\/page"}],"author":[{"embeddable":true,"href":"https:\/\/datarecovery.ping.fm\/sv\/wp-json\/wp\/v2\/users\/2"}],"replies":[{"embeddable":true,"href":"https:\/\/datarecovery.ping.fm\/sv\/wp-json\/wp\/v2\/comments?post=16740"}],"version-history":[{"count":1,"href":"https:\/\/datarecovery.ping.fm\/sv\/wp-json\/wp\/v2\/pages\/16740\/revisions"}],"predecessor-version":[{"id":31077,"href":"https:\/\/datarecovery.ping.fm\/sv\/wp-json\/wp\/v2\/pages\/16740\/revisions\/31077"}],"wp:featuredmedia":[{"embeddable":true,"href":"https:\/\/datarecovery.ping.fm\/sv\/wp-json\/wp\/v2\/media\/31078"}],"wp:attachment":[{"href":"https:\/\/datarecovery.ping.fm\/sv\/wp-json\/wp\/v2\/media?parent=16740"}],"curies":[{"name":"wp","href":"https:\/\/api.w.org\/{rel}","templated":true}]}}