{"id":16620,"date":"2024-01-11T16:45:36","date_gmt":"2024-01-11T16:45:36","guid":{"rendered":"https:\/\/www.ping.fm\/data-recovery-software\/mac-ssd-data-recovery\/"},"modified":"2024-02-19T08:21:11","modified_gmt":"2024-02-19T08:21:11","slug":"mac-ssd-data-recovery","status":"publish","type":"page","link":"https:\/\/datarecovery.ping.fm\/sv\/mac-ssd-data-recovery\/","title":{"rendered":"Hur man \u00e5terst\u00e4ller filer som raderats fr\u00e5n en SSD p\u00e5 en MacBook"},"content":{"rendered":"<section>\n<h1>Hur man \u00e5terst\u00e4ller raderade filer fr\u00e5n SSD p\u00e5 MacBook<\/h1>\n<div class=\"inbrief\">\n<div>&#13;             <img decoding=\"async\" class=\"lazyload\"  srcset=\"data:image\/png;base64,iVBORw0KGgoAAAANSUhEUgAABLAAAAKkAQMAAAAqeFQ7AAAAA3NCSVQICAjb4U\/gAAAABlBMVEX\/\/\/\/\/\/\/9VfPVsAAAAAnRSTlMA\/1uRIrUAAAAJcEhZcwAACxIAAAsSAdLdfvwAAAAcdEVYdFNvZnR3YXJlAEFkb2JlIEZpcmV3b3JrcyBDUzbovLKMAAAAFnRFWHRDcmVhdGlvbiBUaW1lADAxLzI5LzE536V52wAAAHpJREFUeJztwQENAAAAwqD3T20ON6AAAAAAAAAAAAAAAAAAAAAAAAAAAAAAAAAAAAAAAAAAAAAAAAAAAAAAAAAAAAAAAAAAAAAAAAAAAAAAAAAAAAAAAAAAAAAAAAAAAAAAAAAAAAAAAAAAAAAAAAAAAAAAAAAAAIAHA47LAAHp9LjEAAAAAElFTkSuQmCC\" src=\"https:\/\/www.ping.fm\/data-recovery-software\/wp-content\/uploads\/ai\/How-to-Recover-Deleted-Files-from-SSD-on-Macbook-Swedish.jpg\" data-srcset=\"https:\/\/www.ping.fm\/data-recovery-software\/wp-content\/uploads\/ai\/How-to-Recover-Deleted-Files-from-SSD-on-Macbook-Swedish.jpg\" data-lazy-type=\"image\" data-original=\"https:\/\/www.ping.fm\/data-recovery-software\/wp-content\/uploads\/ai\/How-to-Recover-Deleted-Files-from-SSD-on-Macbook-Swedish.jpg\" alt=\"Hur man \u00e5terst\u00e4ller raderade filer fr\u00e5n SSD p\u00e5 Macbook\" title=\"Hur man \u00e5terst\u00e4ller raderade filer fr\u00e5n SSD p\u00e5 Macbook\" width=\"1280\" height=\"720\">&#13;             <\/p>\n<p>Om du n\u00e5gonsin har hamnat i den olyckliga situationen att av misstag ha raderat en fil p\u00e5 din MacBook, s\u00e4rskilt fr\u00e5n en SSD, f\u00f6rst\u00e5r du den sjunkande k\u00e4nslan som f\u00f6ljer med f\u00f6rlusten av viktiga data. Lyckligtvis erbjuder teknikens framsteg och tillg\u00e4ngligheten av olika data\u00e5terst\u00e4llningsverktyg ett ljus i m\u00f6rkret. I denna artikel kommer vi att utforska flera metoder f\u00f6r att \u00e5terst\u00e4lla raderade filer fr\u00e5n en SSD p\u00e5 en MacBook, baserat p\u00e5 verkliga erfarenheter och bepr\u00f6vade steg.<\/p>\n<\/div>\n<\/div>\n<\/section>\n<p>&#13;             <\/p>\n<section>\n<div>\n<div>1<\/div>\n<h2>Vanliga scenarier:<\/h2>\n<\/div>\n<h3>Slumpm\u00e4ssig Radering  \ufe0f<\/h3>\n<ul>\n<li>En av de vanligaste scenarierna \u00e4r den <b>slumpm\u00e4ssiga raderingen av filer eller mappar<\/b>. Vare sig det \u00e4r ett slarv med musen eller ett missf\u00f6rst\u00e5tt kommando, kan filer f\u00f6rsvinna i ett \u00f6gonblick.<\/li>\n<li>T\u00f6mde <b>Papperskorgen<\/b> utan att ordentligt kontrollera inneh\u00e5llet, vilket ledde till f\u00f6rlust av viktiga filer.<\/li>\n<\/ul>\n<h3>Formatteringsolyckor  \ufe0f<\/h3>\n<ul>\n<li>Ett annat scenario d\u00e4r filer kan g\u00e5 f\u00f6rlorade \u00e4r det <b>oavsiktliga formateringen<\/b> av SSD-partitionen. Det \u00e4r l\u00e4tt att v\u00e4lja fel enhet n\u00e4r man f\u00f6rs\u00f6ker st\u00e4da upp eller \u00e5teranv\u00e4nda lagring.<\/li>\n<\/ul>\n<h3>Korrupta filer och infektioner  <\/h3>\n<ul>\n<li>Filer kan bli korrupta p\u00e5 grund av systemfel eller programvarufel, vilket g\u00f6r dem o\u00e5tkomliga. Dessutom kan <b>skadlig programvara<\/b> leda till datarf\u00f6rlust eftersom filer ofta raderas eller krypteras av elak programvara.<\/li>\n<\/ul>\n<\/section>\n<p>&#13;             <\/p>\n<section class=\"stepByStep\">\n<div>\n<div>2<\/div>\n<h2>Steg-f\u00f6r-steg guide. Data\u00e5terst\u00e4llning f\u00f6r Mac SSD:<\/h2>\n<\/div>\n<h3>Metod 1: Kontrollera Papperskorgen  \ufe0f<\/h3>\n<ul>\n<li>B\u00f6rja med att <b>\u00f6ppna Papperskorgen<\/b> p\u00e5 din MacBook f\u00f6r att kontrollera om din raderade fil fortfarande finns d\u00e4r.<\/li>\n<li>Om du hittar din fil kan du <b>h\u00f6gerklicka<\/b> p\u00e5 den och v\u00e4lja <b>&#8217;\u00c5terst\u00e4ll&#8217;<\/b> f\u00f6r att \u00e5terst\u00e4lla den till sin ursprungliga plats.<\/li>\n<\/ul>\n<p><b>Obs:<\/b> Filer stannar i Papperskorgen tills den t\u00f6ms eller filerna tas bort manuellt.<\/p>\n<p><b>Slutsats:<\/b> Denna metod \u00e4r den enklaste utan extra verktyg som beh\u00f6vs, men den fungerar bara om Papperskorgen inte har t\u00f6mts.<\/p>\n<h3>Metod 2: Anv\u00e4nd Time Machine Backup \u23f0<\/h3>\n<ul>\n<li>Anslut den externa enheten som inneh\u00e5ller din <b>Time Machine-backup<\/b> till din MacBook.<\/li>\n<li>\u00d6ppna Time Machine fr\u00e5n Systeminst\u00e4llningarna eller genom att klicka p\u00e5 Time Machine-ikonen i menyraden.<\/li>\n<li>Navigera genom backuperna f\u00f6r att hitta de filer eller mappar du vill \u00e5terst\u00e4lla och klicka p\u00e5 <b>&#8217;\u00c5terst\u00e4ll&#8217;<\/b>.<\/li>\n<\/ul>\n<p><b>Obs:<\/b> Denna metod bygger p\u00e5 att du har en aktuell backup av dina data.<\/p>\n<p><b>Slutsats:<\/b> Time Machine \u00e4r en utm\u00e4rkt inbyggd \u00e5terst\u00e4llningsl\u00f6sning, f\u00f6rutsatt att regelbundna backuper underh\u00e5lls.<\/p>\n<h3>Metod 3: Data\u00e5terst\u00e4llningsprogramvara  <\/h3>\n<ul>\n<li>Ladda ner och installera ett p\u00e5litligt <b>data\u00e5terst\u00e4llningsprogram<\/b> som Disk Drill.<\/li>\n<li>K\u00f6r programvaran och v\u00e4lj din SSD som m\u00e5l f\u00f6r data\u00e5terst\u00e4llning.<\/li>\n<li>F\u00f6lj instruktionerna p\u00e5 sk\u00e4rmen f\u00f6r att skanna efter \u00e5terst\u00e4llningsbara filer.<\/li>\n<li>F\u00f6rhandsgranska och v\u00e4lj de filer du vill \u00e5terst\u00e4lla och v\u00e4lj ett \u00e5terst\u00e4llningsm\u00e5l som \u00e4r skilt fr\u00e5n k\u00e4ll-SSD:n.<\/li>\n<\/ul>\n<p><b>Obs:<\/b> Undvik att installera programvaran p\u00e5 samma partition d\u00e4r filer har g\u00e5tt f\u00f6rlorade.<\/p>\n<p><b>Slutsats:<\/b> Data\u00e5terst\u00e4llningsprogram kan vara mycket effektiva men kan inte alltid garantera fil\u00e5terst\u00e4llning, s\u00e4rskilt p\u00e5 SSD:er.<\/p>\n<h3>Metod 4: Anv\u00e4nda Terminalkommandon  <\/h3>\n<ul>\n<li>\u00d6ppna <b>Terminal<\/b> p\u00e5 din Mac och anv\u00e4nd kommandon som <b>&#8217;tmutil&#8217;<\/b> f\u00f6r att interagera med Time Machine via kommandoraden.<\/li>\n<li>F\u00f6rs\u00f6k \u00e5terst\u00e4lla filer genom att navigera genom backuper med l\u00e4mpliga kommandon.<\/li>\n<li>Se till att du har en god f\u00f6rst\u00e5else av Terminalkommandon innan du forts\u00e4tter, d\u00e5 felaktig anv\u00e4ndning kan leda till ytterligare datarf\u00f6rlust.<\/li>\n<\/ul>\n<p><b>Obs:<\/b> Denna metod \u00e4r f\u00f6r erfarna anv\u00e4ndare bekv\u00e4ma med macOS kommandoradsgr\u00e4nssnitt.<\/p>\n<p><b>Slutsats:<\/b> Att anv\u00e4nda Terminal kan vara ett kraftfullt s\u00e4tt att \u00e5terst\u00e4lla filer, men det inneb\u00e4r inneboende risker om kommandona anv\u00e4nds felaktigt.<\/p>\n<h3>Metod 5: Kontakta professionell data\u00e5terst\u00e4llningstj\u00e4nst  <\/h3>\n<ul>\n<li>Om ovanst\u00e5ende metoder misslyckas, \u00f6verv\u00e4ga att s\u00f6ka hj\u00e4lp fr\u00e5n en <b>professionell data\u00e5terst\u00e4llningstj\u00e4nst<\/b>. De har specialiserade verktyg och renrumsmilj\u00f6er som kan maximera chanserna f\u00f6r \u00e5terst\u00e4llning.<\/li>\n<\/ul>\n<p><b>Obs:<\/b> Detta alternativ kan vara kostsamt och b\u00f6r ses som en sista utv\u00e4g.<\/p>\n<p><b>Slutsats:<\/b> Professionella \u00e5terst\u00e4llningstj\u00e4nster erbjuder den b\u00e4sta chansen till \u00e5terst\u00e4llning f\u00f6r kritiskt viktiga data.<\/p>\n<\/section>\n<section>\n<div>\n<div>3<\/div>\n<h2>Youtube-video att titta p\u00e5<\/h2>\n<\/div>\n<div class=\"iframe\"><span class=\"lazyload\" data-original_content=\"PGlmcmFtZSB3aWR0aD0iNDIwIiBoZWlnaHQ9IjMxNSIgc3JjPSIvL3d3dy55b3V0dWJlLmNvbS9lbWJlZC9IUE9ycjhZR3BZZyIgZnJhbWVib3JkZXI9IjAiIGFsbG93ZnVsbHNjcmVlbj48L2lmcmFtZT4=\"><\/span><\/div>\n<\/section>\n<section>\n<div>\n<div>4<\/div>\n<h2>F\u00f6rsiktighets\u00e5tg\u00e4rder och Tips:<\/h2>\n<\/div>\n<h3>Omedelbara \u00e5tg\u00e4rder efter radering &#9889;<\/h3>\n<ul>\n<li>Sluta anv\u00e4nda SSD-disken omedelbart f\u00f6r att undvika att skriva \u00f6ver n\u00e5gra data som kan vara \u00e5terst\u00e4llningsbara.<\/li>\n<li><b>Installera inte<\/b> nya applikationer eller spara nya filer p\u00e5 den enhet d\u00e4r datan f\u00f6rlorades.<\/li>\n<\/ul>\n<\/section>\n<p>&#13; <\/p>\n<section>\n<div>\n<div>5<\/div>\n<h2>F\u00f6rst\u00e5else f\u00f6r \u00c5terst\u00e4llning av Data p\u00e5 SSD<\/h2>\n<\/div>\n<p>Data\u00e5terst\u00e4llning fr\u00e5n SSD-enheter fungerar annorlunda \u00e4n traditionella h\u00e5rddiskar p\u00e5 grund av att SSD-enheter anv\u00e4nder TRIM-teknik. TRIM hj\u00e4lper till att uppr\u00e4tth\u00e5lla prestandan f\u00f6r SSD:er genom att rensa block av data som inte l\u00e4ngre anv\u00e4nds, vilket komplicerar \u00e5terst\u00e4llningsprocessen n\u00e4r en fil har tagits bort. Att f\u00f6rst\u00e5 hur SSD:er hanterar data kan vara avg\u00f6rande f\u00f6r att utforma en \u00e5terst\u00e4llningsstrategi. Dock kan chanserna f\u00f6r \u00e5terst\u00e4llning f\u00f6rb\u00e4ttras med r\u00e4tt teknik och omedelbara \u00e5tg\u00e4rder.<\/p>\n<p>D\u00e4rtill, genom att bekanta dig med begreppet <b>Wear Leveling<\/b> i SSD:er, som distribuerar skrivningar och raderingar j\u00e4mnt \u00f6ver minnesmediet, kan ge perspektiv p\u00e5 de utmaningar som man st\u00f6ter p\u00e5 vid f\u00f6rs\u00f6k att \u00e5terst\u00e4lla f\u00f6rlorad data fr\u00e5n dessa enheter.<\/p>\n<\/section>\n<p>&#13; <\/p>\n<section>\n<h2>Slutsats:<\/h2>\n<div class=\"nonp\">\n<p>Sammanfattat kan det vara utmanande att \u00e5terst\u00e4lla raderade filer fr\u00e5n en SSD p\u00e5 en MacBook, men det \u00e4r inte om\u00f6jligt. Genom att anv\u00e4nda l\u00e4mplig metod och omedelbart vidta \u00e5tg\u00e4rder f\u00f6r att f\u00f6rhindra att data skrivs \u00f6ver, har du goda chanser att f\u00e5 tillbaka dina v\u00e4rdefulla filer. Oavsett om det handlar om att kontrollera Papperskorgen, \u00e5terst\u00e4lla fr\u00e5n Time Machine-s\u00e4kerhetskopia, anv\u00e4nda programvara f\u00f6r data\u00e5terst\u00e4llning, eller till och med s\u00f6ka professionell hj\u00e4lp, har varje metod sina f\u00f6rdelar. Kom ih\u00e5g att alltid h\u00e5lla regelbundna s\u00e4kerhetskopior av dina data f\u00f6r att undvika panik vid potentiell dataf\u00f6rlust. Lycka till!<\/p>\n<\/div>\n<\/section>\n","protected":false},"excerpt":{"rendered":"<p>Hur man \u00e5terst\u00e4ller raderade filer fr\u00e5n SSD p\u00e5 MacBook &#13; &#13; Om du n\u00e5gonsin har hamnat i den olyckliga situationen att av misstag ha raderat en fil p\u00e5 din MacBook, s\u00e4rskilt fr\u00e5n en SSD, f\u00f6rst\u00e5r du den sjunkande k\u00e4nslan som f\u00f6ljer med f\u00f6rlusten av viktiga data. Lyckligtvis erbjuder teknikens framsteg och tillg\u00e4ngligheten av olika data\u00e5terst\u00e4llningsverktyg [&hellip;]<\/p>\n","protected":false},"author":2,"featured_media":31066,"parent":0,"menu_order":0,"comment_status":"closed","ping_status":"closed","template":"chromecast.php","meta":{"_stopmodifiedupdate":false,"_modified_date":"","_lmt_disableupdate":"yes","_lmt_disable":""},"acf":[],"yoast_head":"<!-- This site is optimized with the Yoast SEO plugin v20.9 - https:\/\/yoast.com\/wordpress\/plugins\/seo\/ -->\n<title>Hur man \u00e5terst\u00e4ller raderade filer fr\u00e5n en MacBook SSD: Huvudmetoder<\/title>\n<meta name=\"robots\" content=\"index, follow, max-snippet:-1, max-image-preview:large, max-video-preview:-1\" \/>\n<link rel=\"canonical\" href=\"https:\/\/datarecovery.ping.fm\/sv\/mac-ssd-data-recovery\/\" \/>\n<meta property=\"og:locale\" content=\"sv_SE\" \/>\n<meta property=\"og:type\" content=\"article\" \/>\n<meta property=\"og:title\" content=\"Hur man \u00e5terst\u00e4ller raderade filer fr\u00e5n en MacBook SSD: Huvudmetoder\" \/>\n<meta property=\"og:description\" content=\"Hur man \u00e5terst\u00e4ller raderade filer fr\u00e5n SSD p\u00e5 MacBook &#013; &#013; Om du n\u00e5gonsin har hamnat i den olyckliga situationen att av misstag ha raderat en fil p\u00e5 din MacBook, s\u00e4rskilt fr\u00e5n en SSD, f\u00f6rst\u00e5r du den sjunkande k\u00e4nslan som f\u00f6ljer med f\u00f6rlusten av viktiga data. Lyckligtvis erbjuder teknikens framsteg och tillg\u00e4ngligheten av olika data\u00e5terst\u00e4llningsverktyg [&hellip;]\" \/>\n<meta property=\"og:url\" content=\"https:\/\/datarecovery.ping.fm\/sv\/mac-ssd-data-recovery\/\" \/>\n<meta property=\"og:site_name\" content=\"\u00c5terst\u00e4llningsprogram f\u00f6r Data\" \/>\n<meta property=\"article:modified_time\" content=\"2024-02-19T08:21:11+00:00\" \/>\n<meta property=\"og:image\" content=\"https:\/\/datarecovery.ping.fm\/wp-content\/uploads\/2024\/03\/How-to-Recover-Deleted-Files-from-SSD-on-Macbook-Swedish.jpg\" \/>\n\t<meta property=\"og:image:width\" content=\"1280\" \/>\n\t<meta property=\"og:image:height\" content=\"731\" \/>\n\t<meta property=\"og:image:type\" content=\"image\/jpeg\" \/>\n<meta name=\"twitter:card\" content=\"summary_large_image\" \/>\n<meta name=\"twitter:label1\" content=\"Est. reading time\" \/>\n\t<meta name=\"twitter:data1\" content=\"5 minuter\" \/>\n<script type=\"application\/ld+json\" class=\"yoast-schema-graph\">{\"@context\":\"https:\/\/schema.org\",\"@graph\":[{\"@type\":\"WebPage\",\"@id\":\"https:\/\/datarecovery.ping.fm\/sv\/mac-ssd-data-recovery\/\",\"url\":\"https:\/\/datarecovery.ping.fm\/sv\/mac-ssd-data-recovery\/\",\"name\":\"Hur man \u00e5terst\u00e4ller raderade filer fr\u00e5n en MacBook SSD: Huvudmetoder\",\"isPartOf\":{\"@id\":\"https:\/\/datarecovery.ping.fm\/sv\/#website\"},\"datePublished\":\"2024-01-11T16:45:36+00:00\",\"dateModified\":\"2024-02-19T08:21:11+00:00\",\"breadcrumb\":{\"@id\":\"https:\/\/datarecovery.ping.fm\/sv\/mac-ssd-data-recovery\/#breadcrumb\"},\"inLanguage\":\"sv-SE\",\"potentialAction\":[{\"@type\":\"ReadAction\",\"target\":[\"https:\/\/datarecovery.ping.fm\/sv\/mac-ssd-data-recovery\/\"]}]},{\"@type\":\"BreadcrumbList\",\"@id\":\"https:\/\/datarecovery.ping.fm\/sv\/mac-ssd-data-recovery\/#breadcrumb\",\"itemListElement\":[{\"@type\":\"ListItem\",\"position\":1,\"name\":\"Home\",\"item\":\"https:\/\/datarecovery.ping.fm\/sv\/\"},{\"@type\":\"ListItem\",\"position\":2,\"name\":\"Hur man \u00e5terst\u00e4ller filer som raderats fr\u00e5n en SSD p\u00e5 en MacBook\"}]},{\"@type\":\"WebSite\",\"@id\":\"https:\/\/datarecovery.ping.fm\/sv\/#website\",\"url\":\"https:\/\/datarecovery.ping.fm\/sv\/\",\"name\":\"\u00c5terst\u00e4llningsprogram f\u00f6r Data\",\"description\":\"\",\"potentialAction\":[{\"@type\":\"SearchAction\",\"target\":{\"@type\":\"EntryPoint\",\"urlTemplate\":\"https:\/\/datarecovery.ping.fm\/sv\/?s={search_term_string}\"},\"query-input\":\"required name=search_term_string\"}],\"inLanguage\":\"sv-SE\"}]}<\/script>\n<!-- \/ Yoast SEO plugin. -->","yoast_head_json":{"title":"Hur man \u00e5terst\u00e4ller raderade filer fr\u00e5n en MacBook SSD: Huvudmetoder","robots":{"index":"index","follow":"follow","max-snippet":"max-snippet:-1","max-image-preview":"max-image-preview:large","max-video-preview":"max-video-preview:-1"},"canonical":"https:\/\/datarecovery.ping.fm\/sv\/mac-ssd-data-recovery\/","og_locale":"sv_SE","og_type":"article","og_title":"Hur man \u00e5terst\u00e4ller raderade filer fr\u00e5n en MacBook SSD: Huvudmetoder","og_description":"Hur man \u00e5terst\u00e4ller raderade filer fr\u00e5n SSD p\u00e5 MacBook &#13; &#13; Om du n\u00e5gonsin har hamnat i den olyckliga situationen att av misstag ha raderat en fil p\u00e5 din MacBook, s\u00e4rskilt fr\u00e5n en SSD, f\u00f6rst\u00e5r du den sjunkande k\u00e4nslan som f\u00f6ljer med f\u00f6rlusten av viktiga data. Lyckligtvis erbjuder teknikens framsteg och tillg\u00e4ngligheten av olika data\u00e5terst\u00e4llningsverktyg [&hellip;]","og_url":"https:\/\/datarecovery.ping.fm\/sv\/mac-ssd-data-recovery\/","og_site_name":"\u00c5terst\u00e4llningsprogram f\u00f6r Data","article_modified_time":"2024-02-19T08:21:11+00:00","og_image":[{"width":1280,"height":731,"url":"https:\/\/datarecovery.ping.fm\/wp-content\/uploads\/2024\/03\/How-to-Recover-Deleted-Files-from-SSD-on-Macbook-Swedish.jpg","type":"image\/jpeg"}],"twitter_card":"summary_large_image","twitter_misc":{"Est. reading time":"5 minuter"},"schema":{"@context":"https:\/\/schema.org","@graph":[{"@type":"WebPage","@id":"https:\/\/datarecovery.ping.fm\/sv\/mac-ssd-data-recovery\/","url":"https:\/\/datarecovery.ping.fm\/sv\/mac-ssd-data-recovery\/","name":"Hur man \u00e5terst\u00e4ller raderade filer fr\u00e5n en MacBook SSD: Huvudmetoder","isPartOf":{"@id":"https:\/\/datarecovery.ping.fm\/sv\/#website"},"datePublished":"2024-01-11T16:45:36+00:00","dateModified":"2024-02-19T08:21:11+00:00","breadcrumb":{"@id":"https:\/\/datarecovery.ping.fm\/sv\/mac-ssd-data-recovery\/#breadcrumb"},"inLanguage":"sv-SE","potentialAction":[{"@type":"ReadAction","target":["https:\/\/datarecovery.ping.fm\/sv\/mac-ssd-data-recovery\/"]}]},{"@type":"BreadcrumbList","@id":"https:\/\/datarecovery.ping.fm\/sv\/mac-ssd-data-recovery\/#breadcrumb","itemListElement":[{"@type":"ListItem","position":1,"name":"Home","item":"https:\/\/datarecovery.ping.fm\/sv\/"},{"@type":"ListItem","position":2,"name":"Hur man \u00e5terst\u00e4ller filer som raderats fr\u00e5n en SSD p\u00e5 en MacBook"}]},{"@type":"WebSite","@id":"https:\/\/datarecovery.ping.fm\/sv\/#website","url":"https:\/\/datarecovery.ping.fm\/sv\/","name":"\u00c5terst\u00e4llningsprogram f\u00f6r Data","description":"","potentialAction":[{"@type":"SearchAction","target":{"@type":"EntryPoint","urlTemplate":"https:\/\/datarecovery.ping.fm\/sv\/?s={search_term_string}"},"query-input":"required name=search_term_string"}],"inLanguage":"sv-SE"}]}},"_links":{"self":[{"href":"https:\/\/datarecovery.ping.fm\/sv\/wp-json\/wp\/v2\/pages\/16620"}],"collection":[{"href":"https:\/\/datarecovery.ping.fm\/sv\/wp-json\/wp\/v2\/pages"}],"about":[{"href":"https:\/\/datarecovery.ping.fm\/sv\/wp-json\/wp\/v2\/types\/page"}],"author":[{"embeddable":true,"href":"https:\/\/datarecovery.ping.fm\/sv\/wp-json\/wp\/v2\/users\/2"}],"replies":[{"embeddable":true,"href":"https:\/\/datarecovery.ping.fm\/sv\/wp-json\/wp\/v2\/comments?post=16620"}],"version-history":[{"count":1,"href":"https:\/\/datarecovery.ping.fm\/sv\/wp-json\/wp\/v2\/pages\/16620\/revisions"}],"predecessor-version":[{"id":31065,"href":"https:\/\/datarecovery.ping.fm\/sv\/wp-json\/wp\/v2\/pages\/16620\/revisions\/31065"}],"wp:featuredmedia":[{"embeddable":true,"href":"https:\/\/datarecovery.ping.fm\/sv\/wp-json\/wp\/v2\/media\/31066"}],"wp:attachment":[{"href":"https:\/\/datarecovery.ping.fm\/sv\/wp-json\/wp\/v2\/media?parent=16620"}],"curies":[{"name":"wp","href":"https:\/\/api.w.org\/{rel}","templated":true}]}}