{"id":16454,"date":"2024-01-10T20:46:38","date_gmt":"2024-01-10T20:46:38","guid":{"rendered":"https:\/\/www.ping.fm\/data-recovery-software\/recover-d-drive-data\/"},"modified":"2024-02-19T08:21:09","modified_gmt":"2024-02-19T08:21:09","slug":"recover-d-drive-data","status":"publish","type":"page","link":"https:\/\/datarecovery.ping.fm\/sv\/recover-d-drive-data\/","title":{"rendered":"Hur man \u00e5terst\u00e4ller raderade filer fr\u00e5n D: -enheten i Windows-operativsystemet"},"content":{"rendered":"<section>\n<h1>Hur man \u00e5terst\u00e4ller raderade filer fr\u00e5n D-enheten p\u00e5 Windows<\/h1>\n<div class=\"inbrief\">\n<div>             <img src=\"https:\/\/www.ping.fm\/data-recovery-software\/wp-content\/uploads\/ai\/How-to-Recover-Deleted-Files-From-D-Drive-on-Windows-Swedish.jpg\" alt=\"Hur man \u00e5terst\u00e4ller raderade filer fr\u00e5n D-enheten p\u00e5 Windows\" title=\"Hur man \u00e5terst\u00e4ller raderade filer fr\u00e5n D-enheten p\u00e5 Windows\" width=\"1280\" height=\"720\">             <\/p>\n<p>Att f\u00f6rlora data fr\u00e5n din <b>D-enhet<\/b> kan vara oroande, speciellt om den inneh\u00e5ller viktiga filer och dokument. Lyckligtvis finns det p\u00e5litliga metoder f\u00f6r att <b>\u00e5terst\u00e4lla<\/b> denna data eller till och med hela den <b>raderade D-enheten<\/b>. Som n\u00e5gon som har upplevt detta sj\u00e4lv, kommer jag att guida dig genom flera tekniker jag har anv\u00e4nt f\u00f6r att \u00e5terf\u00e5 min kritiska data, inklusive anv\u00e4ndning av p\u00e5litliga programvaror som <b>Disk Drill<\/b>. <a href='https:\/\/www.cleverfiles.com\/disk-drill-windows.html' rel=\"nofollow noopener\" target='_blank'>Disk Drill<\/a> \u00e4r ett robust \u00e5terst\u00e4llningsverktyg som har hj\u00e4lpt mig att f\u00e5 tillbaka mina filer, och jag kommer att guida dig genom processen.<\/p>\n<\/div>\n<\/div>\n<\/section>\n<section>\n<div>\n<div>1<\/div>\n<h2>Vanliga Scenarier:<\/h2>\n<\/div>\n<h3>Oavsiktlig Radering &#128465;<\/h3>\n<ul>\n<li>Jag tryckte oavsiktligt p\u00e5 &#8221;Shift + Delete&#8221; och raderade permanent viktiga filer p\u00e5 min <b>D-enhet<\/b>.<\/li>\n<li>Att inte ha s\u00e4kerhetskopior gjorde situationen mer stressande.<\/li>\n<\/ul>\n<h3>Enhetens Korruption &#128736;<\/h3>\n<ul>\n<li>Min <b>D-enhet<\/b> blev otillg\u00e4nglig p\u00e5 grund av korruption orsakad av skadlig programvara.<\/li>\n<li>Att f\u00f6rs\u00f6ka komma \u00e5t den ledde till felmeddelanden, vilket hindrade min tillg\u00e5ng till mina data.<\/li>\n<\/ul>\n<h3>Problem med Partitions Tabellen &#128189;<\/h3>\n<ul>\n<li>Partitionstabellen p\u00e5 min <b>D-enhet<\/b> skadades, vilket orsakade att partitionen f\u00f6rsvann helt.<\/li>\n<li>Min dator k\u00e4nde inte igen enheten i Diskhantering l\u00e4ngre.<\/li>\n<\/ul>\n<\/section>\n<section class=\"stepByStep\">\n<div>\n<div>2<\/div>\n<h2>Steg-f\u00f6r-Steg Guide. \u00c5terst\u00e4llning av D-enheten:<\/h2>\n<\/div>\n<h3>Metod 1: \u00c5terst\u00e4ll fr\u00e5n Papperskorgen &#128465;<\/h3>\n<ul>\n<li>\u00d6ppna Papperskorgen genom att dubbelklicka p\u00e5 dess ikon p\u00e5 ditt Skrivbord.<\/li>\n<li>Sortera filerna efter plats eller datum d\u00e5 de raderades f\u00f6r att hitta de fr\u00e5n <b>D-enheten<\/b>.<\/li>\n<li>V\u00e4lj filerna, h\u00f6gerklicka och v\u00e4lj &#8221;\u00c5terst\u00e4ll&#8221; f\u00f6r att \u00e5terf\u00e5 dem till deras ursprungliga plats.<\/li>\n<\/ul>\n<p><b>Obs:<\/b> Denna metod fungerar endast om filerna inte raderades permanent och Papperskorgen inte har t\u00f6mts.<\/p>\n<p><b>Slutsats:<\/b> Att \u00e5terst\u00e4lla fr\u00e5n Papperskorgen \u00e4r den enklaste formen av data\u00e5terst\u00e4llning, men den har sina begr\u00e4nsningar och \u00e4r kanske inte alltid effektiv.<\/p>\n<h3>Metod 2: Anv\u00e4nd Disk Drill &#128736;<\/h3>\n<ul>\n<li>Ladda ner och installera Disk Drill fr\u00e5n den officiella webbplatsen <a href='https:\/\/www.cleverfiles.com\/disk-drill-windows.html' rel=\"nofollow noopener\" target='_blank'>h\u00e4r<\/a>.<\/li>\n<li>Starta Disk Drill, v\u00e4lj <b>D-enheten<\/b> och klicka p\u00e5 &#8221;\u00c5terst\u00e4ll&#8221; f\u00f6r att b\u00f6rja skanningsprocessen.<\/li>\n<li>Efter att skanningen \u00e4r klar, f\u00f6rhandsgranska de hittade filerna och v\u00e4lj de du vill \u00e5terst\u00e4lla.<\/li>\n<li>V\u00e4lj en \u00e5terst\u00e4llningsplats som \u00e4r annorlunda \u00e4n <b>D-enheten<\/b> f\u00f6r att f\u00f6rhindra potentiell \u00f6verskrivning av data.<\/li>\n<li>Klicka p\u00e5 &#8221;\u00c5terst\u00e4ll&#8221; f\u00f6r att slutf\u00f6ra processen.<\/li>\n<\/ul>\n<p><b>Obs:<\/b> Se till att inte installera Disk Drill p\u00e5 D-enheten f\u00f6r att undvika att skriva \u00f6ver f\u00f6rlorade data.<\/p>\n<p><b>Slutsats:<\/b> Att anv\u00e4nda Disk Drill \u00e4r ett effektivt s\u00e4tt att \u00e5terf\u00e5 f\u00f6rlorad data, med ett anv\u00e4ndarv\u00e4nligt gr\u00e4nssnitt och kraftfulla \u00e5terst\u00e4llningsalgoritmer.<\/p>\n<h3>Metod 3: \u00c5terst\u00e4llning med File History &#128338;<\/h3>\n<ul>\n<li>Navigera till &#8221;Kontrollpanelen&#8221; och klicka p\u00e5 &#8221;System och s\u00e4kerhet&#8221;, sedan &#8221;File History&#8221;.<\/li>\n<li>V\u00e4lj &#8221;\u00c5terst\u00e4ll personliga filer&#8221; och navigera genom s\u00e4kerhetskopior f\u00f6r att hitta dina filer.<\/li>\n<li>Klicka p\u00e5 &#8221;\u00c5terst\u00e4ll&#8221; f\u00f6r att f\u00f6ra tillbaka filerna till deras ursprungliga plats p\u00e5 <b>D-enheten<\/b>.<\/li>\n<\/ul>\n<p><b>Obs:<\/b> File History m\u00e5ste ha aktiverats f\u00f6re dataf\u00f6rlusten f\u00f6r att anv\u00e4nda denna metod.<\/p>\n<p><b>Slutsats:<\/b> File History \u00e4r en anv\u00e4ndbar inbyggd Windows-funktion f\u00f6r databackup och \u00e5terst\u00e4llning, men det \u00e4r beroende av att ha s\u00e4kerhetskopior tillg\u00e4ngliga.<\/p>\n<h3>Metod 4: Kontrollera Tidigare Versioner &#128260;<\/h3>\n<ul>\n<li>\u00d6ppna &#8221;Den h\u00e4r datorn&#8221; och h\u00f6gerklicka p\u00e5 <b>D-enheten<\/b>.<\/li>\n<li>V\u00e4lj &#8221;Egenskaper&#8221; och g\u00e5 sedan till fliken &#8221;Tidigare Versioner&#8221;.<\/li>\n<li>V\u00e4lj en version innan dataf\u00f6rlusten och klicka p\u00e5 &#8221;\u00c5terst\u00e4ll&#8221; f\u00f6r att \u00e5terf\u00e5 datan.<\/li>\n<\/ul>\n<p><b>Obs:<\/b> Denna metod beror p\u00e5 att System\u00e5terst\u00e4llning \u00e4r aktiv och har skapat \u00e5terst\u00e4llningspunkter.<\/p>\n<p><b>Slutsats:<\/b> Att utnyttja tidigare versioner kan vara en enkel \u00e5terst\u00e4llningsmetod, men det beror p\u00e5 systeminst\u00e4llningarna.<\/p>\n<h3>Metod 5: Anv\u00e4nda Kommandotolken &#9000;<\/h3>\n<ul>\n<li>\u00d6ppna Kommandotolken som administrat\u00f6r genom att s\u00f6ka efter det i Start-menyn.<\/li>\n<li>Skriv <b>&#8217;chkdsk D: \/f&#8217;<\/b> och tryck Enter f\u00f6r att \u00e5tg\u00e4rda filsystemsfel p\u00e5 <b>D-enheten<\/b>.<\/li>\n<li>Efter avslutning, skriv <b>&#8217;ATTRIB -H -R -S \/S \/D D:*.*&#8217;<\/b> f\u00f6r att potentiellt \u00e5terst\u00e4lla dolda och systemfiler.<\/li>\n<\/ul>\n<p><b>Obs:<\/b> Kommandotolken kan \u00e4ndra systemfiler, s\u00e5 hantera den med omsorg och se till att ha korrekt syntax.<\/p>\n<p><b>Slutsats:<\/b> \u00c4ven om det inte \u00e4r en direkt metod f\u00f6r data\u00e5terst\u00e4llning, kan Kommandotolken hj\u00e4lpa till att l\u00f6sa problem som g\u00f6r data otillg\u00e4ngliga.<\/p>\n<\/section>\n<section>\n<div>\n<div>3<\/div>\n<h2>F\u00f6rebyggande och Tips:<\/h2>\n<\/div>\n<h3>Skydda Din Data &#128161;<\/h3>\n<ul>\n<li>Underh\u00e5ll regelbundna s\u00e4kerhetskopior av dina <b>viktiga filer<\/b> f\u00f6r att undvika dataf\u00f6rlust.<\/li>\n<li>\u00d6verv\u00e4g att anv\u00e4nda molntj\u00e4nster f\u00f6r <b>extra redundans<\/b>.<\/li>\n<li>Investera i ett bra antivirusprogram f\u00f6r att skydda din enhet fr\u00e5n <b>skadlig programvara och korruption<\/b>.<\/li>\n<li>Sk\u00f6t om dina <b>lagringsenheter<\/b> f\u00f6rsiktigt f\u00f6r att undvika fysiska skador.<\/li>\n<\/ul>\n<\/section>\n<section>\n<div>\n<div>4<\/div>\n<h2>F\u00f6rst\u00e5else av data\u00e5terst\u00e4llning<\/h2>\n<\/div>\n<p>Data\u00e5terst\u00e4llning \u00e4r processen att \u00e5terskapa otillg\u00e4nglig, f\u00f6rlorad, skadad eller formaterad data fr\u00e5n sekund\u00e4r lagring, flyttbara media eller filer n\u00e4r de lagrade datan inte kan n\u00e5s p\u00e5 ett vanligt s\u00e4tt. Behovet av data\u00e5terst\u00e4llning kan uppst\u00e5 p\u00e5 grund av <b>fysisk skada<\/b> p\u00e5 lagringsenheten eller logisk skada p\u00e5 filsystemet som hindrar det fr\u00e5n att kunna monteras av v\u00e4rdoperativsystemet.<\/p>\n<p>N\u00e4r det g\u00e4ller data\u00e5terst\u00e4llning \u00e4r en viktig aspekt att f\u00f6rst\u00e5 att n\u00e4r filer raderas eller en enhet formateras, raderas inte datan omedelbart. Ist\u00e4llet markerar systemet utrymmet som tillg\u00e4ngligt f\u00f6r \u00e5teranv\u00e4ndning. Om inga nya data skrivs \u00f6ver de ursprungliga filerna finns det stor chans f\u00f6r en framg\u00e5ngsrik \u00e5terst\u00e4llning med hj\u00e4lp av programvara som <b>Disk Drill<\/b>. Ju l\u00e4ngre du v\u00e4ntar och ju mer du anv\u00e4nder enheten, desto l\u00e4gre \u00e4r oddsen f\u00f6r en fullst\u00e4ndig \u00e5terh\u00e4llning.<\/p>\n<p>F\u00f6r mer information om hur lagring fungerar och de b\u00e4sta metoderna f\u00f6r dataskydd, kan du bes\u00f6ka f\u00f6ljande auktoritativa webbplatser som <a href='https:\/\/www.storagecraft.com\/blog\/data-backup-best-practices\/' rel=\"nofollow noopener\" target='_blank'>StorageCraft<\/a> och <a href='https:\/\/www.backblaze.com\/blog\/the-3-2-1-backup-strategy\/' rel=\"nofollow noopener\" target='_blank'>Backblaze<\/a>.<\/p>\n<\/section>\n<section>\n<h2>Slutsats:<\/h2>\n<div class=\"nonp\">\n<p>Sammanfattningsvis \u00e4r det helt m\u00f6jligt att \u00e5terst\u00e4lla data fr\u00e5n den <b>D-enheten<\/b> eller en helt raderad <b>D-enhet<\/b> genom olika metoder s\u00e5som program\u00e5terst\u00e4llning med Disk Drill, \u00e5terst\u00e4llning fr\u00e5n tidigare versioner eller anv\u00e4ndning av systemverktyg. Implementera de f\u00f6reslagna teknikerna noggrant och \u00f6verv\u00e4g regelbundna s\u00e4kerhetskopior f\u00f6r att skydda din data fram\u00e5t. F\u00f6r ytterligare referenser och b\u00e4sta praxis, erbjuder organisationer som <a href='https:\/\/www.ntfs.com\/ntfs_vs_fat.htm' rel=\"nofollow noopener\" target='_blank'>NTFS<\/a> v\u00e4rdefull information om filsystem och datahantering.<\/p>\n<\/div>\n<\/section>\n","protected":false},"excerpt":{"rendered":"<p>Hur man \u00e5terst\u00e4ller raderade filer fr\u00e5n D-enheten p\u00e5 Windows Att f\u00f6rlora data fr\u00e5n din D-enhet kan vara oroande, speciellt om den inneh\u00e5ller viktiga filer och dokument. Lyckligtvis finns det p\u00e5litliga metoder f\u00f6r att \u00e5terst\u00e4lla denna data eller till och med hela den raderade D-enheten. Som n\u00e5gon som har upplevt detta sj\u00e4lv, kommer jag att guida [&hellip;]<\/p>\n","protected":false},"author":2,"featured_media":31054,"parent":0,"menu_order":0,"comment_status":"closed","ping_status":"closed","template":"chromecast.php","meta":{"_stopmodifiedupdate":false,"_modified_date":"","_lmt_disableupdate":"yes","_lmt_disable":""},"acf":[],"yoast_head":"<!-- This site is optimized with the Yoast SEO plugin v20.9 - https:\/\/yoast.com\/wordpress\/plugins\/seo\/ -->\n<title>Hur man \u00e5terst\u00e4ller data p\u00e5 D: -enheten i Windows (l\u00f6st)<\/title>\n<meta name=\"robots\" content=\"index, follow, max-snippet:-1, max-image-preview:large, max-video-preview:-1\" \/>\n<link rel=\"canonical\" href=\"https:\/\/datarecovery.ping.fm\/sv\/recover-d-drive-data\/\" \/>\n<meta property=\"og:locale\" content=\"sv_SE\" \/>\n<meta property=\"og:type\" content=\"article\" \/>\n<meta property=\"og:title\" content=\"Hur man \u00e5terst\u00e4ller data p\u00e5 D: -enheten i Windows (l\u00f6st)\" \/>\n<meta property=\"og:description\" content=\"Hur man \u00e5terst\u00e4ller raderade filer fr\u00e5n D-enheten p\u00e5 Windows Att f\u00f6rlora data fr\u00e5n din D-enhet kan vara oroande, speciellt om den inneh\u00e5ller viktiga filer och dokument. Lyckligtvis finns det p\u00e5litliga metoder f\u00f6r att \u00e5terst\u00e4lla denna data eller till och med hela den raderade D-enheten. Som n\u00e5gon som har upplevt detta sj\u00e4lv, kommer jag att guida [&hellip;]\" \/>\n<meta property=\"og:url\" content=\"https:\/\/datarecovery.ping.fm\/sv\/recover-d-drive-data\/\" \/>\n<meta property=\"og:site_name\" content=\"\u00c5terst\u00e4llningsprogram f\u00f6r Data\" \/>\n<meta property=\"article:modified_time\" content=\"2024-02-19T08:21:09+00:00\" \/>\n<meta property=\"og:image\" content=\"https:\/\/datarecovery.ping.fm\/wp-content\/uploads\/2024\/03\/How-to-Recover-Deleted-Files-From-D-Drive-on-Windows-Swedish.jpg\" \/>\n\t<meta property=\"og:image:width\" content=\"1280\" \/>\n\t<meta property=\"og:image:height\" content=\"731\" \/>\n\t<meta property=\"og:image:type\" content=\"image\/jpeg\" \/>\n<meta name=\"twitter:card\" content=\"summary_large_image\" \/>\n<meta name=\"twitter:label1\" content=\"Est. reading time\" \/>\n\t<meta name=\"twitter:data1\" content=\"5 minuter\" \/>\n<script type=\"application\/ld+json\" class=\"yoast-schema-graph\">{\"@context\":\"https:\/\/schema.org\",\"@graph\":[{\"@type\":\"WebPage\",\"@id\":\"https:\/\/datarecovery.ping.fm\/sv\/recover-d-drive-data\/\",\"url\":\"https:\/\/datarecovery.ping.fm\/sv\/recover-d-drive-data\/\",\"name\":\"Hur man \u00e5terst\u00e4ller data p\u00e5 D: -enheten i Windows (l\u00f6st)\",\"isPartOf\":{\"@id\":\"https:\/\/datarecovery.ping.fm\/sv\/#website\"},\"datePublished\":\"2024-01-10T20:46:38+00:00\",\"dateModified\":\"2024-02-19T08:21:09+00:00\",\"breadcrumb\":{\"@id\":\"https:\/\/datarecovery.ping.fm\/sv\/recover-d-drive-data\/#breadcrumb\"},\"inLanguage\":\"sv-SE\",\"potentialAction\":[{\"@type\":\"ReadAction\",\"target\":[\"https:\/\/datarecovery.ping.fm\/sv\/recover-d-drive-data\/\"]}]},{\"@type\":\"BreadcrumbList\",\"@id\":\"https:\/\/datarecovery.ping.fm\/sv\/recover-d-drive-data\/#breadcrumb\",\"itemListElement\":[{\"@type\":\"ListItem\",\"position\":1,\"name\":\"Home\",\"item\":\"https:\/\/datarecovery.ping.fm\/sv\/\"},{\"@type\":\"ListItem\",\"position\":2,\"name\":\"Hur man \u00e5terst\u00e4ller raderade filer fr\u00e5n D: -enheten i Windows-operativsystemet\"}]},{\"@type\":\"WebSite\",\"@id\":\"https:\/\/datarecovery.ping.fm\/sv\/#website\",\"url\":\"https:\/\/datarecovery.ping.fm\/sv\/\",\"name\":\"\u00c5terst\u00e4llningsprogram f\u00f6r Data\",\"description\":\"\",\"potentialAction\":[{\"@type\":\"SearchAction\",\"target\":{\"@type\":\"EntryPoint\",\"urlTemplate\":\"https:\/\/datarecovery.ping.fm\/sv\/?s={search_term_string}\"},\"query-input\":\"required name=search_term_string\"}],\"inLanguage\":\"sv-SE\"}]}<\/script>\n<!-- \/ Yoast SEO plugin. -->","yoast_head_json":{"title":"Hur man \u00e5terst\u00e4ller data p\u00e5 D: -enheten i Windows (l\u00f6st)","robots":{"index":"index","follow":"follow","max-snippet":"max-snippet:-1","max-image-preview":"max-image-preview:large","max-video-preview":"max-video-preview:-1"},"canonical":"https:\/\/datarecovery.ping.fm\/sv\/recover-d-drive-data\/","og_locale":"sv_SE","og_type":"article","og_title":"Hur man \u00e5terst\u00e4ller data p\u00e5 D: -enheten i Windows (l\u00f6st)","og_description":"Hur man \u00e5terst\u00e4ller raderade filer fr\u00e5n D-enheten p\u00e5 Windows Att f\u00f6rlora data fr\u00e5n din D-enhet kan vara oroande, speciellt om den inneh\u00e5ller viktiga filer och dokument. Lyckligtvis finns det p\u00e5litliga metoder f\u00f6r att \u00e5terst\u00e4lla denna data eller till och med hela den raderade D-enheten. Som n\u00e5gon som har upplevt detta sj\u00e4lv, kommer jag att guida [&hellip;]","og_url":"https:\/\/datarecovery.ping.fm\/sv\/recover-d-drive-data\/","og_site_name":"\u00c5terst\u00e4llningsprogram f\u00f6r Data","article_modified_time":"2024-02-19T08:21:09+00:00","og_image":[{"width":1280,"height":731,"url":"https:\/\/datarecovery.ping.fm\/wp-content\/uploads\/2024\/03\/How-to-Recover-Deleted-Files-From-D-Drive-on-Windows-Swedish.jpg","type":"image\/jpeg"}],"twitter_card":"summary_large_image","twitter_misc":{"Est. reading time":"5 minuter"},"schema":{"@context":"https:\/\/schema.org","@graph":[{"@type":"WebPage","@id":"https:\/\/datarecovery.ping.fm\/sv\/recover-d-drive-data\/","url":"https:\/\/datarecovery.ping.fm\/sv\/recover-d-drive-data\/","name":"Hur man \u00e5terst\u00e4ller data p\u00e5 D: -enheten i Windows (l\u00f6st)","isPartOf":{"@id":"https:\/\/datarecovery.ping.fm\/sv\/#website"},"datePublished":"2024-01-10T20:46:38+00:00","dateModified":"2024-02-19T08:21:09+00:00","breadcrumb":{"@id":"https:\/\/datarecovery.ping.fm\/sv\/recover-d-drive-data\/#breadcrumb"},"inLanguage":"sv-SE","potentialAction":[{"@type":"ReadAction","target":["https:\/\/datarecovery.ping.fm\/sv\/recover-d-drive-data\/"]}]},{"@type":"BreadcrumbList","@id":"https:\/\/datarecovery.ping.fm\/sv\/recover-d-drive-data\/#breadcrumb","itemListElement":[{"@type":"ListItem","position":1,"name":"Home","item":"https:\/\/datarecovery.ping.fm\/sv\/"},{"@type":"ListItem","position":2,"name":"Hur man \u00e5terst\u00e4ller raderade filer fr\u00e5n D: -enheten i Windows-operativsystemet"}]},{"@type":"WebSite","@id":"https:\/\/datarecovery.ping.fm\/sv\/#website","url":"https:\/\/datarecovery.ping.fm\/sv\/","name":"\u00c5terst\u00e4llningsprogram f\u00f6r Data","description":"","potentialAction":[{"@type":"SearchAction","target":{"@type":"EntryPoint","urlTemplate":"https:\/\/datarecovery.ping.fm\/sv\/?s={search_term_string}"},"query-input":"required name=search_term_string"}],"inLanguage":"sv-SE"}]}},"_links":{"self":[{"href":"https:\/\/datarecovery.ping.fm\/sv\/wp-json\/wp\/v2\/pages\/16454"}],"collection":[{"href":"https:\/\/datarecovery.ping.fm\/sv\/wp-json\/wp\/v2\/pages"}],"about":[{"href":"https:\/\/datarecovery.ping.fm\/sv\/wp-json\/wp\/v2\/types\/page"}],"author":[{"embeddable":true,"href":"https:\/\/datarecovery.ping.fm\/sv\/wp-json\/wp\/v2\/users\/2"}],"replies":[{"embeddable":true,"href":"https:\/\/datarecovery.ping.fm\/sv\/wp-json\/wp\/v2\/comments?post=16454"}],"version-history":[{"count":1,"href":"https:\/\/datarecovery.ping.fm\/sv\/wp-json\/wp\/v2\/pages\/16454\/revisions"}],"predecessor-version":[{"id":31053,"href":"https:\/\/datarecovery.ping.fm\/sv\/wp-json\/wp\/v2\/pages\/16454\/revisions\/31053"}],"wp:featuredmedia":[{"embeddable":true,"href":"https:\/\/datarecovery.ping.fm\/sv\/wp-json\/wp\/v2\/media\/31054"}],"wp:attachment":[{"href":"https:\/\/datarecovery.ping.fm\/sv\/wp-json\/wp\/v2\/media?parent=16454"}],"curies":[{"name":"wp","href":"https:\/\/api.w.org\/{rel}","templated":true}]}}