{"id":16334,"date":"2024-01-11T20:27:47","date_gmt":"2024-01-11T20:27:47","guid":{"rendered":"https:\/\/www.ping.fm\/data-recovery-software\/recover-deleted-files-windows-8\/"},"modified":"2024-02-19T08:21:08","modified_gmt":"2024-02-19T08:21:08","slug":"recover-deleted-files-windows-8","status":"publish","type":"page","link":"https:\/\/datarecovery.ping.fm\/sv\/recover-deleted-files-windows-8\/","title":{"rendered":"Hur man \u00e5terskapar raderade filer i Windows 8"},"content":{"rendered":"<section>\n<h1>Hur du \u00e5terst\u00e4ller raderade filer i Windows 8<\/h1>\n<div class=\"inbrief\">\n<div>             <img src=\"https:\/\/www.ping.fm\/data-recovery-software\/wp-content\/uploads\/ai\/How-to-Recover-Deleted-Files-on-Windows-8-Swedish.jpg\" alt=\"Hur du \u00e5terst\u00e4ller raderade filer i Windows 8\" title=\"Hur du \u00e5terst\u00e4ller raderade filer i Windows 8\" width=\"1280\" height=\"720\">             <\/p>\n<p>Att f\u00f6rlora viktiga filer p\u00e5 din Windows 8 eller 8.1-dator kan vara en \u00e5ngestframkallande upplevelse, s\u00e4rskilt om de har tagits bort fr\u00e5n papperskorgen d\u00e4r de inte l\u00e4ngre enkelt kan \u00e5terh\u00e4mtas. Oavsett hur filerna f\u00f6rsvann finns det s\u00e4tt att \u00e5terst\u00e4lla dem, och ett s\u00e5dant effektivt verktyg \u00e4r <b>Disk Drill<\/b>. Denna omfattande artikel kommer att v\u00e4gleda dig genom metoderna f\u00f6r att \u00e5terst\u00e4lla de v\u00e4rdefulla filer som verkade vara f\u00f6rlorade f\u00f6r gott. F\u00f6r de som letar efter <a href='https:\/\/www.handyrecovery.com\/recover-deleted-files-windows-8\/' rel=\"dofollow noopener\" target='_blank'>fler metoder f\u00f6r fil\u00e5terst\u00e4llning i Windows 8<\/a>, observera att den h\u00e4r guiden inkluderar tre universellt till\u00e4mpliga metoder som hj\u00e4lper dig att \u00e5terst\u00e4lla b\u00e5de nyligen och permanent raderade filer i Windows 8.<\/p>\n<\/div>\n<\/div>\n<\/section>\n<section>\n<div>\n<div>1<\/div>\n<h2>Vanliga scenarier:<\/h2>\n<\/div>\n<h3>Oavsiktlig radering  <\/h3>\n<ul>\n<li>Vi har alla haft de d\u00e4r stunderna d\u00e4r ett olyckligt fingertryck leder till att vi r\u00e5kar ta bort fel fil. Oavsett om det var ett viktigt arbetsdokument eller sentimentala foton, kan den f\u00f6rsta chocken vara \u00f6verv\u00e4ldigande. Men ta ett djupt andetag &#8211; det finns ett s\u00e4tt att f\u00e5 tillbaka de filerna!<\/li>\n<\/ul>\n<h3>Tom papperskorg  <\/h3>\n<ul>\n<li>En annan vanlig situation \u00e4r att man t\u00f6mmer papperskorgen utan att inse att det fanns n\u00e5got viktigt i den. Det kan verka som att de filerna \u00e4r borta f\u00f6r alltid, men med r\u00e4tt verktyg och metoder har du en god chans att \u00e5terst\u00e4lla dem.<\/li>\n<\/ul>\n<h3>Program- eller systemfel  <\/h3>\n<ul>\n<li>Ibland \u00e4r det inte m\u00e4nskligt fel som orsakar f\u00f6rlust av filer &#8211; systemkrascher eller programuppdateringar kan oavsiktligt radera data. \u00c4ven om det kan verka som en f\u00f6rlorad sak kan \u00e5terst\u00e4llningsprogram som <b>Disk Drill<\/b> vara en r\u00e4ddare i n\u00f6den i dessa scenarier.<\/li>\n<\/ul>\n<\/section>\n<section class=\"stepByStep\">\n<div>\n<div>2<\/div>\n<h2>Steg-f\u00f6r-steg-guide. \u00c5terst\u00e4ll raderade filer Windows 8:<\/h2>\n<\/div>\n<h3>Metod 1: \u00c5terst\u00e4ll filer med tidigare versioner  <\/h3>\n<ul>\n<li>H\u00f6gerklicka p\u00e5 mappen d\u00e4r de raderade filerna fanns och v\u00e4lj <b>&#8217;Egenskaper&#8217;<\/b>.<\/li>\n<li>Navigera till fliken <b>&#8217;Tidigare versioner&#8217;<\/b>, och du kommer att se en lista med tillg\u00e4ngliga filversioner.<\/li>\n<li>V\u00e4lj den mest relevanta versionen och klicka p\u00e5 <b>&#8217;\u00c5terst\u00e4ll&#8217;<\/b> f\u00f6r att f\u00e5 tillbaka dina filer.<\/li>\n<\/ul>\n<p><b>OBS:<\/b> Denna metod beror p\u00e5 att systemskyddet \u00e4r aktiverat och att filerna var inkluderade i en system\u00e5terst\u00e4llningspunkt eller s\u00e4kerhetskopia.<\/p>\n<p><b>Slutsats:<\/b> \u00c5terst\u00e4llning av tidigare versioner \u00e4r en snabb l\u00f6sning om det \u00e4r tillg\u00e4ngligt, men det \u00e4r inte alltid tillf\u00f6rlitligt eftersom det beror p\u00e5 systeminst\u00e4llningar som kanske inte \u00e4r korrekt konfigurerade.<\/p>\n<h3>Metod 2: Anv\u00e4nd Filhistorikfunktionen  <\/h3>\n<ul>\n<li>\u00d6ppna <b>Kontrollpanelen<\/b> och v\u00e4lj <b>&#8217;System och s\u00e4kerhet&#8217;<\/b> och sedan <b>&#8217;Filhistorik&#8217;<\/b>.<\/li>\n<li>I Filhistoriken, navigera till <b>&#8217;\u00c5terst\u00e4ll personliga filer&#8217;<\/b> som finns i menyn p\u00e5 v\u00e4nster sida.<\/li>\n<li>H\u00e4r kan du bl\u00e4ddra igenom olika filversioner. N\u00e4r du hittar filen du vill \u00e5terst\u00e4lla, markera den och klicka p\u00e5 den gr\u00f6na knappen <b>&#8217;\u00c5terst\u00e4ll&#8217;<\/b> f\u00f6r att \u00e5terf\u00e5 din fil.<\/li>\n<\/ul>\n<p><b>OBS:<\/b> Detta kr\u00e4ver att Filhistoriken var inst\u00e4lld innan filerna raderades.<\/p>\n<p><b>Slutsats:<\/b> Filhistoriken \u00e4r ett utm\u00e4rkt inbyggt verktyg f\u00f6r data\u00e5terst\u00e4llning, men det \u00e4r bara s\u00e5 bra som din senaste s\u00e4kerhetskopia.<\/p>\n<h3>Metod 3: \u00c5terst\u00e4ll med Disk Drill  <\/h3>\n<ul>\n<li>Ladda ner och installera <a href='https:\/\/www.cleverfiles.com\/disk-drill-windows.html' rel=\"nofollow noopener\" target='_blank'><b>Disk Drill<\/b> f\u00f6r Windows<\/a>.<\/li>\n<li>Starta <b>Disk Drill<\/b> och v\u00e4lj enheten d\u00e4r dina raderade filer fanns lagrade.<\/li>\n<li>Klicka p\u00e5 <b>&#8217;\u00c5terst\u00e4ll&#8217;<\/b> f\u00f6r att starta skanningsprocessen.<\/li>\n<li>N\u00e4r skanningen \u00e4r slutf\u00f6rd, bl\u00e4ddra genom de hittade filerna och v\u00e4lj de du vill \u00e5terst\u00e4lla.<\/li>\n<li>Klicka p\u00e5 <b>&#8217;\u00c5terst\u00e4ll&#8217;<\/b> igen, v\u00e4lj en s\u00e4ker plats att spara de \u00e5terst\u00e4llda filerna och f\u00f6lj instruktionerna f\u00f6r att slutf\u00f6ra \u00e5terst\u00e4llningsprocessen.<\/li>\n<\/ul>\n<p><b>OBS:<\/b> Undvik att spara \u00e5terst\u00e4llda filer p\u00e5 samma enhet som de raderades ifr\u00e5n f\u00f6r att f\u00f6rhindra \u00f6verskrivning av data.<\/p>\n<p><b>Slutsats:<\/b> Disk Drill \u00e4r ett kraftfullt \u00e5terst\u00e4llningsverktyg som kan \u00e5terst\u00e4lla ett brett spektrum av filtyper, \u00e4ven fr\u00e5n t\u00f6mda papperskorgar eller efter formatering.<\/p>\n<\/section>\n<section>\n<div>\n<div>3<\/div>\n<h2>F\u00f6rebyggande \u00e5tg\u00e4rder och tips:<\/h2>\n<\/div>\n<h3>F\u00f6rebygg framtida f\u00f6rlust av filer  <\/h3>\n<ul>\n<li><b>S\u00e4kerhetskopiera<\/b> regelbundet dina filer till en extern enhet eller molntj\u00e4nst. Detta \u00e4r det mest effektiva s\u00e4ttet att f\u00f6rebygga dataloss.<\/li>\n<li>Se till att <b>systemskyddet<\/b> \u00e4r aktiverat p\u00e5 din dator f\u00f6r att till\u00e5ta skapandet av \u00e5terst\u00e4llningspunkter.<\/li>\n<li>Utveckla en vana att <b>kontrollera papperskorgen<\/b> innan du t\u00f6mmer den.<\/li>\n<\/ul>\n<\/section>\n<section>\n<div>\n<div>4<\/div>\n<h2>V\u00e4rdefulla insikter f\u00f6r \u00e5terskapande av filer<\/h2>\n<\/div>\n<p>N\u00e4r du f\u00f6rs\u00f6ker \u00e5terst\u00e4lla raderade filer fr\u00e5n Windows 8 eller 8.1 \u00e4r det avg\u00f6rande att agera snabbt. Ju tidigare du f\u00f6rs\u00f6ker \u00e5terst\u00e4lla, desto b\u00e4ttre \u00e4r dina chanser till framg\u00e5ng. Detta beror p\u00e5 att n\u00e4r en fil raderas blir den inte omedelbart borttagen fr\u00e5n h\u00e5rddisken. Ist\u00e4llet markeras det utrymme den ockuperade som tillg\u00e4ngligt f\u00f6r anv\u00e4ndning av nya data. Om nya data inte har skrivit \u00f6ver det, kan \u00e5terst\u00e4llningsprogram som <b>Disk Drill<\/b> ofta \u00e5terskapa dessa &#8217;osynliga&#8217; filer.<\/p>\n<p>Om du har installerat nya program eller fortsatt att anv\u00e4nda din dator flitigt efter filraderingen kan chanserna f\u00f6r en lyckad \u00e5terst\u00e4llning minska. Det \u00e4r kritiskt att sluta anv\u00e4nda datorn och k\u00f6ra \u00e5terst\u00e4llningsprogrammet s\u00e5 snart som m\u00f6jligt f\u00f6r att undvika att data skrivs \u00f6ver.<\/p>\n<p>Att anv\u00e4nda professionell mjukvara \u00e4r vanligtvis det b\u00e4sta valet eftersom dessa verktyg \u00e4r designade f\u00f6r att noggrant skanna dina enheter och \u00e5terskapa f\u00f6rlorade filer i olika scenarier, inklusive h\u00e5rdvarufel, oavsiktlig radering och \u00e4ven virusattacker.<\/p>\n<p> Dessutom kommer att investera i en solid s\u00e4kerhetskopieringsl\u00f6sning, vare sig det \u00e4r en fysisk extern h\u00e5rddisk eller en molntj\u00e4nst som <a href='https:\/\/www.microsoft.com\/en-us\/microsoft-365\/onedrive\/online-cloud-storage' rel=\"nofollow noopener\" target='_blank'>Microsoft OneDrive<\/a>, att skydda dina data mot framtida olyckor eller fel.<\/p>\n<p> \u00c4ven om vi har betonat anv\u00e4ndningen av programvarul\u00f6sningar \u00e4r det ocks\u00e5 v\u00e4rt att notera att vissa h\u00e5rdvaruproblem kan kr\u00e4va professionella datar\u00e4ddningstj\u00e4nster. Om du misst\u00e4nker att din h\u00e5rddisk \u00e4r fysiskt skadad \u00e4r det b\u00e4st att konsultera en professionell f\u00f6r att f\u00f6rhindra ytterligare datal\u00e4s.<\/p>\n<\/section>\n<section>\n<h2>Slutsats:<\/h2>\n<div class=\"nonp\">\n<p> R\u00e4dslan och frustrationen som kommer med att tappa viktiga filer kan vara \u00f6verv\u00e4ldigande, men med r\u00e4tt tillv\u00e4gag\u00e5ngss\u00e4tt och verktyg till hands, som <b>Disk Drill<\/b>, \u00e4r fil\u00e5terst\u00e4llning p\u00e5 Windows 8 och 8.1 ofta m\u00f6jlig. Det \u00e4r kritiskt att agera snabbt och anv\u00e4nda p\u00e5litliga metoder, vare sig det \u00e4r att dra nytta av Windows inbyggda funktioner eller anv\u00e4nda dedicerad programvara. Att regelbundet s\u00e4kerhetskopiera dina data och praktisera god digital hygien kan ocks\u00e5 hj\u00e4lpa till att mildra potentiella filf\u00f6rlustkriser i framtiden. Kom ih\u00e5g, det digitala riket erbjuder l\u00f6sningar, s\u00e5 ta ett andetag och ta itu med problemet metodiskt f\u00f6r b\u00e4st m\u00f6jliga resultat.<\/p>\n<\/div>\n<\/section>\n","protected":false},"excerpt":{"rendered":"<p>Hur du \u00e5terst\u00e4ller raderade filer i Windows 8 Att f\u00f6rlora viktiga filer p\u00e5 din Windows 8 eller 8.1-dator kan vara en \u00e5ngestframkallande upplevelse, s\u00e4rskilt om de har tagits bort fr\u00e5n papperskorgen d\u00e4r de inte l\u00e4ngre enkelt kan \u00e5terh\u00e4mtas. Oavsett hur filerna f\u00f6rsvann finns det s\u00e4tt att \u00e5terst\u00e4lla dem, och ett s\u00e5dant effektivt verktyg \u00e4r Disk [&hellip;]<\/p>\n","protected":false},"author":2,"featured_media":31042,"parent":0,"menu_order":0,"comment_status":"closed","ping_status":"closed","template":"chromecast.php","meta":{"_stopmodifiedupdate":false,"_modified_date":"","_lmt_disableupdate":"yes","_lmt_disable":""},"acf":[],"yoast_head":"<!-- This site is optimized with the Yoast SEO plugin v20.9 - https:\/\/yoast.com\/wordpress\/plugins\/seo\/ -->\n<title>Hur du \u00e5terst\u00e4ller raderade filer av misstag i Windows 8<\/title>\n<meta name=\"robots\" content=\"index, follow, max-snippet:-1, max-image-preview:large, max-video-preview:-1\" \/>\n<link rel=\"canonical\" href=\"https:\/\/datarecovery.ping.fm\/sv\/recover-deleted-files-windows-8\/\" \/>\n<meta property=\"og:locale\" content=\"sv_SE\" \/>\n<meta property=\"og:type\" content=\"article\" \/>\n<meta property=\"og:title\" content=\"Hur du \u00e5terst\u00e4ller raderade filer av misstag i Windows 8\" \/>\n<meta property=\"og:description\" content=\"Hur du \u00e5terst\u00e4ller raderade filer i Windows 8 Att f\u00f6rlora viktiga filer p\u00e5 din Windows 8 eller 8.1-dator kan vara en \u00e5ngestframkallande upplevelse, s\u00e4rskilt om de har tagits bort fr\u00e5n papperskorgen d\u00e4r de inte l\u00e4ngre enkelt kan \u00e5terh\u00e4mtas. Oavsett hur filerna f\u00f6rsvann finns det s\u00e4tt att \u00e5terst\u00e4lla dem, och ett s\u00e5dant effektivt verktyg \u00e4r Disk [&hellip;]\" \/>\n<meta property=\"og:url\" content=\"https:\/\/datarecovery.ping.fm\/sv\/recover-deleted-files-windows-8\/\" \/>\n<meta property=\"og:site_name\" content=\"\u00c5terst\u00e4llningsprogram f\u00f6r Data\" \/>\n<meta property=\"article:modified_time\" content=\"2024-02-19T08:21:08+00:00\" \/>\n<meta property=\"og:image\" content=\"https:\/\/datarecovery.ping.fm\/wp-content\/uploads\/2024\/03\/How-to-Recover-Deleted-Files-on-Windows-8-Swedish.jpg\" \/>\n\t<meta property=\"og:image:width\" content=\"1280\" \/>\n\t<meta property=\"og:image:height\" content=\"731\" \/>\n\t<meta property=\"og:image:type\" content=\"image\/jpeg\" \/>\n<meta name=\"twitter:card\" content=\"summary_large_image\" \/>\n<meta name=\"twitter:label1\" content=\"Est. reading time\" \/>\n\t<meta name=\"twitter:data1\" content=\"6 minuter\" \/>\n<script type=\"application\/ld+json\" class=\"yoast-schema-graph\">{\"@context\":\"https:\/\/schema.org\",\"@graph\":[{\"@type\":\"WebPage\",\"@id\":\"https:\/\/datarecovery.ping.fm\/sv\/recover-deleted-files-windows-8\/\",\"url\":\"https:\/\/datarecovery.ping.fm\/sv\/recover-deleted-files-windows-8\/\",\"name\":\"Hur du \u00e5terst\u00e4ller raderade filer av misstag i Windows 8\",\"isPartOf\":{\"@id\":\"https:\/\/datarecovery.ping.fm\/sv\/#website\"},\"datePublished\":\"2024-01-11T20:27:47+00:00\",\"dateModified\":\"2024-02-19T08:21:08+00:00\",\"breadcrumb\":{\"@id\":\"https:\/\/datarecovery.ping.fm\/sv\/recover-deleted-files-windows-8\/#breadcrumb\"},\"inLanguage\":\"sv-SE\",\"potentialAction\":[{\"@type\":\"ReadAction\",\"target\":[\"https:\/\/datarecovery.ping.fm\/sv\/recover-deleted-files-windows-8\/\"]}]},{\"@type\":\"BreadcrumbList\",\"@id\":\"https:\/\/datarecovery.ping.fm\/sv\/recover-deleted-files-windows-8\/#breadcrumb\",\"itemListElement\":[{\"@type\":\"ListItem\",\"position\":1,\"name\":\"Home\",\"item\":\"https:\/\/datarecovery.ping.fm\/sv\/\"},{\"@type\":\"ListItem\",\"position\":2,\"name\":\"Hur man \u00e5terskapar raderade filer i Windows 8\"}]},{\"@type\":\"WebSite\",\"@id\":\"https:\/\/datarecovery.ping.fm\/sv\/#website\",\"url\":\"https:\/\/datarecovery.ping.fm\/sv\/\",\"name\":\"\u00c5terst\u00e4llningsprogram f\u00f6r Data\",\"description\":\"\",\"potentialAction\":[{\"@type\":\"SearchAction\",\"target\":{\"@type\":\"EntryPoint\",\"urlTemplate\":\"https:\/\/datarecovery.ping.fm\/sv\/?s={search_term_string}\"},\"query-input\":\"required name=search_term_string\"}],\"inLanguage\":\"sv-SE\"}]}<\/script>\n<!-- \/ Yoast SEO plugin. -->","yoast_head_json":{"title":"Hur du \u00e5terst\u00e4ller raderade filer av misstag i Windows 8","robots":{"index":"index","follow":"follow","max-snippet":"max-snippet:-1","max-image-preview":"max-image-preview:large","max-video-preview":"max-video-preview:-1"},"canonical":"https:\/\/datarecovery.ping.fm\/sv\/recover-deleted-files-windows-8\/","og_locale":"sv_SE","og_type":"article","og_title":"Hur du \u00e5terst\u00e4ller raderade filer av misstag i Windows 8","og_description":"Hur du \u00e5terst\u00e4ller raderade filer i Windows 8 Att f\u00f6rlora viktiga filer p\u00e5 din Windows 8 eller 8.1-dator kan vara en \u00e5ngestframkallande upplevelse, s\u00e4rskilt om de har tagits bort fr\u00e5n papperskorgen d\u00e4r de inte l\u00e4ngre enkelt kan \u00e5terh\u00e4mtas. Oavsett hur filerna f\u00f6rsvann finns det s\u00e4tt att \u00e5terst\u00e4lla dem, och ett s\u00e5dant effektivt verktyg \u00e4r Disk [&hellip;]","og_url":"https:\/\/datarecovery.ping.fm\/sv\/recover-deleted-files-windows-8\/","og_site_name":"\u00c5terst\u00e4llningsprogram f\u00f6r Data","article_modified_time":"2024-02-19T08:21:08+00:00","og_image":[{"width":1280,"height":731,"url":"https:\/\/datarecovery.ping.fm\/wp-content\/uploads\/2024\/03\/How-to-Recover-Deleted-Files-on-Windows-8-Swedish.jpg","type":"image\/jpeg"}],"twitter_card":"summary_large_image","twitter_misc":{"Est. reading time":"6 minuter"},"schema":{"@context":"https:\/\/schema.org","@graph":[{"@type":"WebPage","@id":"https:\/\/datarecovery.ping.fm\/sv\/recover-deleted-files-windows-8\/","url":"https:\/\/datarecovery.ping.fm\/sv\/recover-deleted-files-windows-8\/","name":"Hur du \u00e5terst\u00e4ller raderade filer av misstag i Windows 8","isPartOf":{"@id":"https:\/\/datarecovery.ping.fm\/sv\/#website"},"datePublished":"2024-01-11T20:27:47+00:00","dateModified":"2024-02-19T08:21:08+00:00","breadcrumb":{"@id":"https:\/\/datarecovery.ping.fm\/sv\/recover-deleted-files-windows-8\/#breadcrumb"},"inLanguage":"sv-SE","potentialAction":[{"@type":"ReadAction","target":["https:\/\/datarecovery.ping.fm\/sv\/recover-deleted-files-windows-8\/"]}]},{"@type":"BreadcrumbList","@id":"https:\/\/datarecovery.ping.fm\/sv\/recover-deleted-files-windows-8\/#breadcrumb","itemListElement":[{"@type":"ListItem","position":1,"name":"Home","item":"https:\/\/datarecovery.ping.fm\/sv\/"},{"@type":"ListItem","position":2,"name":"Hur man \u00e5terskapar raderade filer i Windows 8"}]},{"@type":"WebSite","@id":"https:\/\/datarecovery.ping.fm\/sv\/#website","url":"https:\/\/datarecovery.ping.fm\/sv\/","name":"\u00c5terst\u00e4llningsprogram f\u00f6r Data","description":"","potentialAction":[{"@type":"SearchAction","target":{"@type":"EntryPoint","urlTemplate":"https:\/\/datarecovery.ping.fm\/sv\/?s={search_term_string}"},"query-input":"required name=search_term_string"}],"inLanguage":"sv-SE"}]}},"_links":{"self":[{"href":"https:\/\/datarecovery.ping.fm\/sv\/wp-json\/wp\/v2\/pages\/16334"}],"collection":[{"href":"https:\/\/datarecovery.ping.fm\/sv\/wp-json\/wp\/v2\/pages"}],"about":[{"href":"https:\/\/datarecovery.ping.fm\/sv\/wp-json\/wp\/v2\/types\/page"}],"author":[{"embeddable":true,"href":"https:\/\/datarecovery.ping.fm\/sv\/wp-json\/wp\/v2\/users\/2"}],"replies":[{"embeddable":true,"href":"https:\/\/datarecovery.ping.fm\/sv\/wp-json\/wp\/v2\/comments?post=16334"}],"version-history":[{"count":1,"href":"https:\/\/datarecovery.ping.fm\/sv\/wp-json\/wp\/v2\/pages\/16334\/revisions"}],"predecessor-version":[{"id":31041,"href":"https:\/\/datarecovery.ping.fm\/sv\/wp-json\/wp\/v2\/pages\/16334\/revisions\/31041"}],"wp:featuredmedia":[{"embeddable":true,"href":"https:\/\/datarecovery.ping.fm\/sv\/wp-json\/wp\/v2\/media\/31042"}],"wp:attachment":[{"href":"https:\/\/datarecovery.ping.fm\/sv\/wp-json\/wp\/v2\/media?parent=16334"}],"curies":[{"name":"wp","href":"https:\/\/api.w.org\/{rel}","templated":true}]}}