{"id":16214,"date":"2024-01-08T18:12:30","date_gmt":"2024-01-08T18:12:30","guid":{"rendered":"https:\/\/www.ping.fm\/data-recovery-software\/undo-esd-usb\/"},"modified":"2024-02-19T08:21:07","modified_gmt":"2024-02-19T08:21:07","slug":"undo-esd-usb","status":"publish","type":"page","link":"https:\/\/datarecovery.ping.fm\/sv\/undo-esd-usb\/","title":{"rendered":"Hur man konverterar ESD-USB till vanlig USB och \u00e5terst\u00e4ller data"},"content":{"rendered":"<section>\n<h1>Hur man \u00e4ndrar ESD-USB till vanlig USB och \u00e5terst\u00e4ller data<\/h1>\n<div class=\"inbrief\">\n<div>             <img src=\"https:\/\/www.ping.fm\/data-recovery-software\/wp-content\/uploads\/ai\/How-to-Change-ESD-USB-to-Normal-USB-and-Recover-Data-Swedish.jpg\" alt=\"Hur man \u00e4ndrar ESD-USB till vanlig USB och \u00e5terst\u00e4ller data\" title=\"Hur man \u00e4ndrar ESD-USB till vanlig USB och \u00e5terst\u00e4ller data\" width=\"1280\" height=\"720\">             <\/p>\n<p>I den st\u00e4ndigt f\u00f6r\u00e4nderliga teknikv\u00e4rlden f\u00f6rbryllar ofta konceptet <b>ESD-USB<\/b> m\u00e5nga. F\u00f6r att reda ut begreppen ska vi prata om vad ESD-USB inneb\u00e4r, orsakerna bakom dess anv\u00e4ndning och praktiska r\u00e5d f\u00f6r att konvertera en <b>ESD-USB till en vanlig USB<\/b>, samt steg f\u00f6r att <b>\u00e5terst\u00e4lla data<\/b> fr\u00e5n en ESD-USB med hj\u00e4lp av verktyg som <b>Disk Drill<\/b>.<\/p>\n<\/div>\n<\/div>\n<\/section>\n<section>\n<div>\n<div>1<\/div>\n<h2>Vanliga scenarier:<\/h2>\n<\/div>\n<h3> Ov\u00e4ntat diskformat  <\/h3>\n<ul>\n<li>Efter att ha laddat ner en installationsmedia f\u00f6r Windows 10 kan du m\u00e4rka att USB-enheten \u00e4r i ett <b>ESD-USB-format<\/b> ist\u00e4llet f\u00f6r det f\u00f6rv\u00e4ntade FAT32- eller NTFS-filsystemet.<\/li>\n<li>Enheten kanske inte k\u00e4nns igen av andra datorer, eller s\u00e5 kan du inte \u00f6ppna eller \u00f6verf\u00f6ra filer fr\u00e5n den.<\/li>\n<li>Vanligtvis uppst\u00e5r detta scenario n\u00e4r du anv\u00e4nder <b>Microsofts Media Creation Tool<\/b> f\u00f6r att skapa en startbar USB-enhet f\u00f6r Windows-installationer.<\/li>\n<\/ul>\n<h3> Problem med skapandet av startbar USB  <\/h3>\n<ul>\n<li>Kanske vill du efter att ha skapat en startbar USB-enhet f\u00f6r att uppgradera eller reparera ditt operativsystem \u00e5teranv\u00e4nda USB-enheten f\u00f6r vanlig lagring, men <b>ESD-USB-formatet<\/b> f\u00f6rhindrar det.<\/li>\n<li>Du sitter kvar med begr\u00e4nsat utrymme eller funktionalitet tills du konverterar USB tillbaka till ett standardformat.<\/li>\n<li>Windows kanske uppmanar dig att formatera disken innan du kan anv\u00e4nda den, vilket leder till dataf\u00f6rlust om det inte g\u00f6rs korrekt.<\/li>\n<\/ul>\n<h3> Oavsiktlig dataf\u00f6rlust  <\/h3>\n<ul>\n<li>Vid f\u00f6rs\u00f6k att l\u00f6sa problemen med din ESD-USB kan du av misstag radera viktiga filer eller beh\u00f6va \u00e5terst\u00e4lla f\u00f6rlorad data p\u00e5 grund av en felaktig konverteringsprocess.<\/li>\n<li>Du s\u00f6ker d\u00e5 efter ett p\u00e5litligt s\u00e4tt att \u00e5terst\u00e4lla data utan att kompromissa med den ytterligare.<\/li>\n<li>I s\u00e5dana fall kan professionell \u00e5terst\u00e4llningsprogramvara som <b>Disk Drill<\/b> vara ov\u00e4rderlig.<\/li>\n<\/ul>\n<\/section>\n<section class=\"stepByStep\">\n<div>\n<div>2<\/div>\n<h2>Steg-f\u00f6r-steg-guide. ESD-USB tillbaka till normal:<\/h2>\n<\/div>\n<h3>Metod 1: Anv\u00e4nda Diskhantering  <\/h3>\n<ul>\n<li>Anslut <b>ESD-USB<\/b> till din dator.<\/li>\n<li>\u00d6ppna Start-menyn och s\u00f6k efter &#8217;Diskhantering&#8217;. V\u00e4lj &#8217;Skapa och formatera h\u00e5rddiskpartitioner&#8217;.<\/li>\n<li>H\u00f6gerklicka p\u00e5 ESD-USB-enheten och v\u00e4lj &#8217;Formatera&#8217;. V\u00e4lj NTFS- eller FAT32-filsystem och utf\u00f6r en snabbformatering.<\/li>\n<\/ul>\n<p><b>Observera:<\/b> Detta kommer att radera alla data p\u00e5 disken, s\u00e5 se till att du s\u00e4kerhetskopierar all v\u00e4rdefull information i f\u00f6rv\u00e4g.<\/p>\n<p><b>Slutsats:<\/b> En okomplicerad metod som passar f\u00f6r de utan behov av data\u00e5terst\u00e4llning.<\/p>\n<h3>Metod 2: Anv\u00e4nda Kommandotolken  <\/h3>\n<ul>\n<li>Koppla in <b>ESD-USB<\/b> till din dator.<\/li>\n<li>Skriv &#8217;cmd&#8217; i Start-menyn, h\u00f6gerklicka p\u00e5 Kommandotolken och k\u00f6r som administrat\u00f6r.<\/li>\n<li>Anv\u00e4nd diskpart genom att skriva &#8217;diskpart&#8217; och lista enheterna med &#8217;list disk&#8217;. Identifiera din ESD-USB-enhet efter dess storlek.<\/li>\n<li>V\u00e4lj disken med &#8217;select disk #&#8217;, ers\u00e4tt &#8217;#&#8217; med ditt disknummer och rensa den med &#8217;clean&#8217;.<\/li>\n<li>Skapa en ny partition med &#8217;create partition primary&#8217;, g\u00f6r den aktiv med &#8217;active&#8217; och formatera den med &#8217;format fs=ntfs quick&#8217; eller &#8217;format fs=fat32 quick&#8217;, beroende p\u00e5 ditt \u00f6nskem\u00e5l.<\/li>\n<\/ul>\n<p><b>Observera:<\/b> Den h\u00e4r metoden, liksom den f\u00f6rsta, kommer att f\u00f6rst\u00f6ra alla data p\u00e5 USB-enheten.<\/p>\n<p><b>Slutsats:<\/b> En mer avancerad metod f\u00f6r de som \u00e4r bekv\u00e4ma med att anv\u00e4nda kommandoradsverktyg.<\/p>\n<h3>Metod 3: Anv\u00e4nda Windows PowerShell  <\/h3>\n<ul>\n<li>S\u00e4tt in <b>ESD-USB<\/b> i en USB-port p\u00e5 din PC.<\/li>\n<li>\u00d6ppna Windows PowerShell som administrat\u00f6r fr\u00e5n Start-menyn.<\/li>\n<li>Skriv &#8217;Get-Disk&#8217; f\u00f6r att lista alla anslutna enheter och identifiera din USB-enhet efter dess nummer.<\/li>\n<li>Rensa enheten med &#8217;Clear-Disk -Number # -RemoveData&#8217;, \u00e4ndra &#8217;#&#8217; till numret p\u00e5 din USB-enhet.<\/li>\n<li>Skapa en ny volym med &#8217;New-Partition -DiskNumber # -UseMaximumSize | Format-Volume -FileSystem NTFS -NewFileSystemLabel &#8221;NewVolume&#8221;&#8217; och ers\u00e4tt &#8217;#&#8217; med ditt disknummer samt &#8217;NewVolume&#8217; med en valfri etikett.<\/li>\n<\/ul>\n<p><b>Observera:<\/b> Liksom med Kommandotolken kommer denna metod att helt radera din USB-enhet.<\/p>\n<p><b>Slutsats:<\/b> Idealisk f\u00f6r anv\u00e4ndare som f\u00f6redrar PowerShell framf\u00f6r den traditionella Kommandotolken.<\/p>\n<h3>Metod 4: Anv\u00e4nda ett tredjepartsverktyg  <\/h3>\n<ul>\n<li>Anslut <b>ESD-USB<\/b> och ladda ner ett p\u00e5litligt tredjepartsformateringsverktyg.<\/li>\n<li>Starta programmet och v\u00e4lj din USB-enhet.<\/li>\n<li>V\u00e4lj det \u00f6nskade filsystemet (NTFS, FAT32, etc.) och p\u00e5b\u00f6rja formateringen.<\/li>\n<li>V\u00e4nta tills processen \u00e4r f\u00e4rdig och din USB b\u00f6r nu vara i ett standardformat.<\/li>\n<\/ul>\n<p><b>Observera:<\/b> M\u00e5nga tredjepartsverktyg erbjuder fler funktioner och kan hantera olika typer av problem med USB-enheter.<\/p>\n<p><b>Slutsats:<\/b> Ett anv\u00e4ndarv\u00e4nligt alternativ f\u00f6r individer som inte \u00e4r bekv\u00e4ma med Windows-verktyg.<\/p>\n<h3>Metod 5: \u00c5terst\u00e4lla data med Disk Drill  <\/h3>\n<ul>\n<li>Ladda ner och installera <b>Disk Drill<\/b> <a href='https:\/\/www.cleverfiles.com\/disk-drill-windows.html' rel=\"nofollow noopener\" target='_blank'>h\u00e4r<\/a>.<\/li>\n<li>Starta Disk Drill och v\u00e4lj din <b>ESD-USB<\/b> fr\u00e5n listan \u00f6ver tillg\u00e4ngliga enheter.<\/li>\n<li>Klicka p\u00e5 &#8217;\u00c5terst\u00e4ll&#8217; f\u00f6r att b\u00f6rja skanna efter f\u00f6rlorad data.<\/li>\n<li>N\u00e4r skanningen \u00e4r klar, f\u00f6rhandsgranska filerna och v\u00e4lj de du vill \u00e5terst\u00e4lla.<\/li>\n<li>V\u00e4lj en \u00e5terst\u00e4llningsdestination som \u00e4r annorlunda fr\u00e5n din USB-enhet och klicka p\u00e5 &#8217;\u00c5terst\u00e4ll&#8217; f\u00f6r att inleda \u00e5terst\u00e4llningsprocessen f\u00f6r data.<\/li>\n<\/ul>\n<p><b>Observera:<\/b> Se till att inte skriva n\u00e5gra nya data till USB-enheten f\u00f6re \u00e5terst\u00e4llning, eftersom detta kan skriva \u00f6ver f\u00f6rlorade filer.<\/p>\n<p><b>Slutsats:<\/b> Ett effektivt s\u00e4tt att h\u00e4mta dina filer intakta utan att beh\u00f6va ta till komplexa \u00e5tg\u00e4rder.<\/p>\n<\/section>\n<section>\n<div>\n<div>3<\/div>\n<h2>F\u00f6rsiktighets\u00e5tg\u00e4rder och tips:<\/h2>\n<\/div>\n<h3> Viktiga tips f\u00f6r hantering av ESD-USB  <\/h3>\n<ul>\n<li><b>S\u00e4kerhetskopiera alltid dina viktiga filer<\/b> innan du p\u00e5b\u00f6rjar n\u00e5gra formaterings- eller konverteringsprocesser.<\/li>\n<li>Anv\u00e4nd <b>Windows inbyggda verktyg<\/b> som Diskhantering f\u00f6r enkla problem innan du v\u00e4nder dig till kommandoradsbaserade metoder.<\/li>\n<li>Kom ih\u00e5g att konverteringen av en ESD-USB till en vanlig USB vanligtvis <b>raderar alla data<\/b>, s\u00e5 ha en \u00e5terst\u00e4llningsplan redo om det beh\u00f6vs.<\/li>\n<li>N\u00e4r du anv\u00e4nder tredjepartsverktyg, se till att de kommer fr\u00e5n p\u00e5litliga k\u00e4llor f\u00f6r att undvika nedladdning av skadlig programvara.<\/li>\n<\/ul>\n<\/section>\n<section>\n<div>\n<div>4<\/div>\n<h2>Ytterligare information om ESD-USB<\/h2>\n<\/div>\n<p>Alla USB-enheter \u00e4r inte skapade lika, och n\u00e4r det kommer till installationsmedia eller \u00e5terst\u00e4llningsenheter, \u00e4r formatet <b>Electronic Software Delivery (ESD)<\/b> ofta aktuellt. En ESD-USB \u00e4r i princip ett USB-minne som inneh\u00e5ller installationsfiler f\u00f6r Windows operativsystem. Microsofts <a href='https:\/\/www.microsoft.com\/en-us\/software-download\/windows10' rel=\"nofollow noopener\" target='_blank'>Media Creation Tool<\/a> anv\u00e4nder detta format f\u00f6r att skapa startbara USB-enheter f\u00f6r installation eller reparation av Windows.  Varf\u00f6r ESD-USB, kan du fr\u00e5ga? ESD-formatet anv\u00e4nder avancerade komprimeringstekniker, vilket g\u00f6r filstorleken avsev\u00e4rt mindre och processen mer effektiv, idealisk f\u00f6r \u00f6verf\u00f6ring av stora operativsystemfiler. Det \u00e4r s\u00e4rskilt praktiskt f\u00f6r personer med begr\u00e4nsad bandbredd eller de som beh\u00f6ver spara utrymme. Dessutom \u00e4r ESD-filer krypterade, vilket ger ett ytterligare s\u00e4kerhetslager \u00f6ver standardformaten.  Problemet uppst\u00e5r dock n\u00e4r du inte l\u00e4ngre beh\u00f6ver den startbara enheten, och ESD-USB inte fungerar som en vanlig lagrings-USB. Det \u00e4r viktigt att k\u00e4nna till r\u00e4tt process f\u00f6r konvertering och \u00e5terst\u00e4llning f\u00f6r att undvika frustration och s\u00e4kerst\u00e4lla dataintegritet.  Det finns mycket v\u00e4gledning tillg\u00e4nglig p\u00e5 <a href='https:\/\/support.microsoft.com\/en-us\/windows' rel=\"nofollow noopener\" target='_blank'>Microsofts support-sida<\/a>, samt data\u00e5terst\u00e4llningsresurser som Disk Drills <a href='https:\/\/www.cleverfiles.com\/help\/' rel=\"nofollow noopener\" target='_blank'>hj\u00e4lpcenter<\/a>, vilket kan vara till hj\u00e4lp.  Kom ih\u00e5g att t\u00e5lamod och r\u00e4tt verktyg \u00e4r dina b\u00e4sta allierade n\u00e4r det g\u00e4ller fr\u00e5gor om ESD-USB. Att f\u00f6rst\u00e5 nyanserna i detta format hj\u00e4lper dig att navigera potentiella problem och dra nytta av dess f\u00f6rdelar samtidigt som du h\u00e5ller dina data s\u00e4kra.<\/section>\n<section>\n<h2>Slutsats:<\/h2>\n<div class=\"nonp\">Sammanfattningsvis kan hantering av en <b>ESD-USB<\/b> verka skr\u00e4mmande till en b\u00f6rjan, men med r\u00e4tt tillv\u00e4gag\u00e5ngss\u00e4tt och verktyg till hands \u00e4r det fullt m\u00f6jligt att konvertera den till en vanlig USB och \u00e5terst\u00e4lla dina v\u00e4rdefulla data. Oavsett om du \u00e4r tillr\u00e4ckligt tekniskt kunnig f\u00f6r att anv\u00e4nda kommandoradsverktyg eller om du f\u00f6redrar en mer GUI-orienterad l\u00f6sning via tredjepartsprogram finns det en metod som passar allas komfortniv\u00e5.  Viktigast av allt \u00e4r att komma ih\u00e5g att s\u00e4kerhetskopiera dina data och anv\u00e4nda p\u00e5litlig \u00e5terst\u00e4llningsprogramvara som Disk Drill, om det skulle beh\u00f6vas f\u00f6r att h\u00e4mta f\u00f6rlorade filer. Genom att f\u00f6lja denna guide kan du omvandla din ESD-USB till vanlig lagring med enkelhet och sj\u00e4lvf\u00f6rtroende.<\/div>\n<\/section>\n","protected":false},"excerpt":{"rendered":"<p>Hur man \u00e4ndrar ESD-USB till vanlig USB och \u00e5terst\u00e4ller data I den st\u00e4ndigt f\u00f6r\u00e4nderliga teknikv\u00e4rlden f\u00f6rbryllar ofta konceptet ESD-USB m\u00e5nga. F\u00f6r att reda ut begreppen ska vi prata om vad ESD-USB inneb\u00e4r, orsakerna bakom dess anv\u00e4ndning och praktiska r\u00e5d f\u00f6r att konvertera en ESD-USB till en vanlig USB, samt steg f\u00f6r att \u00e5terst\u00e4lla data fr\u00e5n [&hellip;]<\/p>\n","protected":false},"author":2,"featured_media":31030,"parent":0,"menu_order":0,"comment_status":"closed","ping_status":"closed","template":"chromecast.php","meta":{"_stopmodifiedupdate":false,"_modified_date":"","_lmt_disableupdate":"yes","_lmt_disable":""},"acf":[],"yoast_head":"<!-- This site is optimized with the Yoast SEO plugin v20.9 - https:\/\/yoast.com\/wordpress\/plugins\/seo\/ -->\n<title>Hur man konverterar ESD-USB till vanlig USB och \u00e5terst\u00e4ller data<\/title>\n<meta name=\"robots\" content=\"index, follow, max-snippet:-1, max-image-preview:large, max-video-preview:-1\" \/>\n<link rel=\"canonical\" href=\"https:\/\/datarecovery.ping.fm\/sv\/undo-esd-usb\/\" \/>\n<meta property=\"og:locale\" content=\"sv_SE\" \/>\n<meta property=\"og:type\" content=\"article\" \/>\n<meta property=\"og:title\" content=\"Hur man konverterar ESD-USB till vanlig USB och \u00e5terst\u00e4ller data\" \/>\n<meta property=\"og:description\" content=\"Hur man \u00e4ndrar ESD-USB till vanlig USB och \u00e5terst\u00e4ller data I den st\u00e4ndigt f\u00f6r\u00e4nderliga teknikv\u00e4rlden f\u00f6rbryllar ofta konceptet ESD-USB m\u00e5nga. F\u00f6r att reda ut begreppen ska vi prata om vad ESD-USB inneb\u00e4r, orsakerna bakom dess anv\u00e4ndning och praktiska r\u00e5d f\u00f6r att konvertera en ESD-USB till en vanlig USB, samt steg f\u00f6r att \u00e5terst\u00e4lla data fr\u00e5n [&hellip;]\" \/>\n<meta property=\"og:url\" content=\"https:\/\/datarecovery.ping.fm\/sv\/undo-esd-usb\/\" \/>\n<meta property=\"og:site_name\" content=\"\u00c5terst\u00e4llningsprogram f\u00f6r Data\" \/>\n<meta property=\"article:modified_time\" content=\"2024-02-19T08:21:07+00:00\" \/>\n<meta property=\"og:image\" content=\"https:\/\/datarecovery.ping.fm\/wp-content\/uploads\/2024\/03\/How-to-Change-ESD-USB-to-Normal-USB-and-Recover-Data-Swedish.jpg\" \/>\n\t<meta property=\"og:image:width\" content=\"1280\" \/>\n\t<meta property=\"og:image:height\" content=\"731\" \/>\n\t<meta property=\"og:image:type\" content=\"image\/jpeg\" \/>\n<meta name=\"twitter:card\" content=\"summary_large_image\" \/>\n<meta name=\"twitter:label1\" content=\"Est. reading time\" \/>\n\t<meta name=\"twitter:data1\" content=\"7 minuter\" \/>\n<script type=\"application\/ld+json\" class=\"yoast-schema-graph\">{\"@context\":\"https:\/\/schema.org\",\"@graph\":[{\"@type\":\"WebPage\",\"@id\":\"https:\/\/datarecovery.ping.fm\/sv\/undo-esd-usb\/\",\"url\":\"https:\/\/datarecovery.ping.fm\/sv\/undo-esd-usb\/\",\"name\":\"Hur man konverterar ESD-USB till vanlig USB och \u00e5terst\u00e4ller data\",\"isPartOf\":{\"@id\":\"https:\/\/datarecovery.ping.fm\/sv\/#website\"},\"datePublished\":\"2024-01-08T18:12:30+00:00\",\"dateModified\":\"2024-02-19T08:21:07+00:00\",\"breadcrumb\":{\"@id\":\"https:\/\/datarecovery.ping.fm\/sv\/undo-esd-usb\/#breadcrumb\"},\"inLanguage\":\"sv-SE\",\"potentialAction\":[{\"@type\":\"ReadAction\",\"target\":[\"https:\/\/datarecovery.ping.fm\/sv\/undo-esd-usb\/\"]}]},{\"@type\":\"BreadcrumbList\",\"@id\":\"https:\/\/datarecovery.ping.fm\/sv\/undo-esd-usb\/#breadcrumb\",\"itemListElement\":[{\"@type\":\"ListItem\",\"position\":1,\"name\":\"Home\",\"item\":\"https:\/\/datarecovery.ping.fm\/sv\/\"},{\"@type\":\"ListItem\",\"position\":2,\"name\":\"Hur man konverterar ESD-USB till vanlig USB och \u00e5terst\u00e4ller data\"}]},{\"@type\":\"WebSite\",\"@id\":\"https:\/\/datarecovery.ping.fm\/sv\/#website\",\"url\":\"https:\/\/datarecovery.ping.fm\/sv\/\",\"name\":\"\u00c5terst\u00e4llningsprogram f\u00f6r Data\",\"description\":\"\",\"potentialAction\":[{\"@type\":\"SearchAction\",\"target\":{\"@type\":\"EntryPoint\",\"urlTemplate\":\"https:\/\/datarecovery.ping.fm\/sv\/?s={search_term_string}\"},\"query-input\":\"required name=search_term_string\"}],\"inLanguage\":\"sv-SE\"}]}<\/script>\n<!-- \/ Yoast SEO plugin. -->","yoast_head_json":{"title":"Hur man konverterar ESD-USB till vanlig USB och \u00e5terst\u00e4ller data","robots":{"index":"index","follow":"follow","max-snippet":"max-snippet:-1","max-image-preview":"max-image-preview:large","max-video-preview":"max-video-preview:-1"},"canonical":"https:\/\/datarecovery.ping.fm\/sv\/undo-esd-usb\/","og_locale":"sv_SE","og_type":"article","og_title":"Hur man konverterar ESD-USB till vanlig USB och \u00e5terst\u00e4ller data","og_description":"Hur man \u00e4ndrar ESD-USB till vanlig USB och \u00e5terst\u00e4ller data I den st\u00e4ndigt f\u00f6r\u00e4nderliga teknikv\u00e4rlden f\u00f6rbryllar ofta konceptet ESD-USB m\u00e5nga. F\u00f6r att reda ut begreppen ska vi prata om vad ESD-USB inneb\u00e4r, orsakerna bakom dess anv\u00e4ndning och praktiska r\u00e5d f\u00f6r att konvertera en ESD-USB till en vanlig USB, samt steg f\u00f6r att \u00e5terst\u00e4lla data fr\u00e5n [&hellip;]","og_url":"https:\/\/datarecovery.ping.fm\/sv\/undo-esd-usb\/","og_site_name":"\u00c5terst\u00e4llningsprogram f\u00f6r Data","article_modified_time":"2024-02-19T08:21:07+00:00","og_image":[{"width":1280,"height":731,"url":"https:\/\/datarecovery.ping.fm\/wp-content\/uploads\/2024\/03\/How-to-Change-ESD-USB-to-Normal-USB-and-Recover-Data-Swedish.jpg","type":"image\/jpeg"}],"twitter_card":"summary_large_image","twitter_misc":{"Est. reading time":"7 minuter"},"schema":{"@context":"https:\/\/schema.org","@graph":[{"@type":"WebPage","@id":"https:\/\/datarecovery.ping.fm\/sv\/undo-esd-usb\/","url":"https:\/\/datarecovery.ping.fm\/sv\/undo-esd-usb\/","name":"Hur man konverterar ESD-USB till vanlig USB och \u00e5terst\u00e4ller data","isPartOf":{"@id":"https:\/\/datarecovery.ping.fm\/sv\/#website"},"datePublished":"2024-01-08T18:12:30+00:00","dateModified":"2024-02-19T08:21:07+00:00","breadcrumb":{"@id":"https:\/\/datarecovery.ping.fm\/sv\/undo-esd-usb\/#breadcrumb"},"inLanguage":"sv-SE","potentialAction":[{"@type":"ReadAction","target":["https:\/\/datarecovery.ping.fm\/sv\/undo-esd-usb\/"]}]},{"@type":"BreadcrumbList","@id":"https:\/\/datarecovery.ping.fm\/sv\/undo-esd-usb\/#breadcrumb","itemListElement":[{"@type":"ListItem","position":1,"name":"Home","item":"https:\/\/datarecovery.ping.fm\/sv\/"},{"@type":"ListItem","position":2,"name":"Hur man konverterar ESD-USB till vanlig USB och \u00e5terst\u00e4ller data"}]},{"@type":"WebSite","@id":"https:\/\/datarecovery.ping.fm\/sv\/#website","url":"https:\/\/datarecovery.ping.fm\/sv\/","name":"\u00c5terst\u00e4llningsprogram f\u00f6r Data","description":"","potentialAction":[{"@type":"SearchAction","target":{"@type":"EntryPoint","urlTemplate":"https:\/\/datarecovery.ping.fm\/sv\/?s={search_term_string}"},"query-input":"required name=search_term_string"}],"inLanguage":"sv-SE"}]}},"_links":{"self":[{"href":"https:\/\/datarecovery.ping.fm\/sv\/wp-json\/wp\/v2\/pages\/16214"}],"collection":[{"href":"https:\/\/datarecovery.ping.fm\/sv\/wp-json\/wp\/v2\/pages"}],"about":[{"href":"https:\/\/datarecovery.ping.fm\/sv\/wp-json\/wp\/v2\/types\/page"}],"author":[{"embeddable":true,"href":"https:\/\/datarecovery.ping.fm\/sv\/wp-json\/wp\/v2\/users\/2"}],"replies":[{"embeddable":true,"href":"https:\/\/datarecovery.ping.fm\/sv\/wp-json\/wp\/v2\/comments?post=16214"}],"version-history":[{"count":1,"href":"https:\/\/datarecovery.ping.fm\/sv\/wp-json\/wp\/v2\/pages\/16214\/revisions"}],"predecessor-version":[{"id":31029,"href":"https:\/\/datarecovery.ping.fm\/sv\/wp-json\/wp\/v2\/pages\/16214\/revisions\/31029"}],"wp:featuredmedia":[{"embeddable":true,"href":"https:\/\/datarecovery.ping.fm\/sv\/wp-json\/wp\/v2\/media\/31030"}],"wp:attachment":[{"href":"https:\/\/datarecovery.ping.fm\/sv\/wp-json\/wp\/v2\/media?parent=16214"}],"curies":[{"name":"wp","href":"https:\/\/api.w.org\/{rel}","templated":true}]}}