{"id":15974,"date":"2024-01-10T21:08:36","date_gmt":"2024-01-10T21:08:36","guid":{"rendered":"https:\/\/www.ping.fm\/data-recovery-software\/desktop-files-disappeared-mac\/"},"modified":"2024-02-19T08:21:03","modified_gmt":"2024-02-19T08:21:03","slug":"desktop-files-disappeared-mac","status":"publish","type":"page","link":"https:\/\/datarecovery.ping.fm\/sv\/desktop-files-disappeared-mac\/","title":{"rendered":"Filen f\u00f6rsvann fr\u00e5n Mac-skrivbordet &#8211; Hur \u00e5terst\u00e4ller man?"},"content":{"rendered":"<section>\n<h1>Filer f\u00f6rsvann fr\u00e5n Mac-skrivbordet &#8211; Hur f\u00e5r man tillbaka dem?<\/h1>\n<div class=\"inbrief\">\n<div>             <img src=\"https:\/\/www.ping.fm\/data-recovery-software\/wp-content\/uploads\/ai\/Files-Disappeared-From-Mac-Desktop-How-to-Get-Them-Back--Swedish.jpg\" alt=\"Filer f\u00f6rsvann fr\u00e5n Mac-skrivbordet - Hur f\u00e5r man tillbaka dem?\" title=\"Filer f\u00f6rsvann fr\u00e5n Mac-skrivbordet - Hur f\u00e5r man tillbaka dem?\" width=\"1280\" height=\"720\">             <\/p>\n<p>Nyligen st\u00f6tte jag p\u00e5 ett problem d\u00e4r vissa skrivbordsfiler f\u00f6rsvann p\u00e5 min Mac, eller snarare, allt p\u00e5 mitt Mac-skrivbord f\u00f6rsvann. Det \u00e4r en situation som kan utl\u00f6sa en mild panik, eftersom det k\u00e4nns som att f\u00f6rlora en del av ditt digitala liv. Men jag l\u00e4rde mig att detta problem kan uppst\u00e5 av olika anledningar, och det finns steg man kan ta f\u00f6r att \u00e5terst\u00e4lla f\u00f6rlorade data. Speciellt fann jag att anv\u00e4ndningen av <a href='https:\/\/www.cleverfiles.com\/' rel=\"nofollow noopener\" target='_blank'>Disk Drill<\/a> var en effektiv l\u00f6sning f\u00f6r data\u00e5terst\u00e4llning. I den h\u00e4r artikeln kommer jag att g\u00e5 igenom varf\u00f6r detta problem uppst\u00e5r och detaljera stegen f\u00f6r att \u00e5terst\u00e4lla dina saknade data med Disk Drill och andra metoder. Vi kommer ocks\u00e5 att utforska b\u00e4sta praxis f\u00f6r att f\u00f6rhindra att detta h\u00e4nder igen.<\/p>\n<\/div>\n<\/div>\n<\/section>\n<section>\n<div>\n<div>1<\/div>\n<h2>Vanliga Scenarier:<\/h2>\n<\/div>\n<h3>Oavsiktlig Borttagning &#128465;<\/h3>\n<ul>\n<li>Filer drogs av misstag till <b>Papperskorgen<\/b> och raderades.<\/li>\n<li>Kommandoradsradering med <b>rm<\/b>-kommandot utan att inse att det p\u00e5verkade skrivbordsfiler.<\/li>\n<li>Anv\u00e4ndning av en st\u00e4dningsverktyg som av misstag tog bort viktiga filer.<\/li>\n<\/ul>\n<h3>Systemuppdateringar eller Krascher &#128187;<\/h3>\n<ul>\n<li>En <b>OS-uppdatering<\/b> som oavsiktligt omorganiserade eller g\u00f6mde filer.<\/li>\n<li>En ov\u00e4ntad system<b>krasch<\/b> som ledde till f\u00f6rlust av data.<\/li>\n<li>Filsystemskorruption som gjorde att filerna blev osynliga eller o\u00e5tkomliga.<\/li>\n<\/ul>\n<h3>Malware-infektion &#129440;<\/h3>\n<ul>\n<li>Skrivbordsfiler krypterade eller g\u00f6mda p\u00e5 grund av en <b>malware-attack<\/b>.<\/li>\n<li>Datast\u00f6ld genom skadlig programvara, vilket ledde till att filerna f\u00f6rsvann.<\/li>\n<li>Missplacerade filer p\u00e5 grund av \u00e4ndringar som gjorts av en <b>infektion<\/b>.<\/li>\n<\/ul>\n<\/section>\n<section class=\"stepByStep\">\n<div>\n<div>2<\/div>\n<h2>Steg-f\u00f6r-steg-guide. Skrivbordsfiler f\u00f6rsvann Mac:<\/h2>\n<\/div>\n<h3>Metod 1: Kontrollera Papperskorgen &#128465;<\/h3>\n<ul>\n<li>\u00d6ppna <b>Papperskorgen<\/b> genom att klicka p\u00e5 dess ikon p\u00e5 dockan.<\/li>\n<li>Leta efter filer som borde finnas p\u00e5 skrivbordet.<\/li>\n<li>V\u00e4lj filerna och <b>h\u00f6gerklicka<\/b> > v\u00e4lj &#8217;L\u00e4gg tillbaka&#8217; f\u00f6r att \u00e5terst\u00e4lla dem till sin ursprungliga plats.<\/li>\n<\/ul>\n<p><b>Obs:<\/b> Filerna kommer bara att vara \u00e5terst\u00e4llningsbara fr\u00e5n Papperskorgen om de inte har raderats permanent.<\/p>\n<p><b>Slutsats:<\/b> Att \u00e5terst\u00e4lla filer fr\u00e5n Papperskorgen \u00e4r den enklaste metoden om filerna r\u00e5kat raderas.<\/p>\n<h3>Metod 2: Anv\u00e4nd Time Machine Backup &#9200;<\/h3>\n<ul>\n<li>Anslut backup-disken d\u00e4r dina <b>Time Machine<\/b>-s\u00e4kerhetskopior \u00e4r lagrade.<\/li>\n<li>\u00d6ppna &#8217;Time Machine&#8217; fr\u00e5n Systeminst\u00e4llningarna eller genom att klicka p\u00e5 Time Machine-ikonen i menyraden och v\u00e4lja &#8217;G\u00e5 in i Time Machine&#8217;.<\/li>\n<li>Navigera till skrivbordsmappen och hitta den tidpunkt d\u00e5 dina filer fortfarande var n\u00e4rvarande.<\/li>\n<li>V\u00e4lj filerna du vill \u00e5terst\u00e4lla och klicka p\u00e5 &#8217;\u00c5terst\u00e4ll&#8217;.<\/li>\n<\/ul>\n<p><b>Obs:<\/b> Denna metod kr\u00e4ver att du har regelbundna s\u00e4kerhetskopior aktiverade med Time Machine.<\/p>\n<p><b>Slutsats:<\/b> Time Machine \u00e4r en robust Mac-funktion f\u00f6r att \u00e5terst\u00e4lla ditt system till ett tidigare tillst\u00e5nd.<\/p>\n<h3>Metod 3: Kontrollera skrivbordsmappen i Finder &#128194;<\/h3>\n<ul>\n<li>\u00d6ppna <b>Finder<\/b> och g\u00e5 till din skrivbordsmapp (vanligtvis under &#8217;Favoriter&#8217;).<\/li>\n<li>Verifiera om filerna finns men inte visas p\u00e5 det faktiska skrivbordet.<\/li>\n<li>Om filerna finns d\u00e4r, dra dem tillbaka till ditt skrivbord eller h\u00f6gerklicka > &#8217;Skapa alias&#8217; f\u00f6r att skapa en genv\u00e4g p\u00e5 skrivbordet.<\/li>\n<\/ul>\n<p><b>Obs:<\/b> Ibland syns inte filer p\u00e5 skrivbordet p\u00e5 grund av systemfel men finns kvar i skrivbordskatalogen.<\/p>\n<p><b>Slutsats:<\/b> Detta \u00e4r en snabb kontroll som ibland kan l\u00f6sa problemet om det \u00e4r en visningsfr\u00e5ga.<\/p>\n<h3>Metod 4: Anv\u00e4nd Disk Drill f\u00f6r att \u00e5terst\u00e4lla filer &#128736;<\/h3>\n<ul>\n<li>Ladda ner och installera <a href='https:\/\/www.cleverfiles.com\/' rel=\"nofollow noopener\" target='_blank'><b>Disk Drill<\/b><\/a> f\u00f6r Mac.<\/li>\n<li>Starta Disk Drill och v\u00e4lj enheten d\u00e4r dina skrivbordsfiler var lagrade (vanligtvis Macintosh HD).<\/li>\n<li>Klicka p\u00e5 knappen &#8217;\u00c5terst\u00e4ll&#8217; bredvid den valda enheten f\u00f6r att starta skanningsprocessen.<\/li>\n<li>N\u00e4r skanningen \u00e4r klar, granska de funna objekten och v\u00e4lj de f\u00f6rsvunna skrivbordsfilerna.<\/li>\n<li>Klicka p\u00e5 &#8217;\u00c5terst\u00e4ll&#8217;-knappen igen f\u00f6r att \u00e5terst\u00e4lla dina utvalda filer till en s\u00e4ker plats.<\/li>\n<\/ul>\n<p><b>Obs:<\/b> Disk Drill erbjuder ett djupskanningsalternativ f\u00f6r omfattande \u00e5terh\u00e4mtning om snabbskanningen inte hittar filerna.<\/p>\n<p><b>Slutsats:<\/b> Disk Drill \u00e4r ett kraftfullt verktyg som kan hj\u00e4lpa till att \u00e5terst\u00e4lla filer \u00e4ven n\u00e4r andra metoder misslyckas.<\/p>\n<h3>Metod 5: \u00c5terst\u00e4ll NVRAM &#9881;<\/h3>\n<ul>\n<li>St\u00e4ng av din Mac.<\/li>\n<li>Starta den och h\u00e5ll omedelbart ner <b>Option + Command + P + R<\/b>-tangenterna.<\/li>\n<li>Sl\u00e4pp tangenterna efter cirka 20 sekunder eller efter att du h\u00f6r den andra startsignalen.<\/li>\n<li>N\u00e4r din Mac startas, kontrollera om dina skrivbordsfiler har dykt upp igen.<\/li>\n<\/ul>\n<p><b>Obs:<\/b> Denna process rensar vissa inst\u00e4llningar lagrade i NVRAM, vilket ibland kan l\u00f6sa skrivbordsvisningsproblem.<\/p>\n<p><b>Slutsats:<\/b> Att \u00e5terst\u00e4lla NVRAM \u00e4r en enkel process som kan fixa olika Mac-relaterade problem.<\/p>\n<\/section>\n<section>\n<div>\n<div>3<\/div>\n<h2>F\u00f6rebyggande \u00e5tg\u00e4rder och tips:<\/h2>\n<\/div>\n<h3>F\u00f6rbered dig med s\u00e4kerhetskopior &#128190;<\/h3>\n<ul>\n<li><b>S\u00e4kerhetskopiera<\/b> din Mac regelbundet med Time Machine eller en annan backupl\u00f6sning.<\/li>\n<li>Fundera p\u00e5 att anv\u00e4nda molntj\u00e4nster som <b>iCloud Drive<\/b> eller <b>Dropbox<\/b> f\u00f6r extra filskydd.<\/li>\n<li>F\u00f6lj 3-2-1-regeln f\u00f6r s\u00e4kerhetskopiering: H\u00e5ll tre kopior av dina data, p\u00e5 tv\u00e5 olika media, med en p\u00e5 annan plats.<\/li>\n<\/ul>\n<\/section>\n<section>\n<div>\n<div>4<\/div>\n<h2>F\u00f6rst\u00e5else av datarf\u00f6rlust p\u00e5 Mac<\/h2>\n<\/div>\n<p>Att f\u00f6rst\u00e5 de vanligaste orsakerna till datarf\u00f6rlust p\u00e5 en Mac kan hj\u00e4lpa dig att proaktivt f\u00f6rebygga framtida problem. MacOS \u00e4r ganska robust, men <b>datorf\u00f6rlust<\/b> kan fortfarande intr\u00e4ffa p\u00e5 grund av faktorer som str\u00e4cker sig fr\u00e5n h\u00e5rdvarufel till m\u00e4nskligt fel. H\u00e5rdvaruproblem kan inkludera en fallerande h\u00e5rdskiva eller SSD, medan m\u00e4nskligt fel kan vara s\u00e5 enkelt som oavsiktliga raderingar.<\/p>\n<p>Dessutom kan korrekt filorganisation och rutinm\u00e4ssigt underh\u00e5ll, s\u00e5som att h\u00e5lla din programvara uppdaterad och undvika tvivelaktiga nedladdningar, minimera chanserna f\u00f6r datarf\u00f6rlust. Om du ofta hanterar k\u00e4nslig eller kritisk information, \u00f6verv\u00e4g att kryptera din h\u00e5rddisk med <b>FileVault<\/b> eller anv\u00e4nda specialiserad programvara f\u00f6r realtidsskydd av data.<\/p>\n<p>Det \u00e4r ocks\u00e5 klokt att bekanta sig med de verktyg och tj\u00e4nster som finns tillg\u00e4ngliga f\u00f6r data\u00e5terst\u00e4llning. F\u00f6rutom <a href='https:\/\/www.cleverfiles.com\/' rel=\"nofollow noopener\" target='_blank'>Disk Drill<\/a>, \u00e4r andra ansedda datar\u00e4ddningsprogram t.ex. <a href='https:\/\/www.easeus.com\/datarecoverywizardpro\/' rel=\"nofollow noopener\" target='_blank'>EaseUS Data Recovery Wizard<\/a> eller <a href='https:\/\/www.stellarinfo.com\/' rel=\"nofollow noopener\" target='_blank'>Stellar Data Recovery<\/a>, ocks\u00e5 v\u00e4rda att \u00f6verv\u00e4ga. Dessutom kan resurser som <a href='https:\/\/support.apple.com\/' rel=\"nofollow noopener\" target='_blank'>Apple Support<\/a> vara till stor hj\u00e4lp vid fels\u00f6kning.<\/p>\n<\/section>\n<section>\n<h2>Slutsats:<\/h2>\n<div class=\"nonp\">\n<p>Sammanfattningsvis kan upplevelsen av att skrivbordsfiler f\u00f6rsvinner p\u00e5 en Mac vara oroande, men det beh\u00f6ver inte vara en katastrof. Genom att f\u00f6rst\u00e5 de m\u00f6jliga orsakerna och ha en strategi f\u00f6r \u00e5terst\u00e4llning, inklusive verktyg som <a href='https:\/\/www.cleverfiles.com\/' rel=\"nofollow noopener\" target='_blank'><b>Disk Drill<\/b><\/a>, kan du \u00e5terskapa dina viktiga data. F\u00f6rebyggande \u00e4r nyckeln, s\u00e5 se till att regelbundet s\u00e4kerhetskopiera dina filer och uppr\u00e4tth\u00e5lla god digital hygien. Skulle du st\u00f6ta p\u00e5 liknande problem i framtiden, kom ih\u00e5g att du nu \u00e4r utrustad med kunskapen f\u00f6r att hantera dem effektivt.<\/p>\n<\/div>\n<\/section>\n","protected":false},"excerpt":{"rendered":"<p>Filer f\u00f6rsvann fr\u00e5n Mac-skrivbordet &#8211; Hur f\u00e5r man tillbaka dem? Nyligen st\u00f6tte jag p\u00e5 ett problem d\u00e4r vissa skrivbordsfiler f\u00f6rsvann p\u00e5 min Mac, eller snarare, allt p\u00e5 mitt Mac-skrivbord f\u00f6rsvann. Det \u00e4r en situation som kan utl\u00f6sa en mild panik, eftersom det k\u00e4nns som att f\u00f6rlora en del av ditt digitala liv. Men jag l\u00e4rde [&hellip;]<\/p>\n","protected":false},"author":2,"featured_media":31006,"parent":0,"menu_order":0,"comment_status":"closed","ping_status":"closed","template":"chromecast.php","meta":{"_stopmodifiedupdate":false,"_modified_date":"","_lmt_disableupdate":"yes","_lmt_disable":""},"acf":[],"yoast_head":"<!-- This site is optimized with the Yoast SEO plugin v20.9 - https:\/\/yoast.com\/wordpress\/plugins\/seo\/ -->\n<title>\u00c5terfinna f\u00f6rsvunna filer p\u00e5 Mac-skrivbordet (Problemet l\u00f6st)<\/title>\n<meta name=\"robots\" content=\"index, follow, max-snippet:-1, max-image-preview:large, max-video-preview:-1\" \/>\n<link rel=\"canonical\" href=\"https:\/\/datarecovery.ping.fm\/sv\/desktop-files-disappeared-mac\/\" \/>\n<meta property=\"og:locale\" content=\"sv_SE\" \/>\n<meta property=\"og:type\" content=\"article\" \/>\n<meta property=\"og:title\" content=\"\u00c5terfinna f\u00f6rsvunna filer p\u00e5 Mac-skrivbordet (Problemet l\u00f6st)\" \/>\n<meta property=\"og:description\" content=\"Filer f\u00f6rsvann fr\u00e5n Mac-skrivbordet &#8211; Hur f\u00e5r man tillbaka dem? Nyligen st\u00f6tte jag p\u00e5 ett problem d\u00e4r vissa skrivbordsfiler f\u00f6rsvann p\u00e5 min Mac, eller snarare, allt p\u00e5 mitt Mac-skrivbord f\u00f6rsvann. Det \u00e4r en situation som kan utl\u00f6sa en mild panik, eftersom det k\u00e4nns som att f\u00f6rlora en del av ditt digitala liv. Men jag l\u00e4rde [&hellip;]\" \/>\n<meta property=\"og:url\" content=\"https:\/\/datarecovery.ping.fm\/sv\/desktop-files-disappeared-mac\/\" \/>\n<meta property=\"og:site_name\" content=\"\u00c5terst\u00e4llningsprogram f\u00f6r Data\" \/>\n<meta property=\"article:modified_time\" content=\"2024-02-19T08:21:03+00:00\" \/>\n<meta property=\"og:image\" content=\"https:\/\/datarecovery.ping.fm\/wp-content\/uploads\/2024\/03\/Files-Disappeared-From-Mac-Desktop-How-to-Get-Them-Back-Swedish.jpg\" \/>\n\t<meta property=\"og:image:width\" content=\"1280\" \/>\n\t<meta property=\"og:image:height\" content=\"731\" \/>\n\t<meta property=\"og:image:type\" content=\"image\/jpeg\" \/>\n<meta name=\"twitter:card\" content=\"summary_large_image\" \/>\n<meta name=\"twitter:label1\" content=\"Est. reading time\" \/>\n\t<meta name=\"twitter:data1\" content=\"5 minuter\" \/>\n<script type=\"application\/ld+json\" class=\"yoast-schema-graph\">{\"@context\":\"https:\/\/schema.org\",\"@graph\":[{\"@type\":\"WebPage\",\"@id\":\"https:\/\/datarecovery.ping.fm\/sv\/desktop-files-disappeared-mac\/\",\"url\":\"https:\/\/datarecovery.ping.fm\/sv\/desktop-files-disappeared-mac\/\",\"name\":\"\u00c5terfinna f\u00f6rsvunna filer p\u00e5 Mac-skrivbordet (Problemet l\u00f6st)\",\"isPartOf\":{\"@id\":\"https:\/\/datarecovery.ping.fm\/sv\/#website\"},\"datePublished\":\"2024-01-10T21:08:36+00:00\",\"dateModified\":\"2024-02-19T08:21:03+00:00\",\"breadcrumb\":{\"@id\":\"https:\/\/datarecovery.ping.fm\/sv\/desktop-files-disappeared-mac\/#breadcrumb\"},\"inLanguage\":\"sv-SE\",\"potentialAction\":[{\"@type\":\"ReadAction\",\"target\":[\"https:\/\/datarecovery.ping.fm\/sv\/desktop-files-disappeared-mac\/\"]}]},{\"@type\":\"BreadcrumbList\",\"@id\":\"https:\/\/datarecovery.ping.fm\/sv\/desktop-files-disappeared-mac\/#breadcrumb\",\"itemListElement\":[{\"@type\":\"ListItem\",\"position\":1,\"name\":\"Home\",\"item\":\"https:\/\/datarecovery.ping.fm\/sv\/\"},{\"@type\":\"ListItem\",\"position\":2,\"name\":\"Filen f\u00f6rsvann fr\u00e5n Mac-skrivbordet &#8211; Hur \u00e5terst\u00e4ller man?\"}]},{\"@type\":\"WebSite\",\"@id\":\"https:\/\/datarecovery.ping.fm\/sv\/#website\",\"url\":\"https:\/\/datarecovery.ping.fm\/sv\/\",\"name\":\"\u00c5terst\u00e4llningsprogram f\u00f6r Data\",\"description\":\"\",\"potentialAction\":[{\"@type\":\"SearchAction\",\"target\":{\"@type\":\"EntryPoint\",\"urlTemplate\":\"https:\/\/datarecovery.ping.fm\/sv\/?s={search_term_string}\"},\"query-input\":\"required name=search_term_string\"}],\"inLanguage\":\"sv-SE\"}]}<\/script>\n<!-- \/ Yoast SEO plugin. -->","yoast_head_json":{"title":"\u00c5terfinna f\u00f6rsvunna filer p\u00e5 Mac-skrivbordet (Problemet l\u00f6st)","robots":{"index":"index","follow":"follow","max-snippet":"max-snippet:-1","max-image-preview":"max-image-preview:large","max-video-preview":"max-video-preview:-1"},"canonical":"https:\/\/datarecovery.ping.fm\/sv\/desktop-files-disappeared-mac\/","og_locale":"sv_SE","og_type":"article","og_title":"\u00c5terfinna f\u00f6rsvunna filer p\u00e5 Mac-skrivbordet (Problemet l\u00f6st)","og_description":"Filer f\u00f6rsvann fr\u00e5n Mac-skrivbordet &#8211; Hur f\u00e5r man tillbaka dem? Nyligen st\u00f6tte jag p\u00e5 ett problem d\u00e4r vissa skrivbordsfiler f\u00f6rsvann p\u00e5 min Mac, eller snarare, allt p\u00e5 mitt Mac-skrivbord f\u00f6rsvann. Det \u00e4r en situation som kan utl\u00f6sa en mild panik, eftersom det k\u00e4nns som att f\u00f6rlora en del av ditt digitala liv. Men jag l\u00e4rde [&hellip;]","og_url":"https:\/\/datarecovery.ping.fm\/sv\/desktop-files-disappeared-mac\/","og_site_name":"\u00c5terst\u00e4llningsprogram f\u00f6r Data","article_modified_time":"2024-02-19T08:21:03+00:00","og_image":[{"width":1280,"height":731,"url":"https:\/\/datarecovery.ping.fm\/wp-content\/uploads\/2024\/03\/Files-Disappeared-From-Mac-Desktop-How-to-Get-Them-Back-Swedish.jpg","type":"image\/jpeg"}],"twitter_card":"summary_large_image","twitter_misc":{"Est. reading time":"5 minuter"},"schema":{"@context":"https:\/\/schema.org","@graph":[{"@type":"WebPage","@id":"https:\/\/datarecovery.ping.fm\/sv\/desktop-files-disappeared-mac\/","url":"https:\/\/datarecovery.ping.fm\/sv\/desktop-files-disappeared-mac\/","name":"\u00c5terfinna f\u00f6rsvunna filer p\u00e5 Mac-skrivbordet (Problemet l\u00f6st)","isPartOf":{"@id":"https:\/\/datarecovery.ping.fm\/sv\/#website"},"datePublished":"2024-01-10T21:08:36+00:00","dateModified":"2024-02-19T08:21:03+00:00","breadcrumb":{"@id":"https:\/\/datarecovery.ping.fm\/sv\/desktop-files-disappeared-mac\/#breadcrumb"},"inLanguage":"sv-SE","potentialAction":[{"@type":"ReadAction","target":["https:\/\/datarecovery.ping.fm\/sv\/desktop-files-disappeared-mac\/"]}]},{"@type":"BreadcrumbList","@id":"https:\/\/datarecovery.ping.fm\/sv\/desktop-files-disappeared-mac\/#breadcrumb","itemListElement":[{"@type":"ListItem","position":1,"name":"Home","item":"https:\/\/datarecovery.ping.fm\/sv\/"},{"@type":"ListItem","position":2,"name":"Filen f\u00f6rsvann fr\u00e5n Mac-skrivbordet &#8211; Hur \u00e5terst\u00e4ller man?"}]},{"@type":"WebSite","@id":"https:\/\/datarecovery.ping.fm\/sv\/#website","url":"https:\/\/datarecovery.ping.fm\/sv\/","name":"\u00c5terst\u00e4llningsprogram f\u00f6r Data","description":"","potentialAction":[{"@type":"SearchAction","target":{"@type":"EntryPoint","urlTemplate":"https:\/\/datarecovery.ping.fm\/sv\/?s={search_term_string}"},"query-input":"required name=search_term_string"}],"inLanguage":"sv-SE"}]}},"_links":{"self":[{"href":"https:\/\/datarecovery.ping.fm\/sv\/wp-json\/wp\/v2\/pages\/15974"}],"collection":[{"href":"https:\/\/datarecovery.ping.fm\/sv\/wp-json\/wp\/v2\/pages"}],"about":[{"href":"https:\/\/datarecovery.ping.fm\/sv\/wp-json\/wp\/v2\/types\/page"}],"author":[{"embeddable":true,"href":"https:\/\/datarecovery.ping.fm\/sv\/wp-json\/wp\/v2\/users\/2"}],"replies":[{"embeddable":true,"href":"https:\/\/datarecovery.ping.fm\/sv\/wp-json\/wp\/v2\/comments?post=15974"}],"version-history":[{"count":1,"href":"https:\/\/datarecovery.ping.fm\/sv\/wp-json\/wp\/v2\/pages\/15974\/revisions"}],"predecessor-version":[{"id":31005,"href":"https:\/\/datarecovery.ping.fm\/sv\/wp-json\/wp\/v2\/pages\/15974\/revisions\/31005"}],"wp:featuredmedia":[{"embeddable":true,"href":"https:\/\/datarecovery.ping.fm\/sv\/wp-json\/wp\/v2\/media\/31006"}],"wp:attachment":[{"href":"https:\/\/datarecovery.ping.fm\/sv\/wp-json\/wp\/v2\/media?parent=15974"}],"curies":[{"name":"wp","href":"https:\/\/api.w.org\/{rel}","templated":true}]}}