{"id":15842,"date":"2024-01-11T20:38:56","date_gmt":"2024-01-11T20:38:56","guid":{"rendered":"https:\/\/www.ping.fm\/data-recovery-software\/diskwarrior-alternatives\/"},"modified":"2024-02-29T19:06:48","modified_gmt":"2024-02-29T19:06:48","slug":"diskwarrior-alternatives","status":"publish","type":"page","link":"https:\/\/datarecovery.ping.fm\/sv\/diskwarrior-alternatives\/","title":{"rendered":"B\u00e4sta DiskWarrior-alternativ f\u00f6r macOS som du m\u00e5ste prova"},"content":{"rendered":"<section>\n<h1>B\u00e4sta alternativen till DiskWarrior f\u00f6r macOS du b\u00f6r prova<\/h1>\n<div class=\"inbrief\">\n<div>             <img src=\"https:\/\/www.ping.fm\/data-recovery-software\/wp-content\/uploads\/ai\/Best-DiskWarrior-Alternatives-for-macOS-You-Should-Try-Swedish.jpg\" alt=\"B\u00e4sta alternativen till DiskWarrior f\u00f6r macOS du b\u00f6r prova\" title=\"B\u00e4sta alternativen till DiskWarrior f\u00f6r macOS du b\u00f6r prova\" width=\"1280\" height=\"720\">             <\/p>\n<p>N\u00e4r det kommer till data\u00e5terst\u00e4llning och diskreparation f\u00f6r Mac, har <b>DiskWarrior<\/b> l\u00e4nge varit ett v\u00e4lk\u00e4nt namn. Dock, i takt med att teknologin utvecklas och anv\u00e4ndarnas behov blir alltmer diversifierade, kan det vara n\u00f6dv\u00e4ndigt att s\u00f6ka efter <b>alternativ till DiskWarrior<\/b>. I min erfarenhet av data\u00e5terst\u00e4llning finns det tillf\u00e4llen d\u00e5 ett alternativt verktyg kan vara mer anv\u00e4ndbart, genom att erbjuda antingen ett mer intuitivt gr\u00e4nssnitt, h\u00f6gre \u00e5terst\u00e4llningsframg\u00e5ng eller helt enkelt kompatibilitet med de senaste versionerna av macOS. L\u00e5t oss utforska varf\u00f6r du kan beh\u00f6va ett alternativ till DiskWarrior och rangordna n\u00e5gra av de b\u00e4sta tillg\u00e4ngliga alternativen, med b\u00f6rjan med <b>Disk Drill<\/b>. <a href='https:\/\/www.cleverfiles.com\/' rel=\"nofollow noopener\" target='_blank'>Disk Drill<\/a> tar ledningen i min lista, men vi kommer ocks\u00e5 att granska andra starka alternativ.<\/p>\n<\/div>\n<\/div>\n<\/section>\n<section>\n<div class=\"medal\">\n<div>&#129351;<\/div>\n<\/div>\n<h2><a href='https:\/\/www.cleverfiles.com\/' rel=\"nofollow noopener\" target='_blank'>Disk Drill<\/a><\/h2>\n<p><img src=\"https:\/\/www.ping.fm\/data-recovery-software\/wp-content\/uploads\/ai\/https---www-cleverfiles-com-Swedish.jpg\"><\/p>\n<p>Jag har funnit <b>Disk Drill<\/b> vara ett robust verktyg f\u00f6r data\u00e5terst\u00e4llning som \u00f6vertr\u00e4ffar f\u00f6rv\u00e4ntningarna med sina avancerade algoritmer och anv\u00e4ndarv\u00e4nlig design. Det st\u00f6der ett brett utbud av filtyper och lagringsenheter, fr\u00e5n h\u00e5rddiskar till minneskort. Disk Drill erbjuder en upps\u00e4ttning extra verktyg som dataskydd och \u00f6vervakning av diskh\u00e4lsa, vilket \u00e4r mycket anv\u00e4ndbart.<\/p>\n<p><a href='https:\/\/www.cleverfiles.com\/' rel=\"nofollow noopener\" target='_blank' class='ofWSite'>Officiell webbplats<\/a><\/p>\n<h3 class='prosTitle'>F\u00f6rdelar<\/h3>\n<ul class='listpc pros'>\n<li>H\u00f6g \u00e5terst\u00e4llningsframg\u00e5ng<\/li>\n<li>Anv\u00e4ndarv\u00e4nligt gr\u00e4nssnitt<\/li>\n<\/ul>\n<h3 class='consTitle'>Nackdelar<\/h3>\n<ul class='listpc cons'>\n<li>Gratisversion med begr\u00e4nsade funktioner<\/li>\n<li>\u00c5terst\u00e4llning kan vara l\u00e5ngsam f\u00f6r stora enheter<\/li>\n<\/ul>\n<\/section>\n<section>\n<div class=\"medal\">\n<div>&#129352;<\/div>\n<\/div>\n<h2><a href='https:\/\/www.easeus.com\/datarecoverywizardpro\/' rel=\"nofollow noopener\" target='_blank'>EaseUS Data Recovery Wizard<\/a><\/h2>\n<p><img src=\"https:\/\/www.ping.fm\/data-recovery-software\/wp-content\/uploads\/ai\/https---www-easeus-com-datarecoverywizardpro-Swedish.jpg\"><\/p>\n<p><b>EaseUS Data Recovery Wizard<\/b> \u00e4r en annan stark konkurrent med en enkel \u00e5terst\u00e4llningsprocess. Den st\u00f6der olika datarf\u00f6rlustscenarion, inklusive \u00e5terst\u00e4llning av partitioner, \u00e5terst\u00e4llning av formaterade enheter och till och med \u00e5terst\u00e4llning efter virusattacker. F\u00f6rhandsgranskningsfunktionen \u00e4r s\u00e4rskilt anv\u00e4ndbar n\u00e4r du beh\u00f6ver bekr\u00e4fta filer innan du \u00e5terst\u00e4ller dem.<\/p>\n<p><a href='https:\/\/www.easeus.com\/datarecoverywizardpro\/' rel=\"nofollow noopener\" target='_blank' class='ofWSite'>Officiell webbplats<\/a><\/p>\n<h3 class='prosTitle'>F\u00f6rdelar<\/h3>\n<ul class='listpc pros'>\n<li>St\u00f6djer olika scenarion f\u00f6r datarf\u00f6rlust<\/li>\n<li>F\u00f6rhandsgranskningsfunktion f\u00f6r selektiv \u00e5terst\u00e4llning<\/li>\n<\/ul>\n<h3 class='consTitle'>Nackdelar<\/h3>\n<ul class='listpc cons'>\n<li>Licensiering kan vara dyr<\/li>\n<li>Vissa anv\u00e4ndare rapporterar om tillf\u00e4lliga krascher<\/li>\n<\/ul>\n<\/section>\n<section>\n<div class=\"medal\">\n<div>&#129353;<\/div>\n<\/div>\n<h2><a href='https:\/\/www.stellarinfo.com\/data-recovery-mac.php' rel=\"nofollow noopener\" target='_blank'>Stellar Data Recovery f\u00f6r Mac<\/a><\/h2>\n<p><img src=\"https:\/\/www.ping.fm\/data-recovery-software\/wp-content\/uploads\/ai\/https---www-stellarinfo-com-data-recovery-mac-phpSwedish.jpg\"><\/p>\n<p><b>Stellar Data Recovery<\/b> f\u00f6r Mac \u00e4r prisat f\u00f6r sin robusta \u00e5terst\u00e4llningsprocess och sin f\u00f6rm\u00e5ga att \u00e5terst\u00e4lla data fr\u00e5n skadade eller krypterade enheter. Stellars gr\u00e4nssnitt \u00e4r \u00e4ven mycket anv\u00e4ndarv\u00e4nligt, vilket g\u00f6r det enkelt att navigera genom \u00e5terst\u00e4llningsalternativen. Det \u00e4r ett p\u00e5litligt alternativ f\u00f6r de som ser ut att \u00e5terst\u00e4lla olika filtyper.<\/p>\n<p><a href='https:\/\/www.stellarinfo.com\/data-recovery-mac.php' rel=\"nofollow noopener\" target='_blank' class='ofWSite'>Officiell webbplats<\/a><\/p>\n<h3 class='prosTitle'>F\u00f6rdelar<\/h3>\n<ul class='listpc pros'>\n<li>St\u00f6d f\u00f6r olika filtyper<\/li>\n<li>Anv\u00e4ndarv\u00e4nligt gr\u00e4nssnitt<\/li>\n<\/ul>\n<h3 class='consTitle'>Nackdelar<\/h3>\n<ul class='listpc cons'>\n<li>\u00c5terst\u00e4llningshastighet kan variera<\/li>\n<li>Dyrare versioner kostar mycket<\/li>\n<\/ul>\n<\/section>\n<section>\n<div class=\"no-medal\">\n<div>4<\/div>\n<\/div>\n<h2>Data Rescue<\/h2>\n<p>Egen erfarenhet av <b>Data Rescue<\/b> har visat p\u00e5 dess effektivitet vid \u00e5terst\u00e4llning av borttappade filer i en m\u00e4ngd olika scenarier inklusive oavsiktlig radering och h\u00e5rddiskfel. Det har en omfattande skanningsfunktion f\u00f6r grundlig \u00e5terst\u00e4llning. Data Rescues avancerade verktyg passar bra f\u00f6r professionella, men kan vara \u00f6verv\u00e4ldigande f\u00f6r tillf\u00e4lliga anv\u00e4ndare.<\/p>\n<p>Officiell Webbplats<\/p>\n<h3 class='prosTitle'>F\u00f6rdelar<\/h3>\n<ul class='listpc pros'>\n<li>Effektivt djupskanningalternativ<\/li>\n<li>L\u00e4mplig f\u00f6r professionellt bruk<\/li>\n<\/ul>\n<h3 class='consTitle'>Nackdelar<\/h3>\n<ul class='listpc cons'>\n<li>Gr\u00e4nssnittet kan vara komplicerat f\u00f6r vissa<\/li>\n<li>Prispunkten \u00e4r i det h\u00f6gre skiktet<\/li>\n<\/ul>\n<\/section>\n<section>\n<div class=\"no-medal\">\n<div>5<\/div>\n<\/div>\n<h2><a href='https:\/\/www.cgsecurity.org\/wiki\/TestDisk' rel=\"nofollow noopener\" target='_blank'>TestDisk<\/a><\/h2>\n<p><img src=\"https:\/\/www.ping.fm\/data-recovery-software\/wp-content\/uploads\/ai\/https---www-cgsecurity-org-wiki-TestDiskSwedish.jpg\"><\/p>\n<p>Bland de kostnadsfria alternativen utm\u00e4rker sig <b>TestDisk<\/b> f\u00f6r sitt fokus p\u00e5 diskreparation och \u00e5terst\u00e4llning. Det \u00e4r utm\u00e4rkt f\u00f6r att \u00e5terst\u00e4lla uppstartssektorer och reparera partitionstabeller. Detta \u00e4r ett kraftfullt verktyg som anv\u00e4nds via kommandoraden och f\u00f6redras av tekniskt kunniga anv\u00e4ndare. Nyb\u00f6rjare kan dock tycka att det \u00e4r mindre tillg\u00e4ngligt p\u00e5 grund av avsaknaden av ett grafiskt anv\u00e4ndargr\u00e4nssnitt.<\/p>\n<p><a href='https:\/\/www.cgsecurity.org\/wiki\/TestDisk' rel=\"nofollow noopener\" target='_blank' class='ofWSite'>Officiell Webbplats<\/a><\/p>\n<h3 class='prosTitle'>F\u00f6rdelar<\/h3>\n<ul class='listpc pros'>\n<li>Kraftfulla verktyg f\u00f6r diskreparation<\/li>\n<li>Helt kostnadsfritt<\/li>\n<\/ul>\n<h3 class='consTitle'>Nackdelar<\/h3>\n<ul class='listpc cons'>\n<li>Inte nyb\u00f6rjarv\u00e4nligt<\/li>\n<li>Ingen grafisk anv\u00e4ndargr\u00e4nssnitt<\/li>\n<\/ul>\n<\/section>\n<section>\n<h2>Slutsats:<\/h2>\n<div class=\"nonp\">N\u00e4r man s\u00f6ker efter den b\u00e4sta programvaran f\u00f6r data\u00e5terst\u00e4llning \u00e4r det viktigt att ta en titt p\u00e5 verktygets kapacitet i f\u00f6rh\u00e5llande till ditt specifika sammanhang. Medan vissa verktyg fokuserar p\u00e5 enkelhet och anv\u00e4ndarupplevelse, erbjuder andra mer omfattande alternativ som kan kr\u00e4va teknisk kunskap f\u00f6r att navigera. Det \u00e4r ocks\u00e5 avg\u00f6rande att \u00f6verv\u00e4ga st\u00f6d f\u00f6r olika filsystem, s\u00e5som HFS+, NTFS eller FAT, beroende p\u00e5 vad du arbetar med.  Att v\u00e4lja r\u00e4tt programvara inneb\u00e4r ofta att f\u00f6rst\u00e5 naturen av din dataf\u00f6rlust. Var det en oavsiktlig radering, h\u00e5rdvarufel, programvarukorruption eller ett virusangrepp? Vissa program, som <a href='https:\/\/www.krollontrack.com\/products\/data-recovery-software\/' rel=\"nofollow noopener\" target='_blank'>Ontrack<\/a> eller <a href='https:\/\/www.r-studio.com\/Data_Recovery_Download.shtml' rel=\"nofollow noopener\" target='_blank'>R-Studio<\/a>, skr\u00e4ddarsyr sina l\u00f6sningar f\u00f6r mer komplexa \u00e5terst\u00e4llningsscenarier inklusive RAID-konfigurationer och n\u00e4tverks\u00e5terst\u00e4llningsalternativ.  Dessutom \u00e4r det viktigt att inte f\u00f6rbise f\u00f6rdelen med att anv\u00e4nda programvara som erbjuder en provversion eller f\u00f6rhandsvisningsfunktion, vilket m\u00f6jligg\u00f6r att du kan bed\u00f6ma potentiella \u00e5terst\u00e4llningsresultat innan du f\u00f6rbinder dig till ett k\u00f6p. Slutligen kan programvarans kompatibilitet med ditt operativsystem och st\u00f6d f\u00f6r framtida uppdateringar ocks\u00e5 vara avg\u00f6rande faktorer. M\u00e5nga anv\u00e4ndare fann sig leta efter alternativ n\u00e4r deras f\u00f6redragna programvara blev inkompatibelt med de senaste uppdateringarna av macOS.<\/div>\n<\/section>\n","protected":false},"excerpt":{"rendered":"<p>B\u00e4sta alternativen till DiskWarrior f\u00f6r macOS du b\u00f6r prova N\u00e4r det kommer till data\u00e5terst\u00e4llning och diskreparation f\u00f6r Mac, har DiskWarrior l\u00e4nge varit ett v\u00e4lk\u00e4nt namn. Dock, i takt med att teknologin utvecklas och anv\u00e4ndarnas behov blir alltmer diversifierade, kan det vara n\u00f6dv\u00e4ndigt att s\u00f6ka efter alternativ till DiskWarrior. I min erfarenhet av data\u00e5terst\u00e4llning finns det [&hellip;]<\/p>\n","protected":false},"author":2,"featured_media":30994,"parent":0,"menu_order":0,"comment_status":"closed","ping_status":"closed","template":"chromecast.php","meta":{"_stopmodifiedupdate":false,"_modified_date":"","_lmt_disableupdate":"yes","_lmt_disable":""},"acf":[],"yoast_head":"<!-- This site is optimized with the Yoast SEO plugin v20.9 - https:\/\/yoast.com\/wordpress\/plugins\/seo\/ -->\n<title>B\u00e4sta alternativ till DiskWarrior f\u00f6r macOS som testats under 2024<\/title>\n<meta name=\"robots\" content=\"index, follow, max-snippet:-1, max-image-preview:large, max-video-preview:-1\" \/>\n<link rel=\"canonical\" href=\"https:\/\/datarecovery.ping.fm\/sv\/diskwarrior-alternatives\/\" \/>\n<meta property=\"og:locale\" content=\"sv_SE\" \/>\n<meta property=\"og:type\" content=\"article\" \/>\n<meta property=\"og:title\" content=\"B\u00e4sta alternativ till DiskWarrior f\u00f6r macOS som testats under 2024\" \/>\n<meta property=\"og:description\" content=\"B\u00e4sta alternativen till DiskWarrior f\u00f6r macOS du b\u00f6r prova N\u00e4r det kommer till data\u00e5terst\u00e4llning och diskreparation f\u00f6r Mac, har DiskWarrior l\u00e4nge varit ett v\u00e4lk\u00e4nt namn. Dock, i takt med att teknologin utvecklas och anv\u00e4ndarnas behov blir alltmer diversifierade, kan det vara n\u00f6dv\u00e4ndigt att s\u00f6ka efter alternativ till DiskWarrior. I min erfarenhet av data\u00e5terst\u00e4llning finns det [&hellip;]\" \/>\n<meta property=\"og:url\" content=\"https:\/\/datarecovery.ping.fm\/sv\/diskwarrior-alternatives\/\" \/>\n<meta property=\"og:site_name\" content=\"\u00c5terst\u00e4llningsprogram f\u00f6r Data\" \/>\n<meta property=\"article:modified_time\" content=\"2024-02-29T19:06:48+00:00\" \/>\n<meta property=\"og:image\" content=\"https:\/\/datarecovery.ping.fm\/wp-content\/uploads\/2024\/03\/Best-DiskWarrior-Alternatives-for-macOS-You-Should-Try-Swedish.jpg\" \/>\n\t<meta property=\"og:image:width\" content=\"1280\" \/>\n\t<meta property=\"og:image:height\" content=\"731\" \/>\n\t<meta property=\"og:image:type\" content=\"image\/jpeg\" \/>\n<meta name=\"twitter:card\" content=\"summary_large_image\" \/>\n<meta name=\"twitter:label1\" content=\"Est. reading time\" \/>\n\t<meta name=\"twitter:data1\" content=\"4 minuter\" \/>\n<script type=\"application\/ld+json\" class=\"yoast-schema-graph\">{\"@context\":\"https:\/\/schema.org\",\"@graph\":[{\"@type\":\"WebPage\",\"@id\":\"https:\/\/datarecovery.ping.fm\/sv\/diskwarrior-alternatives\/\",\"url\":\"https:\/\/datarecovery.ping.fm\/sv\/diskwarrior-alternatives\/\",\"name\":\"B\u00e4sta alternativ till DiskWarrior f\u00f6r macOS som testats under 2024\",\"isPartOf\":{\"@id\":\"https:\/\/datarecovery.ping.fm\/sv\/#website\"},\"datePublished\":\"2024-01-11T20:38:56+00:00\",\"dateModified\":\"2024-02-29T19:06:48+00:00\",\"breadcrumb\":{\"@id\":\"https:\/\/datarecovery.ping.fm\/sv\/diskwarrior-alternatives\/#breadcrumb\"},\"inLanguage\":\"sv-SE\",\"potentialAction\":[{\"@type\":\"ReadAction\",\"target\":[\"https:\/\/datarecovery.ping.fm\/sv\/diskwarrior-alternatives\/\"]}]},{\"@type\":\"BreadcrumbList\",\"@id\":\"https:\/\/datarecovery.ping.fm\/sv\/diskwarrior-alternatives\/#breadcrumb\",\"itemListElement\":[{\"@type\":\"ListItem\",\"position\":1,\"name\":\"Home\",\"item\":\"https:\/\/datarecovery.ping.fm\/sv\/\"},{\"@type\":\"ListItem\",\"position\":2,\"name\":\"B\u00e4sta DiskWarrior-alternativ f\u00f6r macOS som du m\u00e5ste prova\"}]},{\"@type\":\"WebSite\",\"@id\":\"https:\/\/datarecovery.ping.fm\/sv\/#website\",\"url\":\"https:\/\/datarecovery.ping.fm\/sv\/\",\"name\":\"\u00c5terst\u00e4llningsprogram f\u00f6r Data\",\"description\":\"\",\"potentialAction\":[{\"@type\":\"SearchAction\",\"target\":{\"@type\":\"EntryPoint\",\"urlTemplate\":\"https:\/\/datarecovery.ping.fm\/sv\/?s={search_term_string}\"},\"query-input\":\"required name=search_term_string\"}],\"inLanguage\":\"sv-SE\"}]}<\/script>\n<!-- \/ Yoast SEO plugin. -->","yoast_head_json":{"title":"B\u00e4sta alternativ till DiskWarrior f\u00f6r macOS som testats under 2024","robots":{"index":"index","follow":"follow","max-snippet":"max-snippet:-1","max-image-preview":"max-image-preview:large","max-video-preview":"max-video-preview:-1"},"canonical":"https:\/\/datarecovery.ping.fm\/sv\/diskwarrior-alternatives\/","og_locale":"sv_SE","og_type":"article","og_title":"B\u00e4sta alternativ till DiskWarrior f\u00f6r macOS som testats under 2024","og_description":"B\u00e4sta alternativen till DiskWarrior f\u00f6r macOS du b\u00f6r prova N\u00e4r det kommer till data\u00e5terst\u00e4llning och diskreparation f\u00f6r Mac, har DiskWarrior l\u00e4nge varit ett v\u00e4lk\u00e4nt namn. Dock, i takt med att teknologin utvecklas och anv\u00e4ndarnas behov blir alltmer diversifierade, kan det vara n\u00f6dv\u00e4ndigt att s\u00f6ka efter alternativ till DiskWarrior. I min erfarenhet av data\u00e5terst\u00e4llning finns det [&hellip;]","og_url":"https:\/\/datarecovery.ping.fm\/sv\/diskwarrior-alternatives\/","og_site_name":"\u00c5terst\u00e4llningsprogram f\u00f6r Data","article_modified_time":"2024-02-29T19:06:48+00:00","og_image":[{"width":1280,"height":731,"url":"https:\/\/datarecovery.ping.fm\/wp-content\/uploads\/2024\/03\/Best-DiskWarrior-Alternatives-for-macOS-You-Should-Try-Swedish.jpg","type":"image\/jpeg"}],"twitter_card":"summary_large_image","twitter_misc":{"Est. reading time":"4 minuter"},"schema":{"@context":"https:\/\/schema.org","@graph":[{"@type":"WebPage","@id":"https:\/\/datarecovery.ping.fm\/sv\/diskwarrior-alternatives\/","url":"https:\/\/datarecovery.ping.fm\/sv\/diskwarrior-alternatives\/","name":"B\u00e4sta alternativ till DiskWarrior f\u00f6r macOS som testats under 2024","isPartOf":{"@id":"https:\/\/datarecovery.ping.fm\/sv\/#website"},"datePublished":"2024-01-11T20:38:56+00:00","dateModified":"2024-02-29T19:06:48+00:00","breadcrumb":{"@id":"https:\/\/datarecovery.ping.fm\/sv\/diskwarrior-alternatives\/#breadcrumb"},"inLanguage":"sv-SE","potentialAction":[{"@type":"ReadAction","target":["https:\/\/datarecovery.ping.fm\/sv\/diskwarrior-alternatives\/"]}]},{"@type":"BreadcrumbList","@id":"https:\/\/datarecovery.ping.fm\/sv\/diskwarrior-alternatives\/#breadcrumb","itemListElement":[{"@type":"ListItem","position":1,"name":"Home","item":"https:\/\/datarecovery.ping.fm\/sv\/"},{"@type":"ListItem","position":2,"name":"B\u00e4sta DiskWarrior-alternativ f\u00f6r macOS som du m\u00e5ste prova"}]},{"@type":"WebSite","@id":"https:\/\/datarecovery.ping.fm\/sv\/#website","url":"https:\/\/datarecovery.ping.fm\/sv\/","name":"\u00c5terst\u00e4llningsprogram f\u00f6r Data","description":"","potentialAction":[{"@type":"SearchAction","target":{"@type":"EntryPoint","urlTemplate":"https:\/\/datarecovery.ping.fm\/sv\/?s={search_term_string}"},"query-input":"required name=search_term_string"}],"inLanguage":"sv-SE"}]}},"_links":{"self":[{"href":"https:\/\/datarecovery.ping.fm\/sv\/wp-json\/wp\/v2\/pages\/15842"}],"collection":[{"href":"https:\/\/datarecovery.ping.fm\/sv\/wp-json\/wp\/v2\/pages"}],"about":[{"href":"https:\/\/datarecovery.ping.fm\/sv\/wp-json\/wp\/v2\/types\/page"}],"author":[{"embeddable":true,"href":"https:\/\/datarecovery.ping.fm\/sv\/wp-json\/wp\/v2\/users\/2"}],"replies":[{"embeddable":true,"href":"https:\/\/datarecovery.ping.fm\/sv\/wp-json\/wp\/v2\/comments?post=15842"}],"version-history":[{"count":1,"href":"https:\/\/datarecovery.ping.fm\/sv\/wp-json\/wp\/v2\/pages\/15842\/revisions"}],"predecessor-version":[{"id":29260,"href":"https:\/\/datarecovery.ping.fm\/sv\/wp-json\/wp\/v2\/pages\/15842\/revisions\/29260"}],"wp:featuredmedia":[{"embeddable":true,"href":"https:\/\/datarecovery.ping.fm\/sv\/wp-json\/wp\/v2\/media\/30994"}],"wp:attachment":[{"href":"https:\/\/datarecovery.ping.fm\/sv\/wp-json\/wp\/v2\/media?parent=15842"}],"curies":[{"name":"wp","href":"https:\/\/api.w.org\/{rel}","templated":true}]}}