{"id":15734,"date":"2024-01-03T21:28:31","date_gmt":"2024-01-03T21:28:31","guid":{"rendered":"https:\/\/www.ping.fm\/data-recovery-software\/reddit-data-recovery\/"},"modified":"2024-02-29T19:06:45","modified_gmt":"2024-02-29T19:06:45","slug":"reddit-data-recovery","status":"publish","type":"page","link":"https:\/\/datarecovery.ping.fm\/sv\/reddit-data-recovery\/","title":{"rendered":"B\u00e4sta data\u00e5terst\u00e4llningsprogramvaran p\u00e5 Reddit 2024"},"content":{"rendered":"<section>\n<h1>B\u00e4sta programvaran f\u00f6r data\u00e5terst\u00e4llning p\u00e5 Reddit 2024<\/h1>\n<div class=\"inbrief\">\n<div>             <img src=\"https:\/\/www.ping.fm\/data-recovery-software\/wp-content\/uploads\/ai\/Best-data-recovery-software-on-Reddit-in-2024-Swedish.jpg\" alt=\"B\u00e4sta programvaran f\u00f6r data\u00e5terst\u00e4llning p\u00e5 Reddit 2024\" title=\"B\u00e4sta programvaran f\u00f6r data\u00e5terst\u00e4llning p\u00e5 Reddit 2024\" width=\"1280\" height=\"720\">             <\/p>\n<p>I v\u00e5ra alltmer digitaliserade liv har data blivit lika v\u00e4rdefullt som n\u00e5gon annan tillg\u00e5ng. Det \u00e4r av yttersta vikt att skydda den, men ibland kan ov\u00e4ntad f\u00f6rlust av data intr\u00e4ffa, vilket l\u00e4mnar oss med att s\u00f6ka efter l\u00f6sningar. Som tur \u00e4r erbjuder programvarumarknaden en m\u00e4ngd olika alternativ f\u00f6r data\u00e5terst\u00e4llning, och anv\u00e4ndardiskussioner p\u00e5 plattformar som Reddit har varit ov\u00e4rderliga f\u00f6r att utv\u00e4rdera deras effektivitet. En s\u00e5dan programvara som ofta kommer upp i diskussioner p\u00e5 grund av sina robusta funktioner \u00e4r <b>Disk Drill<\/b>. I det h\u00e4r inl\u00e4gget kommer vi att dyka in i v\u00e4rlden av programvara f\u00f6r data\u00e5terst\u00e4llning, med fokus p\u00e5 vad Reddit-anv\u00e4ndarna har att s\u00e4ga, inklusive insikter om Disk Drills prestanda fr\u00e5n personlig erfarenhet.<\/p>\n<\/div>\n<\/div>\n<\/section>\n<section>\n<div class=\"medal\">\n<div>&#129351;<\/div>\n<\/div>\n<h2><a href='https:\/\/www.cleverfiles.com\/' rel=\"nofollow noopener\" target='_blank'>Disk Drill<\/a><\/h2>\n<p><img src=\"https:\/\/www.ping.fm\/data-recovery-software\/wp-content\/uploads\/ai\/https---www-cleverfiles-com-Swedish.jpg\"><\/p>\n<p>Disk Drill uppm\u00e4rksammas ofta p\u00e5 Reddit f\u00f6r sitt intuitiva gr\u00e4nssnitt och kraftfulla \u00e5terst\u00e4llningsalgoritmer. Det st\u00f6der en m\u00e4ngd olika filsystem och kan \u00e5terst\u00e4lla data fr\u00e5n n\u00e4stan alla lagringsenheter. Med funktioner som Recovery Vault och Guaranteed Recovery g\u00e5r Disk Drill bortom standardfil\u00e5terst\u00e4llning och ger anv\u00e4ndarna ytterligare lager av datas\u00e4kerhet.<\/p>\n<p><a href='https:\/\/www.cleverfiles.com\/' rel=\"nofollow noopener\" target='_blank' class='ofWSite'>Officiell Webbplats<\/a><\/p>\n<h3 class='prosTitle'>F\u00f6rdelar<\/h3>\n<ul class='listpc pros'>\n<li>Umfattande st\u00f6d f\u00f6r filsystem<\/li>\n<li>Extra dataskyddsfunktioner som Recovery Vault<\/li>\n<li>Anv\u00e4ndarv\u00e4nligt gr\u00e4nssnitt<\/li>\n<\/ul>\n<h3 class='consTitle'>Nackdelar<\/h3>\n<ul class='listpc cons'>\n<li>Fulla funktioner kr\u00e4ver en betald uppgradering<\/li>\n<li>Kan vara l\u00e5ngsam med stora enheter<\/li>\n<\/ul>\n<\/section>\n<section>\n<div class=\"medal\">\n<div>&#129352;<\/div>\n<\/div>\n<h2><a href='https:\/\/www.easeus.com\/datarecoverywizard\/free-data-recovery-software.htm' rel=\"nofollow noopener\" target='_blank'>EaseUS Data Recovery Wizard<\/a><\/h2>\n<p><img src=\"https:\/\/www.ping.fm\/data-recovery-software\/wp-content\/uploads\/ai\/https---www-easeus-com-datarecoverywizard-free-data-recovery-software-htmSwedish.jpg\"><\/p>\n<p>EaseUS Data Recovery Wizard \u00e4r ett annat popul\u00e4rt val bland Reddit-anv\u00e4ndare f\u00f6r dess anv\u00e4ndarv\u00e4nlighet och effektivitet. Det st\u00f6der flera filtyper och lagringsenheter och tas ofta upp som ett rekommenderat verktyg f\u00f6r snabba och grundliga skanningar.<\/p>\n<p><a href='https:\/\/www.easeus.com\/datarecoverywizard\/free-data-recovery-software.htm' rel=\"nofollow noopener\" target='_blank' class='ofWSite'>Officiell Webbplats<\/a><\/p>\n<h3 class='prosTitle'>F\u00f6rdelar<\/h3>\n<ul class='listpc pros'>\n<li>Enkelt anv\u00e4ndargr\u00e4nssnitt<\/li>\n<li>F\u00f6rhandsgranskningsfunktion f\u00f6r \u00e5terst\u00e4llningsbara filer<\/li>\n<li>P\u00e5litlig \u00e5terst\u00e4llningsprestanda<\/li>\n<\/ul>\n<h3 class='consTitle'>Nackdelar<\/h3>\n<ul class='listpc cons'>\n<li>Begr\u00e4nsade funktioner i gratisversionen<\/li>\n<li>\u00c5terst\u00e4llningshastigheten kan variera<\/li>\n<\/ul>\n<\/section>\n<section>\n<div class=\"medal\">\n<div>&#129353;<\/div>\n<\/div>\n<h2><a href='https:\/\/www.runtime.org\/data-recovery-software.htm' rel=\"nofollow noopener\" target='_blank'>GetDataBack<\/a><\/h2>\n<p><img src=\"https:\/\/www.ping.fm\/data-recovery-software\/wp-content\/uploads\/ai\/https---www-runtime-org-data-recovery-software-htmSwedish.jpg\"><\/p>\n<p>GetDataBack n\u00e4mns ofta av de teknikkunniga anv\u00e4ndarna p\u00e5 Reddit f\u00f6r dess avancerade m\u00f6jligheter och tillf\u00f6rlitlighet. Utvecklat av Runtime Software, det \u00e4r idealiskt f\u00f6r anv\u00e4ndare med en djupare f\u00f6rst\u00e5else av filsystem och data\u00e5terst\u00e4llningsprocesser.<\/p>\n<p><a href='https:\/\/www.runtime.org\/data-recovery-software.htm' rel=\"nofollow noopener\" target='_blank' class='ofWSite'>Officiell Webbplats<\/a><\/p>\n<h3 class='prosTitle'>F\u00f6rdelar<\/h3>\n<ul class='listpc pros'>\n<li>Avancerade alternativ f\u00f6r erfarna anv\u00e4ndare<\/li>\n<li>Effektiv \u00e5terst\u00e4llning fr\u00e5n NTFS, FAT, exFAT och EXT filsystem<\/li>\n<li>P\u00e5litlig prestanda<\/li>\n<\/ul>\n<h3 class='consTitle'>Nackdelar<\/h3>\n<ul class='listpc cons'>\n<li>Anv\u00e4ndargr\u00e4nssnittet inte nyb\u00f6rjarv\u00e4nligt<\/li>\n<li>H\u00f6gre prisniv\u00e5<\/li>\n<\/ul>\n<\/section>\n<section>\n<div class=\"no-medal\">\n<div>4<\/div>\n<\/div>\n<h2><a href='https:\/\/www.stellarinfo.com\/free-data-recovery.php' rel=\"nofollow noopener\" target='_blank'>Stellar Data Recovery<\/a><\/h2>\n<p><img src=\"https:\/\/www.ping.fm\/data-recovery-software\/wp-content\/uploads\/ai\/https---www-stellarinfo-com-free-data-recovery-phpSwedish.jpg\"><\/p>\n<p>Stellar Data Recovery f\u00e5r ber\u00f6m p\u00e5 Reddits forum f\u00f6r sina robusta funktioner och starka \u00e5terst\u00e4llningsrater. Det \u00e4r speciellt k\u00e4nt f\u00f6r att \u00e5terh\u00e4mta data fr\u00e5n skadade eller korrupta diskar och stoltserar med sin f\u00f6rhandsgranskningsfunktion som l\u00e5ter anv\u00e4ndare se filer innan \u00e5terst\u00e4llning.<\/p>\n<p><a href='https:\/\/www.stellarinfo.com\/free-data-recovery.php' rel=\"nofollow noopener\" target='_blank' class='ofWSite'>Officiell Webbplats<\/a><\/p>\n<h3 class='prosTitle'>F\u00f6rdelar<\/h3>\n<ul class='listpc pros'>\n<li>H\u00f6g framg\u00e5ngsrate vid \u00e5terst\u00e4llning<\/li>\n<li>F\u00f6rhandsgranskningsfunktion<\/li>\n<li>\u00c5terst\u00e4ller fr\u00e5n korrupta enheter<\/li>\n<\/ul>\n<h3 class='consTitle'>Nackdelar<\/h3>\n<ul class='listpc cons'>\n<li>Gratisversionen har gr\u00e4nser f\u00f6r datag\u00e5terst\u00e4llning<\/li>\n<li>Vissa anv\u00e4ndare rapporterar komplex navigering<\/li>\n<\/ul>\n<\/section>\n<section>\n<div class=\"no-medal\">\n<div>5<\/div>\n<\/div>\n<h2><a href='https:\/\/www.wondershare.com\/data-recovery\/' rel=\"nofollow noopener\" target='_blank'>Wondershare Recoverit<\/a><\/h2>\n<p><img src=\"https:\/\/www.ping.fm\/data-recovery-software\/wp-content\/uploads\/ai\/https---www-wondershare-com-data-recovery-Swedish.jpg\"><\/p>\n<p>Wondershare Recoverit f\u00e5r blandad feedback p\u00e5 Reddit, men det \u00e4r k\u00e4nt f\u00f6r sitt breda st\u00f6d f\u00f6r filtyper och enheter. Dess enkla design och process f\u00f6r \u00e5terst\u00e4llning med ett klick g\u00f6r det till ett attraktivt val f\u00f6r mindre tekniska anv\u00e4ndare.<\/p>\n<p><a href='https:\/\/www.wondershare.com\/data-recovery\/' rel=\"nofollow noopener\" target='_blank' class='ofWSite'>Officiell webbplats<\/a><\/p>\n<h3 class='prosTitle'>F\u00f6rdelar<\/h3>\n<ul class='listpc pros'>\n<li>St\u00f6d f\u00f6r \u00f6ver 1000 filtyper<\/li>\n<li>Anv\u00e4ndarcentrerad design<\/li>\n<li>Gratisversion tillg\u00e4nglig<\/li>\n<\/ul>\n<h3 class='consTitle'>Nackdelar<\/h3>\n<ul class='listpc cons'>\n<li>Vissa anv\u00e4ndare tycker att skanningstiden \u00e4r l\u00e5ng<\/li>\n<li>H\u00f6gre resursanv\u00e4ndning under skanning<\/li>\n<\/ul>\n<\/section>\n<section>\n<h2>Youtube-video att titta p\u00e5<\/h2>\n<div class=\"nonp iframe\"><iframe width=\"420\" height=\"315\" src=\"\/\/www.youtube.com\/embed\/IGEizr1WZ3E\" frameborder=\"0\" allowfullscreen><\/iframe><\/div>\n<\/section>\n<section>\n<h2>Slutsats:<\/h2>\n<div class=\"nonp\">\n<p>I str\u00e4van efter att skydda och vid behov \u00e5terst\u00e4lla dina v\u00e4rdefulla data \u00e4r det tydligt fr\u00e5n livliga onlinegemenskaper som Reddit att erfarenheter av data\u00e5terst\u00e4llning kan vara mycket personliga och varierade. M\u00e4nniskor f\u00f6rlitar sig ofta p\u00e5 rekommendationer fr\u00e5n andra och delade erfarenheter f\u00f6r att navigera genom det \u00f6verv\u00e4ldigande utbudet av alternativ. Bland dessa \u00e4r programvaran som konsekvent skapar surr f\u00f6r sin kombination av kraft och enkelhet <b>Disk Drill<\/b>.<\/p>\n<p>Det som f\u00e5r data\u00e5terst\u00e4llningsprogram att sticka ut \u00e4r inte bara dess f\u00f6rm\u00e5ga att \u00e5terst\u00e4lla raderade filer utan ocks\u00e5 det merv\u00e4rde det tillhandah\u00e5ller. Trenden mot att integrera f\u00f6rebyggande verktyg, som <b>Disk Drills<\/b> Recovery Vault, tyder p\u00e5 att anv\u00e4ndare s\u00f6ker proaktiva s\u00e4tt att hantera risker f\u00f6r datarf\u00f6rlust. Dessutom spelar socialt bevis &#8211; input fr\u00e5n otaliga individer som har navigerat genom de stormiga vattnen av dataf\u00f6rlust &#8211; en avg\u00f6rande roll i f\u00f6rtroendet f\u00f6r och anv\u00e4ndningen av dessa verktyg.<\/p>\n<p>F\u00f6r ytterligare v\u00e4gledning \u00e4r det klokt att h\u00e4nvisa till <a href='https:\/\/www.reddit.com\/r\/techsupport\/' rel=\"nofollow noopener\" target='_blank'>Reddits tekniksupportgemenskap<\/a> eller att konsultera auktoritativa k\u00e4llor s\u00e5som <a href='https:\/\/www.pcworld.com\/' rel=\"nofollow noopener\" target='_blank'>PC World<\/a> f\u00f6r omfattande recensioner och j\u00e4mf\u00f6relser.<\/p>\n<\/div>\n<\/section>\n","protected":false},"excerpt":{"rendered":"<p>B\u00e4sta programvaran f\u00f6r data\u00e5terst\u00e4llning p\u00e5 Reddit 2024 I v\u00e5ra alltmer digitaliserade liv har data blivit lika v\u00e4rdefullt som n\u00e5gon annan tillg\u00e5ng. Det \u00e4r av yttersta vikt att skydda den, men ibland kan ov\u00e4ntad f\u00f6rlust av data intr\u00e4ffa, vilket l\u00e4mnar oss med att s\u00f6ka efter l\u00f6sningar. Som tur \u00e4r erbjuder programvarumarknaden en m\u00e4ngd olika alternativ f\u00f6r [&hellip;]<\/p>\n","protected":false},"author":2,"featured_media":30983,"parent":0,"menu_order":0,"comment_status":"closed","ping_status":"closed","template":"chromecast.php","meta":{"_stopmodifiedupdate":false,"_modified_date":"","_lmt_disableupdate":"yes","_lmt_disable":""},"acf":[],"yoast_head":"<!-- This site is optimized with the Yoast SEO plugin v20.9 - https:\/\/yoast.com\/wordpress\/plugins\/seo\/ -->\n<title>2024 \u00e5rs b\u00e4sta programvara f\u00f6r data\u00e5terst\u00e4llning (omd\u00f6men fr\u00e5n Reddit-anv\u00e4ndare)<\/title>\n<meta name=\"robots\" content=\"index, follow, max-snippet:-1, max-image-preview:large, max-video-preview:-1\" \/>\n<link rel=\"canonical\" href=\"https:\/\/datarecovery.ping.fm\/sv\/reddit-data-recovery\/\" \/>\n<meta property=\"og:locale\" content=\"sv_SE\" \/>\n<meta property=\"og:type\" content=\"article\" \/>\n<meta property=\"og:title\" content=\"2024 \u00e5rs b\u00e4sta programvara f\u00f6r data\u00e5terst\u00e4llning (omd\u00f6men fr\u00e5n Reddit-anv\u00e4ndare)\" \/>\n<meta property=\"og:description\" content=\"B\u00e4sta programvaran f\u00f6r data\u00e5terst\u00e4llning p\u00e5 Reddit 2024 I v\u00e5ra alltmer digitaliserade liv har data blivit lika v\u00e4rdefullt som n\u00e5gon annan tillg\u00e5ng. Det \u00e4r av yttersta vikt att skydda den, men ibland kan ov\u00e4ntad f\u00f6rlust av data intr\u00e4ffa, vilket l\u00e4mnar oss med att s\u00f6ka efter l\u00f6sningar. Som tur \u00e4r erbjuder programvarumarknaden en m\u00e4ngd olika alternativ f\u00f6r [&hellip;]\" \/>\n<meta property=\"og:url\" content=\"https:\/\/datarecovery.ping.fm\/sv\/reddit-data-recovery\/\" \/>\n<meta property=\"og:site_name\" content=\"\u00c5terst\u00e4llningsprogram f\u00f6r Data\" \/>\n<meta property=\"article:modified_time\" content=\"2024-02-29T19:06:45+00:00\" \/>\n<meta property=\"og:image\" content=\"https:\/\/datarecovery.ping.fm\/wp-content\/uploads\/2024\/03\/Best-data-recovery-software-on-Reddit-in-2024-Swedish.jpg\" \/>\n\t<meta property=\"og:image:width\" content=\"1280\" \/>\n\t<meta property=\"og:image:height\" content=\"731\" \/>\n\t<meta property=\"og:image:type\" content=\"image\/jpeg\" \/>\n<meta name=\"twitter:card\" content=\"summary_large_image\" \/>\n<meta name=\"twitter:label1\" content=\"Est. reading time\" \/>\n\t<meta name=\"twitter:data1\" content=\"4 minuter\" \/>\n<script type=\"application\/ld+json\" class=\"yoast-schema-graph\">{\"@context\":\"https:\/\/schema.org\",\"@graph\":[{\"@type\":\"WebPage\",\"@id\":\"https:\/\/datarecovery.ping.fm\/sv\/reddit-data-recovery\/\",\"url\":\"https:\/\/datarecovery.ping.fm\/sv\/reddit-data-recovery\/\",\"name\":\"2024 \u00e5rs b\u00e4sta programvara f\u00f6r data\u00e5terst\u00e4llning (omd\u00f6men fr\u00e5n Reddit-anv\u00e4ndare)\",\"isPartOf\":{\"@id\":\"https:\/\/datarecovery.ping.fm\/sv\/#website\"},\"datePublished\":\"2024-01-03T21:28:31+00:00\",\"dateModified\":\"2024-02-29T19:06:45+00:00\",\"breadcrumb\":{\"@id\":\"https:\/\/datarecovery.ping.fm\/sv\/reddit-data-recovery\/#breadcrumb\"},\"inLanguage\":\"sv-SE\",\"potentialAction\":[{\"@type\":\"ReadAction\",\"target\":[\"https:\/\/datarecovery.ping.fm\/sv\/reddit-data-recovery\/\"]}]},{\"@type\":\"BreadcrumbList\",\"@id\":\"https:\/\/datarecovery.ping.fm\/sv\/reddit-data-recovery\/#breadcrumb\",\"itemListElement\":[{\"@type\":\"ListItem\",\"position\":1,\"name\":\"Home\",\"item\":\"https:\/\/datarecovery.ping.fm\/sv\/\"},{\"@type\":\"ListItem\",\"position\":2,\"name\":\"B\u00e4sta data\u00e5terst\u00e4llningsprogramvaran p\u00e5 Reddit 2024\"}]},{\"@type\":\"WebSite\",\"@id\":\"https:\/\/datarecovery.ping.fm\/sv\/#website\",\"url\":\"https:\/\/datarecovery.ping.fm\/sv\/\",\"name\":\"\u00c5terst\u00e4llningsprogram f\u00f6r Data\",\"description\":\"\",\"potentialAction\":[{\"@type\":\"SearchAction\",\"target\":{\"@type\":\"EntryPoint\",\"urlTemplate\":\"https:\/\/datarecovery.ping.fm\/sv\/?s={search_term_string}\"},\"query-input\":\"required name=search_term_string\"}],\"inLanguage\":\"sv-SE\"}]}<\/script>\n<!-- \/ Yoast SEO plugin. -->","yoast_head_json":{"title":"2024 \u00e5rs b\u00e4sta programvara f\u00f6r data\u00e5terst\u00e4llning (omd\u00f6men fr\u00e5n Reddit-anv\u00e4ndare)","robots":{"index":"index","follow":"follow","max-snippet":"max-snippet:-1","max-image-preview":"max-image-preview:large","max-video-preview":"max-video-preview:-1"},"canonical":"https:\/\/datarecovery.ping.fm\/sv\/reddit-data-recovery\/","og_locale":"sv_SE","og_type":"article","og_title":"2024 \u00e5rs b\u00e4sta programvara f\u00f6r data\u00e5terst\u00e4llning (omd\u00f6men fr\u00e5n Reddit-anv\u00e4ndare)","og_description":"B\u00e4sta programvaran f\u00f6r data\u00e5terst\u00e4llning p\u00e5 Reddit 2024 I v\u00e5ra alltmer digitaliserade liv har data blivit lika v\u00e4rdefullt som n\u00e5gon annan tillg\u00e5ng. Det \u00e4r av yttersta vikt att skydda den, men ibland kan ov\u00e4ntad f\u00f6rlust av data intr\u00e4ffa, vilket l\u00e4mnar oss med att s\u00f6ka efter l\u00f6sningar. Som tur \u00e4r erbjuder programvarumarknaden en m\u00e4ngd olika alternativ f\u00f6r [&hellip;]","og_url":"https:\/\/datarecovery.ping.fm\/sv\/reddit-data-recovery\/","og_site_name":"\u00c5terst\u00e4llningsprogram f\u00f6r Data","article_modified_time":"2024-02-29T19:06:45+00:00","og_image":[{"width":1280,"height":731,"url":"https:\/\/datarecovery.ping.fm\/wp-content\/uploads\/2024\/03\/Best-data-recovery-software-on-Reddit-in-2024-Swedish.jpg","type":"image\/jpeg"}],"twitter_card":"summary_large_image","twitter_misc":{"Est. reading time":"4 minuter"},"schema":{"@context":"https:\/\/schema.org","@graph":[{"@type":"WebPage","@id":"https:\/\/datarecovery.ping.fm\/sv\/reddit-data-recovery\/","url":"https:\/\/datarecovery.ping.fm\/sv\/reddit-data-recovery\/","name":"2024 \u00e5rs b\u00e4sta programvara f\u00f6r data\u00e5terst\u00e4llning (omd\u00f6men fr\u00e5n Reddit-anv\u00e4ndare)","isPartOf":{"@id":"https:\/\/datarecovery.ping.fm\/sv\/#website"},"datePublished":"2024-01-03T21:28:31+00:00","dateModified":"2024-02-29T19:06:45+00:00","breadcrumb":{"@id":"https:\/\/datarecovery.ping.fm\/sv\/reddit-data-recovery\/#breadcrumb"},"inLanguage":"sv-SE","potentialAction":[{"@type":"ReadAction","target":["https:\/\/datarecovery.ping.fm\/sv\/reddit-data-recovery\/"]}]},{"@type":"BreadcrumbList","@id":"https:\/\/datarecovery.ping.fm\/sv\/reddit-data-recovery\/#breadcrumb","itemListElement":[{"@type":"ListItem","position":1,"name":"Home","item":"https:\/\/datarecovery.ping.fm\/sv\/"},{"@type":"ListItem","position":2,"name":"B\u00e4sta data\u00e5terst\u00e4llningsprogramvaran p\u00e5 Reddit 2024"}]},{"@type":"WebSite","@id":"https:\/\/datarecovery.ping.fm\/sv\/#website","url":"https:\/\/datarecovery.ping.fm\/sv\/","name":"\u00c5terst\u00e4llningsprogram f\u00f6r Data","description":"","potentialAction":[{"@type":"SearchAction","target":{"@type":"EntryPoint","urlTemplate":"https:\/\/datarecovery.ping.fm\/sv\/?s={search_term_string}"},"query-input":"required name=search_term_string"}],"inLanguage":"sv-SE"}]}},"_links":{"self":[{"href":"https:\/\/datarecovery.ping.fm\/sv\/wp-json\/wp\/v2\/pages\/15734"}],"collection":[{"href":"https:\/\/datarecovery.ping.fm\/sv\/wp-json\/wp\/v2\/pages"}],"about":[{"href":"https:\/\/datarecovery.ping.fm\/sv\/wp-json\/wp\/v2\/types\/page"}],"author":[{"embeddable":true,"href":"https:\/\/datarecovery.ping.fm\/sv\/wp-json\/wp\/v2\/users\/2"}],"replies":[{"embeddable":true,"href":"https:\/\/datarecovery.ping.fm\/sv\/wp-json\/wp\/v2\/comments?post=15734"}],"version-history":[{"count":1,"href":"https:\/\/datarecovery.ping.fm\/sv\/wp-json\/wp\/v2\/pages\/15734\/revisions"}],"predecessor-version":[{"id":29248,"href":"https:\/\/datarecovery.ping.fm\/sv\/wp-json\/wp\/v2\/pages\/15734\/revisions\/29248"}],"wp:featuredmedia":[{"embeddable":true,"href":"https:\/\/datarecovery.ping.fm\/sv\/wp-json\/wp\/v2\/media\/30983"}],"wp:attachment":[{"href":"https:\/\/datarecovery.ping.fm\/sv\/wp-json\/wp\/v2\/media?parent=15734"}],"curies":[{"name":"wp","href":"https:\/\/api.w.org\/{rel}","templated":true}]}}