{"id":15603,"date":"2024-01-04T14:44:05","date_gmt":"2024-01-04T14:44:05","guid":{"rendered":"https:\/\/www.ping.fm\/data-recovery-software\/recovery-services\/"},"modified":"2024-02-29T12:45:46","modified_gmt":"2024-02-29T12:45:46","slug":"recovery-services","status":"publish","type":"page","link":"https:\/\/datarecovery.ping.fm\/sv\/recovery-services\/","title":{"rendered":"I USA:s b\u00e4sta f\u00f6retag f\u00f6r datar\u00e4ddningstj\u00e4nster"},"content":{"rendered":"<section>\n<h1>B\u00e4sta F\u00f6retag f\u00f6r \u00c5terst\u00e4llning av Data i USA<\/h1>\n<div class=\"inbrief\">\n<div>             <img src=\"https:\/\/www.ping.fm\/data-recovery-software\/wp-content\/uploads\/ai\/Best-Data-Recovery-Service-Companies-in-USA-Swedish.jpg\" alt=\"B\u00e4sta F\u00f6retag f\u00f6r \u00c5terst\u00e4llning av Data i USA\" title=\"B\u00e4sta F\u00f6retag f\u00f6r \u00c5terst\u00e4llning av Data i USA\" width=\"1280\" height=\"720\">             <\/p>\n<p>Att navigera i de grumliga vattnen av datarf\u00f6rlust kan vara en p\u00e5frestande upplevelse. Oavsett om det \u00e4r ett personligt minne eller kritisk f\u00f6retagsdata, kan betydelsen av det som g\u00e5tt f\u00f6rlorat vara om\u00e4tbar. Lyckligtvis finns det i USA n\u00e5gra av de finaste f\u00f6retagen f\u00f6r \u00e5terst\u00e4llning av data i branschen, och jag har haft chansen att utforska deras tj\u00e4nster f\u00f6rstahands. Denna artikel f\u00f6rdjupar sig i de mest ansedda alternativen som finns tillg\u00e4ngliga, baserat p\u00e5 effektivitet, kundservice och teknisk skicklighet.<\/p>\n<\/div>\n<\/div>\n<\/section>\n<section>\n<div class=\"medal\">\n<div>&#129351;<\/div>\n<\/div>\n<h2><a href='https:\/\/www.drivesaversdatarecovery.com' rel=\"nofollow noopener\" target='_blank'>DriveSavers Data Recovery<\/a><\/h2>\n<p><img src=\"https:\/\/www.ping.fm\/data-recovery-software\/wp-content\/uploads\/ai\/https---www-drivesaversdatarecovery-comSwedish.jpg\"><\/p>\n<p>DriveSavers \u00e4r en veteran i data\u00e5terst\u00e4llningsindustrin, med en h\u00f6g framg\u00e5ngsniv\u00e5. Deras cleanroom-anl\u00e4ggningar och certifierade ingenj\u00f6rer s\u00e4kerst\u00e4ller optimal \u00e5terst\u00e4llning av data fr\u00e5n alla typer av lagringsenheter. Deras fokus p\u00e5 datas\u00e4kerhet \u00e4r av h\u00f6gsta vikt, vilket g\u00f6r dem till ett p\u00e5litligt val f\u00f6r k\u00e4nslig data\u00e5terst\u00e4llning.<\/p>\n<p><a href='https:\/\/www.drivesaversdatarecovery.com' rel=\"nofollow noopener\" target='_blank' class='ofWSite'>Officiell Webbplats<\/a><\/p>\n<h3 class='prosTitle'>F\u00f6rdelar<\/h3>\n<ul class='listpc pros'>\n<li>Avancerade cleanroom-anl\u00e4ggningar<\/li>\n<li>Variabel expertis \u00f6ver lagringsenheter<\/li>\n<\/ul>\n<h3 class='consTitle'>Nackdelar<\/h3>\n<ul class='listpc cons'>\n<li>Premiumpriss\u00e4ttning<\/li>\n<li>L\u00e4ngre v\u00e4ndtid f\u00f6r standardtj\u00e4nst<\/li>\n<\/ul>\n<\/section>\n<section>\n<div class=\"medal\">\n<div>&#129352;<\/div>\n<\/div>\n<h2><a href='https:\/\/www.securedatarecovery.com' rel=\"nofollow noopener\" target='_blank'>Secure Data Recovery<\/a><\/h2>\n<p><img src=\"https:\/\/www.ping.fm\/data-recovery-software\/wp-content\/uploads\/ai\/https---www-securedatarecovery-comSwedish.jpg\"><\/p>\n<p>Secure Data Recovery specialiserar sig p\u00e5 att tillhandah\u00e5lla transparenta och s\u00e4kra data\u00e5terst\u00e4llningstj\u00e4nster. Deras kundportal m\u00f6jligg\u00f6r sp\u00e5rning av data\u00e5terst\u00e4llningsprocessen i realtid, vilket \u00e4r till hj\u00e4lp f\u00f6r oroliga kunder som v\u00e4ntar p\u00e5 att f\u00e5 tillbaka sina v\u00e4rdefulla data. De \u00e4r \u00e4ven k\u00e4nda f\u00f6r sin egenutvecklade teknologi som m\u00f6jligg\u00f6r \u00e5terst\u00e4llning av data i komplexa situationer.<\/p>\n<p><a href='https:\/\/www.securedatarecovery.com' rel=\"nofollow noopener\" target='_blank' class='ofWSite'>Officiell Webbplats<\/a><\/p>\n<h3 class='prosTitle'>F\u00f6rdelar<\/h3>\n<ul class='listpc pros'>\n<li>Sp\u00e5rning av \u00e4renden i realtid<\/li>\n<li>Akuttj\u00e4nster tillg\u00e4ngliga<\/li>\n<\/ul>\n<h3 class='consTitle'>Nackdelar<\/h3>\n<ul class='listpc cons'>\n<li>Tj\u00e4nster kan vara kostsamma<\/li>\n<li>Vissa blandade omd\u00f6men p\u00e5 konsumentwebbplatser<\/li>\n<\/ul>\n<\/section>\n<section>\n<div class=\"medal\">\n<div>&#129353;<\/div>\n<\/div>\n<h2><a href='https:\/\/www.ontrack.com' rel=\"nofollow noopener\" target='_blank'>Ontrack Data Recovery<\/a><\/h2>\n<p><img src=\"https:\/\/www.ping.fm\/data-recovery-software\/wp-content\/uploads\/ai\/https---www-ontrack-comSwedish.jpg\"><\/p>\n<p>Ontrack \u00e4r globalt erk\u00e4nda f\u00f6r sitt omfattande utbud av data\u00e5terst\u00e4llningstj\u00e4nster som omfattar allt fr\u00e5n enkla data\u00e5terst\u00e4llningar till komplexa forensiska uppdrag. De hanterar alla typer av media och har ett rykte om sig att klara av storskaliga \u00e5terst\u00e4llningar f\u00f6r f\u00f6retag, tillsammans med personanpassade tj\u00e4nster f\u00f6r privatpersoner.<\/p>\n<p><a href='https:\/\/www.ontrack.com' rel=\"nofollow noopener\" target='_blank' class='ofWSite'>Officiell Webbplats<\/a><\/p>\n<h3 class='prosTitle'>F\u00f6rdelar<\/h3>\n<ul class='listpc pros'>\n<li>\u00c5terst\u00e4llningar f\u00f6r alla mediatyper<\/li>\n<li>Expertis inom f\u00f6retagsniv\u00e5s\u00e5terst\u00e4llning<\/li>\n<\/ul>\n<h3 class='consTitle'>Nackdelar<\/h3>\n<ul class='listpc cons'>\n<li>Ibland l\u00e5ngsammare f\u00f6r individuella tj\u00e4nster<\/li>\n<li>Kan vara \u00f6verv\u00e4ldigande alternativ f\u00f6r icke-tekniska anv\u00e4ndare<\/li>\n<\/ul>\n<\/section>\n<section>\n<div class=\"no-medal\">\n<div>4<\/div>\n<\/div>\n<h2><a href='https:\/\/www.gillware.com' rel=\"nofollow noopener\" target='_blank'>Gillware Data Recovery<\/a><\/h2>\n<p><img src=\"https:\/\/www.ping.fm\/data-recovery-software\/wp-content\/uploads\/ai\/https---www-gillware-comSwedish.jpg\"><\/p>\n<p>Gillware Data Recovery \u00e4r stolta \u00f6ver sin kundservice och sin policy om ingen data, ingen avgift. Deras vetenskapliga metod f\u00f6r data\u00e5terst\u00e4llning kombineras med en kundcentrerad inriktning, vilket g\u00f6r dem till en stark konkurrent p\u00e5 marknaden. De erbjuder \u00e4ven tj\u00e4nster inom digital forensik, vilket tilltalar kunder med komplexa data\u00e5terst\u00e4llningsbehov.<\/p>\n<p><a href='https:\/\/www.gillware.com' rel=\"nofollow noopener\" target='_blank' class='ofWSite'>Officiell Webbplats<\/a><\/p>\n<h3 class='prosTitle'>F\u00f6rdelar<\/h3>\n<ul class='listpc pros'>\n<li>Ingen data, ingen avgift-garanti<\/li>\n<li>Omfattande digital forensiktj\u00e4nster<\/li>\n<\/ul>\n<h3 class='consTitle'>Nackdelar<\/h3>\n<ul class='listpc cons'>\n<li>Startavgift f\u00f6r utv\u00e4rdering<\/li>\n<li>Begr\u00e4nsat antal fysiska butiker<\/li>\n<\/ul>\n<\/section>\n<section>\n<div class=\"no-medal\">\n<div>5<\/div>\n<\/div>\n<h2><a href='https:\/\/www.salvagedata.com' rel=\"nofollow noopener\" target='_blank'>SALVAGEDATA Recovery<\/a><\/h2>\n<p><img src=\"https:\/\/www.ping.fm\/data-recovery-software\/wp-content\/uploads\/ai\/https---www-salvagedata-comSwedish.jpg\"><\/p>\n<p>SALVAGEDATA Recovery har ett v\u00e4lk\u00e4nt rykte f\u00f6r att hantera komplexa scenarier av dataf\u00f6rlust inklusive RAID-array och servrar\u00e5terst\u00e4llningar. De erbjuder gratis utv\u00e4rdering och deras experttekniker \u00e4r dedikerade till att \u00e5terskapa data snabbt och s\u00e4kert, vilket \u00e4r avg\u00f6rande i tidssensitiva eller aff\u00e4rskritiska situationer.<\/p>\n<p><a href='https:\/\/www.salvagedata.com' rel=\"nofollow noopener\" target='_blank' class='ofWSite'>Officiell Webbplats<\/a><\/p>\n<h3 class='prosTitle'>F\u00f6rdelar<\/h3>\n<ul class='listpc pros'>\n<li>Expertis inom RAID och server\u00e5terst\u00e4llningar<\/li>\n<li>Gratis utv\u00e4rdering och snabb service<\/li>\n<\/ul>\n<h3 class='consTitle'>Nackdelar<\/h3>\n<ul class='listpc cons'>\n<li>Komplex priss\u00e4ttningsstruktur<\/li>\n<li>Vissa tj\u00e4nster kan vara dyra<\/li>\n<\/ul>\n<\/section>\n<section>\n<h2>Youtube-video att titta p\u00e5<\/h2>\n<div class=\"nonp iframe\"><iframe width=\"420\" height=\"315\" src=\"\/\/www.youtube.com\/embed\/v0QkafslnrM\" frameborder=\"0\" allowfullscreen><\/iframe><\/div>\n<\/section>\n<section>\n<h2>Slutsats:<\/h2>\n<div class=\"nonp\">\n<p>N\u00e4r du v\u00e4ljer en <b>datar\u00e4ddningstj\u00e4nst<\/b> \u00e4r det avg\u00f6rande att \u00f6verv\u00e4ga faktorer som framg\u00e5ngsgrad, pristransparens, kund\u00e5terkoppling och branschcertifieringar. Det rekommenderas ocks\u00e5 att unders\u00f6ka om f\u00f6retaget verkar i en certifierad renrumsmilj\u00f6, vilket \u00e4r avg\u00f6rande f\u00f6r s\u00e4ker \u00e5terst\u00e4llning av data fr\u00e5n skadade lagringsenheter.<\/p>\n<p>\u00d6verv\u00e4g att l\u00e4ra dig mer om datar\u00e4ddningsprocesser och branschstandarder genom att bes\u00f6ka <a href='https:\/\/www.iso.org' rel=\"nofollow noopener\" target='_blank'>Internationella standardiseringsorganisationen (ISO)<\/a> eller <a href='https:\/\/www.nist.gov' rel=\"nofollow noopener\" target='_blank'>Nationella institutet f\u00f6r standarder och teknik (NIST)<\/a>.<\/p>\n<p>Forebyggande \u00e4r nyckeln i datahantering. Kolla in <a href='https:\/\/www.us-cert.gov' rel=\"nofollow noopener\" target='_blank'>Amerikanska datorn\u00f6dl\u00e4shetsteamet (US-CERT)<\/a> f\u00f6r tips om att f\u00f6rebygga dataf\u00f6rlust och hantera cybers\u00e4kerhetshot.<\/p>\n<\/div>\n<\/section>\n","protected":false},"excerpt":{"rendered":"<p>B\u00e4sta F\u00f6retag f\u00f6r \u00c5terst\u00e4llning av Data i USA Att navigera i de grumliga vattnen av datarf\u00f6rlust kan vara en p\u00e5frestande upplevelse. Oavsett om det \u00e4r ett personligt minne eller kritisk f\u00f6retagsdata, kan betydelsen av det som g\u00e5tt f\u00f6rlorat vara om\u00e4tbar. Lyckligtvis finns det i USA n\u00e5gra av de finaste f\u00f6retagen f\u00f6r \u00e5terst\u00e4llning av data i [&hellip;]<\/p>\n","protected":false},"author":2,"featured_media":30972,"parent":0,"menu_order":0,"comment_status":"closed","ping_status":"closed","template":"chromecast.php","meta":{"_stopmodifiedupdate":false,"_modified_date":"","_lmt_disableupdate":"yes","_lmt_disable":""},"acf":[],"yoast_head":"<!-- This site is optimized with the Yoast SEO plugin v20.9 - https:\/\/yoast.com\/wordpress\/plugins\/seo\/ -->\n<title>Amerikas b\u00e4sta datar\u00e4ddningstj\u00e4nstf\u00f6retag (2024)<\/title>\n<meta name=\"robots\" content=\"index, follow, max-snippet:-1, max-image-preview:large, max-video-preview:-1\" \/>\n<link rel=\"canonical\" href=\"https:\/\/datarecovery.ping.fm\/sv\/recovery-services\/\" \/>\n<meta property=\"og:locale\" content=\"sv_SE\" \/>\n<meta property=\"og:type\" content=\"article\" \/>\n<meta property=\"og:title\" content=\"Amerikas b\u00e4sta datar\u00e4ddningstj\u00e4nstf\u00f6retag (2024)\" \/>\n<meta property=\"og:description\" content=\"B\u00e4sta F\u00f6retag f\u00f6r \u00c5terst\u00e4llning av Data i USA Att navigera i de grumliga vattnen av datarf\u00f6rlust kan vara en p\u00e5frestande upplevelse. Oavsett om det \u00e4r ett personligt minne eller kritisk f\u00f6retagsdata, kan betydelsen av det som g\u00e5tt f\u00f6rlorat vara om\u00e4tbar. Lyckligtvis finns det i USA n\u00e5gra av de finaste f\u00f6retagen f\u00f6r \u00e5terst\u00e4llning av data i [&hellip;]\" \/>\n<meta property=\"og:url\" content=\"https:\/\/datarecovery.ping.fm\/sv\/recovery-services\/\" \/>\n<meta property=\"og:site_name\" content=\"\u00c5terst\u00e4llningsprogram f\u00f6r Data\" \/>\n<meta property=\"article:modified_time\" content=\"2024-02-29T12:45:46+00:00\" \/>\n<meta property=\"og:image\" content=\"https:\/\/datarecovery.ping.fm\/wp-content\/uploads\/2024\/03\/Best-Data-Recovery-Service-Companies-in-USA-Swedish.jpg\" \/>\n\t<meta property=\"og:image:width\" content=\"1280\" \/>\n\t<meta property=\"og:image:height\" content=\"731\" \/>\n\t<meta property=\"og:image:type\" content=\"image\/jpeg\" \/>\n<meta name=\"twitter:card\" content=\"summary_large_image\" \/>\n<meta name=\"twitter:label1\" content=\"Est. reading time\" \/>\n\t<meta name=\"twitter:data1\" content=\"3 minuter\" \/>\n<script type=\"application\/ld+json\" class=\"yoast-schema-graph\">{\"@context\":\"https:\/\/schema.org\",\"@graph\":[{\"@type\":\"WebPage\",\"@id\":\"https:\/\/datarecovery.ping.fm\/sv\/recovery-services\/\",\"url\":\"https:\/\/datarecovery.ping.fm\/sv\/recovery-services\/\",\"name\":\"Amerikas b\u00e4sta datar\u00e4ddningstj\u00e4nstf\u00f6retag (2024)\",\"isPartOf\":{\"@id\":\"https:\/\/datarecovery.ping.fm\/sv\/#website\"},\"datePublished\":\"2024-01-04T14:44:05+00:00\",\"dateModified\":\"2024-02-29T12:45:46+00:00\",\"breadcrumb\":{\"@id\":\"https:\/\/datarecovery.ping.fm\/sv\/recovery-services\/#breadcrumb\"},\"inLanguage\":\"sv-SE\",\"potentialAction\":[{\"@type\":\"ReadAction\",\"target\":[\"https:\/\/datarecovery.ping.fm\/sv\/recovery-services\/\"]}]},{\"@type\":\"BreadcrumbList\",\"@id\":\"https:\/\/datarecovery.ping.fm\/sv\/recovery-services\/#breadcrumb\",\"itemListElement\":[{\"@type\":\"ListItem\",\"position\":1,\"name\":\"Home\",\"item\":\"https:\/\/datarecovery.ping.fm\/sv\/\"},{\"@type\":\"ListItem\",\"position\":2,\"name\":\"I USA:s b\u00e4sta f\u00f6retag f\u00f6r datar\u00e4ddningstj\u00e4nster\"}]},{\"@type\":\"WebSite\",\"@id\":\"https:\/\/datarecovery.ping.fm\/sv\/#website\",\"url\":\"https:\/\/datarecovery.ping.fm\/sv\/\",\"name\":\"\u00c5terst\u00e4llningsprogram f\u00f6r Data\",\"description\":\"\",\"potentialAction\":[{\"@type\":\"SearchAction\",\"target\":{\"@type\":\"EntryPoint\",\"urlTemplate\":\"https:\/\/datarecovery.ping.fm\/sv\/?s={search_term_string}\"},\"query-input\":\"required name=search_term_string\"}],\"inLanguage\":\"sv-SE\"}]}<\/script>\n<!-- \/ Yoast SEO plugin. -->","yoast_head_json":{"title":"Amerikas b\u00e4sta datar\u00e4ddningstj\u00e4nstf\u00f6retag (2024)","robots":{"index":"index","follow":"follow","max-snippet":"max-snippet:-1","max-image-preview":"max-image-preview:large","max-video-preview":"max-video-preview:-1"},"canonical":"https:\/\/datarecovery.ping.fm\/sv\/recovery-services\/","og_locale":"sv_SE","og_type":"article","og_title":"Amerikas b\u00e4sta datar\u00e4ddningstj\u00e4nstf\u00f6retag (2024)","og_description":"B\u00e4sta F\u00f6retag f\u00f6r \u00c5terst\u00e4llning av Data i USA Att navigera i de grumliga vattnen av datarf\u00f6rlust kan vara en p\u00e5frestande upplevelse. Oavsett om det \u00e4r ett personligt minne eller kritisk f\u00f6retagsdata, kan betydelsen av det som g\u00e5tt f\u00f6rlorat vara om\u00e4tbar. Lyckligtvis finns det i USA n\u00e5gra av de finaste f\u00f6retagen f\u00f6r \u00e5terst\u00e4llning av data i [&hellip;]","og_url":"https:\/\/datarecovery.ping.fm\/sv\/recovery-services\/","og_site_name":"\u00c5terst\u00e4llningsprogram f\u00f6r Data","article_modified_time":"2024-02-29T12:45:46+00:00","og_image":[{"width":1280,"height":731,"url":"https:\/\/datarecovery.ping.fm\/wp-content\/uploads\/2024\/03\/Best-Data-Recovery-Service-Companies-in-USA-Swedish.jpg","type":"image\/jpeg"}],"twitter_card":"summary_large_image","twitter_misc":{"Est. reading time":"3 minuter"},"schema":{"@context":"https:\/\/schema.org","@graph":[{"@type":"WebPage","@id":"https:\/\/datarecovery.ping.fm\/sv\/recovery-services\/","url":"https:\/\/datarecovery.ping.fm\/sv\/recovery-services\/","name":"Amerikas b\u00e4sta datar\u00e4ddningstj\u00e4nstf\u00f6retag (2024)","isPartOf":{"@id":"https:\/\/datarecovery.ping.fm\/sv\/#website"},"datePublished":"2024-01-04T14:44:05+00:00","dateModified":"2024-02-29T12:45:46+00:00","breadcrumb":{"@id":"https:\/\/datarecovery.ping.fm\/sv\/recovery-services\/#breadcrumb"},"inLanguage":"sv-SE","potentialAction":[{"@type":"ReadAction","target":["https:\/\/datarecovery.ping.fm\/sv\/recovery-services\/"]}]},{"@type":"BreadcrumbList","@id":"https:\/\/datarecovery.ping.fm\/sv\/recovery-services\/#breadcrumb","itemListElement":[{"@type":"ListItem","position":1,"name":"Home","item":"https:\/\/datarecovery.ping.fm\/sv\/"},{"@type":"ListItem","position":2,"name":"I USA:s b\u00e4sta f\u00f6retag f\u00f6r datar\u00e4ddningstj\u00e4nster"}]},{"@type":"WebSite","@id":"https:\/\/datarecovery.ping.fm\/sv\/#website","url":"https:\/\/datarecovery.ping.fm\/sv\/","name":"\u00c5terst\u00e4llningsprogram f\u00f6r Data","description":"","potentialAction":[{"@type":"SearchAction","target":{"@type":"EntryPoint","urlTemplate":"https:\/\/datarecovery.ping.fm\/sv\/?s={search_term_string}"},"query-input":"required name=search_term_string"}],"inLanguage":"sv-SE"}]}},"_links":{"self":[{"href":"https:\/\/datarecovery.ping.fm\/sv\/wp-json\/wp\/v2\/pages\/15603"}],"collection":[{"href":"https:\/\/datarecovery.ping.fm\/sv\/wp-json\/wp\/v2\/pages"}],"about":[{"href":"https:\/\/datarecovery.ping.fm\/sv\/wp-json\/wp\/v2\/types\/page"}],"author":[{"embeddable":true,"href":"https:\/\/datarecovery.ping.fm\/sv\/wp-json\/wp\/v2\/users\/2"}],"replies":[{"embeddable":true,"href":"https:\/\/datarecovery.ping.fm\/sv\/wp-json\/wp\/v2\/comments?post=15603"}],"version-history":[{"count":1,"href":"https:\/\/datarecovery.ping.fm\/sv\/wp-json\/wp\/v2\/pages\/15603\/revisions"}],"predecessor-version":[{"id":28288,"href":"https:\/\/datarecovery.ping.fm\/sv\/wp-json\/wp\/v2\/pages\/15603\/revisions\/28288"}],"wp:featuredmedia":[{"embeddable":true,"href":"https:\/\/datarecovery.ping.fm\/sv\/wp-json\/wp\/v2\/media\/30972"}],"wp:attachment":[{"href":"https:\/\/datarecovery.ping.fm\/sv\/wp-json\/wp\/v2\/media?parent=15603"}],"curies":[{"name":"wp","href":"https:\/\/api.w.org\/{rel}","templated":true}]}}