{"id":14536,"date":"2023-12-25T15:46:11","date_gmt":"2023-12-25T15:46:11","guid":{"rendered":"https:\/\/www.ping.fm\/data-recovery-software\/cf-card-data-recovery\/"},"modified":"2024-02-19T08:20:48","modified_gmt":"2024-02-19T08:20:48","slug":"cf-card-data-recovery","status":"publish","type":"page","link":"https:\/\/datarecovery.ping.fm\/sv\/cf-card-data-recovery\/","title":{"rendered":"Enkelt \u00e5terst\u00e4lla raderade filer fr\u00e5n CF-kort: Huvudmetoder"},"content":{"rendered":"<section>\n<h1>Hur du enkelt \u00e5terst\u00e4ller raderade filer fr\u00e5n CF-kort: TOPP Metoder<\/h1>\n<div class=\"inbrief\">\n<div>             <img src=\"https:\/\/www.ping.fm\/data-recovery-software\/wp-content\/uploads\/ai\/How-to-Easily-Recover-Deleted-Files-from-CF-Card-TOP-Methods-Swedish.jpg\" alt=\"Hur du enkelt \u00e5terst\u00e4ller raderade filer fr\u00e5n CF-kort: TOPP Metoder\" title=\"Hur du enkelt \u00e5terst\u00e4ller raderade filer fr\u00e5n CF-kort: TOPP Metoder\" width=\"1280\" height=\"720\">             <\/p>\n<p>Har du n\u00e5gonsin upplevt det hj\u00e4rtsk\u00e4rande \u00f6gonblicket d\u00e5 du inser att dina v\u00e4rdefulla foton eller viktiga dokument som lagras p\u00e5 ett <b>Compact Flash (CF)-kort<\/b> pl\u00f6tsligt \u00e4r otillg\u00e4ngliga? Som fotograf har jag varit d\u00e4r och paniken som infinner sig \u00e4r alltf\u00f6r bekant. I den h\u00e4r artikeln kommer jag dela detaljerade steg baserade p\u00e5 min personliga erfarenhet om hur man utf\u00f6r <b>data\u00e5terst\u00e4llning<\/b> fr\u00e5n <b>CF-kort<\/b>. Medan en del kan t\u00e4nka sig att \u00e5terst\u00e4llning av data fr\u00e5n ett CF-kort \u00e4r liknande det fr\u00e5n ett <b>SD-kort<\/b>, finns det nyanser som g\u00f6r processen distinkt. Med r\u00e4tt tillv\u00e4gag\u00e5ngss\u00e4tt \u00e4r det m\u00f6jligt att <a href='https:\/\/7datarecovery.com\/blog\/cf-card-data-recovery\/' rel=\"dofollow noopener\" target='_blank'>\u00e5tg\u00e4rda korrumperade CF-kort<\/a> situationer. L\u00e5t oss guida dig genom r\u00e4ddningsmissionen.<\/p>\n<\/div>\n<\/div>\n<\/section>\n<section>\n<div>\n<div>1<\/div>\n<h2>Vanliga Scenarier:<\/h2>\n<\/div>\n<h3>Oavsiktlig Radering &#x26A0;<\/h3>\n<ul>\n<li>Hur jag av misstag formaterade mitt <b>CF-kort<\/b> i kameran under en hektisk fotografering.<\/li>\n<li>Insikten som kom f\u00f6r sent att &#8217;radera alla&#8217; alternativet hade valts ist\u00e4llet f\u00f6r att radera en enskild fil.<\/li>\n<\/ul>\n<h3>Bekymmer med Korruption &#x1F4A5;<\/h3>\n<ul>\n<li>Den g\u00e5ngen mitt <b>CF-kort<\/b> blev korrupt genom att jag drog ut det fr\u00e5n kortl\u00e4saren medan filer \u00f6verf\u00f6rdes.<\/li>\n<li>Att hantera f\u00f6ljderna av att f\u00f6rs\u00f6ka komma \u00e5t ett kort som pl\u00f6tsligt verkar vara oformaterat.<\/li>\n<\/ul>\n<h3>Faror med Fysisk Skada &#x1F4A3;<\/h3>\n<ul>\n<li>M\u00f6tandet av ett fruktat felmeddelande efter att ett CF-kort blivit lite b\u00f6jt i min \u00f6verfulla utrustningsv\u00e4ska.<\/li>\n<li>Utmaningarna och s\u00e4rskilda \u00f6verv\u00e4ganden n\u00e4r man hanterar ett fysiskt skadat <b>CF-kort<\/b>.<\/li>\n<\/ul>\n<\/section>\n<section class=\"stepByStep\">\n<div>\n<div>2<\/div>\n<h2>Steg-f\u00f6r-steg-guide. \u00c5terst\u00e4llning av data fr\u00e5n CF-kort:<\/h2>\n<\/div>\n<h3>Metod 1: Anv\u00e4nda en Kortl\u00e4sare &#x1F4E1;<\/h3>\n<ul>\n<li>S\u00e4tt in <b>CF-kortet<\/b> i en p\u00e5litlig kortl\u00e4sare som \u00e4r ansluten till din dator.<\/li>\n<li>Kontrollera om kortet visas i &#8217;Min Dator&#8217; eller &#8217;Diskhantering&#8217; p\u00e5 en PC, eller &#8217;Diskverktyg&#8217; p\u00e5 en Mac.<\/li>\n<li>Om kortet k\u00e4nns igen, anv\u00e4nd programvaran <a href='https:\/\/www.cgsecurity.org\/wiki\/PhotoRec' rel=\"nofollow noopener\" target='_blank'>PhotoRec<\/a> f\u00f6r att f\u00f6rs\u00f6ka \u00e5terst\u00e4lla filer.<\/li>\n<\/ul>\n<p><b>Obs:<\/b> Denna metod kanske inte fungerar med allvarligt korrumperade eller fysiskt skadade kort.<\/p>\n<p><b>Slutsats:<\/b> En kortl\u00e4sare kan vara ett enkelt men effektivt s\u00e4tt att f\u00f6rs\u00f6ka \u00e5terst\u00e4lla data fr\u00e5n CF-kort om kortet k\u00e4nns igen av ditt system.<\/p>\n<h3>Metod 2: Data\u00e5terst\u00e4llningsprogram &#x1F4BE;<\/h3>\n<ul>\n<li>Ladda ner och installera en dedikerad <b>data\u00e5terst\u00e4llningsprogramvara<\/b> som <a href='https:\/\/www.ccleaner.com\/recuva' rel=\"nofollow noopener\" target='_blank'>Recuva<\/a> eller <a href='https:\/\/www.easeus.com\/data-recovery-software\/' rel=\"nofollow noopener\" target='_blank'>EaseUS Data Recovery Wizard<\/a>.<\/li>\n<li>V\u00e4lj <b>CF-kortet<\/b> som m\u00e5lplats f\u00f6r att skanna efter f\u00f6rlorade filer.<\/li>\n<li>F\u00f6lj instruktionerna p\u00e5 sk\u00e4rmen f\u00f6r att skanna och \u00e5terst\u00e4lla de saknade datan.<\/li>\n<\/ul>\n<p><b>Obs:<\/b> V\u00e4lj programvara som specifikt st\u00f6der \u00e5terst\u00e4llning fr\u00e5n CF-kort f\u00f6r b\u00e4ttre resultat.<\/p>\n<p><b>Slutsats:<\/b> Data\u00e5terst\u00e4llningsprogramvara kan vara ett utm\u00e4rkt alternativ om kortet fortfarande k\u00e4nns igen av datorn men filerna inte \u00e4r tillg\u00e4ngliga.<\/p>\n<h3>Metod 3: Verktyg f\u00f6r Kommandoraden &#x1F4DD;<\/h3>\n<ul>\n<li>P\u00e5 Windows, anv\u00e4nd verktyget <b>CHKDSK<\/b> i Kommandotolken f\u00f6r att kontrollera och reparera filsystemfel p\u00e5 <b>CF-kortet<\/b>.<\/li>\n<li>F\u00f6r Mac-anv\u00e4ndare, anv\u00e4nd funktionen F\u00f6rsta Hj\u00e4lpen i <b>Diskverktyg<\/b> f\u00f6r att \u00e5tg\u00e4rda fel.<\/li>\n<li>\u00c5terskapa filer med hj\u00e4lp av \u00e5terst\u00e4llningsverktyg baserade p\u00e5 kommandoraden om de \u00e4r tillg\u00e4ngliga.<\/li>\n<\/ul>\n<p><b>Obs:<\/b> Denna metod kr\u00e4ver en bekv\u00e4m niv\u00e5 av teknisk expertis.<\/p>\n<p><b>Slutsats:<\/b> Verktyg f\u00f6r kommandoraden kan vara kraftfulla f\u00f6r att \u00e5tg\u00e4rda filsystemfel, men de kan vara komplexa och kr\u00e4va teknisk kunskap.<\/p>\n<h3>Metod 4: Professionella \u00c5terst\u00e4llningstj\u00e4nster &#x1F50E;<\/h3>\n<ul>\n<li>Anlita <b>professionella data\u00e5terst\u00e4llningstj\u00e4nster<\/b> som DriveSavers eller Ontrack.<\/li>\n<li>Skicka ditt CF-kort till tj\u00e4nsteleverant\u00f6ren, se till att det \u00e4r v\u00e4l skyddat under transporten.<\/li>\n<li>V\u00e4nta p\u00e5 att analysen och \u00e5terst\u00e4llningsprocessen ska slutf\u00f6ras av professionella.<\/li>\n<\/ul>\n<p><b>Obs:<\/b> Detta kan vara ett dyrt alternativ men \u00e4r ofta n\u00f6dv\u00e4ndigt f\u00f6r sv\u00e5r fysisk skada eller komplex korruption.<\/p>\n<p><b>Slutsats:<\/b> Professionella tj\u00e4nster \u00e4r b\u00e4st l\u00e4mpade f\u00f6r extremfall d\u00e4r andra \u00e5terst\u00e4llningsmetoder har misslyckats.<\/p>\n<h3>Metod 5: Forensiska Data\u00e5terst\u00e4llningsverktyg &#x1F50D;<\/h3>\n<ul>\n<li>Unders\u00f6k specialiserade forensiska \u00e5terst\u00e4llningsverktyg s\u00e5som <a href='https:\/\/www.forsciencelab.com\/' rel=\"nofollow noopener\" target='_blank'>Forensic Explorer<\/a> f\u00f6r komplexa \u00e5terst\u00e4llningsscenarier.<\/li>\n<li>Dessa verktyg \u00e4r designade f\u00f6r r\u00e4ttsv\u00e4sendet och kan erbjuda avancerade \u00e5terst\u00e4llningsfunktioner.<\/li>\n<li>Var beredd p\u00e5 en inl\u00e4rningskurva n\u00e4r du anv\u00e4nder dessa komplicerade verktyg.<\/li>\n<\/ul>\n<p><b>Obs:<\/b> Forensiska verktyg rekommenderas inte f\u00f6r allm\u00e4nna anv\u00e4ndare p\u00e5 grund av deras komplexitet och kostnad.<\/p>\n<p><b>Slutsats:<\/b> Forensiska data\u00e5terst\u00e4llningsverktyg \u00e4r l\u00e4mpliga f\u00f6r professionella som beh\u00f6ver \u00e5terst\u00e4lla data f\u00f6r juridiska eller utrednings\u00e4ndam\u00e5l.<\/p>\n<\/section>\n<section>\n<div>\n<div>3<\/div>\n<h2>Youtube-video att titta p\u00e5<\/h2>\n<\/div>\n<div class=\"iframe\"><iframe width=\"420\" height=\"315\" src=\"\/\/www.youtube.com\/embed\/lxwqPsKaGmo\" frameborder=\"0\" allowfullscreen><\/iframe><\/div>\n<\/section>\n<section>\n<div>\n<div>4<\/div>\n<h2>F\u00f6rsiktighets\u00e5tg\u00e4rder och tips:<\/h2>\n<\/div>\n<h3>S\u00e4ker hantering &#x1F9EA;<\/h3>\n<ul>\n<li>Hantera dina <b>CF-kort<\/b> f\u00f6rsiktigt f\u00f6r att f\u00f6rhindra fysiska skador, vilket \u00e4r sv\u00e5rare att \u00e5terh\u00e4mta sig fr\u00e5n \u00e4n logiska korruptioner.<\/li>\n<li>Mata alltid ut kortet p\u00e5 r\u00e4tt s\u00e4tt fr\u00e5n din dator eller enhet f\u00f6r att undvika datakorruption.<\/li>\n<li>Anv\u00e4nd din kameras formateringsverktyg f\u00f6r den f\u00f6rsta formateringen av ett nytt kort f\u00f6r att s\u00e4kerst\u00e4lla optimal kompatibilitet.<\/li>\n<\/ul>\n<h3>Programvarukunskap &#x1F4BB;<\/h3>\n<ul>\n<li>G\u00f6r regelbundna s\u00e4kerhetskopior av data fr\u00e5n dina <b>CF-kort<\/b> till ett sekund\u00e4rt lagringsmedium.<\/li>\n<li>\u00d6verv\u00e4g att anv\u00e4nda <b>diskavbildnings<\/b>verktyg som <a href='https:\/\/www.acronis.com\/en-us\/personal\/computer-backup\/' rel=\"nofollow noopener\" target='_blank'>Acronis True Image<\/a> f\u00f6r att skapa en fullst\u00e4ndig kopia av ditt kort f\u00f6r \u00e5terst\u00e4llnings\u00e4ndam\u00e5l.<\/li>\n<li>H\u00e5ll dig uppdaterad med den senaste <b>firmswaren<\/b> f\u00f6r din kortl\u00e4sare och kamera f\u00f6r att undvika kompatibilitetsproblem som kan leda till dataf\u00f6rlust.<\/li>\n<\/ul>\n<\/section>\n<section>\n<div>\n<div>5<\/div>\n<h2>CF kontra SD<\/h2>\n<\/div>\n<p>F\u00f6r de som kan vara nyfikna p\u00e5 hur <b>CF-kort<\/b> skiljer sig fr\u00e5n <b>SD-kort<\/b> n\u00e4r det kommer till data\u00e5terst\u00e4llning, \u00e4r det viktigt att f\u00f6rst\u00e5 de inneboende designskillnaderna mellan dessa tv\u00e5 typer av minneskort. Medan SD-kort universellt anv\u00e4nds och f\u00f6redras f\u00f6r deras kompakta storlek, f\u00f6redras ofta CF-kort av yrkesverksamma f\u00f6r deras h\u00e5llbarhet och hastighet&#8212;det senare \u00e4r ett resultat av deras parallella gr\u00e4nssnitt i j\u00e4mf\u00f6relse med SD-kortens seriella gr\u00e4nssnitt.<\/p>\n<p>N\u00e4r det kommer till data\u00e5terst\u00e4llning inneb\u00e4r dessa tekniska skillnader att CF-kort kan vara mindre ben\u00e4gna till vissa typer av fysiska skador, som b\u00f6jning, j\u00e4mf\u00f6rt med deras SD-motsvarigheter. Dock \u00e4r CF-kort k\u00e4nsliga f\u00f6r skador p\u00e5 stiften p\u00e5 grund av deras design, som innefattar flera exponerade stift som ansluter kortet till kameran eller l\u00e4saren. Detta kr\u00e4ver extra f\u00f6rsiktighet vid is\u00e4ttning och uttagning, eftersom en b\u00f6jd stift kan leda till anslutningsproblem och dataf\u00f6rlust.<\/p>\n<p>Dessutom har CF-kort typiskt sett en h\u00f6gre kapacitet och en snabbare skrivhastighet, vilket kan p\u00e5verka \u00e5terst\u00e4llningsscenarier. En felaktigt utf\u00f6rd skrivoperation eller ett avbrott under datatransfer kan resultera i omfattande dataf\u00f6rlust, vilket kr\u00e4ver mer robusta tekniker f\u00f6r data\u00e5terst\u00e4llning.<\/p>\n<p>Att f\u00f6rst\u00e5 de inneboende operationella komplexiteterna med CF-kort \u00e4r avg\u00f6rande f\u00f6r korrekt underh\u00e5ll och \u00e5terst\u00e4llning om dataf\u00f6rlust intr\u00e4ffar. Att till\u00e4mpa de koncept jag har diskuterat ovan b\u00f6r \u00e4ven hj\u00e4lpa till att minska risken f\u00f6r att f\u00f6rlora dina v\u00e4rdefulla data.<\/p>\n<p>F\u00f6r mer information om skillnader mellan CF- och SD-kort kan du bes\u00f6ka auktoritativa teknikwebbplatser s\u00e5som <a href='https:\/\/www.digitaltrends.com\/photography\/sd-versus-cf-card-whats-the-difference\/' rel=\"nofollow noopener\" target='_blank'>Digital Trends<\/a> eller fotografirelaterade resurser som <a href='https:\/\/www.bhphotovideo.com\/explora\/photography\/buying-guide\/memory-cards' rel=\"nofollow noopener\" target='_blank'>B&#038;H Explora<\/a>.<\/p>\n<\/section>\n<section>\n<h2>Slutsats:<\/h2>\n<div class=\"nonp\">\n<p>Att ge sig in p\u00e5 en resa f\u00f6r att \u00e5terst\u00e4lla data fr\u00e5n ett <b>CF-kort<\/b> kan verka avskr\u00e4ckande, men med dessa metoder och f\u00f6rsiktighets\u00e5tg\u00e4rder \u00e4r du v\u00e4l f\u00f6rberedd f\u00f6r utmaningen. Kom ih\u00e5g att nyckeln \u00e4r att agera omg\u00e5ende och hantera situationen lugnt f\u00f6r att f\u00f6rb\u00e4ttra chanserna f\u00f6r framg\u00e5ngsrik \u00e5terst\u00e4llning. Med dessa insikter och r\u00e4tt tillv\u00e4gag\u00e5ngss\u00e4tt \u00e4r dina chanser att \u00e5tervinna f\u00f6rlorade minnen och viktiga filer avsev\u00e4rt f\u00f6rb\u00e4ttrade, vilket f\u00f6rst\u00e4rker vikten av att f\u00f6rst\u00e5 och vara f\u00f6rberedd f\u00f6r data\u00e5terst\u00e4llningsscenarier unika f\u00f6r CF-kort.<\/p>\n<\/div>\n<\/section>\n","protected":false},"excerpt":{"rendered":"<p>Hur du enkelt \u00e5terst\u00e4ller raderade filer fr\u00e5n CF-kort: TOPP Metoder Har du n\u00e5gonsin upplevt det hj\u00e4rtsk\u00e4rande \u00f6gonblicket d\u00e5 du inser att dina v\u00e4rdefulla foton eller viktiga dokument som lagras p\u00e5 ett Compact Flash (CF)-kort pl\u00f6tsligt \u00e4r otillg\u00e4ngliga? Som fotograf har jag varit d\u00e4r och paniken som infinner sig \u00e4r alltf\u00f6r bekant. I den h\u00e4r artikeln [&hellip;]<\/p>\n","protected":false},"author":2,"featured_media":30902,"parent":0,"menu_order":0,"comment_status":"closed","ping_status":"closed","template":"chromecast.php","meta":{"_stopmodifiedupdate":false,"_modified_date":"","_lmt_disableupdate":"yes","_lmt_disable":""},"acf":[],"yoast_head":"<!-- This site is optimized with the Yoast SEO plugin v20.9 - https:\/\/yoast.com\/wordpress\/plugins\/seo\/ -->\n<title>Hur man \u00e5terst\u00e4ller raderade filer fr\u00e5n ett CF-kort: en grundl\u00e4ggande guide<\/title>\n<meta name=\"robots\" content=\"index, follow, max-snippet:-1, max-image-preview:large, max-video-preview:-1\" \/>\n<link rel=\"canonical\" href=\"https:\/\/datarecovery.ping.fm\/sv\/cf-card-data-recovery\/\" \/>\n<meta property=\"og:locale\" content=\"sv_SE\" \/>\n<meta property=\"og:type\" content=\"article\" \/>\n<meta property=\"og:title\" content=\"Hur man \u00e5terst\u00e4ller raderade filer fr\u00e5n ett CF-kort: en grundl\u00e4ggande guide\" \/>\n<meta property=\"og:description\" content=\"Hur du enkelt \u00e5terst\u00e4ller raderade filer fr\u00e5n CF-kort: TOPP Metoder Har du n\u00e5gonsin upplevt det hj\u00e4rtsk\u00e4rande \u00f6gonblicket d\u00e5 du inser att dina v\u00e4rdefulla foton eller viktiga dokument som lagras p\u00e5 ett Compact Flash (CF)-kort pl\u00f6tsligt \u00e4r otillg\u00e4ngliga? Som fotograf har jag varit d\u00e4r och paniken som infinner sig \u00e4r alltf\u00f6r bekant. I den h\u00e4r artikeln [&hellip;]\" \/>\n<meta property=\"og:url\" content=\"https:\/\/datarecovery.ping.fm\/sv\/cf-card-data-recovery\/\" \/>\n<meta property=\"og:site_name\" content=\"\u00c5terst\u00e4llningsprogram f\u00f6r Data\" \/>\n<meta property=\"article:modified_time\" content=\"2024-02-19T08:20:48+00:00\" \/>\n<meta property=\"og:image\" content=\"https:\/\/datarecovery.ping.fm\/wp-content\/uploads\/2024\/03\/How-to-Easily-Recover-Deleted-Files-from-CF-Card-TOP-Methods-Swedish.jpg\" \/>\n\t<meta property=\"og:image:width\" content=\"1280\" \/>\n\t<meta property=\"og:image:height\" content=\"731\" \/>\n\t<meta property=\"og:image:type\" content=\"image\/jpeg\" \/>\n<meta name=\"twitter:card\" content=\"summary_large_image\" \/>\n<meta name=\"twitter:label1\" content=\"Est. reading time\" \/>\n\t<meta name=\"twitter:data1\" content=\"7 minuter\" \/>\n<script type=\"application\/ld+json\" class=\"yoast-schema-graph\">{\"@context\":\"https:\/\/schema.org\",\"@graph\":[{\"@type\":\"WebPage\",\"@id\":\"https:\/\/datarecovery.ping.fm\/sv\/cf-card-data-recovery\/\",\"url\":\"https:\/\/datarecovery.ping.fm\/sv\/cf-card-data-recovery\/\",\"name\":\"Hur man \u00e5terst\u00e4ller raderade filer fr\u00e5n ett CF-kort: en grundl\u00e4ggande guide\",\"isPartOf\":{\"@id\":\"https:\/\/datarecovery.ping.fm\/sv\/#website\"},\"datePublished\":\"2023-12-25T15:46:11+00:00\",\"dateModified\":\"2024-02-19T08:20:48+00:00\",\"breadcrumb\":{\"@id\":\"https:\/\/datarecovery.ping.fm\/sv\/cf-card-data-recovery\/#breadcrumb\"},\"inLanguage\":\"sv-SE\",\"potentialAction\":[{\"@type\":\"ReadAction\",\"target\":[\"https:\/\/datarecovery.ping.fm\/sv\/cf-card-data-recovery\/\"]}]},{\"@type\":\"BreadcrumbList\",\"@id\":\"https:\/\/datarecovery.ping.fm\/sv\/cf-card-data-recovery\/#breadcrumb\",\"itemListElement\":[{\"@type\":\"ListItem\",\"position\":1,\"name\":\"Home\",\"item\":\"https:\/\/datarecovery.ping.fm\/sv\/\"},{\"@type\":\"ListItem\",\"position\":2,\"name\":\"Enkelt \u00e5terst\u00e4lla raderade filer fr\u00e5n CF-kort: Huvudmetoder\"}]},{\"@type\":\"WebSite\",\"@id\":\"https:\/\/datarecovery.ping.fm\/sv\/#website\",\"url\":\"https:\/\/datarecovery.ping.fm\/sv\/\",\"name\":\"\u00c5terst\u00e4llningsprogram f\u00f6r Data\",\"description\":\"\",\"potentialAction\":[{\"@type\":\"SearchAction\",\"target\":{\"@type\":\"EntryPoint\",\"urlTemplate\":\"https:\/\/datarecovery.ping.fm\/sv\/?s={search_term_string}\"},\"query-input\":\"required name=search_term_string\"}],\"inLanguage\":\"sv-SE\"}]}<\/script>\n<!-- \/ Yoast SEO plugin. -->","yoast_head_json":{"title":"Hur man \u00e5terst\u00e4ller raderade filer fr\u00e5n ett CF-kort: en grundl\u00e4ggande guide","robots":{"index":"index","follow":"follow","max-snippet":"max-snippet:-1","max-image-preview":"max-image-preview:large","max-video-preview":"max-video-preview:-1"},"canonical":"https:\/\/datarecovery.ping.fm\/sv\/cf-card-data-recovery\/","og_locale":"sv_SE","og_type":"article","og_title":"Hur man \u00e5terst\u00e4ller raderade filer fr\u00e5n ett CF-kort: en grundl\u00e4ggande guide","og_description":"Hur du enkelt \u00e5terst\u00e4ller raderade filer fr\u00e5n CF-kort: TOPP Metoder Har du n\u00e5gonsin upplevt det hj\u00e4rtsk\u00e4rande \u00f6gonblicket d\u00e5 du inser att dina v\u00e4rdefulla foton eller viktiga dokument som lagras p\u00e5 ett Compact Flash (CF)-kort pl\u00f6tsligt \u00e4r otillg\u00e4ngliga? Som fotograf har jag varit d\u00e4r och paniken som infinner sig \u00e4r alltf\u00f6r bekant. I den h\u00e4r artikeln [&hellip;]","og_url":"https:\/\/datarecovery.ping.fm\/sv\/cf-card-data-recovery\/","og_site_name":"\u00c5terst\u00e4llningsprogram f\u00f6r Data","article_modified_time":"2024-02-19T08:20:48+00:00","og_image":[{"width":1280,"height":731,"url":"https:\/\/datarecovery.ping.fm\/wp-content\/uploads\/2024\/03\/How-to-Easily-Recover-Deleted-Files-from-CF-Card-TOP-Methods-Swedish.jpg","type":"image\/jpeg"}],"twitter_card":"summary_large_image","twitter_misc":{"Est. reading time":"7 minuter"},"schema":{"@context":"https:\/\/schema.org","@graph":[{"@type":"WebPage","@id":"https:\/\/datarecovery.ping.fm\/sv\/cf-card-data-recovery\/","url":"https:\/\/datarecovery.ping.fm\/sv\/cf-card-data-recovery\/","name":"Hur man \u00e5terst\u00e4ller raderade filer fr\u00e5n ett CF-kort: en grundl\u00e4ggande guide","isPartOf":{"@id":"https:\/\/datarecovery.ping.fm\/sv\/#website"},"datePublished":"2023-12-25T15:46:11+00:00","dateModified":"2024-02-19T08:20:48+00:00","breadcrumb":{"@id":"https:\/\/datarecovery.ping.fm\/sv\/cf-card-data-recovery\/#breadcrumb"},"inLanguage":"sv-SE","potentialAction":[{"@type":"ReadAction","target":["https:\/\/datarecovery.ping.fm\/sv\/cf-card-data-recovery\/"]}]},{"@type":"BreadcrumbList","@id":"https:\/\/datarecovery.ping.fm\/sv\/cf-card-data-recovery\/#breadcrumb","itemListElement":[{"@type":"ListItem","position":1,"name":"Home","item":"https:\/\/datarecovery.ping.fm\/sv\/"},{"@type":"ListItem","position":2,"name":"Enkelt \u00e5terst\u00e4lla raderade filer fr\u00e5n CF-kort: Huvudmetoder"}]},{"@type":"WebSite","@id":"https:\/\/datarecovery.ping.fm\/sv\/#website","url":"https:\/\/datarecovery.ping.fm\/sv\/","name":"\u00c5terst\u00e4llningsprogram f\u00f6r Data","description":"","potentialAction":[{"@type":"SearchAction","target":{"@type":"EntryPoint","urlTemplate":"https:\/\/datarecovery.ping.fm\/sv\/?s={search_term_string}"},"query-input":"required name=search_term_string"}],"inLanguage":"sv-SE"}]}},"_links":{"self":[{"href":"https:\/\/datarecovery.ping.fm\/sv\/wp-json\/wp\/v2\/pages\/14536"}],"collection":[{"href":"https:\/\/datarecovery.ping.fm\/sv\/wp-json\/wp\/v2\/pages"}],"about":[{"href":"https:\/\/datarecovery.ping.fm\/sv\/wp-json\/wp\/v2\/types\/page"}],"author":[{"embeddable":true,"href":"https:\/\/datarecovery.ping.fm\/sv\/wp-json\/wp\/v2\/users\/2"}],"replies":[{"embeddable":true,"href":"https:\/\/datarecovery.ping.fm\/sv\/wp-json\/wp\/v2\/comments?post=14536"}],"version-history":[{"count":1,"href":"https:\/\/datarecovery.ping.fm\/sv\/wp-json\/wp\/v2\/pages\/14536\/revisions"}],"predecessor-version":[{"id":30901,"href":"https:\/\/datarecovery.ping.fm\/sv\/wp-json\/wp\/v2\/pages\/14536\/revisions\/30901"}],"wp:featuredmedia":[{"embeddable":true,"href":"https:\/\/datarecovery.ping.fm\/sv\/wp-json\/wp\/v2\/media\/30902"}],"wp:attachment":[{"href":"https:\/\/datarecovery.ping.fm\/sv\/wp-json\/wp\/v2\/media?parent=14536"}],"curies":[{"name":"wp","href":"https:\/\/api.w.org\/{rel}","templated":true}]}}