{"id":14414,"date":"2023-12-25T15:46:11","date_gmt":"2023-12-25T15:46:11","guid":{"rendered":"https:\/\/www.ping.fm\/data-recovery-software\/ssd-data-recovery\/"},"modified":"2024-02-19T08:20:46","modified_gmt":"2024-02-19T08:20:46","slug":"ssd-data-recovery","status":"publish","type":"page","link":"https:\/\/datarecovery.ping.fm\/sv\/ssd-data-recovery\/","title":{"rendered":"Lyckad \u00e5terst\u00e4llning av data fr\u00e5n h\u00e5rddisk: En steg-f\u00f6r-steg-guide"},"content":{"rendered":"<section>\n<h1>Hur du framg\u00e5ngsrikt \u00e5terst\u00e4ller data fr\u00e5n en SSD: En steg-f\u00f6r-steg-guide<\/h1>\n<div class=\"inbrief\">\n<div>  <img src=\"https:\/\/www.ping.fm\/data-recovery-software\/wp-content\/uploads\/ai\/How-to-Successfully-Recover-Data-from-an-SSD-A-Step-by-Step-Guide-Swedish.jpg\" alt=\"Hur du framg\u00e5ngsrikt \u00e5terst\u00e4ller data fr\u00e5n en SSD: En steg-f\u00f6r-steg-guide\" title=\"Hur du framg\u00e5ngsrikt \u00e5terst\u00e4ller data fr\u00e5n en SSD: En steg-f\u00f6r-steg-guide\" width=\"1280\" height=\"720\">  <\/p>\n<p>Som professionell inom v\u00e4rlden av digital data har jag st\u00f6tt p\u00e5 min besk\u00e4rda del av scenarier d\u00e4r data f\u00f6rlorats. Ett s\u00e4rskilt utmanande scenario \u00e4r att \u00e5terst\u00e4lla data fr\u00e5n en Solid State Drive (SSD). SSD-diskar \u00e4r omtalade f\u00f6r deras hastighet och tillf\u00f6rlitlighet, men likt alla lagringsmedier \u00e4r de inte immuna mot datatapp. Fr\u00e5n min erfarenhet med dessa snabba lagringsenheter har jag l\u00e4rt mig n\u00e5gra anv\u00e4ndbara knep f\u00f6r att \u00e5terst\u00e4lla data fr\u00e5n SSD-diskar, och jag \u00e4r h\u00e4r f\u00f6r att dela med mig av dessa metoder som har visat sig ge positiva resultat. Oavsett om din SSD har drabbats av oavsiktlig radering, korruption eller till och med ett mekaniskt fel finns det s\u00e4tt att f\u00f6rs\u00f6ka \u00e5terst\u00e4lla den. Nedan beskriver jag olika metoder som jag personligen anv\u00e4nt och rekommenderar f\u00f6r att \u00e5terst\u00e4lla data fr\u00e5n en SSD.<\/p>\n<\/div>\n<\/div>\n<\/section>\n<section>\n<div>\n<div>1<\/div>\n<h2>Vanliga scenarier:<\/h2>\n<\/div>\n<h3>Slumpm\u00e4ssig radering <span role='img' aria-label='oops'>&#128586;<\/span><\/h3>\n<ul>\n<li><b>Oavsiktlig radering<\/b> av filer \u00e4r ett vanligt scenario som leder till datatapp. Vare sig det \u00e4r genom att oavsiktligt trycka p\u00e5 radera-tangenten eller genom att exekvera ett kommando utan n\u00f6dv\u00e4ndig f\u00f6rsiktighet, kan filerna verka f\u00f6rsvinna i tomma luften.<\/li>\n<li>Medan processen varierar beroende p\u00e5 filsystemet, finns det ofta en chans att de raderade filerna inte omedelbart skrivs \u00f6ver, vilket erbjuder ett f\u00f6nster f\u00f6r att \u00e5terst\u00e4lla datan.<\/li>\n<\/ul>\n<h3>SSD-korruption <span role='img' aria-label='frown'>&#128542;<\/span><\/h3>\n<ul>\n<li>SSD-korruption kan vara ett resultat av mjukvaruproblem, pl\u00f6tsliga str\u00f6mavbrott eller till och med firmware-problem. Detta kan leda till korruption av filsystemet, vilket g\u00f6r datan o\u00e5tkomlig.<\/li>\n<li>Som tur \u00e4r finns det metoder och verktyg som kan hj\u00e4lpa till att reparera det korrumperade filsystemet och \u00e5terst\u00e4lla f\u00f6rlorad data.<\/li>\n<\/ul>\n<h3>Fysiska skador <span role='img' aria-label='alert'>&#9888;<\/span><\/h3>\n<ul>\n<li>Scenarion med fysiska skador \u00e4r mindre vanliga med <b>SSD-diskar<\/b> \u00e4n traditionella h\u00e5rddiskar, eftersom SSD-diskar inte har n\u00e5gra r\u00f6rliga delar. Dock kan de fortfarande drabbas av problem som br\u00e4nnskador eller komponentfel.<\/li>\n<li>Fysiska skador kr\u00e4ver ofta professionell hj\u00e4lp p\u00e5 grund av SSD-konstruktionens komplexitet.<\/li>\n<\/ul>\n<\/section>\n<section class=\"stepByStep\">\n<div>\n<div>2<\/div>\n<h2>Steg-f\u00f6r-steg-guide. \u00c5terst\u00e4ll data fr\u00e5n SSD:<\/h2>\n<\/div>\n<h3>Metod 1: Anv\u00e4nda data\u00e5terst\u00e4llningsprogram <span role='img' aria-label='computer'>&#128187;<\/span><\/h3>\n<ul>\n<li>Ladda ner och installera ett ansedd <b>data\u00e5terst\u00e4llningsprogram<\/b>. Jag rekommenderar <a href='https:\/\/www.cgsecurity.org\/wiki\/PhotoRec' rel=\"nofollow noopener\" target='_blank'>PhotoRec<\/a>, som \u00e4r ett kraftfullt verktyg f\u00f6r fil\u00e5terst\u00e4llning.<\/li>\n<li>Anslut SSD-disken till din dator, antingen direkt via en SATA-anslutning eller med en USB-till-SATA-adapter om s\u00e5dan finns tillg\u00e4nglig.<\/li>\n<li>K\u00f6r data\u00e5terst\u00e4llningsprogrammet och v\u00e4lj SSD-disk fr\u00e5n listan \u00f6ver enheter. Starta skanningen och v\u00e4nta tills den \u00e4r klar.<\/li>\n<li>F\u00f6rhandsgranska och v\u00e4lj de filer du vill \u00e5terst\u00e4lla, spara dem sedan p\u00e5 en annan enhet f\u00f6r att f\u00f6rhindra \u00f6verskrivning.<\/li>\n<\/ul>\n<p><b>OBS:<\/b> Installera aldrig \u00e5terst\u00e4llningsprogrammet p\u00e5 den SSD som du f\u00f6rs\u00f6ker \u00e5terst\u00e4lla fr\u00e5n f\u00f6r att undvika att skriva \u00f6ver data.<\/p>\n<p><b>Slutsats:<\/b> Denna metod \u00e4r effektiv f\u00f6r logiska problem som oavsiktlig radering eller formatering.<\/p>\n<h3>Metod 2: Filhistorik eller Time Machine <span role='img' aria-label='clock'>&#128338;<\/span><\/h3>\n<ul>\n<li>F\u00f6r Windows-anv\u00e4ndare, om du hade <b>Filhistorik<\/b> inst\u00e4llt, g\u00e5 till &#8217;Inst\u00e4llningar&#8217;, sedan &#8217;Uppdatering &#038; S\u00e4kerhet&#8217;, och klicka p\u00e5 &#8217;S\u00e4kerhetskopiering&#8217;. D\u00e4rifr\u00e5n kan du \u00e5terst\u00e4lla filer fr\u00e5n en tidigare <b>backup<\/b>.<\/li>\n<li>Mac-anv\u00e4ndare kan anv\u00e4nda <b>Time Machine<\/b>. Anslut enheten som inneh\u00e5ller Time Machine-backupen, och anv\u00e4nd funktionen &#8217;Enter Time Machine&#8217; f\u00f6r att \u00e5terst\u00e4lla de f\u00f6rlorade filerna.<\/li>\n<\/ul>\n<p><b>OBS:<\/b> Detta kr\u00e4ver att du hade satt upp ett backupsystem innan datatappen intr\u00e4ffade.<\/p>\n<p><b>Slutsats:<\/b> Backupl\u00f6sningar som Filhistorik eller Time Machine \u00e4r utm\u00e4rkta f\u00f6rebyggande \u00e5tg\u00e4rder f\u00f6r data\u00e5terst\u00e4llning.<\/p>\n<h3>Metod 3: Skivhanteringsverktyg <span role='img' aria-label='gear'>&#9881;<\/span><\/h3>\n<ul>\n<li>\u00d6ppna &#8217;Skivhantering&#8217; p\u00e5 Windows eller &#8217;Disk Utility&#8217; p\u00e5 macOS f\u00f6r att kontrollera om SSD:n k\u00e4nns igen av systemet.<\/li>\n<li>Om enheten visas utan bokstav, tilldela en genom att h\u00f6gerklicka och v\u00e4lja &#8217;\u00c4ndra enhetsbokstav och s\u00f6kv\u00e4gar&#8217; p\u00e5 Windows eller &#8217;Montera&#8217; p\u00e5 macOS.<\/li>\n<li>Om SSD:n k\u00e4nns igen men har ett fel p\u00e5 filsystemet, anv\u00e4nd de inbyggda reparationsverktygen: &#8217;chkdsk&#8217; p\u00e5 Windows eller &#8217;F\u00f6rsta hj\u00e4lpen&#8217; p\u00e5 macOS.<\/li>\n<\/ul>\n<p><b>OBS:<\/b> Fysisk igenk\u00e4nning av OS \u00e4r ett gott tecken, men filsystemproblem kan fortfarande f\u00f6rhindra data\u00e5tkomst.<\/p>\n<p><b>Slutsats:<\/b> Skivhanteringsverktyg kan l\u00f6sa igenk\u00e4nnande- eller mindre korruptionsproblem.<\/p>\n<h3>Metod 4: S\u00f6ka professionell hj\u00e4lp <span role='img' aria-label='helmet'>&#9937;<\/span><\/h3>\n<ul>\n<li>Om SSD:n inte k\u00e4nns igen, eller datan \u00e4r kritisk, s\u00f6k hj\u00e4lp av en <b>professionell data\u00e5terst\u00e4llningstj\u00e4nst<\/b>. Dessa experter har verktygen och renrumsmilj\u00f6er som kr\u00e4vs f\u00f6r intrikat arbete p\u00e5 SSD-diskar.<\/li>\n<li>Forska och v\u00e4lj en ansedd tj\u00e4nst med erfarenhet av SSD-data\u00e5terst\u00e4llning.<\/li>\n<\/ul>\n<p><b>OBS:<\/b> Professionell \u00e5terst\u00e4llning kan vara kostsam, men det kan vara din b\u00e4sta chans vid fysiskt skadade enheter.<\/p>\n<p><b>Slutsats:<\/b> Experter har en h\u00f6gre framg\u00e5ngsgrad med komplexa \u00e5terst\u00e4llningsuppgifter.<\/p>\n<h3>Metod 5: Verktyg fr\u00e5n SSD-tillverkaren <span role='img' aria-label='wrench'>&#128295;<\/span><\/h3>\n<ul>\n<li>M\u00e5nga SSD-tillverkare erbjuder sina egna <b>diagnostik- och reparationsverktyg<\/b>. Kontrollera webbplatsen f\u00f6r ditt SSD-m\u00e4rke f\u00f6r verktyg som \u00e4r specifika f\u00f6r din modell.<\/li>\n<li>Ladda ner och k\u00f6r tillverkarens verktyg f\u00f6r att diagnostisera och eventuellt reparera SSD:n. Vissa verktyg inkluderar ocks\u00e5 data\u00e5terst\u00e4llningsalternativ.<\/li>\n<\/ul>\n<p><b>OBS:<\/b> Verktyg fr\u00e5n tillverkaren \u00e4r specifikt utformade f\u00f6r de SSD-diskar de producerar, vilket ger dig en skr\u00e4ddarsydd l\u00f6sning.<\/p>\n<p><b>Slutsats:<\/b> Att anv\u00e4nda verktyg fr\u00e5n din SSD-tillverkare kan erbjuda en riktad l\u00f6sning f\u00f6r \u00e5terst\u00e4llning och reparation.<\/p>\n<\/section>\n<section>\n<div>\n<div>3<\/div>\n<h2>Youtube-video att titta p\u00e5<\/h2>\n<\/div>\n<div class=\"iframe\"><iframe width=\"420\" height=\"315\" src=\"\/\/www.youtube.com\/embed\/HPOrr8YGpYg\" frameborder=\"0\" allowfullscreen><\/iframe><\/div>\n<\/section>\n<section>\n<div>\n<div>4<\/div>\n<h2>F\u00f6rsiktighets\u00e5tg\u00e4rder och tips:<\/h2>\n<\/div>\n<h3>Skydda dina data <span role='img' aria-label='l\u00e5s'>&#128274;<\/span><\/h3>\n<ul>\n<li>Maintain alltid en <b>regelbunden backup<\/b> av viktiga data f\u00f6r att minimera effekten av potentiell f\u00f6rlust.<\/li>\n<li>Sluta omedelbart anv\u00e4nda en SSD efter att ha st\u00f6tt p\u00e5 problem med dataf\u00f6rlust f\u00f6r att undvika att skriva \u00f6ver n\u00e5gon \u00e5tervinningsbar data.<\/li>\n<li>Aktivera TRIM p\u00e5 SSD:er f\u00f6r att hj\u00e4lpa till att bibeh\u00e5lla prestanda och livsl\u00e4ngd, men vara medveten om att det kan komplicera processerna f\u00f6r data\u00e5terst\u00e4llning.<\/li>\n<\/ul>\n<\/section>\n<section>\n<div>\n<div>5<\/div>\n<h2>Expertinsikter<\/h2>\n<\/div>\n<p>Data\u00e5terst\u00e4llning fr\u00e5n en SSD \u00e4r en komplex process som ofta beror p\u00e5 arten av datatappet. Att f\u00f6rst\u00e5 tekniken bakom SSD:er \u00e4r avg\u00f6rande f\u00f6r framg\u00e5ngsrik \u00e5terst\u00e4llning. Till skillnad fr\u00e5n traditionella h\u00e5rddiskar anv\u00e4nder SSD:er NAND-baserat flashminne som inte n\u00f6dv\u00e4ndigtvis lagrar data i kontinuerliga, f\u00f6ruts\u00e4gbara m\u00f6nster p\u00e5 grund av tekniker s\u00e5som wear-leveling och TRIM-kommandon som optimerar enhetens prestanda och livsl\u00e4ngd.<\/p>\n<p>Efter att ha f\u00f6rs\u00f6kt \u00e5terst\u00e4lla, \u00e4r det ocks\u00e5 r\u00e5dligt att \u00f6vervaka h\u00e4lsan p\u00e5 din SSD med hj\u00e4lp av verktyg som <a href='https:\/\/crystalmark.info\/en\/software\/crystaldiskinfo\/' rel=\"nofollow noopener\" target='_blank'>CrystalDiskInfo<\/a>. Detta verktyg kan varna dig f\u00f6r potentiella fel innan de leder till f\u00f6rlust av data.<\/p>\n<p>F\u00f6r de som \u00e4r intresserade av att l\u00e4ra sig mer om SSD-teknik och data\u00e5terst\u00e4llning, \u00e4r f\u00f6ljande resurser ov\u00e4rderliga: Storage Networking Industry Association som \u00e4r en ledande myndighet p\u00e5 lagringsteknologier, tillhandah\u00e5ller ett djupg\u00e5ende <a href='https:\/\/www.snia.org\/education\/technical-tutorials' rel=\"nofollow noopener\" target='_blank'>tekniskt tutorial<\/a> om SSD-teknik, vilket jag har funnit ytterst hj\u00e4lpsamt.<\/p>\n<\/section>\n<section>\n<h2>Slutsats:<\/h2>\n<div class=\"nonp\">\n<p>I min erfarenhet \u00e4r data\u00e5terst\u00e4llning fr\u00e5n en SSD verkligen m\u00f6jlig, men det kr\u00e4ver ett metodiskt tillv\u00e4gag\u00e5ngss\u00e4tt och ibland, en smula tur. B\u00f6rja med att anv\u00e4nda l\u00e4ttillg\u00e4ngliga <b>programvaruverktyg<\/b> och <b>inbyggda operativsystemsfunktioner<\/b>. Om dessa inte ger resultat och datan \u00e4r av betydande v\u00e4rde, kan det vara v\u00e4rt att investera i <b>professionella \u00e5terst\u00e4llningstj\u00e4nster<\/b>. Regelbundna s\u00e4kerhetskopior och proaktiv \u00f6vervakning av SSD-h\u00e4lsan kan g\u00f6ra mycket f\u00f6r att f\u00f6rhindra att dataf\u00f6rlust blir en katastrofal h\u00e4ndelse. Med t\u00e5lamod och r\u00e4tt resurser kan du maximera chanserna f\u00f6r en framg\u00e5ngsrik \u00e5terst\u00e4llning fr\u00e5n en SSD.<\/p>\n<\/div>\n<\/section>\n","protected":false},"excerpt":{"rendered":"<p>Hur du framg\u00e5ngsrikt \u00e5terst\u00e4ller data fr\u00e5n en SSD: En steg-f\u00f6r-steg-guide Som professionell inom v\u00e4rlden av digital data har jag st\u00f6tt p\u00e5 min besk\u00e4rda del av scenarier d\u00e4r data f\u00f6rlorats. Ett s\u00e4rskilt utmanande scenario \u00e4r att \u00e5terst\u00e4lla data fr\u00e5n en Solid State Drive (SSD). SSD-diskar \u00e4r omtalade f\u00f6r deras hastighet och tillf\u00f6rlitlighet, men likt alla lagringsmedier [&hellip;]<\/p>\n","protected":false},"author":2,"featured_media":30890,"parent":0,"menu_order":0,"comment_status":"closed","ping_status":"closed","template":"chromecast.php","meta":{"_stopmodifiedupdate":false,"_modified_date":"","_lmt_disableupdate":"yes","_lmt_disable":""},"acf":[],"yoast_head":"<!-- This site is optimized with the Yoast SEO plugin v20.9 - https:\/\/yoast.com\/wordpress\/plugins\/seo\/ -->\n<title>\u00c5terst\u00e4lla kritiska data fr\u00e5n SSD: En steg-f\u00f6r-steg guide<\/title>\n<meta name=\"robots\" content=\"index, follow, max-snippet:-1, max-image-preview:large, max-video-preview:-1\" \/>\n<link rel=\"canonical\" href=\"https:\/\/datarecovery.ping.fm\/sv\/ssd-data-recovery\/\" \/>\n<meta property=\"og:locale\" content=\"sv_SE\" \/>\n<meta property=\"og:type\" content=\"article\" \/>\n<meta property=\"og:title\" content=\"\u00c5terst\u00e4lla kritiska data fr\u00e5n SSD: En steg-f\u00f6r-steg guide\" \/>\n<meta property=\"og:description\" content=\"Hur du framg\u00e5ngsrikt \u00e5terst\u00e4ller data fr\u00e5n en SSD: En steg-f\u00f6r-steg-guide Som professionell inom v\u00e4rlden av digital data har jag st\u00f6tt p\u00e5 min besk\u00e4rda del av scenarier d\u00e4r data f\u00f6rlorats. Ett s\u00e4rskilt utmanande scenario \u00e4r att \u00e5terst\u00e4lla data fr\u00e5n en Solid State Drive (SSD). SSD-diskar \u00e4r omtalade f\u00f6r deras hastighet och tillf\u00f6rlitlighet, men likt alla lagringsmedier [&hellip;]\" \/>\n<meta property=\"og:url\" content=\"https:\/\/datarecovery.ping.fm\/sv\/ssd-data-recovery\/\" \/>\n<meta property=\"og:site_name\" content=\"\u00c5terst\u00e4llningsprogram f\u00f6r Data\" \/>\n<meta property=\"article:modified_time\" content=\"2024-02-19T08:20:46+00:00\" \/>\n<meta property=\"og:image\" content=\"https:\/\/datarecovery.ping.fm\/wp-content\/uploads\/2024\/03\/How-to-Successfully-Recover-Data-from-an-SSD-A-Step-by-Step-Guide-Swedish.jpg\" \/>\n\t<meta property=\"og:image:width\" content=\"1280\" \/>\n\t<meta property=\"og:image:height\" content=\"731\" \/>\n\t<meta property=\"og:image:type\" content=\"image\/jpeg\" \/>\n<meta name=\"twitter:card\" content=\"summary_large_image\" \/>\n<meta name=\"twitter:label1\" content=\"Est. reading time\" \/>\n\t<meta name=\"twitter:data1\" content=\"6 minuter\" \/>\n<script type=\"application\/ld+json\" class=\"yoast-schema-graph\">{\"@context\":\"https:\/\/schema.org\",\"@graph\":[{\"@type\":\"WebPage\",\"@id\":\"https:\/\/datarecovery.ping.fm\/sv\/ssd-data-recovery\/\",\"url\":\"https:\/\/datarecovery.ping.fm\/sv\/ssd-data-recovery\/\",\"name\":\"\u00c5terst\u00e4lla kritiska data fr\u00e5n SSD: En steg-f\u00f6r-steg guide\",\"isPartOf\":{\"@id\":\"https:\/\/datarecovery.ping.fm\/sv\/#website\"},\"datePublished\":\"2023-12-25T15:46:11+00:00\",\"dateModified\":\"2024-02-19T08:20:46+00:00\",\"breadcrumb\":{\"@id\":\"https:\/\/datarecovery.ping.fm\/sv\/ssd-data-recovery\/#breadcrumb\"},\"inLanguage\":\"sv-SE\",\"potentialAction\":[{\"@type\":\"ReadAction\",\"target\":[\"https:\/\/datarecovery.ping.fm\/sv\/ssd-data-recovery\/\"]}]},{\"@type\":\"BreadcrumbList\",\"@id\":\"https:\/\/datarecovery.ping.fm\/sv\/ssd-data-recovery\/#breadcrumb\",\"itemListElement\":[{\"@type\":\"ListItem\",\"position\":1,\"name\":\"Home\",\"item\":\"https:\/\/datarecovery.ping.fm\/sv\/\"},{\"@type\":\"ListItem\",\"position\":2,\"name\":\"Lyckad \u00e5terst\u00e4llning av data fr\u00e5n h\u00e5rddisk: En steg-f\u00f6r-steg-guide\"}]},{\"@type\":\"WebSite\",\"@id\":\"https:\/\/datarecovery.ping.fm\/sv\/#website\",\"url\":\"https:\/\/datarecovery.ping.fm\/sv\/\",\"name\":\"\u00c5terst\u00e4llningsprogram f\u00f6r Data\",\"description\":\"\",\"potentialAction\":[{\"@type\":\"SearchAction\",\"target\":{\"@type\":\"EntryPoint\",\"urlTemplate\":\"https:\/\/datarecovery.ping.fm\/sv\/?s={search_term_string}\"},\"query-input\":\"required name=search_term_string\"}],\"inLanguage\":\"sv-SE\"}]}<\/script>\n<!-- \/ Yoast SEO plugin. -->","yoast_head_json":{"title":"\u00c5terst\u00e4lla kritiska data fr\u00e5n SSD: En steg-f\u00f6r-steg guide","robots":{"index":"index","follow":"follow","max-snippet":"max-snippet:-1","max-image-preview":"max-image-preview:large","max-video-preview":"max-video-preview:-1"},"canonical":"https:\/\/datarecovery.ping.fm\/sv\/ssd-data-recovery\/","og_locale":"sv_SE","og_type":"article","og_title":"\u00c5terst\u00e4lla kritiska data fr\u00e5n SSD: En steg-f\u00f6r-steg guide","og_description":"Hur du framg\u00e5ngsrikt \u00e5terst\u00e4ller data fr\u00e5n en SSD: En steg-f\u00f6r-steg-guide Som professionell inom v\u00e4rlden av digital data har jag st\u00f6tt p\u00e5 min besk\u00e4rda del av scenarier d\u00e4r data f\u00f6rlorats. Ett s\u00e4rskilt utmanande scenario \u00e4r att \u00e5terst\u00e4lla data fr\u00e5n en Solid State Drive (SSD). SSD-diskar \u00e4r omtalade f\u00f6r deras hastighet och tillf\u00f6rlitlighet, men likt alla lagringsmedier [&hellip;]","og_url":"https:\/\/datarecovery.ping.fm\/sv\/ssd-data-recovery\/","og_site_name":"\u00c5terst\u00e4llningsprogram f\u00f6r Data","article_modified_time":"2024-02-19T08:20:46+00:00","og_image":[{"width":1280,"height":731,"url":"https:\/\/datarecovery.ping.fm\/wp-content\/uploads\/2024\/03\/How-to-Successfully-Recover-Data-from-an-SSD-A-Step-by-Step-Guide-Swedish.jpg","type":"image\/jpeg"}],"twitter_card":"summary_large_image","twitter_misc":{"Est. reading time":"6 minuter"},"schema":{"@context":"https:\/\/schema.org","@graph":[{"@type":"WebPage","@id":"https:\/\/datarecovery.ping.fm\/sv\/ssd-data-recovery\/","url":"https:\/\/datarecovery.ping.fm\/sv\/ssd-data-recovery\/","name":"\u00c5terst\u00e4lla kritiska data fr\u00e5n SSD: En steg-f\u00f6r-steg guide","isPartOf":{"@id":"https:\/\/datarecovery.ping.fm\/sv\/#website"},"datePublished":"2023-12-25T15:46:11+00:00","dateModified":"2024-02-19T08:20:46+00:00","breadcrumb":{"@id":"https:\/\/datarecovery.ping.fm\/sv\/ssd-data-recovery\/#breadcrumb"},"inLanguage":"sv-SE","potentialAction":[{"@type":"ReadAction","target":["https:\/\/datarecovery.ping.fm\/sv\/ssd-data-recovery\/"]}]},{"@type":"BreadcrumbList","@id":"https:\/\/datarecovery.ping.fm\/sv\/ssd-data-recovery\/#breadcrumb","itemListElement":[{"@type":"ListItem","position":1,"name":"Home","item":"https:\/\/datarecovery.ping.fm\/sv\/"},{"@type":"ListItem","position":2,"name":"Lyckad \u00e5terst\u00e4llning av data fr\u00e5n h\u00e5rddisk: En steg-f\u00f6r-steg-guide"}]},{"@type":"WebSite","@id":"https:\/\/datarecovery.ping.fm\/sv\/#website","url":"https:\/\/datarecovery.ping.fm\/sv\/","name":"\u00c5terst\u00e4llningsprogram f\u00f6r Data","description":"","potentialAction":[{"@type":"SearchAction","target":{"@type":"EntryPoint","urlTemplate":"https:\/\/datarecovery.ping.fm\/sv\/?s={search_term_string}"},"query-input":"required name=search_term_string"}],"inLanguage":"sv-SE"}]}},"_links":{"self":[{"href":"https:\/\/datarecovery.ping.fm\/sv\/wp-json\/wp\/v2\/pages\/14414"}],"collection":[{"href":"https:\/\/datarecovery.ping.fm\/sv\/wp-json\/wp\/v2\/pages"}],"about":[{"href":"https:\/\/datarecovery.ping.fm\/sv\/wp-json\/wp\/v2\/types\/page"}],"author":[{"embeddable":true,"href":"https:\/\/datarecovery.ping.fm\/sv\/wp-json\/wp\/v2\/users\/2"}],"replies":[{"embeddable":true,"href":"https:\/\/datarecovery.ping.fm\/sv\/wp-json\/wp\/v2\/comments?post=14414"}],"version-history":[{"count":1,"href":"https:\/\/datarecovery.ping.fm\/sv\/wp-json\/wp\/v2\/pages\/14414\/revisions"}],"predecessor-version":[{"id":30889,"href":"https:\/\/datarecovery.ping.fm\/sv\/wp-json\/wp\/v2\/pages\/14414\/revisions\/30889"}],"wp:featuredmedia":[{"embeddable":true,"href":"https:\/\/datarecovery.ping.fm\/sv\/wp-json\/wp\/v2\/media\/30890"}],"wp:attachment":[{"href":"https:\/\/datarecovery.ping.fm\/sv\/wp-json\/wp\/v2\/media?parent=14414"}],"curies":[{"name":"wp","href":"https:\/\/api.w.org\/{rel}","templated":true}]}}