{"id":14032,"date":"2023-12-25T15:46:11","date_gmt":"2023-12-25T15:46:11","guid":{"rendered":"https:\/\/www.ping.fm\/data-recovery-software\/wiped-hard-drive-recovery\/"},"modified":"2024-02-19T08:20:42","modified_gmt":"2024-02-19T08:20:42","slug":"wiped-hard-drive-recovery","status":"publish","type":"page","link":"https:\/\/datarecovery.ping.fm\/sv\/wiped-hard-drive-recovery\/","title":{"rendered":"De metoder som kan anv\u00e4ndas f\u00f6r att \u00e5terst\u00e4lla raderade filer fr\u00e5n en h\u00e5rddisk efter att de har tagits bort \u00e4r f\u00f6ljande"},"content":{"rendered":"<section>\n<h1>Hur man \u00e5terst\u00e4ller raderade filer fr\u00e5n en formaterad h\u00e5rddisk<\/h1>\n<div class=\"inbrief\">\n<div>                     <img src=\"https:\/\/www.ping.fm\/data-recovery-software\/wp-content\/uploads\/ai\/How-to-Recover-Deleted-Files-from-Wiped-Hard-Drive-Swedish.jpg\" alt=\"Hur man \u00e5terst\u00e4ller raderade filer fr\u00e5n en formaterad h\u00e5rddisk\" title=\"Hur man \u00e5terst\u00e4ller raderade filer fr\u00e5n en formaterad h\u00e5rddisk\" width=\"1280\" height=\"720\">                     <\/p>\n<p>Att f\u00f6rlora viktiga filer kan vara en enorm stressk\u00e4lla, men det \u00e4r inte alltid slutet p\u00e5 historien. \u00c4ven om du har formaterat din h\u00e5rddisk finns det fortfarande hopp om att \u00e5terst\u00e4lla dessa v\u00e4rdefulla filer. Jag har sj\u00e4lv st\u00e5tt inf\u00f6r detta skr\u00e4mmande dilemma och funnit s\u00e4tt att ta tillbaka data jag trodde var f\u00f6rlorade f\u00f6r alltid. I denna detaljerade hur-man-g\u00f6r-guide kommer jag att dela med mig av min erfarenhet om hur man \u00e5terst\u00e4ller raderade filer fr\u00e5n en formaterad h\u00e5rddisk, d\u00e4r jag framh\u00e4ver Disk Drill som en av de mest effektiva l\u00f6sningarna.<\/p>\n<\/div>\n<\/div>\n<\/section>\n<section>\n<div>\n<div>1<\/div>\n<h2>Vanliga scenarier:<\/h2>\n<\/div>\n<h3>Det oavsiktliga formatet &#x1F4A5;<\/h3>\n<ul>\n<li><b>Hela enheten formaterades<\/b> under installationen av operativsystemet ist\u00e4llet f\u00f6r att v\u00e4lja en s\u00e4rskild partition.<\/li>\n<li>Oavsiktlig <b>snabbformatering<\/b> vid f\u00f6rs\u00f6k att \u00e5tg\u00e4rda enhetsfel.<\/li>\n<\/ul>\n<h3>Den \u00f6verentusiastiska st\u00e4dningen &#x1F9EA;<\/h3>\n<ul>\n<li>Anv\u00e4ndning av <b>program f\u00f6r diskrensning<\/b> f\u00f6r att frig\u00f6ra utrymme utan att inse att viktiga filer inte var s\u00e4kerhetskopierade.<\/li>\n<li>Radering av partitioner under en <b>systemrensning<\/b> eller vid f\u00f6rberedelse f\u00f6r att s\u00e4lja datorn.<\/li>\n<\/ul>\n<h3>Malwarekaos &#x2620;<\/h3>\n<ul>\n<li>Viruse eller malware-infektion som leder till ett <b>komprometterat system<\/b> som kr\u00e4ver total formatering.<\/li>\n<li>Hackers som formaterar enheter f\u00f6r att <b>d\u00f6lja sina sp\u00e5r<\/b> efter datatillgrepp.<\/li>\n<\/ul>\n<\/section>\n<section class=\"stepByStep\">\n<div>\n<div>2<\/div>\n<h2>Steg-f\u00f6r-steg-guide. \u00c5terst\u00e4ll formaterad h\u00e5rddisk:<\/h2>\n<\/div>\n<h3>Metod 1: Anv\u00e4ndning av Disk Drill &#x1F527;<\/h3>\n<ul>\n<li>Ladda ner och installera <b>Disk Drill<\/b> fr\u00e5n den officiella webbplatsen: <a href='https:\/\/www.cleverfiles.com\/' rel=\"nofollow noopener\" target='_blank'>https:\/\/www.cleverfiles.com\/<\/a>.<\/li>\n<li>Starta Disk Drill och v\u00e4lj den formaterade h\u00e5rddisken f\u00f6r <b>\u00e5terst\u00e4llning<\/b>.<\/li>\n<li>V\u00e4lj l\u00e4mplig skanningstyp. F\u00f6r formaterade enheter \u00e4r ofta <b>Djup skanning<\/b> mest effektiv.<\/li>\n<li>Granska de <b>hittade filerna<\/b> och v\u00e4lj de du vill \u00e5terst\u00e4lla.<\/li>\n<li>V\u00e4lj en ny <b>sparplats<\/b> som \u00e4r annorlunda \u00e4n k\u00e4lldisken och \u00e5terst\u00e4ll filerna.<\/li>\n<\/ul>\n<p><b>Observera:<\/b> Disk Drill kan \u00e5terst\u00e4lla filer \u00e4ven efter en formatering, men framg\u00e5ngsgraden beror p\u00e5 om ny data har \u00f6verskrivit den gamla datan.<\/p>\n<p><b>Slutsats:<\/b> Disk Drill erbjuder en intuitiv och kraftfull plattform f\u00f6r att \u00e5terst\u00e4lla data fr\u00e5n en formaterad h\u00e5rddisk.<\/p>\n<h3>Metod 2: Recuva &#x1F50D;<\/h3>\n<ul>\n<li>Ladda ner och installera <b>Recuva<\/b> fr\u00e5n den officiella webbplatsen: <a href='https:\/\/www.ccleaner.com\/recuva' rel=\"nofollow noopener\" target='_blank'>https:\/\/www.ccleaner.com\/recuva<\/a>.<\/li>\n<li>\u00d6ppna Recuva och k\u00f6r <b>Guiden<\/b> f\u00f6r att starta \u00e5terst\u00e4llningsprocessen.<\/li>\n<li>V\u00e4lj vilken typ av filer du f\u00f6rs\u00f6ker \u00e5terst\u00e4lla och den ursprungliga platsen.<\/li>\n<li>Aktivera <b>Djup skannings<\/b>l\u00e4ge f\u00f6r en grundligare s\u00f6kning.<\/li>\n<li>Efter skanning, v\u00e4lj filerna f\u00f6r \u00e5terst\u00e4llning och v\u00e4lj ett nytt m\u00e5l f\u00f6r att <b>spara dem<\/b>.<\/li>\n<\/ul>\n<p><b>Observera:<\/b> Recuva \u00e4r ett anv\u00e4ndbart verktyg, s\u00e4rskilt f\u00f6r de som letar efter en kostnadsfri l\u00f6sning, men det kanske inte \u00e4r lika grundlig som premiumprogramvara som Disk Drill.<\/p>\n<p><b>Slutsats:<\/b> Recuva \u00e4r ett kostnadseffektivt alternativ som kan hantera enkla \u00e5terst\u00e4llningsuppgifter effektivt.<\/p>\n<h3>Metod 3: PhotoRec &#x1F4F7;<\/h3>\n<ul>\n<li>Ladda ner PhotoRec fr\u00e5n den officiella webbplatsen: <a href='https:\/\/www.cgsecurity.org\/wiki\/PhotoRec' rel=\"nofollow noopener\" target='_blank'>https:\/\/www.cgsecurity.org\/wiki\/PhotoRec<\/a>.<\/li>\n<li>Packa upp och k\u00f6r PhotoRec; du kommer att m\u00f6tas av ett <b>kommandoradsgr\u00e4nssnitt<\/b>.<\/li>\n<li>V\u00e4lj den formaterade enheten och v\u00e4lj <b>partitionstabellstyp<\/b>, forts\u00e4tt sedan med skanning.<\/li>\n<li>Navigera i filsystemet och v\u00e4lj vart den \u00e5terst\u00e4llda datan ska sparas.<\/li>\n<li>L\u00e5t PhotoRec utf\u00f6ra sin magi och \u00e5terst\u00e4ll s\u00e5 m\u00e5nga filer som m\u00f6jligt.<\/li>\n<\/ul>\n<p><b>Observera:<\/b> PhotoRec \u00e4r kraftfull men har en brantare inl\u00e4rningskurva p\u00e5 grund av dess kommandoradsnatur.<\/p>\n<p><b>Slutsats:<\/b> PhotoRec \u00e4r en robust, \u00f6ppen k\u00e4llkods-l\u00f6sning f\u00f6r de som \u00e4r bekv\u00e4ma med kommandoradsoperationer.<\/p>\n<h3>Metod 4: Anv\u00e4ndning av Windows File Recovery &#x1F5A5;<\/h3>\n<ul>\n<li>Se till att du k\u00f6r <b>Windows 10<\/b>, version 2004 eller senare. Ladda ner <b>Windows File Recovery<\/b> fr\u00e5n Microsoft Store.<\/li>\n<li>\u00d6ppna Kommandotolken som administrat\u00f6r och skriv <i>&#8217;winfr&#8217;<\/i>.<\/li>\n<li>V\u00e4lj k\u00e4ll- och m\u00e5lenheterna och specificera <b>l\u00e4get<\/b>: vanligt eller omfattande.<\/li>\n<li>F\u00f6lj instruktionerna p\u00e5 sk\u00e4rmen f\u00f6r att slutf\u00f6ra \u00e5terst\u00e4llningsprocessen.<\/li>\n<li>Kontrollera m\u00e5lmappen f\u00f6r dina \u00e5terh\u00e4mtade filer.<\/li>\n<\/ul>\n<p><b>Observera:<\/b> Denna metod \u00e4r endast tillg\u00e4nglig p\u00e5 nyare versioner av Windows, och framg\u00e5ngen varierar beroende p\u00e5 hur mycket ny data som har skrivits till enheten.<\/p>\n<p><b>Slutsats:<\/b> Windows File Recovery \u00e4r ett anv\u00e4ndbart, kostnadsfritt alternativ f\u00f6r anv\u00e4ndare med r\u00e4tt version av Windows.<\/p>\n<h3>Metod 5: Anlita en professionell data\u00e5terst\u00e4llningstj\u00e4nst &#x1F50E;<\/h3>\n<ul>\n<li>S\u00f6k efter <b>ansedda data\u00e5terst\u00e4llningstj\u00e4nster<\/b> s\u00e5som DriveSavers eller Secure Data Recovery.<\/li>\n<li>Kontakta tj\u00e4nsten och ge detaljer om din h\u00e5rddisk och situationen med dataneds\u00e4ttning.<\/li>\n<li>F\u00f6lj deras instruktioner f\u00f6r att skicka in din h\u00e5rddisk.<\/li>\n<li>V\u00e4nta p\u00e5 diagnosrapporten och best\u00e4m om du ska forts\u00e4tta med \u00e5terst\u00e4llningen baserat p\u00e5 deras framg\u00e5ngsestimering och kostnad.<\/li>\n<li>N\u00e4r \u00e5terst\u00e4llningen \u00e4r klar kommer tj\u00e4nsten att returnera dina data p\u00e5 ett nytt lagringsmedium.<\/li>\n<\/ul>\n<p><b>Observera:<\/b> Professionella tj\u00e4nster kan vara dyra men erbjuder den h\u00f6gsta chansen till \u00e5terst\u00e4llning f\u00f6r allvarligt skadade enheter.<\/p>\n<p><b>Slutsats:<\/b> F\u00f6r ov\u00e4rderliga eller h\u00f6gk\u00e4nsliga data kan en professionell data\u00e5terst\u00e4llningstj\u00e4nst vara v\u00e4rd den extra kostnaden.<\/p>\n<\/section>\n<section>\n<div>\n<div>3<\/div>\n<h2>Youtube-video att titta p\u00e5<\/h2>\n<\/div>\n<div class=\"iframe\"><iframe width=\"420\" height=\"315\" src=\"\/\/www.youtube.com\/embed\/4ZlvHsjvQT4\" frameborder=\"0\" allowfullscreen><\/iframe><\/div>\n<\/section>\n<section>\n<div>\n<div>4<\/div>\n<h2>F\u00f6rsiktighets\u00e5tg\u00e4rder och tips:<\/h2>\n<\/div>\n<h3>Dataf\u00f6rlustprevention &#x1F6E1;<\/h3>\n<ul>\n<li><b>Regelbundna s\u00e4kerhetskopior<\/b> till en extern enhet eller molntj\u00e4nst kan f\u00f6rhindra behovet av data\u00e5terst\u00e4llning.<\/li>\n<li>Anv\u00e4nd <b>h\u00e5rddiskverktyg<\/b> f\u00f6rsiktigt och dubbelkolla alltid innan du formaterar eller reng\u00f6r en enhet.<\/li>\n<li>F\u00f6rbli vaksam mot <b>skadlig programvara<\/b> genom att uppdatera ditt antivirusprogram och undvika misst\u00e4nkta nedladdningar eller webbplatser.<\/li>\n<\/ul>\n<h3>\u00c5terst\u00e4ll r\u00e4tt bort &#x23F3;<\/h3>\n<ul>\n<li>Ju snabbare du f\u00f6rs\u00f6ker \u00e5terst\u00e4lla data efter borttagning, desto b\u00e4ttre \u00e4r chanserna f\u00f6r framg\u00e5ng.<\/li>\n<li>Anv\u00e4nd inte den ber\u00f6rda h\u00e5rddisken f\u00f6r att f\u00f6rhindra att ny data <b>skriver \u00f6ver<\/b> de f\u00f6rlorade filerna.<\/li>\n<li>F\u00f6rs\u00f6k med flera <b>data\u00e5terst\u00e4llningsverktyg<\/b> om ett inte ger \u00f6nskade resultat.<\/li>\n<\/ul>\n<\/section>\n<section>\n<div>\n<div>5<\/div>\n<h2>Ut\u00f6kade insikter<\/h2>\n<\/div>\n<p>Tekniken f\u00f6r data\u00e5terst\u00e4llning bygger p\u00e5 det faktum att n\u00e4r filer tas bort, tas de inte bort omedelbart fr\u00e5n lagringsmediet. I st\u00e4llet markeras det utrymme de upptar som &#8217;ledigt&#8217; f\u00f6r ny data. Tills ny data skriver \u00f6ver den gamla finns det en m\u00f6jlighet f\u00f6r \u00e5terst\u00e4llning. Det \u00e4r d\u00e4rf\u00f6r det \u00e4r avg\u00f6rande att inte anv\u00e4nda h\u00e5rddisken efter f\u00f6rlusten har intr\u00e4ffat; varje \u00e5tg\u00e4rd p\u00e5 enheten kan potentiellt skriva \u00f6ver de data du f\u00f6rs\u00f6ker spara.<\/p>\n<p>Filtypssystem spelar ocks\u00e5 en avg\u00f6rande roll i data\u00e5terst\u00e4llning. Filsystem som FAT, exFAT eller NTFS hanterar data olika, vilket kan p\u00e5verka \u00e5terst\u00e4llningsutfallen. Att f\u00f6rst\u00e5 detta kan v\u00e4gleda dig i att v\u00e4lja r\u00e4tt verktyg och \u00e5terst\u00e4llningsmetod.<\/p>\n<p>N\u00e4r det g\u00e4ller enheter som har formaterats \u00e4r alternativet <b>Snabbformatering<\/b> endast radering av filtabellen, men en <b>Fullst\u00e4ndig formatering<\/b> (tillg\u00e4nglig p\u00e5 Windows) kan skriva \u00f6ver alla data, vilket g\u00f6r \u00e5terst\u00e4llning mycket sv\u00e5rare. Det \u00e4r viktigt att k\u00e4nna till skillnaden och agera d\u00e4refter n\u00e4r du f\u00f6rs\u00f6ker \u00e5terst\u00e4lla filer.<\/p>\n<p>N\u00e4r du anv\u00e4nder verktyg som Disk Drill eller Recuva, kom ih\u00e5g att de ofta erbjuder olika skanningsl\u00e4gen. En Snabb skanning kan r\u00e4cka f\u00f6r nyligen raderade filer men f\u00f6r en torkad enhet \u00e4r det att f\u00f6redra att anv\u00e4nda Deep Scan eller liknande omfattande l\u00e4gen.<\/p>\n<p>F\u00f6r anv\u00e4ndare som k\u00e4nner sig obekv\u00e4ma med att anv\u00e4nda programbaserade \u00e5terst\u00e4llningsverktyg kan det vara mer l\u00e4mpligt att r\u00e5dfr\u00e5ga en professionell tj\u00e4nst. Dessa tj\u00e4nster anv\u00e4nder specialutrustning och kontrollerade milj\u00f6er f\u00f6r att maximera chanserna f\u00f6r data\u00e5terst\u00e4llning. F\u00f6retag som <a href='https:\/\/www.drivesaversdatarecovery.com\/' rel=\"nofollow noopener\" target='_blank'>DriveSavers<\/a> och <a href='https:\/\/www.securedatarecovery.com\/' rel=\"nofollow noopener\" target='_blank'>Secure Data Recovery<\/a> \u00e4r k\u00e4nda f\u00f6r sin expertis och s\u00e4kerhets\u00e5tg\u00e4rder vid hantering av k\u00e4nsliga data.<\/p>\n<\/section>\n<section>\n<h2>Slutsats:<\/h2>\n<div class=\"nonp\">Att uppleva datatapp fr\u00e5n en formaterad h\u00e5rddisk \u00e4r en p\u00e5frestande upplevelse, men med r\u00e4tt verktyg och metoder \u00e4r det m\u00f6jligt att \u00e5terst\u00e4lla dessa f\u00f6rlorade byte. Fr\u00e5n kraftfulla programvarualternativ som <b>Disk Drill<\/b> och <b>Recuva<\/b> till mer avancerade l\u00f6sningar som att anlita professionella datar\u00e4ddningstj\u00e4nster, finns det ofta ett s\u00e4tt att f\u00e5 tillbaka dina filer. Kom ih\u00e5g att ju snabbare du agerar och ju mindre du anv\u00e4nder disken efter raderingen, desto b\u00e4ttre \u00e4r dina chanser till en framg\u00e5ngsrik \u00e5terst\u00e4llning. Uppr\u00e4tth\u00e5ll alltid regelbundna s\u00e4kerhetskopieringar, var f\u00f6rsiktig vid hantering av enheter, och h\u00e5ll dig uppdaterad f\u00f6r att f\u00f6rebygga framtida datatapp. Med dessa rutiner och resurser \u00e4r du v\u00e4l f\u00f6rberedd f\u00f6r att m\u00f6ta vilken datar\u00e4ddningsutmaning som helst.<\/div>\n<\/section>\n","protected":false},"excerpt":{"rendered":"<p>Hur man \u00e5terst\u00e4ller raderade filer fr\u00e5n en formaterad h\u00e5rddisk Att f\u00f6rlora viktiga filer kan vara en enorm stressk\u00e4lla, men det \u00e4r inte alltid slutet p\u00e5 historien. \u00c4ven om du har formaterat din h\u00e5rddisk finns det fortfarande hopp om att \u00e5terst\u00e4lla dessa v\u00e4rdefulla filer. Jag har sj\u00e4lv st\u00e5tt inf\u00f6r detta skr\u00e4mmande dilemma och funnit s\u00e4tt att [&hellip;]<\/p>\n","protected":false},"author":0,"featured_media":45315,"parent":0,"menu_order":0,"comment_status":"closed","ping_status":"closed","template":"chromecast.php","meta":{"_stopmodifiedupdate":false,"_modified_date":"","_lmt_disableupdate":"","_lmt_disable":""},"acf":[],"yoast_head":"<!-- This site is optimized with the Yoast SEO plugin v20.9 - https:\/\/yoast.com\/wordpress\/plugins\/seo\/ -->\n<title>Hur man \u00e5terst\u00e4ller raderade filer fr\u00e5n en formaterad h\u00e5rddisk: B\u00e4sta praxis<\/title>\n<meta name=\"robots\" content=\"index, follow, max-snippet:-1, max-image-preview:large, max-video-preview:-1\" \/>\n<link rel=\"canonical\" href=\"https:\/\/datarecovery.ping.fm\/sv\/wiped-hard-drive-recovery\/\" \/>\n<meta property=\"og:locale\" content=\"sv_SE\" \/>\n<meta property=\"og:type\" content=\"article\" \/>\n<meta property=\"og:title\" content=\"Hur man \u00e5terst\u00e4ller raderade filer fr\u00e5n en formaterad h\u00e5rddisk: B\u00e4sta praxis\" \/>\n<meta property=\"og:description\" content=\"Hur man \u00e5terst\u00e4ller raderade filer fr\u00e5n en formaterad h\u00e5rddisk Att f\u00f6rlora viktiga filer kan vara en enorm stressk\u00e4lla, men det \u00e4r inte alltid slutet p\u00e5 historien. \u00c4ven om du har formaterat din h\u00e5rddisk finns det fortfarande hopp om att \u00e5terst\u00e4lla dessa v\u00e4rdefulla filer. Jag har sj\u00e4lv st\u00e5tt inf\u00f6r detta skr\u00e4mmande dilemma och funnit s\u00e4tt att [&hellip;]\" \/>\n<meta property=\"og:url\" content=\"https:\/\/datarecovery.ping.fm\/sv\/wiped-hard-drive-recovery\/\" \/>\n<meta property=\"og:site_name\" content=\"\u00c5terst\u00e4llningsprogram f\u00f6r Data\" \/>\n<meta property=\"article:modified_time\" content=\"2024-02-19T08:20:42+00:00\" \/>\n<meta property=\"og:image\" content=\"https:\/\/datarecovery.ping.fm\/wp-content\/uploads\/2024\/04\/How-to-Recover-Deleted-Files-from-Wiped-Hard-Drive-Swedish.jpg\" \/>\n\t<meta property=\"og:image:width\" content=\"1280\" \/>\n\t<meta property=\"og:image:height\" content=\"731\" \/>\n\t<meta property=\"og:image:type\" content=\"image\/jpeg\" \/>\n<meta name=\"twitter:card\" content=\"summary_large_image\" \/>\n<meta name=\"twitter:label1\" content=\"Est. reading time\" \/>\n\t<meta name=\"twitter:data1\" content=\"7 minuter\" \/>\n<script type=\"application\/ld+json\" class=\"yoast-schema-graph\">{\"@context\":\"https:\/\/schema.org\",\"@graph\":[{\"@type\":\"WebPage\",\"@id\":\"https:\/\/datarecovery.ping.fm\/sv\/wiped-hard-drive-recovery\/\",\"url\":\"https:\/\/datarecovery.ping.fm\/sv\/wiped-hard-drive-recovery\/\",\"name\":\"Hur man \u00e5terst\u00e4ller raderade filer fr\u00e5n en formaterad h\u00e5rddisk: B\u00e4sta praxis\",\"isPartOf\":{\"@id\":\"https:\/\/datarecovery.ping.fm\/sv\/#website\"},\"datePublished\":\"2023-12-25T15:46:11+00:00\",\"dateModified\":\"2024-02-19T08:20:42+00:00\",\"breadcrumb\":{\"@id\":\"https:\/\/datarecovery.ping.fm\/sv\/wiped-hard-drive-recovery\/#breadcrumb\"},\"inLanguage\":\"sv-SE\",\"potentialAction\":[{\"@type\":\"ReadAction\",\"target\":[\"https:\/\/datarecovery.ping.fm\/sv\/wiped-hard-drive-recovery\/\"]}]},{\"@type\":\"BreadcrumbList\",\"@id\":\"https:\/\/datarecovery.ping.fm\/sv\/wiped-hard-drive-recovery\/#breadcrumb\",\"itemListElement\":[{\"@type\":\"ListItem\",\"position\":1,\"name\":\"Home\",\"item\":\"https:\/\/datarecovery.ping.fm\/sv\/\"},{\"@type\":\"ListItem\",\"position\":2,\"name\":\"De metoder som kan anv\u00e4ndas f\u00f6r att \u00e5terst\u00e4lla raderade filer fr\u00e5n en h\u00e5rddisk efter att de har tagits bort \u00e4r f\u00f6ljande\"}]},{\"@type\":\"WebSite\",\"@id\":\"https:\/\/datarecovery.ping.fm\/sv\/#website\",\"url\":\"https:\/\/datarecovery.ping.fm\/sv\/\",\"name\":\"\u00c5terst\u00e4llningsprogram f\u00f6r Data\",\"description\":\"\",\"potentialAction\":[{\"@type\":\"SearchAction\",\"target\":{\"@type\":\"EntryPoint\",\"urlTemplate\":\"https:\/\/datarecovery.ping.fm\/sv\/?s={search_term_string}\"},\"query-input\":\"required name=search_term_string\"}],\"inLanguage\":\"sv-SE\"}]}<\/script>\n<!-- \/ Yoast SEO plugin. -->","yoast_head_json":{"title":"Hur man \u00e5terst\u00e4ller raderade filer fr\u00e5n en formaterad h\u00e5rddisk: B\u00e4sta praxis","robots":{"index":"index","follow":"follow","max-snippet":"max-snippet:-1","max-image-preview":"max-image-preview:large","max-video-preview":"max-video-preview:-1"},"canonical":"https:\/\/datarecovery.ping.fm\/sv\/wiped-hard-drive-recovery\/","og_locale":"sv_SE","og_type":"article","og_title":"Hur man \u00e5terst\u00e4ller raderade filer fr\u00e5n en formaterad h\u00e5rddisk: B\u00e4sta praxis","og_description":"Hur man \u00e5terst\u00e4ller raderade filer fr\u00e5n en formaterad h\u00e5rddisk Att f\u00f6rlora viktiga filer kan vara en enorm stressk\u00e4lla, men det \u00e4r inte alltid slutet p\u00e5 historien. \u00c4ven om du har formaterat din h\u00e5rddisk finns det fortfarande hopp om att \u00e5terst\u00e4lla dessa v\u00e4rdefulla filer. Jag har sj\u00e4lv st\u00e5tt inf\u00f6r detta skr\u00e4mmande dilemma och funnit s\u00e4tt att [&hellip;]","og_url":"https:\/\/datarecovery.ping.fm\/sv\/wiped-hard-drive-recovery\/","og_site_name":"\u00c5terst\u00e4llningsprogram f\u00f6r Data","article_modified_time":"2024-02-19T08:20:42+00:00","og_image":[{"width":1280,"height":731,"url":"https:\/\/datarecovery.ping.fm\/wp-content\/uploads\/2024\/04\/How-to-Recover-Deleted-Files-from-Wiped-Hard-Drive-Swedish.jpg","type":"image\/jpeg"}],"twitter_card":"summary_large_image","twitter_misc":{"Est. reading time":"7 minuter"},"schema":{"@context":"https:\/\/schema.org","@graph":[{"@type":"WebPage","@id":"https:\/\/datarecovery.ping.fm\/sv\/wiped-hard-drive-recovery\/","url":"https:\/\/datarecovery.ping.fm\/sv\/wiped-hard-drive-recovery\/","name":"Hur man \u00e5terst\u00e4ller raderade filer fr\u00e5n en formaterad h\u00e5rddisk: B\u00e4sta praxis","isPartOf":{"@id":"https:\/\/datarecovery.ping.fm\/sv\/#website"},"datePublished":"2023-12-25T15:46:11+00:00","dateModified":"2024-02-19T08:20:42+00:00","breadcrumb":{"@id":"https:\/\/datarecovery.ping.fm\/sv\/wiped-hard-drive-recovery\/#breadcrumb"},"inLanguage":"sv-SE","potentialAction":[{"@type":"ReadAction","target":["https:\/\/datarecovery.ping.fm\/sv\/wiped-hard-drive-recovery\/"]}]},{"@type":"BreadcrumbList","@id":"https:\/\/datarecovery.ping.fm\/sv\/wiped-hard-drive-recovery\/#breadcrumb","itemListElement":[{"@type":"ListItem","position":1,"name":"Home","item":"https:\/\/datarecovery.ping.fm\/sv\/"},{"@type":"ListItem","position":2,"name":"De metoder som kan anv\u00e4ndas f\u00f6r att \u00e5terst\u00e4lla raderade filer fr\u00e5n en h\u00e5rddisk efter att de har tagits bort \u00e4r f\u00f6ljande"}]},{"@type":"WebSite","@id":"https:\/\/datarecovery.ping.fm\/sv\/#website","url":"https:\/\/datarecovery.ping.fm\/sv\/","name":"\u00c5terst\u00e4llningsprogram f\u00f6r Data","description":"","potentialAction":[{"@type":"SearchAction","target":{"@type":"EntryPoint","urlTemplate":"https:\/\/datarecovery.ping.fm\/sv\/?s={search_term_string}"},"query-input":"required name=search_term_string"}],"inLanguage":"sv-SE"}]}},"_links":{"self":[{"href":"https:\/\/datarecovery.ping.fm\/sv\/wp-json\/wp\/v2\/pages\/14032"}],"collection":[{"href":"https:\/\/datarecovery.ping.fm\/sv\/wp-json\/wp\/v2\/pages"}],"about":[{"href":"https:\/\/datarecovery.ping.fm\/sv\/wp-json\/wp\/v2\/types\/page"}],"replies":[{"embeddable":true,"href":"https:\/\/datarecovery.ping.fm\/sv\/wp-json\/wp\/v2\/comments?post=14032"}],"version-history":[{"count":1,"href":"https:\/\/datarecovery.ping.fm\/sv\/wp-json\/wp\/v2\/pages\/14032\/revisions"}],"predecessor-version":[{"id":30853,"href":"https:\/\/datarecovery.ping.fm\/sv\/wp-json\/wp\/v2\/pages\/14032\/revisions\/30853"}],"wp:featuredmedia":[{"embeddable":true,"href":"https:\/\/datarecovery.ping.fm\/sv\/wp-json\/wp\/v2\/media\/45315"}],"wp:attachment":[{"href":"https:\/\/datarecovery.ping.fm\/sv\/wp-json\/wp\/v2\/media?parent=14032"}],"curies":[{"name":"wp","href":"https:\/\/api.w.org\/{rel}","templated":true}]}}