{"id":13899,"date":"2024-01-05T10:57:58","date_gmt":"2024-01-05T10:57:58","guid":{"rendered":"https:\/\/www.ping.fm\/data-recovery-software\/recover-deleted-video-from-sd-card\/"},"modified":"2024-02-19T08:20:41","modified_gmt":"2024-02-19T08:20:41","slug":"recover-deleted-video-from-sd-card","status":"publish","type":"page","link":"https:\/\/datarecovery.ping.fm\/sv\/recover-deleted-video-from-sd-card\/","title":{"rendered":"Hur man \u00e5terst\u00e4ller raderade videor fr\u00e5n ett SD-kort 2024"},"content":{"rendered":"<section>\n<h1>Hur man \u00e5terst\u00e4ller raderade videor fr\u00e5n ett SD-kort 2024<\/h1>\n<div class=\"inbrief\">\n<div>             <img decoding=\"async\" class=\"lazyload\"  srcset=\"data:image\/png;base64,iVBORw0KGgoAAAANSUhEUgAABLAAAAKkAQMAAAAqeFQ7AAAAA3NCSVQICAjb4U\/gAAAABlBMVEX\/\/\/\/\/\/\/9VfPVsAAAAAnRSTlMA\/1uRIrUAAAAJcEhZcwAACxIAAAsSAdLdfvwAAAAcdEVYdFNvZnR3YXJlAEFkb2JlIEZpcmV3b3JrcyBDUzbovLKMAAAAFnRFWHRDcmVhdGlvbiBUaW1lADAxLzI5LzE536V52wAAAHpJREFUeJztwQENAAAAwqD3T20ON6AAAAAAAAAAAAAAAAAAAAAAAAAAAAAAAAAAAAAAAAAAAAAAAAAAAAAAAAAAAAAAAAAAAAAAAAAAAAAAAAAAAAAAAAAAAAAAAAAAAAAAAAAAAAAAAAAAAAAAAAAAAAAAAAAAAIAHA47LAAHp9LjEAAAAAElFTkSuQmCC\" src=\"https:\/\/www.ping.fm\/data-recovery-software\/wp-content\/uploads\/ai\/How-to-Recover-Deleted-Videos-from-an-SD-Card-in-2024-Swedish.jpg\" data-srcset=\"https:\/\/www.ping.fm\/data-recovery-software\/wp-content\/uploads\/ai\/How-to-Recover-Deleted-Videos-from-an-SD-Card-in-2024-Swedish.jpg\" data-lazy-type=\"image\" data-original=\"https:\/\/www.ping.fm\/data-recovery-software\/wp-content\/uploads\/ai\/How-to-Recover-Deleted-Videos-from-an-SD-Card-in-2024-Swedish.jpg\" alt=\"Hur man \u00e5terst\u00e4ller raderade videor fr\u00e5n ett SD-kort 2024\" title=\"Hur man \u00e5terst\u00e4ller raderade videor fr\u00e5n ett SD-kort 2024\" width=\"1280\" height=\"720\">             <\/p>\n<p>Har du n\u00e5gonsin varit med om det hj\u00e4rtsk\u00e4rande \u00f6gonblicket n\u00e4r dina viktiga videor f\u00f6rsvinner fr\u00e5n ditt SD-kort? Jag k\u00e4nner till paniken som f\u00f6ljer, eftersom jag har hamnat i den d\u00e4r fruktade situationen fler g\u00e5nger \u00e4n jag \u00f6nskar erk\u00e4nna. Efter n\u00e5gra f\u00f6rs\u00f6k och misstag har jag l\u00e4rt mig n\u00e5gra knep f\u00f6r att \u00e5terst\u00e4lla de d\u00e4r v\u00e4rdefulla digitala minnena. I den h\u00e4r artikeln kommer jag att guida dig genom effektiva metoder f\u00f6r <b>videofilm\u00e5terst\u00e4llning fr\u00e5n SD-kort<\/b>, baserat p\u00e5 personlig erfarenhet med s\u00e4rskilt fokus p\u00e5 ett <a href=\"https:\/\/7datarecovery.com\/blog\/recover-formatted-sd-card\/\" rel=\"dofollow external noopener noreferrer\" target=\"_blank\" data-wpel-link=\"external\">formaterat SD-kort<\/a>. Eftersom dataf\u00f6rlust kan h\u00e4nda vem som helst n\u00e4r som helst, \u00e4r det viktigt att k\u00e4nna till \u00e5terst\u00e4llningsstegen f\u00f6r att f\u00f6rbereda sig och f\u00f6rebygga en potentiell katastrof.<\/p>\n<\/div>\n<\/div>\n<\/section>\n<section>\n<div>\n<div>1<\/div>\n<h2>Vanliga scenarion:<\/h2>\n<\/div>\n<h3>Oavsiktlig borttagning &#128465;<\/h3>\n<ul>\n<li>\u00c4ven om jag f\u00f6rs\u00f6ker vara f\u00f6rsiktig, har jag ibland av misstag raderat videor fr\u00e5n mitt <b>SD-kort<\/b> n\u00e4r jag f\u00f6rs\u00f6kt skapa utrymme eller organisera filer.<\/li>\n<\/ul>\n<h3>Formateringsfel &#128165;<\/h3>\n<ul>\n<li>Det har h\u00e4nt att jag var tvungen att formatera mitt SD-kort p\u00e5 grund av fel, vilket ledde till att alla sparade videor f\u00f6rlorades, inklusive n\u00e5gra som jag \u00e4nnu inte hade s\u00e4kerhetskopierat.<\/li>\n<\/ul>\n<h3>Fysisk skada &#9748;<\/h3>\n<ul>\n<li>Ibland har jag blivit f\u00e5ngad i en skur och mitt SD-kort har f\u00e5tt <b>vattenskador<\/b> som f\u00f6ljd, vilket har \u00e4ventyrat synligheten f\u00f6r de videor som lagrades inuti.<\/li>\n<\/ul>\n<\/section>\n<section class=\"stepByStep\">\n<div>\n<div>2<\/div>\n<h2>Steg-f\u00f6r-steg-guide. \u00c5terst\u00e4ll raderade videofilmer fr\u00e5n SD-kort:<\/h2>\n<\/div>\n<h3>Metod 1: Anv\u00e4nda \u00e5terst\u00e4llningsprogram &#128421;<\/h3>\n<ul>\n<li><b>Ladda ner och installera<\/b> en p\u00e5litlig <b>data\u00e5terst\u00e4llningsprogramvara<\/b>.<\/li>\n<li>Starta programvaran och <b>v\u00e4lj SD-kortet<\/b> som m\u00e5l f\u00f6r \u00e5terst\u00e4llningen.<\/li>\n<li>V\u00e4lj filtypen &#8217;Video&#8217; f\u00f6r en mer riktad skanning och starta <b>skanningsprocessen<\/b>.<\/li>\n<li>Granska de <b>funna videorna<\/b> och v\u00e4lj de du vill \u00e5terst\u00e4lla.<\/li>\n<li>V\u00e4lj en <b>s\u00e4ker plats<\/b> p\u00e5 din dator f\u00f6r att <b>spara de \u00e5terst\u00e4llda videorna<\/b>.<\/li>\n<\/ul>\n<p><b>Obs:<\/b> Spara de \u00e5terst\u00e4llda filerna p\u00e5 en annan enhet f\u00f6r att undvika att skriva \u00f6ver eventuellt \u00e5terst\u00e4llbara data.<\/p>\n<p><b>Slutsats:<\/b> Med hj\u00e4lp av \u00e5terst\u00e4llningsprogramvara kunde jag \u00e5terskapa de flesta av de f\u00f6rlorade videorna fr\u00e5n mitt formaterade SD-kort.<\/p>\n<h3>Metod 2: Kolla papperskorgen &#128465;<\/h3>\n<ul>\n<li>\u00d6ppna <b>Papperskorgen<\/b> eller <b>\u00c5tervinningskorgen<\/b> p\u00e5 din dator.<\/li>\n<li>S\u00f6k efter eventuellt <b>nyligen raderade videofiler<\/b> som kan ha varit lagrade p\u00e5 SD-kortet.<\/li>\n<li>V\u00e4lj de \u00f6nskade videorna och <b>\u00e5terskapa dem<\/b> till den ursprungliga platsen.<\/li>\n<\/ul>\n<p><b>Obs:<\/b> Denna metod fungerar endast om SD-kortet var anslutet till en dator och filerna raderades med hj\u00e4lp av datorns operativsystem.<\/p>\n<p><b>Slutsats:<\/b> Lyckligtvis hittade jag ibland n\u00e5gra videor h\u00e4r som jag hade raderat i br\u00e5ttom.<\/p>\n<h3>Metod 3: Anv\u00e4nda Kommandotolken &#128187;<\/h3>\n<ul>\n<li>Infoga SD-kortet i datorns kortl\u00e4sare.<\/li>\n<li>\u00d6ppna <b>Kommandotolken<\/b> som administrat\u00f6r.<\/li>\n<li>Skriv <i>chkdsk [bokstav f\u00f6r enheten]: \/f<\/i> och tryck Enter.<\/li>\n<li>V\u00e4nta medan processen letar efter och fixar eventuella potentiella <b>filsystemsfel<\/b>.<\/li>\n<\/ul>\n<p><b>Obs:<\/b> Byt ut [bokstav f\u00f6r enheten] mot den faktiska bokstaven som tilldelats ditt SD-kort.<\/p>\n<p><b>Slutsats:<\/b> Detta har ibland hj\u00e4lpt till att g\u00f6ra synbart f\u00f6rlorade videor synliga igen.<\/p>\n<h3>Metod 4: Professionella data\u00e5terst\u00e4llningstj\u00e4nster &#128736;<\/h3>\n<ul>\n<li>Identifiera en <b>respekterad data\u00e5terst\u00e4llningstj\u00e4nst<\/b> n\u00e4ra dig eller online.<\/li>\n<li>Skicka eller ta med ditt SD-kort f\u00f6r en <b>diagnostik<\/b> f\u00f6r att se om \u00e5terst\u00e4llning \u00e4r m\u00f6jlig.<\/li>\n<li>Om det \u00e4r genomf\u00f6rbart, forts\u00e4tt med <b>\u00e5terst\u00e4llningstj\u00e4nsten<\/b> medan du hoppas p\u00e5 det b\u00e4sta.<\/li>\n<\/ul>\n<p><b>Obs:<\/b> Detta alternativ kan vara kostsamt och b\u00f6r \u00f6verv\u00e4gas om videofilmerna \u00e4r av stor vikt och andra metoder misslyckas.<\/p>\n<p><b>Slutsats:<\/b> Professionella tj\u00e4nster har r\u00e4ddat n\u00e5gra av mina mest v\u00e4rdefulla videor n\u00e4r allt annat misslyckats.<\/p>\n<h3>Metod 5: Kontrollera dolda filer &#128373;<\/h3>\n<ul>\n<li>Anslut ditt SD-kort till din dator.<\/li>\n<li>Navigera till SD-kortets katalog och <b>v\u00e4lj &#8217;Visa&#8217;<\/b> fr\u00e5n menylistan.<\/li>\n<li>Markera alternativet f\u00f6r att <b>&#8217;Visa dolda filer, mappar och enheter&#8217;<\/b>.<\/li>\n<li>Leta efter filer som kan ha blivit dolda p\u00e5 grund av ett fel eller virus.<\/li>\n<\/ul>\n<p><b>Obs:<\/b> Ibland blir videofiler dolda av olika sk\u00e4l, och genom att s\u00f6ka efter dolda filer kan du hitta dem.<\/p>\n<p><b>Slutsats:<\/b> En enkel metod som ibland fick tillbaka videor jag trodde jag hade f\u00f6rlorat p\u00e5 grund av ett virus.<\/p>\n<\/section>\n<section>\n<div>\n<div>3<\/div>\n<h2>Youtube-video att titta p\u00e5<\/h2>\n<\/div>\n<div class=\"iframe\"><span class=\"lazyload\" data-original_content=\"PGlmcmFtZSB3aWR0aD0iNDIwIiBoZWlnaHQ9IjMxNSIgc3JjPSIvL3d3dy55b3V0dWJlLmNvbS9lbWJlZC9TTXN3Si1LcnlCTSIgZnJhbWVib3JkZXI9IjAiIGFsbG93ZnVsbHNjcmVlbj48L2lmcmFtZT4=\"><\/span><\/div>\n<\/section>\n<section>\n<div>\n<div>4<\/div>\n<h2>F\u00f6rsiktighets\u00e5tg\u00e4rder och tips:<\/h2>\n<\/div>\n<h3>Varsam hantering &#129330;<\/h3>\n<ul>\n<li>Undvik att uts\u00e4tta SD-kortet f\u00f6r <b>magnetiska f\u00e4lt<\/b>, v\u00e4rme eller vatten f\u00f6r att bevara dess integritet.<\/li>\n<li>Ta alltid ut SD-kortet s\u00e4kert fr\u00e5n enheter f\u00f6r att f\u00f6rhindra korruption.<\/li>\n<li>F\u00f6rvara ditt SD-kort i ett skyddande fodral n\u00e4r det inte anv\u00e4nds f\u00f6r att <b>undvika fysisk skada<\/b>.<\/li>\n<\/ul>\n<h3>Regelbundna s\u00e4kerhetskopior &#128190;<\/h3>\n<ul>\n<li>Skapa en rutin f\u00f6r att s\u00e4kerhetskopiera dina videor till <b>flera lagringsenheter<\/b> eller molntj\u00e4nster.<\/li>\n<li>\u00d6verv\u00e4g <b>automatiserade s\u00e4kerhetskopieringsl\u00f6sningar<\/b> f\u00f6r att f\u00f6rs\u00e4kra att du inte gl\u00f6mmer.<\/li>\n<li>Kontrollera h\u00e4lsan p\u00e5 dina s\u00e4kerhetskopior med j\u00e4mna mellanrum f\u00f6r att f\u00f6rs\u00e4kra att de inte \u00e4r korrupta.<\/li>\n<\/ul>\n<\/section>\n<section>\n<div>\n<div>5<\/div>\n<h2>Skydda minnen<\/h2>\n<\/div>\n<p>Man kan aldrig vara f\u00f6r f\u00f6rsiktig n\u00e4r det kommer till att bevara digitala minnen. Det \u00e4r avg\u00f6rande att utbilda sig sj\u00e4lv om underh\u00e5ll av SD-kort f\u00f6r att f\u00f6rhindra f\u00f6rlust av videor. Regelbunden <b>formatering<\/b> av ett SD-kort i kameran, och inte p\u00e5 datorn, kan hj\u00e4lpa till att uppr\u00e4tth\u00e5lla dess optimala skick, eftersom kameror har ett specifikt s\u00e4tt att f\u00f6rbereda filsystemet f\u00f6r lagring.<\/p>\n<p>Att vara medveten om vanliga fel s\u00e5som &#8217;skrivskyddat&#8217; fel \u00e4r ocks\u00e5 viktigt. Om du st\u00f6ter p\u00e5 detta, kontrollera l\u00e5svredet p\u00e5 sidan av ditt SD-kort. Om det av misstag har glidit ner till l\u00e5spositionen, kommer din kamera eller dator inte att skriva data till det, vilket kan f\u00f6rhindra sparande av videor. L\u00f6sa problemet genom att skjuta omkopplaren tillbaka till uppl\u00e5sningspositionen.<\/p>\n<p>Likas\u00e5 kan uppm\u00e4rksamhet p\u00e5 <b>felmeddelanden<\/b> fr\u00e5n din kamera eller kortl\u00e4sare p\u00e5 din dator hj\u00e4lpa dig att f\u00f6rebygga potentiell dataf\u00f6rlust. Meddelanden som &#8217;Kortfel&#8217; eller &#8217;Detta kort kan inte l\u00e4sas&#8217; b\u00f6r tas p\u00e5 allvar. Sluta anv\u00e4nda kortet omedelbart f\u00f6r att undvika ytterligare skada och \u00f6verv\u00e4g att k\u00f6ra ett \u00e5terst\u00e4llningsverktyg f\u00f6r att r\u00e4dda filer som redan kan vara i riskzonen.<\/p>\n<p>Dessutom kan det vara till hj\u00e4lp att h\u00e5lla sig uppdaterad med tekniska framsteg. Nya tekniker som h\u00f6gh\u00e5llfasta SD-kort \u00e4r speciellt utformade f\u00f6r intensivt bruk, som f\u00f6r omfattande videoinspelning eller anv\u00e4ndning i bilkameror. Dessa kort \u00e4r byggda f\u00f6r att motst\u00e5 de mer intensiva skriv- och raderingscyklerna som videoinspelning kr\u00e4ver.<\/p>\n<p>Till sist kan det vara en god investering att k\u00f6pa ett SD-kort av god kvalitet fr\u00e5n v\u00e4lrenommerade m\u00e4rken som SanDisk eller Lexar, och det kan vara skillnaden mellan ett kort som varar i n\u00e5gra m\u00e5nader och ett som varar i \u00e5ratal. Billigare, icke-m\u00e4rkeskort \u00e4r ofta mer ben\u00e4gna att misslyckas och kanske inte erbjuder samma niv\u00e5 av support eller garantitj\u00e4nster, vilket potentiellt kan kosta dig dina videor och andra data.<\/p>\n<\/section>\n<section>\n<h2>Slutsats:<\/h2>\n<div class=\"nonp\">\n<p>I den digitala \u00e5ldern f\u00e5ngar v\u00e5ra videor mer \u00e4n bara stunder; de \u00e4r digitala avsnitt av v\u00e5ra liv som vi v\u00e4rdes\u00e4tter. \u00c4ven om ingen l\u00f6sning garanterar 100 % \u00e5terh\u00e4mtning, kan en blandning av f\u00f6rsiktig hantering, regelbundna s\u00e4kerhetskopior, \u00e5terst\u00e4llningsprogram och professionella tj\u00e4nster s\u00e4kerst\u00e4lla att de flesta videor kan \u00e5terst\u00e4llas fr\u00e5n SD-kort n\u00e4r olyckan \u00e4r framme. Att komma ih\u00e5g att underh\u00e5lla ditt SD-kort och uppm\u00e4rksamma varningssignaler kan f\u00f6rhindra att \u00e5terst\u00e4llning \u00f6ver huvud taget blir n\u00f6dv\u00e4ndig. Ordspr\u00e5ket &#8217;f\u00f6rebyggande \u00e4r b\u00e4ttre \u00e4n bot&#8217; klingar s\u00e4rskilt sant inom omr\u00e5det f\u00f6r digital lagring och \u00e5terh\u00e4mtning.<\/p>\n<\/div>\n<\/section>\n","protected":false},"excerpt":{"rendered":"<p>Hur man \u00e5terst\u00e4ller raderade videor fr\u00e5n ett SD-kort 2024 Har du n\u00e5gonsin varit med om det hj\u00e4rtsk\u00e4rande \u00f6gonblicket n\u00e4r dina viktiga videor f\u00f6rsvinner fr\u00e5n ditt SD-kort? Jag k\u00e4nner till paniken som f\u00f6ljer, eftersom jag har hamnat i den d\u00e4r fruktade situationen fler g\u00e5nger \u00e4n jag \u00f6nskar erk\u00e4nna. Efter n\u00e5gra f\u00f6rs\u00f6k och misstag har jag l\u00e4rt [&hellip;]<\/p>\n","protected":false},"author":2,"featured_media":30842,"parent":0,"menu_order":0,"comment_status":"closed","ping_status":"closed","template":"chromecast.php","meta":{"_stopmodifiedupdate":false,"_modified_date":"","_lmt_disableupdate":"yes","_lmt_disable":""},"acf":[],"yoast_head":"<!-- This site is optimized with the Yoast SEO plugin v20.9 - https:\/\/yoast.com\/wordpress\/plugins\/seo\/ -->\n<title>\u00c5terst\u00e4ll raderade videor fr\u00e5n SD-kortet 2024<\/title>\n<meta name=\"robots\" content=\"index, follow, max-snippet:-1, max-image-preview:large, max-video-preview:-1\" \/>\n<link rel=\"canonical\" href=\"https:\/\/datarecovery.ping.fm\/sv\/recover-deleted-video-from-sd-card\/\" \/>\n<meta property=\"og:locale\" content=\"sv_SE\" \/>\n<meta property=\"og:type\" content=\"article\" \/>\n<meta property=\"og:title\" content=\"\u00c5terst\u00e4ll raderade videor fr\u00e5n SD-kortet 2024\" \/>\n<meta property=\"og:description\" content=\"Hur man \u00e5terst\u00e4ller raderade videor fr\u00e5n ett SD-kort 2024 Har du n\u00e5gonsin varit med om det hj\u00e4rtsk\u00e4rande \u00f6gonblicket n\u00e4r dina viktiga videor f\u00f6rsvinner fr\u00e5n ditt SD-kort? Jag k\u00e4nner till paniken som f\u00f6ljer, eftersom jag har hamnat i den d\u00e4r fruktade situationen fler g\u00e5nger \u00e4n jag \u00f6nskar erk\u00e4nna. Efter n\u00e5gra f\u00f6rs\u00f6k och misstag har jag l\u00e4rt [&hellip;]\" \/>\n<meta property=\"og:url\" content=\"https:\/\/datarecovery.ping.fm\/sv\/recover-deleted-video-from-sd-card\/\" \/>\n<meta property=\"og:site_name\" content=\"\u00c5terst\u00e4llningsprogram f\u00f6r Data\" \/>\n<meta property=\"article:modified_time\" content=\"2024-02-19T08:20:41+00:00\" \/>\n<meta property=\"og:image\" content=\"https:\/\/datarecovery.ping.fm\/wp-content\/uploads\/2024\/03\/How-to-Recover-Deleted-Videos-from-an-SD-Card-in-2024-Swedish.jpg\" \/>\n\t<meta property=\"og:image:width\" content=\"1280\" \/>\n\t<meta property=\"og:image:height\" content=\"731\" \/>\n\t<meta property=\"og:image:type\" content=\"image\/jpeg\" \/>\n<meta name=\"twitter:card\" content=\"summary_large_image\" \/>\n<meta name=\"twitter:label1\" content=\"Est. reading time\" \/>\n\t<meta name=\"twitter:data1\" content=\"6 minuter\" \/>\n<script type=\"application\/ld+json\" class=\"yoast-schema-graph\">{\"@context\":\"https:\/\/schema.org\",\"@graph\":[{\"@type\":\"WebPage\",\"@id\":\"https:\/\/datarecovery.ping.fm\/sv\/recover-deleted-video-from-sd-card\/\",\"url\":\"https:\/\/datarecovery.ping.fm\/sv\/recover-deleted-video-from-sd-card\/\",\"name\":\"\u00c5terst\u00e4ll raderade videor fr\u00e5n SD-kortet 2024\",\"isPartOf\":{\"@id\":\"https:\/\/datarecovery.ping.fm\/sv\/#website\"},\"datePublished\":\"2024-01-05T10:57:58+00:00\",\"dateModified\":\"2024-02-19T08:20:41+00:00\",\"breadcrumb\":{\"@id\":\"https:\/\/datarecovery.ping.fm\/sv\/recover-deleted-video-from-sd-card\/#breadcrumb\"},\"inLanguage\":\"sv-SE\",\"potentialAction\":[{\"@type\":\"ReadAction\",\"target\":[\"https:\/\/datarecovery.ping.fm\/sv\/recover-deleted-video-from-sd-card\/\"]}]},{\"@type\":\"BreadcrumbList\",\"@id\":\"https:\/\/datarecovery.ping.fm\/sv\/recover-deleted-video-from-sd-card\/#breadcrumb\",\"itemListElement\":[{\"@type\":\"ListItem\",\"position\":1,\"name\":\"Home\",\"item\":\"https:\/\/datarecovery.ping.fm\/sv\/\"},{\"@type\":\"ListItem\",\"position\":2,\"name\":\"Hur man \u00e5terst\u00e4ller raderade videor fr\u00e5n ett SD-kort 2024\"}]},{\"@type\":\"WebSite\",\"@id\":\"https:\/\/datarecovery.ping.fm\/sv\/#website\",\"url\":\"https:\/\/datarecovery.ping.fm\/sv\/\",\"name\":\"\u00c5terst\u00e4llningsprogram f\u00f6r Data\",\"description\":\"\",\"potentialAction\":[{\"@type\":\"SearchAction\",\"target\":{\"@type\":\"EntryPoint\",\"urlTemplate\":\"https:\/\/datarecovery.ping.fm\/sv\/?s={search_term_string}\"},\"query-input\":\"required name=search_term_string\"}],\"inLanguage\":\"sv-SE\"}]}<\/script>\n<!-- \/ Yoast SEO plugin. -->","yoast_head_json":{"title":"\u00c5terst\u00e4ll raderade videor fr\u00e5n SD-kortet 2024","robots":{"index":"index","follow":"follow","max-snippet":"max-snippet:-1","max-image-preview":"max-image-preview:large","max-video-preview":"max-video-preview:-1"},"canonical":"https:\/\/datarecovery.ping.fm\/sv\/recover-deleted-video-from-sd-card\/","og_locale":"sv_SE","og_type":"article","og_title":"\u00c5terst\u00e4ll raderade videor fr\u00e5n SD-kortet 2024","og_description":"Hur man \u00e5terst\u00e4ller raderade videor fr\u00e5n ett SD-kort 2024 Har du n\u00e5gonsin varit med om det hj\u00e4rtsk\u00e4rande \u00f6gonblicket n\u00e4r dina viktiga videor f\u00f6rsvinner fr\u00e5n ditt SD-kort? Jag k\u00e4nner till paniken som f\u00f6ljer, eftersom jag har hamnat i den d\u00e4r fruktade situationen fler g\u00e5nger \u00e4n jag \u00f6nskar erk\u00e4nna. Efter n\u00e5gra f\u00f6rs\u00f6k och misstag har jag l\u00e4rt [&hellip;]","og_url":"https:\/\/datarecovery.ping.fm\/sv\/recover-deleted-video-from-sd-card\/","og_site_name":"\u00c5terst\u00e4llningsprogram f\u00f6r Data","article_modified_time":"2024-02-19T08:20:41+00:00","og_image":[{"width":1280,"height":731,"url":"https:\/\/datarecovery.ping.fm\/wp-content\/uploads\/2024\/03\/How-to-Recover-Deleted-Videos-from-an-SD-Card-in-2024-Swedish.jpg","type":"image\/jpeg"}],"twitter_card":"summary_large_image","twitter_misc":{"Est. reading time":"6 minuter"},"schema":{"@context":"https:\/\/schema.org","@graph":[{"@type":"WebPage","@id":"https:\/\/datarecovery.ping.fm\/sv\/recover-deleted-video-from-sd-card\/","url":"https:\/\/datarecovery.ping.fm\/sv\/recover-deleted-video-from-sd-card\/","name":"\u00c5terst\u00e4ll raderade videor fr\u00e5n SD-kortet 2024","isPartOf":{"@id":"https:\/\/datarecovery.ping.fm\/sv\/#website"},"datePublished":"2024-01-05T10:57:58+00:00","dateModified":"2024-02-19T08:20:41+00:00","breadcrumb":{"@id":"https:\/\/datarecovery.ping.fm\/sv\/recover-deleted-video-from-sd-card\/#breadcrumb"},"inLanguage":"sv-SE","potentialAction":[{"@type":"ReadAction","target":["https:\/\/datarecovery.ping.fm\/sv\/recover-deleted-video-from-sd-card\/"]}]},{"@type":"BreadcrumbList","@id":"https:\/\/datarecovery.ping.fm\/sv\/recover-deleted-video-from-sd-card\/#breadcrumb","itemListElement":[{"@type":"ListItem","position":1,"name":"Home","item":"https:\/\/datarecovery.ping.fm\/sv\/"},{"@type":"ListItem","position":2,"name":"Hur man \u00e5terst\u00e4ller raderade videor fr\u00e5n ett SD-kort 2024"}]},{"@type":"WebSite","@id":"https:\/\/datarecovery.ping.fm\/sv\/#website","url":"https:\/\/datarecovery.ping.fm\/sv\/","name":"\u00c5terst\u00e4llningsprogram f\u00f6r Data","description":"","potentialAction":[{"@type":"SearchAction","target":{"@type":"EntryPoint","urlTemplate":"https:\/\/datarecovery.ping.fm\/sv\/?s={search_term_string}"},"query-input":"required name=search_term_string"}],"inLanguage":"sv-SE"}]}},"_links":{"self":[{"href":"https:\/\/datarecovery.ping.fm\/sv\/wp-json\/wp\/v2\/pages\/13899"}],"collection":[{"href":"https:\/\/datarecovery.ping.fm\/sv\/wp-json\/wp\/v2\/pages"}],"about":[{"href":"https:\/\/datarecovery.ping.fm\/sv\/wp-json\/wp\/v2\/types\/page"}],"author":[{"embeddable":true,"href":"https:\/\/datarecovery.ping.fm\/sv\/wp-json\/wp\/v2\/users\/2"}],"replies":[{"embeddable":true,"href":"https:\/\/datarecovery.ping.fm\/sv\/wp-json\/wp\/v2\/comments?post=13899"}],"version-history":[{"count":1,"href":"https:\/\/datarecovery.ping.fm\/sv\/wp-json\/wp\/v2\/pages\/13899\/revisions"}],"predecessor-version":[{"id":30841,"href":"https:\/\/datarecovery.ping.fm\/sv\/wp-json\/wp\/v2\/pages\/13899\/revisions\/30841"}],"wp:featuredmedia":[{"embeddable":true,"href":"https:\/\/datarecovery.ping.fm\/sv\/wp-json\/wp\/v2\/media\/30842"}],"wp:attachment":[{"href":"https:\/\/datarecovery.ping.fm\/sv\/wp-json\/wp\/v2\/media?parent=13899"}],"curies":[{"name":"wp","href":"https:\/\/api.w.org\/{rel}","templated":true}]}}