{"id":13501,"date":"2023-12-28T20:35:46","date_gmt":"2023-12-28T20:35:46","guid":{"rendered":"https:\/\/www.ping.fm\/data-recovery-software\/unformat-hard-drive\/"},"modified":"2024-02-19T08:20:38","modified_gmt":"2024-02-19T08:20:38","slug":"unformat-hard-drive","status":"publish","type":"page","link":"https:\/\/datarecovery.ping.fm\/sv\/unformat-hard-drive\/","title":{"rendered":"H\u00e5rddiskformatering och fil\u00e5terst\u00e4llning"},"content":{"rendered":"<section>\n<h1>Hur du \u00e5terst\u00e4ller en formaterad h\u00e5rddisk och h\u00e4mtar dina filer<\/h1>\n<div class=\"inbrief\">\n<div>             <img src=\"https:\/\/www.ping.fm\/data-recovery-software\/wp-content\/uploads\/ai\/How-to-Unformat-a-Hard-Drive-and-Retrieve-Your-Files-Swedish.jpg\" alt=\"Hur du \u00e5terst\u00e4ller en formaterad h\u00e5rddisk och h\u00e4mtar dina filer\" title=\"Hur du \u00e5terst\u00e4ller en formaterad h\u00e5rddisk och h\u00e4mtar dina filer\" width=\"1280\" height=\"720\">             <\/p>\n<p>Om du n\u00e5gonsin har st\u00e5tt inf\u00f6r den skr\u00e4mmande insikten att du har formaterat en <b>extern h\u00e5rddisk<\/b> med viktig data p\u00e5, \u00e4r du inte ensam. Lyckligtvis har tekniken utvecklats till en punkt d\u00e4r <a href='https:\/\/textually.org\/can-a-formatted-hard-disk-be-recovered\/' rel=\"dofollow noopener\" target='_blank'>\u00e5terh\u00e4mtning av formaterad h\u00e5rddiskdata<\/a> kan vara m\u00f6jlig med hj\u00e4lp av specialiserad \u00e5terst\u00e4llningsmjukvara. Enligt min erfarenhet, beror ofta framg\u00e5ngsrik \u00e5terh\u00e4mtning p\u00e5 snabba \u00e5tg\u00e4rder och r\u00e4tt verktyg. En r\u00e4ddare i n\u00f6den som jag har hittat \u00e4r <a href='https:\/\/www.cleverfiles.com\/' rel=\"nofollow noopener\" target='_blank'>Disk Drill<\/a>, en mjukvara som \u00e4r skicklig p\u00e5 att \u00e5terst\u00e4lla f\u00f6rlorade filer p\u00e5 Windows. I den h\u00e4r artikeln kommer jag att guida dig genom stegen f\u00f6r att <b>\u00e5terst\u00e4lla<\/b> en extern h\u00e5rddisk och f\u00e5 tillbaka dina v\u00e4rdefulla data med Disk Drill.<\/p>\n<\/div>\n<\/div>\n<\/section>\n<section>\n<div>\n<div>1<\/div>\n<h2>Vanliga scenarier:<\/h2>\n<\/div>\n<h3>Oavsiktlig formatering &#128584;<\/h3>\n<ul>\n<li>R\u00e5ka v\u00e4lja den <b>felaktiga enheten<\/b> n\u00e4r man t\u00e4nkt formatera en annan.<\/li>\n<li>Inte inse att den <b>externa enheten<\/b> var ansluten och ingick i en formateringsprocess i st\u00f6rre skala.<\/li>\n<li>Blanda ihop en ny extern enhet med en gammal och hastigt p\u00e5b\u00f6rja en formatering.<\/li>\n<\/ul>\n<h3>\u00d6del\u00e4ggelse genom skadlig kod &#128561;<\/h3>\n<ul>\n<li>Skadlig kodinfektion som leder till en ofrivillig formatering av enheten.<\/li>\n<li>Enhet blir otillg\u00e4nglig p\u00e5 grund av skadlig kod, vilket leder till ett f\u00f6rs\u00f6k till \u00e5tg\u00e4rd genom formatering.<\/li>\n<\/ul>\n<h3>Tekniska fel &#128534;<\/h3>\n<ul>\n<li>Enhetens fel som leder till att <b>Windows<\/b> f\u00f6resl\u00e5r att formatera disken f\u00f6r att kunna anv\u00e4nda den.<\/li>\n<li>Misslyckande med att l\u00e4sa enheten korrekt, som visar sig som oinitierat eller oanv\u00e4ndbart utrymme, vilket leder till omformatering.<\/li>\n<\/ul>\n<\/section>\n<section class=\"stepByStep\">\n<div>\n<div>2<\/div>\n<h2>Steg-f\u00f6r-steg-guide. \u00c5terst\u00e4ll h\u00e5rddisk:<\/h2>\n<\/div>\n<h3>Metod 1: Sluta anv\u00e4nd enheten omedelbart &#128721;<\/h3>\n<ul>\n<li>Undvik att skriva nya data till den formaterade enheten f\u00f6r att f\u00f6rhindra att \u00e5terst\u00e4llningsbara filer skrivs \u00f6ver.<\/li>\n<li>Koppla fr\u00e5n enheten p\u00e5 ett s\u00e4kert s\u00e4tt f\u00f6r att s\u00e4kerst\u00e4lla att det inte p\u00e5g\u00e5r n\u00e5gon data\u00f6verf\u00f6ring.<\/li>\n<\/ul>\n<p><b>Notera:<\/b> Att forts\u00e4tta anv\u00e4nda enheten kan kraftigt minska chanserna f\u00f6r data\u00e5terst\u00e4llning.<\/p>\n<p><b>Slutsats:<\/b> Vidta omedelbara \u00e5tg\u00e4rder f\u00f6r att bevara \u00e5terst\u00e5ende dataintegritet.<\/p>\n<h3>Metod 2: Kontrollera efter s\u00e4kerhetskopior &#128260;<\/h3>\n<ul>\n<li>G\u00e5 igenom eventuella s\u00e4kerhetskopior du kan ha, s\u00e5som <b>Filhistorik<\/b>, <b>Windows-s\u00e4kerhetskopiering<\/b> eller molntj\u00e4nster som <b>OneDrive<\/b> eller <b>Google Drive<\/b>.<\/li>\n<li>Kontrollera funktionen <b>Tidigare versioner<\/b> i Windows f\u00f6r att se om det finns <b>skuggkopior<\/b> av filerna.<\/li>\n<li>Om s\u00e4kerhetskopior hittas, \u00e5terst\u00e4ll filerna p\u00e5 ett s\u00e4kert s\u00e4tt till ditt system.<\/li>\n<\/ul>\n<p><b>Notera:<\/b> Regelbundna s\u00e4kerhetskopior \u00e4r ett effektivt s\u00e4tt att f\u00f6rhindra datatapp.<\/p>\n<p><b>Slutsats:<\/b> Att s\u00e4kerhetskopiera data kan eliminera behovet av data\u00e5terst\u00e4llning och ge sinnesro.<\/p>\n<h3>Metod 3: Anv\u00e4nd Disk Drill f\u00f6r att \u00e5terst\u00e4lla data &#128736;<\/h3>\n<ul>\n<li>Ladda ner och installera Disk Drill f\u00f6r Windows fr\u00e5n den <a href='https:\/\/www.cleverfiles.com\/' rel=\"nofollow noopener\" target='_blank'>officiella webbplatsen<\/a>.<\/li>\n<li>Starta <b>Disk Drill<\/b> och v\u00e4lj den <b>formaterade externa h\u00e5rddisken<\/b> fr\u00e5n listan \u00f6ver tillg\u00e4ngliga enheter.<\/li>\n<li>Klicka p\u00e5 knappen <b>&#8217;\u00c5terst\u00e4ll&#8217;<\/b> f\u00f6r att starta skanningsprocessen.<\/li>\n<li>N\u00e4r skanningen \u00e4r klar, f\u00f6rhandsgranska de filer som kan \u00e5terst\u00e4llas.<\/li>\n<li>V\u00e4lj de filer du vill \u00e5terst\u00e4lla och v\u00e4lj en s\u00e4ker plats p\u00e5 din dator f\u00f6r att spara dem.<\/li>\n<\/ul>\n<p><b>Notera:<\/b> Disk Drills gratisversion kan ha begr\u00e4nsningar avseende m\u00e4ngden data du kan \u00e5terst\u00e4lla.<\/p>\n<p><b>Slutsats:<\/b> Disk Drill erbjuder ett anv\u00e4ndarv\u00e4nligt gr\u00e4nssnitt och kraftfulla \u00e5terst\u00e4llningsfunktioner f\u00f6r att hj\u00e4lpa \u00e5tervinna f\u00f6rlorade filer.<\/p>\n<h3>Metod 4: F\u00f6rs\u00f6k med Windows File Recovery &#128421;<\/h3>\n<ul>\n<li>\u00d6verv\u00e4g att anv\u00e4nda <b>Windows File Recovery<\/b>-verktyget, tillg\u00e4ngligt i Microsoft Store, som ett gratisalternativ.<\/li>\n<li>F\u00f6lj instruktionerna som tillhandah\u00e5lls av appen f\u00f6r att f\u00f6rs\u00f6ka \u00e5terst\u00e4lla dina filer.<\/li>\n<\/ul>\n<p><b>Notera:<\/b> Denna metod kan inneh\u00e5lla kommandoradsinstruktioner och kanske inte har samma framg\u00e5ngsgrad som dedikerad \u00e5terst\u00e4llningsmjukvara som Disk Drill.<\/p>\n<p><b>Slutsats:<\/b> Windows File Recovery \u00e4r en potentiell kostnadsfri l\u00f6sning f\u00f6r teknikkunniga anv\u00e4ndare som \u00e4r bekv\u00e4ma med kommandoradsgr\u00e4nssnitt.<\/p>\n<h3>Metod 5: S\u00f6k professionell hj\u00e4lp &#127384;<\/h3>\n<ul>\n<li>Om allt annat misslyckas, \u00f6verv\u00e4g att kontakta en professionell datar\u00e4ddningstj\u00e4nst.<\/li>\n<li>Leta efter seri\u00f6sa tj\u00e4nster med positiva omd\u00f6men och s\u00e4kerst\u00e4ll att de har en renrumsmilj\u00f6.<\/li>\n<\/ul>\n<p><b>Notera:<\/b> Professionella tj\u00e4nster kan vara dyra och b\u00f6r ses som en sista utv\u00e4g efter f\u00f6rs\u00f6k med mjukvarubaserad \u00e5terst\u00e4llning.<\/p>\n<p><b>Slutsats:<\/b> Professionella tj\u00e4nster erbjuder en h\u00f6gre chans till \u00e5terst\u00e4llning men till en h\u00f6gre kostnad.<\/p>\n<\/section>\n<section>\n<div>\n<div>3<\/div>\n<h2>Youtube-video att titta p\u00e5<\/h2>\n<\/div>\n<div class=\"iframe\"><iframe width=\"420\" height=\"315\" src=\"\/\/www.youtube.com\/embed\/hGPcGeVSPBE\" frameborder=\"0\" allowfullscreen><\/iframe><\/div>\n<\/section>\n<section>\n<div>\n<div>4<\/div>\n<h2>F\u00f6rsiktighets\u00e5tg\u00e4rder och tips:<\/h2>\n<\/div>\n<h3>S\u00e4kra \u00e5terst\u00e4llningsrutiner &#128737;<\/h3>\n<ul>\n<li>Se till att du utf\u00f6r \u00e5terst\u00e4llningen p\u00e5 ett <b>h\u00e4lsosamt system<\/b> f\u00f6r att undvika komplikationer.<\/li>\n<li>\u00c5terst\u00e4ll aldrig filer direkt tillbaka till samma enhet som de gick f\u00f6rlorade fr\u00e5n.<\/li>\n<li>Anv\u00e4nd en <b>p\u00e5litlig str\u00f6mk\u00e4lla<\/b> f\u00f6r att undvika avbrott under \u00e5terst\u00e4llningsprocessen.<\/li>\n<\/ul>\n<h3>Strategier f\u00f6r dataskydd &#128274;<\/h3>\n<ul>\n<li>G\u00f6r regelbundna s\u00e4kerhetskopior av viktiga data med b\u00e5de fysiska enheter och <b>molnlagring<\/b>.<\/li>\n<li>Anv\u00e4nd <b>skivavbildnings<\/b>verktyg f\u00f6r fullst\u00e4ndig s\u00e4kerhetskopiering av systemet, vilket m\u00f6jligg\u00f6r en mer omfattande \u00e5terst\u00e4llning vid behov.<\/li>\n<\/ul>\n<\/section>\n<section>\n<div>\n<div>5<\/div>\n<h2>Ytterligare insikter<\/h2>\n<\/div>\n<p>Att f\u00f6rlora data fr\u00e5n en formaterad extern h\u00e5rddisk kan vara en nerv\u00f6s upplevelse, men att f\u00f6rst\u00e5 hur dataf\u00f6rvaring och radering fungerar kan ge dig hopp. N\u00e4r data raderas eller en enhet formateras tas inte informationen bort omedelbart; ist\u00e4llet markeras utrymmet den upptar som tillg\u00e4ngligt f\u00f6r ny data. Det \u00e4r d\u00e4rf\u00f6r tiden \u00e4r av st\u00f6rsta vikt i datasaneringscenarier; ju snabbare du f\u00f6rs\u00f6ker \u00e5terh\u00e4mta dina filer, desto b\u00e4ttre \u00e4r dina chanser till framg\u00e5ng.<\/p>\n<p>F\u00f6rutom \u00e5terst\u00e4llningsprogram som Disk Drill \u00e4r det viktigt att veta att <a href='https:\/\/support.microsoft.com\/en-us\/windows\/back-up-and-restore-your-pc-ac5cc1fd-79bc-e8d9-a6db-326b2caf98d0' rel=\"nofollow noopener\" target='_blank'>Windows S\u00e4kerhetskopiering och \u00e5terst\u00e4llning<\/a> kan vara en f\u00f6rebyggande \u00e5tg\u00e4rd f\u00f6r att skydda dina data. L\u00e4r dig ocks\u00e5 om SMART-\u00f6vervakningsverktyg, som kan varna dig f\u00f6r att h\u00e5rdvara g\u00e5r s\u00f6nder innan en katastrofal f\u00f6rlust intr\u00e4ffar. N\u00e4r det g\u00e4ller externa h\u00e5rddiskar, att v\u00e4lja s\u00e5dana med inbyggd kryptering kan l\u00e4gga p\u00e5 ett extra skyddslager mot dataintr\u00e5ng.<\/p>\n<p>Utbilda dig dessutom om <a href='https:\/\/www.ontrack.com\/blog\/2018\/07\/05\/the-seven-types-of-data-recovery\/' rel=\"nofollow noopener\" target='_blank'>olika typer av data\u00e5terst\u00e4llning<\/a> och hur de till\u00e4mpas p\u00e5 olika scenarier med dataf\u00f6rlust. Denna kunskap kan vara ov\u00e4rderlig n\u00e4r du best\u00e4mmer vilken handlingsv\u00e4g som \u00e4r b\u00e4st f\u00f6r \u00e5terh\u00e4mtning av data. Kom ocks\u00e5 ih\u00e5g att ta h\u00e4nsyn till vilket filsystem som anv\u00e4nds p\u00e5 din externa enhet; system som NTFS, FAT32 eller exFAT har olika strukturer och \u00e5terst\u00e4llningspotentialer.<\/p>\n<p>I det olyckliga fallet att din externa enhet \u00e4r fysiskt skadad kanske inte programvarul\u00f6sningar r\u00e4cker. Vid den punkten kan det vara n\u00f6dv\u00e4ndigt med en specialiserad <a href='https:\/\/www.securedatarecovery.com\/services\/hard-drive-recovery' rel=\"nofollow noopener\" target='_blank'>tj\u00e4nst f\u00f6r h\u00e5rdvaru-datatj\u00e4nster<\/a>. De har verktyg och expertis f\u00f6r att \u00f6ppna enheter i kontrollerade milj\u00f6er och potentiellt \u00e5terh\u00e4mta data fr\u00e5n skadade plattor. Som f\u00f6rsiktighets\u00e5tg\u00e4rd, hantera alltid dina externa enheter med f\u00f6rsiktighet och undvik att uts\u00e4tta dem f\u00f6r extrema temperaturer, fukt eller magnetf\u00e4lt som kan orsaka o\u00e5terkallelig skada.<\/p>\n<\/section>\n<section>\n<h2>Slutsats:<\/h2>\n<div class=\"nonp\">\n<p>I en tid d\u00e4r data \u00e4r lika v\u00e4rdefull som guld kan det vara b\u00e5de frustrerande och kostsamt att f\u00f6rlora det. \u00c4nd\u00e5, med r\u00e4tt f\u00f6rsiktighets\u00e5tg\u00e4rder och \u00e5terst\u00e4llningsverktyg till hands, kan hantering av en <b>oformaterad extern h\u00e5rddisk<\/b> p\u00e5 Windows vara mindre avskr\u00e4ckande. Erfarenheten har l\u00e4rt mig vikten av att agera snabbt, inte f\u00e5 panik och f\u00f6rlita sig p\u00e5 bepr\u00f6vad programvara som <a href='https:\/\/www.cleverfiles.com\/' rel=\"nofollow noopener\" target='_blank'>Disk Drill<\/a> f\u00f6r \u00e5terst\u00e4llning. Genom att kombinera dessa insatser med kraften av s\u00e4kerhetskopiering och f\u00f6reskriven s\u00e4ker hantering, har dina digitala skatter mycket st\u00f6rre chans att bli \u00e5terst\u00e4llda och bevarade f\u00f6r framtiden. Utrusta dig med kunskap, s\u00e4kerhetskopiera ofta och veta att \u00e4ven n\u00e4r det st\u00e5r inf\u00f6r formaterade enheter, kanske inte allt \u00e4r f\u00f6rlorat.<\/p>\n<\/div>\n<\/section>\n","protected":false},"excerpt":{"rendered":"<p>Hur du \u00e5terst\u00e4ller en formaterad h\u00e5rddisk och h\u00e4mtar dina filer Om du n\u00e5gonsin har st\u00e5tt inf\u00f6r den skr\u00e4mmande insikten att du har formaterat en extern h\u00e5rddisk med viktig data p\u00e5, \u00e4r du inte ensam. Lyckligtvis har tekniken utvecklats till en punkt d\u00e4r \u00e5terh\u00e4mtning av formaterad h\u00e5rddiskdata kan vara m\u00f6jlig med hj\u00e4lp av specialiserad \u00e5terst\u00e4llningsmjukvara. Enligt [&hellip;]<\/p>\n","protected":false},"author":2,"featured_media":30818,"parent":0,"menu_order":0,"comment_status":"closed","ping_status":"closed","template":"chromecast.php","meta":{"_stopmodifiedupdate":false,"_modified_date":"","_lmt_disableupdate":"yes","_lmt_disable":""},"acf":[],"yoast_head":"<!-- This site is optimized with the Yoast SEO plugin v20.9 - https:\/\/yoast.com\/wordpress\/plugins\/seo\/ -->\n<title>Hur man formaterar en h\u00e5rddisk och \u00e5terst\u00e4ller data<\/title>\n<meta name=\"robots\" content=\"index, follow, max-snippet:-1, max-image-preview:large, max-video-preview:-1\" \/>\n<link rel=\"canonical\" href=\"https:\/\/datarecovery.ping.fm\/sv\/unformat-hard-drive\/\" \/>\n<meta property=\"og:locale\" content=\"sv_SE\" \/>\n<meta property=\"og:type\" content=\"article\" \/>\n<meta property=\"og:title\" content=\"Hur man formaterar en h\u00e5rddisk och \u00e5terst\u00e4ller data\" \/>\n<meta property=\"og:description\" content=\"Hur du \u00e5terst\u00e4ller en formaterad h\u00e5rddisk och h\u00e4mtar dina filer Om du n\u00e5gonsin har st\u00e5tt inf\u00f6r den skr\u00e4mmande insikten att du har formaterat en extern h\u00e5rddisk med viktig data p\u00e5, \u00e4r du inte ensam. Lyckligtvis har tekniken utvecklats till en punkt d\u00e4r \u00e5terh\u00e4mtning av formaterad h\u00e5rddiskdata kan vara m\u00f6jlig med hj\u00e4lp av specialiserad \u00e5terst\u00e4llningsmjukvara. Enligt [&hellip;]\" \/>\n<meta property=\"og:url\" content=\"https:\/\/datarecovery.ping.fm\/sv\/unformat-hard-drive\/\" \/>\n<meta property=\"og:site_name\" content=\"\u00c5terst\u00e4llningsprogram f\u00f6r Data\" \/>\n<meta property=\"article:modified_time\" content=\"2024-02-19T08:20:38+00:00\" \/>\n<meta property=\"og:image\" content=\"https:\/\/datarecovery.ping.fm\/wp-content\/uploads\/2024\/03\/How-to-Unformat-a-Hard-Drive-and-Retrieve-Your-Files-Swedish.jpg\" \/>\n\t<meta property=\"og:image:width\" content=\"1280\" \/>\n\t<meta property=\"og:image:height\" content=\"731\" \/>\n\t<meta property=\"og:image:type\" content=\"image\/jpeg\" \/>\n<meta name=\"twitter:card\" content=\"summary_large_image\" \/>\n<meta name=\"twitter:label1\" content=\"Est. reading time\" \/>\n\t<meta name=\"twitter:data1\" content=\"7 minuter\" \/>\n<script type=\"application\/ld+json\" class=\"yoast-schema-graph\">{\"@context\":\"https:\/\/schema.org\",\"@graph\":[{\"@type\":\"WebPage\",\"@id\":\"https:\/\/datarecovery.ping.fm\/sv\/unformat-hard-drive\/\",\"url\":\"https:\/\/datarecovery.ping.fm\/sv\/unformat-hard-drive\/\",\"name\":\"Hur man formaterar en h\u00e5rddisk och \u00e5terst\u00e4ller data\",\"isPartOf\":{\"@id\":\"https:\/\/datarecovery.ping.fm\/sv\/#website\"},\"datePublished\":\"2023-12-28T20:35:46+00:00\",\"dateModified\":\"2024-02-19T08:20:38+00:00\",\"breadcrumb\":{\"@id\":\"https:\/\/datarecovery.ping.fm\/sv\/unformat-hard-drive\/#breadcrumb\"},\"inLanguage\":\"sv-SE\",\"potentialAction\":[{\"@type\":\"ReadAction\",\"target\":[\"https:\/\/datarecovery.ping.fm\/sv\/unformat-hard-drive\/\"]}]},{\"@type\":\"BreadcrumbList\",\"@id\":\"https:\/\/datarecovery.ping.fm\/sv\/unformat-hard-drive\/#breadcrumb\",\"itemListElement\":[{\"@type\":\"ListItem\",\"position\":1,\"name\":\"Home\",\"item\":\"https:\/\/datarecovery.ping.fm\/sv\/\"},{\"@type\":\"ListItem\",\"position\":2,\"name\":\"H\u00e5rddiskformatering och fil\u00e5terst\u00e4llning\"}]},{\"@type\":\"WebSite\",\"@id\":\"https:\/\/datarecovery.ping.fm\/sv\/#website\",\"url\":\"https:\/\/datarecovery.ping.fm\/sv\/\",\"name\":\"\u00c5terst\u00e4llningsprogram f\u00f6r Data\",\"description\":\"\",\"potentialAction\":[{\"@type\":\"SearchAction\",\"target\":{\"@type\":\"EntryPoint\",\"urlTemplate\":\"https:\/\/datarecovery.ping.fm\/sv\/?s={search_term_string}\"},\"query-input\":\"required name=search_term_string\"}],\"inLanguage\":\"sv-SE\"}]}<\/script>\n<!-- \/ Yoast SEO plugin. -->","yoast_head_json":{"title":"Hur man formaterar en h\u00e5rddisk och \u00e5terst\u00e4ller data","robots":{"index":"index","follow":"follow","max-snippet":"max-snippet:-1","max-image-preview":"max-image-preview:large","max-video-preview":"max-video-preview:-1"},"canonical":"https:\/\/datarecovery.ping.fm\/sv\/unformat-hard-drive\/","og_locale":"sv_SE","og_type":"article","og_title":"Hur man formaterar en h\u00e5rddisk och \u00e5terst\u00e4ller data","og_description":"Hur du \u00e5terst\u00e4ller en formaterad h\u00e5rddisk och h\u00e4mtar dina filer Om du n\u00e5gonsin har st\u00e5tt inf\u00f6r den skr\u00e4mmande insikten att du har formaterat en extern h\u00e5rddisk med viktig data p\u00e5, \u00e4r du inte ensam. Lyckligtvis har tekniken utvecklats till en punkt d\u00e4r \u00e5terh\u00e4mtning av formaterad h\u00e5rddiskdata kan vara m\u00f6jlig med hj\u00e4lp av specialiserad \u00e5terst\u00e4llningsmjukvara. Enligt [&hellip;]","og_url":"https:\/\/datarecovery.ping.fm\/sv\/unformat-hard-drive\/","og_site_name":"\u00c5terst\u00e4llningsprogram f\u00f6r Data","article_modified_time":"2024-02-19T08:20:38+00:00","og_image":[{"width":1280,"height":731,"url":"https:\/\/datarecovery.ping.fm\/wp-content\/uploads\/2024\/03\/How-to-Unformat-a-Hard-Drive-and-Retrieve-Your-Files-Swedish.jpg","type":"image\/jpeg"}],"twitter_card":"summary_large_image","twitter_misc":{"Est. reading time":"7 minuter"},"schema":{"@context":"https:\/\/schema.org","@graph":[{"@type":"WebPage","@id":"https:\/\/datarecovery.ping.fm\/sv\/unformat-hard-drive\/","url":"https:\/\/datarecovery.ping.fm\/sv\/unformat-hard-drive\/","name":"Hur man formaterar en h\u00e5rddisk och \u00e5terst\u00e4ller data","isPartOf":{"@id":"https:\/\/datarecovery.ping.fm\/sv\/#website"},"datePublished":"2023-12-28T20:35:46+00:00","dateModified":"2024-02-19T08:20:38+00:00","breadcrumb":{"@id":"https:\/\/datarecovery.ping.fm\/sv\/unformat-hard-drive\/#breadcrumb"},"inLanguage":"sv-SE","potentialAction":[{"@type":"ReadAction","target":["https:\/\/datarecovery.ping.fm\/sv\/unformat-hard-drive\/"]}]},{"@type":"BreadcrumbList","@id":"https:\/\/datarecovery.ping.fm\/sv\/unformat-hard-drive\/#breadcrumb","itemListElement":[{"@type":"ListItem","position":1,"name":"Home","item":"https:\/\/datarecovery.ping.fm\/sv\/"},{"@type":"ListItem","position":2,"name":"H\u00e5rddiskformatering och fil\u00e5terst\u00e4llning"}]},{"@type":"WebSite","@id":"https:\/\/datarecovery.ping.fm\/sv\/#website","url":"https:\/\/datarecovery.ping.fm\/sv\/","name":"\u00c5terst\u00e4llningsprogram f\u00f6r Data","description":"","potentialAction":[{"@type":"SearchAction","target":{"@type":"EntryPoint","urlTemplate":"https:\/\/datarecovery.ping.fm\/sv\/?s={search_term_string}"},"query-input":"required name=search_term_string"}],"inLanguage":"sv-SE"}]}},"_links":{"self":[{"href":"https:\/\/datarecovery.ping.fm\/sv\/wp-json\/wp\/v2\/pages\/13501"}],"collection":[{"href":"https:\/\/datarecovery.ping.fm\/sv\/wp-json\/wp\/v2\/pages"}],"about":[{"href":"https:\/\/datarecovery.ping.fm\/sv\/wp-json\/wp\/v2\/types\/page"}],"author":[{"embeddable":true,"href":"https:\/\/datarecovery.ping.fm\/sv\/wp-json\/wp\/v2\/users\/2"}],"replies":[{"embeddable":true,"href":"https:\/\/datarecovery.ping.fm\/sv\/wp-json\/wp\/v2\/comments?post=13501"}],"version-history":[{"count":1,"href":"https:\/\/datarecovery.ping.fm\/sv\/wp-json\/wp\/v2\/pages\/13501\/revisions"}],"predecessor-version":[{"id":30817,"href":"https:\/\/datarecovery.ping.fm\/sv\/wp-json\/wp\/v2\/pages\/13501\/revisions\/30817"}],"wp:featuredmedia":[{"embeddable":true,"href":"https:\/\/datarecovery.ping.fm\/sv\/wp-json\/wp\/v2\/media\/30818"}],"wp:attachment":[{"href":"https:\/\/datarecovery.ping.fm\/sv\/wp-json\/wp\/v2\/media?parent=13501"}],"curies":[{"name":"wp","href":"https:\/\/api.w.org\/{rel}","templated":true}]}}