{"id":13370,"date":"2023-12-25T15:46:11","date_gmt":"2023-12-25T15:46:11","guid":{"rendered":"https:\/\/www.ping.fm\/data-recovery-software\/recover-data-external-hard-drive-mac\/"},"modified":"2024-02-19T08:20:37","modified_gmt":"2024-02-19T08:20:37","slug":"recover-data-external-hard-drive-mac","status":"publish","type":"page","link":"https:\/\/datarecovery.ping.fm\/sv\/recover-data-external-hard-drive-mac\/","title":{"rendered":"\u00c5terst\u00e4ll data fr\u00e5n extern h\u00e5rddisk p\u00e5 Mac-enheter"},"content":{"rendered":"<section>\n<h1>Hur man \u00e5terst\u00e4ller data fr\u00e5n en extern h\u00e5rddisk p\u00e5 Mac<\/h1>\n<div class=\"inbrief\">\n<div>             <img src=\"https:\/\/www.ping.fm\/data-recovery-software\/wp-content\/uploads\/ai\/How-to-Recover-Data-from-External-Hard-Drive-on-Mac-Swedish.jpg\" alt=\"Hur man \u00e5terst\u00e4ller data fr\u00e5n en extern h\u00e5rddisk p\u00e5 Mac\" title=\"Hur man \u00e5terst\u00e4ller data fr\u00e5n en extern h\u00e5rddisk p\u00e5 Mac\" width=\"1280\" height=\"720\">             <\/p>\n<p>Det kan vara en angestfylld h\u00e4ndelse f\u00f6r en Mac-anv\u00e4ndare att f\u00f6rlora data fr\u00e5n en extern h\u00e5rddisk. Vare sig det beror p\u00e5 oavsiktlig radering, korruption eller h\u00e5rdvarufel, \u00e4r br\u00e5dskan att \u00e5terst\u00e4lla dessa v\u00e4rdefulla filer oerh\u00f6rt stor. Lyckligtvis finns det <b>effektiva metoder<\/b> f\u00f6r att \u00e5terst\u00e4lla f\u00f6rlorad data fr\u00e5n en extern h\u00e5rddisk p\u00e5 en Mac. I den h\u00e4r detaljerade guiden kommer jag att guida dig genom processen som jag sj\u00e4lv har anv\u00e4nt, som t\u00e4cker b\u00e5de programbaserade och manuella \u00e5terst\u00e4llningsalternativ. Och f\u00f6r de som letar efter ett p\u00e5litligt \u00e5terst\u00e4llningsverktyg kommer jag att belysa varf\u00f6r <b>Disk Drill<\/b> sticker ut som ett av de b\u00e4sta alternativen. P\u00e5 din resa att \u00e5terst\u00e4lla data kommer du ocks\u00e5 att hitta <a href='https:\/\/www.insanelymac.com\/blog\/recover-deleted-files-on-mac\/' rel=\"dofollow noopener\" target='_blank'>flera s\u00e4tt att \u00e5terst\u00e4lla raderade filer p\u00e5 en Mac<\/a>, vilket kastar ljus p\u00e5 olika s\u00e4tt att r\u00e4dda dina digitala skatter.<\/p>\n<\/div>\n<\/div>\n<\/section>\n<section>\n<div>\n<div>1<\/div>\n<h2>Vanliga scenario:<\/h2>\n<\/div>\n<h3>Oavsiktlig radering ofta &#128465;<\/h3>\n<ul>\n<li><b>Oavsiktliga raderingar<\/b> p\u00e5 grund av m\u00e4nskliga misstag, som att dra filer till papperskorgen och t\u00f6mma den utan att dubbelkolla inneh\u00e5llet.<\/li>\n<li>Att f\u00f6rlora filer under <b>data\u00f6verf\u00f6ringar<\/b> eller avbrott i \u00f6verf\u00f6ringsprocessen.<\/li>\n<li>Att radera filer i tron att de har s\u00e4kerhetskopierats, bara f\u00f6r att uppt\u00e4cka att s\u00e4kerhetskopian saknas eller \u00e4r f\u00f6r\u00e5ldrad.<\/li>\n<\/ul>\n<h3>Korruption och formateringsfel &#128736;<\/h3>\n<ul>\n<li>Korruption p\u00e5 grund av felaktig borttagning av den externa h\u00e5rddisken fr\u00e5n Macen.<\/li>\n<li><b>Filsystemsincompatibilitet<\/b> som leder till l\u00e4s\/skrivfel och otillg\u00e4nglighet av data.<\/li>\n<li>Fel vid formatering av disken p\u00e5 fel s\u00e4tt vilket leder till f\u00f6rlust av data.<\/li>\n<\/ul>\n<h3>H\u00e5rdvarufel och fysiska skador &#128148;<\/h3>\n<ul>\n<li>Drivfel orsakade av <b>\u00f6verhettning<\/b> eller <b>slitage<\/b>.<\/li>\n<li>Fysiska skador fr\u00e5n st\u00f6tar eller spill som p\u00e5verkar h\u00e5rddiskens funktionalitet.<\/li>\n<li><b>Str\u00f6mspikar<\/b> eller <b>magnetf\u00e4lt<\/b> som orsakar datakorruption eller skador p\u00e5 disken.<\/li>\n<\/ul>\n<\/section>\n<section class=\"stepByStep\">\n<div>\n<div>2<\/div>\n<h2>Steg-f\u00f6r-steg-guide. \u00c5terst\u00e4ll data fr\u00e5n en extern h\u00e5rddisk p\u00e5 en Mac:<\/h2>\n<\/div>\n<h3>Metod 1: Kolla papperskorgen &#128465;<\/h3>\n<ul>\n<li>B\u00f6rja med att \u00f6ppna <b>Papperskorgen<\/b> p\u00e5 din Mac f\u00f6r att kolla om de borttagna filerna finns d\u00e4r.<\/li>\n<li>Om du hittar filerna, <b>h\u00f6gerklicka<\/b> och v\u00e4lj &#8217;<b>L\u00e4gg tillbaka<\/b>&#8217; f\u00f6r att \u00e5terst\u00e4lla dem till deras ursprungliga plats.<\/li>\n<li>Om Papperskorgen har t\u00f6mts, forts\u00e4tt till n\u00e4sta metoder f\u00f6r fler avancerade \u00e5terst\u00e4llningsalternativ.<\/li>\n<\/ul>\n<p><b>OBS:<\/b> Detta \u00e4r den enklaste metoden och b\u00f6r alltid vara ditt f\u00f6rsta stopp i \u00e5terst\u00e4llningsprocessen.<\/p>\n<p><b>Slutsats:<\/b> Att kolla Papperskorgen erbjuder ett snabbt och enkelt s\u00e4tt att \u00e5terst\u00e4lla data, men \u00e4r begr\u00e4nsat till nyligen raderade objekt som inte har raderats permanent.<\/p>\n<h3>Metod 2: Anv\u00e4nd Time Machine-s\u00e4kerhetskopia &#128338;<\/h3>\n<ul>\n<li>Anslut <b>disken<\/b> som inneh\u00e5ller din Time Machine-s\u00e4kerhetskopia till din Mac.<\/li>\n<li>\u00d6ppna Time Machine genom att klicka p\u00e5 Time Machine-ikonen i menyraden och v\u00e4lja &#8217;<b>G\u00e5 in i Time Machine<\/b>&#8217;.<\/li>\n<li>Navigera s\u00e5 genom s\u00e4kerhetskopior f\u00f6r att hitta filerna du vill \u00e5terst\u00e4lla, <b>v\u00e4lj<\/b> dem och klicka p\u00e5 &#8217;<b>\u00c5terst\u00e4ll<\/b>&#8217;.<\/li>\n<\/ul>\n<p><b>OBS:<\/b> Time Machine \u00e4r en anv\u00e4ndbar inbyggd s\u00e4kerhetskopieringsfunktion p\u00e5 Macar, men den kr\u00e4ver att du har gjort s\u00e4kerhetskopior innan dataf\u00f6rlusten.<\/p>\n<p><b>Slutsats:<\/b> Denna metod \u00e4r mycket tillf\u00f6rlitlig om du har en aktuell s\u00e4kerhetskopia, men hj\u00e4lper inte utan f\u00f6rhandsexisterande s\u00e4kerhetskopior.<\/p>\n<h3>Metod 3: F\u00f6rsta hj\u00e4lpen i Disk Utility &#128138;<\/h3>\n<ul>\n<li>\u00d6ppna Disk Utility genom att g\u00e5 till Program > Verktygsprogram > Disk Utility.<\/li>\n<li>V\u00e4lj den externa h\u00e5rddisken fr\u00e5n sidof\u00e4ltet och klicka p\u00e5 knappen &#8217;<b>F\u00f6rsta hj\u00e4lpen<\/b>&#8217;.<\/li>\n<li>Klicka p\u00e5 &#8217;<b>K\u00f6r<\/b>&#8217; f\u00f6r att starta reparationsprocessen och v\u00e4nta tills den \u00e4r klar.<\/li>\n<\/ul>\n<p><b>OBS:<\/b> F\u00f6rsta hj\u00e4lpen kan \u00e5tg\u00e4rda vissa problem men kommer inte att \u00e5terst\u00e4lla raderade filer.<\/p>\n<p><b>Slutsats:<\/b> Disk Utilitys F\u00f6rsta hj\u00e4lpen \u00e4r ett bra underh\u00e5llsverktyg, men inte en l\u00f6sning f\u00f6r data\u00e5terst\u00e4llning.<\/p>\n<h3>Metod 4: Terminalkommandon &#128421;<\/h3>\n<ul>\n<li>\u00d6ppna Terminal fr\u00e5n Program > Verktygsprogram.<\/li>\n<li>Skriv &#8217;<b>cd \/.Trashes<\/b>&#8217; och tryck Enter f\u00f6r att navigera till Papperskorgsmappen.<\/li>\n<li>Anv\u00e4nd kommandot &#8217;<b>ls<\/b>&#8217; f\u00f6r att lista raderade objekt, och &#8217;<b>mv [filnamn] [destination]<\/b>&#8217; f\u00f6r att \u00e5terst\u00e4lla.<\/li>\n<\/ul>\n<p><b>OBS:<\/b> Terminalkommando kr\u00e4ver exakt syntax och kan orsaka ytterligare problem om de anv\u00e4nds felaktigt.<\/p>\n<p><b>Slutsats:<\/b> Anv\u00e4nd denna metod om du \u00e4r bekv\u00e4m med kommandoradsoperationer och kom ih\u00e5g att det inte fungerar f\u00f6r permanent raderade filer.<\/p>\n<h3>Metod 5: \u00c5terst\u00e4ll data utan mjukvara &#128269;<\/h3>\n<ul>\n<li>St\u00e4ng av den externa h\u00e5rddisken och koppla bort den fr\u00e5n din Mac.<\/li>\n<li>\u00c5teranslut disken till en annan port eller anv\u00e4nd en annan kabel f\u00f6r att utesluta anslutningsproblem.<\/li>\n<li>Om disken \u00e4r synlig, f\u00f6rs\u00f6k kopiera filerna till en annan plats omedelbart.<\/li>\n<\/ul>\n<p><b>OBS:<\/b> Detta \u00e4r ett fels\u00f6kningssteg f\u00f6r att s\u00e4kerst\u00e4lla att problemet inte \u00e4r relaterat till anslutningen eller kabeln.<\/p>\n<p><b>Slutsats:<\/b> Detta \u00e4r ett bra steg f\u00f6r att s\u00e4kerst\u00e4lla h\u00e5rdvaruanslutningen, men det kanske inte \u00e5terst\u00e4ller data om disken h\u00e5ller p\u00e5 att haverera eller om filerna har raderats.<\/p>\n<h3>Metod 6: Disk Drill Data\u00e5terst\u00e4llning &#128260;<\/h3>\n<ul>\n<li>Ladda ner och installera <b>Disk Drill<\/b> data\u00e5terst\u00e4llningsprogram fr\u00e5n den officiella webbplatsen.<\/li>\n<li>Anslut den externa h\u00e5rddisken till din Mac och starta Disk Drill.<\/li>\n<li>V\u00e4lj disken fr\u00e5n listan \u00f6ver tillg\u00e4ngliga enheter och klicka p\u00e5 &#8217;<b>\u00c5terst\u00e4ll<\/b>&#8217;.<\/li>\n<li>F\u00f6rhandsgranska de hittade filerna, v\u00e4lj de du vill \u00e5terst\u00e4lla och v\u00e4lj en \u00e5terst\u00e4llningsplats som \u00e4r annorlunda fr\u00e5n den ursprungliga platsen.<\/li>\n<\/ul>\n<p><b>OBS:<\/b> \u00c4ven om Disk Drill \u00e4r ett kraftfullt verktyg, kan det inte garantera \u00e5terst\u00e4llning i fall av allvarlig fysisk skada.<\/p>\n<p><b>Slutsats:<\/b> Disk Drill erbjuder en omfattande l\u00f6sning p\u00e5 data\u00e5terst\u00e4llning med en <a href='https:\/\/www.cleverfiles.com\/pro' rel=\"nofollow noopener\" target='_blank'>h\u00f6g framg\u00e5ngsgrad<\/a> f\u00f6r m\u00e5nga scenarier.<\/p>\n<\/section>\n<section>\n<div>\n<div>3<\/div>\n<h2>Youtube-video att titta p\u00e5<\/h2>\n<\/div>\n<div class=\"iframe\"><iframe width=\"420\" height=\"315\" src=\"\/\/www.youtube.com\/embed\/9aVZqFygw8I\" frameborder=\"0\" allowfullscreen><\/iframe><\/div>\n<\/section>\n<section>\n<div>\n<div>4<\/div>\n<h2>F\u00f6rsiktighets\u00e5tg\u00e4rder och tips:<\/h2>\n<\/div>\n<h3>F\u00f6rbered dig &#9888;<\/h3>\n<ul>\n<li>Ejektera alltid externa enheter p\u00e5 r\u00e4tt s\u00e4tt med hj\u00e4lp av &#8217;<b>Ejektera<\/b>&#8217;-alternativet f\u00f6r att f\u00f6rhindra datakorruption.<\/li>\n<li>G\u00f6r regelbundna s\u00e4kerhetskopior av dina data med hj\u00e4lp av Time Machine eller n\u00e5gon annan backupl\u00f6sning.<\/li>\n<li>F\u00f6rvara din externa h\u00e5rddisk p\u00e5 en <b>s\u00e4ker, sval<\/b> och <b>torr<\/b> plats f\u00f6r att undvika fysiska skador.<\/li>\n<\/ul>\n<h3>F\u00f6rhindra ytterligare f\u00f6rlust &#9888;<\/h3>\n<ul>\n<li>Undvik att skriva eller spara nya data p\u00e5 den externa h\u00e5rddisken f\u00f6r att f\u00f6rhindra att f\u00f6rlorade filer skrivs \u00f6ver.<\/li>\n<li>Om du misst\u00e4nker h\u00e5rdvaruproblem, undvik att anv\u00e4nda diagnostikverktyg som kan stressa disken ytterligare.<\/li>\n<li>Konsultera en professionell om du k\u00e4nner dig obekv\u00e4m med att anv\u00e4nda program f\u00f6r data\u00e5terst\u00e4llning.<\/li>\n<\/ul>\n<\/section>\n<section>\n<div>\n<div>5<\/div>\n<h2>Ut\u00f6kad support och resurser<\/h2>\n<\/div>\n<p>N\u00e4r det g\u00e4ller data\u00e5terst\u00e4llning p\u00e5 Mac kan det att bekanta sig med olika resurser och verktyg <b>ut\u00f6ka dina alternativ<\/b> och kunskap. Webbplatser som <a href='https:\/\/support.apple.com\/en-us\/HT201250' rel=\"nofollow noopener\" target='_blank'>Apple Support<\/a> erbjuder v\u00e4rdefull information om att anv\u00e4nda inbyggda Mac-funktioner som Diskverktyg och Time Machine f\u00f6r datahantering och \u00e5terst\u00e4llning.<\/p>\n<p>Onlineforum som <b>MacRumors<\/b> eller <a href='https:\/\/forums.macrumors.com\/' rel=\"nofollow noopener\" target='_blank'>Apple Discussions<\/a> \u00e4r utm\u00e4rkta st\u00e4llen att s\u00f6ka r\u00e5d fr\u00e5n erfarna anv\u00e4ndare som kanske har st\u00f6tt p\u00e5 liknande scenarier.<\/p>\n<p>F\u00f6r h\u00e5rdvarurelaterade problem kan det att kolla tillverkarens garantivillkor och supportsida ge ytterligare \u00e5terst\u00e4llningstj\u00e4nster eller v\u00e4gledning. F\u00f6retag som <a href='https:\/\/www.seagate.com\/services-software\/recover\/' rel=\"nofollow noopener\" target='_blank'>Seagates Recovery Services<\/a> eller <a href='https:\/\/www.westerndigital.com\/support\/data-recovery' rel=\"nofollow noopener\" target='_blank'>Western Digitals Data Recovery<\/a> kan ha policys f\u00f6r data\u00e5terst\u00e4llning p\u00e5 sina enheter.<\/p>\n<p>Det \u00e4r ocks\u00e5 kritiskt att f\u00f6rst\u00e5 begr\u00e4nsningarna hos \u00e5terst\u00e4llningsmetoder. Till exempel \u00e4r mjukvarul\u00f6sningar som Disk Drill utformade f\u00f6r att \u00e5terst\u00e4lla data fr\u00e5n logiskt skadade eller raderade filer, men de kan inte \u00e5terst\u00e4lla data fr\u00e5n fysiskt skadade enheter. I s\u00e5dana fall kan specialiserade data\u00e5terst\u00e4llningstj\u00e4nster med renrum beh\u00f6vas. Vet alltid n\u00e4r du ska eskalera problemet till professionella f\u00f6r att undvika att ytterligare skada enheten och datan inuti.<\/p>\n<\/section>\n<section>\n<h2>Avslutning:<\/h2>\n<div class=\"nonp\">\n<p>F\u00f6r att sammanfatta kan \u00e5terst\u00e4llning av data fr\u00e5n en extern h\u00e5rddisk p\u00e5 en Mac tyckas vara skr\u00e4mmande, men med r\u00e4tt metod \u00e4r det ofta m\u00f6jligt att h\u00e4mta tillbaka dina f\u00f6rlorade filer. B\u00f6rja med grundl\u00e4ggande kontroller som <b>Papperskorgen<\/b> och g\u00e5 vidare till mer komplexa l\u00f6sningar som <b>Disk Drill<\/b> s\u00e5 maximerar du dina chanser till framg\u00e5ng. Kom ih\u00e5g att f\u00f6rebyggande \u00e4r nyckeln; s\u00e5 regelbundna backupar och f\u00f6rsiktig hantering av dina enheter kommer att bespara dig m\u00e5nga huvudv\u00e4rk. Om du st\u00f6ter p\u00e5 problem som ligger utanf\u00f6r mjukvaru\u00e5terst\u00e4llningens r\u00e4ckvidd, tveka inte att kontakta professionella data\u00e5terst\u00e4llningstj\u00e4nster. De har den expertis och verktyg som kr\u00e4vs f\u00f6r att hantera allvarliga fall av datarf\u00f6rlust. H\u00e5ll dessa metoder och f\u00f6rsiktighets\u00e5tg\u00e4rder i \u00e5tanke, och dina digitala data b\u00f6r f\u00f6rbli inom r\u00e4ckh\u00e5ll, \u00e4ven n\u00e4r olyckor intr\u00e4ffar.<\/p>\n<\/div>\n<\/section>\n","protected":false},"excerpt":{"rendered":"<p>Hur man \u00e5terst\u00e4ller data fr\u00e5n en extern h\u00e5rddisk p\u00e5 Mac Det kan vara en angestfylld h\u00e4ndelse f\u00f6r en Mac-anv\u00e4ndare att f\u00f6rlora data fr\u00e5n en extern h\u00e5rddisk. Vare sig det beror p\u00e5 oavsiktlig radering, korruption eller h\u00e5rdvarufel, \u00e4r br\u00e5dskan att \u00e5terst\u00e4lla dessa v\u00e4rdefulla filer oerh\u00f6rt stor. Lyckligtvis finns det effektiva metoder f\u00f6r att \u00e5terst\u00e4lla f\u00f6rlorad data [&hellip;]<\/p>\n","protected":false},"author":2,"featured_media":30806,"parent":0,"menu_order":0,"comment_status":"closed","ping_status":"closed","template":"chromecast.php","meta":{"_stopmodifiedupdate":false,"_modified_date":"","_lmt_disableupdate":"yes","_lmt_disable":""},"acf":[],"yoast_head":"<!-- This site is optimized with the Yoast SEO plugin v20.9 - https:\/\/yoast.com\/wordpress\/plugins\/seo\/ -->\n<title>\u00c5terst\u00e4ll data fr\u00e5n en extern h\u00e5rddisk p\u00e5 Mac: B\u00e4sta metoderna<\/title>\n<meta name=\"robots\" content=\"index, follow, max-snippet:-1, max-image-preview:large, max-video-preview:-1\" \/>\n<link rel=\"canonical\" href=\"https:\/\/datarecovery.ping.fm\/sv\/recover-data-external-hard-drive-mac\/\" \/>\n<meta property=\"og:locale\" content=\"sv_SE\" \/>\n<meta property=\"og:type\" content=\"article\" \/>\n<meta property=\"og:title\" content=\"\u00c5terst\u00e4ll data fr\u00e5n en extern h\u00e5rddisk p\u00e5 Mac: B\u00e4sta metoderna\" \/>\n<meta property=\"og:description\" content=\"Hur man \u00e5terst\u00e4ller data fr\u00e5n en extern h\u00e5rddisk p\u00e5 Mac Det kan vara en angestfylld h\u00e4ndelse f\u00f6r en Mac-anv\u00e4ndare att f\u00f6rlora data fr\u00e5n en extern h\u00e5rddisk. Vare sig det beror p\u00e5 oavsiktlig radering, korruption eller h\u00e5rdvarufel, \u00e4r br\u00e5dskan att \u00e5terst\u00e4lla dessa v\u00e4rdefulla filer oerh\u00f6rt stor. Lyckligtvis finns det effektiva metoder f\u00f6r att \u00e5terst\u00e4lla f\u00f6rlorad data [&hellip;]\" \/>\n<meta property=\"og:url\" content=\"https:\/\/datarecovery.ping.fm\/sv\/recover-data-external-hard-drive-mac\/\" \/>\n<meta property=\"og:site_name\" content=\"\u00c5terst\u00e4llningsprogram f\u00f6r Data\" \/>\n<meta property=\"article:modified_time\" content=\"2024-02-19T08:20:37+00:00\" \/>\n<meta property=\"og:image\" content=\"https:\/\/datarecovery.ping.fm\/wp-content\/uploads\/2024\/03\/How-to-Recover-Data-from-External-Hard-Drive-on-Mac-Swedish.jpg\" \/>\n\t<meta property=\"og:image:width\" content=\"1280\" \/>\n\t<meta property=\"og:image:height\" content=\"731\" \/>\n\t<meta property=\"og:image:type\" content=\"image\/jpeg\" \/>\n<meta name=\"twitter:card\" content=\"summary_large_image\" \/>\n<meta name=\"twitter:label1\" content=\"Est. reading time\" \/>\n\t<meta name=\"twitter:data1\" content=\"7 minuter\" \/>\n<script type=\"application\/ld+json\" class=\"yoast-schema-graph\">{\"@context\":\"https:\/\/schema.org\",\"@graph\":[{\"@type\":\"WebPage\",\"@id\":\"https:\/\/datarecovery.ping.fm\/sv\/recover-data-external-hard-drive-mac\/\",\"url\":\"https:\/\/datarecovery.ping.fm\/sv\/recover-data-external-hard-drive-mac\/\",\"name\":\"\u00c5terst\u00e4ll data fr\u00e5n en extern h\u00e5rddisk p\u00e5 Mac: B\u00e4sta metoderna\",\"isPartOf\":{\"@id\":\"https:\/\/datarecovery.ping.fm\/sv\/#website\"},\"datePublished\":\"2023-12-25T15:46:11+00:00\",\"dateModified\":\"2024-02-19T08:20:37+00:00\",\"breadcrumb\":{\"@id\":\"https:\/\/datarecovery.ping.fm\/sv\/recover-data-external-hard-drive-mac\/#breadcrumb\"},\"inLanguage\":\"sv-SE\",\"potentialAction\":[{\"@type\":\"ReadAction\",\"target\":[\"https:\/\/datarecovery.ping.fm\/sv\/recover-data-external-hard-drive-mac\/\"]}]},{\"@type\":\"BreadcrumbList\",\"@id\":\"https:\/\/datarecovery.ping.fm\/sv\/recover-data-external-hard-drive-mac\/#breadcrumb\",\"itemListElement\":[{\"@type\":\"ListItem\",\"position\":1,\"name\":\"Home\",\"item\":\"https:\/\/datarecovery.ping.fm\/sv\/\"},{\"@type\":\"ListItem\",\"position\":2,\"name\":\"\u00c5terst\u00e4ll data fr\u00e5n extern h\u00e5rddisk p\u00e5 Mac-enheter\"}]},{\"@type\":\"WebSite\",\"@id\":\"https:\/\/datarecovery.ping.fm\/sv\/#website\",\"url\":\"https:\/\/datarecovery.ping.fm\/sv\/\",\"name\":\"\u00c5terst\u00e4llningsprogram f\u00f6r Data\",\"description\":\"\",\"potentialAction\":[{\"@type\":\"SearchAction\",\"target\":{\"@type\":\"EntryPoint\",\"urlTemplate\":\"https:\/\/datarecovery.ping.fm\/sv\/?s={search_term_string}\"},\"query-input\":\"required name=search_term_string\"}],\"inLanguage\":\"sv-SE\"}]}<\/script>\n<!-- \/ Yoast SEO plugin. -->","yoast_head_json":{"title":"\u00c5terst\u00e4ll data fr\u00e5n en extern h\u00e5rddisk p\u00e5 Mac: B\u00e4sta metoderna","robots":{"index":"index","follow":"follow","max-snippet":"max-snippet:-1","max-image-preview":"max-image-preview:large","max-video-preview":"max-video-preview:-1"},"canonical":"https:\/\/datarecovery.ping.fm\/sv\/recover-data-external-hard-drive-mac\/","og_locale":"sv_SE","og_type":"article","og_title":"\u00c5terst\u00e4ll data fr\u00e5n en extern h\u00e5rddisk p\u00e5 Mac: B\u00e4sta metoderna","og_description":"Hur man \u00e5terst\u00e4ller data fr\u00e5n en extern h\u00e5rddisk p\u00e5 Mac Det kan vara en angestfylld h\u00e4ndelse f\u00f6r en Mac-anv\u00e4ndare att f\u00f6rlora data fr\u00e5n en extern h\u00e5rddisk. Vare sig det beror p\u00e5 oavsiktlig radering, korruption eller h\u00e5rdvarufel, \u00e4r br\u00e5dskan att \u00e5terst\u00e4lla dessa v\u00e4rdefulla filer oerh\u00f6rt stor. Lyckligtvis finns det effektiva metoder f\u00f6r att \u00e5terst\u00e4lla f\u00f6rlorad data [&hellip;]","og_url":"https:\/\/datarecovery.ping.fm\/sv\/recover-data-external-hard-drive-mac\/","og_site_name":"\u00c5terst\u00e4llningsprogram f\u00f6r Data","article_modified_time":"2024-02-19T08:20:37+00:00","og_image":[{"width":1280,"height":731,"url":"https:\/\/datarecovery.ping.fm\/wp-content\/uploads\/2024\/03\/How-to-Recover-Data-from-External-Hard-Drive-on-Mac-Swedish.jpg","type":"image\/jpeg"}],"twitter_card":"summary_large_image","twitter_misc":{"Est. reading time":"7 minuter"},"schema":{"@context":"https:\/\/schema.org","@graph":[{"@type":"WebPage","@id":"https:\/\/datarecovery.ping.fm\/sv\/recover-data-external-hard-drive-mac\/","url":"https:\/\/datarecovery.ping.fm\/sv\/recover-data-external-hard-drive-mac\/","name":"\u00c5terst\u00e4ll data fr\u00e5n en extern h\u00e5rddisk p\u00e5 Mac: B\u00e4sta metoderna","isPartOf":{"@id":"https:\/\/datarecovery.ping.fm\/sv\/#website"},"datePublished":"2023-12-25T15:46:11+00:00","dateModified":"2024-02-19T08:20:37+00:00","breadcrumb":{"@id":"https:\/\/datarecovery.ping.fm\/sv\/recover-data-external-hard-drive-mac\/#breadcrumb"},"inLanguage":"sv-SE","potentialAction":[{"@type":"ReadAction","target":["https:\/\/datarecovery.ping.fm\/sv\/recover-data-external-hard-drive-mac\/"]}]},{"@type":"BreadcrumbList","@id":"https:\/\/datarecovery.ping.fm\/sv\/recover-data-external-hard-drive-mac\/#breadcrumb","itemListElement":[{"@type":"ListItem","position":1,"name":"Home","item":"https:\/\/datarecovery.ping.fm\/sv\/"},{"@type":"ListItem","position":2,"name":"\u00c5terst\u00e4ll data fr\u00e5n extern h\u00e5rddisk p\u00e5 Mac-enheter"}]},{"@type":"WebSite","@id":"https:\/\/datarecovery.ping.fm\/sv\/#website","url":"https:\/\/datarecovery.ping.fm\/sv\/","name":"\u00c5terst\u00e4llningsprogram f\u00f6r Data","description":"","potentialAction":[{"@type":"SearchAction","target":{"@type":"EntryPoint","urlTemplate":"https:\/\/datarecovery.ping.fm\/sv\/?s={search_term_string}"},"query-input":"required name=search_term_string"}],"inLanguage":"sv-SE"}]}},"_links":{"self":[{"href":"https:\/\/datarecovery.ping.fm\/sv\/wp-json\/wp\/v2\/pages\/13370"}],"collection":[{"href":"https:\/\/datarecovery.ping.fm\/sv\/wp-json\/wp\/v2\/pages"}],"about":[{"href":"https:\/\/datarecovery.ping.fm\/sv\/wp-json\/wp\/v2\/types\/page"}],"author":[{"embeddable":true,"href":"https:\/\/datarecovery.ping.fm\/sv\/wp-json\/wp\/v2\/users\/2"}],"replies":[{"embeddable":true,"href":"https:\/\/datarecovery.ping.fm\/sv\/wp-json\/wp\/v2\/comments?post=13370"}],"version-history":[{"count":1,"href":"https:\/\/datarecovery.ping.fm\/sv\/wp-json\/wp\/v2\/pages\/13370\/revisions"}],"predecessor-version":[{"id":30805,"href":"https:\/\/datarecovery.ping.fm\/sv\/wp-json\/wp\/v2\/pages\/13370\/revisions\/30805"}],"wp:featuredmedia":[{"embeddable":true,"href":"https:\/\/datarecovery.ping.fm\/sv\/wp-json\/wp\/v2\/media\/30806"}],"wp:attachment":[{"href":"https:\/\/datarecovery.ping.fm\/sv\/wp-json\/wp\/v2\/media?parent=13370"}],"curies":[{"name":"wp","href":"https:\/\/api.w.org\/{rel}","templated":true}]}}