{"id":13128,"date":"2023-12-25T15:46:11","date_gmt":"2023-12-25T15:46:11","guid":{"rendered":"https:\/\/www.ping.fm\/data-recovery-software\/recover-sd-card\/"},"modified":"2024-02-29T19:06:39","modified_gmt":"2024-02-29T19:06:39","slug":"recover-sd-card","status":"publish","type":"page","link":"https:\/\/datarecovery.ping.fm\/sv\/recover-sd-card\/","title":{"rendered":"B\u00e4sta programmen f\u00f6r att \u00e5terst\u00e4lla data fr\u00e5n skadade SD-kort"},"content":{"rendered":"<section>\n<h1>B\u00e4sta appar f\u00f6r att \u00e5terst\u00e4lla data fr\u00e5n korrupta SD-kort<\/h1>\n<div class=\"inbrief\">\n<div>&#13;  <img src=\"https:\/\/www.ping.fm\/data-recovery-software\/wp-content\/uploads\/ai\/Best-Apps-to-Recover-Data-from-Corrupted-SD-card-Swedish.jpg\" alt=\"B\u00e4sta appar f\u00f6r att \u00e5terst\u00e4lla data fr\u00e5n korrupta SD-kort\" title=\"B\u00e4sta appar f\u00f6r att \u00e5terst\u00e4lla data fr\u00e5n korrupta SD-kort\" width=\"1280\" height=\"720\">&#13;  <\/p>\n<p>I v\u00e5r teknologidrivna v\u00e4rld st\u00e5r SD-kort som viktiga lagringshj\u00e4lpmedel, som inneh\u00e5ller v\u00e4rdefulla fotografier, kritiska aff\u00e4rsfiler eller k\u00e4ra minnen. Dessa sm\u00e5 teknikdetaljer \u00e4r dock inte immuna mot korrupta krafter &#8211; vare sig det r\u00f6r sig om fysiska skador, systemfel eller virusinfektioner. N\u00e4r ett v\u00e4rdefullt SD-kort verkar korrupt, uppst\u00e5r r\u00e4dslan f\u00f6r permanent f\u00f6rlust av data. Men det finns hopp. I denna artikel granskar vi de fem b\u00e4sta mjukvarul\u00f6sningarna f\u00f6r att \u00e5terst\u00e4lla data fr\u00e5n ett korrupt SD-kort, med ett personligt fokus p\u00e5 min upplevelse av att anv\u00e4nda en av dem, Disk Drill.<\/p>\n<\/div>\n<\/div>\n<\/section>\n<p>&#13;  <\/p>\n<section>\n<div class=\"medal\">\n<div>&#129351;<\/div>\n<\/div>\n<h2><a href='https:\/\/www.cleverfiles.com\/memory-card-recovery-mac.html' rel=\"nofollow noopener\" target='_blank'>Disk Drill<\/a><\/h2>\n<p><img src=\"https:\/\/www.ping.fm\/data-recovery-software\/wp-content\/uploads\/ai\/https---www-cleverfiles-com-memory-card-recovery-mac-htmlSwedish.jpg\"><\/p>\n<p>Fr\u00e5n personlig erfarenhet framst\u00e5r Disk Drill som en robust l\u00f6sning f\u00f6r data\u00e5terst\u00e4llning. Den erbjuder ett intuitivt gr\u00e4nssnitt, vilket g\u00f6r den skr\u00e4mmande uppgiften att \u00e5terst\u00e4lla data mindre avskr\u00e4ckande. K\u00e4nt f\u00f6r sina <b>kraftfulla skanningsf\u00f6rm\u00e5gor<\/b>, kan Disk Drill \u00e5terfinna filer som du trodde var f\u00f6rlorade f\u00f6r gott.<\/p>\n<p><a href='https:\/\/www.cleverfiles.com\/memory-card-recovery-mac.html' rel=\"nofollow noopener\" target='_blank' class='ofWSite'>Officiell webbplats<\/a><\/p>\n<h3 class='prosTitle'>F\u00f6rdelar<\/h3>\n<ul class='listpc pros'>\n<li>Versatilt filsystemst\u00f6d.<\/li>\n<li>Anv\u00e4ndarv\u00e4nligt gr\u00e4nssnitt.<\/li>\n<\/ul>\n<h3 class='consTitle'>Nackdelar<\/h3>\n<ul class='listpc cons'>\n<li>Kan vara l\u00e5ngsammare \u00e4n konkurrenterna under djupa skanningar.<\/li>\n<li>Begr\u00e4nsade f\u00f6rhandsvisningsalternativ f\u00f6r vissa filtyper.<\/li>\n<\/ul>\n<\/section>\n<p>&#13;  <\/p>\n<section>\n<div class=\"medal\">\n<div>&#129352;<\/div>\n<\/div>\n<h2>EaseUS Data Recovery Wizard<\/h2>\n<p>EaseUS Data Recovery Wizard har en elegant design kombinerad med en m\u00e4ngd \u00e5terst\u00e4llningsfunktioner. Denna mjukvara g\u00f6r \u00e5terst\u00e4llningsprocessen <b>tillg\u00e4nglig<\/b> f\u00f6r nyb\u00f6rjare, utan att offra djup f\u00f6r mer avancerade anv\u00e4ndare.<\/p>\n<p>Officiell webbplats<\/p>\n<h3 class='prosTitle'>F\u00f6rdelar<\/h3>\n<ul class='listpc pros'>\n<li>Enkel \u00e5terst\u00e4llningsprocess.<\/li>\n<li>St\u00f6d f\u00f6r olika f\u00f6rlustscenarier.<\/li>\n<\/ul>\n<h3 class='consTitle'>Nackdelar<\/h3>\n<ul class='listpc cons'>\n<li>Risk f\u00f6r skriv\u00f6ver data om det inte anv\u00e4nds f\u00f6rsiktigt.<\/li>\n<li>Gratisversionen har \u00e5terst\u00e4llningsgr\u00e4nser.<\/li>\n<\/ul>\n<\/section>\n<p>&#13;  <\/p>\n<section>\n<div class=\"medal\">\n<div>&#129353;<\/div>\n<\/div>\n<h2>Wondershare Recoverit<\/h2>\n<p>Wondershare Recoverit utm\u00e4rker sig med sin h\u00f6ga framg\u00e5ngsgrad n\u00e4r det g\u00e4ller att \u00e5terst\u00e4lla olika filtyper. Oavsett om det handlar om dokument, bilder eller videor, erbjuder Recoverit en <b>stark prestanda<\/b> f\u00f6r att \u00e5tervinna f\u00f6rlorade data.<\/p>\n<p>Officiell webbplats<\/p>\n<h3 class='prosTitle'>F\u00f6rdelar<\/h3>\n<ul class='listpc pros'>\n<li>Bra \u00e5terst\u00e4llningsgrad.<\/li>\n<li>Anv\u00e4ndarv\u00e4nligt gr\u00e4nssnitt.<\/li>\n<\/ul>\n<h3 class='consTitle'>Nackdelar<\/h3>\n<ul class='listpc cons'>\n<li>N\u00e5got dyrare \u00e4n konkurrenterna.<\/li>\n<li>Periodiska stabilitetsproblem.<\/li>\n<\/ul>\n<\/section>\n<section>\n<div class=\"no-medal\">\n<div>4<\/div>\n<\/div>\n<h2><a href='https:\/\/www.stellarinfo.com\/disk-recovery\/memory-card-recovery.php' rel=\"nofollow noopener\" target='_blank'>Stellar Data Recovery<\/a><\/h2>\n<p><img src=\"https:\/\/www.ping.fm\/data-recovery-software\/wp-content\/uploads\/ai\/https---www-stellarinfo-com-disk-recovery-memory-card-recovery-phpSwedish.jpg\"><\/p>\n<p>Stellar Data Recovery \u00e4r en tungviktare inom datar\u00e4ddningssegmentet, k\u00e4nd f\u00f6r sina <b>professionella verktyg<\/b>. Den g\u00e5r ut\u00f6ver grundl\u00e4ggande \u00e5terst\u00e4llning med ytterligare funktionaliteter, inklusive disk\u00f6vervakning.<\/p>\n<p><a href='https:\/\/www.stellarinfo.com\/disk-recovery\/memory-card-recovery.php' rel=\"nofollow noopener\" target='_blank' class='ofWSite'>Officiell webbplats<\/a><\/p>\n<h3 class='prosTitle'>F\u00f6rdelar<\/h3>\n<ul class='listpc pros'>\n<li>Mycket avancerade funktioner.<\/li>\n<li>Stor t\u00e4ckning av filtyper.<\/li>\n<\/ul>\n<h3 class='consTitle'>Nackdelar<\/h3>\n<ul class='listpc cons'>\n<li>Kan vara skr\u00e4mmande f\u00f6r tillf\u00e4lliga anv\u00e4ndare.<\/li>\n<li>L\u00e5ngsammare skanningstider.<\/li>\n<\/ul>\n<\/section>\n<section>\n<div class=\"no-medal\">\n<div>5<\/div>\n<\/div>\n<h2>Recuva<\/h2>\n<p>Recuva kommer till unds\u00e4ttning med sina <b>enkla men effektiva<\/b> \u00e5terst\u00e4llningsmetoder. Det riktar sig till anv\u00e4ndare som vill ha ett okomplicerat verktyg utan krusiduller. Dess effektivitet \u00e4r s\u00e4rskilt m\u00e4rkbar i att snabbt \u00e5terf\u00e5 nyligen raderade filer.<\/p>\n<p>Officiell webbplats<\/p>\n<h3 class='prosTitle'>F\u00f6rdelar<\/h3>\n<ul class='listpc pros'>\n<li>Gratis f\u00f6r grundl\u00e4ggande anv\u00e4ndning.<\/li>\n<li>Snabb prestanda.<\/li>\n<\/ul>\n<h3 class='consTitle'>Nackdelar<\/h3>\n<ul class='listpc cons'>\n<li>Begr\u00e4nsade funktioner f\u00f6r komplexa \u00e5terst\u00e4llningsuppgifter.<\/li>\n<li>Inga uppdateringar under senaste \u00e5ren.<\/li>\n<\/ul>\n<\/section>\n<p>&#13; <\/p>\n<section>\n<h2>Slutsats:<\/h2>\n<div class=\"nonp\">\n<p>De som har st\u00f6tt p\u00e5 bekymret med ett korrumperat SD-kort k\u00e4nner till det sanna v\u00e4rdet av ett p\u00e5litligt \u00e5terst\u00e4llningsverktyg. Det \u00e4r viktigt att f\u00f6rst\u00e5 att inte alla \u00e5terst\u00e4llningar \u00e4r framg\u00e5ngsrika, men med r\u00e4tt mjukvara f\u00f6rb\u00e4ttras dina chanser dramatiskt. N\u00e4r du v\u00e4ljer din mjukvara, \u00f6verv\u00e4g vilken typ av <b>filer<\/b> du f\u00f6rs\u00f6ker \u00e5terst\u00e4lla, <b>komplexiteten<\/b> i datal\u00e4get och din egen komfortniv\u00e5 med tekniska verktyg.<\/p>\n<p>Om du \u00e4r i behov av s\u00e5dana tj\u00e4nster kan det vara v\u00e4rt att kolla in denna anv\u00e4ndbara resurs d\u00e4r du kan <a href='https:\/\/www.cleverfiles.com\/memory-card-data-recovery.html' rel=\"dofollow noopener\" target='_blank'>\u00c5terst\u00e4lla korrumperat SD-kort<\/a>. Detta kan fungera som en livr\u00e4ddare och erbjuda avancerade verktyg och v\u00e4gledning f\u00f6r att \u00e5terst\u00e4lla det som t\u00e4nktes vara f\u00f6rlorat.<\/p>\n<p>Ut\u00f6ver det, bekanta dig med b\u00e4sta praxis f\u00f6r dataskydd och \u00f6verv\u00e4g att anv\u00e4nda en molnbackup-tj\u00e4nst f\u00f6r ett extra s\u00e4kerhetslager. H\u00e5ll firmware och antivirusprogramvara uppdaterade p\u00e5 alla enheter och var f\u00f6rsiktig med ok\u00e4nda filer som kan signalera ett s\u00e4kerhetshot.<\/p>\n<\/div>\n<\/section>\n","protected":false},"excerpt":{"rendered":"<p>B\u00e4sta appar f\u00f6r att \u00e5terst\u00e4lla data fr\u00e5n korrupta SD-kort &#13; &#13; I v\u00e5r teknologidrivna v\u00e4rld st\u00e5r SD-kort som viktiga lagringshj\u00e4lpmedel, som inneh\u00e5ller v\u00e4rdefulla fotografier, kritiska aff\u00e4rsfiler eller k\u00e4ra minnen. Dessa sm\u00e5 teknikdetaljer \u00e4r dock inte immuna mot korrupta krafter &#8211; vare sig det r\u00f6r sig om fysiska skador, systemfel eller virusinfektioner. N\u00e4r ett v\u00e4rdefullt SD-kort [&hellip;]<\/p>\n","protected":false},"author":2,"featured_media":30782,"parent":0,"menu_order":0,"comment_status":"closed","ping_status":"closed","template":"chromecast.php","meta":{"_stopmodifiedupdate":false,"_modified_date":"","_lmt_disableupdate":"yes","_lmt_disable":""},"acf":[],"yoast_head":"<!-- This site is optimized with the Yoast SEO plugin v20.9 - https:\/\/yoast.com\/wordpress\/plugins\/seo\/ -->\n<title>B\u00e4sta SD-kort data\u00e5terst\u00e4llningsprogram, enkla steg.<\/title>\n<meta name=\"robots\" content=\"index, follow, max-snippet:-1, max-image-preview:large, max-video-preview:-1\" \/>\n<link rel=\"canonical\" href=\"https:\/\/datarecovery.ping.fm\/sv\/recover-sd-card\/\" \/>\n<meta property=\"og:locale\" content=\"sv_SE\" \/>\n<meta property=\"og:type\" content=\"article\" \/>\n<meta property=\"og:title\" content=\"B\u00e4sta SD-kort data\u00e5terst\u00e4llningsprogram, enkla steg.\" \/>\n<meta property=\"og:description\" content=\"B\u00e4sta appar f\u00f6r att \u00e5terst\u00e4lla data fr\u00e5n korrupta SD-kort &#013; &#013; I v\u00e5r teknologidrivna v\u00e4rld st\u00e5r SD-kort som viktiga lagringshj\u00e4lpmedel, som inneh\u00e5ller v\u00e4rdefulla fotografier, kritiska aff\u00e4rsfiler eller k\u00e4ra minnen. Dessa sm\u00e5 teknikdetaljer \u00e4r dock inte immuna mot korrupta krafter &#8211; vare sig det r\u00f6r sig om fysiska skador, systemfel eller virusinfektioner. N\u00e4r ett v\u00e4rdefullt SD-kort [&hellip;]\" \/>\n<meta property=\"og:url\" content=\"https:\/\/datarecovery.ping.fm\/sv\/recover-sd-card\/\" \/>\n<meta property=\"og:site_name\" content=\"\u00c5terst\u00e4llningsprogram f\u00f6r Data\" \/>\n<meta property=\"article:modified_time\" content=\"2024-02-29T19:06:39+00:00\" \/>\n<meta property=\"og:image\" content=\"https:\/\/datarecovery.ping.fm\/wp-content\/uploads\/2024\/03\/Best-Apps-to-Recover-Data-from-Corrupted-SD-card-Swedish.jpg\" \/>\n\t<meta property=\"og:image:width\" content=\"1280\" \/>\n\t<meta property=\"og:image:height\" content=\"731\" \/>\n\t<meta property=\"og:image:type\" content=\"image\/jpeg\" \/>\n<meta name=\"twitter:card\" content=\"summary_large_image\" \/>\n<meta name=\"twitter:label1\" content=\"Est. reading time\" \/>\n\t<meta name=\"twitter:data1\" content=\"3 minuter\" \/>\n<script type=\"application\/ld+json\" class=\"yoast-schema-graph\">{\"@context\":\"https:\/\/schema.org\",\"@graph\":[{\"@type\":\"WebPage\",\"@id\":\"https:\/\/datarecovery.ping.fm\/sv\/recover-sd-card\/\",\"url\":\"https:\/\/datarecovery.ping.fm\/sv\/recover-sd-card\/\",\"name\":\"B\u00e4sta SD-kort data\u00e5terst\u00e4llningsprogram, enkla steg.\",\"isPartOf\":{\"@id\":\"https:\/\/datarecovery.ping.fm\/sv\/#website\"},\"datePublished\":\"2023-12-25T15:46:11+00:00\",\"dateModified\":\"2024-02-29T19:06:39+00:00\",\"breadcrumb\":{\"@id\":\"https:\/\/datarecovery.ping.fm\/sv\/recover-sd-card\/#breadcrumb\"},\"inLanguage\":\"sv-SE\",\"potentialAction\":[{\"@type\":\"ReadAction\",\"target\":[\"https:\/\/datarecovery.ping.fm\/sv\/recover-sd-card\/\"]}]},{\"@type\":\"BreadcrumbList\",\"@id\":\"https:\/\/datarecovery.ping.fm\/sv\/recover-sd-card\/#breadcrumb\",\"itemListElement\":[{\"@type\":\"ListItem\",\"position\":1,\"name\":\"Home\",\"item\":\"https:\/\/datarecovery.ping.fm\/sv\/\"},{\"@type\":\"ListItem\",\"position\":2,\"name\":\"B\u00e4sta programmen f\u00f6r att \u00e5terst\u00e4lla data fr\u00e5n skadade SD-kort\"}]},{\"@type\":\"WebSite\",\"@id\":\"https:\/\/datarecovery.ping.fm\/sv\/#website\",\"url\":\"https:\/\/datarecovery.ping.fm\/sv\/\",\"name\":\"\u00c5terst\u00e4llningsprogram f\u00f6r Data\",\"description\":\"\",\"potentialAction\":[{\"@type\":\"SearchAction\",\"target\":{\"@type\":\"EntryPoint\",\"urlTemplate\":\"https:\/\/datarecovery.ping.fm\/sv\/?s={search_term_string}\"},\"query-input\":\"required name=search_term_string\"}],\"inLanguage\":\"sv-SE\"}]}<\/script>\n<!-- \/ Yoast SEO plugin. -->","yoast_head_json":{"title":"B\u00e4sta SD-kort data\u00e5terst\u00e4llningsprogram, enkla steg.","robots":{"index":"index","follow":"follow","max-snippet":"max-snippet:-1","max-image-preview":"max-image-preview:large","max-video-preview":"max-video-preview:-1"},"canonical":"https:\/\/datarecovery.ping.fm\/sv\/recover-sd-card\/","og_locale":"sv_SE","og_type":"article","og_title":"B\u00e4sta SD-kort data\u00e5terst\u00e4llningsprogram, enkla steg.","og_description":"B\u00e4sta appar f\u00f6r att \u00e5terst\u00e4lla data fr\u00e5n korrupta SD-kort &#13; &#13; I v\u00e5r teknologidrivna v\u00e4rld st\u00e5r SD-kort som viktiga lagringshj\u00e4lpmedel, som inneh\u00e5ller v\u00e4rdefulla fotografier, kritiska aff\u00e4rsfiler eller k\u00e4ra minnen. Dessa sm\u00e5 teknikdetaljer \u00e4r dock inte immuna mot korrupta krafter &#8211; vare sig det r\u00f6r sig om fysiska skador, systemfel eller virusinfektioner. N\u00e4r ett v\u00e4rdefullt SD-kort [&hellip;]","og_url":"https:\/\/datarecovery.ping.fm\/sv\/recover-sd-card\/","og_site_name":"\u00c5terst\u00e4llningsprogram f\u00f6r Data","article_modified_time":"2024-02-29T19:06:39+00:00","og_image":[{"width":1280,"height":731,"url":"https:\/\/datarecovery.ping.fm\/wp-content\/uploads\/2024\/03\/Best-Apps-to-Recover-Data-from-Corrupted-SD-card-Swedish.jpg","type":"image\/jpeg"}],"twitter_card":"summary_large_image","twitter_misc":{"Est. reading time":"3 minuter"},"schema":{"@context":"https:\/\/schema.org","@graph":[{"@type":"WebPage","@id":"https:\/\/datarecovery.ping.fm\/sv\/recover-sd-card\/","url":"https:\/\/datarecovery.ping.fm\/sv\/recover-sd-card\/","name":"B\u00e4sta SD-kort data\u00e5terst\u00e4llningsprogram, enkla steg.","isPartOf":{"@id":"https:\/\/datarecovery.ping.fm\/sv\/#website"},"datePublished":"2023-12-25T15:46:11+00:00","dateModified":"2024-02-29T19:06:39+00:00","breadcrumb":{"@id":"https:\/\/datarecovery.ping.fm\/sv\/recover-sd-card\/#breadcrumb"},"inLanguage":"sv-SE","potentialAction":[{"@type":"ReadAction","target":["https:\/\/datarecovery.ping.fm\/sv\/recover-sd-card\/"]}]},{"@type":"BreadcrumbList","@id":"https:\/\/datarecovery.ping.fm\/sv\/recover-sd-card\/#breadcrumb","itemListElement":[{"@type":"ListItem","position":1,"name":"Home","item":"https:\/\/datarecovery.ping.fm\/sv\/"},{"@type":"ListItem","position":2,"name":"B\u00e4sta programmen f\u00f6r att \u00e5terst\u00e4lla data fr\u00e5n skadade SD-kort"}]},{"@type":"WebSite","@id":"https:\/\/datarecovery.ping.fm\/sv\/#website","url":"https:\/\/datarecovery.ping.fm\/sv\/","name":"\u00c5terst\u00e4llningsprogram f\u00f6r Data","description":"","potentialAction":[{"@type":"SearchAction","target":{"@type":"EntryPoint","urlTemplate":"https:\/\/datarecovery.ping.fm\/sv\/?s={search_term_string}"},"query-input":"required name=search_term_string"}],"inLanguage":"sv-SE"}]}},"_links":{"self":[{"href":"https:\/\/datarecovery.ping.fm\/sv\/wp-json\/wp\/v2\/pages\/13128"}],"collection":[{"href":"https:\/\/datarecovery.ping.fm\/sv\/wp-json\/wp\/v2\/pages"}],"about":[{"href":"https:\/\/datarecovery.ping.fm\/sv\/wp-json\/wp\/v2\/types\/page"}],"author":[{"embeddable":true,"href":"https:\/\/datarecovery.ping.fm\/sv\/wp-json\/wp\/v2\/users\/2"}],"replies":[{"embeddable":true,"href":"https:\/\/datarecovery.ping.fm\/sv\/wp-json\/wp\/v2\/comments?post=13128"}],"version-history":[{"count":1,"href":"https:\/\/datarecovery.ping.fm\/sv\/wp-json\/wp\/v2\/pages\/13128\/revisions"}],"predecessor-version":[{"id":29224,"href":"https:\/\/datarecovery.ping.fm\/sv\/wp-json\/wp\/v2\/pages\/13128\/revisions\/29224"}],"wp:featuredmedia":[{"embeddable":true,"href":"https:\/\/datarecovery.ping.fm\/sv\/wp-json\/wp\/v2\/media\/30782"}],"wp:attachment":[{"href":"https:\/\/datarecovery.ping.fm\/sv\/wp-json\/wp\/v2\/media?parent=13128"}],"curies":[{"name":"wp","href":"https:\/\/api.w.org\/{rel}","templated":true}]}}