{"id":11530,"date":"2023-12-25T15:46:11","date_gmt":"2023-12-25T15:46:11","guid":{"rendered":"https:\/\/www.ping.fm\/data-recovery-software\/sd-card-recovery-software\/"},"modified":"2024-02-29T19:06:37","modified_gmt":"2024-02-29T19:06:37","slug":"sd-card-recovery-software","status":"publish","type":"page","link":"https:\/\/datarecovery.ping.fm\/sv\/sd-card-recovery-software\/","title":{"rendered":"B\u00e4sta gratis SD-kort data\u00e5terst\u00e4llningsprogramvara &#8211; Anv\u00e4ndarguide"},"content":{"rendered":"<section>\n<h1>B\u00e4sta gratis programvara f\u00f6r \u00e5terst\u00e4llning av SD-kort att anv\u00e4nda<\/h1>\n<div class=\"inbrief\">\n<div>             <img src=\"https:\/\/www.ping.fm\/data-recovery-software\/wp-content\/uploads\/ai\/Best-Free-SD-Card-Recovery-Software-to-Use-Swedish.jpg\" alt=\"B\u00e4sta gratis programvara f\u00f6r \u00e5terst\u00e4llning av SD-kort att anv\u00e4nda\" title=\"B\u00e4sta gratis programvara f\u00f6r \u00e5terst\u00e4llning av SD-kort att anv\u00e4nda\" width=\"1280\" height=\"720\">             <\/p>\n<p>N\u00e4r videor f\u00f6rsvinner fr\u00e5n din PC eller Mac kan paniken infinna sig snabbt. Men innan du resignerar dig till en f\u00f6rlust, t\u00e4nk p\u00e5 att de d\u00e4r dyrbara minnena och viktiga filerna kanske inte \u00e4r borta f\u00f6r alltid. Faktum \u00e4r att med r\u00e4tt verktyg kan <b>\u00e5terst\u00e4llning av raderade videor<\/b> ofta vara f\u00f6rv\u00e5nansv\u00e4rt enkelt. Jag har sj\u00e4lv f\u00e5tt g\u00f6ra det mer \u00e4n en g\u00e5ng, och jag \u00e4r h\u00e4r f\u00f6r att dela med mig av mina personliga erfarenheter och rekommendationer f\u00f6r de b\u00e4sta verktygen f\u00f6r att \u00e5terst\u00e4lla raderade videor fr\u00e5n din dator.<\/p>\n<\/div>\n<\/div>\n<\/section>\n<section>\n<div class=\"medal\">\n<div>&#129351;<\/div>\n<\/div>\n<h2>Recuva<\/h2>\n<p><b>Recuva<\/b> \u00e4r en anv\u00e4ndarv\u00e4nlig <b>programvara f\u00f6r data\u00e5terst\u00e4llning<\/b> designad f\u00f6r Windows. Med ett enkelt gr\u00e4nssnitt erbjuder den djupg\u00e5ende skanningsfunktioner f\u00f6r att hitta videor som har raderats. Jag har funnit den s\u00e4rskilt effektiv f\u00f6r snabba \u00e5terst\u00e4llningar p\u00e5 min PC.<\/p>\n<p>Officiell webbplats<\/p>\n<h3 class='prosTitle'>F\u00f6rdelar<\/h3>\n<ul class='listpc pros'>\n<li>Gratisversion tillg\u00e4nglig<\/li>\n<li>Intuitivt gr\u00e4nssnitt<\/li>\n<\/ul>\n<h3 class='consTitle'>Nackdelar<\/h3>\n<ul class='listpc cons'>\n<li>Framf\u00f6r allt f\u00f6r Windows<\/li>\n<li>Kan missa vissa filer<\/li>\n<\/ul>\n<\/section>\n<section>\n<div class=\"medal\">\n<div>&#129352;<\/div>\n<\/div>\n<h2><a href='https:\/\/www.easeus.com\/datarecoverywizard\/free-data-recovery-software.htm' rel=\"nofollow noopener\" target='_blank'>EaseUS Data Recovery Wizard<\/a><\/h2>\n<p><img src=\"https:\/\/www.ping.fm\/data-recovery-software\/wp-content\/uploads\/ai\/https---www-easeus-com-datarecoverywizard-free-data-recovery-software-htmSwedish.jpg\"><\/p>\n<p><b>EaseUS Data Recovery Wizard<\/b> fungerar p\u00e5 b\u00e5de PC och Mac. Den utm\u00e4rker sig med sin tydliga layout och robusta skanningsalternativ. Det \u00e4r ett av mina f\u00f6rstahandsval f\u00f6r mer utmanande \u00e5terst\u00e4llningar.<\/p>\n<p><a href='https:\/\/www.easeus.com\/datarecoverywizard\/free-data-recovery-software.htm' rel=\"nofollow noopener\" target='_blank' class='ofWSite'>Officiell webbplats<\/a><\/p>\n<h3 class='prosTitle'>F\u00f6rdelar<\/h3>\n<ul class='listpc pros'>\n<li>St\u00f6djer olika filtyper<\/li>\n<li>F\u00f6rhandsgranskning innan \u00e5terst\u00e4llning<\/li>\n<\/ul>\n<h3 class='consTitle'>Nackdelar<\/h3>\n<ul class='listpc cons'>\n<li>Begr\u00e4nsad gratis \u00e5terst\u00e4llningsdata<\/li>\n<li>Kan vara kostsamt<\/li>\n<\/ul>\n<\/section>\n<section>\n<div class=\"medal\">\n<div>&#129353;<\/div>\n<\/div>\n<h2><a href='https:\/\/www.cleverfiles.com\/' rel=\"nofollow noopener\" target='_blank'>Disk Drill<\/a><\/h2>\n<p><img src=\"https:\/\/www.ping.fm\/data-recovery-software\/wp-content\/uploads\/ai\/https---www-cleverfiles-com-Swedish.jpg\"><\/p>\n<p><b>Disk Drill<\/b> imponerade mig med sin eleganta design och effektiva skanningsprocess. Programvaran inkluderar hj\u00e4lpsamma guider, vilket g\u00f6r den till ett solid val f\u00f6r de som \u00e4r mindre vana vid data\u00e5terst\u00e4llning p\u00e5 b\u00e5de Windows och Mac.<\/p>\n<p><a href='https:\/\/www.cleverfiles.com\/' rel=\"nofollow noopener\" target='_blank' class='ofWSite'>Officiell webbplats<\/a><\/p>\n<h3 class='prosTitle'>F\u00f6rdelar<\/h3>\n<ul class='listpc pros'>\n<li>Anv\u00e4ndarv\u00e4nligt f\u00f6r nyb\u00f6rjare<\/li>\n<li>Skyddsfunktioner f\u00f6r att f\u00f6rhindra framtida datar\u00f6rlust<\/li>\n<\/ul>\n<h3 class='consTitle'>Nackdelar<\/h3>\n<ul class='listpc cons'>\n<li>Gratisversionen har begr\u00e4nsade funktioner<\/li>\n<li>\u00c5terst\u00e4llningshastigheten kan variera<\/li>\n<\/ul>\n<\/section>\n<section>\n<div class=\"no-medal\">\n<div>4<\/div>\n<\/div>\n<h2><a href='https:\/\/www.stellarinfo.com\/data-recovery-mac.php' rel=\"nofollow noopener\" target='_blank'>Stellar Data Recovery<\/a><\/h2>\n<p><img src=\"https:\/\/www.ping.fm\/data-recovery-software\/wp-content\/uploads\/ai\/https---www-stellarinfo-com-data-recovery-mac-phpSwedish.jpg\"><\/p>\n<p><b>Stellar Data Recovery<\/b> \u00e4r en kraftkarl n\u00e4r det kommer till att r\u00e4dda filer. Den erbjuder ett avancerat alternativ f\u00f6r <b>Mac-anv\u00e4ndare<\/b> och har r\u00e4ddat mig fr\u00e5n att f\u00f6rlora viktiga videor vid flera tillf\u00e4llen. PC-versionen \u00e4r lika framg\u00e5ngsrik.<\/p>\n<p><a href='https:\/\/www.stellarinfo.com\/data-recovery-mac.php' rel=\"nofollow noopener\" target='_blank' class='ofWSite'>Officiell webbplats<\/a><\/p>\n<h3 class='prosTitle'>F\u00f6rdelar<\/h3>\n<ul class='listpc pros'>\n<li>H\u00f6g framg\u00e5ngsgrad<\/li>\n<li>St\u00f6djer ett brett utbud av filformat<\/li>\n<\/ul>\n<h3 class='consTitle'>Nackdelar<\/h3>\n<ul class='listpc cons'>\n<li>H\u00f6gre prispunkt<\/li>\n<li>Kan vara komplicerat f\u00f6r nyb\u00f6rjare<\/li>\n<\/ul>\n<\/section>\n<section>\n<div class=\"no-medal\">\n<div>5<\/div>\n<\/div>\n<h2><a href='https:\/\/www.wondershare.com\/data-recovery-mac\/' rel=\"nofollow noopener\" target='_blank'>Wondershare Recoverit<\/a><\/h2>\n<p><img src=\"https:\/\/www.ping.fm\/data-recovery-software\/wp-content\/uploads\/ai\/https---www-wondershare-com-data-recovery-mac-Swedish.jpg\"><\/p>\n<p>Verktyget <b>Wondershare Recoverit<\/b> har en modern anv\u00e4ndarupplevelse med st\u00f6d f\u00f6r ett flertal filtyper. Under anv\u00e4ndningen p\u00e5 min Mac fann jag att dess djupg\u00e5ende skanningsfunktion var ganska grundlig, \u00e4ven om den tar en del tid att slutf\u00f6ra.<\/p>\n<p><a href='https:\/\/www.wondershare.com\/data-recovery-mac\/' rel=\"nofollow noopener\" target='_blank' class='ofWSite'>Officiell webbplats<\/a><\/p>\n<h3 class='prosTitle'>F\u00f6rdelar<\/h3>\n<ul class='listpc pros'>\n<li>Enkel att navigera<\/li>\n<li>Bra prestanda vid djupare skanningar<\/li>\n<\/ul>\n<h3 class='consTitle'>Nackdelar<\/h3>\n<ul class='listpc cons'>\n<li>L\u00e4ngre skanntider<\/li>\n<li>Begr\u00e4nsningar i gratisversionen<\/li>\n<\/ul>\n<\/section>\n<section>\n<h2>Youtube-video att titta p\u00e5<\/h2>\n<div class=\"nonp iframe\"><iframe width=\"420\" height=\"315\" src=\"\/\/www.youtube.com\/embed\/lJZTb0buKeY\" frameborder=\"0\" allowfullscreen><\/iframe><\/div>\n<\/section>\n<section>\n<h2>Slutsats:<\/h2>\n<div class=\"nonp\">\n<p>Att navigera processen f\u00f6r <b>video\u00e5terst\u00e4llning<\/b> kan vara \u00f6verv\u00e4ldigande, men med ett strategiskt tillv\u00e4gag\u00e5ngss\u00e4tt och r\u00e4tt verktyg \u00e4r det ofta m\u00f6jligt att \u00e5terf\u00e5 det som har f\u00f6rlorats. B\u00f6rja alltid med den minst p\u00e5tr\u00e4ngande metoden, s\u00e5som att kontrollera papperskorgen, innan du g\u00e5r vidare till programvarul\u00f6sningar.<\/p>\n<p>Att f\u00f6rst\u00e5 filsystem och deras struktur kan hj\u00e4lpa i processen med video\u00e5terst\u00e4llning. Till exempel kan vetskapen om ifall din enhet \u00e4r formaterad som NTFS, FAT eller HFS+ p\u00e5verka vilket \u00e5terst\u00e4llningsverktyg som fungerar b\u00e4st f\u00f6r din situation.<\/p>\n<p>F\u00f6r att undvika framtida f\u00f6rluster, \u00f6verv\u00e4g att anv\u00e4nda dig av <a href='https:\/\/www.backblaze.com' rel=\"nofollow noopener\" target='_blank'>moln backup-tj\u00e4nster<\/a> som Backblaze eller Carbonite, vilka automatiskt kan spara kopior av dina filer och minska behovet av akut data\u00e5terst\u00e4llning.<\/p>\n<\/div>\n<\/section>\n","protected":false},"excerpt":{"rendered":"<p>B\u00e4sta gratis programvara f\u00f6r \u00e5terst\u00e4llning av SD-kort att anv\u00e4nda N\u00e4r videor f\u00f6rsvinner fr\u00e5n din PC eller Mac kan paniken infinna sig snabbt. Men innan du resignerar dig till en f\u00f6rlust, t\u00e4nk p\u00e5 att de d\u00e4r dyrbara minnena och viktiga filerna kanske inte \u00e4r borta f\u00f6r alltid. Faktum \u00e4r att med r\u00e4tt verktyg kan \u00e5terst\u00e4llning av [&hellip;]<\/p>\n","protected":false},"author":2,"featured_media":30771,"parent":0,"menu_order":0,"comment_status":"closed","ping_status":"closed","template":"chromecast.php","meta":{"_stopmodifiedupdate":false,"_modified_date":"","_lmt_disableupdate":"yes","_lmt_disable":""},"acf":[],"yoast_head":"<!-- This site is optimized with the Yoast SEO plugin v20.9 - https:\/\/yoast.com\/wordpress\/plugins\/seo\/ -->\n<title>B\u00e4sta gratis SD-kortsdata\u00e5terst\u00e4llningsprogramvara 2024<\/title>\n<meta name=\"robots\" content=\"index, follow, max-snippet:-1, max-image-preview:large, max-video-preview:-1\" \/>\n<link rel=\"canonical\" href=\"https:\/\/datarecovery.ping.fm\/sv\/sd-card-recovery-software\/\" \/>\n<meta property=\"og:locale\" content=\"sv_SE\" \/>\n<meta property=\"og:type\" content=\"article\" \/>\n<meta property=\"og:title\" content=\"B\u00e4sta gratis SD-kortsdata\u00e5terst\u00e4llningsprogramvara 2024\" \/>\n<meta property=\"og:description\" content=\"B\u00e4sta gratis programvara f\u00f6r \u00e5terst\u00e4llning av SD-kort att anv\u00e4nda N\u00e4r videor f\u00f6rsvinner fr\u00e5n din PC eller Mac kan paniken infinna sig snabbt. Men innan du resignerar dig till en f\u00f6rlust, t\u00e4nk p\u00e5 att de d\u00e4r dyrbara minnena och viktiga filerna kanske inte \u00e4r borta f\u00f6r alltid. Faktum \u00e4r att med r\u00e4tt verktyg kan \u00e5terst\u00e4llning av [&hellip;]\" \/>\n<meta property=\"og:url\" content=\"https:\/\/datarecovery.ping.fm\/sv\/sd-card-recovery-software\/\" \/>\n<meta property=\"og:site_name\" content=\"\u00c5terst\u00e4llningsprogram f\u00f6r Data\" \/>\n<meta property=\"article:modified_time\" content=\"2024-02-29T19:06:37+00:00\" \/>\n<meta property=\"og:image\" content=\"https:\/\/datarecovery.ping.fm\/wp-content\/uploads\/2024\/03\/Best-Free-SD-Card-Recovery-Software-to-Use-Swedish.jpg\" \/>\n\t<meta property=\"og:image:width\" content=\"1280\" \/>\n\t<meta property=\"og:image:height\" content=\"731\" \/>\n\t<meta property=\"og:image:type\" content=\"image\/jpeg\" \/>\n<meta name=\"twitter:card\" content=\"summary_large_image\" \/>\n<meta name=\"twitter:label1\" content=\"Est. reading time\" \/>\n\t<meta name=\"twitter:data1\" content=\"3 minuter\" \/>\n<script type=\"application\/ld+json\" class=\"yoast-schema-graph\">{\"@context\":\"https:\/\/schema.org\",\"@graph\":[{\"@type\":\"WebPage\",\"@id\":\"https:\/\/datarecovery.ping.fm\/sv\/sd-card-recovery-software\/\",\"url\":\"https:\/\/datarecovery.ping.fm\/sv\/sd-card-recovery-software\/\",\"name\":\"B\u00e4sta gratis SD-kortsdata\u00e5terst\u00e4llningsprogramvara 2024\",\"isPartOf\":{\"@id\":\"https:\/\/datarecovery.ping.fm\/sv\/#website\"},\"datePublished\":\"2023-12-25T15:46:11+00:00\",\"dateModified\":\"2024-02-29T19:06:37+00:00\",\"breadcrumb\":{\"@id\":\"https:\/\/datarecovery.ping.fm\/sv\/sd-card-recovery-software\/#breadcrumb\"},\"inLanguage\":\"sv-SE\",\"potentialAction\":[{\"@type\":\"ReadAction\",\"target\":[\"https:\/\/datarecovery.ping.fm\/sv\/sd-card-recovery-software\/\"]}]},{\"@type\":\"BreadcrumbList\",\"@id\":\"https:\/\/datarecovery.ping.fm\/sv\/sd-card-recovery-software\/#breadcrumb\",\"itemListElement\":[{\"@type\":\"ListItem\",\"position\":1,\"name\":\"Home\",\"item\":\"https:\/\/datarecovery.ping.fm\/sv\/\"},{\"@type\":\"ListItem\",\"position\":2,\"name\":\"B\u00e4sta gratis SD-kort data\u00e5terst\u00e4llningsprogramvara &#8211; Anv\u00e4ndarguide\"}]},{\"@type\":\"WebSite\",\"@id\":\"https:\/\/datarecovery.ping.fm\/sv\/#website\",\"url\":\"https:\/\/datarecovery.ping.fm\/sv\/\",\"name\":\"\u00c5terst\u00e4llningsprogram f\u00f6r Data\",\"description\":\"\",\"potentialAction\":[{\"@type\":\"SearchAction\",\"target\":{\"@type\":\"EntryPoint\",\"urlTemplate\":\"https:\/\/datarecovery.ping.fm\/sv\/?s={search_term_string}\"},\"query-input\":\"required name=search_term_string\"}],\"inLanguage\":\"sv-SE\"}]}<\/script>\n<!-- \/ Yoast SEO plugin. -->","yoast_head_json":{"title":"B\u00e4sta gratis SD-kortsdata\u00e5terst\u00e4llningsprogramvara 2024","robots":{"index":"index","follow":"follow","max-snippet":"max-snippet:-1","max-image-preview":"max-image-preview:large","max-video-preview":"max-video-preview:-1"},"canonical":"https:\/\/datarecovery.ping.fm\/sv\/sd-card-recovery-software\/","og_locale":"sv_SE","og_type":"article","og_title":"B\u00e4sta gratis SD-kortsdata\u00e5terst\u00e4llningsprogramvara 2024","og_description":"B\u00e4sta gratis programvara f\u00f6r \u00e5terst\u00e4llning av SD-kort att anv\u00e4nda N\u00e4r videor f\u00f6rsvinner fr\u00e5n din PC eller Mac kan paniken infinna sig snabbt. Men innan du resignerar dig till en f\u00f6rlust, t\u00e4nk p\u00e5 att de d\u00e4r dyrbara minnena och viktiga filerna kanske inte \u00e4r borta f\u00f6r alltid. Faktum \u00e4r att med r\u00e4tt verktyg kan \u00e5terst\u00e4llning av [&hellip;]","og_url":"https:\/\/datarecovery.ping.fm\/sv\/sd-card-recovery-software\/","og_site_name":"\u00c5terst\u00e4llningsprogram f\u00f6r Data","article_modified_time":"2024-02-29T19:06:37+00:00","og_image":[{"width":1280,"height":731,"url":"https:\/\/datarecovery.ping.fm\/wp-content\/uploads\/2024\/03\/Best-Free-SD-Card-Recovery-Software-to-Use-Swedish.jpg","type":"image\/jpeg"}],"twitter_card":"summary_large_image","twitter_misc":{"Est. reading time":"3 minuter"},"schema":{"@context":"https:\/\/schema.org","@graph":[{"@type":"WebPage","@id":"https:\/\/datarecovery.ping.fm\/sv\/sd-card-recovery-software\/","url":"https:\/\/datarecovery.ping.fm\/sv\/sd-card-recovery-software\/","name":"B\u00e4sta gratis SD-kortsdata\u00e5terst\u00e4llningsprogramvara 2024","isPartOf":{"@id":"https:\/\/datarecovery.ping.fm\/sv\/#website"},"datePublished":"2023-12-25T15:46:11+00:00","dateModified":"2024-02-29T19:06:37+00:00","breadcrumb":{"@id":"https:\/\/datarecovery.ping.fm\/sv\/sd-card-recovery-software\/#breadcrumb"},"inLanguage":"sv-SE","potentialAction":[{"@type":"ReadAction","target":["https:\/\/datarecovery.ping.fm\/sv\/sd-card-recovery-software\/"]}]},{"@type":"BreadcrumbList","@id":"https:\/\/datarecovery.ping.fm\/sv\/sd-card-recovery-software\/#breadcrumb","itemListElement":[{"@type":"ListItem","position":1,"name":"Home","item":"https:\/\/datarecovery.ping.fm\/sv\/"},{"@type":"ListItem","position":2,"name":"B\u00e4sta gratis SD-kort data\u00e5terst\u00e4llningsprogramvara &#8211; Anv\u00e4ndarguide"}]},{"@type":"WebSite","@id":"https:\/\/datarecovery.ping.fm\/sv\/#website","url":"https:\/\/datarecovery.ping.fm\/sv\/","name":"\u00c5terst\u00e4llningsprogram f\u00f6r Data","description":"","potentialAction":[{"@type":"SearchAction","target":{"@type":"EntryPoint","urlTemplate":"https:\/\/datarecovery.ping.fm\/sv\/?s={search_term_string}"},"query-input":"required name=search_term_string"}],"inLanguage":"sv-SE"}]}},"_links":{"self":[{"href":"https:\/\/datarecovery.ping.fm\/sv\/wp-json\/wp\/v2\/pages\/11530"}],"collection":[{"href":"https:\/\/datarecovery.ping.fm\/sv\/wp-json\/wp\/v2\/pages"}],"about":[{"href":"https:\/\/datarecovery.ping.fm\/sv\/wp-json\/wp\/v2\/types\/page"}],"author":[{"embeddable":true,"href":"https:\/\/datarecovery.ping.fm\/sv\/wp-json\/wp\/v2\/users\/2"}],"replies":[{"embeddable":true,"href":"https:\/\/datarecovery.ping.fm\/sv\/wp-json\/wp\/v2\/comments?post=11530"}],"version-history":[{"count":2,"href":"https:\/\/datarecovery.ping.fm\/sv\/wp-json\/wp\/v2\/pages\/11530\/revisions"}],"predecessor-version":[{"id":29212,"href":"https:\/\/datarecovery.ping.fm\/sv\/wp-json\/wp\/v2\/pages\/11530\/revisions\/29212"}],"wp:featuredmedia":[{"embeddable":true,"href":"https:\/\/datarecovery.ping.fm\/sv\/wp-json\/wp\/v2\/media\/30771"}],"wp:attachment":[{"href":"https:\/\/datarecovery.ping.fm\/sv\/wp-json\/wp\/v2\/media?parent=11530"}],"curies":[{"name":"wp","href":"https:\/\/api.w.org\/{rel}","templated":true}]}}